{"id":1987,"date":"2024-09-24T17:44:51","date_gmt":"2024-09-24T09:44:51","guid":{"rendered":"https:\/\/demo.dillerbottle.com\/product\/stainless-steel-vacuum-cup"},"modified":"2026-02-11T16:15:36","modified_gmt":"2026-02-11T08:15:36","slug":"paslanmaz-celik-vakumlu-bardak","status":"publish","type":"product","link":"https:\/\/www.dillerbottle.com\/tr\/products\/stainless-steel-vacuum-cup","title":{"rendered":"Paslanmaz \u00c7elik Vakumlu Bardak"},"content":{"rendered":"<p>\u00d6zellikler:<\/p>\n<p>1. Paslanmaz \u00e7elik vakumlu kap, en y\u00fcksek kaliteli g\u0131da s\u0131n\u0131f\u0131 304 (18\/8) hafif paslanmaz \u00e7elikten \u00fcretilmi\u015ftir.<\/p>\n<p>2. \u00c7ift Duvarl\u0131 Vakum Yal\u0131t\u0131m\u0131. \u0130yi kapat\u0131lm\u0131\u015f vakumlu bardak, ter ge\u00e7irmez ve yo\u011fu\u015fmayan bir bardak d\u0131\u015f y\u00fczeyi sa\u011flar, i\u00e7ece\u011finizin lezzetini 12 saat so\u011fuk, s\u0131cak i\u00e7eceklerin lezzetini ise 6 saat korur.<\/p>\n<p>3. En y\u00fcksek kaliteli metalden \u00fcretilmi\u015ftir, k\u0131r\u0131lmaz, toksik de\u011fildir ve y\u0131kanmas\u0131 kolayd\u0131r. Bardak ve kapak BPA i\u00e7ermez ve en y\u00fcksek FDA standartlar\u0131n\u0131 kar\u015f\u0131lar.<\/p>\n<p>4. \u015earap, kahve, kokteyl, meyve sular\u0131n\u0131n tad\u0131n\u0131 \u00e7\u0131karmak i\u00e7in tasarlanm\u0131\u015f, kolay kavranan sapl\u0131 1100 ml kapasite. Orijinal kiraz \u00e7i\u00e7e\u011fi panda ill\u00fcstrasyonu, barda\u011fa daha fazla e\u011flence kat\u0131yor.<\/p>\n<p>5. D\u00f6k\u00fclmeye dayan\u0131kl\u0131 kapak, d\u00f6k\u00fclmesini \u00f6nleyen bir silikon conta ile birlikte gelir. Geni\u015f a\u011f\u0131z tasar\u0131m\u0131 ve \u00fcstte kolay y\u0131kama ve yudumlama i\u00e7in i\u00e7ecek deli\u011fi.<\/p>\n<p>OEM ve ODM kabul edilebilir.<br \/>\nBardaklar\u0131 ihtiya\u00e7lar\u0131n\u0131za g\u00f6re \u00f6zelle\u015ftirebiliriz.<br \/>\nToptan sat\u0131n almaya ho\u015f geldiniz, hemen soru\u015fturma g\u00f6nderin!<\/p>","protected":false},"excerpt":{"rendered":"<p>Paslanmaz \u00e7elik vakumlu kap, en y\u00fcksek kaliteli g\u0131da s\u0131n\u0131f\u0131 304 (18\/8) hafif paslanmaz \u00e7elikten \u00fcretilmi\u015ftir.<br \/>\n\u00c7ift Duvarl\u0131 Vakum Yal\u0131t\u0131m\u0131. \u0130yi kapat\u0131lm\u0131\u015f vakumlu bardak, ter ge\u00e7irmez ve yo\u011fu\u015fmayan bir bardak d\u0131\u015f y\u00fczeyi sa\u011flar, i\u00e7ece\u011finizin lezzetini 12 saat so\u011fuk, s\u0131cak i\u00e7eceklerin lezzetini ise 6 saat korur.<br \/>\nEn y\u00fcksek kaliteli metalden \u00fcretilmi\u015ftir, k\u0131r\u0131lmaz, toksik de\u011fildir ve y\u0131kanmas\u0131 kolayd\u0131r. Bardak ve kapak BPA i\u00e7ermez ve en y\u00fcksek FDA standartlar\u0131n\u0131 kar\u015f\u0131lar.<br \/>\n\u015earap, kahve, kokteyl, meyve sular\u0131n\u0131n tad\u0131n\u0131 \u00e7\u0131karmak i\u00e7in tasarlanm\u0131\u015f, kolay kavranan sapl\u0131 1100 ml kapasite. Orijinal kiraz \u00e7i\u00e7e\u011fi panda ill\u00fcstrasyonu, barda\u011fa daha fazla e\u011flence kat\u0131yor.<br \/>\nD\u00f6k\u00fclmeye dayan\u0131kl\u0131 kapak, d\u00f6k\u00fclmesini \u00f6nleyen silikon conta ile birlikte gelir. Geni\u015f a\u011f\u0131z tasar\u0131m\u0131 ve \u00fcstte kolay y\u0131kama ve yudumlama i\u00e7in i\u00e7ecek deli\u011fi.<br \/>\nOEM ve ODM kabul edilebilir.<\/p>","protected":false},"featured_media":15842,"comment_status":"open","ping_status":"closed","template":"","meta":{"_acf_changed":false},"product_brand":[],"product_cat":[46,18],"product_tag":[60],"class_list":{"0":"post-1987","1":"product","2":"type-product","3":"status-publish","4":"has-post-thumbnail","6":"product_cat-cup","7":"product_cat-insulated-water-bottle","8":"product_tag-stainless-steel-vacuum-cup","10":"first","11":"instock","12":"shipping-taxable","13":"product-type-simple"},"acf":[],"yoast_head":"<!-- This site is optimized with the Yoast SEO Premium plugin v27.5 (Yoast SEO v27.5) - https:\/\/yoast.com\/product\/yoast-seo-premium-wordpress\/ -->\n<title>Stainless Steel Vacuum Cup - Diller Water Bottle Manufacturer<\/title>\n<meta name=\"description\" content=\"As one of the best stainless steel vacuum cup manufacturers and suppliers, we are engaged in manufacturing good quality water bottles. We warmly welcome you to wholesale or buy custom made stainless steel vacuum cup at competitive price from us. Also, small quantity orders are acceptable.\" \/>\n<meta name=\"robots\" content=\"index, follow, max-snippet:-1, max-image-preview:large, max-video-preview:-1\" \/>\n<link rel=\"canonical\" href=\"https:\/\/www.dillerbottle.com\/tr\/urunler\/paslanmaz-celik-vakumlu-bardak\" \/>\n<meta property=\"og:locale\" content=\"tr_TR\" \/>\n<meta property=\"og:type\" content=\"article\" \/>\n<meta property=\"og:title\" content=\"Stainless Steel Vacuum Cup\" \/>\n<meta property=\"og:description\" content=\"As one of the best stainless steel vacuum cup manufacturers and suppliers, we are engaged in manufacturing good quality water bottles. We warmly welcome you to wholesale or buy custom made stainless steel vacuum cup at competitive price from us. Also, small quantity orders are acceptable.\" \/>\n<meta property=\"og:url\" content=\"https:\/\/www.dillerbottle.com\/tr\/urunler\/paslanmaz-celik-vakumlu-bardak\" \/>\n<meta property=\"og:site_name\" content=\"Diller Water Bottle Manufacturer\" \/>\n<meta property=\"article:modified_time\" content=\"2026-02-11T08:15:36+00:00\" \/>\n<meta property=\"og:image\" content=\"https:\/\/www.dillerbottle.com\/wp-content\/uploads\/2024\/09\/stainless-steel-vacuum-cup-9203-2.jpg\" \/>\n\t<meta property=\"og:image:width\" content=\"800\" \/>\n\t<meta property=\"og:image:height\" content=\"800\" \/>\n\t<meta property=\"og:image:type\" content=\"image\/jpeg\" \/>\n<meta name=\"twitter:card\" content=\"summary_large_image\" \/>\n<meta name=\"twitter:label1\" content=\"Tahmini okuma s\u00fcresi\" \/>\n\t<meta name=\"twitter:data1\" content=\"3 dakika\" \/>\n<script type=\"application\/ld+json\" class=\"yoast-schema-graph\">{\"@context\":\"https:\\\/\\\/schema.org\",\"@graph\":[{\"@type\":\"WebPage\",\"@id\":\"https:\\\/\\\/www.dillerbottle.com\\\/products\\\/stainless-steel-vacuum-cup\",\"url\":\"https:\\\/\\\/www.dillerbottle.com\\\/products\\\/stainless-steel-vacuum-cup\",\"name\":\"Stainless Steel Vacuum Cup - Diller Water Bottle Manufacturer\",\"isPartOf\":{\"@id\":\"https:\\\/\\\/www.dillerbottle.com\\\/#website\"},\"primaryImageOfPage\":{\"@id\":\"https:\\\/\\\/www.dillerbottle.com\\\/products\\\/stainless-steel-vacuum-cup#primaryimage\"},\"image\":{\"@id\":\"https:\\\/\\\/www.dillerbottle.com\\\/products\\\/stainless-steel-vacuum-cup#primaryimage\"},\"thumbnailUrl\":\"https:\\\/\\\/www.dillerbottle.com\\\/wp-content\\\/uploads\\\/2024\\\/09\\\/stainless-steel-vacuum-cup-9203-2.jpg\",\"datePublished\":\"2024-09-24T09:44:51+00:00\",\"dateModified\":\"2026-02-11T08:15:36+00:00\",\"description\":\"As one of the best stainless steel vacuum cup manufacturers and suppliers, we are engaged in manufacturing good quality water bottles. We warmly welcome you to wholesale or buy custom made stainless steel vacuum cup at competitive price from us. Also, small quantity orders are acceptable.\",\"breadcrumb\":{\"@id\":\"https:\\\/\\\/www.dillerbottle.com\\\/products\\\/stainless-steel-vacuum-cup#breadcrumb\"},\"inLanguage\":\"tr\",\"potentialAction\":[{\"@type\":\"ReadAction\",\"target\":[\"https:\\\/\\\/www.dillerbottle.com\\\/products\\\/stainless-steel-vacuum-cup\"]}]},{\"@type\":\"ImageObject\",\"inLanguage\":\"tr\",\"@id\":\"https:\\\/\\\/www.dillerbottle.com\\\/products\\\/stainless-steel-vacuum-cup#primaryimage\",\"url\":\"https:\\\/\\\/www.dillerbottle.com\\\/wp-content\\\/uploads\\\/2024\\\/09\\\/stainless-steel-vacuum-cup-9203-2.jpg\",\"contentUrl\":\"https:\\\/\\\/www.dillerbottle.com\\\/wp-content\\\/uploads\\\/2024\\\/09\\\/stainless-steel-vacuum-cup-9203-2.jpg\",\"width\":800,\"height\":800},{\"@type\":\"BreadcrumbList\",\"@id\":\"https:\\\/\\\/www.dillerbottle.com\\\/products\\\/stainless-steel-vacuum-cup#breadcrumb\",\"itemListElement\":[{\"@type\":\"ListItem\",\"position\":1,\"name\":\"Home\",\"item\":\"https:\\\/\\\/www.dillerbottle.com\\\/\"},{\"@type\":\"ListItem\",\"position\":2,\"name\":\"Products\",\"item\":\"https:\\\/\\\/www.dillerbottle.com\\\/shop\"},{\"@type\":\"ListItem\",\"position\":3,\"name\":\"Stainless Steel Vacuum Cup\"}]},{\"@type\":\"WebSite\",\"@id\":\"https:\\\/\\\/www.dillerbottle.com\\\/#website\",\"url\":\"https:\\\/\\\/www.dillerbottle.com\\\/\",\"name\":\"Diller Water Bottle Manufacturer\",\"description\":\"Water Bottle Manufacturer\",\"publisher\":{\"@id\":\"https:\\\/\\\/www.dillerbottle.com\\\/#organization\"},\"potentialAction\":[{\"@type\":\"SearchAction\",\"target\":{\"@type\":\"EntryPoint\",\"urlTemplate\":\"https:\\\/\\\/www.dillerbottle.com\\\/?s={search_term_string}\"},\"query-input\":{\"@type\":\"PropertyValueSpecification\",\"valueRequired\":true,\"valueName\":\"search_term_string\"}}],\"inLanguage\":\"tr\"},{\"@type\":\"Organization\",\"@id\":\"https:\\\/\\\/www.dillerbottle.com\\\/#organization\",\"name\":\"Diller Water Bottle Manufacturer\",\"url\":\"https:\\\/\\\/www.dillerbottle.com\\\/\",\"logo\":{\"@type\":\"ImageObject\",\"inLanguage\":\"tr\",\"@id\":\"https:\\\/\\\/www.dillerbottle.com\\\/#\\\/schema\\\/logo\\\/image\\\/\",\"url\":\"https:\\\/\\\/www.dillerbottle.com\\\/wp-content\\\/uploads\\\/2024\\\/09\\\/49918bfa848dcc1e9f8b509933603ac.png\",\"contentUrl\":\"https:\\\/\\\/www.dillerbottle.com\\\/wp-content\\\/uploads\\\/2024\\\/09\\\/49918bfa848dcc1e9f8b509933603ac.png\",\"width\":988,\"height\":198,\"caption\":\"Diller Water Bottle Manufacturer\"},\"image\":{\"@id\":\"https:\\\/\\\/www.dillerbottle.com\\\/#\\\/schema\\\/logo\\\/image\\\/\"}}]}<\/script>\n<!-- \/ Yoast SEO Premium plugin. -->","yoast_head_json":{"title":"Paslanmaz \u00c7elik Vakumlu Bardak - Diller Su \u015ei\u015fesi \u00dcreticisi","description":"En iyi paslanmaz \u00e7elik vakumlu bardak \u00fcreticilerinden ve tedarik\u00e7ilerinden biri olarak, kaliteli su \u015fi\u015feleri \u00fcretiyoruz. Sizi toptan olarak veya bizden rekabet\u00e7i fiyatlarla \u00f6zel yap\u0131m paslanmaz \u00e7elik vakumlu bardak sat\u0131n almaya davet ediyoruz. Ayr\u0131ca, k\u00fc\u00e7\u00fck miktarda sipari\u015fler de kabul edilebilir.","robots":{"index":"index","follow":"follow","max-snippet":"max-snippet:-1","max-image-preview":"max-image-preview:large","max-video-preview":"max-video-preview:-1"},"canonical":"https:\/\/www.dillerbottle.com\/tr\/urunler\/paslanmaz-celik-vakumlu-bardak","og_locale":"tr_TR","og_type":"article","og_title":"Stainless Steel Vacuum Cup","og_description":"As one of the best stainless steel vacuum cup manufacturers and suppliers, we are engaged in manufacturing good quality water bottles. We warmly welcome you to wholesale or buy custom made stainless steel vacuum cup at competitive price from us. Also, small quantity orders are acceptable.","og_url":"https:\/\/www.dillerbottle.com\/tr\/urunler\/paslanmaz-celik-vakumlu-bardak","og_site_name":"Diller Water Bottle Manufacturer","article_modified_time":"2026-02-11T08:15:36+00:00","og_image":[{"width":800,"height":800,"url":"https:\/\/www.dillerbottle.com\/wp-content\/uploads\/2024\/09\/stainless-steel-vacuum-cup-9203-2.jpg","type":"image\/jpeg"}],"twitter_card":"summary_large_image","twitter_misc":{"Tahmini okuma s\u00fcresi":"3 dakika"},"schema":{"@context":"https:\/\/schema.org","@graph":[{"@type":"WebPage","@id":"https:\/\/www.dillerbottle.com\/products\/stainless-steel-vacuum-cup","url":"https:\/\/www.dillerbottle.com\/products\/stainless-steel-vacuum-cup","name":"Paslanmaz \u00c7elik Vakumlu Bardak - Diller Su \u015ei\u015fesi \u00dcreticisi","isPartOf":{"@id":"https:\/\/www.dillerbottle.com\/#website"},"primaryImageOfPage":{"@id":"https:\/\/www.dillerbottle.com\/products\/stainless-steel-vacuum-cup#primaryimage"},"image":{"@id":"https:\/\/www.dillerbottle.com\/products\/stainless-steel-vacuum-cup#primaryimage"},"thumbnailUrl":"https:\/\/www.dillerbottle.com\/wp-content\/uploads\/2024\/09\/stainless-steel-vacuum-cup-9203-2.jpg","datePublished":"2024-09-24T09:44:51+00:00","dateModified":"2026-02-11T08:15:36+00:00","description":"En iyi paslanmaz \u00e7elik vakumlu bardak \u00fcreticilerinden ve tedarik\u00e7ilerinden biri olarak, kaliteli su \u015fi\u015feleri \u00fcretiyoruz. Sizi toptan olarak veya bizden rekabet\u00e7i fiyatlarla \u00f6zel yap\u0131m paslanmaz \u00e7elik vakumlu bardak sat\u0131n almaya davet ediyoruz. Ayr\u0131ca, k\u00fc\u00e7\u00fck miktarda sipari\u015fler de kabul edilebilir.","breadcrumb":{"@id":"https:\/\/www.dillerbottle.com\/products\/stainless-steel-vacuum-cup#breadcrumb"},"inLanguage":"tr","potentialAction":[{"@type":"ReadAction","target":["https:\/\/www.dillerbottle.com\/products\/stainless-steel-vacuum-cup"]}]},{"@type":"ImageObject","inLanguage":"tr","@id":"https:\/\/www.dillerbottle.com\/products\/stainless-steel-vacuum-cup#primaryimage","url":"https:\/\/www.dillerbottle.com\/wp-content\/uploads\/2024\/09\/stainless-steel-vacuum-cup-9203-2.jpg","contentUrl":"https:\/\/www.dillerbottle.com\/wp-content\/uploads\/2024\/09\/stainless-steel-vacuum-cup-9203-2.jpg","width":800,"height":800},{"@type":"BreadcrumbList","@id":"https:\/\/www.dillerbottle.com\/products\/stainless-steel-vacuum-cup#breadcrumb","itemListElement":[{"@type":"ListItem","position":1,"name":"Home","item":"https:\/\/www.dillerbottle.com\/"},{"@type":"ListItem","position":2,"name":"Products","item":"https:\/\/www.dillerbottle.com\/shop"},{"@type":"ListItem","position":3,"name":"Stainless Steel Vacuum Cup"}]},{"@type":"WebSite","@id":"https:\/\/www.dillerbottle.com\/#website","url":"https:\/\/www.dillerbottle.com\/","name":"Diller Su \u015ei\u015fesi \u00dcreticisi","description":"Su \u015ei\u015fesi \u00dcreticisi","publisher":{"@id":"https:\/\/www.dillerbottle.com\/#organization"},"potentialAction":[{"@type":"SearchAction","target":{"@type":"EntryPoint","urlTemplate":"https:\/\/www.dillerbottle.com\/?s={search_term_string}"},"query-input":{"@type":"PropertyValueSpecification","valueRequired":true,"valueName":"search_term_string"}}],"inLanguage":"tr"},{"@type":"Organization","@id":"https:\/\/www.dillerbottle.com\/#organization","name":"Diller Su \u015ei\u015fesi \u00dcreticisi","url":"https:\/\/www.dillerbottle.com\/","logo":{"@type":"ImageObject","inLanguage":"tr","@id":"https:\/\/www.dillerbottle.com\/#\/schema\/logo\/image\/","url":"https:\/\/www.dillerbottle.com\/wp-content\/uploads\/2024\/09\/49918bfa848dcc1e9f8b509933603ac.png","contentUrl":"https:\/\/www.dillerbottle.com\/wp-content\/uploads\/2024\/09\/49918bfa848dcc1e9f8b509933603ac.png","width":988,"height":198,"caption":"Diller Water Bottle Manufacturer"},"image":{"@id":"https:\/\/www.dillerbottle.com\/#\/schema\/logo\/image\/"}}]}},"_links":{"self":[{"href":"https:\/\/www.dillerbottle.com\/tr\/wp-json\/wp\/v2\/product\/1987","targetHints":{"allow":["GET"]}}],"collection":[{"href":"https:\/\/www.dillerbottle.com\/tr\/wp-json\/wp\/v2\/product"}],"about":[{"href":"https:\/\/www.dillerbottle.com\/tr\/wp-json\/wp\/v2\/types\/product"}],"replies":[{"embeddable":true,"href":"https:\/\/www.dillerbottle.com\/tr\/wp-json\/wp\/v2\/comments?post=1987"}],"wp:featuredmedia":[{"embeddable":true,"href":"https:\/\/www.dillerbottle.com\/tr\/wp-json\/wp\/v2\/media\/15842"}],"wp:attachment":[{"href":"https:\/\/www.dillerbottle.com\/tr\/wp-json\/wp\/v2\/media?parent=1987"}],"wp:term":[{"taxonomy":"product_brand","embeddable":true,"href":"https:\/\/www.dillerbottle.com\/tr\/wp-json\/wp\/v2\/product_brand?post=1987"},{"taxonomy":"product_cat","embeddable":true,"href":"https:\/\/www.dillerbottle.com\/tr\/wp-json\/wp\/v2\/product_cat?post=1987"},{"taxonomy":"product_tag","embeddable":true,"href":"https:\/\/www.dillerbottle.com\/tr\/wp-json\/wp\/v2\/product_tag?post=1987"}],"curies":[{"name":"wp","href":"https:\/\/api.w.org\/{rel}","templated":true}]}}