{"id":2033,"date":"2024-09-24T17:45:18","date_gmt":"2024-09-24T09:45:18","guid":{"rendered":"https:\/\/demo.dillerbottle.com\/product\/tumbler-cups-stainless-steel"},"modified":"2026-04-13T21:15:27","modified_gmt":"2026-04-13T13:15:27","slug":"bardaklar-paslanmaz-celik","status":"publish","type":"product","link":"https:\/\/www.dillerbottle.com\/tr\/products\/tumbler-cups-stainless-steel","title":{"rendered":"Bardaklar Paslanmaz \u00c7elik"},"content":{"rendered":"<p>\u00d6zellikler: 1. Ter ge\u00e7irmez \u00e7ift duvarl\u0131 vakumlu yal\u0131t\u0131m \u015fi\u015fesi so\u011fuk i\u00e7ecekleri 24 saate kadar so\u011fuk, s\u0131cak i\u00e7ecekleri ise 12 saate kadar s\u0131cak tutar.<br \/>\n2.;Kaliteli ve ticari paslanmaz \u00e7elikten \u00fcretilmi\u015ftir 18\/8 (304) s\u0131n\u0131f\u0131, FDA onayl\u0131, BPA i\u00e7ermez.<br \/>\n3.;Hem erkekler hem de kad\u0131nlar i\u00e7in kolay kavrama tasar\u0131m\u0131na sahip 30 \/ 20 oz b\u00fcy\u00fck kapasiteli yumbler bardaklar.;Ter ge\u00e7irmez \u00e7ift duvarl\u0131 vakumlu yal\u0131t\u0131m, barda\u011f\u0131 tutman\u0131z\u0131 rahatlat\u0131r.;<br \/>\n4.; \u015eeffaf BPA i\u00e7ermeyen kapak, barda\u011f\u0131n i\u00e7indekileri g\u00f6rmenizi sa\u011flar. Seyahat kupas\u0131n\u0131n s\u0131k\u0131 s\u0131zd\u0131rmazl\u0131k contas\u0131 ile toz ve b\u00f6cekleri d\u0131\u015far\u0131da tutar. Kapak, i\u00e7ece\u011finizi so\u011fuk veya s\u0131cak tutarken hareket halindeyken kolayca i\u00e7meniz i\u00e7in tasarlanm\u0131\u015ft\u0131r.<\/p>","protected":false},"excerpt":{"rendered":"<p>\u00d6zellikler:<br \/>\n1. Terlemeye dayan\u0131kl\u0131 \u00e7ift cidarl\u0131 vakumlu yal\u0131t\u0131m \u015fi\u015fesi so\u011fuk i\u00e7ecekleri 24 saate kadar so\u011fuk, s\u0131cak i\u00e7ecekleri ise 12 saate kadar s\u0131cak tutar.<br \/>\n2. Kaliteli ve ticari paslanmaz \u00e7elikten \u00fcretilmi\u015ftir 18\/8 (304) s\u0131n\u0131f\u0131, FDA onayl\u0131, BPA i\u00e7ermez.<br \/>\n3. Hem erkekler hem de kad\u0131nlar i\u00e7in kolay kavrama tasar\u0131m\u0131na sahip 40 oz b\u00fcy\u00fck kapasiteli bardaklar. Ter ge\u00e7irmez \u00e7ift duvarl\u0131 vakumlu yal\u0131t\u0131m, barda\u011f\u0131 tutman\u0131z\u0131 kolayla\u015ft\u0131r\u0131r. 4. \u015eeffaf BPA i\u00e7ermeyen kapak, barda\u011f\u0131n i\u00e7indekileri g\u00f6rmenizi sa\u011flar. Seyahat kupas\u0131n\u0131n s\u0131k\u0131 s\u0131zd\u0131rmazl\u0131k contas\u0131 ile toz ve b\u00f6cekleri d\u0131\u015far\u0131da tutar. Kapak, i\u00e7ece\u011finizi so\u011fuk veya s\u0131cak tutarken hareket halindeyken kolayca i\u00e7mek i\u00e7in tasarlanm\u0131\u015ft\u0131r.<\/p>","protected":false},"featured_media":2034,"comment_status":"open","ping_status":"closed","template":"","meta":{"_acf_changed":false},"product_brand":[],"product_cat":[46],"product_tag":[32,36,33,31,39,38,29,37,34,35,28,63,30],"class_list":{"0":"post-2033","1":"product","2":"type-product","3":"status-publish","4":"has-post-thumbnail","6":"product_cat-cup","7":"product_tag-best","8":"product_tag-bulk","9":"product_tag-buy","10":"product_tag-custom","11":"product_tag-for-sale","12":"product_tag-good-quality","13":"product_tag-manufacturers","14":"product_tag-manufacturing","15":"product_tag-price","16":"product_tag-small","17":"product_tag-suppliers","18":"product_tag-tumbler-cups-stainless-steel","19":"product_tag-wholesale","21":"first","22":"instock","23":"featured","24":"shipping-taxable","25":"product-type-simple"},"acf":[],"yoast_head":"<!-- This site is optimized with the Yoast SEO Premium plugin v27.4 (Yoast SEO v27.4) - https:\/\/yoast.com\/product\/yoast-seo-premium-wordpress\/ -->\n<title>Tumbler Cups Stainless Steel - Diller Water Bottle Manufacturer<\/title>\n<meta name=\"description\" content=\"As one of the best tumbler cups stainless steel manufacturers and suppliers, we are engaged in manufacturing good quality water bottles. We warmly welcome you to wholesale or buy custom made tumbler cups stainless steel at competitive price from us. Also, small quantity orders are acceptable.\" \/>\n<meta name=\"robots\" content=\"index, follow, max-snippet:-1, max-image-preview:large, max-video-preview:-1\" \/>\n<link rel=\"canonical\" href=\"https:\/\/www.dillerbottle.com\/tr\/urunler\/bardaklar-paslanmaz-celik\" \/>\n<meta property=\"og:locale\" content=\"tr_TR\" \/>\n<meta property=\"og:type\" content=\"article\" \/>\n<meta property=\"og:title\" content=\"Tumbler Cups Stainless Steel\" \/>\n<meta property=\"og:description\" content=\"As one of the best tumbler cups stainless steel manufacturers and suppliers, we are engaged in manufacturing good quality water bottles. We warmly welcome you to wholesale or buy custom made tumbler cups stainless steel at competitive price from us. Also, small quantity orders are acceptable.\" \/>\n<meta property=\"og:url\" content=\"https:\/\/www.dillerbottle.com\/tr\/urunler\/bardaklar-paslanmaz-celik\" \/>\n<meta property=\"og:site_name\" content=\"Diller Water Bottle Manufacturer\" \/>\n<meta property=\"article:modified_time\" content=\"2026-04-13T13:15:27+00:00\" \/>\n<meta property=\"og:image\" content=\"https:\/\/www.dillerbottle.com\/wp-content\/uploads\/2024\/09\/tumbler-cups-stainless-steel2c31ba9a-dce3-491e-937e-3e79d34aa099.jpg\" \/>\n\t<meta property=\"og:image:width\" content=\"730\" \/>\n\t<meta property=\"og:image:height\" content=\"730\" \/>\n\t<meta property=\"og:image:type\" content=\"image\/jpeg\" \/>\n<meta name=\"twitter:card\" content=\"summary_large_image\" \/>\n<meta name=\"twitter:label1\" content=\"Tahmini okuma s\u00fcresi\" \/>\n\t<meta name=\"twitter:data1\" content=\"6 dakika\" \/>\n<script type=\"application\/ld+json\" class=\"yoast-schema-graph\">{\"@context\":\"https:\\\/\\\/schema.org\",\"@graph\":[{\"@type\":\"WebPage\",\"@id\":\"https:\\\/\\\/www.dillerbottle.com\\\/products\\\/tumbler-cups-stainless-steel\",\"url\":\"https:\\\/\\\/www.dillerbottle.com\\\/products\\\/tumbler-cups-stainless-steel\",\"name\":\"Tumbler Cups Stainless Steel - Diller Water Bottle Manufacturer\",\"isPartOf\":{\"@id\":\"https:\\\/\\\/www.dillerbottle.com\\\/#website\"},\"primaryImageOfPage\":{\"@id\":\"https:\\\/\\\/www.dillerbottle.com\\\/products\\\/tumbler-cups-stainless-steel#primaryimage\"},\"image\":{\"@id\":\"https:\\\/\\\/www.dillerbottle.com\\\/products\\\/tumbler-cups-stainless-steel#primaryimage\"},\"thumbnailUrl\":\"https:\\\/\\\/www.dillerbottle.com\\\/wp-content\\\/uploads\\\/2024\\\/09\\\/tumbler-cups-stainless-steel2c31ba9a-dce3-491e-937e-3e79d34aa099.jpg\",\"datePublished\":\"2024-09-24T09:45:18+00:00\",\"dateModified\":\"2026-04-13T13:15:27+00:00\",\"description\":\"As one of the best tumbler cups stainless steel manufacturers and suppliers, we are engaged in manufacturing good quality water bottles. We warmly welcome you to wholesale or buy custom made tumbler cups stainless steel at competitive price from us. Also, small quantity orders are acceptable.\",\"breadcrumb\":{\"@id\":\"https:\\\/\\\/www.dillerbottle.com\\\/products\\\/tumbler-cups-stainless-steel#breadcrumb\"},\"inLanguage\":\"tr\",\"potentialAction\":[{\"@type\":\"ReadAction\",\"target\":[\"https:\\\/\\\/www.dillerbottle.com\\\/products\\\/tumbler-cups-stainless-steel\"]}]},{\"@type\":\"ImageObject\",\"inLanguage\":\"tr\",\"@id\":\"https:\\\/\\\/www.dillerbottle.com\\\/products\\\/tumbler-cups-stainless-steel#primaryimage\",\"url\":\"https:\\\/\\\/www.dillerbottle.com\\\/wp-content\\\/uploads\\\/2024\\\/09\\\/tumbler-cups-stainless-steel2c31ba9a-dce3-491e-937e-3e79d34aa099.jpg\",\"contentUrl\":\"https:\\\/\\\/www.dillerbottle.com\\\/wp-content\\\/uploads\\\/2024\\\/09\\\/tumbler-cups-stainless-steel2c31ba9a-dce3-491e-937e-3e79d34aa099.jpg\",\"width\":730,\"height\":730},{\"@type\":\"BreadcrumbList\",\"@id\":\"https:\\\/\\\/www.dillerbottle.com\\\/products\\\/tumbler-cups-stainless-steel#breadcrumb\",\"itemListElement\":[{\"@type\":\"ListItem\",\"position\":1,\"name\":\"Home\",\"item\":\"https:\\\/\\\/www.dillerbottle.com\\\/\"},{\"@type\":\"ListItem\",\"position\":2,\"name\":\"Products\",\"item\":\"https:\\\/\\\/www.dillerbottle.com\\\/shop\"},{\"@type\":\"ListItem\",\"position\":3,\"name\":\"Tumbler Cups Stainless Steel\"}]},{\"@type\":\"WebSite\",\"@id\":\"https:\\\/\\\/www.dillerbottle.com\\\/#website\",\"url\":\"https:\\\/\\\/www.dillerbottle.com\\\/\",\"name\":\"Diller Water Bottle Manufacturer\",\"description\":\"Water Bottle Manufacturer\",\"publisher\":{\"@id\":\"https:\\\/\\\/www.dillerbottle.com\\\/#organization\"},\"potentialAction\":[{\"@type\":\"SearchAction\",\"target\":{\"@type\":\"EntryPoint\",\"urlTemplate\":\"https:\\\/\\\/www.dillerbottle.com\\\/?s={search_term_string}\"},\"query-input\":{\"@type\":\"PropertyValueSpecification\",\"valueRequired\":true,\"valueName\":\"search_term_string\"}}],\"inLanguage\":\"tr\"},{\"@type\":\"Organization\",\"@id\":\"https:\\\/\\\/www.dillerbottle.com\\\/#organization\",\"name\":\"Diller Water Bottle Manufacturer\",\"url\":\"https:\\\/\\\/www.dillerbottle.com\\\/\",\"logo\":{\"@type\":\"ImageObject\",\"inLanguage\":\"tr\",\"@id\":\"https:\\\/\\\/www.dillerbottle.com\\\/#\\\/schema\\\/logo\\\/image\\\/\",\"url\":\"https:\\\/\\\/www.dillerbottle.com\\\/wp-content\\\/uploads\\\/2024\\\/09\\\/49918bfa848dcc1e9f8b509933603ac.png\",\"contentUrl\":\"https:\\\/\\\/www.dillerbottle.com\\\/wp-content\\\/uploads\\\/2024\\\/09\\\/49918bfa848dcc1e9f8b509933603ac.png\",\"width\":988,\"height\":198,\"caption\":\"Diller Water Bottle Manufacturer\"},\"image\":{\"@id\":\"https:\\\/\\\/www.dillerbottle.com\\\/#\\\/schema\\\/logo\\\/image\\\/\"}}]}<\/script>\n<!-- \/ Yoast SEO Premium plugin. -->","yoast_head_json":{"title":"Bardaklar Paslanmaz \u00c7elik - Diller Su \u015ei\u015fesi \u00dcreticisi","description":"En iyi bardak paslanmaz \u00e7elik \u00fcreticilerinden ve tedarik\u00e7ilerinden biri olarak, kaliteli su \u015fi\u015feleri \u00fcretiyoruz. Bizden toptan veya \u00f6zel yap\u0131m bardak paslanmaz \u00e7elik sat\u0131n alman\u0131z\u0131 i\u00e7tenlikle bekliyoruz. Ayr\u0131ca, k\u00fc\u00e7\u00fck miktarda sipari\u015fler kabul edilebilir.","robots":{"index":"index","follow":"follow","max-snippet":"max-snippet:-1","max-image-preview":"max-image-preview:large","max-video-preview":"max-video-preview:-1"},"canonical":"https:\/\/www.dillerbottle.com\/tr\/urunler\/bardaklar-paslanmaz-celik","og_locale":"tr_TR","og_type":"article","og_title":"Tumbler Cups Stainless Steel","og_description":"As one of the best tumbler cups stainless steel manufacturers and suppliers, we are engaged in manufacturing good quality water bottles. We warmly welcome you to wholesale or buy custom made tumbler cups stainless steel at competitive price from us. Also, small quantity orders are acceptable.","og_url":"https:\/\/www.dillerbottle.com\/tr\/urunler\/bardaklar-paslanmaz-celik","og_site_name":"Diller Water Bottle Manufacturer","article_modified_time":"2026-04-13T13:15:27+00:00","og_image":[{"width":730,"height":730,"url":"https:\/\/www.dillerbottle.com\/wp-content\/uploads\/2024\/09\/tumbler-cups-stainless-steel2c31ba9a-dce3-491e-937e-3e79d34aa099.jpg","type":"image\/jpeg"}],"twitter_card":"summary_large_image","twitter_misc":{"Tahmini okuma s\u00fcresi":"6 dakika"},"schema":{"@context":"https:\/\/schema.org","@graph":[{"@type":"WebPage","@id":"https:\/\/www.dillerbottle.com\/products\/tumbler-cups-stainless-steel","url":"https:\/\/www.dillerbottle.com\/products\/tumbler-cups-stainless-steel","name":"Bardaklar Paslanmaz \u00c7elik - Diller Su \u015ei\u015fesi \u00dcreticisi","isPartOf":{"@id":"https:\/\/www.dillerbottle.com\/#website"},"primaryImageOfPage":{"@id":"https:\/\/www.dillerbottle.com\/products\/tumbler-cups-stainless-steel#primaryimage"},"image":{"@id":"https:\/\/www.dillerbottle.com\/products\/tumbler-cups-stainless-steel#primaryimage"},"thumbnailUrl":"https:\/\/www.dillerbottle.com\/wp-content\/uploads\/2024\/09\/tumbler-cups-stainless-steel2c31ba9a-dce3-491e-937e-3e79d34aa099.jpg","datePublished":"2024-09-24T09:45:18+00:00","dateModified":"2026-04-13T13:15:27+00:00","description":"En iyi bardak paslanmaz \u00e7elik \u00fcreticilerinden ve tedarik\u00e7ilerinden biri olarak, kaliteli su \u015fi\u015feleri \u00fcretiyoruz. Bizden toptan veya \u00f6zel yap\u0131m bardak paslanmaz \u00e7elik sat\u0131n alman\u0131z\u0131 i\u00e7tenlikle bekliyoruz. Ayr\u0131ca, k\u00fc\u00e7\u00fck miktarda sipari\u015fler kabul edilebilir.","breadcrumb":{"@id":"https:\/\/www.dillerbottle.com\/products\/tumbler-cups-stainless-steel#breadcrumb"},"inLanguage":"tr","potentialAction":[{"@type":"ReadAction","target":["https:\/\/www.dillerbottle.com\/products\/tumbler-cups-stainless-steel"]}]},{"@type":"ImageObject","inLanguage":"tr","@id":"https:\/\/www.dillerbottle.com\/products\/tumbler-cups-stainless-steel#primaryimage","url":"https:\/\/www.dillerbottle.com\/wp-content\/uploads\/2024\/09\/tumbler-cups-stainless-steel2c31ba9a-dce3-491e-937e-3e79d34aa099.jpg","contentUrl":"https:\/\/www.dillerbottle.com\/wp-content\/uploads\/2024\/09\/tumbler-cups-stainless-steel2c31ba9a-dce3-491e-937e-3e79d34aa099.jpg","width":730,"height":730},{"@type":"BreadcrumbList","@id":"https:\/\/www.dillerbottle.com\/products\/tumbler-cups-stainless-steel#breadcrumb","itemListElement":[{"@type":"ListItem","position":1,"name":"Home","item":"https:\/\/www.dillerbottle.com\/"},{"@type":"ListItem","position":2,"name":"Products","item":"https:\/\/www.dillerbottle.com\/shop"},{"@type":"ListItem","position":3,"name":"Tumbler Cups Stainless Steel"}]},{"@type":"WebSite","@id":"https:\/\/www.dillerbottle.com\/#website","url":"https:\/\/www.dillerbottle.com\/","name":"Diller Su \u015ei\u015fesi \u00dcreticisi","description":"Su \u015ei\u015fesi \u00dcreticisi","publisher":{"@id":"https:\/\/www.dillerbottle.com\/#organization"},"potentialAction":[{"@type":"SearchAction","target":{"@type":"EntryPoint","urlTemplate":"https:\/\/www.dillerbottle.com\/?s={search_term_string}"},"query-input":{"@type":"PropertyValueSpecification","valueRequired":true,"valueName":"search_term_string"}}],"inLanguage":"tr"},{"@type":"Organization","@id":"https:\/\/www.dillerbottle.com\/#organization","name":"Diller Su \u015ei\u015fesi \u00dcreticisi","url":"https:\/\/www.dillerbottle.com\/","logo":{"@type":"ImageObject","inLanguage":"tr","@id":"https:\/\/www.dillerbottle.com\/#\/schema\/logo\/image\/","url":"https:\/\/www.dillerbottle.com\/wp-content\/uploads\/2024\/09\/49918bfa848dcc1e9f8b509933603ac.png","contentUrl":"https:\/\/www.dillerbottle.com\/wp-content\/uploads\/2024\/09\/49918bfa848dcc1e9f8b509933603ac.png","width":988,"height":198,"caption":"Diller Water Bottle Manufacturer"},"image":{"@id":"https:\/\/www.dillerbottle.com\/#\/schema\/logo\/image\/"}}]}},"_links":{"self":[{"href":"https:\/\/www.dillerbottle.com\/tr\/wp-json\/wp\/v2\/product\/2033","targetHints":{"allow":["GET"]}}],"collection":[{"href":"https:\/\/www.dillerbottle.com\/tr\/wp-json\/wp\/v2\/product"}],"about":[{"href":"https:\/\/www.dillerbottle.com\/tr\/wp-json\/wp\/v2\/types\/product"}],"replies":[{"embeddable":true,"href":"https:\/\/www.dillerbottle.com\/tr\/wp-json\/wp\/v2\/comments?post=2033"}],"wp:featuredmedia":[{"embeddable":true,"href":"https:\/\/www.dillerbottle.com\/tr\/wp-json\/wp\/v2\/media\/2034"}],"wp:attachment":[{"href":"https:\/\/www.dillerbottle.com\/tr\/wp-json\/wp\/v2\/media?parent=2033"}],"wp:term":[{"taxonomy":"product_brand","embeddable":true,"href":"https:\/\/www.dillerbottle.com\/tr\/wp-json\/wp\/v2\/product_brand?post=2033"},{"taxonomy":"product_cat","embeddable":true,"href":"https:\/\/www.dillerbottle.com\/tr\/wp-json\/wp\/v2\/product_cat?post=2033"},{"taxonomy":"product_tag","embeddable":true,"href":"https:\/\/www.dillerbottle.com\/tr\/wp-json\/wp\/v2\/product_tag?post=2033"}],"curies":[{"name":"wp","href":"https:\/\/api.w.org\/{rel}","templated":true}]}}