{"id":2106,"date":"2024-09-24T17:46:08","date_gmt":"2024-09-24T09:46:08","guid":{"rendered":"https:\/\/demo.dillerbottle.com\/product\/double-wall-glass-travel-mug"},"modified":"2025-07-10T16:05:35","modified_gmt":"2025-07-10T08:05:35","slug":"cift-duvarli-cam-seyahat-kupasi","status":"publish","type":"product","link":"https:\/\/www.dillerbottle.com\/tr\/products\/double-wall-glass-travel-mug","title":{"rendered":"\u00c7ift Duvarl\u0131 Cam Seyahat Kupas\u0131"},"content":{"rendered":"<p>\u00c7ift cidarl\u0131 cam seyahat kupas\u0131, y\u00fcksek kaliteli dayan\u0131kl\u0131 borosilikat camdan yap\u0131lm\u0131\u015ft\u0131r. \u00c7ift cidarl\u0131 cam seyahat kupas\u0131n\u0131n tasar\u0131m\u0131, kupa g\u00f6vdesinin \u0131s\u0131 iletkenli\u011fini b\u00fcy\u00fck \u00f6l\u00e7\u00fcde azalt\u0131r ve kullan\u0131m s\u0131ras\u0131nda \u0131s\u0131 yal\u0131t\u0131m\u0131 ve ha\u015flanma \u00f6nleme rol\u00fcn\u00fc oynayabilir. \u00c7ift katmanl\u0131 yap\u0131 ilkesini benimseyerek, \u00e7ift cidarl\u0131 cam seyahat kupas\u0131, \u00e7ift cidarl\u0131 cam seyahat kupas\u0131n\u0131n kullan\u0131m rahatl\u0131\u011f\u0131n\u0131 ve \u00e7ift cidarl\u0131 cam seyahat kupas\u0131n\u0131n \u0131s\u0131 koruma etkisini art\u0131rabilir. Ek olarak, \u00e7ift cidarl\u0131 cam seyahat kupas\u0131 ayn\u0131 zamanda iyi bir estetik de\u011fere sahiptir. \u015eeffaf cam yap\u0131m malzemeleri, \u00e7ift katmanl\u0131 yap\u0131 ile birle\u015fti\u011finde \u00e7ay yap\u0131m\u0131n\u0131 ve i\u00e7me suyunu neredeyse dinamik bir sanatsal davran\u0131\u015fa d\u00f6n\u00fc\u015ft\u00fcr\u00fcyor.<\/p>","protected":false},"excerpt":{"rendered":"<p>\u00c7ift cidarl\u0131 cam seyahat kupas\u0131 y\u00fcksek kaliteli dayan\u0131kl\u0131 borosilikat camdan \u00fcretilmi\u015ftir.<br \/>\n\u00c7ift cidarl\u0131 cam seyahat kupas\u0131n\u0131n tasar\u0131m\u0131, kupa g\u00f6vdesinin \u0131s\u0131 iletkenli\u011fini b\u00fcy\u00fck \u00f6l\u00e7\u00fcde azalt\u0131r ve kullan\u0131m s\u0131ras\u0131nda \u0131s\u0131 yal\u0131t\u0131m\u0131 ve ha\u015flanma \u00f6nleme rol\u00fc oynayabilir.<br \/>\n\u2026 ilkesini benimseyerek<\/p>","protected":false},"featured_media":2107,"comment_status":"open","ping_status":"closed","template":"","meta":{"_acf_changed":false},"product_brand":[],"product_cat":[46],"product_tag":[32,36,33,31,68,39,38,29,37,34,35,28,30],"class_list":{"0":"post-2106","1":"product","2":"type-product","3":"status-publish","4":"has-post-thumbnail","6":"product_cat-cup","7":"product_tag-best","8":"product_tag-bulk","9":"product_tag-buy","10":"product_tag-custom","11":"product_tag-double-wall-glass-travel-mug","12":"product_tag-for-sale","13":"product_tag-good-quality","14":"product_tag-manufacturers","15":"product_tag-manufacturing","16":"product_tag-price","17":"product_tag-small","18":"product_tag-suppliers","19":"product_tag-wholesale","21":"first","22":"instock","23":"shipping-taxable","24":"product-type-simple"},"acf":[],"yoast_head":"<!-- This site is optimized with the Yoast SEO Premium plugin v27.5 (Yoast SEO v27.5) - https:\/\/yoast.com\/product\/yoast-seo-premium-wordpress\/ -->\n<title>Double Wall Glass Travel Mug - Diller Water Bottle Manufacturer<\/title>\n<meta name=\"description\" content=\"As one of the best double wall glass travel mug manufacturers and suppliers, we are engaged in manufacturing good quality water bottles. We warmly welcome you to wholesale or buy custom made double wall glass travel mug at competitive price from us. Also, small quantity orders are acceptable.\" \/>\n<meta name=\"robots\" content=\"index, follow, max-snippet:-1, max-image-preview:large, max-video-preview:-1\" \/>\n<link rel=\"canonical\" href=\"https:\/\/www.dillerbottle.com\/tr\/urunler\/cift-duvarli-cam-seyahat-kupasi\" \/>\n<meta property=\"og:locale\" content=\"tr_TR\" \/>\n<meta property=\"og:type\" content=\"article\" \/>\n<meta property=\"og:title\" content=\"Double Wall Glass Travel Mug\" \/>\n<meta property=\"og:description\" content=\"As one of the best double wall glass travel mug manufacturers and suppliers, we are engaged in manufacturing good quality water bottles. We warmly welcome you to wholesale or buy custom made double wall glass travel mug at competitive price from us. Also, small quantity orders are acceptable.\" \/>\n<meta property=\"og:url\" content=\"https:\/\/www.dillerbottle.com\/tr\/urunler\/cift-duvarli-cam-seyahat-kupasi\" \/>\n<meta property=\"og:site_name\" content=\"Diller Water Bottle Manufacturer\" \/>\n<meta property=\"article:modified_time\" content=\"2025-07-10T08:05:35+00:00\" \/>\n<meta property=\"og:image\" content=\"https:\/\/www.dillerbottle.com\/wp-content\/uploads\/2024\/09\/double-wall-glass-travel-mug40463938476.jpg\" \/>\n\t<meta property=\"og:image:width\" content=\"730\" \/>\n\t<meta property=\"og:image:height\" content=\"730\" \/>\n\t<meta property=\"og:image:type\" content=\"image\/jpeg\" \/>\n<meta name=\"twitter:card\" content=\"summary_large_image\" \/>\n<meta name=\"twitter:label1\" content=\"Tahmini okuma s\u00fcresi\" \/>\n\t<meta name=\"twitter:data1\" content=\"3 dakika\" \/>\n<script type=\"application\/ld+json\" class=\"yoast-schema-graph\">{\"@context\":\"https:\\\/\\\/schema.org\",\"@graph\":[{\"@type\":\"WebPage\",\"@id\":\"https:\\\/\\\/www.dillerbottle.com\\\/products\\\/double-wall-glass-travel-mug\",\"url\":\"https:\\\/\\\/www.dillerbottle.com\\\/products\\\/double-wall-glass-travel-mug\",\"name\":\"Double Wall Glass Travel Mug - Diller Water Bottle Manufacturer\",\"isPartOf\":{\"@id\":\"https:\\\/\\\/www.dillerbottle.com\\\/#website\"},\"primaryImageOfPage\":{\"@id\":\"https:\\\/\\\/www.dillerbottle.com\\\/products\\\/double-wall-glass-travel-mug#primaryimage\"},\"image\":{\"@id\":\"https:\\\/\\\/www.dillerbottle.com\\\/products\\\/double-wall-glass-travel-mug#primaryimage\"},\"thumbnailUrl\":\"https:\\\/\\\/www.dillerbottle.com\\\/wp-content\\\/uploads\\\/2024\\\/09\\\/double-wall-glass-travel-mug40463938476.jpg\",\"datePublished\":\"2024-09-24T09:46:08+00:00\",\"dateModified\":\"2025-07-10T08:05:35+00:00\",\"description\":\"As one of the best double wall glass travel mug manufacturers and suppliers, we are engaged in manufacturing good quality water bottles. We warmly welcome you to wholesale or buy custom made double wall glass travel mug at competitive price from us. Also, small quantity orders are acceptable.\",\"breadcrumb\":{\"@id\":\"https:\\\/\\\/www.dillerbottle.com\\\/products\\\/double-wall-glass-travel-mug#breadcrumb\"},\"inLanguage\":\"tr\",\"potentialAction\":[{\"@type\":\"ReadAction\",\"target\":[\"https:\\\/\\\/www.dillerbottle.com\\\/products\\\/double-wall-glass-travel-mug\"]}]},{\"@type\":\"ImageObject\",\"inLanguage\":\"tr\",\"@id\":\"https:\\\/\\\/www.dillerbottle.com\\\/products\\\/double-wall-glass-travel-mug#primaryimage\",\"url\":\"https:\\\/\\\/www.dillerbottle.com\\\/wp-content\\\/uploads\\\/2024\\\/09\\\/double-wall-glass-travel-mug40463938476.jpg\",\"contentUrl\":\"https:\\\/\\\/www.dillerbottle.com\\\/wp-content\\\/uploads\\\/2024\\\/09\\\/double-wall-glass-travel-mug40463938476.jpg\",\"width\":730,\"height\":730},{\"@type\":\"BreadcrumbList\",\"@id\":\"https:\\\/\\\/www.dillerbottle.com\\\/products\\\/double-wall-glass-travel-mug#breadcrumb\",\"itemListElement\":[{\"@type\":\"ListItem\",\"position\":1,\"name\":\"Home\",\"item\":\"https:\\\/\\\/www.dillerbottle.com\\\/\"},{\"@type\":\"ListItem\",\"position\":2,\"name\":\"Products\",\"item\":\"https:\\\/\\\/www.dillerbottle.com\\\/shop\"},{\"@type\":\"ListItem\",\"position\":3,\"name\":\"Double Wall Glass Travel Mug\"}]},{\"@type\":\"WebSite\",\"@id\":\"https:\\\/\\\/www.dillerbottle.com\\\/#website\",\"url\":\"https:\\\/\\\/www.dillerbottle.com\\\/\",\"name\":\"Diller Water Bottle Manufacturer\",\"description\":\"Water Bottle Manufacturer\",\"publisher\":{\"@id\":\"https:\\\/\\\/www.dillerbottle.com\\\/#organization\"},\"potentialAction\":[{\"@type\":\"SearchAction\",\"target\":{\"@type\":\"EntryPoint\",\"urlTemplate\":\"https:\\\/\\\/www.dillerbottle.com\\\/?s={search_term_string}\"},\"query-input\":{\"@type\":\"PropertyValueSpecification\",\"valueRequired\":true,\"valueName\":\"search_term_string\"}}],\"inLanguage\":\"tr\"},{\"@type\":\"Organization\",\"@id\":\"https:\\\/\\\/www.dillerbottle.com\\\/#organization\",\"name\":\"Diller Water Bottle Manufacturer\",\"url\":\"https:\\\/\\\/www.dillerbottle.com\\\/\",\"logo\":{\"@type\":\"ImageObject\",\"inLanguage\":\"tr\",\"@id\":\"https:\\\/\\\/www.dillerbottle.com\\\/#\\\/schema\\\/logo\\\/image\\\/\",\"url\":\"https:\\\/\\\/www.dillerbottle.com\\\/wp-content\\\/uploads\\\/2024\\\/09\\\/49918bfa848dcc1e9f8b509933603ac.png\",\"contentUrl\":\"https:\\\/\\\/www.dillerbottle.com\\\/wp-content\\\/uploads\\\/2024\\\/09\\\/49918bfa848dcc1e9f8b509933603ac.png\",\"width\":988,\"height\":198,\"caption\":\"Diller Water Bottle Manufacturer\"},\"image\":{\"@id\":\"https:\\\/\\\/www.dillerbottle.com\\\/#\\\/schema\\\/logo\\\/image\\\/\"}}]}<\/script>\n<!-- \/ Yoast SEO Premium plugin. -->","yoast_head_json":{"title":"\u00c7ift Duvarl\u0131 Cam Seyahat Kupas\u0131 - Diller Su \u015ei\u015fesi \u00dcreticisi","description":"En iyi \u00e7ift duvarl\u0131 cam seyahat kupas\u0131 \u00fcreticilerinden ve tedarik\u00e7ilerinden biri olarak, kaliteli su \u015fi\u015feleri \u00fcretiyoruz. Toptan sat\u0131\u015f yapman\u0131z\u0131 veya bizden rekabet\u00e7i fiyatlarla \u00f6zel yap\u0131m \u00e7ift duvarl\u0131 cam seyahat kupas\u0131 sat\u0131n alman\u0131z\u0131 i\u00e7tenlikle bekliyoruz. Ayr\u0131ca, k\u00fc\u00e7\u00fck miktardaki sipari\u015fler de kabul edilebilir.","robots":{"index":"index","follow":"follow","max-snippet":"max-snippet:-1","max-image-preview":"max-image-preview:large","max-video-preview":"max-video-preview:-1"},"canonical":"https:\/\/www.dillerbottle.com\/tr\/urunler\/cift-duvarli-cam-seyahat-kupasi","og_locale":"tr_TR","og_type":"article","og_title":"Double Wall Glass Travel Mug","og_description":"As one of the best double wall glass travel mug manufacturers and suppliers, we are engaged in manufacturing good quality water bottles. We warmly welcome you to wholesale or buy custom made double wall glass travel mug at competitive price from us. Also, small quantity orders are acceptable.","og_url":"https:\/\/www.dillerbottle.com\/tr\/urunler\/cift-duvarli-cam-seyahat-kupasi","og_site_name":"Diller Water Bottle Manufacturer","article_modified_time":"2025-07-10T08:05:35+00:00","og_image":[{"width":730,"height":730,"url":"https:\/\/www.dillerbottle.com\/wp-content\/uploads\/2024\/09\/double-wall-glass-travel-mug40463938476.jpg","type":"image\/jpeg"}],"twitter_card":"summary_large_image","twitter_misc":{"Tahmini okuma s\u00fcresi":"3 dakika"},"schema":{"@context":"https:\/\/schema.org","@graph":[{"@type":"WebPage","@id":"https:\/\/www.dillerbottle.com\/products\/double-wall-glass-travel-mug","url":"https:\/\/www.dillerbottle.com\/products\/double-wall-glass-travel-mug","name":"\u00c7ift Duvarl\u0131 Cam Seyahat Kupas\u0131 - Diller Su \u015ei\u015fesi \u00dcreticisi","isPartOf":{"@id":"https:\/\/www.dillerbottle.com\/#website"},"primaryImageOfPage":{"@id":"https:\/\/www.dillerbottle.com\/products\/double-wall-glass-travel-mug#primaryimage"},"image":{"@id":"https:\/\/www.dillerbottle.com\/products\/double-wall-glass-travel-mug#primaryimage"},"thumbnailUrl":"https:\/\/www.dillerbottle.com\/wp-content\/uploads\/2024\/09\/double-wall-glass-travel-mug40463938476.jpg","datePublished":"2024-09-24T09:46:08+00:00","dateModified":"2025-07-10T08:05:35+00:00","description":"En iyi \u00e7ift duvarl\u0131 cam seyahat kupas\u0131 \u00fcreticilerinden ve tedarik\u00e7ilerinden biri olarak, kaliteli su \u015fi\u015feleri \u00fcretiyoruz. Toptan sat\u0131\u015f yapman\u0131z\u0131 veya bizden rekabet\u00e7i fiyatlarla \u00f6zel yap\u0131m \u00e7ift duvarl\u0131 cam seyahat kupas\u0131 sat\u0131n alman\u0131z\u0131 i\u00e7tenlikle bekliyoruz. Ayr\u0131ca, k\u00fc\u00e7\u00fck miktardaki sipari\u015fler de kabul edilebilir.","breadcrumb":{"@id":"https:\/\/www.dillerbottle.com\/products\/double-wall-glass-travel-mug#breadcrumb"},"inLanguage":"tr","potentialAction":[{"@type":"ReadAction","target":["https:\/\/www.dillerbottle.com\/products\/double-wall-glass-travel-mug"]}]},{"@type":"ImageObject","inLanguage":"tr","@id":"https:\/\/www.dillerbottle.com\/products\/double-wall-glass-travel-mug#primaryimage","url":"https:\/\/www.dillerbottle.com\/wp-content\/uploads\/2024\/09\/double-wall-glass-travel-mug40463938476.jpg","contentUrl":"https:\/\/www.dillerbottle.com\/wp-content\/uploads\/2024\/09\/double-wall-glass-travel-mug40463938476.jpg","width":730,"height":730},{"@type":"BreadcrumbList","@id":"https:\/\/www.dillerbottle.com\/products\/double-wall-glass-travel-mug#breadcrumb","itemListElement":[{"@type":"ListItem","position":1,"name":"Home","item":"https:\/\/www.dillerbottle.com\/"},{"@type":"ListItem","position":2,"name":"Products","item":"https:\/\/www.dillerbottle.com\/shop"},{"@type":"ListItem","position":3,"name":"Double Wall Glass Travel Mug"}]},{"@type":"WebSite","@id":"https:\/\/www.dillerbottle.com\/#website","url":"https:\/\/www.dillerbottle.com\/","name":"Diller Su \u015ei\u015fesi \u00dcreticisi","description":"Su \u015ei\u015fesi \u00dcreticisi","publisher":{"@id":"https:\/\/www.dillerbottle.com\/#organization"},"potentialAction":[{"@type":"SearchAction","target":{"@type":"EntryPoint","urlTemplate":"https:\/\/www.dillerbottle.com\/?s={search_term_string}"},"query-input":{"@type":"PropertyValueSpecification","valueRequired":true,"valueName":"search_term_string"}}],"inLanguage":"tr"},{"@type":"Organization","@id":"https:\/\/www.dillerbottle.com\/#organization","name":"Diller Su \u015ei\u015fesi \u00dcreticisi","url":"https:\/\/www.dillerbottle.com\/","logo":{"@type":"ImageObject","inLanguage":"tr","@id":"https:\/\/www.dillerbottle.com\/#\/schema\/logo\/image\/","url":"https:\/\/www.dillerbottle.com\/wp-content\/uploads\/2024\/09\/49918bfa848dcc1e9f8b509933603ac.png","contentUrl":"https:\/\/www.dillerbottle.com\/wp-content\/uploads\/2024\/09\/49918bfa848dcc1e9f8b509933603ac.png","width":988,"height":198,"caption":"Diller Water Bottle Manufacturer"},"image":{"@id":"https:\/\/www.dillerbottle.com\/#\/schema\/logo\/image\/"}}]}},"_links":{"self":[{"href":"https:\/\/www.dillerbottle.com\/tr\/wp-json\/wp\/v2\/product\/2106","targetHints":{"allow":["GET"]}}],"collection":[{"href":"https:\/\/www.dillerbottle.com\/tr\/wp-json\/wp\/v2\/product"}],"about":[{"href":"https:\/\/www.dillerbottle.com\/tr\/wp-json\/wp\/v2\/types\/product"}],"replies":[{"embeddable":true,"href":"https:\/\/www.dillerbottle.com\/tr\/wp-json\/wp\/v2\/comments?post=2106"}],"wp:featuredmedia":[{"embeddable":true,"href":"https:\/\/www.dillerbottle.com\/tr\/wp-json\/wp\/v2\/media\/2107"}],"wp:attachment":[{"href":"https:\/\/www.dillerbottle.com\/tr\/wp-json\/wp\/v2\/media?parent=2106"}],"wp:term":[{"taxonomy":"product_brand","embeddable":true,"href":"https:\/\/www.dillerbottle.com\/tr\/wp-json\/wp\/v2\/product_brand?post=2106"},{"taxonomy":"product_cat","embeddable":true,"href":"https:\/\/www.dillerbottle.com\/tr\/wp-json\/wp\/v2\/product_cat?post=2106"},{"taxonomy":"product_tag","embeddable":true,"href":"https:\/\/www.dillerbottle.com\/tr\/wp-json\/wp\/v2\/product_tag?post=2106"}],"curies":[{"name":"wp","href":"https:\/\/api.w.org\/{rel}","templated":true}]}}