{"id":2297,"date":"2024-09-25T10:36:33","date_gmt":"2024-09-25T02:36:33","guid":{"rendered":"https:\/\/demo.dillerbottle.com\/uncategorized\/koala-shape-baby-bottles"},"modified":"2025-07-10T15:55:53","modified_gmt":"2025-07-10T07:55:53","slug":"koala-sekilli-bebek-siseleri","status":"publish","type":"product","link":"https:\/\/www.dillerbottle.com\/tr\/products\/koala-shape-baby-bottles","title":{"rendered":"Koala \u015eekilli Bebek \u015ei\u015feleri"},"content":{"rendered":"<p>1. Koala \u015feklindeki bebek \u015fi\u015feleri ultra dayan\u0131kl\u0131, hafif PPSU&#039;dan yap\u0131lm\u0131\u015ft\u0131r. Bebek \u015fi\u015fesinin \u00e7\u0131kar\u0131labilir bir sap\u0131 ve yumu\u015fak bir silikon emme ucu vard\u0131r ve bebe\u011fin \u015fi\u015feden su barda\u011f\u0131na ge\u00e7i\u015fine yard\u0131mc\u0131 olur.<\/p>\n<p>2. Ergonomik, tutmas\u0131 kolay kulplara sahip bebek s\u00fct \u015fi\u015fesi.<\/p>\n<p>3. Biberonun \u00fczerindeki kapasite i\u015faretleri bebe\u011finizin ne kadar s\u0131v\u0131 t\u00fcketti\u011fini bilmenizi sa\u011flar.<\/p>\n<p>4. Biberon pipeti yer\u00e7ekimi topu ile donat\u0131lm\u0131\u015ft\u0131r, bebek nas\u0131l hareket ederse etsin, s\u0131v\u0131y\u0131 her a\u00e7\u0131dan kolayca i\u00e7ebilir.<br \/>\n5. Canl\u0131 ve sevimli koala \u015feklindeki bardak kapa\u011f\u0131na sahip 300ML kapasiteli bebek s\u00fct \u015fi\u015fesi, bebe\u011fin dikkatini \u00e7ekebilir ve bebe\u011fin onu sevmesini sa\u011flayabilir.<\/p>","protected":false},"excerpt":{"rendered":"<p>Koala \u015feklindeki bu biberonlar PPSU ve g\u0131da s\u0131n\u0131f\u0131 malzemelerden \u00fcretilmi\u015ftir.<br \/>\nCanl\u0131 ve sevimli koala \u015feklindeki bardak kapa\u011f\u0131na sahip 300ML kapasiteli bebek s\u00fct \u015fi\u015fesi, bebe\u011fin dikkatini \u00e7ekebilir ve bebe\u011fin onu sevmesini sa\u011flayabilir.<br \/>\nKaymaz ark sap\u0131, kullan\u0131m\u0131 \u00e7ok rahat. OEM ve ODM kabul edilebilir.<br \/>\nBebek biberonlar\u0131n\u0131 ihtiya\u00e7lar\u0131n\u0131za g\u00f6re \u00f6zelle\u015ftirebiliyoruz.<br \/>\nToptan sat\u0131n almaya ho\u015f geldiniz, hemen soru\u015fturma g\u00f6nderin!<\/p>","protected":false},"featured_media":2298,"comment_status":"open","ping_status":"closed","template":"","meta":{"_acf_changed":false},"product_brand":[],"product_cat":[77],"product_tag":[32,36,33,31,39,38,82,29,37,34,35,28,30],"class_list":{"0":"post-2297","1":"product","2":"type-product","3":"status-publish","4":"has-post-thumbnail","6":"product_cat-baby-bottles","7":"product_tag-best","8":"product_tag-bulk","9":"product_tag-buy","10":"product_tag-custom","11":"product_tag-for-sale","12":"product_tag-good-quality","13":"product_tag-koala-shape-baby-bottles","14":"product_tag-manufacturers","15":"product_tag-manufacturing","16":"product_tag-price","17":"product_tag-small","18":"product_tag-suppliers","19":"product_tag-wholesale","21":"first","22":"instock","23":"shipping-taxable","24":"product-type-simple"},"acf":[],"yoast_head":"<!-- This site is optimized with the Yoast SEO Premium plugin v27.5 (Yoast SEO v27.5) - https:\/\/yoast.com\/product\/yoast-seo-premium-wordpress\/ -->\n<title>Koala Shape Baby Bottles - Diller Water Bottle Manufacturer<\/title>\n<meta name=\"description\" content=\"As one of the best koala shape baby bottles manufacturers and suppliers, we are engaged in manufacturing good quality water bottles. We warmly welcome you to wholesale or buy custom made koala shape baby bottles at competitive price from us. Also, small quantity orders are acceptable.\" \/>\n<meta name=\"robots\" content=\"index, follow, max-snippet:-1, max-image-preview:large, max-video-preview:-1\" \/>\n<link rel=\"canonical\" href=\"https:\/\/www.dillerbottle.com\/tr\/urunler\/koala-sekilli-bebek-siseleri\" \/>\n<meta property=\"og:locale\" content=\"tr_TR\" \/>\n<meta property=\"og:type\" content=\"article\" \/>\n<meta property=\"og:title\" content=\"Koala Shape Baby Bottles\" \/>\n<meta property=\"og:description\" content=\"As one of the best koala shape baby bottles manufacturers and suppliers, we are engaged in manufacturing good quality water bottles. We warmly welcome you to wholesale or buy custom made koala shape baby bottles at competitive price from us. Also, small quantity orders are acceptable.\" \/>\n<meta property=\"og:url\" content=\"https:\/\/www.dillerbottle.com\/tr\/urunler\/koala-sekilli-bebek-siseleri\" \/>\n<meta property=\"og:site_name\" content=\"Diller Water Bottle Manufacturer\" \/>\n<meta property=\"article:modified_time\" content=\"2025-07-10T07:55:53+00:00\" \/>\n<meta property=\"og:image\" content=\"https:\/\/www.dillerbottle.com\/wp-content\/uploads\/2024\/09\/koala-shape-baby-bottles44001c48-7910-46ce-a1a1-3309d973d32e.jpg\" \/>\n\t<meta property=\"og:image:width\" content=\"730\" \/>\n\t<meta property=\"og:image:height\" content=\"730\" \/>\n\t<meta property=\"og:image:type\" content=\"image\/jpeg\" \/>\n<meta name=\"twitter:card\" content=\"summary_large_image\" \/>\n<meta name=\"twitter:label1\" content=\"Tahmini okuma s\u00fcresi\" \/>\n\t<meta name=\"twitter:data1\" content=\"6 dakika\" \/>\n<script type=\"application\/ld+json\" class=\"yoast-schema-graph\">{\"@context\":\"https:\\\/\\\/schema.org\",\"@graph\":[{\"@type\":\"WebPage\",\"@id\":\"https:\\\/\\\/www.dillerbottle.com\\\/ko\\\/%ec%a0%9c%ed%92%88\\\/%ec%bd%94%ec%95%8c%eb%9d%bc-%eb%aa%a8%ec%96%91-%ec%95%84%ea%b8%b0%ec%9a%a9-%ec%a0%96%eb%b3%91\",\"url\":\"https:\\\/\\\/www.dillerbottle.com\\\/ko\\\/%ec%a0%9c%ed%92%88\\\/%ec%bd%94%ec%95%8c%eb%9d%bc-%eb%aa%a8%ec%96%91-%ec%95%84%ea%b8%b0%ec%9a%a9-%ec%a0%96%eb%b3%91\",\"name\":\"Koala Shape Baby Bottles - Diller Water Bottle Manufacturer\",\"isPartOf\":{\"@id\":\"https:\\\/\\\/www.dillerbottle.com\\\/#website\"},\"primaryImageOfPage\":{\"@id\":\"https:\\\/\\\/www.dillerbottle.com\\\/ko\\\/%ec%a0%9c%ed%92%88\\\/%ec%bd%94%ec%95%8c%eb%9d%bc-%eb%aa%a8%ec%96%91-%ec%95%84%ea%b8%b0%ec%9a%a9-%ec%a0%96%eb%b3%91#primaryimage\"},\"image\":{\"@id\":\"https:\\\/\\\/www.dillerbottle.com\\\/ko\\\/%ec%a0%9c%ed%92%88\\\/%ec%bd%94%ec%95%8c%eb%9d%bc-%eb%aa%a8%ec%96%91-%ec%95%84%ea%b8%b0%ec%9a%a9-%ec%a0%96%eb%b3%91#primaryimage\"},\"thumbnailUrl\":\"https:\\\/\\\/www.dillerbottle.com\\\/wp-content\\\/uploads\\\/2024\\\/09\\\/koala-shape-baby-bottles44001c48-7910-46ce-a1a1-3309d973d32e.jpg\",\"datePublished\":\"2024-09-25T02:36:33+00:00\",\"dateModified\":\"2025-07-10T07:55:53+00:00\",\"description\":\"As one of the best koala shape baby bottles manufacturers and suppliers, we are engaged in manufacturing good quality water bottles. We warmly welcome you to wholesale or buy custom made koala shape baby bottles at competitive price from us. Also, small quantity orders are acceptable.\",\"breadcrumb\":{\"@id\":\"https:\\\/\\\/www.dillerbottle.com\\\/ko\\\/%ec%a0%9c%ed%92%88\\\/%ec%bd%94%ec%95%8c%eb%9d%bc-%eb%aa%a8%ec%96%91-%ec%95%84%ea%b8%b0%ec%9a%a9-%ec%a0%96%eb%b3%91#breadcrumb\"},\"inLanguage\":\"tr\",\"potentialAction\":[{\"@type\":\"ReadAction\",\"target\":[\"https:\\\/\\\/www.dillerbottle.com\\\/ko\\\/%ec%a0%9c%ed%92%88\\\/%ec%bd%94%ec%95%8c%eb%9d%bc-%eb%aa%a8%ec%96%91-%ec%95%84%ea%b8%b0%ec%9a%a9-%ec%a0%96%eb%b3%91\"]}]},{\"@type\":\"ImageObject\",\"inLanguage\":\"tr\",\"@id\":\"https:\\\/\\\/www.dillerbottle.com\\\/ko\\\/%ec%a0%9c%ed%92%88\\\/%ec%bd%94%ec%95%8c%eb%9d%bc-%eb%aa%a8%ec%96%91-%ec%95%84%ea%b8%b0%ec%9a%a9-%ec%a0%96%eb%b3%91#primaryimage\",\"url\":\"https:\\\/\\\/www.dillerbottle.com\\\/wp-content\\\/uploads\\\/2024\\\/09\\\/koala-shape-baby-bottles44001c48-7910-46ce-a1a1-3309d973d32e.jpg\",\"contentUrl\":\"https:\\\/\\\/www.dillerbottle.com\\\/wp-content\\\/uploads\\\/2024\\\/09\\\/koala-shape-baby-bottles44001c48-7910-46ce-a1a1-3309d973d32e.jpg\",\"width\":730,\"height\":730},{\"@type\":\"BreadcrumbList\",\"@id\":\"https:\\\/\\\/www.dillerbottle.com\\\/ko\\\/%ec%a0%9c%ed%92%88\\\/%ec%bd%94%ec%95%8c%eb%9d%bc-%eb%aa%a8%ec%96%91-%ec%95%84%ea%b8%b0%ec%9a%a9-%ec%a0%96%eb%b3%91#breadcrumb\",\"itemListElement\":[{\"@type\":\"ListItem\",\"position\":1,\"name\":\"Home\",\"item\":\"https:\\\/\\\/www.dillerbottle.com\\\/\"},{\"@type\":\"ListItem\",\"position\":2,\"name\":\"Products\",\"item\":\"https:\\\/\\\/www.dillerbottle.com\\\/shop\"},{\"@type\":\"ListItem\",\"position\":3,\"name\":\"Koala Shape Baby Bottles\"}]},{\"@type\":\"WebSite\",\"@id\":\"https:\\\/\\\/www.dillerbottle.com\\\/#website\",\"url\":\"https:\\\/\\\/www.dillerbottle.com\\\/\",\"name\":\"Diller Water Bottle Manufacturer\",\"description\":\"Water Bottle Manufacturer\",\"publisher\":{\"@id\":\"https:\\\/\\\/www.dillerbottle.com\\\/#organization\"},\"potentialAction\":[{\"@type\":\"SearchAction\",\"target\":{\"@type\":\"EntryPoint\",\"urlTemplate\":\"https:\\\/\\\/www.dillerbottle.com\\\/?s={search_term_string}\"},\"query-input\":{\"@type\":\"PropertyValueSpecification\",\"valueRequired\":true,\"valueName\":\"search_term_string\"}}],\"inLanguage\":\"tr\"},{\"@type\":\"Organization\",\"@id\":\"https:\\\/\\\/www.dillerbottle.com\\\/#organization\",\"name\":\"Diller Water Bottle Manufacturer\",\"url\":\"https:\\\/\\\/www.dillerbottle.com\\\/\",\"logo\":{\"@type\":\"ImageObject\",\"inLanguage\":\"tr\",\"@id\":\"https:\\\/\\\/www.dillerbottle.com\\\/#\\\/schema\\\/logo\\\/image\\\/\",\"url\":\"https:\\\/\\\/www.dillerbottle.com\\\/wp-content\\\/uploads\\\/2024\\\/09\\\/49918bfa848dcc1e9f8b509933603ac.png\",\"contentUrl\":\"https:\\\/\\\/www.dillerbottle.com\\\/wp-content\\\/uploads\\\/2024\\\/09\\\/49918bfa848dcc1e9f8b509933603ac.png\",\"width\":988,\"height\":198,\"caption\":\"Diller Water Bottle Manufacturer\"},\"image\":{\"@id\":\"https:\\\/\\\/www.dillerbottle.com\\\/#\\\/schema\\\/logo\\\/image\\\/\"}}]}<\/script>\n<!-- \/ Yoast SEO Premium plugin. -->","yoast_head_json":{"title":"Koala \u015eekilli Bebek \u015ei\u015feleri - Diller Su \u015ei\u015fesi \u00dcreticisi","description":"En iyi koala \u015fekilli bebek \u015fi\u015feleri \u00fcreticilerinden ve tedarik\u00e7ilerinden biri olarak, kaliteli su \u015fi\u015feleri \u00fcretiyoruz. Toptan sat\u0131\u015f yapman\u0131z\u0131 veya bizden rekabet\u00e7i fiyatlarla \u00f6zel yap\u0131m koala \u015fekilli bebek \u015fi\u015feleri sat\u0131n alman\u0131z\u0131 i\u00e7tenlikle bekliyoruz. Ayr\u0131ca, k\u00fc\u00e7\u00fck miktardaki sipari\u015fler de kabul edilebilir.","robots":{"index":"index","follow":"follow","max-snippet":"max-snippet:-1","max-image-preview":"max-image-preview:large","max-video-preview":"max-video-preview:-1"},"canonical":"https:\/\/www.dillerbottle.com\/tr\/urunler\/koala-sekilli-bebek-siseleri","og_locale":"tr_TR","og_type":"article","og_title":"Koala Shape Baby Bottles","og_description":"As one of the best koala shape baby bottles manufacturers and suppliers, we are engaged in manufacturing good quality water bottles. We warmly welcome you to wholesale or buy custom made koala shape baby bottles at competitive price from us. Also, small quantity orders are acceptable.","og_url":"https:\/\/www.dillerbottle.com\/tr\/urunler\/koala-sekilli-bebek-siseleri","og_site_name":"Diller Water Bottle Manufacturer","article_modified_time":"2025-07-10T07:55:53+00:00","og_image":[{"width":730,"height":730,"url":"https:\/\/www.dillerbottle.com\/wp-content\/uploads\/2024\/09\/koala-shape-baby-bottles44001c48-7910-46ce-a1a1-3309d973d32e.jpg","type":"image\/jpeg"}],"twitter_card":"summary_large_image","twitter_misc":{"Tahmini okuma s\u00fcresi":"6 dakika"},"schema":{"@context":"https:\/\/schema.org","@graph":[{"@type":"WebPage","@id":"https:\/\/www.dillerbottle.com\/ko\/%ec%a0%9c%ed%92%88\/%ec%bd%94%ec%95%8c%eb%9d%bc-%eb%aa%a8%ec%96%91-%ec%95%84%ea%b8%b0%ec%9a%a9-%ec%a0%96%eb%b3%91","url":"https:\/\/www.dillerbottle.com\/ko\/%ec%a0%9c%ed%92%88\/%ec%bd%94%ec%95%8c%eb%9d%bc-%eb%aa%a8%ec%96%91-%ec%95%84%ea%b8%b0%ec%9a%a9-%ec%a0%96%eb%b3%91","name":"Koala \u015eekilli Bebek \u015ei\u015feleri - Diller Su \u015ei\u015fesi \u00dcreticisi","isPartOf":{"@id":"https:\/\/www.dillerbottle.com\/#website"},"primaryImageOfPage":{"@id":"https:\/\/www.dillerbottle.com\/ko\/%ec%a0%9c%ed%92%88\/%ec%bd%94%ec%95%8c%eb%9d%bc-%eb%aa%a8%ec%96%91-%ec%95%84%ea%b8%b0%ec%9a%a9-%ec%a0%96%eb%b3%91#primaryimage"},"image":{"@id":"https:\/\/www.dillerbottle.com\/ko\/%ec%a0%9c%ed%92%88\/%ec%bd%94%ec%95%8c%eb%9d%bc-%eb%aa%a8%ec%96%91-%ec%95%84%ea%b8%b0%ec%9a%a9-%ec%a0%96%eb%b3%91#primaryimage"},"thumbnailUrl":"https:\/\/www.dillerbottle.com\/wp-content\/uploads\/2024\/09\/koala-shape-baby-bottles44001c48-7910-46ce-a1a1-3309d973d32e.jpg","datePublished":"2024-09-25T02:36:33+00:00","dateModified":"2025-07-10T07:55:53+00:00","description":"En iyi koala \u015fekilli bebek \u015fi\u015feleri \u00fcreticilerinden ve tedarik\u00e7ilerinden biri olarak, kaliteli su \u015fi\u015feleri \u00fcretiyoruz. Toptan sat\u0131\u015f yapman\u0131z\u0131 veya bizden rekabet\u00e7i fiyatlarla \u00f6zel yap\u0131m koala \u015fekilli bebek \u015fi\u015feleri sat\u0131n alman\u0131z\u0131 i\u00e7tenlikle bekliyoruz. Ayr\u0131ca, k\u00fc\u00e7\u00fck miktardaki sipari\u015fler de kabul edilebilir.","breadcrumb":{"@id":"https:\/\/www.dillerbottle.com\/ko\/%ec%a0%9c%ed%92%88\/%ec%bd%94%ec%95%8c%eb%9d%bc-%eb%aa%a8%ec%96%91-%ec%95%84%ea%b8%b0%ec%9a%a9-%ec%a0%96%eb%b3%91#breadcrumb"},"inLanguage":"tr","potentialAction":[{"@type":"ReadAction","target":["https:\/\/www.dillerbottle.com\/ko\/%ec%a0%9c%ed%92%88\/%ec%bd%94%ec%95%8c%eb%9d%bc-%eb%aa%a8%ec%96%91-%ec%95%84%ea%b8%b0%ec%9a%a9-%ec%a0%96%eb%b3%91"]}]},{"@type":"ImageObject","inLanguage":"tr","@id":"https:\/\/www.dillerbottle.com\/ko\/%ec%a0%9c%ed%92%88\/%ec%bd%94%ec%95%8c%eb%9d%bc-%eb%aa%a8%ec%96%91-%ec%95%84%ea%b8%b0%ec%9a%a9-%ec%a0%96%eb%b3%91#primaryimage","url":"https:\/\/www.dillerbottle.com\/wp-content\/uploads\/2024\/09\/koala-shape-baby-bottles44001c48-7910-46ce-a1a1-3309d973d32e.jpg","contentUrl":"https:\/\/www.dillerbottle.com\/wp-content\/uploads\/2024\/09\/koala-shape-baby-bottles44001c48-7910-46ce-a1a1-3309d973d32e.jpg","width":730,"height":730},{"@type":"BreadcrumbList","@id":"https:\/\/www.dillerbottle.com\/ko\/%ec%a0%9c%ed%92%88\/%ec%bd%94%ec%95%8c%eb%9d%bc-%eb%aa%a8%ec%96%91-%ec%95%84%ea%b8%b0%ec%9a%a9-%ec%a0%96%eb%b3%91#breadcrumb","itemListElement":[{"@type":"ListItem","position":1,"name":"Home","item":"https:\/\/www.dillerbottle.com\/"},{"@type":"ListItem","position":2,"name":"Products","item":"https:\/\/www.dillerbottle.com\/shop"},{"@type":"ListItem","position":3,"name":"Koala Shape Baby Bottles"}]},{"@type":"WebSite","@id":"https:\/\/www.dillerbottle.com\/#website","url":"https:\/\/www.dillerbottle.com\/","name":"Diller Su \u015ei\u015fesi \u00dcreticisi","description":"Su \u015ei\u015fesi \u00dcreticisi","publisher":{"@id":"https:\/\/www.dillerbottle.com\/#organization"},"potentialAction":[{"@type":"SearchAction","target":{"@type":"EntryPoint","urlTemplate":"https:\/\/www.dillerbottle.com\/?s={search_term_string}"},"query-input":{"@type":"PropertyValueSpecification","valueRequired":true,"valueName":"search_term_string"}}],"inLanguage":"tr"},{"@type":"Organization","@id":"https:\/\/www.dillerbottle.com\/#organization","name":"Diller Su \u015ei\u015fesi \u00dcreticisi","url":"https:\/\/www.dillerbottle.com\/","logo":{"@type":"ImageObject","inLanguage":"tr","@id":"https:\/\/www.dillerbottle.com\/#\/schema\/logo\/image\/","url":"https:\/\/www.dillerbottle.com\/wp-content\/uploads\/2024\/09\/49918bfa848dcc1e9f8b509933603ac.png","contentUrl":"https:\/\/www.dillerbottle.com\/wp-content\/uploads\/2024\/09\/49918bfa848dcc1e9f8b509933603ac.png","width":988,"height":198,"caption":"Diller Water Bottle Manufacturer"},"image":{"@id":"https:\/\/www.dillerbottle.com\/#\/schema\/logo\/image\/"}}]}},"_links":{"self":[{"href":"https:\/\/www.dillerbottle.com\/tr\/wp-json\/wp\/v2\/product\/2297","targetHints":{"allow":["GET"]}}],"collection":[{"href":"https:\/\/www.dillerbottle.com\/tr\/wp-json\/wp\/v2\/product"}],"about":[{"href":"https:\/\/www.dillerbottle.com\/tr\/wp-json\/wp\/v2\/types\/product"}],"replies":[{"embeddable":true,"href":"https:\/\/www.dillerbottle.com\/tr\/wp-json\/wp\/v2\/comments?post=2297"}],"wp:featuredmedia":[{"embeddable":true,"href":"https:\/\/www.dillerbottle.com\/tr\/wp-json\/wp\/v2\/media\/2298"}],"wp:attachment":[{"href":"https:\/\/www.dillerbottle.com\/tr\/wp-json\/wp\/v2\/media?parent=2297"}],"wp:term":[{"taxonomy":"product_brand","embeddable":true,"href":"https:\/\/www.dillerbottle.com\/tr\/wp-json\/wp\/v2\/product_brand?post=2297"},{"taxonomy":"product_cat","embeddable":true,"href":"https:\/\/www.dillerbottle.com\/tr\/wp-json\/wp\/v2\/product_cat?post=2297"},{"taxonomy":"product_tag","embeddable":true,"href":"https:\/\/www.dillerbottle.com\/tr\/wp-json\/wp\/v2\/product_tag?post=2297"}],"curies":[{"name":"wp","href":"https:\/\/api.w.org\/{rel}","templated":true}]}}