{"id":2550,"date":"2024-09-25T16:46:28","date_gmt":"2024-09-25T08:46:28","guid":{"rendered":"https:\/\/demo.dillerbottle.com\/uncategorized\/bottle-feeding-newborn"},"modified":"2025-07-10T15:47:32","modified_gmt":"2025-07-10T07:47:32","slug":"yenidogani-biberonla-besleme","status":"publish","type":"product","link":"https:\/\/www.dillerbottle.com\/tr\/products\/bottle-feeding-newborn","title":{"rendered":"Yenido\u011fan\u0131 Biberonla Besleme"},"content":{"rendered":"<p>1.Yeni do\u011fan bebeklerin beslenme \u015fi\u015feleri, biberon reddetme ve meme ucu kar\u0131\u015f\u0131kl\u0131\u011f\u0131 sorunlar\u0131n\u0131 azaltmak i\u00e7in emzirmeyi en iyi \u015fekilde taklit edecek \u015fekilde tasarlanm\u0131\u015ft\u0131r.<br \/>\n2. G\u00fcvenli, BPA i\u00e7ermeyen PPSU&#039;dan \u00fcretilmi\u015ftir.<br \/>\n3.Bebek biberonu g\u00f6\u011f\u00fcs gibi esner ve anne gibi hissedilir \u00e7\u00fcnk\u00fc bebekler bunu tercih eder. Garantili bebek kabul\u00fc ve s\u00fcper hassas anti-kolik valfiyle bebek i\u00e7in en iyi \u015feydir.<br \/>\n4. Ultra geni\u015f \u015fi\u015fe a\u011f\u0131z tasar\u0131m\u0131, temizlenmesi ve doldurulmas\u0131 kolayd\u0131r. 5. Kaymayan \u00e7\u0131kar\u0131labilir sapl\u0131, bebe\u011fin kavramas\u0131 i\u00e7in uygundur.<\/p>","protected":false},"excerpt":{"rendered":"<p>\u00d6zellikler: 1.Yeni do\u011fan bebeklerin beslenme \u015fi\u015feleri, biberon reddetme ve meme ucu kar\u0131\u015f\u0131kl\u0131\u011f\u0131 sorunlar\u0131n\u0131 azaltmak i\u00e7in emzirmeyi en iyi \u015fekilde taklit edecek \u015fekilde tasarlanm\u0131\u015ft\u0131r.<br \/>\n2.<br \/>\nG\u00fcvenli, BPA i\u00e7ermeyen PPSU&#039;dan \u00fcretilmi\u015ftir.<br \/>\n3.Bebek biberonu meme gibi esner ve anne s\u00fct\u00fc gibi hissedilir \u00e7\u00fcnk\u00fc bebekler bunu tercih eder.<br \/>\nGarantili bebek ile\u2026<\/p>","protected":false},"featured_media":2551,"comment_status":"open","ping_status":"closed","template":"","meta":{"_acf_changed":false},"product_brand":[],"product_cat":[77],"product_tag":[32,98,36,33,31,39,38,29,37,34,35,28,30],"class_list":{"0":"post-2550","1":"product","2":"type-product","3":"status-publish","4":"has-post-thumbnail","6":"product_cat-baby-bottles","7":"product_tag-best","8":"product_tag-bottle-feeding-newborn","9":"product_tag-bulk","10":"product_tag-buy","11":"product_tag-custom","12":"product_tag-for-sale","13":"product_tag-good-quality","14":"product_tag-manufacturers","15":"product_tag-manufacturing","16":"product_tag-price","17":"product_tag-small","18":"product_tag-suppliers","19":"product_tag-wholesale","21":"first","22":"instock","23":"shipping-taxable","24":"product-type-simple"},"acf":[],"yoast_head":"<!-- This site is optimized with the Yoast SEO Premium plugin v27.4 (Yoast SEO v27.4) - https:\/\/yoast.com\/product\/yoast-seo-premium-wordpress\/ -->\n<title>Bottle Feeding Newborn - Diller Water Bottle Manufacturer<\/title>\n<meta name=\"description\" content=\"As one of the best bottle feeding newborn manufacturers and suppliers, we are engaged in manufacturing good quality water bottles. We warmly welcome you to wholesale or buy custom made bottle feeding newborn at competitive price from us. Also, small quantity orders are acceptable.\" \/>\n<meta name=\"robots\" content=\"index, follow, max-snippet:-1, max-image-preview:large, max-video-preview:-1\" \/>\n<link rel=\"canonical\" href=\"https:\/\/www.dillerbottle.com\/tr\/urunler\/yenidogani-biberonla-besleme\" \/>\n<meta property=\"og:locale\" content=\"tr_TR\" \/>\n<meta property=\"og:type\" content=\"article\" \/>\n<meta property=\"og:title\" content=\"Bottle Feeding Newborn\" \/>\n<meta property=\"og:description\" content=\"As one of the best bottle feeding newborn manufacturers and suppliers, we are engaged in manufacturing good quality water bottles. We warmly welcome you to wholesale or buy custom made bottle feeding newborn at competitive price from us. Also, small quantity orders are acceptable.\" \/>\n<meta property=\"og:url\" content=\"https:\/\/www.dillerbottle.com\/tr\/urunler\/yenidogani-biberonla-besleme\" \/>\n<meta property=\"og:site_name\" content=\"Diller Water Bottle Manufacturer\" \/>\n<meta property=\"article:modified_time\" content=\"2025-07-10T07:47:32+00:00\" \/>\n<meta property=\"og:image\" content=\"https:\/\/www.dillerbottle.com\/wp-content\/uploads\/2024\/09\/bottle-feeding-newborn37311871557.jpg\" \/>\n\t<meta property=\"og:image:width\" content=\"730\" \/>\n\t<meta property=\"og:image:height\" content=\"730\" \/>\n\t<meta property=\"og:image:type\" content=\"image\/jpeg\" \/>\n<meta name=\"twitter:card\" content=\"summary_large_image\" \/>\n<meta name=\"twitter:label1\" content=\"Tahmini okuma s\u00fcresi\" \/>\n\t<meta name=\"twitter:data1\" content=\"2 dakika\" \/>\n<script type=\"application\/ld+json\" class=\"yoast-schema-graph\">{\"@context\":\"https:\\\/\\\/schema.org\",\"@graph\":[{\"@type\":\"WebPage\",\"@id\":\"https:\\\/\\\/www.dillerbottle.com\\\/ja\\\/%e8%a3%bd%e5%93%81\\\/%e6%96%b0%e7%94%9f%e5%85%90%e3%81%ab%e5%93%ba%e4%b9%b3%e7%93%b6%e3%81%a7%e6%8e%88%e4%b9%b3%e3%81%99%e3%82%8b\",\"url\":\"https:\\\/\\\/www.dillerbottle.com\\\/ja\\\/%e8%a3%bd%e5%93%81\\\/%e6%96%b0%e7%94%9f%e5%85%90%e3%81%ab%e5%93%ba%e4%b9%b3%e7%93%b6%e3%81%a7%e6%8e%88%e4%b9%b3%e3%81%99%e3%82%8b\",\"name\":\"Bottle Feeding Newborn - Diller Water Bottle Manufacturer\",\"isPartOf\":{\"@id\":\"https:\\\/\\\/www.dillerbottle.com\\\/#website\"},\"primaryImageOfPage\":{\"@id\":\"https:\\\/\\\/www.dillerbottle.com\\\/ja\\\/%e8%a3%bd%e5%93%81\\\/%e6%96%b0%e7%94%9f%e5%85%90%e3%81%ab%e5%93%ba%e4%b9%b3%e7%93%b6%e3%81%a7%e6%8e%88%e4%b9%b3%e3%81%99%e3%82%8b#primaryimage\"},\"image\":{\"@id\":\"https:\\\/\\\/www.dillerbottle.com\\\/ja\\\/%e8%a3%bd%e5%93%81\\\/%e6%96%b0%e7%94%9f%e5%85%90%e3%81%ab%e5%93%ba%e4%b9%b3%e7%93%b6%e3%81%a7%e6%8e%88%e4%b9%b3%e3%81%99%e3%82%8b#primaryimage\"},\"thumbnailUrl\":\"https:\\\/\\\/www.dillerbottle.com\\\/wp-content\\\/uploads\\\/2024\\\/09\\\/bottle-feeding-newborn37311871557.jpg\",\"datePublished\":\"2024-09-25T08:46:28+00:00\",\"dateModified\":\"2025-07-10T07:47:32+00:00\",\"description\":\"As one of the best bottle feeding newborn manufacturers and suppliers, we are engaged in manufacturing good quality water bottles. We warmly welcome you to wholesale or buy custom made bottle feeding newborn at competitive price from us. Also, small quantity orders are acceptable.\",\"breadcrumb\":{\"@id\":\"https:\\\/\\\/www.dillerbottle.com\\\/ja\\\/%e8%a3%bd%e5%93%81\\\/%e6%96%b0%e7%94%9f%e5%85%90%e3%81%ab%e5%93%ba%e4%b9%b3%e7%93%b6%e3%81%a7%e6%8e%88%e4%b9%b3%e3%81%99%e3%82%8b#breadcrumb\"},\"inLanguage\":\"tr\",\"potentialAction\":[{\"@type\":\"ReadAction\",\"target\":[\"https:\\\/\\\/www.dillerbottle.com\\\/ja\\\/%e8%a3%bd%e5%93%81\\\/%e6%96%b0%e7%94%9f%e5%85%90%e3%81%ab%e5%93%ba%e4%b9%b3%e7%93%b6%e3%81%a7%e6%8e%88%e4%b9%b3%e3%81%99%e3%82%8b\"]}]},{\"@type\":\"ImageObject\",\"inLanguage\":\"tr\",\"@id\":\"https:\\\/\\\/www.dillerbottle.com\\\/ja\\\/%e8%a3%bd%e5%93%81\\\/%e6%96%b0%e7%94%9f%e5%85%90%e3%81%ab%e5%93%ba%e4%b9%b3%e7%93%b6%e3%81%a7%e6%8e%88%e4%b9%b3%e3%81%99%e3%82%8b#primaryimage\",\"url\":\"https:\\\/\\\/www.dillerbottle.com\\\/wp-content\\\/uploads\\\/2024\\\/09\\\/bottle-feeding-newborn37311871557.jpg\",\"contentUrl\":\"https:\\\/\\\/www.dillerbottle.com\\\/wp-content\\\/uploads\\\/2024\\\/09\\\/bottle-feeding-newborn37311871557.jpg\",\"width\":730,\"height\":730},{\"@type\":\"BreadcrumbList\",\"@id\":\"https:\\\/\\\/www.dillerbottle.com\\\/ja\\\/%e8%a3%bd%e5%93%81\\\/%e6%96%b0%e7%94%9f%e5%85%90%e3%81%ab%e5%93%ba%e4%b9%b3%e7%93%b6%e3%81%a7%e6%8e%88%e4%b9%b3%e3%81%99%e3%82%8b#breadcrumb\",\"itemListElement\":[{\"@type\":\"ListItem\",\"position\":1,\"name\":\"Home\",\"item\":\"https:\\\/\\\/www.dillerbottle.com\\\/\"},{\"@type\":\"ListItem\",\"position\":2,\"name\":\"Products\",\"item\":\"https:\\\/\\\/www.dillerbottle.com\\\/shop\"},{\"@type\":\"ListItem\",\"position\":3,\"name\":\"Bottle Feeding Newborn\"}]},{\"@type\":\"WebSite\",\"@id\":\"https:\\\/\\\/www.dillerbottle.com\\\/#website\",\"url\":\"https:\\\/\\\/www.dillerbottle.com\\\/\",\"name\":\"Diller Water Bottle Manufacturer\",\"description\":\"Water Bottle Manufacturer\",\"publisher\":{\"@id\":\"https:\\\/\\\/www.dillerbottle.com\\\/#organization\"},\"potentialAction\":[{\"@type\":\"SearchAction\",\"target\":{\"@type\":\"EntryPoint\",\"urlTemplate\":\"https:\\\/\\\/www.dillerbottle.com\\\/?s={search_term_string}\"},\"query-input\":{\"@type\":\"PropertyValueSpecification\",\"valueRequired\":true,\"valueName\":\"search_term_string\"}}],\"inLanguage\":\"tr\"},{\"@type\":\"Organization\",\"@id\":\"https:\\\/\\\/www.dillerbottle.com\\\/#organization\",\"name\":\"Diller Water Bottle Manufacturer\",\"url\":\"https:\\\/\\\/www.dillerbottle.com\\\/\",\"logo\":{\"@type\":\"ImageObject\",\"inLanguage\":\"tr\",\"@id\":\"https:\\\/\\\/www.dillerbottle.com\\\/#\\\/schema\\\/logo\\\/image\\\/\",\"url\":\"https:\\\/\\\/www.dillerbottle.com\\\/wp-content\\\/uploads\\\/2024\\\/09\\\/49918bfa848dcc1e9f8b509933603ac.png\",\"contentUrl\":\"https:\\\/\\\/www.dillerbottle.com\\\/wp-content\\\/uploads\\\/2024\\\/09\\\/49918bfa848dcc1e9f8b509933603ac.png\",\"width\":988,\"height\":198,\"caption\":\"Diller Water Bottle Manufacturer\"},\"image\":{\"@id\":\"https:\\\/\\\/www.dillerbottle.com\\\/#\\\/schema\\\/logo\\\/image\\\/\"}}]}<\/script>\n<!-- \/ Yoast SEO Premium plugin. -->","yoast_head_json":{"title":"Yenido\u011fan\u0131 Biberonla Besleme - Diller Su \u015ei\u015fesi \u00dcreticisi","description":"En iyi biberonla besleme yenido\u011fan \u00fcreticilerinden ve tedarik\u00e7ilerinden biri olarak, kaliteli su \u015fi\u015feleri \u00fcretiyoruz. Toptan sat\u0131\u015f yapman\u0131z\u0131 veya bizden rekabet\u00e7i fiyatlarla \u00f6zel yap\u0131m biberonla besleme yenido\u011fan sat\u0131n alman\u0131z\u0131 i\u00e7tenlikle bekliyoruz. Ayr\u0131ca, k\u00fc\u00e7\u00fck miktardaki sipari\u015fler de kabul edilebilir.","robots":{"index":"index","follow":"follow","max-snippet":"max-snippet:-1","max-image-preview":"max-image-preview:large","max-video-preview":"max-video-preview:-1"},"canonical":"https:\/\/www.dillerbottle.com\/tr\/urunler\/yenidogani-biberonla-besleme","og_locale":"tr_TR","og_type":"article","og_title":"Bottle Feeding Newborn","og_description":"As one of the best bottle feeding newborn manufacturers and suppliers, we are engaged in manufacturing good quality water bottles. We warmly welcome you to wholesale or buy custom made bottle feeding newborn at competitive price from us. Also, small quantity orders are acceptable.","og_url":"https:\/\/www.dillerbottle.com\/tr\/urunler\/yenidogani-biberonla-besleme","og_site_name":"Diller Water Bottle Manufacturer","article_modified_time":"2025-07-10T07:47:32+00:00","og_image":[{"width":730,"height":730,"url":"https:\/\/www.dillerbottle.com\/wp-content\/uploads\/2024\/09\/bottle-feeding-newborn37311871557.jpg","type":"image\/jpeg"}],"twitter_card":"summary_large_image","twitter_misc":{"Tahmini okuma s\u00fcresi":"2 dakika"},"schema":{"@context":"https:\/\/schema.org","@graph":[{"@type":"WebPage","@id":"https:\/\/www.dillerbottle.com\/ja\/%e8%a3%bd%e5%93%81\/%e6%96%b0%e7%94%9f%e5%85%90%e3%81%ab%e5%93%ba%e4%b9%b3%e7%93%b6%e3%81%a7%e6%8e%88%e4%b9%b3%e3%81%99%e3%82%8b","url":"https:\/\/www.dillerbottle.com\/ja\/%e8%a3%bd%e5%93%81\/%e6%96%b0%e7%94%9f%e5%85%90%e3%81%ab%e5%93%ba%e4%b9%b3%e7%93%b6%e3%81%a7%e6%8e%88%e4%b9%b3%e3%81%99%e3%82%8b","name":"Yenido\u011fan\u0131 Biberonla Besleme - Diller Su \u015ei\u015fesi \u00dcreticisi","isPartOf":{"@id":"https:\/\/www.dillerbottle.com\/#website"},"primaryImageOfPage":{"@id":"https:\/\/www.dillerbottle.com\/ja\/%e8%a3%bd%e5%93%81\/%e6%96%b0%e7%94%9f%e5%85%90%e3%81%ab%e5%93%ba%e4%b9%b3%e7%93%b6%e3%81%a7%e6%8e%88%e4%b9%b3%e3%81%99%e3%82%8b#primaryimage"},"image":{"@id":"https:\/\/www.dillerbottle.com\/ja\/%e8%a3%bd%e5%93%81\/%e6%96%b0%e7%94%9f%e5%85%90%e3%81%ab%e5%93%ba%e4%b9%b3%e7%93%b6%e3%81%a7%e6%8e%88%e4%b9%b3%e3%81%99%e3%82%8b#primaryimage"},"thumbnailUrl":"https:\/\/www.dillerbottle.com\/wp-content\/uploads\/2024\/09\/bottle-feeding-newborn37311871557.jpg","datePublished":"2024-09-25T08:46:28+00:00","dateModified":"2025-07-10T07:47:32+00:00","description":"En iyi biberonla besleme yenido\u011fan \u00fcreticilerinden ve tedarik\u00e7ilerinden biri olarak, kaliteli su \u015fi\u015feleri \u00fcretiyoruz. Toptan sat\u0131\u015f yapman\u0131z\u0131 veya bizden rekabet\u00e7i fiyatlarla \u00f6zel yap\u0131m biberonla besleme yenido\u011fan sat\u0131n alman\u0131z\u0131 i\u00e7tenlikle bekliyoruz. Ayr\u0131ca, k\u00fc\u00e7\u00fck miktardaki sipari\u015fler de kabul edilebilir.","breadcrumb":{"@id":"https:\/\/www.dillerbottle.com\/ja\/%e8%a3%bd%e5%93%81\/%e6%96%b0%e7%94%9f%e5%85%90%e3%81%ab%e5%93%ba%e4%b9%b3%e7%93%b6%e3%81%a7%e6%8e%88%e4%b9%b3%e3%81%99%e3%82%8b#breadcrumb"},"inLanguage":"tr","potentialAction":[{"@type":"ReadAction","target":["https:\/\/www.dillerbottle.com\/ja\/%e8%a3%bd%e5%93%81\/%e6%96%b0%e7%94%9f%e5%85%90%e3%81%ab%e5%93%ba%e4%b9%b3%e7%93%b6%e3%81%a7%e6%8e%88%e4%b9%b3%e3%81%99%e3%82%8b"]}]},{"@type":"ImageObject","inLanguage":"tr","@id":"https:\/\/www.dillerbottle.com\/ja\/%e8%a3%bd%e5%93%81\/%e6%96%b0%e7%94%9f%e5%85%90%e3%81%ab%e5%93%ba%e4%b9%b3%e7%93%b6%e3%81%a7%e6%8e%88%e4%b9%b3%e3%81%99%e3%82%8b#primaryimage","url":"https:\/\/www.dillerbottle.com\/wp-content\/uploads\/2024\/09\/bottle-feeding-newborn37311871557.jpg","contentUrl":"https:\/\/www.dillerbottle.com\/wp-content\/uploads\/2024\/09\/bottle-feeding-newborn37311871557.jpg","width":730,"height":730},{"@type":"BreadcrumbList","@id":"https:\/\/www.dillerbottle.com\/ja\/%e8%a3%bd%e5%93%81\/%e6%96%b0%e7%94%9f%e5%85%90%e3%81%ab%e5%93%ba%e4%b9%b3%e7%93%b6%e3%81%a7%e6%8e%88%e4%b9%b3%e3%81%99%e3%82%8b#breadcrumb","itemListElement":[{"@type":"ListItem","position":1,"name":"Home","item":"https:\/\/www.dillerbottle.com\/"},{"@type":"ListItem","position":2,"name":"Products","item":"https:\/\/www.dillerbottle.com\/shop"},{"@type":"ListItem","position":3,"name":"Bottle Feeding Newborn"}]},{"@type":"WebSite","@id":"https:\/\/www.dillerbottle.com\/#website","url":"https:\/\/www.dillerbottle.com\/","name":"Diller Su \u015ei\u015fesi \u00dcreticisi","description":"Su \u015ei\u015fesi \u00dcreticisi","publisher":{"@id":"https:\/\/www.dillerbottle.com\/#organization"},"potentialAction":[{"@type":"SearchAction","target":{"@type":"EntryPoint","urlTemplate":"https:\/\/www.dillerbottle.com\/?s={search_term_string}"},"query-input":{"@type":"PropertyValueSpecification","valueRequired":true,"valueName":"search_term_string"}}],"inLanguage":"tr"},{"@type":"Organization","@id":"https:\/\/www.dillerbottle.com\/#organization","name":"Diller Su \u015ei\u015fesi \u00dcreticisi","url":"https:\/\/www.dillerbottle.com\/","logo":{"@type":"ImageObject","inLanguage":"tr","@id":"https:\/\/www.dillerbottle.com\/#\/schema\/logo\/image\/","url":"https:\/\/www.dillerbottle.com\/wp-content\/uploads\/2024\/09\/49918bfa848dcc1e9f8b509933603ac.png","contentUrl":"https:\/\/www.dillerbottle.com\/wp-content\/uploads\/2024\/09\/49918bfa848dcc1e9f8b509933603ac.png","width":988,"height":198,"caption":"Diller Water Bottle Manufacturer"},"image":{"@id":"https:\/\/www.dillerbottle.com\/#\/schema\/logo\/image\/"}}]}},"_links":{"self":[{"href":"https:\/\/www.dillerbottle.com\/tr\/wp-json\/wp\/v2\/product\/2550","targetHints":{"allow":["GET"]}}],"collection":[{"href":"https:\/\/www.dillerbottle.com\/tr\/wp-json\/wp\/v2\/product"}],"about":[{"href":"https:\/\/www.dillerbottle.com\/tr\/wp-json\/wp\/v2\/types\/product"}],"replies":[{"embeddable":true,"href":"https:\/\/www.dillerbottle.com\/tr\/wp-json\/wp\/v2\/comments?post=2550"}],"wp:featuredmedia":[{"embeddable":true,"href":"https:\/\/www.dillerbottle.com\/tr\/wp-json\/wp\/v2\/media\/2551"}],"wp:attachment":[{"href":"https:\/\/www.dillerbottle.com\/tr\/wp-json\/wp\/v2\/media?parent=2550"}],"wp:term":[{"taxonomy":"product_brand","embeddable":true,"href":"https:\/\/www.dillerbottle.com\/tr\/wp-json\/wp\/v2\/product_brand?post=2550"},{"taxonomy":"product_cat","embeddable":true,"href":"https:\/\/www.dillerbottle.com\/tr\/wp-json\/wp\/v2\/product_cat?post=2550"},{"taxonomy":"product_tag","embeddable":true,"href":"https:\/\/www.dillerbottle.com\/tr\/wp-json\/wp\/v2\/product_tag?post=2550"}],"curies":[{"name":"wp","href":"https:\/\/api.w.org\/{rel}","templated":true}]}}