{"id":3049,"date":"2024-09-26T09:42:09","date_gmt":"2024-09-26T01:42:09","guid":{"rendered":"https:\/\/demo.dillerbottle.com\/uncategorized\/vacuum-food-flask"},"modified":"2025-07-10T15:35:00","modified_gmt":"2025-07-10T07:35:00","slug":"vakumlu-gida-matarasi","status":"publish","type":"product","link":"https:\/\/www.dillerbottle.com\/tr\/products\/vacuum-food-flask","title":{"rendered":"Vakumlu G\u0131da Mataras\u0131"},"content":{"rendered":"<p>Vakumlu g\u0131da mataras\u0131n\u0131n \u00f6zellikleri:<br \/>\n1.;Vakumlu g\u0131da mataras\u0131, 100% BPA i\u00e7ermeyen ve toksik olmayan 18\/8 (304) paslanmaz \u00e7elikten yap\u0131lm\u0131\u015ft\u0131r. Asla metal tad\u0131 veya pas b\u0131rakmaz.;;Bu vakumlu g\u0131da mataras\u0131, rahat\u0131n\u0131z i\u00e7in katlanabilir paslanmaz \u00e7elik bir ka\u015f\u0131kla birlikte gelir.<\/p>\n<p>2. \u00c7ift duvarl\u0131 yal\u0131t\u0131m, yiyecekleri 12 saate kadar so\u011fuk, 8 saate kadar s\u0131cak tutabilir.<\/p>\n<p>3.;550 Ml (19 ons) kapasite tam boy bir \u00f6\u011fle yeme\u011fi veya ak\u015fam yeme\u011fi ta\u015f\u0131mak i\u00e7in yeterlidir. Boyut \u00e7o\u011fu insan i\u00e7in uygundur ve yeti\u015fkinler ve gen\u00e7ler i\u00e7in m\u00fckemmeldir.<\/p>","protected":false},"excerpt":{"rendered":"<p>Vakumlu g\u0131da mataras\u0131n\u0131n \u00f6zellikleri: 1.<br \/>\nVakumlu g\u0131da mataras\u0131, BPA i\u00e7ermeyen ve toksik olmayan 100% 18\/8 (304) paslanmaz \u00e7elikten \u00fcretilmi\u015ftir.<br \/>\nAsla metal tad\u0131 veya paslanma yapmaz.<br \/>\nBu vakumlu g\u0131da mataras\u0131, kullan\u0131m kolayl\u0131\u011f\u0131n\u0131z i\u00e7in katlanabilir paslanmaz \u00e7elik ka\u015f\u0131kla birlikte gelir.<br \/>\n2.<br \/>\n\u00c7ift duvar izolasyonu\u2026<\/p>","protected":false},"featured_media":3050,"comment_status":"open","ping_status":"closed","template":"","meta":{"_acf_changed":false},"product_brand":[],"product_cat":[108],"product_tag":[168,32,36,33,31,39,38,135,29,37,34,35,125,28,165,160,115,170,30],"class_list":{"0":"post-3049","1":"product","2":"type-product","3":"status-publish","4":"has-post-thumbnail","6":"product_cat-insulated-food-jar","7":"product_tag-baby-food-flask","8":"product_tag-best","9":"product_tag-bulk","10":"product_tag-buy","11":"product_tag-custom","12":"product_tag-for-sale","13":"product_tag-good-quality","14":"product_tag-insulated-thermal-food-container","15":"product_tag-manufacturers","16":"product_tag-manufacturing","17":"product_tag-price","18":"product_tag-small","19":"product_tag-stainless-steel-thermal-jar","20":"product_tag-suppliers","21":"product_tag-thermal-food-box","22":"product_tag-thermal-food-pot-with-lid","23":"product_tag-thermal-insulated-food-container","24":"product_tag-vacuum-food-flask","25":"product_tag-wholesale","27":"first","28":"instock","29":"shipping-taxable","30":"product-type-simple"},"acf":[],"yoast_head":"<!-- This site is optimized with the Yoast SEO Premium plugin v27.5 (Yoast SEO v27.5) - https:\/\/yoast.com\/product\/yoast-seo-premium-wordpress\/ -->\n<title>Vacuum Food Flask - Diller Water Bottle Manufacturer<\/title>\n<meta name=\"description\" content=\"As one of the best vacuum food flask manufacturers and suppliers, we are engaged in manufacturing good quality water bottles. We warmly welcome you to wholesale or buy custom made vacuum food flask at competitive price from us. Also, small quantity orders are acceptable.\" \/>\n<meta name=\"robots\" content=\"index, follow, max-snippet:-1, max-image-preview:large, max-video-preview:-1\" \/>\n<link rel=\"canonical\" href=\"https:\/\/www.dillerbottle.com\/tr\/urunler\/vakumlu-gida-matarasi\" \/>\n<meta property=\"og:locale\" content=\"tr_TR\" \/>\n<meta property=\"og:type\" content=\"article\" \/>\n<meta property=\"og:title\" content=\"Vacuum Food Flask\" \/>\n<meta property=\"og:description\" content=\"As one of the best vacuum food flask manufacturers and suppliers, we are engaged in manufacturing good quality water bottles. We warmly welcome you to wholesale or buy custom made vacuum food flask at competitive price from us. Also, small quantity orders are acceptable.\" \/>\n<meta property=\"og:url\" content=\"https:\/\/www.dillerbottle.com\/tr\/urunler\/vakumlu-gida-matarasi\" \/>\n<meta property=\"og:site_name\" content=\"Diller Water Bottle Manufacturer\" \/>\n<meta property=\"article:modified_time\" content=\"2025-07-10T07:35:00+00:00\" \/>\n<meta property=\"og:image\" content=\"https:\/\/www.dillerbottle.com\/wp-content\/uploads\/2024\/09\/vacuum-food-flask07424560155.jpg\" \/>\n\t<meta property=\"og:image:width\" content=\"730\" \/>\n\t<meta property=\"og:image:height\" content=\"730\" \/>\n\t<meta property=\"og:image:type\" content=\"image\/jpeg\" \/>\n<meta name=\"twitter:card\" content=\"summary_large_image\" \/>\n<meta name=\"twitter:label1\" content=\"Tahmini okuma s\u00fcresi\" \/>\n\t<meta name=\"twitter:data1\" content=\"2 dakika\" \/>\n<script type=\"application\/ld+json\" class=\"yoast-schema-graph\">{\"@context\":\"https:\\\/\\\/schema.org\",\"@graph\":[{\"@type\":\"WebPage\",\"@id\":\"https:\\\/\\\/www.dillerbottle.com\\\/ja\\\/%e8%a3%bd%e5%93%81\\\/%e7%9c%9f%e7%a9%ba%e9%a3%9f%e5%93%81%e3%83%95%e3%83%a9%e3%82%b9%e3%82%b3\",\"url\":\"https:\\\/\\\/www.dillerbottle.com\\\/ja\\\/%e8%a3%bd%e5%93%81\\\/%e7%9c%9f%e7%a9%ba%e9%a3%9f%e5%93%81%e3%83%95%e3%83%a9%e3%82%b9%e3%82%b3\",\"name\":\"Vacuum Food Flask - Diller Water Bottle Manufacturer\",\"isPartOf\":{\"@id\":\"https:\\\/\\\/www.dillerbottle.com\\\/#website\"},\"primaryImageOfPage\":{\"@id\":\"https:\\\/\\\/www.dillerbottle.com\\\/ja\\\/%e8%a3%bd%e5%93%81\\\/%e7%9c%9f%e7%a9%ba%e9%a3%9f%e5%93%81%e3%83%95%e3%83%a9%e3%82%b9%e3%82%b3#primaryimage\"},\"image\":{\"@id\":\"https:\\\/\\\/www.dillerbottle.com\\\/ja\\\/%e8%a3%bd%e5%93%81\\\/%e7%9c%9f%e7%a9%ba%e9%a3%9f%e5%93%81%e3%83%95%e3%83%a9%e3%82%b9%e3%82%b3#primaryimage\"},\"thumbnailUrl\":\"https:\\\/\\\/www.dillerbottle.com\\\/wp-content\\\/uploads\\\/2024\\\/09\\\/vacuum-food-flask07424560155.jpg\",\"datePublished\":\"2024-09-26T01:42:09+00:00\",\"dateModified\":\"2025-07-10T07:35:00+00:00\",\"description\":\"As one of the best vacuum food flask manufacturers and suppliers, we are engaged in manufacturing good quality water bottles. We warmly welcome you to wholesale or buy custom made vacuum food flask at competitive price from us. Also, small quantity orders are acceptable.\",\"breadcrumb\":{\"@id\":\"https:\\\/\\\/www.dillerbottle.com\\\/ja\\\/%e8%a3%bd%e5%93%81\\\/%e7%9c%9f%e7%a9%ba%e9%a3%9f%e5%93%81%e3%83%95%e3%83%a9%e3%82%b9%e3%82%b3#breadcrumb\"},\"inLanguage\":\"tr\",\"potentialAction\":[{\"@type\":\"ReadAction\",\"target\":[\"https:\\\/\\\/www.dillerbottle.com\\\/ja\\\/%e8%a3%bd%e5%93%81\\\/%e7%9c%9f%e7%a9%ba%e9%a3%9f%e5%93%81%e3%83%95%e3%83%a9%e3%82%b9%e3%82%b3\"]}]},{\"@type\":\"ImageObject\",\"inLanguage\":\"tr\",\"@id\":\"https:\\\/\\\/www.dillerbottle.com\\\/ja\\\/%e8%a3%bd%e5%93%81\\\/%e7%9c%9f%e7%a9%ba%e9%a3%9f%e5%93%81%e3%83%95%e3%83%a9%e3%82%b9%e3%82%b3#primaryimage\",\"url\":\"https:\\\/\\\/www.dillerbottle.com\\\/wp-content\\\/uploads\\\/2024\\\/09\\\/vacuum-food-flask07424560155.jpg\",\"contentUrl\":\"https:\\\/\\\/www.dillerbottle.com\\\/wp-content\\\/uploads\\\/2024\\\/09\\\/vacuum-food-flask07424560155.jpg\",\"width\":730,\"height\":730},{\"@type\":\"BreadcrumbList\",\"@id\":\"https:\\\/\\\/www.dillerbottle.com\\\/ja\\\/%e8%a3%bd%e5%93%81\\\/%e7%9c%9f%e7%a9%ba%e9%a3%9f%e5%93%81%e3%83%95%e3%83%a9%e3%82%b9%e3%82%b3#breadcrumb\",\"itemListElement\":[{\"@type\":\"ListItem\",\"position\":1,\"name\":\"Home\",\"item\":\"https:\\\/\\\/www.dillerbottle.com\\\/\"},{\"@type\":\"ListItem\",\"position\":2,\"name\":\"Products\",\"item\":\"https:\\\/\\\/www.dillerbottle.com\\\/shop\"},{\"@type\":\"ListItem\",\"position\":3,\"name\":\"Vacuum Food Flask\"}]},{\"@type\":\"WebSite\",\"@id\":\"https:\\\/\\\/www.dillerbottle.com\\\/#website\",\"url\":\"https:\\\/\\\/www.dillerbottle.com\\\/\",\"name\":\"Diller Water Bottle Manufacturer\",\"description\":\"Water Bottle Manufacturer\",\"publisher\":{\"@id\":\"https:\\\/\\\/www.dillerbottle.com\\\/#organization\"},\"potentialAction\":[{\"@type\":\"SearchAction\",\"target\":{\"@type\":\"EntryPoint\",\"urlTemplate\":\"https:\\\/\\\/www.dillerbottle.com\\\/?s={search_term_string}\"},\"query-input\":{\"@type\":\"PropertyValueSpecification\",\"valueRequired\":true,\"valueName\":\"search_term_string\"}}],\"inLanguage\":\"tr\"},{\"@type\":\"Organization\",\"@id\":\"https:\\\/\\\/www.dillerbottle.com\\\/#organization\",\"name\":\"Diller Water Bottle Manufacturer\",\"url\":\"https:\\\/\\\/www.dillerbottle.com\\\/\",\"logo\":{\"@type\":\"ImageObject\",\"inLanguage\":\"tr\",\"@id\":\"https:\\\/\\\/www.dillerbottle.com\\\/#\\\/schema\\\/logo\\\/image\\\/\",\"url\":\"https:\\\/\\\/www.dillerbottle.com\\\/wp-content\\\/uploads\\\/2024\\\/09\\\/49918bfa848dcc1e9f8b509933603ac.png\",\"contentUrl\":\"https:\\\/\\\/www.dillerbottle.com\\\/wp-content\\\/uploads\\\/2024\\\/09\\\/49918bfa848dcc1e9f8b509933603ac.png\",\"width\":988,\"height\":198,\"caption\":\"Diller Water Bottle Manufacturer\"},\"image\":{\"@id\":\"https:\\\/\\\/www.dillerbottle.com\\\/#\\\/schema\\\/logo\\\/image\\\/\"}}]}<\/script>\n<!-- \/ Yoast SEO Premium plugin. -->","yoast_head_json":{"title":"Vakumlu G\u0131da Mataras\u0131 - Diller Su \u015ei\u015fesi \u00dcreticisi","description":"En iyi vakumlu g\u0131da mataras\u0131 \u00fcreticilerinden ve tedarik\u00e7ilerinden biri olarak, kaliteli su \u015fi\u015feleri \u00fcretiyoruz. Toptan sat\u0131\u015f yapman\u0131z\u0131 veya bizden rekabet\u00e7i fiyatlarla \u00f6zel yap\u0131m vakumlu g\u0131da mataras\u0131 sat\u0131n alman\u0131z\u0131 i\u00e7tenlikle bekliyoruz. Ayr\u0131ca, k\u00fc\u00e7\u00fck miktarda sipari\u015fler de kabul edilebilir.","robots":{"index":"index","follow":"follow","max-snippet":"max-snippet:-1","max-image-preview":"max-image-preview:large","max-video-preview":"max-video-preview:-1"},"canonical":"https:\/\/www.dillerbottle.com\/tr\/urunler\/vakumlu-gida-matarasi","og_locale":"tr_TR","og_type":"article","og_title":"Vacuum Food Flask","og_description":"As one of the best vacuum food flask manufacturers and suppliers, we are engaged in manufacturing good quality water bottles. We warmly welcome you to wholesale or buy custom made vacuum food flask at competitive price from us. Also, small quantity orders are acceptable.","og_url":"https:\/\/www.dillerbottle.com\/tr\/urunler\/vakumlu-gida-matarasi","og_site_name":"Diller Water Bottle Manufacturer","article_modified_time":"2025-07-10T07:35:00+00:00","og_image":[{"width":730,"height":730,"url":"https:\/\/www.dillerbottle.com\/wp-content\/uploads\/2024\/09\/vacuum-food-flask07424560155.jpg","type":"image\/jpeg"}],"twitter_card":"summary_large_image","twitter_misc":{"Tahmini okuma s\u00fcresi":"2 dakika"},"schema":{"@context":"https:\/\/schema.org","@graph":[{"@type":"WebPage","@id":"https:\/\/www.dillerbottle.com\/ja\/%e8%a3%bd%e5%93%81\/%e7%9c%9f%e7%a9%ba%e9%a3%9f%e5%93%81%e3%83%95%e3%83%a9%e3%82%b9%e3%82%b3","url":"https:\/\/www.dillerbottle.com\/ja\/%e8%a3%bd%e5%93%81\/%e7%9c%9f%e7%a9%ba%e9%a3%9f%e5%93%81%e3%83%95%e3%83%a9%e3%82%b9%e3%82%b3","name":"Vakumlu G\u0131da Mataras\u0131 - Diller Su \u015ei\u015fesi \u00dcreticisi","isPartOf":{"@id":"https:\/\/www.dillerbottle.com\/#website"},"primaryImageOfPage":{"@id":"https:\/\/www.dillerbottle.com\/ja\/%e8%a3%bd%e5%93%81\/%e7%9c%9f%e7%a9%ba%e9%a3%9f%e5%93%81%e3%83%95%e3%83%a9%e3%82%b9%e3%82%b3#primaryimage"},"image":{"@id":"https:\/\/www.dillerbottle.com\/ja\/%e8%a3%bd%e5%93%81\/%e7%9c%9f%e7%a9%ba%e9%a3%9f%e5%93%81%e3%83%95%e3%83%a9%e3%82%b9%e3%82%b3#primaryimage"},"thumbnailUrl":"https:\/\/www.dillerbottle.com\/wp-content\/uploads\/2024\/09\/vacuum-food-flask07424560155.jpg","datePublished":"2024-09-26T01:42:09+00:00","dateModified":"2025-07-10T07:35:00+00:00","description":"En iyi vakumlu g\u0131da mataras\u0131 \u00fcreticilerinden ve tedarik\u00e7ilerinden biri olarak, kaliteli su \u015fi\u015feleri \u00fcretiyoruz. Toptan sat\u0131\u015f yapman\u0131z\u0131 veya bizden rekabet\u00e7i fiyatlarla \u00f6zel yap\u0131m vakumlu g\u0131da mataras\u0131 sat\u0131n alman\u0131z\u0131 i\u00e7tenlikle bekliyoruz. Ayr\u0131ca, k\u00fc\u00e7\u00fck miktarda sipari\u015fler de kabul edilebilir.","breadcrumb":{"@id":"https:\/\/www.dillerbottle.com\/ja\/%e8%a3%bd%e5%93%81\/%e7%9c%9f%e7%a9%ba%e9%a3%9f%e5%93%81%e3%83%95%e3%83%a9%e3%82%b9%e3%82%b3#breadcrumb"},"inLanguage":"tr","potentialAction":[{"@type":"ReadAction","target":["https:\/\/www.dillerbottle.com\/ja\/%e8%a3%bd%e5%93%81\/%e7%9c%9f%e7%a9%ba%e9%a3%9f%e5%93%81%e3%83%95%e3%83%a9%e3%82%b9%e3%82%b3"]}]},{"@type":"ImageObject","inLanguage":"tr","@id":"https:\/\/www.dillerbottle.com\/ja\/%e8%a3%bd%e5%93%81\/%e7%9c%9f%e7%a9%ba%e9%a3%9f%e5%93%81%e3%83%95%e3%83%a9%e3%82%b9%e3%82%b3#primaryimage","url":"https:\/\/www.dillerbottle.com\/wp-content\/uploads\/2024\/09\/vacuum-food-flask07424560155.jpg","contentUrl":"https:\/\/www.dillerbottle.com\/wp-content\/uploads\/2024\/09\/vacuum-food-flask07424560155.jpg","width":730,"height":730},{"@type":"BreadcrumbList","@id":"https:\/\/www.dillerbottle.com\/ja\/%e8%a3%bd%e5%93%81\/%e7%9c%9f%e7%a9%ba%e9%a3%9f%e5%93%81%e3%83%95%e3%83%a9%e3%82%b9%e3%82%b3#breadcrumb","itemListElement":[{"@type":"ListItem","position":1,"name":"Home","item":"https:\/\/www.dillerbottle.com\/"},{"@type":"ListItem","position":2,"name":"Products","item":"https:\/\/www.dillerbottle.com\/shop"},{"@type":"ListItem","position":3,"name":"Vacuum Food Flask"}]},{"@type":"WebSite","@id":"https:\/\/www.dillerbottle.com\/#website","url":"https:\/\/www.dillerbottle.com\/","name":"Diller Su \u015ei\u015fesi \u00dcreticisi","description":"Su \u015ei\u015fesi \u00dcreticisi","publisher":{"@id":"https:\/\/www.dillerbottle.com\/#organization"},"potentialAction":[{"@type":"SearchAction","target":{"@type":"EntryPoint","urlTemplate":"https:\/\/www.dillerbottle.com\/?s={search_term_string}"},"query-input":{"@type":"PropertyValueSpecification","valueRequired":true,"valueName":"search_term_string"}}],"inLanguage":"tr"},{"@type":"Organization","@id":"https:\/\/www.dillerbottle.com\/#organization","name":"Diller Su \u015ei\u015fesi \u00dcreticisi","url":"https:\/\/www.dillerbottle.com\/","logo":{"@type":"ImageObject","inLanguage":"tr","@id":"https:\/\/www.dillerbottle.com\/#\/schema\/logo\/image\/","url":"https:\/\/www.dillerbottle.com\/wp-content\/uploads\/2024\/09\/49918bfa848dcc1e9f8b509933603ac.png","contentUrl":"https:\/\/www.dillerbottle.com\/wp-content\/uploads\/2024\/09\/49918bfa848dcc1e9f8b509933603ac.png","width":988,"height":198,"caption":"Diller Water Bottle Manufacturer"},"image":{"@id":"https:\/\/www.dillerbottle.com\/#\/schema\/logo\/image\/"}}]}},"_links":{"self":[{"href":"https:\/\/www.dillerbottle.com\/tr\/wp-json\/wp\/v2\/product\/3049","targetHints":{"allow":["GET"]}}],"collection":[{"href":"https:\/\/www.dillerbottle.com\/tr\/wp-json\/wp\/v2\/product"}],"about":[{"href":"https:\/\/www.dillerbottle.com\/tr\/wp-json\/wp\/v2\/types\/product"}],"replies":[{"embeddable":true,"href":"https:\/\/www.dillerbottle.com\/tr\/wp-json\/wp\/v2\/comments?post=3049"}],"wp:featuredmedia":[{"embeddable":true,"href":"https:\/\/www.dillerbottle.com\/tr\/wp-json\/wp\/v2\/media\/3050"}],"wp:attachment":[{"href":"https:\/\/www.dillerbottle.com\/tr\/wp-json\/wp\/v2\/media?parent=3049"}],"wp:term":[{"taxonomy":"product_brand","embeddable":true,"href":"https:\/\/www.dillerbottle.com\/tr\/wp-json\/wp\/v2\/product_brand?post=3049"},{"taxonomy":"product_cat","embeddable":true,"href":"https:\/\/www.dillerbottle.com\/tr\/wp-json\/wp\/v2\/product_cat?post=3049"},{"taxonomy":"product_tag","embeddable":true,"href":"https:\/\/www.dillerbottle.com\/tr\/wp-json\/wp\/v2\/product_tag?post=3049"}],"curies":[{"name":"wp","href":"https:\/\/api.w.org\/{rel}","templated":true}]}}