{"id":3119,"date":"2024-09-26T10:01:59","date_gmt":"2024-09-26T02:01:59","guid":{"rendered":"https:\/\/demo.dillerbottle.com\/uncategorized\/portable-household-thermo-jug"},"modified":"2025-07-10T15:24:19","modified_gmt":"2025-07-10T07:24:19","slug":"tasinabilir-ev-tipi-termos-surahi","status":"publish","type":"product","link":"https:\/\/www.dillerbottle.com\/tr\/products\/portable-household-thermo-jug","title":{"rendered":"Ta\u015f\u0131nabilir Ev Termosu S\u00fcrahisi"},"content":{"rendered":"<p>\u00d6zellik:<br \/>\n1. Ta\u015f\u0131nabilir ev tipi termos, so\u011fuk ve s\u0131cak i\u00e7ecekleri uzun s\u00fcre koruyabilen \u00e7ift duvarl\u0131 vakum yap\u0131s\u0131na sahip y\u00fcksek kaliteli paslanmaz \u00e7elikten yap\u0131lm\u0131\u015ft\u0131r.<\/p>\n<p>2. Bu termal s\u00fcrahideki her k\u0131vr\u0131m, sap ve d\u00fc\u011fme konfor ve kolayl\u0131k d\u00fc\u015f\u00fcn\u00fclerek yarat\u0131ld\u0131. Termal s\u00fcrahi su ge\u00e7irmez ve s\u0131zd\u0131rmazd\u0131r ve an\u0131nda serbest b\u0131rakma i\u00e7in bir basmal\u0131 d\u00fc\u011fmeye sahiptir.<\/p>\n<p>3. Basmal\u0131 D\u00fc\u011fme Tasar\u0131m\u0131, Kolay D\u00f6kme \u2013 Ergonomik, kolay kavranan adiabatik sap ve basit basmal\u0131 d\u00fc\u011fme, tek elle d\u00f6kmeyi daha rahat hale getirir.<\/p>","protected":false},"excerpt":{"rendered":"<p>Bu ta\u015f\u0131nabilir ev tipi termos, 304 paslanmaz \u00e7elik ve g\u0131da s\u0131n\u0131f\u0131 malzemelerden \u00fcretilmi\u015ftir.<br \/>\nBu yal\u0131t\u0131ml\u0131 su \u0131s\u0131t\u0131c\u0131s\u0131, i\u00e7indekileri 12-24 saate kadar s\u0131cak veya buz gibi so\u011fuk tutabilir.<br \/>\nBasmal\u0131 D\u00fc\u011fme Tasar\u0131m\u0131, Kolay D\u00f6kme \u2013 Ergonomik, kolay kavranan adiabatik sap ve basit basmal\u0131 d\u00fc\u011fme \u00f6zellikleriyle tek elle d\u00f6kmeyi daha rahat hale getirir.<br \/>\nSu \u0131s\u0131t\u0131c\u0131s\u0131n\u0131n contas\u0131 silikon halka ile kapat\u0131lm\u0131\u015f olup, 360\u00b0 ters \u00e7evrildi\u011finde bile s\u0131zd\u0131rma yapmaz.<br \/>\nOEM ve ODM kabul edilebilir.<br \/>\n\u0130htiya\u00e7lar\u0131n\u0131za g\u00f6re su \u0131s\u0131t\u0131c\u0131y\u0131 \u00f6zelle\u015ftirebiliriz.<br \/>\nToptan sat\u0131n almaya ho\u015f geldiniz, hemen soru\u015fturma g\u00f6nderin!<\/p>","protected":false},"featured_media":3120,"comment_status":"open","ping_status":"closed","template":"","meta":{"_acf_changed":false},"product_brand":[],"product_cat":[1084],"product_tag":[32,36,33,31,39,38,190,29,37,189,34,35,28,30],"class_list":{"0":"post-3119","1":"product","2":"type-product","3":"status-publish","4":"has-post-thumbnail","6":"product_cat-kettle","7":"product_tag-best","8":"product_tag-bulk","9":"product_tag-buy","10":"product_tag-custom","11":"product_tag-for-sale","12":"product_tag-good-quality","13":"product_tag-kettle","14":"product_tag-manufacturers","15":"product_tag-manufacturing","16":"product_tag-portable-household-thermo-jug","17":"product_tag-price","18":"product_tag-small","19":"product_tag-suppliers","20":"product_tag-wholesale","22":"first","23":"instock","24":"shipping-taxable","25":"product-type-simple"},"acf":[],"yoast_head":"<!-- This site is optimized with the Yoast SEO Premium plugin v27.5 (Yoast SEO v27.5) - https:\/\/yoast.com\/product\/yoast-seo-premium-wordpress\/ -->\n<title>Portable Household Thermo Jug - Diller Water Bottle Manufacturer<\/title>\n<meta name=\"description\" content=\"As one of the best portable household thermo jug manufacturers and suppliers, we are engaged in manufacturing good quality water bottles. We warmly welcome you to wholesale or buy custom made portable household thermo jug at competitive price from us. Also, small quantity orders are acceptable.\" \/>\n<meta name=\"robots\" content=\"index, follow, max-snippet:-1, max-image-preview:large, max-video-preview:-1\" \/>\n<link rel=\"canonical\" href=\"https:\/\/www.dillerbottle.com\/tr\/urunler\/tasinabilir-ev-tipi-termos-surahi\" \/>\n<meta property=\"og:locale\" content=\"tr_TR\" \/>\n<meta property=\"og:type\" content=\"article\" \/>\n<meta property=\"og:title\" content=\"Portable Household Thermo Jug\" \/>\n<meta property=\"og:description\" content=\"As one of the best portable household thermo jug manufacturers and suppliers, we are engaged in manufacturing good quality water bottles. We warmly welcome you to wholesale or buy custom made portable household thermo jug at competitive price from us. Also, small quantity orders are acceptable.\" \/>\n<meta property=\"og:url\" content=\"https:\/\/www.dillerbottle.com\/tr\/urunler\/tasinabilir-ev-tipi-termos-surahi\" \/>\n<meta property=\"og:site_name\" content=\"Diller Water Bottle Manufacturer\" \/>\n<meta property=\"article:modified_time\" content=\"2025-07-10T07:24:19+00:00\" \/>\n<meta property=\"og:image\" content=\"https:\/\/www.dillerbottle.com\/wp-content\/uploads\/2024\/09\/portable-household-thermo-jug77550651-a7a2-44ff-933d-ddc111a1214f.jpg\" \/>\n\t<meta property=\"og:image:width\" content=\"730\" \/>\n\t<meta property=\"og:image:height\" content=\"730\" \/>\n\t<meta property=\"og:image:type\" content=\"image\/jpeg\" \/>\n<meta name=\"twitter:card\" content=\"summary_large_image\" \/>\n<meta name=\"twitter:label1\" content=\"Tahmini okuma s\u00fcresi\" \/>\n\t<meta name=\"twitter:data1\" content=\"6 dakika\" \/>\n<script type=\"application\/ld+json\" class=\"yoast-schema-graph\">{\"@context\":\"https:\\\/\\\/schema.org\",\"@graph\":[{\"@type\":\"WebPage\",\"@id\":\"https:\\\/\\\/www.dillerbottle.com\\\/ru\\\/%d0%bf%d1%80%d0%be%d0%b4%d1%83%d0%ba%d1%82%d1%8b\\\/%d0%bf%d0%be%d1%80%d1%82%d0%b0%d1%82%d0%b8%d0%b2%d0%bd%d1%8b%d0%b9-%d0%b1%d1%8b%d1%82%d0%be%d0%b2%d0%be%d0%b9-%d1%82%d0%b5%d1%80%d0%bc%d0%be%d0%ba%d1%83%d0%b2%d1%88%d0%b8%d0%bd\",\"url\":\"https:\\\/\\\/www.dillerbottle.com\\\/ru\\\/%d0%bf%d1%80%d0%be%d0%b4%d1%83%d0%ba%d1%82%d1%8b\\\/%d0%bf%d0%be%d1%80%d1%82%d0%b0%d1%82%d0%b8%d0%b2%d0%bd%d1%8b%d0%b9-%d0%b1%d1%8b%d1%82%d0%be%d0%b2%d0%be%d0%b9-%d1%82%d0%b5%d1%80%d0%bc%d0%be%d0%ba%d1%83%d0%b2%d1%88%d0%b8%d0%bd\",\"name\":\"Portable Household Thermo Jug - Diller Water Bottle Manufacturer\",\"isPartOf\":{\"@id\":\"https:\\\/\\\/www.dillerbottle.com\\\/#website\"},\"primaryImageOfPage\":{\"@id\":\"https:\\\/\\\/www.dillerbottle.com\\\/ru\\\/%d0%bf%d1%80%d0%be%d0%b4%d1%83%d0%ba%d1%82%d1%8b\\\/%d0%bf%d0%be%d1%80%d1%82%d0%b0%d1%82%d0%b8%d0%b2%d0%bd%d1%8b%d0%b9-%d0%b1%d1%8b%d1%82%d0%be%d0%b2%d0%be%d0%b9-%d1%82%d0%b5%d1%80%d0%bc%d0%be%d0%ba%d1%83%d0%b2%d1%88%d0%b8%d0%bd#primaryimage\"},\"image\":{\"@id\":\"https:\\\/\\\/www.dillerbottle.com\\\/ru\\\/%d0%bf%d1%80%d0%be%d0%b4%d1%83%d0%ba%d1%82%d1%8b\\\/%d0%bf%d0%be%d1%80%d1%82%d0%b0%d1%82%d0%b8%d0%b2%d0%bd%d1%8b%d0%b9-%d0%b1%d1%8b%d1%82%d0%be%d0%b2%d0%be%d0%b9-%d1%82%d0%b5%d1%80%d0%bc%d0%be%d0%ba%d1%83%d0%b2%d1%88%d0%b8%d0%bd#primaryimage\"},\"thumbnailUrl\":\"https:\\\/\\\/www.dillerbottle.com\\\/wp-content\\\/uploads\\\/2024\\\/09\\\/portable-household-thermo-jug77550651-a7a2-44ff-933d-ddc111a1214f.jpg\",\"datePublished\":\"2024-09-26T02:01:59+00:00\",\"dateModified\":\"2025-07-10T07:24:19+00:00\",\"description\":\"As one of the best portable household thermo jug manufacturers and suppliers, we are engaged in manufacturing good quality water bottles. We warmly welcome you to wholesale or buy custom made portable household thermo jug at competitive price from us. Also, small quantity orders are acceptable.\",\"breadcrumb\":{\"@id\":\"https:\\\/\\\/www.dillerbottle.com\\\/ru\\\/%d0%bf%d1%80%d0%be%d0%b4%d1%83%d0%ba%d1%82%d1%8b\\\/%d0%bf%d0%be%d1%80%d1%82%d0%b0%d1%82%d0%b8%d0%b2%d0%bd%d1%8b%d0%b9-%d0%b1%d1%8b%d1%82%d0%be%d0%b2%d0%be%d0%b9-%d1%82%d0%b5%d1%80%d0%bc%d0%be%d0%ba%d1%83%d0%b2%d1%88%d0%b8%d0%bd#breadcrumb\"},\"inLanguage\":\"tr\",\"potentialAction\":[{\"@type\":\"ReadAction\",\"target\":[\"https:\\\/\\\/www.dillerbottle.com\\\/ru\\\/%d0%bf%d1%80%d0%be%d0%b4%d1%83%d0%ba%d1%82%d1%8b\\\/%d0%bf%d0%be%d1%80%d1%82%d0%b0%d1%82%d0%b8%d0%b2%d0%bd%d1%8b%d0%b9-%d0%b1%d1%8b%d1%82%d0%be%d0%b2%d0%be%d0%b9-%d1%82%d0%b5%d1%80%d0%bc%d0%be%d0%ba%d1%83%d0%b2%d1%88%d0%b8%d0%bd\"]}]},{\"@type\":\"ImageObject\",\"inLanguage\":\"tr\",\"@id\":\"https:\\\/\\\/www.dillerbottle.com\\\/ru\\\/%d0%bf%d1%80%d0%be%d0%b4%d1%83%d0%ba%d1%82%d1%8b\\\/%d0%bf%d0%be%d1%80%d1%82%d0%b0%d1%82%d0%b8%d0%b2%d0%bd%d1%8b%d0%b9-%d0%b1%d1%8b%d1%82%d0%be%d0%b2%d0%be%d0%b9-%d1%82%d0%b5%d1%80%d0%bc%d0%be%d0%ba%d1%83%d0%b2%d1%88%d0%b8%d0%bd#primaryimage\",\"url\":\"https:\\\/\\\/www.dillerbottle.com\\\/wp-content\\\/uploads\\\/2024\\\/09\\\/portable-household-thermo-jug77550651-a7a2-44ff-933d-ddc111a1214f.jpg\",\"contentUrl\":\"https:\\\/\\\/www.dillerbottle.com\\\/wp-content\\\/uploads\\\/2024\\\/09\\\/portable-household-thermo-jug77550651-a7a2-44ff-933d-ddc111a1214f.jpg\",\"width\":730,\"height\":730},{\"@type\":\"BreadcrumbList\",\"@id\":\"https:\\\/\\\/www.dillerbottle.com\\\/ru\\\/%d0%bf%d1%80%d0%be%d0%b4%d1%83%d0%ba%d1%82%d1%8b\\\/%d0%bf%d0%be%d1%80%d1%82%d0%b0%d1%82%d0%b8%d0%b2%d0%bd%d1%8b%d0%b9-%d0%b1%d1%8b%d1%82%d0%be%d0%b2%d0%be%d0%b9-%d1%82%d0%b5%d1%80%d0%bc%d0%be%d0%ba%d1%83%d0%b2%d1%88%d0%b8%d0%bd#breadcrumb\",\"itemListElement\":[{\"@type\":\"ListItem\",\"position\":1,\"name\":\"Home\",\"item\":\"https:\\\/\\\/www.dillerbottle.com\\\/\"},{\"@type\":\"ListItem\",\"position\":2,\"name\":\"Products\",\"item\":\"https:\\\/\\\/www.dillerbottle.com\\\/shop\"},{\"@type\":\"ListItem\",\"position\":3,\"name\":\"Portable Household Thermo Jug\"}]},{\"@type\":\"WebSite\",\"@id\":\"https:\\\/\\\/www.dillerbottle.com\\\/#website\",\"url\":\"https:\\\/\\\/www.dillerbottle.com\\\/\",\"name\":\"Diller Water Bottle Manufacturer\",\"description\":\"Water Bottle Manufacturer\",\"publisher\":{\"@id\":\"https:\\\/\\\/www.dillerbottle.com\\\/#organization\"},\"potentialAction\":[{\"@type\":\"SearchAction\",\"target\":{\"@type\":\"EntryPoint\",\"urlTemplate\":\"https:\\\/\\\/www.dillerbottle.com\\\/?s={search_term_string}\"},\"query-input\":{\"@type\":\"PropertyValueSpecification\",\"valueRequired\":true,\"valueName\":\"search_term_string\"}}],\"inLanguage\":\"tr\"},{\"@type\":\"Organization\",\"@id\":\"https:\\\/\\\/www.dillerbottle.com\\\/#organization\",\"name\":\"Diller Water Bottle Manufacturer\",\"url\":\"https:\\\/\\\/www.dillerbottle.com\\\/\",\"logo\":{\"@type\":\"ImageObject\",\"inLanguage\":\"tr\",\"@id\":\"https:\\\/\\\/www.dillerbottle.com\\\/#\\\/schema\\\/logo\\\/image\\\/\",\"url\":\"https:\\\/\\\/www.dillerbottle.com\\\/wp-content\\\/uploads\\\/2024\\\/09\\\/49918bfa848dcc1e9f8b509933603ac.png\",\"contentUrl\":\"https:\\\/\\\/www.dillerbottle.com\\\/wp-content\\\/uploads\\\/2024\\\/09\\\/49918bfa848dcc1e9f8b509933603ac.png\",\"width\":988,\"height\":198,\"caption\":\"Diller Water Bottle Manufacturer\"},\"image\":{\"@id\":\"https:\\\/\\\/www.dillerbottle.com\\\/#\\\/schema\\\/logo\\\/image\\\/\"}}]}<\/script>\n<!-- \/ Yoast SEO Premium plugin. -->","yoast_head_json":{"title":"Ta\u015f\u0131nabilir Ev Termos S\u00fcrahisi - Diller Su \u015ei\u015fesi \u00dcreticisi","description":"En iyi ta\u015f\u0131nabilir ev tipi termos \u00fcreticilerinden ve tedarik\u00e7ilerinden biri olarak, kaliteli su \u015fi\u015feleri \u00fcretiyoruz. Toptan sat\u0131\u015f yapman\u0131z\u0131 veya bizden rekabet\u00e7i fiyatlarla \u00f6zel yap\u0131m ta\u015f\u0131nabilir ev tipi termos sat\u0131n alman\u0131z\u0131 i\u00e7tenlikle bekliyoruz. Ayr\u0131ca, k\u00fc\u00e7\u00fck miktardaki sipari\u015fler de kabul edilebilir.","robots":{"index":"index","follow":"follow","max-snippet":"max-snippet:-1","max-image-preview":"max-image-preview:large","max-video-preview":"max-video-preview:-1"},"canonical":"https:\/\/www.dillerbottle.com\/tr\/urunler\/tasinabilir-ev-tipi-termos-surahi","og_locale":"tr_TR","og_type":"article","og_title":"Portable Household Thermo Jug","og_description":"As one of the best portable household thermo jug manufacturers and suppliers, we are engaged in manufacturing good quality water bottles. We warmly welcome you to wholesale or buy custom made portable household thermo jug at competitive price from us. Also, small quantity orders are acceptable.","og_url":"https:\/\/www.dillerbottle.com\/tr\/urunler\/tasinabilir-ev-tipi-termos-surahi","og_site_name":"Diller Water Bottle Manufacturer","article_modified_time":"2025-07-10T07:24:19+00:00","og_image":[{"width":730,"height":730,"url":"https:\/\/www.dillerbottle.com\/wp-content\/uploads\/2024\/09\/portable-household-thermo-jug77550651-a7a2-44ff-933d-ddc111a1214f.jpg","type":"image\/jpeg"}],"twitter_card":"summary_large_image","twitter_misc":{"Tahmini okuma s\u00fcresi":"6 dakika"},"schema":{"@context":"https:\/\/schema.org","@graph":[{"@type":"WebPage","@id":"https:\/\/www.dillerbottle.com\/ru\/%d0%bf%d1%80%d0%be%d0%b4%d1%83%d0%ba%d1%82%d1%8b\/%d0%bf%d0%be%d1%80%d1%82%d0%b0%d1%82%d0%b8%d0%b2%d0%bd%d1%8b%d0%b9-%d0%b1%d1%8b%d1%82%d0%be%d0%b2%d0%be%d0%b9-%d1%82%d0%b5%d1%80%d0%bc%d0%be%d0%ba%d1%83%d0%b2%d1%88%d0%b8%d0%bd","url":"https:\/\/www.dillerbottle.com\/ru\/%d0%bf%d1%80%d0%be%d0%b4%d1%83%d0%ba%d1%82%d1%8b\/%d0%bf%d0%be%d1%80%d1%82%d0%b0%d1%82%d0%b8%d0%b2%d0%bd%d1%8b%d0%b9-%d0%b1%d1%8b%d1%82%d0%be%d0%b2%d0%be%d0%b9-%d1%82%d0%b5%d1%80%d0%bc%d0%be%d0%ba%d1%83%d0%b2%d1%88%d0%b8%d0%bd","name":"Ta\u015f\u0131nabilir Ev Termos S\u00fcrahisi - Diller Su \u015ei\u015fesi \u00dcreticisi","isPartOf":{"@id":"https:\/\/www.dillerbottle.com\/#website"},"primaryImageOfPage":{"@id":"https:\/\/www.dillerbottle.com\/ru\/%d0%bf%d1%80%d0%be%d0%b4%d1%83%d0%ba%d1%82%d1%8b\/%d0%bf%d0%be%d1%80%d1%82%d0%b0%d1%82%d0%b8%d0%b2%d0%bd%d1%8b%d0%b9-%d0%b1%d1%8b%d1%82%d0%be%d0%b2%d0%be%d0%b9-%d1%82%d0%b5%d1%80%d0%bc%d0%be%d0%ba%d1%83%d0%b2%d1%88%d0%b8%d0%bd#primaryimage"},"image":{"@id":"https:\/\/www.dillerbottle.com\/ru\/%d0%bf%d1%80%d0%be%d0%b4%d1%83%d0%ba%d1%82%d1%8b\/%d0%bf%d0%be%d1%80%d1%82%d0%b0%d1%82%d0%b8%d0%b2%d0%bd%d1%8b%d0%b9-%d0%b1%d1%8b%d1%82%d0%be%d0%b2%d0%be%d0%b9-%d1%82%d0%b5%d1%80%d0%bc%d0%be%d0%ba%d1%83%d0%b2%d1%88%d0%b8%d0%bd#primaryimage"},"thumbnailUrl":"https:\/\/www.dillerbottle.com\/wp-content\/uploads\/2024\/09\/portable-household-thermo-jug77550651-a7a2-44ff-933d-ddc111a1214f.jpg","datePublished":"2024-09-26T02:01:59+00:00","dateModified":"2025-07-10T07:24:19+00:00","description":"En iyi ta\u015f\u0131nabilir ev tipi termos \u00fcreticilerinden ve tedarik\u00e7ilerinden biri olarak, kaliteli su \u015fi\u015feleri \u00fcretiyoruz. Toptan sat\u0131\u015f yapman\u0131z\u0131 veya bizden rekabet\u00e7i fiyatlarla \u00f6zel yap\u0131m ta\u015f\u0131nabilir ev tipi termos sat\u0131n alman\u0131z\u0131 i\u00e7tenlikle bekliyoruz. Ayr\u0131ca, k\u00fc\u00e7\u00fck miktardaki sipari\u015fler de kabul edilebilir.","breadcrumb":{"@id":"https:\/\/www.dillerbottle.com\/ru\/%d0%bf%d1%80%d0%be%d0%b4%d1%83%d0%ba%d1%82%d1%8b\/%d0%bf%d0%be%d1%80%d1%82%d0%b0%d1%82%d0%b8%d0%b2%d0%bd%d1%8b%d0%b9-%d0%b1%d1%8b%d1%82%d0%be%d0%b2%d0%be%d0%b9-%d1%82%d0%b5%d1%80%d0%bc%d0%be%d0%ba%d1%83%d0%b2%d1%88%d0%b8%d0%bd#breadcrumb"},"inLanguage":"tr","potentialAction":[{"@type":"ReadAction","target":["https:\/\/www.dillerbottle.com\/ru\/%d0%bf%d1%80%d0%be%d0%b4%d1%83%d0%ba%d1%82%d1%8b\/%d0%bf%d0%be%d1%80%d1%82%d0%b0%d1%82%d0%b8%d0%b2%d0%bd%d1%8b%d0%b9-%d0%b1%d1%8b%d1%82%d0%be%d0%b2%d0%be%d0%b9-%d1%82%d0%b5%d1%80%d0%bc%d0%be%d0%ba%d1%83%d0%b2%d1%88%d0%b8%d0%bd"]}]},{"@type":"ImageObject","inLanguage":"tr","@id":"https:\/\/www.dillerbottle.com\/ru\/%d0%bf%d1%80%d0%be%d0%b4%d1%83%d0%ba%d1%82%d1%8b\/%d0%bf%d0%be%d1%80%d1%82%d0%b0%d1%82%d0%b8%d0%b2%d0%bd%d1%8b%d0%b9-%d0%b1%d1%8b%d1%82%d0%be%d0%b2%d0%be%d0%b9-%d1%82%d0%b5%d1%80%d0%bc%d0%be%d0%ba%d1%83%d0%b2%d1%88%d0%b8%d0%bd#primaryimage","url":"https:\/\/www.dillerbottle.com\/wp-content\/uploads\/2024\/09\/portable-household-thermo-jug77550651-a7a2-44ff-933d-ddc111a1214f.jpg","contentUrl":"https:\/\/www.dillerbottle.com\/wp-content\/uploads\/2024\/09\/portable-household-thermo-jug77550651-a7a2-44ff-933d-ddc111a1214f.jpg","width":730,"height":730},{"@type":"BreadcrumbList","@id":"https:\/\/www.dillerbottle.com\/ru\/%d0%bf%d1%80%d0%be%d0%b4%d1%83%d0%ba%d1%82%d1%8b\/%d0%bf%d0%be%d1%80%d1%82%d0%b0%d1%82%d0%b8%d0%b2%d0%bd%d1%8b%d0%b9-%d0%b1%d1%8b%d1%82%d0%be%d0%b2%d0%be%d0%b9-%d1%82%d0%b5%d1%80%d0%bc%d0%be%d0%ba%d1%83%d0%b2%d1%88%d0%b8%d0%bd#breadcrumb","itemListElement":[{"@type":"ListItem","position":1,"name":"Home","item":"https:\/\/www.dillerbottle.com\/"},{"@type":"ListItem","position":2,"name":"Products","item":"https:\/\/www.dillerbottle.com\/shop"},{"@type":"ListItem","position":3,"name":"Portable Household Thermo Jug"}]},{"@type":"WebSite","@id":"https:\/\/www.dillerbottle.com\/#website","url":"https:\/\/www.dillerbottle.com\/","name":"Diller Su \u015ei\u015fesi \u00dcreticisi","description":"Su \u015ei\u015fesi \u00dcreticisi","publisher":{"@id":"https:\/\/www.dillerbottle.com\/#organization"},"potentialAction":[{"@type":"SearchAction","target":{"@type":"EntryPoint","urlTemplate":"https:\/\/www.dillerbottle.com\/?s={search_term_string}"},"query-input":{"@type":"PropertyValueSpecification","valueRequired":true,"valueName":"search_term_string"}}],"inLanguage":"tr"},{"@type":"Organization","@id":"https:\/\/www.dillerbottle.com\/#organization","name":"Diller Su \u015ei\u015fesi \u00dcreticisi","url":"https:\/\/www.dillerbottle.com\/","logo":{"@type":"ImageObject","inLanguage":"tr","@id":"https:\/\/www.dillerbottle.com\/#\/schema\/logo\/image\/","url":"https:\/\/www.dillerbottle.com\/wp-content\/uploads\/2024\/09\/49918bfa848dcc1e9f8b509933603ac.png","contentUrl":"https:\/\/www.dillerbottle.com\/wp-content\/uploads\/2024\/09\/49918bfa848dcc1e9f8b509933603ac.png","width":988,"height":198,"caption":"Diller Water Bottle Manufacturer"},"image":{"@id":"https:\/\/www.dillerbottle.com\/#\/schema\/logo\/image\/"}}]}},"_links":{"self":[{"href":"https:\/\/www.dillerbottle.com\/tr\/wp-json\/wp\/v2\/product\/3119","targetHints":{"allow":["GET"]}}],"collection":[{"href":"https:\/\/www.dillerbottle.com\/tr\/wp-json\/wp\/v2\/product"}],"about":[{"href":"https:\/\/www.dillerbottle.com\/tr\/wp-json\/wp\/v2\/types\/product"}],"replies":[{"embeddable":true,"href":"https:\/\/www.dillerbottle.com\/tr\/wp-json\/wp\/v2\/comments?post=3119"}],"wp:featuredmedia":[{"embeddable":true,"href":"https:\/\/www.dillerbottle.com\/tr\/wp-json\/wp\/v2\/media\/3120"}],"wp:attachment":[{"href":"https:\/\/www.dillerbottle.com\/tr\/wp-json\/wp\/v2\/media?parent=3119"}],"wp:term":[{"taxonomy":"product_brand","embeddable":true,"href":"https:\/\/www.dillerbottle.com\/tr\/wp-json\/wp\/v2\/product_brand?post=3119"},{"taxonomy":"product_cat","embeddable":true,"href":"https:\/\/www.dillerbottle.com\/tr\/wp-json\/wp\/v2\/product_cat?post=3119"},{"taxonomy":"product_tag","embeddable":true,"href":"https:\/\/www.dillerbottle.com\/tr\/wp-json\/wp\/v2\/product_tag?post=3119"}],"curies":[{"name":"wp","href":"https:\/\/api.w.org\/{rel}","templated":true}]}}