{"id":3183,"date":"2024-09-26T10:02:54","date_gmt":"2024-09-26T02:02:54","guid":{"rendered":"https:\/\/demo.dillerbottle.com\/uncategorized\/household-insulated-kettle"},"modified":"2025-07-10T15:34:09","modified_gmt":"2025-07-10T07:34:09","slug":"ev-tipi-yalitimli-su-isiticisi","status":"publish","type":"product","link":"https:\/\/www.dillerbottle.com\/tr\/products\/household-insulated-kettle","title":{"rendered":"Ev Tipi Yal\u0131t\u0131ml\u0131 Su Is\u0131t\u0131c\u0131s\u0131"},"content":{"rendered":"<p>\u00d6zellikler:<br \/>\n1. Ev tipi yal\u0131t\u0131ml\u0131 su \u0131s\u0131t\u0131c\u0131s\u0131, i\u00e7ece\u011fi m\u00fckemmel s\u0131cakl\u0131kta tutan \u00e7ift duvarl\u0131 paslanmaz \u00e7elikten yap\u0131lm\u0131\u015ft\u0131r ve sap\u0131 rahat ve kavramas\u0131 kolayd\u0131r.<\/p>\n<p>2. Bu ev tipi yal\u0131t\u0131ml\u0131 su \u0131s\u0131t\u0131c\u0131s\u0131ndaki her k\u0131vr\u0131m, sap ve d\u00fc\u011fme konfor ve kolayl\u0131k d\u00fc\u015f\u00fcn\u00fclerek yarat\u0131lm\u0131\u015ft\u0131r. Ev tipi yal\u0131t\u0131ml\u0131 su \u0131s\u0131t\u0131c\u0131s\u0131, an\u0131nda serbest b\u0131rakma i\u00e7in bir basmal\u0131 d\u00fc\u011fmeyle su ge\u00e7irmez ve s\u0131zd\u0131rmazd\u0131r.<\/p>\n<p>3. Basmal\u0131 D\u00fc\u011fme Tasar\u0131m\u0131, Kolay D\u00f6kme \u2013 Ergonomik, kolay kavranan adiabatik sap ve basit basmal\u0131 d\u00fc\u011fme, tek elle d\u00f6kmeyi daha rahat hale getirir.<\/p>","protected":false},"excerpt":{"rendered":"<p>Bu ev tipi yal\u0131t\u0131ml\u0131 su \u0131s\u0131t\u0131c\u0131s\u0131 316 paslanmaz \u00e7elik ve g\u0131da s\u0131n\u0131f\u0131 malzemelerden \u00fcretilmi\u015ftir.<br \/>\nBu yal\u0131t\u0131ml\u0131 su \u0131s\u0131t\u0131c\u0131s\u0131, i\u00e7indekileri 12-24 saate kadar s\u0131cak veya buz gibi so\u011fuk tutabilir.<br \/>\nBasmal\u0131 D\u00fc\u011fme Tasar\u0131m\u0131, Kolay D\u00f6kme \u2013 Ergonomik, kolay kavranan adiabatik sap ve basit basmal\u0131 d\u00fc\u011fme \u00f6zellikleriyle tek elle d\u00f6kmeyi daha rahat hale getirir.<br \/>\nOEM ve ODM kabul edilebilir.<br \/>\n\u0130htiya\u00e7lar\u0131n\u0131za g\u00f6re su \u0131s\u0131t\u0131c\u0131y\u0131 \u00f6zelle\u015ftirebiliriz.<br \/>\nToptan sat\u0131n almaya ho\u015f geldiniz, hemen soru\u015fturma g\u00f6nderin!<\/p>","protected":false},"featured_media":3184,"comment_status":"open","ping_status":"closed","template":"","meta":{"_acf_changed":false},"product_brand":[],"product_cat":[1084],"product_tag":[32,36,33,31,39,38,192,190,29,37,34,35,28,30],"class_list":{"0":"post-3183","1":"product","2":"type-product","3":"status-publish","4":"has-post-thumbnail","6":"product_cat-kettle","7":"product_tag-best","8":"product_tag-bulk","9":"product_tag-buy","10":"product_tag-custom","11":"product_tag-for-sale","12":"product_tag-good-quality","13":"product_tag-household-insulated-kettle","14":"product_tag-kettle","15":"product_tag-manufacturers","16":"product_tag-manufacturing","17":"product_tag-price","18":"product_tag-small","19":"product_tag-suppliers","20":"product_tag-wholesale","22":"first","23":"instock","24":"shipping-taxable","25":"product-type-simple"},"acf":[],"yoast_head":"<!-- This site is optimized with the Yoast SEO Premium plugin v27.5 (Yoast SEO v27.5) - https:\/\/yoast.com\/product\/yoast-seo-premium-wordpress\/ -->\n<title>Household Insulated Kettle - Diller Water Bottle Manufacturer<\/title>\n<meta name=\"description\" content=\"As one of the best household insulated kettle manufacturers and suppliers, we are engaged in manufacturing good quality water bottles. We warmly welcome you to wholesale or buy custom made household insulated kettle at competitive price from us. Also, small quantity orders are acceptable.\" \/>\n<meta name=\"robots\" content=\"index, follow, max-snippet:-1, max-image-preview:large, max-video-preview:-1\" \/>\n<link rel=\"canonical\" href=\"https:\/\/www.dillerbottle.com\/tr\/urunler\/ev-tipi-yalitimli-su-isiticisi\" \/>\n<meta property=\"og:locale\" content=\"tr_TR\" \/>\n<meta property=\"og:type\" content=\"article\" \/>\n<meta property=\"og:title\" content=\"Household Insulated Kettle\" \/>\n<meta property=\"og:description\" content=\"As one of the best household insulated kettle manufacturers and suppliers, we are engaged in manufacturing good quality water bottles. We warmly welcome you to wholesale or buy custom made household insulated kettle at competitive price from us. Also, small quantity orders are acceptable.\" \/>\n<meta property=\"og:url\" content=\"https:\/\/www.dillerbottle.com\/tr\/urunler\/ev-tipi-yalitimli-su-isiticisi\" \/>\n<meta property=\"og:site_name\" content=\"Diller Water Bottle Manufacturer\" \/>\n<meta property=\"article:modified_time\" content=\"2025-07-10T07:34:09+00:00\" \/>\n<meta property=\"og:image\" content=\"https:\/\/www.dillerbottle.com\/wp-content\/uploads\/2024\/09\/household-insulated-bottle52679385-4bea-4aea-893e-ba029169f0f4.jpg\" \/>\n\t<meta property=\"og:image:width\" content=\"730\" \/>\n\t<meta property=\"og:image:height\" content=\"730\" \/>\n\t<meta property=\"og:image:type\" content=\"image\/jpeg\" \/>\n<meta name=\"twitter:card\" content=\"summary_large_image\" \/>\n<meta name=\"twitter:label1\" content=\"Tahmini okuma s\u00fcresi\" \/>\n\t<meta name=\"twitter:data1\" content=\"5 dakika\" \/>\n<script type=\"application\/ld+json\" class=\"yoast-schema-graph\">{\"@context\":\"https:\\\/\\\/schema.org\",\"@graph\":[{\"@type\":\"WebPage\",\"@id\":\"https:\\\/\\\/www.dillerbottle.com\\\/pt\\\/produtos\\\/chaleira-isolada-para-uso-domestico\",\"url\":\"https:\\\/\\\/www.dillerbottle.com\\\/pt\\\/produtos\\\/chaleira-isolada-para-uso-domestico\",\"name\":\"Household Insulated Kettle - Diller Water Bottle Manufacturer\",\"isPartOf\":{\"@id\":\"https:\\\/\\\/www.dillerbottle.com\\\/#website\"},\"primaryImageOfPage\":{\"@id\":\"https:\\\/\\\/www.dillerbottle.com\\\/pt\\\/produtos\\\/chaleira-isolada-para-uso-domestico#primaryimage\"},\"image\":{\"@id\":\"https:\\\/\\\/www.dillerbottle.com\\\/pt\\\/produtos\\\/chaleira-isolada-para-uso-domestico#primaryimage\"},\"thumbnailUrl\":\"https:\\\/\\\/www.dillerbottle.com\\\/wp-content\\\/uploads\\\/2024\\\/09\\\/household-insulated-bottle52679385-4bea-4aea-893e-ba029169f0f4.jpg\",\"datePublished\":\"2024-09-26T02:02:54+00:00\",\"dateModified\":\"2025-07-10T07:34:09+00:00\",\"description\":\"As one of the best household insulated kettle manufacturers and suppliers, we are engaged in manufacturing good quality water bottles. We warmly welcome you to wholesale or buy custom made household insulated kettle at competitive price from us. Also, small quantity orders are acceptable.\",\"breadcrumb\":{\"@id\":\"https:\\\/\\\/www.dillerbottle.com\\\/pt\\\/produtos\\\/chaleira-isolada-para-uso-domestico#breadcrumb\"},\"inLanguage\":\"tr\",\"potentialAction\":[{\"@type\":\"ReadAction\",\"target\":[\"https:\\\/\\\/www.dillerbottle.com\\\/pt\\\/produtos\\\/chaleira-isolada-para-uso-domestico\"]}]},{\"@type\":\"ImageObject\",\"inLanguage\":\"tr\",\"@id\":\"https:\\\/\\\/www.dillerbottle.com\\\/pt\\\/produtos\\\/chaleira-isolada-para-uso-domestico#primaryimage\",\"url\":\"https:\\\/\\\/www.dillerbottle.com\\\/wp-content\\\/uploads\\\/2024\\\/09\\\/household-insulated-bottle52679385-4bea-4aea-893e-ba029169f0f4.jpg\",\"contentUrl\":\"https:\\\/\\\/www.dillerbottle.com\\\/wp-content\\\/uploads\\\/2024\\\/09\\\/household-insulated-bottle52679385-4bea-4aea-893e-ba029169f0f4.jpg\",\"width\":730,\"height\":730},{\"@type\":\"BreadcrumbList\",\"@id\":\"https:\\\/\\\/www.dillerbottle.com\\\/pt\\\/produtos\\\/chaleira-isolada-para-uso-domestico#breadcrumb\",\"itemListElement\":[{\"@type\":\"ListItem\",\"position\":1,\"name\":\"Home\",\"item\":\"https:\\\/\\\/www.dillerbottle.com\\\/\"},{\"@type\":\"ListItem\",\"position\":2,\"name\":\"Products\",\"item\":\"https:\\\/\\\/www.dillerbottle.com\\\/shop\"},{\"@type\":\"ListItem\",\"position\":3,\"name\":\"Household Insulated Kettle\"}]},{\"@type\":\"WebSite\",\"@id\":\"https:\\\/\\\/www.dillerbottle.com\\\/#website\",\"url\":\"https:\\\/\\\/www.dillerbottle.com\\\/\",\"name\":\"Diller Water Bottle Manufacturer\",\"description\":\"Water Bottle Manufacturer\",\"publisher\":{\"@id\":\"https:\\\/\\\/www.dillerbottle.com\\\/#organization\"},\"potentialAction\":[{\"@type\":\"SearchAction\",\"target\":{\"@type\":\"EntryPoint\",\"urlTemplate\":\"https:\\\/\\\/www.dillerbottle.com\\\/?s={search_term_string}\"},\"query-input\":{\"@type\":\"PropertyValueSpecification\",\"valueRequired\":true,\"valueName\":\"search_term_string\"}}],\"inLanguage\":\"tr\"},{\"@type\":\"Organization\",\"@id\":\"https:\\\/\\\/www.dillerbottle.com\\\/#organization\",\"name\":\"Diller Water Bottle Manufacturer\",\"url\":\"https:\\\/\\\/www.dillerbottle.com\\\/\",\"logo\":{\"@type\":\"ImageObject\",\"inLanguage\":\"tr\",\"@id\":\"https:\\\/\\\/www.dillerbottle.com\\\/#\\\/schema\\\/logo\\\/image\\\/\",\"url\":\"https:\\\/\\\/www.dillerbottle.com\\\/wp-content\\\/uploads\\\/2024\\\/09\\\/49918bfa848dcc1e9f8b509933603ac.png\",\"contentUrl\":\"https:\\\/\\\/www.dillerbottle.com\\\/wp-content\\\/uploads\\\/2024\\\/09\\\/49918bfa848dcc1e9f8b509933603ac.png\",\"width\":988,\"height\":198,\"caption\":\"Diller Water Bottle Manufacturer\"},\"image\":{\"@id\":\"https:\\\/\\\/www.dillerbottle.com\\\/#\\\/schema\\\/logo\\\/image\\\/\"}}]}<\/script>\n<!-- \/ Yoast SEO Premium plugin. -->","yoast_head_json":{"title":"Ev Tipi Yal\u0131t\u0131ml\u0131 Su Is\u0131t\u0131c\u0131s\u0131 - Diller Su \u015ei\u015fesi \u00dcreticisi","description":"En iyi ev tipi yal\u0131t\u0131ml\u0131 su \u0131s\u0131t\u0131c\u0131s\u0131 \u00fcreticilerinden ve tedarik\u00e7ilerinden biri olarak, kaliteli su \u015fi\u015feleri \u00fcretiyoruz. Sizleri toptan sat\u0131\u015fa veya rekabet\u00e7i fiyatlarla bizden \u00f6zel yap\u0131m ev tipi yal\u0131t\u0131ml\u0131 su \u0131s\u0131t\u0131c\u0131s\u0131 sat\u0131n almaya davet ediyoruz. Ayr\u0131ca, k\u00fc\u00e7\u00fck miktardaki sipari\u015fler de kabul edilebilir.","robots":{"index":"index","follow":"follow","max-snippet":"max-snippet:-1","max-image-preview":"max-image-preview:large","max-video-preview":"max-video-preview:-1"},"canonical":"https:\/\/www.dillerbottle.com\/tr\/urunler\/ev-tipi-yalitimli-su-isiticisi","og_locale":"tr_TR","og_type":"article","og_title":"Household Insulated Kettle","og_description":"As one of the best household insulated kettle manufacturers and suppliers, we are engaged in manufacturing good quality water bottles. We warmly welcome you to wholesale or buy custom made household insulated kettle at competitive price from us. Also, small quantity orders are acceptable.","og_url":"https:\/\/www.dillerbottle.com\/tr\/urunler\/ev-tipi-yalitimli-su-isiticisi","og_site_name":"Diller Water Bottle Manufacturer","article_modified_time":"2025-07-10T07:34:09+00:00","og_image":[{"width":730,"height":730,"url":"https:\/\/www.dillerbottle.com\/wp-content\/uploads\/2024\/09\/household-insulated-bottle52679385-4bea-4aea-893e-ba029169f0f4.jpg","type":"image\/jpeg"}],"twitter_card":"summary_large_image","twitter_misc":{"Tahmini okuma s\u00fcresi":"5 dakika"},"schema":{"@context":"https:\/\/schema.org","@graph":[{"@type":"WebPage","@id":"https:\/\/www.dillerbottle.com\/pt\/produtos\/chaleira-isolada-para-uso-domestico","url":"https:\/\/www.dillerbottle.com\/pt\/produtos\/chaleira-isolada-para-uso-domestico","name":"Ev Tipi Yal\u0131t\u0131ml\u0131 Su Is\u0131t\u0131c\u0131s\u0131 - Diller Su \u015ei\u015fesi \u00dcreticisi","isPartOf":{"@id":"https:\/\/www.dillerbottle.com\/#website"},"primaryImageOfPage":{"@id":"https:\/\/www.dillerbottle.com\/pt\/produtos\/chaleira-isolada-para-uso-domestico#primaryimage"},"image":{"@id":"https:\/\/www.dillerbottle.com\/pt\/produtos\/chaleira-isolada-para-uso-domestico#primaryimage"},"thumbnailUrl":"https:\/\/www.dillerbottle.com\/wp-content\/uploads\/2024\/09\/household-insulated-bottle52679385-4bea-4aea-893e-ba029169f0f4.jpg","datePublished":"2024-09-26T02:02:54+00:00","dateModified":"2025-07-10T07:34:09+00:00","description":"En iyi ev tipi yal\u0131t\u0131ml\u0131 su \u0131s\u0131t\u0131c\u0131s\u0131 \u00fcreticilerinden ve tedarik\u00e7ilerinden biri olarak, kaliteli su \u015fi\u015feleri \u00fcretiyoruz. Sizleri toptan sat\u0131\u015fa veya rekabet\u00e7i fiyatlarla bizden \u00f6zel yap\u0131m ev tipi yal\u0131t\u0131ml\u0131 su \u0131s\u0131t\u0131c\u0131s\u0131 sat\u0131n almaya davet ediyoruz. Ayr\u0131ca, k\u00fc\u00e7\u00fck miktardaki sipari\u015fler de kabul edilebilir.","breadcrumb":{"@id":"https:\/\/www.dillerbottle.com\/pt\/produtos\/chaleira-isolada-para-uso-domestico#breadcrumb"},"inLanguage":"tr","potentialAction":[{"@type":"ReadAction","target":["https:\/\/www.dillerbottle.com\/pt\/produtos\/chaleira-isolada-para-uso-domestico"]}]},{"@type":"ImageObject","inLanguage":"tr","@id":"https:\/\/www.dillerbottle.com\/pt\/produtos\/chaleira-isolada-para-uso-domestico#primaryimage","url":"https:\/\/www.dillerbottle.com\/wp-content\/uploads\/2024\/09\/household-insulated-bottle52679385-4bea-4aea-893e-ba029169f0f4.jpg","contentUrl":"https:\/\/www.dillerbottle.com\/wp-content\/uploads\/2024\/09\/household-insulated-bottle52679385-4bea-4aea-893e-ba029169f0f4.jpg","width":730,"height":730},{"@type":"BreadcrumbList","@id":"https:\/\/www.dillerbottle.com\/pt\/produtos\/chaleira-isolada-para-uso-domestico#breadcrumb","itemListElement":[{"@type":"ListItem","position":1,"name":"Home","item":"https:\/\/www.dillerbottle.com\/"},{"@type":"ListItem","position":2,"name":"Products","item":"https:\/\/www.dillerbottle.com\/shop"},{"@type":"ListItem","position":3,"name":"Household Insulated Kettle"}]},{"@type":"WebSite","@id":"https:\/\/www.dillerbottle.com\/#website","url":"https:\/\/www.dillerbottle.com\/","name":"Diller Su \u015ei\u015fesi \u00dcreticisi","description":"Su \u015ei\u015fesi \u00dcreticisi","publisher":{"@id":"https:\/\/www.dillerbottle.com\/#organization"},"potentialAction":[{"@type":"SearchAction","target":{"@type":"EntryPoint","urlTemplate":"https:\/\/www.dillerbottle.com\/?s={search_term_string}"},"query-input":{"@type":"PropertyValueSpecification","valueRequired":true,"valueName":"search_term_string"}}],"inLanguage":"tr"},{"@type":"Organization","@id":"https:\/\/www.dillerbottle.com\/#organization","name":"Diller Su \u015ei\u015fesi \u00dcreticisi","url":"https:\/\/www.dillerbottle.com\/","logo":{"@type":"ImageObject","inLanguage":"tr","@id":"https:\/\/www.dillerbottle.com\/#\/schema\/logo\/image\/","url":"https:\/\/www.dillerbottle.com\/wp-content\/uploads\/2024\/09\/49918bfa848dcc1e9f8b509933603ac.png","contentUrl":"https:\/\/www.dillerbottle.com\/wp-content\/uploads\/2024\/09\/49918bfa848dcc1e9f8b509933603ac.png","width":988,"height":198,"caption":"Diller Water Bottle Manufacturer"},"image":{"@id":"https:\/\/www.dillerbottle.com\/#\/schema\/logo\/image\/"}}]}},"_links":{"self":[{"href":"https:\/\/www.dillerbottle.com\/tr\/wp-json\/wp\/v2\/product\/3183","targetHints":{"allow":["GET"]}}],"collection":[{"href":"https:\/\/www.dillerbottle.com\/tr\/wp-json\/wp\/v2\/product"}],"about":[{"href":"https:\/\/www.dillerbottle.com\/tr\/wp-json\/wp\/v2\/types\/product"}],"replies":[{"embeddable":true,"href":"https:\/\/www.dillerbottle.com\/tr\/wp-json\/wp\/v2\/comments?post=3183"}],"wp:featuredmedia":[{"embeddable":true,"href":"https:\/\/www.dillerbottle.com\/tr\/wp-json\/wp\/v2\/media\/3184"}],"wp:attachment":[{"href":"https:\/\/www.dillerbottle.com\/tr\/wp-json\/wp\/v2\/media?parent=3183"}],"wp:term":[{"taxonomy":"product_brand","embeddable":true,"href":"https:\/\/www.dillerbottle.com\/tr\/wp-json\/wp\/v2\/product_brand?post=3183"},{"taxonomy":"product_cat","embeddable":true,"href":"https:\/\/www.dillerbottle.com\/tr\/wp-json\/wp\/v2\/product_cat?post=3183"},{"taxonomy":"product_tag","embeddable":true,"href":"https:\/\/www.dillerbottle.com\/tr\/wp-json\/wp\/v2\/product_tag?post=3183"}],"curies":[{"name":"wp","href":"https:\/\/api.w.org\/{rel}","templated":true}]}}