{"id":3210,"date":"2024-09-26T10:03:15","date_gmt":"2024-09-26T02:03:15","guid":{"rendered":"https:\/\/demo.dillerbottle.com\/uncategorized\/kettle-with-tea-infuser"},"modified":"2025-07-10T15:23:55","modified_gmt":"2025-07-10T07:23:55","slug":"caydanlik-ve-cay-demligi","status":"publish","type":"product","link":"https:\/\/www.dillerbottle.com\/tr\/products\/kettle-with-tea-infuser","title":{"rendered":"\u00c7ay Demleme Aparat\u0131 Olan Su Is\u0131t\u0131c\u0131s\u0131"},"content":{"rendered":"<p>\u00d6zellikler:<br \/>\n1. \u00c7ay demleme aparatl\u0131 su \u0131s\u0131t\u0131c\u0131s\u0131, i\u00e7ecekleri optimum s\u0131cakl\u0131kta tutabilen ve m\u00fckemmel yal\u0131t\u0131m etkisine sahip \u00e7ift cidarl\u0131 paslanmaz \u00e7elikten yap\u0131lm\u0131\u015ft\u0131r. Sap\u0131 rahatt\u0131r ve kavramas\u0131 kolayd\u0131r.<\/p>\n<p>2. Bu ev tipi yal\u0131t\u0131ml\u0131 su \u0131s\u0131t\u0131c\u0131s\u0131ndaki her k\u0131vr\u0131m, sap ve d\u00fc\u011fme konfor ve kolayl\u0131k d\u00fc\u015f\u00fcn\u00fclerek yarat\u0131lm\u0131\u015ft\u0131r. Ev tipi yal\u0131t\u0131ml\u0131 su \u0131s\u0131t\u0131c\u0131s\u0131, an\u0131nda serbest b\u0131rakma i\u00e7in bir basmal\u0131 d\u00fc\u011fmeyle su ge\u00e7irmez ve s\u0131zd\u0131rmazd\u0131r.<\/p>\n<p>3. Basmal\u0131 D\u00fc\u011fme Tasar\u0131m\u0131, Kolay D\u00f6kme \u2013 Ergonomik, kolay kavranan adiabatik sap ve basit basmal\u0131 d\u00fc\u011fme, tek elle d\u00f6kmeyi daha rahat hale getirir.<\/p>\n<p>4.;Evde g\u00fczel bir \u00e7ay demlemenizi ve yava\u015f yava\u015f tad\u0131na bakman\u0131z\u0131 sa\u011flayan ince paslanmaz \u00e7elik \u00e7ay demli\u011fi bulunmaktad\u0131r.<\/p>","protected":false},"excerpt":{"rendered":"<p>\u00c7ay demleme aparatl\u0131 bu su \u0131s\u0131t\u0131c\u0131s\u0131 paslanmaz \u00e7elik ve g\u0131da s\u0131n\u0131f\u0131 malzemelerden \u00fcretilmi\u015ftir.<br \/>\nBu yal\u0131t\u0131ml\u0131 su \u0131s\u0131t\u0131c\u0131s\u0131, i\u00e7indekileri 6-12 saate kadar s\u0131cak veya buz gibi so\u011fuk tutabilir.<br \/>\n\u00c7ay yapraklar\u0131n\u0131 demli\u011fe koyup bir demlik \u00e7ay elde edebilirsiniz.<br \/>\nOEM ve ODM kabul edilebilir.<br \/>\n\u0130htiya\u00e7lar\u0131n\u0131za g\u00f6re su \u0131s\u0131t\u0131c\u0131y\u0131 \u00f6zelle\u015ftirebiliriz.<br \/>\nToptan sat\u0131n almaya ho\u015f geldiniz, hemen soru\u015fturma g\u00f6nderin!<\/p>","protected":false},"featured_media":3211,"comment_status":"open","ping_status":"closed","template":"","meta":{"_acf_changed":false},"product_brand":[],"product_cat":[1084],"product_tag":[32,36,33,31,39,38,190,193,29,37,34,35,28,30],"class_list":{"0":"post-3210","1":"product","2":"type-product","3":"status-publish","4":"has-post-thumbnail","6":"product_cat-kettle","7":"product_tag-best","8":"product_tag-bulk","9":"product_tag-buy","10":"product_tag-custom","11":"product_tag-for-sale","12":"product_tag-good-quality","13":"product_tag-kettle","14":"product_tag-kettle-with-tea-infuser","15":"product_tag-manufacturers","16":"product_tag-manufacturing","17":"product_tag-price","18":"product_tag-small","19":"product_tag-suppliers","20":"product_tag-wholesale","22":"first","23":"instock","24":"shipping-taxable","25":"product-type-simple"},"acf":[],"yoast_head":"<!-- This site is optimized with the Yoast SEO Premium plugin v27.5 (Yoast SEO v27.5) - https:\/\/yoast.com\/product\/yoast-seo-premium-wordpress\/ -->\n<title>Kettle With Tea Infuser - Diller Water Bottle Manufacturer<\/title>\n<meta name=\"description\" content=\"As one of the best kettle with tea infuser manufacturers and suppliers, we are engaged in manufacturing good quality water bottles. We warmly welcome you to wholesale or buy custom made kettle with tea infuser at competitive price from us. Also, small quantity orders are acceptable.\" \/>\n<meta name=\"robots\" content=\"index, follow, max-snippet:-1, max-image-preview:large, max-video-preview:-1\" \/>\n<link rel=\"canonical\" href=\"https:\/\/www.dillerbottle.com\/tr\/urunler\/caydanlik-ve-cay-demligi\" \/>\n<meta property=\"og:locale\" content=\"tr_TR\" \/>\n<meta property=\"og:type\" content=\"article\" \/>\n<meta property=\"og:title\" content=\"Kettle With Tea Infuser\" \/>\n<meta property=\"og:description\" content=\"As one of the best kettle with tea infuser manufacturers and suppliers, we are engaged in manufacturing good quality water bottles. We warmly welcome you to wholesale or buy custom made kettle with tea infuser at competitive price from us. Also, small quantity orders are acceptable.\" \/>\n<meta property=\"og:url\" content=\"https:\/\/www.dillerbottle.com\/tr\/urunler\/caydanlik-ve-cay-demligi\" \/>\n<meta property=\"og:site_name\" content=\"Diller Water Bottle Manufacturer\" \/>\n<meta property=\"article:modified_time\" content=\"2025-07-10T07:23:55+00:00\" \/>\n<meta property=\"og:image\" content=\"https:\/\/www.dillerbottle.com\/wp-content\/uploads\/2024\/09\/kettle-with-tea-infuser7a62913d-6122-472d-8ec3-9d882fbe148d.jpg\" \/>\n\t<meta property=\"og:image:width\" content=\"730\" \/>\n\t<meta property=\"og:image:height\" content=\"730\" \/>\n\t<meta property=\"og:image:type\" content=\"image\/jpeg\" \/>\n<meta name=\"twitter:card\" content=\"summary_large_image\" \/>\n<meta name=\"twitter:label1\" content=\"Tahmini okuma s\u00fcresi\" \/>\n\t<meta name=\"twitter:data1\" content=\"5 dakika\" \/>\n<script type=\"application\/ld+json\" class=\"yoast-schema-graph\">{\"@context\":\"https:\\\/\\\/schema.org\",\"@graph\":[{\"@type\":\"WebPage\",\"@id\":\"https:\\\/\\\/www.dillerbottle.com\\\/th\\\/%e0%b8%aa%e0%b8%b4%e0%b8%99%e0%b8%84%e0%b9%89%e0%b8%b2\\\/%e0%b8%81%e0%b8%b2%e0%b8%99%e0%b9%89%e0%b8%b3%e0%b8%8a%e0%b8%b2%e0%b8%9e%e0%b8%a3%e0%b9%89%e0%b8%ad%e0%b8%a1%e0%b8%97%e0%b8%b5%e0%b9%88%e0%b8%8a%e0%b8%87%e0%b8%8a%e0%b8%b2\",\"url\":\"https:\\\/\\\/www.dillerbottle.com\\\/th\\\/%e0%b8%aa%e0%b8%b4%e0%b8%99%e0%b8%84%e0%b9%89%e0%b8%b2\\\/%e0%b8%81%e0%b8%b2%e0%b8%99%e0%b9%89%e0%b8%b3%e0%b8%8a%e0%b8%b2%e0%b8%9e%e0%b8%a3%e0%b9%89%e0%b8%ad%e0%b8%a1%e0%b8%97%e0%b8%b5%e0%b9%88%e0%b8%8a%e0%b8%87%e0%b8%8a%e0%b8%b2\",\"name\":\"Kettle With Tea Infuser - Diller Water Bottle Manufacturer\",\"isPartOf\":{\"@id\":\"https:\\\/\\\/www.dillerbottle.com\\\/#website\"},\"primaryImageOfPage\":{\"@id\":\"https:\\\/\\\/www.dillerbottle.com\\\/th\\\/%e0%b8%aa%e0%b8%b4%e0%b8%99%e0%b8%84%e0%b9%89%e0%b8%b2\\\/%e0%b8%81%e0%b8%b2%e0%b8%99%e0%b9%89%e0%b8%b3%e0%b8%8a%e0%b8%b2%e0%b8%9e%e0%b8%a3%e0%b9%89%e0%b8%ad%e0%b8%a1%e0%b8%97%e0%b8%b5%e0%b9%88%e0%b8%8a%e0%b8%87%e0%b8%8a%e0%b8%b2#primaryimage\"},\"image\":{\"@id\":\"https:\\\/\\\/www.dillerbottle.com\\\/th\\\/%e0%b8%aa%e0%b8%b4%e0%b8%99%e0%b8%84%e0%b9%89%e0%b8%b2\\\/%e0%b8%81%e0%b8%b2%e0%b8%99%e0%b9%89%e0%b8%b3%e0%b8%8a%e0%b8%b2%e0%b8%9e%e0%b8%a3%e0%b9%89%e0%b8%ad%e0%b8%a1%e0%b8%97%e0%b8%b5%e0%b9%88%e0%b8%8a%e0%b8%87%e0%b8%8a%e0%b8%b2#primaryimage\"},\"thumbnailUrl\":\"https:\\\/\\\/www.dillerbottle.com\\\/wp-content\\\/uploads\\\/2024\\\/09\\\/kettle-with-tea-infuser7a62913d-6122-472d-8ec3-9d882fbe148d.jpg\",\"datePublished\":\"2024-09-26T02:03:15+00:00\",\"dateModified\":\"2025-07-10T07:23:55+00:00\",\"description\":\"As one of the best kettle with tea infuser manufacturers and suppliers, we are engaged in manufacturing good quality water bottles. We warmly welcome you to wholesale or buy custom made kettle with tea infuser at competitive price from us. Also, small quantity orders are acceptable.\",\"breadcrumb\":{\"@id\":\"https:\\\/\\\/www.dillerbottle.com\\\/th\\\/%e0%b8%aa%e0%b8%b4%e0%b8%99%e0%b8%84%e0%b9%89%e0%b8%b2\\\/%e0%b8%81%e0%b8%b2%e0%b8%99%e0%b9%89%e0%b8%b3%e0%b8%8a%e0%b8%b2%e0%b8%9e%e0%b8%a3%e0%b9%89%e0%b8%ad%e0%b8%a1%e0%b8%97%e0%b8%b5%e0%b9%88%e0%b8%8a%e0%b8%87%e0%b8%8a%e0%b8%b2#breadcrumb\"},\"inLanguage\":\"tr\",\"potentialAction\":[{\"@type\":\"ReadAction\",\"target\":[\"https:\\\/\\\/www.dillerbottle.com\\\/th\\\/%e0%b8%aa%e0%b8%b4%e0%b8%99%e0%b8%84%e0%b9%89%e0%b8%b2\\\/%e0%b8%81%e0%b8%b2%e0%b8%99%e0%b9%89%e0%b8%b3%e0%b8%8a%e0%b8%b2%e0%b8%9e%e0%b8%a3%e0%b9%89%e0%b8%ad%e0%b8%a1%e0%b8%97%e0%b8%b5%e0%b9%88%e0%b8%8a%e0%b8%87%e0%b8%8a%e0%b8%b2\"]}]},{\"@type\":\"ImageObject\",\"inLanguage\":\"tr\",\"@id\":\"https:\\\/\\\/www.dillerbottle.com\\\/th\\\/%e0%b8%aa%e0%b8%b4%e0%b8%99%e0%b8%84%e0%b9%89%e0%b8%b2\\\/%e0%b8%81%e0%b8%b2%e0%b8%99%e0%b9%89%e0%b8%b3%e0%b8%8a%e0%b8%b2%e0%b8%9e%e0%b8%a3%e0%b9%89%e0%b8%ad%e0%b8%a1%e0%b8%97%e0%b8%b5%e0%b9%88%e0%b8%8a%e0%b8%87%e0%b8%8a%e0%b8%b2#primaryimage\",\"url\":\"https:\\\/\\\/www.dillerbottle.com\\\/wp-content\\\/uploads\\\/2024\\\/09\\\/kettle-with-tea-infuser7a62913d-6122-472d-8ec3-9d882fbe148d.jpg\",\"contentUrl\":\"https:\\\/\\\/www.dillerbottle.com\\\/wp-content\\\/uploads\\\/2024\\\/09\\\/kettle-with-tea-infuser7a62913d-6122-472d-8ec3-9d882fbe148d.jpg\",\"width\":730,\"height\":730},{\"@type\":\"BreadcrumbList\",\"@id\":\"https:\\\/\\\/www.dillerbottle.com\\\/th\\\/%e0%b8%aa%e0%b8%b4%e0%b8%99%e0%b8%84%e0%b9%89%e0%b8%b2\\\/%e0%b8%81%e0%b8%b2%e0%b8%99%e0%b9%89%e0%b8%b3%e0%b8%8a%e0%b8%b2%e0%b8%9e%e0%b8%a3%e0%b9%89%e0%b8%ad%e0%b8%a1%e0%b8%97%e0%b8%b5%e0%b9%88%e0%b8%8a%e0%b8%87%e0%b8%8a%e0%b8%b2#breadcrumb\",\"itemListElement\":[{\"@type\":\"ListItem\",\"position\":1,\"name\":\"Home\",\"item\":\"https:\\\/\\\/www.dillerbottle.com\\\/\"},{\"@type\":\"ListItem\",\"position\":2,\"name\":\"Products\",\"item\":\"https:\\\/\\\/www.dillerbottle.com\\\/shop\"},{\"@type\":\"ListItem\",\"position\":3,\"name\":\"Kettle With Tea Infuser\"}]},{\"@type\":\"WebSite\",\"@id\":\"https:\\\/\\\/www.dillerbottle.com\\\/#website\",\"url\":\"https:\\\/\\\/www.dillerbottle.com\\\/\",\"name\":\"Diller Water Bottle Manufacturer\",\"description\":\"Water Bottle Manufacturer\",\"publisher\":{\"@id\":\"https:\\\/\\\/www.dillerbottle.com\\\/#organization\"},\"potentialAction\":[{\"@type\":\"SearchAction\",\"target\":{\"@type\":\"EntryPoint\",\"urlTemplate\":\"https:\\\/\\\/www.dillerbottle.com\\\/?s={search_term_string}\"},\"query-input\":{\"@type\":\"PropertyValueSpecification\",\"valueRequired\":true,\"valueName\":\"search_term_string\"}}],\"inLanguage\":\"tr\"},{\"@type\":\"Organization\",\"@id\":\"https:\\\/\\\/www.dillerbottle.com\\\/#organization\",\"name\":\"Diller Water Bottle Manufacturer\",\"url\":\"https:\\\/\\\/www.dillerbottle.com\\\/\",\"logo\":{\"@type\":\"ImageObject\",\"inLanguage\":\"tr\",\"@id\":\"https:\\\/\\\/www.dillerbottle.com\\\/#\\\/schema\\\/logo\\\/image\\\/\",\"url\":\"https:\\\/\\\/www.dillerbottle.com\\\/wp-content\\\/uploads\\\/2024\\\/09\\\/49918bfa848dcc1e9f8b509933603ac.png\",\"contentUrl\":\"https:\\\/\\\/www.dillerbottle.com\\\/wp-content\\\/uploads\\\/2024\\\/09\\\/49918bfa848dcc1e9f8b509933603ac.png\",\"width\":988,\"height\":198,\"caption\":\"Diller Water Bottle Manufacturer\"},\"image\":{\"@id\":\"https:\\\/\\\/www.dillerbottle.com\\\/#\\\/schema\\\/logo\\\/image\\\/\"}}]}<\/script>\n<!-- \/ Yoast SEO Premium plugin. -->","yoast_head_json":{"title":"\u00c7ay Demleme Aparat\u0131 ile Su Is\u0131t\u0131c\u0131s\u0131 - Diller Su \u015ei\u015fesi \u00dcreticisi","description":"En iyi \u00e7aydanl\u0131k ve \u00e7ay demli\u011fi \u00fcreticilerinden ve tedarik\u00e7ilerinden biri olarak, kaliteli su \u015fi\u015feleri \u00fcretiyoruz. Bizden toptan sat\u0131\u015f yapman\u0131z\u0131 veya rekabet\u00e7i fiyatlarla \u00f6zel yap\u0131m \u00e7aydanl\u0131k ve \u00e7ay demli\u011fi sat\u0131n alman\u0131z\u0131 i\u00e7tenlikle bekliyoruz. Ayr\u0131ca, k\u00fc\u00e7\u00fck miktardaki sipari\u015fler de kabul edilebilir.","robots":{"index":"index","follow":"follow","max-snippet":"max-snippet:-1","max-image-preview":"max-image-preview:large","max-video-preview":"max-video-preview:-1"},"canonical":"https:\/\/www.dillerbottle.com\/tr\/urunler\/caydanlik-ve-cay-demligi","og_locale":"tr_TR","og_type":"article","og_title":"Kettle With Tea Infuser","og_description":"As one of the best kettle with tea infuser manufacturers and suppliers, we are engaged in manufacturing good quality water bottles. We warmly welcome you to wholesale or buy custom made kettle with tea infuser at competitive price from us. Also, small quantity orders are acceptable.","og_url":"https:\/\/www.dillerbottle.com\/tr\/urunler\/caydanlik-ve-cay-demligi","og_site_name":"Diller Water Bottle Manufacturer","article_modified_time":"2025-07-10T07:23:55+00:00","og_image":[{"width":730,"height":730,"url":"https:\/\/www.dillerbottle.com\/wp-content\/uploads\/2024\/09\/kettle-with-tea-infuser7a62913d-6122-472d-8ec3-9d882fbe148d.jpg","type":"image\/jpeg"}],"twitter_card":"summary_large_image","twitter_misc":{"Tahmini okuma s\u00fcresi":"5 dakika"},"schema":{"@context":"https:\/\/schema.org","@graph":[{"@type":"WebPage","@id":"https:\/\/www.dillerbottle.com\/th\/%e0%b8%aa%e0%b8%b4%e0%b8%99%e0%b8%84%e0%b9%89%e0%b8%b2\/%e0%b8%81%e0%b8%b2%e0%b8%99%e0%b9%89%e0%b8%b3%e0%b8%8a%e0%b8%b2%e0%b8%9e%e0%b8%a3%e0%b9%89%e0%b8%ad%e0%b8%a1%e0%b8%97%e0%b8%b5%e0%b9%88%e0%b8%8a%e0%b8%87%e0%b8%8a%e0%b8%b2","url":"https:\/\/www.dillerbottle.com\/th\/%e0%b8%aa%e0%b8%b4%e0%b8%99%e0%b8%84%e0%b9%89%e0%b8%b2\/%e0%b8%81%e0%b8%b2%e0%b8%99%e0%b9%89%e0%b8%b3%e0%b8%8a%e0%b8%b2%e0%b8%9e%e0%b8%a3%e0%b9%89%e0%b8%ad%e0%b8%a1%e0%b8%97%e0%b8%b5%e0%b9%88%e0%b8%8a%e0%b8%87%e0%b8%8a%e0%b8%b2","name":"\u00c7ay Demleme Aparat\u0131 ile Su Is\u0131t\u0131c\u0131s\u0131 - Diller Su \u015ei\u015fesi \u00dcreticisi","isPartOf":{"@id":"https:\/\/www.dillerbottle.com\/#website"},"primaryImageOfPage":{"@id":"https:\/\/www.dillerbottle.com\/th\/%e0%b8%aa%e0%b8%b4%e0%b8%99%e0%b8%84%e0%b9%89%e0%b8%b2\/%e0%b8%81%e0%b8%b2%e0%b8%99%e0%b9%89%e0%b8%b3%e0%b8%8a%e0%b8%b2%e0%b8%9e%e0%b8%a3%e0%b9%89%e0%b8%ad%e0%b8%a1%e0%b8%97%e0%b8%b5%e0%b9%88%e0%b8%8a%e0%b8%87%e0%b8%8a%e0%b8%b2#primaryimage"},"image":{"@id":"https:\/\/www.dillerbottle.com\/th\/%e0%b8%aa%e0%b8%b4%e0%b8%99%e0%b8%84%e0%b9%89%e0%b8%b2\/%e0%b8%81%e0%b8%b2%e0%b8%99%e0%b9%89%e0%b8%b3%e0%b8%8a%e0%b8%b2%e0%b8%9e%e0%b8%a3%e0%b9%89%e0%b8%ad%e0%b8%a1%e0%b8%97%e0%b8%b5%e0%b9%88%e0%b8%8a%e0%b8%87%e0%b8%8a%e0%b8%b2#primaryimage"},"thumbnailUrl":"https:\/\/www.dillerbottle.com\/wp-content\/uploads\/2024\/09\/kettle-with-tea-infuser7a62913d-6122-472d-8ec3-9d882fbe148d.jpg","datePublished":"2024-09-26T02:03:15+00:00","dateModified":"2025-07-10T07:23:55+00:00","description":"En iyi \u00e7aydanl\u0131k ve \u00e7ay demli\u011fi \u00fcreticilerinden ve tedarik\u00e7ilerinden biri olarak, kaliteli su \u015fi\u015feleri \u00fcretiyoruz. Bizden toptan sat\u0131\u015f yapman\u0131z\u0131 veya rekabet\u00e7i fiyatlarla \u00f6zel yap\u0131m \u00e7aydanl\u0131k ve \u00e7ay demli\u011fi sat\u0131n alman\u0131z\u0131 i\u00e7tenlikle bekliyoruz. Ayr\u0131ca, k\u00fc\u00e7\u00fck miktardaki sipari\u015fler de kabul edilebilir.","breadcrumb":{"@id":"https:\/\/www.dillerbottle.com\/th\/%e0%b8%aa%e0%b8%b4%e0%b8%99%e0%b8%84%e0%b9%89%e0%b8%b2\/%e0%b8%81%e0%b8%b2%e0%b8%99%e0%b9%89%e0%b8%b3%e0%b8%8a%e0%b8%b2%e0%b8%9e%e0%b8%a3%e0%b9%89%e0%b8%ad%e0%b8%a1%e0%b8%97%e0%b8%b5%e0%b9%88%e0%b8%8a%e0%b8%87%e0%b8%8a%e0%b8%b2#breadcrumb"},"inLanguage":"tr","potentialAction":[{"@type":"ReadAction","target":["https:\/\/www.dillerbottle.com\/th\/%e0%b8%aa%e0%b8%b4%e0%b8%99%e0%b8%84%e0%b9%89%e0%b8%b2\/%e0%b8%81%e0%b8%b2%e0%b8%99%e0%b9%89%e0%b8%b3%e0%b8%8a%e0%b8%b2%e0%b8%9e%e0%b8%a3%e0%b9%89%e0%b8%ad%e0%b8%a1%e0%b8%97%e0%b8%b5%e0%b9%88%e0%b8%8a%e0%b8%87%e0%b8%8a%e0%b8%b2"]}]},{"@type":"ImageObject","inLanguage":"tr","@id":"https:\/\/www.dillerbottle.com\/th\/%e0%b8%aa%e0%b8%b4%e0%b8%99%e0%b8%84%e0%b9%89%e0%b8%b2\/%e0%b8%81%e0%b8%b2%e0%b8%99%e0%b9%89%e0%b8%b3%e0%b8%8a%e0%b8%b2%e0%b8%9e%e0%b8%a3%e0%b9%89%e0%b8%ad%e0%b8%a1%e0%b8%97%e0%b8%b5%e0%b9%88%e0%b8%8a%e0%b8%87%e0%b8%8a%e0%b8%b2#primaryimage","url":"https:\/\/www.dillerbottle.com\/wp-content\/uploads\/2024\/09\/kettle-with-tea-infuser7a62913d-6122-472d-8ec3-9d882fbe148d.jpg","contentUrl":"https:\/\/www.dillerbottle.com\/wp-content\/uploads\/2024\/09\/kettle-with-tea-infuser7a62913d-6122-472d-8ec3-9d882fbe148d.jpg","width":730,"height":730},{"@type":"BreadcrumbList","@id":"https:\/\/www.dillerbottle.com\/th\/%e0%b8%aa%e0%b8%b4%e0%b8%99%e0%b8%84%e0%b9%89%e0%b8%b2\/%e0%b8%81%e0%b8%b2%e0%b8%99%e0%b9%89%e0%b8%b3%e0%b8%8a%e0%b8%b2%e0%b8%9e%e0%b8%a3%e0%b9%89%e0%b8%ad%e0%b8%a1%e0%b8%97%e0%b8%b5%e0%b9%88%e0%b8%8a%e0%b8%87%e0%b8%8a%e0%b8%b2#breadcrumb","itemListElement":[{"@type":"ListItem","position":1,"name":"Home","item":"https:\/\/www.dillerbottle.com\/"},{"@type":"ListItem","position":2,"name":"Products","item":"https:\/\/www.dillerbottle.com\/shop"},{"@type":"ListItem","position":3,"name":"Kettle With Tea Infuser"}]},{"@type":"WebSite","@id":"https:\/\/www.dillerbottle.com\/#website","url":"https:\/\/www.dillerbottle.com\/","name":"Diller Su \u015ei\u015fesi \u00dcreticisi","description":"Su \u015ei\u015fesi \u00dcreticisi","publisher":{"@id":"https:\/\/www.dillerbottle.com\/#organization"},"potentialAction":[{"@type":"SearchAction","target":{"@type":"EntryPoint","urlTemplate":"https:\/\/www.dillerbottle.com\/?s={search_term_string}"},"query-input":{"@type":"PropertyValueSpecification","valueRequired":true,"valueName":"search_term_string"}}],"inLanguage":"tr"},{"@type":"Organization","@id":"https:\/\/www.dillerbottle.com\/#organization","name":"Diller Su \u015ei\u015fesi \u00dcreticisi","url":"https:\/\/www.dillerbottle.com\/","logo":{"@type":"ImageObject","inLanguage":"tr","@id":"https:\/\/www.dillerbottle.com\/#\/schema\/logo\/image\/","url":"https:\/\/www.dillerbottle.com\/wp-content\/uploads\/2024\/09\/49918bfa848dcc1e9f8b509933603ac.png","contentUrl":"https:\/\/www.dillerbottle.com\/wp-content\/uploads\/2024\/09\/49918bfa848dcc1e9f8b509933603ac.png","width":988,"height":198,"caption":"Diller Water Bottle Manufacturer"},"image":{"@id":"https:\/\/www.dillerbottle.com\/#\/schema\/logo\/image\/"}}]}},"_links":{"self":[{"href":"https:\/\/www.dillerbottle.com\/tr\/wp-json\/wp\/v2\/product\/3210","targetHints":{"allow":["GET"]}}],"collection":[{"href":"https:\/\/www.dillerbottle.com\/tr\/wp-json\/wp\/v2\/product"}],"about":[{"href":"https:\/\/www.dillerbottle.com\/tr\/wp-json\/wp\/v2\/types\/product"}],"replies":[{"embeddable":true,"href":"https:\/\/www.dillerbottle.com\/tr\/wp-json\/wp\/v2\/comments?post=3210"}],"wp:featuredmedia":[{"embeddable":true,"href":"https:\/\/www.dillerbottle.com\/tr\/wp-json\/wp\/v2\/media\/3211"}],"wp:attachment":[{"href":"https:\/\/www.dillerbottle.com\/tr\/wp-json\/wp\/v2\/media?parent=3210"}],"wp:term":[{"taxonomy":"product_brand","embeddable":true,"href":"https:\/\/www.dillerbottle.com\/tr\/wp-json\/wp\/v2\/product_brand?post=3210"},{"taxonomy":"product_cat","embeddable":true,"href":"https:\/\/www.dillerbottle.com\/tr\/wp-json\/wp\/v2\/product_cat?post=3210"},{"taxonomy":"product_tag","embeddable":true,"href":"https:\/\/www.dillerbottle.com\/tr\/wp-json\/wp\/v2\/product_tag?post=3210"}],"curies":[{"name":"wp","href":"https:\/\/api.w.org\/{rel}","templated":true}]}}