{"id":3328,"date":"2024-09-26T16:25:18","date_gmt":"2024-09-26T08:25:18","guid":{"rendered":"https:\/\/demo.dillerbottle.com\/uncategorized\/lovely-eco-friendly-kids-water-bottle"},"modified":"2025-07-10T15:27:11","modified_gmt":"2025-07-10T07:27:11","slug":"sevimli-cevre-dostu-cocuk-su-sisesi","status":"publish","type":"product","link":"https:\/\/www.dillerbottle.com\/tr\/products\/lovely-eco-friendly-kids-water-bottle","title":{"rendered":"Sevimli \u00c7evre Dostu \u00c7ocuk Su \u015ei\u015fesi"},"content":{"rendered":"<p>1. Sevimli \u00e7evre dostu \u00e7ocuk su \u015fi\u015fesi, Tritan ve g\u0131da s\u0131n\u0131f\u0131 malzemelerden yap\u0131lm\u0131\u015ft\u0131r, g\u00fcvenli ve kokusuzdur, kal\u0131nla\u015ft\u0131r\u0131lm\u0131\u015f ve \u015feffaft\u0131r ve y\u00fcksek s\u0131cakl\u0131klara dayan\u0131kl\u0131d\u0131r.<\/p>\n<p>2. Bu sevimli \u00e7evre dostu \u00e7ocuk su \u015fi\u015fesi, farkl\u0131 ihtiya\u00e7lar\u0131 kar\u015f\u0131lamak i\u00e7in biri d\u00fcz i\u00e7me barda\u011f\u0131 kapa\u011f\u0131, di\u011feri pipetli bardak kapa\u011f\u0131 olmak \u00fczere iki bardak kapa\u011f\u0131yla birlikte gelir.<\/p>\n<p>3. Kazara dokunmaya kar\u015f\u0131 kilitleme tokas\u0131 + silikon s\u0131zd\u0131rmazl\u0131k halkas\u0131, \u00e7ift s\u0131zd\u0131rmaz, d\u0131\u015far\u0131 \u00e7\u0131karken su s\u0131z\u0131nt\u0131s\u0131 konusunda endi\u015felenmenize gerek yok.<\/p>\n<p>4. Su \u015fi\u015fesi, d\u0131\u015far\u0131 \u00e7\u0131karken ta\u015f\u0131may\u0131 kolayla\u015ft\u0131ran \u00e7\u0131kar\u0131labilir ve ayarlanabilir bir kay\u0131\u015fla birlikte gelir.<\/p>","protected":false},"excerpt":{"rendered":"<p>Bu sevimli \u00e7evre dostu \u00e7ocuk su \u015fi\u015fesi dayan\u0131kl\u0131 Tritan ve g\u0131da s\u0131n\u0131f\u0131 malzemelerden \u00fcretilmi\u015ftir.<br \/>\nBu \u00e7ocuk su \u015fi\u015fesi, farkl\u0131 ihtiya\u00e7lar\u0131 kar\u015f\u0131lamak i\u00e7in biri d\u00fcz i\u00e7me barda\u011f\u0131 kapa\u011f\u0131, di\u011feri pipetli bardak kapa\u011f\u0131 olmak \u00fczere iki bardak kapa\u011f\u0131yla birlikte gelir.<br \/>\nKazara dokunmaya kar\u015f\u0131 kilitleme tokas\u0131 + silikon s\u0131zd\u0131rmazl\u0131k halkas\u0131, \u00e7ift s\u0131zd\u0131rmaz, d\u0131\u015far\u0131 \u00e7\u0131karken su s\u0131z\u0131nt\u0131s\u0131 konusunda endi\u015felenmenize gerek yok.<br \/>\nOEM ve ODM kabul edilebilir.<br \/>\nPlastik spor \u015fi\u015fesini ihtiya\u00e7lar\u0131n\u0131za g\u00f6re \u00f6zelle\u015ftirebiliriz.<br \/>\nToptan sat\u0131n almaya ho\u015f geldiniz, hemen soru\u015fturma g\u00f6nderin!<\/p>","protected":false},"featured_media":3329,"comment_status":"open","ping_status":"closed","template":"","meta":{"_acf_changed":false},"product_brand":[],"product_cat":[200],"product_tag":[32,210,214,209,36,33,211,31,39,38,208,29,37,34,35,28,213,212,30],"class_list":{"0":"post-3328","1":"product","2":"type-product","3":"status-publish","4":"has-post-thumbnail","6":"product_cat-kids-water-bottles","7":"product_tag-best","8":"product_tag-big-water-bottle","9":"product_tag-blue-water-bottles","10":"product_tag-bpa-free-water-bottle-with-customized-printing","11":"product_tag-bulk","12":"product_tag-buy","13":"product_tag-clear-water-bottles","14":"product_tag-custom","15":"product_tag-for-sale","16":"product_tag-good-quality","17":"product_tag-lovely-eco-friendly-kids-water-bottle","18":"product_tag-manufacturers","19":"product_tag-manufacturing","20":"product_tag-price","21":"product_tag-small","22":"product_tag-suppliers","23":"product_tag-water-bottle-plastic-300ml","24":"product_tag-water-bottle-with-straw-and-handle","25":"product_tag-wholesale","27":"first","28":"instock","29":"shipping-taxable","30":"product-type-simple"},"acf":[],"yoast_head":"<!-- This site is optimized with the Yoast SEO Premium plugin v27.5 (Yoast SEO v27.5) - https:\/\/yoast.com\/product\/yoast-seo-premium-wordpress\/ -->\n<title>Lovely Eco Friendly Kids Water Bottle - Diller Water Bottle Manufacturer<\/title>\n<meta name=\"description\" content=\"As one of the best lovely eco friendly kids water bottle manufacturers and suppliers, we are engaged in manufacturing good quality water bottles. We warmly welcome you to wholesale or buy custom made lovely eco friendly kids water bottle at competitive price from us. Also, small quantity orders are acceptable.\" \/>\n<meta name=\"robots\" content=\"index, follow, max-snippet:-1, max-image-preview:large, max-video-preview:-1\" \/>\n<link rel=\"canonical\" href=\"https:\/\/www.dillerbottle.com\/tr\/urunler\/sevimli-cevre-dostu-cocuk-su-sisesi\" \/>\n<meta property=\"og:locale\" content=\"tr_TR\" \/>\n<meta property=\"og:type\" content=\"article\" \/>\n<meta property=\"og:title\" content=\"Lovely Eco Friendly Kids Water Bottle\" \/>\n<meta property=\"og:description\" content=\"As one of the best lovely eco friendly kids water bottle manufacturers and suppliers, we are engaged in manufacturing good quality water bottles. We warmly welcome you to wholesale or buy custom made lovely eco friendly kids water bottle at competitive price from us. Also, small quantity orders are acceptable.\" \/>\n<meta property=\"og:url\" content=\"https:\/\/www.dillerbottle.com\/tr\/urunler\/sevimli-cevre-dostu-cocuk-su-sisesi\" \/>\n<meta property=\"og:site_name\" content=\"Diller Water Bottle Manufacturer\" \/>\n<meta property=\"article:modified_time\" content=\"2025-07-10T07:27:11+00:00\" \/>\n<meta property=\"og:image\" content=\"https:\/\/www.dillerbottle.com\/wp-content\/uploads\/2024\/09\/lovely-eco-friendly-kids-water-bottlea121a.jpg\" \/>\n\t<meta property=\"og:image:width\" content=\"800\" \/>\n\t<meta property=\"og:image:height\" content=\"800\" \/>\n\t<meta property=\"og:image:type\" content=\"image\/jpeg\" \/>\n<meta name=\"twitter:card\" content=\"summary_large_image\" \/>\n<meta name=\"twitter:label1\" content=\"Tahmini okuma s\u00fcresi\" \/>\n\t<meta name=\"twitter:data1\" content=\"5 dakika\" \/>\n<script type=\"application\/ld+json\" class=\"yoast-schema-graph\">{\"@context\":\"https:\\\/\\\/schema.org\",\"@graph\":[{\"@type\":\"WebPage\",\"@id\":\"https:\\\/\\\/www.dillerbottle.com\\\/ru\\\/%d0%bf%d1%80%d0%be%d0%b4%d1%83%d0%ba%d1%82%d1%8b\\\/%d0%bf%d1%80%d0%b5%d0%ba%d1%80%d0%b0%d1%81%d0%bd%d0%b0%d1%8f-%d1%8d%d0%ba%d0%be%d0%bb%d0%be%d0%b3%d0%b8%d1%87%d0%bd%d0%b0%d1%8f-%d0%b4%d0%b5%d1%82%d1%81%d0%ba%d0%b0%d1%8f-%d0%b1%d1%83%d1%82%d1%8b\",\"url\":\"https:\\\/\\\/www.dillerbottle.com\\\/ru\\\/%d0%bf%d1%80%d0%be%d0%b4%d1%83%d0%ba%d1%82%d1%8b\\\/%d0%bf%d1%80%d0%b5%d0%ba%d1%80%d0%b0%d1%81%d0%bd%d0%b0%d1%8f-%d1%8d%d0%ba%d0%be%d0%bb%d0%be%d0%b3%d0%b8%d1%87%d0%bd%d0%b0%d1%8f-%d0%b4%d0%b5%d1%82%d1%81%d0%ba%d0%b0%d1%8f-%d0%b1%d1%83%d1%82%d1%8b\",\"name\":\"Lovely Eco Friendly Kids Water Bottle - Diller Water Bottle Manufacturer\",\"isPartOf\":{\"@id\":\"https:\\\/\\\/www.dillerbottle.com\\\/#website\"},\"primaryImageOfPage\":{\"@id\":\"https:\\\/\\\/www.dillerbottle.com\\\/ru\\\/%d0%bf%d1%80%d0%be%d0%b4%d1%83%d0%ba%d1%82%d1%8b\\\/%d0%bf%d1%80%d0%b5%d0%ba%d1%80%d0%b0%d1%81%d0%bd%d0%b0%d1%8f-%d1%8d%d0%ba%d0%be%d0%bb%d0%be%d0%b3%d0%b8%d1%87%d0%bd%d0%b0%d1%8f-%d0%b4%d0%b5%d1%82%d1%81%d0%ba%d0%b0%d1%8f-%d0%b1%d1%83%d1%82%d1%8b#primaryimage\"},\"image\":{\"@id\":\"https:\\\/\\\/www.dillerbottle.com\\\/ru\\\/%d0%bf%d1%80%d0%be%d0%b4%d1%83%d0%ba%d1%82%d1%8b\\\/%d0%bf%d1%80%d0%b5%d0%ba%d1%80%d0%b0%d1%81%d0%bd%d0%b0%d1%8f-%d1%8d%d0%ba%d0%be%d0%bb%d0%be%d0%b3%d0%b8%d1%87%d0%bd%d0%b0%d1%8f-%d0%b4%d0%b5%d1%82%d1%81%d0%ba%d0%b0%d1%8f-%d0%b1%d1%83%d1%82%d1%8b#primaryimage\"},\"thumbnailUrl\":\"https:\\\/\\\/www.dillerbottle.com\\\/wp-content\\\/uploads\\\/2024\\\/09\\\/lovely-eco-friendly-kids-water-bottlea121a.jpg\",\"datePublished\":\"2024-09-26T08:25:18+00:00\",\"dateModified\":\"2025-07-10T07:27:11+00:00\",\"description\":\"As one of the best lovely eco friendly kids water bottle manufacturers and suppliers, we are engaged in manufacturing good quality water bottles. We warmly welcome you to wholesale or buy custom made lovely eco friendly kids water bottle at competitive price from us. Also, small quantity orders are acceptable.\",\"breadcrumb\":{\"@id\":\"https:\\\/\\\/www.dillerbottle.com\\\/ru\\\/%d0%bf%d1%80%d0%be%d0%b4%d1%83%d0%ba%d1%82%d1%8b\\\/%d0%bf%d1%80%d0%b5%d0%ba%d1%80%d0%b0%d1%81%d0%bd%d0%b0%d1%8f-%d1%8d%d0%ba%d0%be%d0%bb%d0%be%d0%b3%d0%b8%d1%87%d0%bd%d0%b0%d1%8f-%d0%b4%d0%b5%d1%82%d1%81%d0%ba%d0%b0%d1%8f-%d0%b1%d1%83%d1%82%d1%8b#breadcrumb\"},\"inLanguage\":\"tr\",\"potentialAction\":[{\"@type\":\"ReadAction\",\"target\":[\"https:\\\/\\\/www.dillerbottle.com\\\/ru\\\/%d0%bf%d1%80%d0%be%d0%b4%d1%83%d0%ba%d1%82%d1%8b\\\/%d0%bf%d1%80%d0%b5%d0%ba%d1%80%d0%b0%d1%81%d0%bd%d0%b0%d1%8f-%d1%8d%d0%ba%d0%be%d0%bb%d0%be%d0%b3%d0%b8%d1%87%d0%bd%d0%b0%d1%8f-%d0%b4%d0%b5%d1%82%d1%81%d0%ba%d0%b0%d1%8f-%d0%b1%d1%83%d1%82%d1%8b\"]}]},{\"@type\":\"ImageObject\",\"inLanguage\":\"tr\",\"@id\":\"https:\\\/\\\/www.dillerbottle.com\\\/ru\\\/%d0%bf%d1%80%d0%be%d0%b4%d1%83%d0%ba%d1%82%d1%8b\\\/%d0%bf%d1%80%d0%b5%d0%ba%d1%80%d0%b0%d1%81%d0%bd%d0%b0%d1%8f-%d1%8d%d0%ba%d0%be%d0%bb%d0%be%d0%b3%d0%b8%d1%87%d0%bd%d0%b0%d1%8f-%d0%b4%d0%b5%d1%82%d1%81%d0%ba%d0%b0%d1%8f-%d0%b1%d1%83%d1%82%d1%8b#primaryimage\",\"url\":\"https:\\\/\\\/www.dillerbottle.com\\\/wp-content\\\/uploads\\\/2024\\\/09\\\/lovely-eco-friendly-kids-water-bottlea121a.jpg\",\"contentUrl\":\"https:\\\/\\\/www.dillerbottle.com\\\/wp-content\\\/uploads\\\/2024\\\/09\\\/lovely-eco-friendly-kids-water-bottlea121a.jpg\",\"width\":800,\"height\":800},{\"@type\":\"BreadcrumbList\",\"@id\":\"https:\\\/\\\/www.dillerbottle.com\\\/ru\\\/%d0%bf%d1%80%d0%be%d0%b4%d1%83%d0%ba%d1%82%d1%8b\\\/%d0%bf%d1%80%d0%b5%d0%ba%d1%80%d0%b0%d1%81%d0%bd%d0%b0%d1%8f-%d1%8d%d0%ba%d0%be%d0%bb%d0%be%d0%b3%d0%b8%d1%87%d0%bd%d0%b0%d1%8f-%d0%b4%d0%b5%d1%82%d1%81%d0%ba%d0%b0%d1%8f-%d0%b1%d1%83%d1%82%d1%8b#breadcrumb\",\"itemListElement\":[{\"@type\":\"ListItem\",\"position\":1,\"name\":\"Home\",\"item\":\"https:\\\/\\\/www.dillerbottle.com\\\/\"},{\"@type\":\"ListItem\",\"position\":2,\"name\":\"Products\",\"item\":\"https:\\\/\\\/www.dillerbottle.com\\\/shop\"},{\"@type\":\"ListItem\",\"position\":3,\"name\":\"Lovely Eco Friendly Kids Water Bottle\"}]},{\"@type\":\"WebSite\",\"@id\":\"https:\\\/\\\/www.dillerbottle.com\\\/#website\",\"url\":\"https:\\\/\\\/www.dillerbottle.com\\\/\",\"name\":\"Diller Water Bottle Manufacturer\",\"description\":\"Water Bottle Manufacturer\",\"publisher\":{\"@id\":\"https:\\\/\\\/www.dillerbottle.com\\\/#organization\"},\"potentialAction\":[{\"@type\":\"SearchAction\",\"target\":{\"@type\":\"EntryPoint\",\"urlTemplate\":\"https:\\\/\\\/www.dillerbottle.com\\\/?s={search_term_string}\"},\"query-input\":{\"@type\":\"PropertyValueSpecification\",\"valueRequired\":true,\"valueName\":\"search_term_string\"}}],\"inLanguage\":\"tr\"},{\"@type\":\"Organization\",\"@id\":\"https:\\\/\\\/www.dillerbottle.com\\\/#organization\",\"name\":\"Diller Water Bottle Manufacturer\",\"url\":\"https:\\\/\\\/www.dillerbottle.com\\\/\",\"logo\":{\"@type\":\"ImageObject\",\"inLanguage\":\"tr\",\"@id\":\"https:\\\/\\\/www.dillerbottle.com\\\/#\\\/schema\\\/logo\\\/image\\\/\",\"url\":\"https:\\\/\\\/www.dillerbottle.com\\\/wp-content\\\/uploads\\\/2024\\\/09\\\/49918bfa848dcc1e9f8b509933603ac.png\",\"contentUrl\":\"https:\\\/\\\/www.dillerbottle.com\\\/wp-content\\\/uploads\\\/2024\\\/09\\\/49918bfa848dcc1e9f8b509933603ac.png\",\"width\":988,\"height\":198,\"caption\":\"Diller Water Bottle Manufacturer\"},\"image\":{\"@id\":\"https:\\\/\\\/www.dillerbottle.com\\\/#\\\/schema\\\/logo\\\/image\\\/\"}}]}<\/script>\n<!-- \/ Yoast SEO Premium plugin. -->","yoast_head_json":{"title":"Sevimli \u00c7evre Dostu \u00c7ocuk Su \u015ei\u015fesi - Diller Su \u015ei\u015fesi \u00dcreticisi","description":"En iyi g\u00fczel \u00e7evre dostu \u00e7ocuk su \u015fi\u015fesi \u00fcreticilerinden ve tedarik\u00e7ilerinden biri olarak, kaliteli su \u015fi\u015feleri \u00fcretiyoruz. Toptan sat\u0131\u015f yapman\u0131z\u0131 veya bizden rekabet\u00e7i fiyatlarla \u00f6zel yap\u0131m g\u00fczel \u00e7evre dostu \u00e7ocuk su \u015fi\u015fesi sat\u0131n alman\u0131z\u0131 i\u00e7tenlikle bekliyoruz. Ayr\u0131ca, k\u00fc\u00e7\u00fck miktardaki sipari\u015fler de kabul edilebilir.","robots":{"index":"index","follow":"follow","max-snippet":"max-snippet:-1","max-image-preview":"max-image-preview:large","max-video-preview":"max-video-preview:-1"},"canonical":"https:\/\/www.dillerbottle.com\/tr\/urunler\/sevimli-cevre-dostu-cocuk-su-sisesi","og_locale":"tr_TR","og_type":"article","og_title":"Lovely Eco Friendly Kids Water Bottle","og_description":"As one of the best lovely eco friendly kids water bottle manufacturers and suppliers, we are engaged in manufacturing good quality water bottles. We warmly welcome you to wholesale or buy custom made lovely eco friendly kids water bottle at competitive price from us. Also, small quantity orders are acceptable.","og_url":"https:\/\/www.dillerbottle.com\/tr\/urunler\/sevimli-cevre-dostu-cocuk-su-sisesi","og_site_name":"Diller Water Bottle Manufacturer","article_modified_time":"2025-07-10T07:27:11+00:00","og_image":[{"width":800,"height":800,"url":"https:\/\/www.dillerbottle.com\/wp-content\/uploads\/2024\/09\/lovely-eco-friendly-kids-water-bottlea121a.jpg","type":"image\/jpeg"}],"twitter_card":"summary_large_image","twitter_misc":{"Tahmini okuma s\u00fcresi":"5 dakika"},"schema":{"@context":"https:\/\/schema.org","@graph":[{"@type":"WebPage","@id":"https:\/\/www.dillerbottle.com\/ru\/%d0%bf%d1%80%d0%be%d0%b4%d1%83%d0%ba%d1%82%d1%8b\/%d0%bf%d1%80%d0%b5%d0%ba%d1%80%d0%b0%d1%81%d0%bd%d0%b0%d1%8f-%d1%8d%d0%ba%d0%be%d0%bb%d0%be%d0%b3%d0%b8%d1%87%d0%bd%d0%b0%d1%8f-%d0%b4%d0%b5%d1%82%d1%81%d0%ba%d0%b0%d1%8f-%d0%b1%d1%83%d1%82%d1%8b","url":"https:\/\/www.dillerbottle.com\/ru\/%d0%bf%d1%80%d0%be%d0%b4%d1%83%d0%ba%d1%82%d1%8b\/%d0%bf%d1%80%d0%b5%d0%ba%d1%80%d0%b0%d1%81%d0%bd%d0%b0%d1%8f-%d1%8d%d0%ba%d0%be%d0%bb%d0%be%d0%b3%d0%b8%d1%87%d0%bd%d0%b0%d1%8f-%d0%b4%d0%b5%d1%82%d1%81%d0%ba%d0%b0%d1%8f-%d0%b1%d1%83%d1%82%d1%8b","name":"Sevimli \u00c7evre Dostu \u00c7ocuk Su \u015ei\u015fesi - Diller Su \u015ei\u015fesi \u00dcreticisi","isPartOf":{"@id":"https:\/\/www.dillerbottle.com\/#website"},"primaryImageOfPage":{"@id":"https:\/\/www.dillerbottle.com\/ru\/%d0%bf%d1%80%d0%be%d0%b4%d1%83%d0%ba%d1%82%d1%8b\/%d0%bf%d1%80%d0%b5%d0%ba%d1%80%d0%b0%d1%81%d0%bd%d0%b0%d1%8f-%d1%8d%d0%ba%d0%be%d0%bb%d0%be%d0%b3%d0%b8%d1%87%d0%bd%d0%b0%d1%8f-%d0%b4%d0%b5%d1%82%d1%81%d0%ba%d0%b0%d1%8f-%d0%b1%d1%83%d1%82%d1%8b#primaryimage"},"image":{"@id":"https:\/\/www.dillerbottle.com\/ru\/%d0%bf%d1%80%d0%be%d0%b4%d1%83%d0%ba%d1%82%d1%8b\/%d0%bf%d1%80%d0%b5%d0%ba%d1%80%d0%b0%d1%81%d0%bd%d0%b0%d1%8f-%d1%8d%d0%ba%d0%be%d0%bb%d0%be%d0%b3%d0%b8%d1%87%d0%bd%d0%b0%d1%8f-%d0%b4%d0%b5%d1%82%d1%81%d0%ba%d0%b0%d1%8f-%d0%b1%d1%83%d1%82%d1%8b#primaryimage"},"thumbnailUrl":"https:\/\/www.dillerbottle.com\/wp-content\/uploads\/2024\/09\/lovely-eco-friendly-kids-water-bottlea121a.jpg","datePublished":"2024-09-26T08:25:18+00:00","dateModified":"2025-07-10T07:27:11+00:00","description":"En iyi g\u00fczel \u00e7evre dostu \u00e7ocuk su \u015fi\u015fesi \u00fcreticilerinden ve tedarik\u00e7ilerinden biri olarak, kaliteli su \u015fi\u015feleri \u00fcretiyoruz. Toptan sat\u0131\u015f yapman\u0131z\u0131 veya bizden rekabet\u00e7i fiyatlarla \u00f6zel yap\u0131m g\u00fczel \u00e7evre dostu \u00e7ocuk su \u015fi\u015fesi sat\u0131n alman\u0131z\u0131 i\u00e7tenlikle bekliyoruz. Ayr\u0131ca, k\u00fc\u00e7\u00fck miktardaki sipari\u015fler de kabul edilebilir.","breadcrumb":{"@id":"https:\/\/www.dillerbottle.com\/ru\/%d0%bf%d1%80%d0%be%d0%b4%d1%83%d0%ba%d1%82%d1%8b\/%d0%bf%d1%80%d0%b5%d0%ba%d1%80%d0%b0%d1%81%d0%bd%d0%b0%d1%8f-%d1%8d%d0%ba%d0%be%d0%bb%d0%be%d0%b3%d0%b8%d1%87%d0%bd%d0%b0%d1%8f-%d0%b4%d0%b5%d1%82%d1%81%d0%ba%d0%b0%d1%8f-%d0%b1%d1%83%d1%82%d1%8b#breadcrumb"},"inLanguage":"tr","potentialAction":[{"@type":"ReadAction","target":["https:\/\/www.dillerbottle.com\/ru\/%d0%bf%d1%80%d0%be%d0%b4%d1%83%d0%ba%d1%82%d1%8b\/%d0%bf%d1%80%d0%b5%d0%ba%d1%80%d0%b0%d1%81%d0%bd%d0%b0%d1%8f-%d1%8d%d0%ba%d0%be%d0%bb%d0%be%d0%b3%d0%b8%d1%87%d0%bd%d0%b0%d1%8f-%d0%b4%d0%b5%d1%82%d1%81%d0%ba%d0%b0%d1%8f-%d0%b1%d1%83%d1%82%d1%8b"]}]},{"@type":"ImageObject","inLanguage":"tr","@id":"https:\/\/www.dillerbottle.com\/ru\/%d0%bf%d1%80%d0%be%d0%b4%d1%83%d0%ba%d1%82%d1%8b\/%d0%bf%d1%80%d0%b5%d0%ba%d1%80%d0%b0%d1%81%d0%bd%d0%b0%d1%8f-%d1%8d%d0%ba%d0%be%d0%bb%d0%be%d0%b3%d0%b8%d1%87%d0%bd%d0%b0%d1%8f-%d0%b4%d0%b5%d1%82%d1%81%d0%ba%d0%b0%d1%8f-%d0%b1%d1%83%d1%82%d1%8b#primaryimage","url":"https:\/\/www.dillerbottle.com\/wp-content\/uploads\/2024\/09\/lovely-eco-friendly-kids-water-bottlea121a.jpg","contentUrl":"https:\/\/www.dillerbottle.com\/wp-content\/uploads\/2024\/09\/lovely-eco-friendly-kids-water-bottlea121a.jpg","width":800,"height":800},{"@type":"BreadcrumbList","@id":"https:\/\/www.dillerbottle.com\/ru\/%d0%bf%d1%80%d0%be%d0%b4%d1%83%d0%ba%d1%82%d1%8b\/%d0%bf%d1%80%d0%b5%d0%ba%d1%80%d0%b0%d1%81%d0%bd%d0%b0%d1%8f-%d1%8d%d0%ba%d0%be%d0%bb%d0%be%d0%b3%d0%b8%d1%87%d0%bd%d0%b0%d1%8f-%d0%b4%d0%b5%d1%82%d1%81%d0%ba%d0%b0%d1%8f-%d0%b1%d1%83%d1%82%d1%8b#breadcrumb","itemListElement":[{"@type":"ListItem","position":1,"name":"Home","item":"https:\/\/www.dillerbottle.com\/"},{"@type":"ListItem","position":2,"name":"Products","item":"https:\/\/www.dillerbottle.com\/shop"},{"@type":"ListItem","position":3,"name":"Lovely Eco Friendly Kids Water Bottle"}]},{"@type":"WebSite","@id":"https:\/\/www.dillerbottle.com\/#website","url":"https:\/\/www.dillerbottle.com\/","name":"Diller Su \u015ei\u015fesi \u00dcreticisi","description":"Su \u015ei\u015fesi \u00dcreticisi","publisher":{"@id":"https:\/\/www.dillerbottle.com\/#organization"},"potentialAction":[{"@type":"SearchAction","target":{"@type":"EntryPoint","urlTemplate":"https:\/\/www.dillerbottle.com\/?s={search_term_string}"},"query-input":{"@type":"PropertyValueSpecification","valueRequired":true,"valueName":"search_term_string"}}],"inLanguage":"tr"},{"@type":"Organization","@id":"https:\/\/www.dillerbottle.com\/#organization","name":"Diller Su \u015ei\u015fesi \u00dcreticisi","url":"https:\/\/www.dillerbottle.com\/","logo":{"@type":"ImageObject","inLanguage":"tr","@id":"https:\/\/www.dillerbottle.com\/#\/schema\/logo\/image\/","url":"https:\/\/www.dillerbottle.com\/wp-content\/uploads\/2024\/09\/49918bfa848dcc1e9f8b509933603ac.png","contentUrl":"https:\/\/www.dillerbottle.com\/wp-content\/uploads\/2024\/09\/49918bfa848dcc1e9f8b509933603ac.png","width":988,"height":198,"caption":"Diller Water Bottle Manufacturer"},"image":{"@id":"https:\/\/www.dillerbottle.com\/#\/schema\/logo\/image\/"}}]}},"_links":{"self":[{"href":"https:\/\/www.dillerbottle.com\/tr\/wp-json\/wp\/v2\/product\/3328","targetHints":{"allow":["GET"]}}],"collection":[{"href":"https:\/\/www.dillerbottle.com\/tr\/wp-json\/wp\/v2\/product"}],"about":[{"href":"https:\/\/www.dillerbottle.com\/tr\/wp-json\/wp\/v2\/types\/product"}],"replies":[{"embeddable":true,"href":"https:\/\/www.dillerbottle.com\/tr\/wp-json\/wp\/v2\/comments?post=3328"}],"wp:featuredmedia":[{"embeddable":true,"href":"https:\/\/www.dillerbottle.com\/tr\/wp-json\/wp\/v2\/media\/3329"}],"wp:attachment":[{"href":"https:\/\/www.dillerbottle.com\/tr\/wp-json\/wp\/v2\/media?parent=3328"}],"wp:term":[{"taxonomy":"product_brand","embeddable":true,"href":"https:\/\/www.dillerbottle.com\/tr\/wp-json\/wp\/v2\/product_brand?post=3328"},{"taxonomy":"product_cat","embeddable":true,"href":"https:\/\/www.dillerbottle.com\/tr\/wp-json\/wp\/v2\/product_cat?post=3328"},{"taxonomy":"product_tag","embeddable":true,"href":"https:\/\/www.dillerbottle.com\/tr\/wp-json\/wp\/v2\/product_tag?post=3328"}],"curies":[{"name":"wp","href":"https:\/\/api.w.org\/{rel}","templated":true}]}}