{"id":3587,"date":"2024-09-26T16:29:07","date_gmt":"2024-09-26T08:29:07","guid":{"rendered":"https:\/\/demo.dillerbottle.com\/uncategorized\/cute-antler-water-bottle"},"modified":"2025-07-10T15:18:54","modified_gmt":"2025-07-10T07:18:54","slug":"sevimli-boynuzlu-su-sisesi","status":"publish","type":"product","link":"https:\/\/www.dillerbottle.com\/tr\/products\/cute-antler-water-bottle","title":{"rendered":"\u015eirin Boynuz Su \u015ei\u015fesi"},"content":{"rendered":"<p>\u00d6zellikler:<br \/>\n1. Sevimli boynuz su \u015fi\u015fesi, y\u00fcksek kaliteli Tritan ve g\u0131da s\u0131n\u0131f\u0131 malzemelerden yap\u0131lm\u0131\u015ft\u0131r, g\u00fcvenli, toksik olmayan ve kokusuzdur, bu da hem yeti\u015fkinlerin hem de \u00e7ocuklar\u0131n g\u00fcvenle kullanmas\u0131n\u0131 sa\u011flar.<\/p>\n<p>2. Bardak kapa\u011f\u0131 emniyet kilidi kazara a\u00e7\u0131lmas\u0131n\u0131 \u00f6nler. Dahili s\u0131zd\u0131rmazl\u0131k silikon kau\u00e7uk halkas\u0131 suyu s\u0131k\u0131ca kilitler.<\/p>\n<p>3. \u00dccretsiz \u00e7\u0131kar\u0131labilir ve ayarlanabilir kay\u0131\u015flar d\u0131\u015far\u0131 \u00e7\u0131karken ta\u015f\u0131may\u0131 daha kolay hale getirir. Bardak kapa\u011f\u0131ndaki \u00fc\u00e7 boyutlu boynuz, \u00e7ocuklar\u0131n i\u00e7mesine e\u011flence katan yumu\u015fak silikon malzemeden yap\u0131lm\u0131\u015ft\u0131r.<\/p>\n<p>4. \u015ei\u015fenin g\u00f6vdesi d\u00fcz dikd\u00f6rtgen \u015feklinde tasarlanm\u0131\u015ft\u0131r, bu sayede \u00e7ocuklar\u0131n kavramas\u0131 ve su i\u00e7mesi kolayd\u0131r.<\/p>\n<div style=\"width: 640px;\" class=\"wp-video\"><video class=\"wp-video-shortcode\" id=\"video-3587-1\" width=\"640\" height=\"360\" preload=\"metadata\" controls=\"controls\"><source type=\"video\/mp4\" src=\"\/wp-content\/uploads\/2024\/09\/66f51b56df8ce-video202302141650031885350.mp4?_=1\" \/><a href=\"\/wp-content\/uploads\/2024\/09\/66f51b56df8ce-video202302141650031885350.mp4\">\/wp-content\/uploads\/2024\/09\/66f51b56df8ce-video202302141650031885350.mp4<\/a><\/video><\/div>","protected":false},"excerpt":{"rendered":"<p>Bu sevimli boynuzlu su \u015fi\u015fesi dayan\u0131kl\u0131 Tritan ve g\u0131da s\u0131n\u0131f\u0131 malzemelerden \u00fcretilmi\u015ftir.<br \/>\nBardak kapa\u011f\u0131n\u0131n emniyet kilidi kazara a\u00e7\u0131lmas\u0131n\u0131 \u00f6nler.<br \/>\nDahili s\u0131zd\u0131rmazl\u0131k silikon kau\u00e7uk halkas\u0131, suyu s\u0131k\u0131ca kilitler.<br \/>\n\u015ei\u015fenin ask\u0131s\u0131 var, ta\u015f\u0131mas\u0131 daha rahat.<br \/>\nOEM ve ODM kabul edilebilir.<br \/>\nPlastik spor \u015fi\u015fesini ihtiya\u00e7lar\u0131n\u0131za g\u00f6re \u00f6zelle\u015ftirebiliriz.<br \/>\nToptan sat\u0131n almaya ho\u015f geldiniz, hemen soru\u015fturma g\u00f6nderin!<\/p>","protected":false},"featured_media":3588,"comment_status":"open","ping_status":"closed","template":"","meta":{"_acf_changed":false},"product_brand":[],"product_cat":[200],"product_tag":[32,36,33,226,31,246,39,38,248,247,29,37,34,35,202,28,229,225,30],"class_list":{"0":"post-3587","1":"product","2":"type-product","3":"status-publish","4":"has-post-thumbnail","6":"product_cat-kids-water-bottles","7":"product_tag-best","8":"product_tag-bulk","9":"product_tag-buy","10":"product_tag-clear-kids-water-bottles","11":"product_tag-custom","12":"product_tag-cute-antler-water-bottle","13":"product_tag-for-sale","14":"product_tag-good-quality","15":"product_tag-kids-insulated-water-bottle","16":"product_tag-kids-water-bottle-stainless-steel","17":"product_tag-manufacturers","18":"product_tag-manufacturing","19":"product_tag-price","20":"product_tag-small","21":"product_tag-sport-bottle-water","22":"product_tag-suppliers","23":"product_tag-water-bottle-kids","24":"product_tag-water-bottle-stainless-steel-custom-logo","25":"product_tag-wholesale","27":"first","28":"instock","29":"shipping-taxable","30":"product-type-simple"},"acf":[],"yoast_head":"<!-- This site is optimized with the Yoast SEO Premium plugin v27.5 (Yoast SEO v27.5) - https:\/\/yoast.com\/product\/yoast-seo-premium-wordpress\/ -->\n<title>Cute Antler Water Bottle - Diller Water Bottle Manufacturer<\/title>\n<meta name=\"description\" content=\"As one of the best cute antler water bottle manufacturers and suppliers, we are engaged in manufacturing good quality water bottles. We warmly welcome you to wholesale or buy custom made cute antler water bottle at competitive price from us. Also, small quantity orders are acceptable.\" \/>\n<meta name=\"robots\" content=\"index, follow, max-snippet:-1, max-image-preview:large, max-video-preview:-1\" \/>\n<link rel=\"canonical\" href=\"https:\/\/www.dillerbottle.com\/tr\/urunler\/sevimli-boynuzlu-su-sisesi\" \/>\n<meta property=\"og:locale\" content=\"tr_TR\" \/>\n<meta property=\"og:type\" content=\"article\" \/>\n<meta property=\"og:title\" content=\"Cute Antler Water Bottle\" \/>\n<meta property=\"og:description\" content=\"As one of the best cute antler water bottle manufacturers and suppliers, we are engaged in manufacturing good quality water bottles. We warmly welcome you to wholesale or buy custom made cute antler water bottle at competitive price from us. Also, small quantity orders are acceptable.\" \/>\n<meta property=\"og:url\" content=\"https:\/\/www.dillerbottle.com\/tr\/urunler\/sevimli-boynuzlu-su-sisesi\" \/>\n<meta property=\"og:site_name\" content=\"Diller Water Bottle Manufacturer\" \/>\n<meta property=\"article:modified_time\" content=\"2025-07-10T07:18:54+00:00\" \/>\n<meta property=\"og:image\" content=\"https:\/\/www.dillerbottle.com\/wp-content\/uploads\/2024\/09\/cute-antler-water-bottle1312c240-30ee-48c7-a682-095b71477a58.jpg\" \/>\n\t<meta property=\"og:image:width\" content=\"730\" \/>\n\t<meta property=\"og:image:height\" content=\"730\" \/>\n\t<meta property=\"og:image:type\" content=\"image\/jpeg\" \/>\n<meta name=\"twitter:card\" content=\"summary_large_image\" \/>\n<meta name=\"twitter:label1\" content=\"Tahmini okuma s\u00fcresi\" \/>\n\t<meta name=\"twitter:data1\" content=\"6 dakika\" \/>\n<script type=\"application\/ld+json\" class=\"yoast-schema-graph\">{\"@context\":\"https:\\\/\\\/schema.org\",\"@graph\":[{\"@type\":\"WebPage\",\"@id\":\"https:\\\/\\\/www.dillerbottle.com\\\/products\\\/cute-antler-water-bottle\",\"url\":\"https:\\\/\\\/www.dillerbottle.com\\\/products\\\/cute-antler-water-bottle\",\"name\":\"Cute Antler Water Bottle - Diller Water Bottle Manufacturer\",\"isPartOf\":{\"@id\":\"https:\\\/\\\/www.dillerbottle.com\\\/#website\"},\"primaryImageOfPage\":{\"@id\":\"https:\\\/\\\/www.dillerbottle.com\\\/products\\\/cute-antler-water-bottle#primaryimage\"},\"image\":{\"@id\":\"https:\\\/\\\/www.dillerbottle.com\\\/products\\\/cute-antler-water-bottle#primaryimage\"},\"thumbnailUrl\":\"https:\\\/\\\/www.dillerbottle.com\\\/wp-content\\\/uploads\\\/2024\\\/09\\\/cute-antler-water-bottle1312c240-30ee-48c7-a682-095b71477a58.jpg\",\"datePublished\":\"2024-09-26T08:29:07+00:00\",\"dateModified\":\"2025-07-10T07:18:54+00:00\",\"description\":\"As one of the best cute antler water bottle manufacturers and suppliers, we are engaged in manufacturing good quality water bottles. We warmly welcome you to wholesale or buy custom made cute antler water bottle at competitive price from us. Also, small quantity orders are acceptable.\",\"breadcrumb\":{\"@id\":\"https:\\\/\\\/www.dillerbottle.com\\\/products\\\/cute-antler-water-bottle#breadcrumb\"},\"inLanguage\":\"tr\",\"potentialAction\":[{\"@type\":\"ReadAction\",\"target\":[\"https:\\\/\\\/www.dillerbottle.com\\\/products\\\/cute-antler-water-bottle\"]}]},{\"@type\":\"ImageObject\",\"inLanguage\":\"tr\",\"@id\":\"https:\\\/\\\/www.dillerbottle.com\\\/products\\\/cute-antler-water-bottle#primaryimage\",\"url\":\"https:\\\/\\\/www.dillerbottle.com\\\/wp-content\\\/uploads\\\/2024\\\/09\\\/cute-antler-water-bottle1312c240-30ee-48c7-a682-095b71477a58.jpg\",\"contentUrl\":\"https:\\\/\\\/www.dillerbottle.com\\\/wp-content\\\/uploads\\\/2024\\\/09\\\/cute-antler-water-bottle1312c240-30ee-48c7-a682-095b71477a58.jpg\",\"width\":730,\"height\":730},{\"@type\":\"BreadcrumbList\",\"@id\":\"https:\\\/\\\/www.dillerbottle.com\\\/products\\\/cute-antler-water-bottle#breadcrumb\",\"itemListElement\":[{\"@type\":\"ListItem\",\"position\":1,\"name\":\"Home\",\"item\":\"https:\\\/\\\/www.dillerbottle.com\\\/\"},{\"@type\":\"ListItem\",\"position\":2,\"name\":\"Products\",\"item\":\"https:\\\/\\\/www.dillerbottle.com\\\/shop\"},{\"@type\":\"ListItem\",\"position\":3,\"name\":\"Cute Antler Water Bottle\"}]},{\"@type\":\"WebSite\",\"@id\":\"https:\\\/\\\/www.dillerbottle.com\\\/#website\",\"url\":\"https:\\\/\\\/www.dillerbottle.com\\\/\",\"name\":\"Diller Water Bottle Manufacturer\",\"description\":\"Water Bottle Manufacturer\",\"publisher\":{\"@id\":\"https:\\\/\\\/www.dillerbottle.com\\\/#organization\"},\"potentialAction\":[{\"@type\":\"SearchAction\",\"target\":{\"@type\":\"EntryPoint\",\"urlTemplate\":\"https:\\\/\\\/www.dillerbottle.com\\\/?s={search_term_string}\"},\"query-input\":{\"@type\":\"PropertyValueSpecification\",\"valueRequired\":true,\"valueName\":\"search_term_string\"}}],\"inLanguage\":\"tr\"},{\"@type\":\"Organization\",\"@id\":\"https:\\\/\\\/www.dillerbottle.com\\\/#organization\",\"name\":\"Diller Water Bottle Manufacturer\",\"url\":\"https:\\\/\\\/www.dillerbottle.com\\\/\",\"logo\":{\"@type\":\"ImageObject\",\"inLanguage\":\"tr\",\"@id\":\"https:\\\/\\\/www.dillerbottle.com\\\/#\\\/schema\\\/logo\\\/image\\\/\",\"url\":\"https:\\\/\\\/www.dillerbottle.com\\\/wp-content\\\/uploads\\\/2024\\\/09\\\/49918bfa848dcc1e9f8b509933603ac.png\",\"contentUrl\":\"https:\\\/\\\/www.dillerbottle.com\\\/wp-content\\\/uploads\\\/2024\\\/09\\\/49918bfa848dcc1e9f8b509933603ac.png\",\"width\":988,\"height\":198,\"caption\":\"Diller Water Bottle Manufacturer\"},\"image\":{\"@id\":\"https:\\\/\\\/www.dillerbottle.com\\\/#\\\/schema\\\/logo\\\/image\\\/\"}}]}<\/script>\n<!-- \/ Yoast SEO Premium plugin. -->","yoast_head_json":{"title":"Sevimli Boynuz Su \u015ei\u015fesi - Diller Su \u015ei\u015fesi \u00dcreticisi","description":"En iyi sevimli boynuzlu su \u015fi\u015fesi \u00fcreticilerinden ve tedarik\u00e7ilerinden biri olarak, kaliteli su \u015fi\u015feleri \u00fcretiyoruz. Toptan sat\u0131\u015f yapman\u0131z\u0131 veya bizden rekabet\u00e7i fiyatlarla \u00f6zel yap\u0131m sevimli boynuzlu su \u015fi\u015fesi sat\u0131n alman\u0131z\u0131 i\u00e7tenlikle bekliyoruz. Ayr\u0131ca, k\u00fc\u00e7\u00fck miktarda sipari\u015fler de kabul edilebilir.","robots":{"index":"index","follow":"follow","max-snippet":"max-snippet:-1","max-image-preview":"max-image-preview:large","max-video-preview":"max-video-preview:-1"},"canonical":"https:\/\/www.dillerbottle.com\/tr\/urunler\/sevimli-boynuzlu-su-sisesi","og_locale":"tr_TR","og_type":"article","og_title":"Cute Antler Water Bottle","og_description":"As one of the best cute antler water bottle manufacturers and suppliers, we are engaged in manufacturing good quality water bottles. We warmly welcome you to wholesale or buy custom made cute antler water bottle at competitive price from us. Also, small quantity orders are acceptable.","og_url":"https:\/\/www.dillerbottle.com\/tr\/urunler\/sevimli-boynuzlu-su-sisesi","og_site_name":"Diller Water Bottle Manufacturer","article_modified_time":"2025-07-10T07:18:54+00:00","og_image":[{"width":730,"height":730,"url":"https:\/\/www.dillerbottle.com\/wp-content\/uploads\/2024\/09\/cute-antler-water-bottle1312c240-30ee-48c7-a682-095b71477a58.jpg","type":"image\/jpeg"}],"twitter_card":"summary_large_image","twitter_misc":{"Tahmini okuma s\u00fcresi":"6 dakika"},"schema":{"@context":"https:\/\/schema.org","@graph":[{"@type":"WebPage","@id":"https:\/\/www.dillerbottle.com\/products\/cute-antler-water-bottle","url":"https:\/\/www.dillerbottle.com\/products\/cute-antler-water-bottle","name":"Sevimli Boynuz Su \u015ei\u015fesi - Diller Su \u015ei\u015fesi \u00dcreticisi","isPartOf":{"@id":"https:\/\/www.dillerbottle.com\/#website"},"primaryImageOfPage":{"@id":"https:\/\/www.dillerbottle.com\/products\/cute-antler-water-bottle#primaryimage"},"image":{"@id":"https:\/\/www.dillerbottle.com\/products\/cute-antler-water-bottle#primaryimage"},"thumbnailUrl":"https:\/\/www.dillerbottle.com\/wp-content\/uploads\/2024\/09\/cute-antler-water-bottle1312c240-30ee-48c7-a682-095b71477a58.jpg","datePublished":"2024-09-26T08:29:07+00:00","dateModified":"2025-07-10T07:18:54+00:00","description":"En iyi sevimli boynuzlu su \u015fi\u015fesi \u00fcreticilerinden ve tedarik\u00e7ilerinden biri olarak, kaliteli su \u015fi\u015feleri \u00fcretiyoruz. Toptan sat\u0131\u015f yapman\u0131z\u0131 veya bizden rekabet\u00e7i fiyatlarla \u00f6zel yap\u0131m sevimli boynuzlu su \u015fi\u015fesi sat\u0131n alman\u0131z\u0131 i\u00e7tenlikle bekliyoruz. Ayr\u0131ca, k\u00fc\u00e7\u00fck miktarda sipari\u015fler de kabul edilebilir.","breadcrumb":{"@id":"https:\/\/www.dillerbottle.com\/products\/cute-antler-water-bottle#breadcrumb"},"inLanguage":"tr","potentialAction":[{"@type":"ReadAction","target":["https:\/\/www.dillerbottle.com\/products\/cute-antler-water-bottle"]}]},{"@type":"ImageObject","inLanguage":"tr","@id":"https:\/\/www.dillerbottle.com\/products\/cute-antler-water-bottle#primaryimage","url":"https:\/\/www.dillerbottle.com\/wp-content\/uploads\/2024\/09\/cute-antler-water-bottle1312c240-30ee-48c7-a682-095b71477a58.jpg","contentUrl":"https:\/\/www.dillerbottle.com\/wp-content\/uploads\/2024\/09\/cute-antler-water-bottle1312c240-30ee-48c7-a682-095b71477a58.jpg","width":730,"height":730},{"@type":"BreadcrumbList","@id":"https:\/\/www.dillerbottle.com\/products\/cute-antler-water-bottle#breadcrumb","itemListElement":[{"@type":"ListItem","position":1,"name":"Home","item":"https:\/\/www.dillerbottle.com\/"},{"@type":"ListItem","position":2,"name":"Products","item":"https:\/\/www.dillerbottle.com\/shop"},{"@type":"ListItem","position":3,"name":"Cute Antler Water Bottle"}]},{"@type":"WebSite","@id":"https:\/\/www.dillerbottle.com\/#website","url":"https:\/\/www.dillerbottle.com\/","name":"Diller Su \u015ei\u015fesi \u00dcreticisi","description":"Su \u015ei\u015fesi \u00dcreticisi","publisher":{"@id":"https:\/\/www.dillerbottle.com\/#organization"},"potentialAction":[{"@type":"SearchAction","target":{"@type":"EntryPoint","urlTemplate":"https:\/\/www.dillerbottle.com\/?s={search_term_string}"},"query-input":{"@type":"PropertyValueSpecification","valueRequired":true,"valueName":"search_term_string"}}],"inLanguage":"tr"},{"@type":"Organization","@id":"https:\/\/www.dillerbottle.com\/#organization","name":"Diller Su \u015ei\u015fesi \u00dcreticisi","url":"https:\/\/www.dillerbottle.com\/","logo":{"@type":"ImageObject","inLanguage":"tr","@id":"https:\/\/www.dillerbottle.com\/#\/schema\/logo\/image\/","url":"https:\/\/www.dillerbottle.com\/wp-content\/uploads\/2024\/09\/49918bfa848dcc1e9f8b509933603ac.png","contentUrl":"https:\/\/www.dillerbottle.com\/wp-content\/uploads\/2024\/09\/49918bfa848dcc1e9f8b509933603ac.png","width":988,"height":198,"caption":"Diller Water Bottle Manufacturer"},"image":{"@id":"https:\/\/www.dillerbottle.com\/#\/schema\/logo\/image\/"}}]}},"_links":{"self":[{"href":"https:\/\/www.dillerbottle.com\/tr\/wp-json\/wp\/v2\/product\/3587","targetHints":{"allow":["GET"]}}],"collection":[{"href":"https:\/\/www.dillerbottle.com\/tr\/wp-json\/wp\/v2\/product"}],"about":[{"href":"https:\/\/www.dillerbottle.com\/tr\/wp-json\/wp\/v2\/types\/product"}],"replies":[{"embeddable":true,"href":"https:\/\/www.dillerbottle.com\/tr\/wp-json\/wp\/v2\/comments?post=3587"}],"wp:featuredmedia":[{"embeddable":true,"href":"https:\/\/www.dillerbottle.com\/tr\/wp-json\/wp\/v2\/media\/3588"}],"wp:attachment":[{"href":"https:\/\/www.dillerbottle.com\/tr\/wp-json\/wp\/v2\/media?parent=3587"}],"wp:term":[{"taxonomy":"product_brand","embeddable":true,"href":"https:\/\/www.dillerbottle.com\/tr\/wp-json\/wp\/v2\/product_brand?post=3587"},{"taxonomy":"product_cat","embeddable":true,"href":"https:\/\/www.dillerbottle.com\/tr\/wp-json\/wp\/v2\/product_cat?post=3587"},{"taxonomy":"product_tag","embeddable":true,"href":"https:\/\/www.dillerbottle.com\/tr\/wp-json\/wp\/v2\/product_tag?post=3587"}],"curies":[{"name":"wp","href":"https:\/\/api.w.org\/{rel}","templated":true}]}}