{"id":3665,"date":"2024-09-26T16:30:10","date_gmt":"2024-09-26T08:30:10","guid":{"rendered":"https:\/\/demo.dillerbottle.com\/uncategorized\/plastic-kids-water-bottle"},"modified":"2025-07-10T15:18:09","modified_gmt":"2025-07-10T07:18:09","slug":"plastik-cocuk-su-sisesi","status":"publish","type":"product","link":"https:\/\/www.dillerbottle.com\/tr\/products\/plastic-kids-water-bottle","title":{"rendered":"Plastik \u00c7ocuk Su \u015ei\u015fesi"},"content":{"rendered":"<p>\u00dcr\u00fcn A\u00e7\u0131klamas\u0131<br \/>\n1. Plastik \u00e7ocuk su \u015fi\u015fesi, geri d\u00f6n\u00fc\u015f\u00fcm\u00fc kolay, yeniden kullan\u0131labilir, yeniden doldurulabilir ve temizlenmesi kolay y\u00fcksek kaliteli Tritan malzemeden \u00fcretilmi\u015ftir, ayr\u0131ca toksin i\u00e7ermez, BPA i\u00e7ermez, kirlilik i\u00e7ermez ve kokusuzdur. Tritan, yeniden kullan\u0131labilir su \u015fi\u015fesinin i\u00e7indeki suya herhangi bir tat veya koku katmaz, bu g\u0131da g\u00fcvenli malzemelerle hi\u00e7bir sa\u011fl\u0131k riski yoktur.<\/p>\n<p>2. Evin i\u00e7inde veya d\u0131\u015f\u0131nda muslu\u011fu temiz tutun. \u00c7\u0131k\u0131\u015f kapa\u011f\u0131 temas y\u00fczeylerini korur ve kapal\u0131 tutmak i\u00e7in s\u00fcrg\u00fcl\u00fc bir kilide sahiptir. \u0130\u00e7me zaman\u0131 geldi\u011finde, hareketli kapak tek elle kullan\u0131ma izin verir ve a\u011f\u0131zl\u0131k bir d\u00fc\u011fmeye basarak kolayca a\u00e7\u0131l\u0131r. Kilit \u00f6zelli\u011fi sayesinde yanl\u0131\u015fl\u0131kla a\u00e7\u0131lmaz ve okul \u00e7antas\u0131n\u0131n i\u00e7ine s\u0131zmaz.<\/p>\n<p>3.;18.6oz plastik \u00e7ocuk su \u015fi\u015fesi bol miktarda su saklayabilir, ancak doluyken bile hafiftir, \u00e7ocu\u011funuzun \u00e7ok fazla ekstra a\u011f\u0131rl\u0131k ta\u015f\u0131mas\u0131n\u0131 istemiyorsan\u0131z m\u00fckemmel bir se\u00e7imdir.;<\/p>","protected":false},"excerpt":{"rendered":"<p>Plastik \u00e7ocuk su \u015fi\u015fesini logonuz, renginiz, deseniniz veya kendi tasar\u0131m\u0131n\u0131zla \u00f6zelle\u015ftirin.<br \/>\n\u00dccretsiz numuneler mevcuttur.<br \/>\n\u0130\u015fletmenizi desteklemek i\u00e7in toptan fiyat\u0131na 50-60 adet d\u00fc\u015f\u00fck MOQ ile plastik \u00e7ocuk su \u015fi\u015fesi sat\u0131n al\u0131n.<br \/>\nKolay geri d\u00f6n\u00fc\u015ft\u00fcr\u00fclebilen, yeniden kullan\u0131labilen, yeniden doldurulabilen ve temizlenmesi kolay dayan\u0131kl\u0131, y\u00fcksek kaliteli Tritan malzemeden \u00fcretilmi\u015ftir, ayr\u0131ca toksin i\u00e7ermez, BPA i\u00e7ermez, kirlilik i\u00e7ermez ve kokusuzdur.<br \/>\nMusluk kapa\u011f\u0131 temas y\u00fczeylerini korur ve kapal\u0131 kalmas\u0131n\u0131 sa\u011flayan s\u00fcrg\u00fcl\u00fc bir kilide sahiptir.<br \/>\n\u0130\u00e7me zaman\u0131 geldi\u011finde, hareketli kapak tek elle kullan\u0131ma olanak tan\u0131r ve musluk tek bir d\u00fc\u011fmeye bas\u0131ld\u0131\u011f\u0131nda kolayca a\u00e7\u0131l\u0131r.<br \/>\nOkul \u00e7antas\u0131n\u0131n i\u00e7ine yanl\u0131\u015fl\u0131kla a\u00e7\u0131l\u0131p s\u0131zmas\u0131n\u0131 \u00f6nlemek i\u00e7in kilit \u00f6zelli\u011fi mevcuttur.<\/p>","protected":false},"featured_media":3666,"comment_status":"open","ping_status":"closed","template":"","meta":{"_acf_changed":false},"product_brand":[],"product_cat":[200],"product_tag":[32,36,33,31,244,39,38,247,29,37,203,252,34,35,239,253,28,225,30],"class_list":{"0":"post-3665","1":"product","2":"type-product","3":"status-publish","4":"has-post-thumbnail","6":"product_cat-kids-water-bottles","7":"product_tag-best","8":"product_tag-bulk","9":"product_tag-buy","10":"product_tag-custom","11":"product_tag-double-wall-stainless-steel-water-bottle-for-kids","12":"product_tag-for-sale","13":"product_tag-good-quality","14":"product_tag-kids-water-bottle-stainless-steel","15":"product_tag-manufacturers","16":"product_tag-manufacturing","17":"product_tag-oem-stainless-steel-water-bottle-thermal-flask","18":"product_tag-plastic-kids-water-bottle","19":"product_tag-price","20":"product_tag-small","21":"product_tag-stainless-steel-water-bottle-for-kids","22":"product_tag-steel-kids-water-bottle-with-custom-color","23":"product_tag-suppliers","24":"product_tag-water-bottle-stainless-steel-custom-logo","25":"product_tag-wholesale","27":"first","28":"instock","29":"shipping-taxable","30":"product-type-simple"},"acf":[],"yoast_head":"<!-- This site is optimized with the Yoast SEO Premium plugin v27.5 (Yoast SEO v27.5) - https:\/\/yoast.com\/product\/yoast-seo-premium-wordpress\/ -->\n<title>Plastic Kids Water Bottle - Diller Water Bottle Manufacturer<\/title>\n<meta name=\"description\" content=\"As one of the best plastic kids water bottle manufacturers and suppliers, we are engaged in manufacturing good quality water bottles. We warmly welcome you to wholesale or buy custom made plastic kids water bottle at competitive price from us. Also, small quantity orders are acceptable.\" \/>\n<meta name=\"robots\" content=\"index, follow, max-snippet:-1, max-image-preview:large, max-video-preview:-1\" \/>\n<link rel=\"canonical\" href=\"https:\/\/www.dillerbottle.com\/tr\/urunler\/plastik-cocuk-su-sisesi\" \/>\n<meta property=\"og:locale\" content=\"tr_TR\" \/>\n<meta property=\"og:type\" content=\"article\" \/>\n<meta property=\"og:title\" content=\"Plastic Kids Water Bottle\" \/>\n<meta property=\"og:description\" content=\"As one of the best plastic kids water bottle manufacturers and suppliers, we are engaged in manufacturing good quality water bottles. We warmly welcome you to wholesale or buy custom made plastic kids water bottle at competitive price from us. Also, small quantity orders are acceptable.\" \/>\n<meta property=\"og:url\" content=\"https:\/\/www.dillerbottle.com\/tr\/urunler\/plastik-cocuk-su-sisesi\" \/>\n<meta property=\"og:site_name\" content=\"Diller Water Bottle Manufacturer\" \/>\n<meta property=\"article:modified_time\" content=\"2025-07-10T07:18:09+00:00\" \/>\n<meta property=\"og:image\" content=\"https:\/\/www.dillerbottle.com\/wp-content\/uploads\/2024\/09\/plastic-kids-water-bottle26373911601.jpg\" \/>\n\t<meta property=\"og:image:width\" content=\"730\" \/>\n\t<meta property=\"og:image:height\" content=\"730\" \/>\n\t<meta property=\"og:image:type\" content=\"image\/jpeg\" \/>\n<meta name=\"twitter:card\" content=\"summary_large_image\" \/>\n<meta name=\"twitter:label1\" content=\"Tahmini okuma s\u00fcresi\" \/>\n\t<meta name=\"twitter:data1\" content=\"2 dakika\" \/>\n<script type=\"application\/ld+json\" class=\"yoast-schema-graph\">{\"@context\":\"https:\\\/\\\/schema.org\",\"@graph\":[{\"@type\":\"WebPage\",\"@id\":\"https:\\\/\\\/www.dillerbottle.com\\\/ru\\\/%d0%bf%d1%80%d0%be%d0%b4%d1%83%d0%ba%d1%82%d1%8b\\\/%d0%bf%d0%bb%d0%b0%d1%81%d1%82%d0%b8%d0%ba%d0%be%d0%b2%d0%b0%d1%8f-%d0%b4%d0%b5%d1%82%d1%81%d0%ba%d0%b0%d1%8f-%d0%b1%d1%83%d1%82%d1%8b%d0%bb%d0%ba%d0%b0-%d0%b4%d0%bb%d1%8f-%d0%b2%d0%be%d0%b4%d1%8b\",\"url\":\"https:\\\/\\\/www.dillerbottle.com\\\/ru\\\/%d0%bf%d1%80%d0%be%d0%b4%d1%83%d0%ba%d1%82%d1%8b\\\/%d0%bf%d0%bb%d0%b0%d1%81%d1%82%d0%b8%d0%ba%d0%be%d0%b2%d0%b0%d1%8f-%d0%b4%d0%b5%d1%82%d1%81%d0%ba%d0%b0%d1%8f-%d0%b1%d1%83%d1%82%d1%8b%d0%bb%d0%ba%d0%b0-%d0%b4%d0%bb%d1%8f-%d0%b2%d0%be%d0%b4%d1%8b\",\"name\":\"Plastic Kids Water Bottle - Diller Water Bottle Manufacturer\",\"isPartOf\":{\"@id\":\"https:\\\/\\\/www.dillerbottle.com\\\/#website\"},\"primaryImageOfPage\":{\"@id\":\"https:\\\/\\\/www.dillerbottle.com\\\/ru\\\/%d0%bf%d1%80%d0%be%d0%b4%d1%83%d0%ba%d1%82%d1%8b\\\/%d0%bf%d0%bb%d0%b0%d1%81%d1%82%d0%b8%d0%ba%d0%be%d0%b2%d0%b0%d1%8f-%d0%b4%d0%b5%d1%82%d1%81%d0%ba%d0%b0%d1%8f-%d0%b1%d1%83%d1%82%d1%8b%d0%bb%d0%ba%d0%b0-%d0%b4%d0%bb%d1%8f-%d0%b2%d0%be%d0%b4%d1%8b#primaryimage\"},\"image\":{\"@id\":\"https:\\\/\\\/www.dillerbottle.com\\\/ru\\\/%d0%bf%d1%80%d0%be%d0%b4%d1%83%d0%ba%d1%82%d1%8b\\\/%d0%bf%d0%bb%d0%b0%d1%81%d1%82%d0%b8%d0%ba%d0%be%d0%b2%d0%b0%d1%8f-%d0%b4%d0%b5%d1%82%d1%81%d0%ba%d0%b0%d1%8f-%d0%b1%d1%83%d1%82%d1%8b%d0%bb%d0%ba%d0%b0-%d0%b4%d0%bb%d1%8f-%d0%b2%d0%be%d0%b4%d1%8b#primaryimage\"},\"thumbnailUrl\":\"https:\\\/\\\/www.dillerbottle.com\\\/wp-content\\\/uploads\\\/2024\\\/09\\\/plastic-kids-water-bottle26373911601.jpg\",\"datePublished\":\"2024-09-26T08:30:10+00:00\",\"dateModified\":\"2025-07-10T07:18:09+00:00\",\"description\":\"As one of the best plastic kids water bottle manufacturers and suppliers, we are engaged in manufacturing good quality water bottles. We warmly welcome you to wholesale or buy custom made plastic kids water bottle at competitive price from us. Also, small quantity orders are acceptable.\",\"breadcrumb\":{\"@id\":\"https:\\\/\\\/www.dillerbottle.com\\\/ru\\\/%d0%bf%d1%80%d0%be%d0%b4%d1%83%d0%ba%d1%82%d1%8b\\\/%d0%bf%d0%bb%d0%b0%d1%81%d1%82%d0%b8%d0%ba%d0%be%d0%b2%d0%b0%d1%8f-%d0%b4%d0%b5%d1%82%d1%81%d0%ba%d0%b0%d1%8f-%d0%b1%d1%83%d1%82%d1%8b%d0%bb%d0%ba%d0%b0-%d0%b4%d0%bb%d1%8f-%d0%b2%d0%be%d0%b4%d1%8b#breadcrumb\"},\"inLanguage\":\"tr\",\"potentialAction\":[{\"@type\":\"ReadAction\",\"target\":[\"https:\\\/\\\/www.dillerbottle.com\\\/ru\\\/%d0%bf%d1%80%d0%be%d0%b4%d1%83%d0%ba%d1%82%d1%8b\\\/%d0%bf%d0%bb%d0%b0%d1%81%d1%82%d0%b8%d0%ba%d0%be%d0%b2%d0%b0%d1%8f-%d0%b4%d0%b5%d1%82%d1%81%d0%ba%d0%b0%d1%8f-%d0%b1%d1%83%d1%82%d1%8b%d0%bb%d0%ba%d0%b0-%d0%b4%d0%bb%d1%8f-%d0%b2%d0%be%d0%b4%d1%8b\"]}]},{\"@type\":\"ImageObject\",\"inLanguage\":\"tr\",\"@id\":\"https:\\\/\\\/www.dillerbottle.com\\\/ru\\\/%d0%bf%d1%80%d0%be%d0%b4%d1%83%d0%ba%d1%82%d1%8b\\\/%d0%bf%d0%bb%d0%b0%d1%81%d1%82%d0%b8%d0%ba%d0%be%d0%b2%d0%b0%d1%8f-%d0%b4%d0%b5%d1%82%d1%81%d0%ba%d0%b0%d1%8f-%d0%b1%d1%83%d1%82%d1%8b%d0%bb%d0%ba%d0%b0-%d0%b4%d0%bb%d1%8f-%d0%b2%d0%be%d0%b4%d1%8b#primaryimage\",\"url\":\"https:\\\/\\\/www.dillerbottle.com\\\/wp-content\\\/uploads\\\/2024\\\/09\\\/plastic-kids-water-bottle26373911601.jpg\",\"contentUrl\":\"https:\\\/\\\/www.dillerbottle.com\\\/wp-content\\\/uploads\\\/2024\\\/09\\\/plastic-kids-water-bottle26373911601.jpg\",\"width\":730,\"height\":730},{\"@type\":\"BreadcrumbList\",\"@id\":\"https:\\\/\\\/www.dillerbottle.com\\\/ru\\\/%d0%bf%d1%80%d0%be%d0%b4%d1%83%d0%ba%d1%82%d1%8b\\\/%d0%bf%d0%bb%d0%b0%d1%81%d1%82%d0%b8%d0%ba%d0%be%d0%b2%d0%b0%d1%8f-%d0%b4%d0%b5%d1%82%d1%81%d0%ba%d0%b0%d1%8f-%d0%b1%d1%83%d1%82%d1%8b%d0%bb%d0%ba%d0%b0-%d0%b4%d0%bb%d1%8f-%d0%b2%d0%be%d0%b4%d1%8b#breadcrumb\",\"itemListElement\":[{\"@type\":\"ListItem\",\"position\":1,\"name\":\"Home\",\"item\":\"https:\\\/\\\/www.dillerbottle.com\\\/\"},{\"@type\":\"ListItem\",\"position\":2,\"name\":\"Products\",\"item\":\"https:\\\/\\\/www.dillerbottle.com\\\/shop\"},{\"@type\":\"ListItem\",\"position\":3,\"name\":\"Plastic Kids Water Bottle\"}]},{\"@type\":\"WebSite\",\"@id\":\"https:\\\/\\\/www.dillerbottle.com\\\/#website\",\"url\":\"https:\\\/\\\/www.dillerbottle.com\\\/\",\"name\":\"Diller Water Bottle Manufacturer\",\"description\":\"Water Bottle Manufacturer\",\"publisher\":{\"@id\":\"https:\\\/\\\/www.dillerbottle.com\\\/#organization\"},\"potentialAction\":[{\"@type\":\"SearchAction\",\"target\":{\"@type\":\"EntryPoint\",\"urlTemplate\":\"https:\\\/\\\/www.dillerbottle.com\\\/?s={search_term_string}\"},\"query-input\":{\"@type\":\"PropertyValueSpecification\",\"valueRequired\":true,\"valueName\":\"search_term_string\"}}],\"inLanguage\":\"tr\"},{\"@type\":\"Organization\",\"@id\":\"https:\\\/\\\/www.dillerbottle.com\\\/#organization\",\"name\":\"Diller Water Bottle Manufacturer\",\"url\":\"https:\\\/\\\/www.dillerbottle.com\\\/\",\"logo\":{\"@type\":\"ImageObject\",\"inLanguage\":\"tr\",\"@id\":\"https:\\\/\\\/www.dillerbottle.com\\\/#\\\/schema\\\/logo\\\/image\\\/\",\"url\":\"https:\\\/\\\/www.dillerbottle.com\\\/wp-content\\\/uploads\\\/2024\\\/09\\\/49918bfa848dcc1e9f8b509933603ac.png\",\"contentUrl\":\"https:\\\/\\\/www.dillerbottle.com\\\/wp-content\\\/uploads\\\/2024\\\/09\\\/49918bfa848dcc1e9f8b509933603ac.png\",\"width\":988,\"height\":198,\"caption\":\"Diller Water Bottle Manufacturer\"},\"image\":{\"@id\":\"https:\\\/\\\/www.dillerbottle.com\\\/#\\\/schema\\\/logo\\\/image\\\/\"}}]}<\/script>\n<!-- \/ Yoast SEO Premium plugin. -->","yoast_head_json":{"title":"Plastik \u00c7ocuk Su \u015ei\u015fesi - Diller Su \u015ei\u015fesi \u00dcreticisi","description":"En iyi plastik \u00e7ocuk su \u015fi\u015fesi \u00fcreticilerinden ve tedarik\u00e7ilerinden biri olarak, kaliteli su \u015fi\u015feleri \u00fcretiyoruz. Toptan sat\u0131\u015f yapman\u0131z\u0131 veya bizden rekabet\u00e7i fiyatlarla \u00f6zel yap\u0131m plastik \u00e7ocuk su \u015fi\u015fesi sat\u0131n alman\u0131z\u0131 i\u00e7tenlikle bekliyoruz. Ayr\u0131ca, k\u00fc\u00e7\u00fck miktardaki sipari\u015fler de kabul edilebilir.","robots":{"index":"index","follow":"follow","max-snippet":"max-snippet:-1","max-image-preview":"max-image-preview:large","max-video-preview":"max-video-preview:-1"},"canonical":"https:\/\/www.dillerbottle.com\/tr\/urunler\/plastik-cocuk-su-sisesi","og_locale":"tr_TR","og_type":"article","og_title":"Plastic Kids Water Bottle","og_description":"As one of the best plastic kids water bottle manufacturers and suppliers, we are engaged in manufacturing good quality water bottles. We warmly welcome you to wholesale or buy custom made plastic kids water bottle at competitive price from us. Also, small quantity orders are acceptable.","og_url":"https:\/\/www.dillerbottle.com\/tr\/urunler\/plastik-cocuk-su-sisesi","og_site_name":"Diller Water Bottle Manufacturer","article_modified_time":"2025-07-10T07:18:09+00:00","og_image":[{"width":730,"height":730,"url":"https:\/\/www.dillerbottle.com\/wp-content\/uploads\/2024\/09\/plastic-kids-water-bottle26373911601.jpg","type":"image\/jpeg"}],"twitter_card":"summary_large_image","twitter_misc":{"Tahmini okuma s\u00fcresi":"2 dakika"},"schema":{"@context":"https:\/\/schema.org","@graph":[{"@type":"WebPage","@id":"https:\/\/www.dillerbottle.com\/ru\/%d0%bf%d1%80%d0%be%d0%b4%d1%83%d0%ba%d1%82%d1%8b\/%d0%bf%d0%bb%d0%b0%d1%81%d1%82%d0%b8%d0%ba%d0%be%d0%b2%d0%b0%d1%8f-%d0%b4%d0%b5%d1%82%d1%81%d0%ba%d0%b0%d1%8f-%d0%b1%d1%83%d1%82%d1%8b%d0%bb%d0%ba%d0%b0-%d0%b4%d0%bb%d1%8f-%d0%b2%d0%be%d0%b4%d1%8b","url":"https:\/\/www.dillerbottle.com\/ru\/%d0%bf%d1%80%d0%be%d0%b4%d1%83%d0%ba%d1%82%d1%8b\/%d0%bf%d0%bb%d0%b0%d1%81%d1%82%d0%b8%d0%ba%d0%be%d0%b2%d0%b0%d1%8f-%d0%b4%d0%b5%d1%82%d1%81%d0%ba%d0%b0%d1%8f-%d0%b1%d1%83%d1%82%d1%8b%d0%bb%d0%ba%d0%b0-%d0%b4%d0%bb%d1%8f-%d0%b2%d0%be%d0%b4%d1%8b","name":"Plastik \u00c7ocuk Su \u015ei\u015fesi - Diller Su \u015ei\u015fesi \u00dcreticisi","isPartOf":{"@id":"https:\/\/www.dillerbottle.com\/#website"},"primaryImageOfPage":{"@id":"https:\/\/www.dillerbottle.com\/ru\/%d0%bf%d1%80%d0%be%d0%b4%d1%83%d0%ba%d1%82%d1%8b\/%d0%bf%d0%bb%d0%b0%d1%81%d1%82%d0%b8%d0%ba%d0%be%d0%b2%d0%b0%d1%8f-%d0%b4%d0%b5%d1%82%d1%81%d0%ba%d0%b0%d1%8f-%d0%b1%d1%83%d1%82%d1%8b%d0%bb%d0%ba%d0%b0-%d0%b4%d0%bb%d1%8f-%d0%b2%d0%be%d0%b4%d1%8b#primaryimage"},"image":{"@id":"https:\/\/www.dillerbottle.com\/ru\/%d0%bf%d1%80%d0%be%d0%b4%d1%83%d0%ba%d1%82%d1%8b\/%d0%bf%d0%bb%d0%b0%d1%81%d1%82%d0%b8%d0%ba%d0%be%d0%b2%d0%b0%d1%8f-%d0%b4%d0%b5%d1%82%d1%81%d0%ba%d0%b0%d1%8f-%d0%b1%d1%83%d1%82%d1%8b%d0%bb%d0%ba%d0%b0-%d0%b4%d0%bb%d1%8f-%d0%b2%d0%be%d0%b4%d1%8b#primaryimage"},"thumbnailUrl":"https:\/\/www.dillerbottle.com\/wp-content\/uploads\/2024\/09\/plastic-kids-water-bottle26373911601.jpg","datePublished":"2024-09-26T08:30:10+00:00","dateModified":"2025-07-10T07:18:09+00:00","description":"En iyi plastik \u00e7ocuk su \u015fi\u015fesi \u00fcreticilerinden ve tedarik\u00e7ilerinden biri olarak, kaliteli su \u015fi\u015feleri \u00fcretiyoruz. Toptan sat\u0131\u015f yapman\u0131z\u0131 veya bizden rekabet\u00e7i fiyatlarla \u00f6zel yap\u0131m plastik \u00e7ocuk su \u015fi\u015fesi sat\u0131n alman\u0131z\u0131 i\u00e7tenlikle bekliyoruz. Ayr\u0131ca, k\u00fc\u00e7\u00fck miktardaki sipari\u015fler de kabul edilebilir.","breadcrumb":{"@id":"https:\/\/www.dillerbottle.com\/ru\/%d0%bf%d1%80%d0%be%d0%b4%d1%83%d0%ba%d1%82%d1%8b\/%d0%bf%d0%bb%d0%b0%d1%81%d1%82%d0%b8%d0%ba%d0%be%d0%b2%d0%b0%d1%8f-%d0%b4%d0%b5%d1%82%d1%81%d0%ba%d0%b0%d1%8f-%d0%b1%d1%83%d1%82%d1%8b%d0%bb%d0%ba%d0%b0-%d0%b4%d0%bb%d1%8f-%d0%b2%d0%be%d0%b4%d1%8b#breadcrumb"},"inLanguage":"tr","potentialAction":[{"@type":"ReadAction","target":["https:\/\/www.dillerbottle.com\/ru\/%d0%bf%d1%80%d0%be%d0%b4%d1%83%d0%ba%d1%82%d1%8b\/%d0%bf%d0%bb%d0%b0%d1%81%d1%82%d0%b8%d0%ba%d0%be%d0%b2%d0%b0%d1%8f-%d0%b4%d0%b5%d1%82%d1%81%d0%ba%d0%b0%d1%8f-%d0%b1%d1%83%d1%82%d1%8b%d0%bb%d0%ba%d0%b0-%d0%b4%d0%bb%d1%8f-%d0%b2%d0%be%d0%b4%d1%8b"]}]},{"@type":"ImageObject","inLanguage":"tr","@id":"https:\/\/www.dillerbottle.com\/ru\/%d0%bf%d1%80%d0%be%d0%b4%d1%83%d0%ba%d1%82%d1%8b\/%d0%bf%d0%bb%d0%b0%d1%81%d1%82%d0%b8%d0%ba%d0%be%d0%b2%d0%b0%d1%8f-%d0%b4%d0%b5%d1%82%d1%81%d0%ba%d0%b0%d1%8f-%d0%b1%d1%83%d1%82%d1%8b%d0%bb%d0%ba%d0%b0-%d0%b4%d0%bb%d1%8f-%d0%b2%d0%be%d0%b4%d1%8b#primaryimage","url":"https:\/\/www.dillerbottle.com\/wp-content\/uploads\/2024\/09\/plastic-kids-water-bottle26373911601.jpg","contentUrl":"https:\/\/www.dillerbottle.com\/wp-content\/uploads\/2024\/09\/plastic-kids-water-bottle26373911601.jpg","width":730,"height":730},{"@type":"BreadcrumbList","@id":"https:\/\/www.dillerbottle.com\/ru\/%d0%bf%d1%80%d0%be%d0%b4%d1%83%d0%ba%d1%82%d1%8b\/%d0%bf%d0%bb%d0%b0%d1%81%d1%82%d0%b8%d0%ba%d0%be%d0%b2%d0%b0%d1%8f-%d0%b4%d0%b5%d1%82%d1%81%d0%ba%d0%b0%d1%8f-%d0%b1%d1%83%d1%82%d1%8b%d0%bb%d0%ba%d0%b0-%d0%b4%d0%bb%d1%8f-%d0%b2%d0%be%d0%b4%d1%8b#breadcrumb","itemListElement":[{"@type":"ListItem","position":1,"name":"Home","item":"https:\/\/www.dillerbottle.com\/"},{"@type":"ListItem","position":2,"name":"Products","item":"https:\/\/www.dillerbottle.com\/shop"},{"@type":"ListItem","position":3,"name":"Plastic Kids Water Bottle"}]},{"@type":"WebSite","@id":"https:\/\/www.dillerbottle.com\/#website","url":"https:\/\/www.dillerbottle.com\/","name":"Diller Su \u015ei\u015fesi \u00dcreticisi","description":"Su \u015ei\u015fesi \u00dcreticisi","publisher":{"@id":"https:\/\/www.dillerbottle.com\/#organization"},"potentialAction":[{"@type":"SearchAction","target":{"@type":"EntryPoint","urlTemplate":"https:\/\/www.dillerbottle.com\/?s={search_term_string}"},"query-input":{"@type":"PropertyValueSpecification","valueRequired":true,"valueName":"search_term_string"}}],"inLanguage":"tr"},{"@type":"Organization","@id":"https:\/\/www.dillerbottle.com\/#organization","name":"Diller Su \u015ei\u015fesi \u00dcreticisi","url":"https:\/\/www.dillerbottle.com\/","logo":{"@type":"ImageObject","inLanguage":"tr","@id":"https:\/\/www.dillerbottle.com\/#\/schema\/logo\/image\/","url":"https:\/\/www.dillerbottle.com\/wp-content\/uploads\/2024\/09\/49918bfa848dcc1e9f8b509933603ac.png","contentUrl":"https:\/\/www.dillerbottle.com\/wp-content\/uploads\/2024\/09\/49918bfa848dcc1e9f8b509933603ac.png","width":988,"height":198,"caption":"Diller Water Bottle Manufacturer"},"image":{"@id":"https:\/\/www.dillerbottle.com\/#\/schema\/logo\/image\/"}}]}},"_links":{"self":[{"href":"https:\/\/www.dillerbottle.com\/tr\/wp-json\/wp\/v2\/product\/3665","targetHints":{"allow":["GET"]}}],"collection":[{"href":"https:\/\/www.dillerbottle.com\/tr\/wp-json\/wp\/v2\/product"}],"about":[{"href":"https:\/\/www.dillerbottle.com\/tr\/wp-json\/wp\/v2\/types\/product"}],"replies":[{"embeddable":true,"href":"https:\/\/www.dillerbottle.com\/tr\/wp-json\/wp\/v2\/comments?post=3665"}],"wp:featuredmedia":[{"embeddable":true,"href":"https:\/\/www.dillerbottle.com\/tr\/wp-json\/wp\/v2\/media\/3666"}],"wp:attachment":[{"href":"https:\/\/www.dillerbottle.com\/tr\/wp-json\/wp\/v2\/media?parent=3665"}],"wp:term":[{"taxonomy":"product_brand","embeddable":true,"href":"https:\/\/www.dillerbottle.com\/tr\/wp-json\/wp\/v2\/product_brand?post=3665"},{"taxonomy":"product_cat","embeddable":true,"href":"https:\/\/www.dillerbottle.com\/tr\/wp-json\/wp\/v2\/product_cat?post=3665"},{"taxonomy":"product_tag","embeddable":true,"href":"https:\/\/www.dillerbottle.com\/tr\/wp-json\/wp\/v2\/product_tag?post=3665"}],"curies":[{"name":"wp","href":"https:\/\/api.w.org\/{rel}","templated":true}]}}