{"id":3791,"date":"2024-09-26T16:31:37","date_gmt":"2024-09-26T08:31:37","guid":{"rendered":"https:\/\/demo.dillerbottle.com\/uncategorized\/steel-water-bottle-for-kids"},"modified":"2025-07-10T15:10:50","modified_gmt":"2025-07-10T07:10:50","slug":"cocuklar-icin-celik-su-sisesi","status":"publish","type":"product","link":"https:\/\/www.dillerbottle.com\/tr\/products\/steel-water-bottle-for-kids","title":{"rendered":"\u00c7ocuklar \u0130\u00e7in \u00c7elik Su \u015ei\u015fesi"},"content":{"rendered":"<p>\u00c7elik \u00e7ocuk su \u015fi\u015fesi 304 kalite 18\/8 paslanmaz \u00e7elikten yap\u0131lm\u0131\u015ft\u0131r. G\u0131da ve \u0130la\u00e7 Dairesi taraf\u0131ndan onaylanm\u0131\u015ft\u0131r, kolayca k\u0131r\u0131lmaz, yeniden kullan\u0131labilir, paslanmaz veya a\u011f\u0131zda k\u00f6t\u00fc bir metalik tat b\u0131rakmaz ve asla terlemez veya s\u0131cak ellere de\u011fmez. Pipetli bir kapa\u011f\u0131 ve do\u011frudan i\u00e7me a\u011f\u0131z kapa\u011f\u0131 vard\u0131r, \u015f\u0131k tasar\u0131m di\u011fer \u00f6nde gelen su \u015fi\u015fesi markalar\u0131yla ayn\u0131 hacimde s\u0131v\u0131 tutar. Ta\u015f\u0131nabilir tasar\u0131m, ta\u015f\u0131nmas\u0131 kolay, vakumlu yal\u0131t\u0131ml\u0131 i\u00e7ece\u011fi 12~24 saate kadar s\u0131cak veya so\u011fuk tutar. 350 ml yal\u0131t\u0131ml\u0131 su \u015fi\u015fesi \u00e7ocuklar i\u00e7in harika bir hediyedir.<br \/>\n\u00d6zellikler:<br \/>\n1. Y\u00fcksek puanl\u0131 yal\u0131t\u0131ml\u0131 \u00e7ocuk \u00e7elik su \u015fi\u015fesi i\u00e7 s\u0131cakl\u0131\u011f\u0131n\u0131 saatlerce korur, i\u00e7ecekleri 24 saat boyunca buz gibi so\u011fuk veya 12 saat boyunca s\u0131cak tutar.;<\/p>\n<p>2. Bu \u00e7ocuk su \u015fi\u015fesi her t\u00fcrl\u00fc macera i\u00e7in yeterince dayan\u0131kl\u0131d\u0131r. 304 (18\/8) g\u0131da s\u0131n\u0131f\u0131 paslanmaz \u00e7elikten \u00fcretilen \u00e7elik su \u015fi\u015femiz her zaman saf, temiz bir tat sa\u011flar.<\/p>\n<p>3. Bu \u00e7elik su \u015fi\u015feleri, hareket halindeyken su i\u00e7en k\u00fc\u00e7\u00fck \u00e7ocuklar ve \u00e7ocuklar i\u00e7in harikad\u0131r. \u00c7ocuklar su \u015fi\u015fesini so\u011fuk su, meyve suyu veya s\u0131cak s\u00fct saklamak i\u00e7in kullanabilirler. Bu s\u0131zd\u0131rmaz, d\u00f6k\u00fclmez, ince su \u015fi\u015fesini okul \u00e7antalar\u0131na, \u00f6\u011fle yeme\u011fi kutular\u0131na, s\u0131rt \u00e7antalar\u0131na veya \u00e7antalara koyun.<\/p>\n<p>4. Bu \u00e7ocuk su \u015fi\u015fesinin kolay ta\u015f\u0131nabilirlik i\u00e7in ayarlanabilir naylon kay\u0131\u015f\u0131 vard\u0131r.<br \/>\n5. Bu su \u015fi\u015fesinin iki kapa\u011f\u0131 vard\u0131r; pipetli kapak ve do\u011frudan i\u00e7me a\u011f\u0131zl\u0131 kapak.<\/p>","protected":false},"excerpt":{"rendered":"<p>\u00c7elik \u00e7ocuk su \u015fi\u015fesi 304 kalite 18\/8 paslanmaz \u00e7elikten \u00fcretilmi\u015ftir.<br \/>\nG\u0131da ve \u0130la\u00e7 Dairesi&#039;nden onayl\u0131d\u0131r, kolay kolay k\u0131r\u0131lmaz, tekrar kullan\u0131labilir, paslanmaz, a\u011f\u0131zda k\u00f6t\u00fc metalik tat b\u0131rakmaz, asla terletmez veya s\u0131cak ellere temas etmez.<br \/>\nPipetli kapa\u011f\u0131 ve do\u011frudan i\u00e7im a\u011fz\u0131 kapa\u011f\u0131 bulunan bu \u015f\u0131k tasar\u0131m, di\u011fer \u00f6nde gelen su \u015fi\u015fesi markalar\u0131yla ayn\u0131 hacimde s\u0131v\u0131y\u0131 tutar.<br \/>\nTa\u015f\u0131nabilir tasar\u0131m, ta\u015f\u0131nmas\u0131 kolay, vakumlu yal\u0131t\u0131ml\u0131, i\u00e7ece\u011finizi 12~24 saate kadar s\u0131cak veya so\u011fuk tutar.<br \/>\n350 ml yal\u0131t\u0131ml\u0131 su \u015fi\u015fesi \u00e7ocuklar i\u00e7in harika bir hediyedir.<\/p>","protected":false},"featured_media":3792,"comment_status":"open","ping_status":"closed","template":"","meta":{"_acf_changed":false},"product_brand":[],"product_cat":[200],"product_tag":[32,36,33,234,226,31,39,38,260,233,29,37,34,35,221,266,28,225,30],"class_list":{"0":"post-3791","1":"product","2":"type-product","3":"status-publish","4":"has-post-thumbnail","6":"product_cat-kids-water-bottles","7":"product_tag-best","8":"product_tag-bulk","9":"product_tag-buy","10":"product_tag-child-water-bottle","11":"product_tag-clear-kids-water-bottles","12":"product_tag-custom","13":"product_tag-for-sale","14":"product_tag-good-quality","15":"product_tag-kids-water-bottle","16":"product_tag-kids-water-bottle-for-school","17":"product_tag-manufacturers","18":"product_tag-manufacturing","19":"product_tag-price","20":"product_tag-small","21":"product_tag-stainless-steel-water-bottle-kids","22":"product_tag-steel-water-bottle-for-kids","23":"product_tag-suppliers","24":"product_tag-water-bottle-stainless-steel-custom-logo","25":"product_tag-wholesale","27":"first","28":"instock","29":"shipping-taxable","30":"product-type-simple"},"acf":[],"yoast_head":"<!-- This site is optimized with the Yoast SEO Premium plugin v27.5 (Yoast SEO v27.5) - https:\/\/yoast.com\/product\/yoast-seo-premium-wordpress\/ -->\n<title>Steel Water Bottle For Kids - Diller Water Bottle Manufacturer<\/title>\n<meta name=\"description\" content=\"As one of the best steel water bottle for kids manufacturers and suppliers, we are engaged in manufacturing good quality water bottles. We warmly welcome you to wholesale or buy custom made steel water bottle for kids at competitive price from us. Also, small quantity orders are acceptable.\" \/>\n<meta name=\"robots\" content=\"index, follow, max-snippet:-1, max-image-preview:large, max-video-preview:-1\" \/>\n<link rel=\"canonical\" href=\"https:\/\/www.dillerbottle.com\/tr\/urunler\/cocuklar-icin-celik-su-sisesi\" \/>\n<meta property=\"og:locale\" content=\"tr_TR\" \/>\n<meta property=\"og:type\" content=\"article\" \/>\n<meta property=\"og:title\" content=\"Steel Water Bottle For Kids\" \/>\n<meta property=\"og:description\" content=\"As one of the best steel water bottle for kids manufacturers and suppliers, we are engaged in manufacturing good quality water bottles. We warmly welcome you to wholesale or buy custom made steel water bottle for kids at competitive price from us. Also, small quantity orders are acceptable.\" \/>\n<meta property=\"og:url\" content=\"https:\/\/www.dillerbottle.com\/tr\/urunler\/cocuklar-icin-celik-su-sisesi\" \/>\n<meta property=\"og:site_name\" content=\"Diller Water Bottle Manufacturer\" \/>\n<meta property=\"article:modified_time\" content=\"2025-07-10T07:10:50+00:00\" \/>\n<meta property=\"og:image\" content=\"https:\/\/www.dillerbottle.com\/wp-content\/uploads\/2024\/09\/steel-water-bottle-for-kidsbd1b2454-5539-4a19-a2ab-08fd2994767a.jpg\" \/>\n\t<meta property=\"og:image:width\" content=\"730\" \/>\n\t<meta property=\"og:image:height\" content=\"730\" \/>\n\t<meta property=\"og:image:type\" content=\"image\/jpeg\" \/>\n<meta name=\"twitter:card\" content=\"summary_large_image\" \/>\n<meta name=\"twitter:label1\" content=\"Tahmini okuma s\u00fcresi\" \/>\n\t<meta name=\"twitter:data1\" content=\"7 dakika\" \/>\n<script type=\"application\/ld+json\" class=\"yoast-schema-graph\">{\"@context\":\"https:\\\/\\\/schema.org\",\"@graph\":[{\"@type\":\"WebPage\",\"@id\":\"https:\\\/\\\/www.dillerbottle.com\\\/products\\\/steel-water-bottle-for-kids\",\"url\":\"https:\\\/\\\/www.dillerbottle.com\\\/products\\\/steel-water-bottle-for-kids\",\"name\":\"Steel Water Bottle For Kids - Diller Water Bottle Manufacturer\",\"isPartOf\":{\"@id\":\"https:\\\/\\\/www.dillerbottle.com\\\/#website\"},\"primaryImageOfPage\":{\"@id\":\"https:\\\/\\\/www.dillerbottle.com\\\/products\\\/steel-water-bottle-for-kids#primaryimage\"},\"image\":{\"@id\":\"https:\\\/\\\/www.dillerbottle.com\\\/products\\\/steel-water-bottle-for-kids#primaryimage\"},\"thumbnailUrl\":\"https:\\\/\\\/www.dillerbottle.com\\\/wp-content\\\/uploads\\\/2024\\\/09\\\/steel-water-bottle-for-kidsbd1b2454-5539-4a19-a2ab-08fd2994767a.jpg\",\"datePublished\":\"2024-09-26T08:31:37+00:00\",\"dateModified\":\"2025-07-10T07:10:50+00:00\",\"description\":\"As one of the best steel water bottle for kids manufacturers and suppliers, we are engaged in manufacturing good quality water bottles. We warmly welcome you to wholesale or buy custom made steel water bottle for kids at competitive price from us. Also, small quantity orders are acceptable.\",\"breadcrumb\":{\"@id\":\"https:\\\/\\\/www.dillerbottle.com\\\/products\\\/steel-water-bottle-for-kids#breadcrumb\"},\"inLanguage\":\"tr\",\"potentialAction\":[{\"@type\":\"ReadAction\",\"target\":[\"https:\\\/\\\/www.dillerbottle.com\\\/products\\\/steel-water-bottle-for-kids\"]}]},{\"@type\":\"ImageObject\",\"inLanguage\":\"tr\",\"@id\":\"https:\\\/\\\/www.dillerbottle.com\\\/products\\\/steel-water-bottle-for-kids#primaryimage\",\"url\":\"https:\\\/\\\/www.dillerbottle.com\\\/wp-content\\\/uploads\\\/2024\\\/09\\\/steel-water-bottle-for-kidsbd1b2454-5539-4a19-a2ab-08fd2994767a.jpg\",\"contentUrl\":\"https:\\\/\\\/www.dillerbottle.com\\\/wp-content\\\/uploads\\\/2024\\\/09\\\/steel-water-bottle-for-kidsbd1b2454-5539-4a19-a2ab-08fd2994767a.jpg\",\"width\":730,\"height\":730},{\"@type\":\"BreadcrumbList\",\"@id\":\"https:\\\/\\\/www.dillerbottle.com\\\/products\\\/steel-water-bottle-for-kids#breadcrumb\",\"itemListElement\":[{\"@type\":\"ListItem\",\"position\":1,\"name\":\"Home\",\"item\":\"https:\\\/\\\/www.dillerbottle.com\\\/\"},{\"@type\":\"ListItem\",\"position\":2,\"name\":\"Products\",\"item\":\"https:\\\/\\\/www.dillerbottle.com\\\/shop\"},{\"@type\":\"ListItem\",\"position\":3,\"name\":\"Steel Water Bottle For Kids\"}]},{\"@type\":\"WebSite\",\"@id\":\"https:\\\/\\\/www.dillerbottle.com\\\/#website\",\"url\":\"https:\\\/\\\/www.dillerbottle.com\\\/\",\"name\":\"Diller Water Bottle Manufacturer\",\"description\":\"Water Bottle Manufacturer\",\"publisher\":{\"@id\":\"https:\\\/\\\/www.dillerbottle.com\\\/#organization\"},\"potentialAction\":[{\"@type\":\"SearchAction\",\"target\":{\"@type\":\"EntryPoint\",\"urlTemplate\":\"https:\\\/\\\/www.dillerbottle.com\\\/?s={search_term_string}\"},\"query-input\":{\"@type\":\"PropertyValueSpecification\",\"valueRequired\":true,\"valueName\":\"search_term_string\"}}],\"inLanguage\":\"tr\"},{\"@type\":\"Organization\",\"@id\":\"https:\\\/\\\/www.dillerbottle.com\\\/#organization\",\"name\":\"Diller Water Bottle Manufacturer\",\"url\":\"https:\\\/\\\/www.dillerbottle.com\\\/\",\"logo\":{\"@type\":\"ImageObject\",\"inLanguage\":\"tr\",\"@id\":\"https:\\\/\\\/www.dillerbottle.com\\\/#\\\/schema\\\/logo\\\/image\\\/\",\"url\":\"https:\\\/\\\/www.dillerbottle.com\\\/wp-content\\\/uploads\\\/2024\\\/09\\\/49918bfa848dcc1e9f8b509933603ac.png\",\"contentUrl\":\"https:\\\/\\\/www.dillerbottle.com\\\/wp-content\\\/uploads\\\/2024\\\/09\\\/49918bfa848dcc1e9f8b509933603ac.png\",\"width\":988,\"height\":198,\"caption\":\"Diller Water Bottle Manufacturer\"},\"image\":{\"@id\":\"https:\\\/\\\/www.dillerbottle.com\\\/#\\\/schema\\\/logo\\\/image\\\/\"}}]}<\/script>\n<!-- \/ Yoast SEO Premium plugin. -->","yoast_head_json":{"title":"\u00c7ocuklar \u0130\u00e7in \u00c7elik Su \u015ei\u015fesi - Diller Su \u015ei\u015fesi \u00dcreticisi","description":"\u00c7ocuklar i\u00e7in en iyi \u00e7elik su \u015fi\u015fesi \u00fcreticilerinden ve tedarik\u00e7ilerinden biri olarak, kaliteli su \u015fi\u015feleri \u00fcretiyoruz. Toptan sat\u0131\u015f yapman\u0131z\u0131 veya bizden rekabet\u00e7i fiyatlarla \u00e7ocuklar i\u00e7in \u00f6zel yap\u0131m \u00e7elik su \u015fi\u015fesi sat\u0131n alman\u0131z\u0131 i\u00e7tenlikle bekliyoruz. Ayr\u0131ca, k\u00fc\u00e7\u00fck miktardaki sipari\u015fler de kabul edilebilir.","robots":{"index":"index","follow":"follow","max-snippet":"max-snippet:-1","max-image-preview":"max-image-preview:large","max-video-preview":"max-video-preview:-1"},"canonical":"https:\/\/www.dillerbottle.com\/tr\/urunler\/cocuklar-icin-celik-su-sisesi","og_locale":"tr_TR","og_type":"article","og_title":"Steel Water Bottle For Kids","og_description":"As one of the best steel water bottle for kids manufacturers and suppliers, we are engaged in manufacturing good quality water bottles. We warmly welcome you to wholesale or buy custom made steel water bottle for kids at competitive price from us. Also, small quantity orders are acceptable.","og_url":"https:\/\/www.dillerbottle.com\/tr\/urunler\/cocuklar-icin-celik-su-sisesi","og_site_name":"Diller Water Bottle Manufacturer","article_modified_time":"2025-07-10T07:10:50+00:00","og_image":[{"width":730,"height":730,"url":"https:\/\/www.dillerbottle.com\/wp-content\/uploads\/2024\/09\/steel-water-bottle-for-kidsbd1b2454-5539-4a19-a2ab-08fd2994767a.jpg","type":"image\/jpeg"}],"twitter_card":"summary_large_image","twitter_misc":{"Tahmini okuma s\u00fcresi":"7 dakika"},"schema":{"@context":"https:\/\/schema.org","@graph":[{"@type":"WebPage","@id":"https:\/\/www.dillerbottle.com\/products\/steel-water-bottle-for-kids","url":"https:\/\/www.dillerbottle.com\/products\/steel-water-bottle-for-kids","name":"\u00c7ocuklar \u0130\u00e7in \u00c7elik Su \u015ei\u015fesi - Diller Su \u015ei\u015fesi \u00dcreticisi","isPartOf":{"@id":"https:\/\/www.dillerbottle.com\/#website"},"primaryImageOfPage":{"@id":"https:\/\/www.dillerbottle.com\/products\/steel-water-bottle-for-kids#primaryimage"},"image":{"@id":"https:\/\/www.dillerbottle.com\/products\/steel-water-bottle-for-kids#primaryimage"},"thumbnailUrl":"https:\/\/www.dillerbottle.com\/wp-content\/uploads\/2024\/09\/steel-water-bottle-for-kidsbd1b2454-5539-4a19-a2ab-08fd2994767a.jpg","datePublished":"2024-09-26T08:31:37+00:00","dateModified":"2025-07-10T07:10:50+00:00","description":"\u00c7ocuklar i\u00e7in en iyi \u00e7elik su \u015fi\u015fesi \u00fcreticilerinden ve tedarik\u00e7ilerinden biri olarak, kaliteli su \u015fi\u015feleri \u00fcretiyoruz. Toptan sat\u0131\u015f yapman\u0131z\u0131 veya bizden rekabet\u00e7i fiyatlarla \u00e7ocuklar i\u00e7in \u00f6zel yap\u0131m \u00e7elik su \u015fi\u015fesi sat\u0131n alman\u0131z\u0131 i\u00e7tenlikle bekliyoruz. Ayr\u0131ca, k\u00fc\u00e7\u00fck miktardaki sipari\u015fler de kabul edilebilir.","breadcrumb":{"@id":"https:\/\/www.dillerbottle.com\/products\/steel-water-bottle-for-kids#breadcrumb"},"inLanguage":"tr","potentialAction":[{"@type":"ReadAction","target":["https:\/\/www.dillerbottle.com\/products\/steel-water-bottle-for-kids"]}]},{"@type":"ImageObject","inLanguage":"tr","@id":"https:\/\/www.dillerbottle.com\/products\/steel-water-bottle-for-kids#primaryimage","url":"https:\/\/www.dillerbottle.com\/wp-content\/uploads\/2024\/09\/steel-water-bottle-for-kidsbd1b2454-5539-4a19-a2ab-08fd2994767a.jpg","contentUrl":"https:\/\/www.dillerbottle.com\/wp-content\/uploads\/2024\/09\/steel-water-bottle-for-kidsbd1b2454-5539-4a19-a2ab-08fd2994767a.jpg","width":730,"height":730},{"@type":"BreadcrumbList","@id":"https:\/\/www.dillerbottle.com\/products\/steel-water-bottle-for-kids#breadcrumb","itemListElement":[{"@type":"ListItem","position":1,"name":"Home","item":"https:\/\/www.dillerbottle.com\/"},{"@type":"ListItem","position":2,"name":"Products","item":"https:\/\/www.dillerbottle.com\/shop"},{"@type":"ListItem","position":3,"name":"Steel Water Bottle For Kids"}]},{"@type":"WebSite","@id":"https:\/\/www.dillerbottle.com\/#website","url":"https:\/\/www.dillerbottle.com\/","name":"Diller Su \u015ei\u015fesi \u00dcreticisi","description":"Su \u015ei\u015fesi \u00dcreticisi","publisher":{"@id":"https:\/\/www.dillerbottle.com\/#organization"},"potentialAction":[{"@type":"SearchAction","target":{"@type":"EntryPoint","urlTemplate":"https:\/\/www.dillerbottle.com\/?s={search_term_string}"},"query-input":{"@type":"PropertyValueSpecification","valueRequired":true,"valueName":"search_term_string"}}],"inLanguage":"tr"},{"@type":"Organization","@id":"https:\/\/www.dillerbottle.com\/#organization","name":"Diller Su \u015ei\u015fesi \u00dcreticisi","url":"https:\/\/www.dillerbottle.com\/","logo":{"@type":"ImageObject","inLanguage":"tr","@id":"https:\/\/www.dillerbottle.com\/#\/schema\/logo\/image\/","url":"https:\/\/www.dillerbottle.com\/wp-content\/uploads\/2024\/09\/49918bfa848dcc1e9f8b509933603ac.png","contentUrl":"https:\/\/www.dillerbottle.com\/wp-content\/uploads\/2024\/09\/49918bfa848dcc1e9f8b509933603ac.png","width":988,"height":198,"caption":"Diller Water Bottle Manufacturer"},"image":{"@id":"https:\/\/www.dillerbottle.com\/#\/schema\/logo\/image\/"}}]}},"_links":{"self":[{"href":"https:\/\/www.dillerbottle.com\/tr\/wp-json\/wp\/v2\/product\/3791","targetHints":{"allow":["GET"]}}],"collection":[{"href":"https:\/\/www.dillerbottle.com\/tr\/wp-json\/wp\/v2\/product"}],"about":[{"href":"https:\/\/www.dillerbottle.com\/tr\/wp-json\/wp\/v2\/types\/product"}],"replies":[{"embeddable":true,"href":"https:\/\/www.dillerbottle.com\/tr\/wp-json\/wp\/v2\/comments?post=3791"}],"wp:featuredmedia":[{"embeddable":true,"href":"https:\/\/www.dillerbottle.com\/tr\/wp-json\/wp\/v2\/media\/3792"}],"wp:attachment":[{"href":"https:\/\/www.dillerbottle.com\/tr\/wp-json\/wp\/v2\/media?parent=3791"}],"wp:term":[{"taxonomy":"product_brand","embeddable":true,"href":"https:\/\/www.dillerbottle.com\/tr\/wp-json\/wp\/v2\/product_brand?post=3791"},{"taxonomy":"product_cat","embeddable":true,"href":"https:\/\/www.dillerbottle.com\/tr\/wp-json\/wp\/v2\/product_cat?post=3791"},{"taxonomy":"product_tag","embeddable":true,"href":"https:\/\/www.dillerbottle.com\/tr\/wp-json\/wp\/v2\/product_tag?post=3791"}],"curies":[{"name":"wp","href":"https:\/\/api.w.org\/{rel}","templated":true}]}}