{"id":3842,"date":"2024-09-26T16:32:19","date_gmt":"2024-09-26T08:32:19","guid":{"rendered":"https:\/\/demo.dillerbottle.com\/uncategorized\/bpa-free-childrens-water-bottles"},"modified":"2025-07-10T15:10:28","modified_gmt":"2025-07-10T07:10:28","slug":"bpa-icermeyen-cocuk-su-siseleri","status":"publish","type":"product","link":"https:\/\/www.dillerbottle.com\/tr\/products\/bpa-free-childrens-water-bottles","title":{"rendered":"BPA \u0130\u00e7ermeyen \u00c7ocuk Su \u015ei\u015feleri"},"content":{"rendered":"<p>BPA \u0130\u00e7ermeyen \u00c7ocuk Su \u015ei\u015feleri<br \/>\n\u00dcr\u00fcn A\u00e7\u0131klamas\u0131:<br \/>\n1. Tek elle kullan\u0131labilen d\u00fc\u011fmeli kapak ve kazara a\u00e7\u0131lmalar\u0131 \u00f6nlemek i\u00e7in kilit mekanizmas\u0131 bulunan s\u0131zd\u0131rmaz kapak.<\/p>\n<p>2. Bu BPA i\u00e7ermeyen \u00e7ocuk su \u015fi\u015feleri, cam \u015fi\u015felerin ayn\u0131 saf tad\u0131n\u0131 veren ve a\u011f\u0131r \u015fekere ve d\u00fc\u015fmelere dayan\u0131kl\u0131, hafif BPA i\u00e7ermeyen y\u00fcksek kaliteli k\u0131r\u0131lmaz PPSU&#039;dan olu\u015fan \u00e7ocuk dostudur. \u00c7ocuklar \u00e7ekici, ilgi \u00e7ekici ve \u00f6zel \u015fekli ve renkleri sevecekler. Bula\u015f\u0131k makinesinde y\u0131kanabilir.<\/p>\n<p>3. Kolay ta\u015f\u0131ma kay\u0131\u015f\u0131, rahat tutu\u015f. Bu, \u00e7ocuklar\u0131 s\u0131cak g\u00fcnlerde mutlu, sa\u011fl\u0131kl\u0131, susuz ve serin tutmak i\u00e7in en iyi su \u015fi\u015fesidir. Kullan\u0131\u015fl\u0131 kay\u0131\u015f ta\u015f\u0131y\u0131c\u0131s\u0131 ta\u015f\u0131may\u0131 kolayla\u015ft\u0131r\u0131r ve konturlu merkez ele rahat ve kolay bir tutu\u015f sa\u011flar. S\u0131zd\u0131rmaz ve hava ge\u00e7irmez kapak. Su veya ba\u015fka herhangi bir i\u00e7ecek i\u00e7in harika.<\/p>\n<p>4. G\u0131da s\u0131n\u0131f\u0131 yumu\u015fak silikon pipet, i\u00e7imi rahatt\u0131r.<\/p>","protected":false},"excerpt":{"rendered":"<p>Benzersiz ve \u00f6zelle\u015ftirilmi\u015f BPA \u0130\u00e7ermeyen \u00c7ocuk Su \u015ei\u015feleri mi ar\u0131yorsunuz? Ba\u015fka yere bakmay\u0131n! Ekibimiz, markan\u0131z\u0131 m\u00fckemmel \u015fekilde yans\u0131tacak benzersiz bir tasar\u0131m veya desen olu\u015fturmak i\u00e7in sizinle birlikte \u00e7al\u0131\u015fabilir.<br \/>\nSe\u00e7ebilece\u011finiz \u00e7e\u015fitli renk ve desen se\u00e7enekleriyle, ayr\u0131ca kendi logonuzu veya tasar\u0131m\u0131n\u0131z\u0131 ekleme se\u00e7ene\u011fiyle, sizin i\u00e7in m\u00fckemmel olan BPA \u0130\u00e7ermeyen \u00c7ocuk Su \u015ei\u015fesini yaratmay\u0131 kolayla\u015ft\u0131r\u0131yoruz.<br \/>\nVe e\u011fer b\u00fcy\u00fck bir sipari\u015fe ihtiyac\u0131n\u0131z varsa, bunu daha uygun hale getirmek i\u00e7in toptan fiyatlar sunuyoruz.<br \/>\nKarar vermenize yard\u0131mc\u0131 olmak i\u00e7in \u00fccretsiz numuneler de sunuyoruz.<br \/>\nBu BPA i\u00e7ermeyen \u00e7ocuk su \u015fi\u015feleri, cam \u015fi\u015felerin ayn\u0131 saf tad\u0131n\u0131 veren, a\u011f\u0131r \u015fekere ve d\u00fc\u015fmelere dayan\u0131kl\u0131, hafif BPA i\u00e7ermeyen, y\u00fcksek kaliteli k\u0131r\u0131lmaz PPSU&#039;dan olu\u015fan \u00e7ocuk dostudur.<\/p>","protected":false},"featured_media":3843,"comment_status":"open","ping_status":"closed","template":"","meta":{"_acf_changed":false},"product_brand":[],"product_cat":[200],"product_tag":[32,269,36,33,31,39,38,228,236,231,29,37,34,35,251,28,220,225,30],"class_list":{"0":"post-3842","1":"product","2":"type-product","3":"status-publish","4":"has-post-thumbnail","6":"product_cat-kids-water-bottles","7":"product_tag-best","8":"product_tag-bpa-free-childrens-water-bottles","9":"product_tag-bulk","10":"product_tag-buy","11":"product_tag-custom","12":"product_tag-for-sale","13":"product_tag-good-quality","14":"product_tag-insulated-kids-water-bottle","15":"product_tag-kids-strap-water-bottles","16":"product_tag-kids-water-bottle-bpa-free","17":"product_tag-manufacturers","18":"product_tag-manufacturing","19":"product_tag-price","20":"product_tag-small","21":"product_tag-stainless-steel-sport-water-bottle-with-handle","22":"product_tag-suppliers","23":"product_tag-water-bottle-for-kid","24":"product_tag-water-bottle-stainless-steel-custom-logo","25":"product_tag-wholesale","27":"first","28":"instock","29":"shipping-taxable","30":"product-type-simple"},"acf":[],"yoast_head":"<!-- This site is optimized with the Yoast SEO Premium plugin v27.5 (Yoast SEO v27.5) - https:\/\/yoast.com\/product\/yoast-seo-premium-wordpress\/ -->\n<title>BPA Free Children&#039;s Water Bottles - Diller Water Bottle Manufacturer<\/title>\n<meta name=\"description\" content=\"As one of the best BPA free children&#039;s water bottles manufacturers and suppliers, we are engaged in manufacturing good quality water bottles. We warmly welcome you to wholesale or buy custom made BPA free children&#039;s water bottles at competitive price from us. Also, small quantity orders are acceptable.\" \/>\n<meta name=\"robots\" content=\"index, follow, max-snippet:-1, max-image-preview:large, max-video-preview:-1\" \/>\n<link rel=\"canonical\" href=\"https:\/\/www.dillerbottle.com\/tr\/urunler\/bpa-icermeyen-cocuk-su-siseleri\" \/>\n<meta property=\"og:locale\" content=\"tr_TR\" \/>\n<meta property=\"og:type\" content=\"article\" \/>\n<meta property=\"og:title\" content=\"BPA Free Children&#039;s Water Bottles\" \/>\n<meta property=\"og:description\" content=\"As one of the best BPA free children&#039;s water bottles manufacturers and suppliers, we are engaged in manufacturing good quality water bottles. We warmly welcome you to wholesale or buy custom made BPA free children&#039;s water bottles at competitive price from us. Also, small quantity orders are acceptable.\" \/>\n<meta property=\"og:url\" content=\"https:\/\/www.dillerbottle.com\/tr\/urunler\/bpa-icermeyen-cocuk-su-siseleri\" \/>\n<meta property=\"og:site_name\" content=\"Diller Water Bottle Manufacturer\" \/>\n<meta property=\"article:modified_time\" content=\"2025-07-10T07:10:28+00:00\" \/>\n<meta property=\"og:image\" content=\"https:\/\/www.dillerbottle.com\/wp-content\/uploads\/2024\/09\/bpa-free-children-s-water-bottles49260337480.jpg\" \/>\n\t<meta property=\"og:image:width\" content=\"730\" \/>\n\t<meta property=\"og:image:height\" content=\"730\" \/>\n\t<meta property=\"og:image:type\" content=\"image\/jpeg\" \/>\n<meta name=\"twitter:card\" content=\"summary_large_image\" \/>\n<meta name=\"twitter:label1\" content=\"Tahmini okuma s\u00fcresi\" \/>\n\t<meta name=\"twitter:data1\" content=\"2 dakika\" \/>\n<script type=\"application\/ld+json\" class=\"yoast-schema-graph\">{\"@context\":\"https:\\\/\\\/schema.org\",\"@graph\":[{\"@type\":\"WebPage\",\"@id\":\"https:\\\/\\\/www.dillerbottle.com\\\/pt\\\/produtos\\\/garrafas-de-agua-para-criancas-sem-bpa\",\"url\":\"https:\\\/\\\/www.dillerbottle.com\\\/pt\\\/produtos\\\/garrafas-de-agua-para-criancas-sem-bpa\",\"name\":\"BPA Free Children's Water Bottles - Diller Water Bottle Manufacturer\",\"isPartOf\":{\"@id\":\"https:\\\/\\\/www.dillerbottle.com\\\/#website\"},\"primaryImageOfPage\":{\"@id\":\"https:\\\/\\\/www.dillerbottle.com\\\/pt\\\/produtos\\\/garrafas-de-agua-para-criancas-sem-bpa#primaryimage\"},\"image\":{\"@id\":\"https:\\\/\\\/www.dillerbottle.com\\\/pt\\\/produtos\\\/garrafas-de-agua-para-criancas-sem-bpa#primaryimage\"},\"thumbnailUrl\":\"https:\\\/\\\/www.dillerbottle.com\\\/wp-content\\\/uploads\\\/2024\\\/09\\\/bpa-free-children-s-water-bottles49260337480.jpg\",\"datePublished\":\"2024-09-26T08:32:19+00:00\",\"dateModified\":\"2025-07-10T07:10:28+00:00\",\"description\":\"As one of the best BPA free children's water bottles manufacturers and suppliers, we are engaged in manufacturing good quality water bottles. We warmly welcome you to wholesale or buy custom made BPA free children's water bottles at competitive price from us. Also, small quantity orders are acceptable.\",\"breadcrumb\":{\"@id\":\"https:\\\/\\\/www.dillerbottle.com\\\/pt\\\/produtos\\\/garrafas-de-agua-para-criancas-sem-bpa#breadcrumb\"},\"inLanguage\":\"tr\",\"potentialAction\":[{\"@type\":\"ReadAction\",\"target\":[\"https:\\\/\\\/www.dillerbottle.com\\\/pt\\\/produtos\\\/garrafas-de-agua-para-criancas-sem-bpa\"]}]},{\"@type\":\"ImageObject\",\"inLanguage\":\"tr\",\"@id\":\"https:\\\/\\\/www.dillerbottle.com\\\/pt\\\/produtos\\\/garrafas-de-agua-para-criancas-sem-bpa#primaryimage\",\"url\":\"https:\\\/\\\/www.dillerbottle.com\\\/wp-content\\\/uploads\\\/2024\\\/09\\\/bpa-free-children-s-water-bottles49260337480.jpg\",\"contentUrl\":\"https:\\\/\\\/www.dillerbottle.com\\\/wp-content\\\/uploads\\\/2024\\\/09\\\/bpa-free-children-s-water-bottles49260337480.jpg\",\"width\":730,\"height\":730},{\"@type\":\"BreadcrumbList\",\"@id\":\"https:\\\/\\\/www.dillerbottle.com\\\/pt\\\/produtos\\\/garrafas-de-agua-para-criancas-sem-bpa#breadcrumb\",\"itemListElement\":[{\"@type\":\"ListItem\",\"position\":1,\"name\":\"Home\",\"item\":\"https:\\\/\\\/www.dillerbottle.com\\\/\"},{\"@type\":\"ListItem\",\"position\":2,\"name\":\"Products\",\"item\":\"https:\\\/\\\/www.dillerbottle.com\\\/shop\"},{\"@type\":\"ListItem\",\"position\":3,\"name\":\"BPA Free Children&#8217;s Water Bottles\"}]},{\"@type\":\"WebSite\",\"@id\":\"https:\\\/\\\/www.dillerbottle.com\\\/#website\",\"url\":\"https:\\\/\\\/www.dillerbottle.com\\\/\",\"name\":\"Diller Water Bottle Manufacturer\",\"description\":\"Water Bottle Manufacturer\",\"publisher\":{\"@id\":\"https:\\\/\\\/www.dillerbottle.com\\\/#organization\"},\"potentialAction\":[{\"@type\":\"SearchAction\",\"target\":{\"@type\":\"EntryPoint\",\"urlTemplate\":\"https:\\\/\\\/www.dillerbottle.com\\\/?s={search_term_string}\"},\"query-input\":{\"@type\":\"PropertyValueSpecification\",\"valueRequired\":true,\"valueName\":\"search_term_string\"}}],\"inLanguage\":\"tr\"},{\"@type\":\"Organization\",\"@id\":\"https:\\\/\\\/www.dillerbottle.com\\\/#organization\",\"name\":\"Diller Water Bottle Manufacturer\",\"url\":\"https:\\\/\\\/www.dillerbottle.com\\\/\",\"logo\":{\"@type\":\"ImageObject\",\"inLanguage\":\"tr\",\"@id\":\"https:\\\/\\\/www.dillerbottle.com\\\/#\\\/schema\\\/logo\\\/image\\\/\",\"url\":\"https:\\\/\\\/www.dillerbottle.com\\\/wp-content\\\/uploads\\\/2024\\\/09\\\/49918bfa848dcc1e9f8b509933603ac.png\",\"contentUrl\":\"https:\\\/\\\/www.dillerbottle.com\\\/wp-content\\\/uploads\\\/2024\\\/09\\\/49918bfa848dcc1e9f8b509933603ac.png\",\"width\":988,\"height\":198,\"caption\":\"Diller Water Bottle Manufacturer\"},\"image\":{\"@id\":\"https:\\\/\\\/www.dillerbottle.com\\\/#\\\/schema\\\/logo\\\/image\\\/\"}}]}<\/script>\n<!-- \/ Yoast SEO Premium plugin. -->","yoast_head_json":{"title":"BPA \u0130\u00e7ermeyen \u00c7ocuk Su \u015ei\u015feleri - Diller Su \u015ei\u015fesi \u00dcreticisi","description":"En iyi BPA i\u00e7ermeyen \u00e7ocuk su \u015fi\u015fesi \u00fcreticilerinden ve tedarik\u00e7ilerinden biri olarak, kaliteli su \u015fi\u015feleri \u00fcretiyoruz. Bizden rekabet\u00e7i fiyatlarla toptan veya \u00f6zel yap\u0131m BPA i\u00e7ermeyen \u00e7ocuk su \u015fi\u015feleri sat\u0131n alman\u0131z\u0131 i\u00e7tenlikle bekliyoruz. Ayr\u0131ca, k\u00fc\u00e7\u00fck miktarda sipari\u015fler de kabul edilebilir.","robots":{"index":"index","follow":"follow","max-snippet":"max-snippet:-1","max-image-preview":"max-image-preview:large","max-video-preview":"max-video-preview:-1"},"canonical":"https:\/\/www.dillerbottle.com\/tr\/urunler\/bpa-icermeyen-cocuk-su-siseleri","og_locale":"tr_TR","og_type":"article","og_title":"BPA Free Children's Water Bottles","og_description":"As one of the best BPA free children's water bottles manufacturers and suppliers, we are engaged in manufacturing good quality water bottles. We warmly welcome you to wholesale or buy custom made BPA free children's water bottles at competitive price from us. Also, small quantity orders are acceptable.","og_url":"https:\/\/www.dillerbottle.com\/tr\/urunler\/bpa-icermeyen-cocuk-su-siseleri","og_site_name":"Diller Water Bottle Manufacturer","article_modified_time":"2025-07-10T07:10:28+00:00","og_image":[{"width":730,"height":730,"url":"https:\/\/www.dillerbottle.com\/wp-content\/uploads\/2024\/09\/bpa-free-children-s-water-bottles49260337480.jpg","type":"image\/jpeg"}],"twitter_card":"summary_large_image","twitter_misc":{"Tahmini okuma s\u00fcresi":"2 dakika"},"schema":{"@context":"https:\/\/schema.org","@graph":[{"@type":"WebPage","@id":"https:\/\/www.dillerbottle.com\/pt\/produtos\/garrafas-de-agua-para-criancas-sem-bpa","url":"https:\/\/www.dillerbottle.com\/pt\/produtos\/garrafas-de-agua-para-criancas-sem-bpa","name":"BPA \u0130\u00e7ermeyen \u00c7ocuk Su \u015ei\u015feleri - Diller Su \u015ei\u015fesi \u00dcreticisi","isPartOf":{"@id":"https:\/\/www.dillerbottle.com\/#website"},"primaryImageOfPage":{"@id":"https:\/\/www.dillerbottle.com\/pt\/produtos\/garrafas-de-agua-para-criancas-sem-bpa#primaryimage"},"image":{"@id":"https:\/\/www.dillerbottle.com\/pt\/produtos\/garrafas-de-agua-para-criancas-sem-bpa#primaryimage"},"thumbnailUrl":"https:\/\/www.dillerbottle.com\/wp-content\/uploads\/2024\/09\/bpa-free-children-s-water-bottles49260337480.jpg","datePublished":"2024-09-26T08:32:19+00:00","dateModified":"2025-07-10T07:10:28+00:00","description":"En iyi BPA i\u00e7ermeyen \u00e7ocuk su \u015fi\u015fesi \u00fcreticilerinden ve tedarik\u00e7ilerinden biri olarak, kaliteli su \u015fi\u015feleri \u00fcretiyoruz. Bizden rekabet\u00e7i fiyatlarla toptan veya \u00f6zel yap\u0131m BPA i\u00e7ermeyen \u00e7ocuk su \u015fi\u015feleri sat\u0131n alman\u0131z\u0131 i\u00e7tenlikle bekliyoruz. Ayr\u0131ca, k\u00fc\u00e7\u00fck miktarda sipari\u015fler de kabul edilebilir.","breadcrumb":{"@id":"https:\/\/www.dillerbottle.com\/pt\/produtos\/garrafas-de-agua-para-criancas-sem-bpa#breadcrumb"},"inLanguage":"tr","potentialAction":[{"@type":"ReadAction","target":["https:\/\/www.dillerbottle.com\/pt\/produtos\/garrafas-de-agua-para-criancas-sem-bpa"]}]},{"@type":"ImageObject","inLanguage":"tr","@id":"https:\/\/www.dillerbottle.com\/pt\/produtos\/garrafas-de-agua-para-criancas-sem-bpa#primaryimage","url":"https:\/\/www.dillerbottle.com\/wp-content\/uploads\/2024\/09\/bpa-free-children-s-water-bottles49260337480.jpg","contentUrl":"https:\/\/www.dillerbottle.com\/wp-content\/uploads\/2024\/09\/bpa-free-children-s-water-bottles49260337480.jpg","width":730,"height":730},{"@type":"BreadcrumbList","@id":"https:\/\/www.dillerbottle.com\/pt\/produtos\/garrafas-de-agua-para-criancas-sem-bpa#breadcrumb","itemListElement":[{"@type":"ListItem","position":1,"name":"Home","item":"https:\/\/www.dillerbottle.com\/"},{"@type":"ListItem","position":2,"name":"Products","item":"https:\/\/www.dillerbottle.com\/shop"},{"@type":"ListItem","position":3,"name":"BPA Free Children&#8217;s Water Bottles"}]},{"@type":"WebSite","@id":"https:\/\/www.dillerbottle.com\/#website","url":"https:\/\/www.dillerbottle.com\/","name":"Diller Su \u015ei\u015fesi \u00dcreticisi","description":"Su \u015ei\u015fesi \u00dcreticisi","publisher":{"@id":"https:\/\/www.dillerbottle.com\/#organization"},"potentialAction":[{"@type":"SearchAction","target":{"@type":"EntryPoint","urlTemplate":"https:\/\/www.dillerbottle.com\/?s={search_term_string}"},"query-input":{"@type":"PropertyValueSpecification","valueRequired":true,"valueName":"search_term_string"}}],"inLanguage":"tr"},{"@type":"Organization","@id":"https:\/\/www.dillerbottle.com\/#organization","name":"Diller Su \u015ei\u015fesi \u00dcreticisi","url":"https:\/\/www.dillerbottle.com\/","logo":{"@type":"ImageObject","inLanguage":"tr","@id":"https:\/\/www.dillerbottle.com\/#\/schema\/logo\/image\/","url":"https:\/\/www.dillerbottle.com\/wp-content\/uploads\/2024\/09\/49918bfa848dcc1e9f8b509933603ac.png","contentUrl":"https:\/\/www.dillerbottle.com\/wp-content\/uploads\/2024\/09\/49918bfa848dcc1e9f8b509933603ac.png","width":988,"height":198,"caption":"Diller Water Bottle Manufacturer"},"image":{"@id":"https:\/\/www.dillerbottle.com\/#\/schema\/logo\/image\/"}}]}},"_links":{"self":[{"href":"https:\/\/www.dillerbottle.com\/tr\/wp-json\/wp\/v2\/product\/3842","targetHints":{"allow":["GET"]}}],"collection":[{"href":"https:\/\/www.dillerbottle.com\/tr\/wp-json\/wp\/v2\/product"}],"about":[{"href":"https:\/\/www.dillerbottle.com\/tr\/wp-json\/wp\/v2\/types\/product"}],"replies":[{"embeddable":true,"href":"https:\/\/www.dillerbottle.com\/tr\/wp-json\/wp\/v2\/comments?post=3842"}],"wp:featuredmedia":[{"embeddable":true,"href":"https:\/\/www.dillerbottle.com\/tr\/wp-json\/wp\/v2\/media\/3843"}],"wp:attachment":[{"href":"https:\/\/www.dillerbottle.com\/tr\/wp-json\/wp\/v2\/media?parent=3842"}],"wp:term":[{"taxonomy":"product_brand","embeddable":true,"href":"https:\/\/www.dillerbottle.com\/tr\/wp-json\/wp\/v2\/product_brand?post=3842"},{"taxonomy":"product_cat","embeddable":true,"href":"https:\/\/www.dillerbottle.com\/tr\/wp-json\/wp\/v2\/product_cat?post=3842"},{"taxonomy":"product_tag","embeddable":true,"href":"https:\/\/www.dillerbottle.com\/tr\/wp-json\/wp\/v2\/product_tag?post=3842"}],"curies":[{"name":"wp","href":"https:\/\/api.w.org\/{rel}","templated":true}]}}