{"id":3878,"date":"2024-09-26T16:32:44","date_gmt":"2024-09-26T08:32:44","guid":{"rendered":"https:\/\/demo.dillerbottle.com\/uncategorized\/thermal-water-bottle-for-kids"},"modified":"2025-07-10T15:09:40","modified_gmt":"2025-07-10T07:09:40","slug":"cocuklar-icin-termal-su-sisesi","status":"publish","type":"product","link":"https:\/\/www.dillerbottle.com\/tr\/products\/thermal-water-bottle-for-kids","title":{"rendered":"\u00c7ocuklar \u0130\u00e7in Termal Su \u015ei\u015fesi"},"content":{"rendered":"<p>\u00d6zellikler:<br \/>\n1. 316 t\u0131bbi s\u0131n\u0131f paslanmaz \u00e7elikten yap\u0131lm\u0131\u015f pipetli termal su \u015fi\u015fesi, normal 18\/8 paslanmaz \u00e7elikten \u00e7ok farkl\u0131d\u0131r. Termal su \u015fi\u015fesi oksidasyona ve korozyona kar\u015f\u0131 tamamen dayan\u0131kl\u0131d\u0131r.<\/p>\n<p>2. 20 OZ (600 ml). Termal su \u015fi\u015feleri \u00e7ocuklar ve gen\u00e7ler i\u00e7in uygundur. \u00c7ift duvarl\u0131 vakumlu kapat\u0131lm\u0131\u015f yap\u0131 yal\u0131t\u0131m\u0131 daha etkili hale getirdi, 24 saate kadar s\u0131cak ve 12 saatten fazla so\u011fuk tutar.<\/p>\n<p>3.;\u00c7ok Fonksiyonlu \u015ei\u015fe Kapa\u011f\u0131. \u00c7ocuklar\u0131n 1 ila 10 ya\u015f\u0131na uygun 3 \u00e7e\u015fit kapak stiline sahip paslanmaz \u00e7elik termal su \u015fi\u015fesi.<\/p>\n<p>4.;Basmal\u0131 d\u00fc\u011fme kapakl\u0131 termal su \u015fi\u015fesi kullan\u0131\u015fl\u0131, s\u0131zd\u0131rmaz ve hijyeniktir - sadece bir kez bas\u0131n ve pipeti ortaya \u00e7\u0131karmak i\u00e7in kapak yukar\u0131 d\u00f6ner. Pipet bebe\u011finizin di\u015f etlerine, dama\u011f\u0131na ve di\u015flerine kar\u015f\u0131 naziktir, \u0131s\u0131rmak i\u00e7in yumu\u015fakt\u0131r, ancak di\u015flere direnmek i\u00e7in yeterlidir ..;<br \/>\n5. Geri \u00e7ekilebilir kay\u0131\u015f ve kolay kavranabilen sapl\u0131 \u00e7ocuk termal su \u015fi\u015fesinin sevimli \u015fi\u015fe k\u0131l\u0131f\u0131.<\/p>","protected":false},"excerpt":{"rendered":"<p>\u00d6zellikler: 1.<br \/>\n316 t\u0131bbi s\u0131n\u0131f paslanmaz \u00e7elikten \u00fcretilen pipetli termal su \u015fi\u015fesi, normal 18\/8 paslanmaz \u00e7elikten olduk\u00e7a farkl\u0131d\u0131r.<br \/>\nTermal su \u015fi\u015fesi oksidasyona ve korozyona kar\u015f\u0131 tam dayan\u0131kl\u0131d\u0131r.<br \/>\n2.<br \/>\n20 OZ (600 ml).<br \/>\nTermal su \u015fi\u015feleri \u00e7ocuk ve gen\u00e7lerin kullan\u0131m\u0131na uygundur.<br \/>\n\u00c7ift\u2026<\/p>","protected":false},"featured_media":3879,"comment_status":"open","ping_status":"closed","template":"","meta":{"_acf_changed":false},"product_brand":[],"product_cat":[200],"product_tag":[96,32,36,33,241,31,39,38,247,29,37,34,35,242,28,272,229,245,30],"class_list":{"0":"post-3878","1":"product","2":"type-product","3":"status-publish","4":"has-post-thumbnail","6":"product_cat-kids-water-bottles","7":"product_tag-baby-water-bottle","8":"product_tag-best","9":"product_tag-bulk","10":"product_tag-buy","11":"product_tag-children-water-bottle","12":"product_tag-custom","13":"product_tag-for-sale","14":"product_tag-good-quality","15":"product_tag-kids-water-bottle-stainless-steel","16":"product_tag-manufacturers","17":"product_tag-manufacturing","18":"product_tag-price","19":"product_tag-small","20":"product_tag-steel-vacuum-water-sport-bottles-for-children","21":"product_tag-suppliers","22":"product_tag-thermal-water-bottle-for-kids","23":"product_tag-water-bottle-kids","24":"product_tag-water-bottles-for-kids-school","25":"product_tag-wholesale","27":"first","28":"instock","29":"shipping-taxable","30":"product-type-simple"},"acf":[],"yoast_head":"<!-- This site is optimized with the Yoast SEO Premium plugin v27.5 (Yoast SEO v27.5) - https:\/\/yoast.com\/product\/yoast-seo-premium-wordpress\/ -->\n<title>Thermal Water Bottle For Kids - Diller Water Bottle Manufacturer<\/title>\n<meta name=\"description\" content=\"As one of the best thermal water bottle for kids manufacturers and suppliers, we are engaged in manufacturing good quality water bottles. We warmly welcome you to wholesale or buy custom made thermal water bottle for kids at competitive price from us. Also, small quantity orders are acceptable.\" \/>\n<meta name=\"robots\" content=\"index, follow, max-snippet:-1, max-image-preview:large, max-video-preview:-1\" \/>\n<link rel=\"canonical\" href=\"https:\/\/www.dillerbottle.com\/tr\/urunler\/cocuklar-icin-termal-su-sisesi\" \/>\n<meta property=\"og:locale\" content=\"tr_TR\" \/>\n<meta property=\"og:type\" content=\"article\" \/>\n<meta property=\"og:title\" content=\"Thermal Water Bottle For Kids\" \/>\n<meta property=\"og:description\" content=\"As one of the best thermal water bottle for kids manufacturers and suppliers, we are engaged in manufacturing good quality water bottles. We warmly welcome you to wholesale or buy custom made thermal water bottle for kids at competitive price from us. Also, small quantity orders are acceptable.\" \/>\n<meta property=\"og:url\" content=\"https:\/\/www.dillerbottle.com\/tr\/urunler\/cocuklar-icin-termal-su-sisesi\" \/>\n<meta property=\"og:site_name\" content=\"Diller Water Bottle Manufacturer\" \/>\n<meta property=\"article:modified_time\" content=\"2025-07-10T07:09:40+00:00\" \/>\n<meta property=\"og:image\" content=\"https:\/\/www.dillerbottle.com\/wp-content\/uploads\/2024\/09\/thermal-water-bottle-for-kids54143304243.jpg\" \/>\n\t<meta property=\"og:image:width\" content=\"730\" \/>\n\t<meta property=\"og:image:height\" content=\"730\" \/>\n\t<meta property=\"og:image:type\" content=\"image\/jpeg\" \/>\n<meta name=\"twitter:card\" content=\"summary_large_image\" \/>\n<meta name=\"twitter:label1\" content=\"Tahmini okuma s\u00fcresi\" \/>\n\t<meta name=\"twitter:data1\" content=\"2 dakika\" \/>\n<script type=\"application\/ld+json\" class=\"yoast-schema-graph\">{\"@context\":\"https:\\\/\\\/schema.org\",\"@graph\":[{\"@type\":\"WebPage\",\"@id\":\"https:\\\/\\\/www.dillerbottle.com\\\/de\\\/produkte\\\/thermo-trinkflasche-fur-kinder-2\",\"url\":\"https:\\\/\\\/www.dillerbottle.com\\\/de\\\/produkte\\\/thermo-trinkflasche-fur-kinder-2\",\"name\":\"Thermal Water Bottle For Kids - Diller Water Bottle Manufacturer\",\"isPartOf\":{\"@id\":\"https:\\\/\\\/www.dillerbottle.com\\\/#website\"},\"primaryImageOfPage\":{\"@id\":\"https:\\\/\\\/www.dillerbottle.com\\\/de\\\/produkte\\\/thermo-trinkflasche-fur-kinder-2#primaryimage\"},\"image\":{\"@id\":\"https:\\\/\\\/www.dillerbottle.com\\\/de\\\/produkte\\\/thermo-trinkflasche-fur-kinder-2#primaryimage\"},\"thumbnailUrl\":\"https:\\\/\\\/www.dillerbottle.com\\\/wp-content\\\/uploads\\\/2024\\\/09\\\/thermal-water-bottle-for-kids54143304243.jpg\",\"datePublished\":\"2024-09-26T08:32:44+00:00\",\"dateModified\":\"2025-07-10T07:09:40+00:00\",\"description\":\"As one of the best thermal water bottle for kids manufacturers and suppliers, we are engaged in manufacturing good quality water bottles. We warmly welcome you to wholesale or buy custom made thermal water bottle for kids at competitive price from us. Also, small quantity orders are acceptable.\",\"breadcrumb\":{\"@id\":\"https:\\\/\\\/www.dillerbottle.com\\\/de\\\/produkte\\\/thermo-trinkflasche-fur-kinder-2#breadcrumb\"},\"inLanguage\":\"tr\",\"potentialAction\":[{\"@type\":\"ReadAction\",\"target\":[\"https:\\\/\\\/www.dillerbottle.com\\\/de\\\/produkte\\\/thermo-trinkflasche-fur-kinder-2\"]}]},{\"@type\":\"ImageObject\",\"inLanguage\":\"tr\",\"@id\":\"https:\\\/\\\/www.dillerbottle.com\\\/de\\\/produkte\\\/thermo-trinkflasche-fur-kinder-2#primaryimage\",\"url\":\"https:\\\/\\\/www.dillerbottle.com\\\/wp-content\\\/uploads\\\/2024\\\/09\\\/thermal-water-bottle-for-kids54143304243.jpg\",\"contentUrl\":\"https:\\\/\\\/www.dillerbottle.com\\\/wp-content\\\/uploads\\\/2024\\\/09\\\/thermal-water-bottle-for-kids54143304243.jpg\",\"width\":730,\"height\":730},{\"@type\":\"BreadcrumbList\",\"@id\":\"https:\\\/\\\/www.dillerbottle.com\\\/de\\\/produkte\\\/thermo-trinkflasche-fur-kinder-2#breadcrumb\",\"itemListElement\":[{\"@type\":\"ListItem\",\"position\":1,\"name\":\"Home\",\"item\":\"https:\\\/\\\/www.dillerbottle.com\\\/\"},{\"@type\":\"ListItem\",\"position\":2,\"name\":\"Products\",\"item\":\"https:\\\/\\\/www.dillerbottle.com\\\/shop\"},{\"@type\":\"ListItem\",\"position\":3,\"name\":\"Thermal Water Bottle For Kids\"}]},{\"@type\":\"WebSite\",\"@id\":\"https:\\\/\\\/www.dillerbottle.com\\\/#website\",\"url\":\"https:\\\/\\\/www.dillerbottle.com\\\/\",\"name\":\"Diller Water Bottle Manufacturer\",\"description\":\"Water Bottle Manufacturer\",\"publisher\":{\"@id\":\"https:\\\/\\\/www.dillerbottle.com\\\/#organization\"},\"potentialAction\":[{\"@type\":\"SearchAction\",\"target\":{\"@type\":\"EntryPoint\",\"urlTemplate\":\"https:\\\/\\\/www.dillerbottle.com\\\/?s={search_term_string}\"},\"query-input\":{\"@type\":\"PropertyValueSpecification\",\"valueRequired\":true,\"valueName\":\"search_term_string\"}}],\"inLanguage\":\"tr\"},{\"@type\":\"Organization\",\"@id\":\"https:\\\/\\\/www.dillerbottle.com\\\/#organization\",\"name\":\"Diller Water Bottle Manufacturer\",\"url\":\"https:\\\/\\\/www.dillerbottle.com\\\/\",\"logo\":{\"@type\":\"ImageObject\",\"inLanguage\":\"tr\",\"@id\":\"https:\\\/\\\/www.dillerbottle.com\\\/#\\\/schema\\\/logo\\\/image\\\/\",\"url\":\"https:\\\/\\\/www.dillerbottle.com\\\/wp-content\\\/uploads\\\/2024\\\/09\\\/49918bfa848dcc1e9f8b509933603ac.png\",\"contentUrl\":\"https:\\\/\\\/www.dillerbottle.com\\\/wp-content\\\/uploads\\\/2024\\\/09\\\/49918bfa848dcc1e9f8b509933603ac.png\",\"width\":988,\"height\":198,\"caption\":\"Diller Water Bottle Manufacturer\"},\"image\":{\"@id\":\"https:\\\/\\\/www.dillerbottle.com\\\/#\\\/schema\\\/logo\\\/image\\\/\"}}]}<\/script>\n<!-- \/ Yoast SEO Premium plugin. -->","yoast_head_json":{"title":"\u00c7ocuklar \u0130\u00e7in Termal Su \u015ei\u015fesi - Diller Su \u015ei\u015fesi \u00dcreticisi","description":"\u00c7ocuklar i\u00e7in en iyi termal su \u015fi\u015fesi \u00fcreticilerinden ve tedarik\u00e7ilerinden biri olarak, kaliteli su \u015fi\u015feleri \u00fcretiyoruz. Toptan sat\u0131\u015f yapman\u0131z\u0131 veya bizden rekabet\u00e7i fiyatlarla \u00e7ocuklar i\u00e7in \u00f6zel yap\u0131m termal su \u015fi\u015fesi sat\u0131n alman\u0131z\u0131 i\u00e7tenlikle bekliyoruz. Ayr\u0131ca, k\u00fc\u00e7\u00fck miktardaki sipari\u015fler de kabul edilebilir.","robots":{"index":"index","follow":"follow","max-snippet":"max-snippet:-1","max-image-preview":"max-image-preview:large","max-video-preview":"max-video-preview:-1"},"canonical":"https:\/\/www.dillerbottle.com\/tr\/urunler\/cocuklar-icin-termal-su-sisesi","og_locale":"tr_TR","og_type":"article","og_title":"Thermal Water Bottle For Kids","og_description":"As one of the best thermal water bottle for kids manufacturers and suppliers, we are engaged in manufacturing good quality water bottles. We warmly welcome you to wholesale or buy custom made thermal water bottle for kids at competitive price from us. Also, small quantity orders are acceptable.","og_url":"https:\/\/www.dillerbottle.com\/tr\/urunler\/cocuklar-icin-termal-su-sisesi","og_site_name":"Diller Water Bottle Manufacturer","article_modified_time":"2025-07-10T07:09:40+00:00","og_image":[{"width":730,"height":730,"url":"https:\/\/www.dillerbottle.com\/wp-content\/uploads\/2024\/09\/thermal-water-bottle-for-kids54143304243.jpg","type":"image\/jpeg"}],"twitter_card":"summary_large_image","twitter_misc":{"Tahmini okuma s\u00fcresi":"2 dakika"},"schema":{"@context":"https:\/\/schema.org","@graph":[{"@type":"WebPage","@id":"https:\/\/www.dillerbottle.com\/de\/produkte\/thermo-trinkflasche-fur-kinder-2","url":"https:\/\/www.dillerbottle.com\/de\/produkte\/thermo-trinkflasche-fur-kinder-2","name":"\u00c7ocuklar \u0130\u00e7in Termal Su \u015ei\u015fesi - Diller Su \u015ei\u015fesi \u00dcreticisi","isPartOf":{"@id":"https:\/\/www.dillerbottle.com\/#website"},"primaryImageOfPage":{"@id":"https:\/\/www.dillerbottle.com\/de\/produkte\/thermo-trinkflasche-fur-kinder-2#primaryimage"},"image":{"@id":"https:\/\/www.dillerbottle.com\/de\/produkte\/thermo-trinkflasche-fur-kinder-2#primaryimage"},"thumbnailUrl":"https:\/\/www.dillerbottle.com\/wp-content\/uploads\/2024\/09\/thermal-water-bottle-for-kids54143304243.jpg","datePublished":"2024-09-26T08:32:44+00:00","dateModified":"2025-07-10T07:09:40+00:00","description":"\u00c7ocuklar i\u00e7in en iyi termal su \u015fi\u015fesi \u00fcreticilerinden ve tedarik\u00e7ilerinden biri olarak, kaliteli su \u015fi\u015feleri \u00fcretiyoruz. Toptan sat\u0131\u015f yapman\u0131z\u0131 veya bizden rekabet\u00e7i fiyatlarla \u00e7ocuklar i\u00e7in \u00f6zel yap\u0131m termal su \u015fi\u015fesi sat\u0131n alman\u0131z\u0131 i\u00e7tenlikle bekliyoruz. Ayr\u0131ca, k\u00fc\u00e7\u00fck miktardaki sipari\u015fler de kabul edilebilir.","breadcrumb":{"@id":"https:\/\/www.dillerbottle.com\/de\/produkte\/thermo-trinkflasche-fur-kinder-2#breadcrumb"},"inLanguage":"tr","potentialAction":[{"@type":"ReadAction","target":["https:\/\/www.dillerbottle.com\/de\/produkte\/thermo-trinkflasche-fur-kinder-2"]}]},{"@type":"ImageObject","inLanguage":"tr","@id":"https:\/\/www.dillerbottle.com\/de\/produkte\/thermo-trinkflasche-fur-kinder-2#primaryimage","url":"https:\/\/www.dillerbottle.com\/wp-content\/uploads\/2024\/09\/thermal-water-bottle-for-kids54143304243.jpg","contentUrl":"https:\/\/www.dillerbottle.com\/wp-content\/uploads\/2024\/09\/thermal-water-bottle-for-kids54143304243.jpg","width":730,"height":730},{"@type":"BreadcrumbList","@id":"https:\/\/www.dillerbottle.com\/de\/produkte\/thermo-trinkflasche-fur-kinder-2#breadcrumb","itemListElement":[{"@type":"ListItem","position":1,"name":"Home","item":"https:\/\/www.dillerbottle.com\/"},{"@type":"ListItem","position":2,"name":"Products","item":"https:\/\/www.dillerbottle.com\/shop"},{"@type":"ListItem","position":3,"name":"Thermal Water Bottle For Kids"}]},{"@type":"WebSite","@id":"https:\/\/www.dillerbottle.com\/#website","url":"https:\/\/www.dillerbottle.com\/","name":"Diller Su \u015ei\u015fesi \u00dcreticisi","description":"Su \u015ei\u015fesi \u00dcreticisi","publisher":{"@id":"https:\/\/www.dillerbottle.com\/#organization"},"potentialAction":[{"@type":"SearchAction","target":{"@type":"EntryPoint","urlTemplate":"https:\/\/www.dillerbottle.com\/?s={search_term_string}"},"query-input":{"@type":"PropertyValueSpecification","valueRequired":true,"valueName":"search_term_string"}}],"inLanguage":"tr"},{"@type":"Organization","@id":"https:\/\/www.dillerbottle.com\/#organization","name":"Diller Su \u015ei\u015fesi \u00dcreticisi","url":"https:\/\/www.dillerbottle.com\/","logo":{"@type":"ImageObject","inLanguage":"tr","@id":"https:\/\/www.dillerbottle.com\/#\/schema\/logo\/image\/","url":"https:\/\/www.dillerbottle.com\/wp-content\/uploads\/2024\/09\/49918bfa848dcc1e9f8b509933603ac.png","contentUrl":"https:\/\/www.dillerbottle.com\/wp-content\/uploads\/2024\/09\/49918bfa848dcc1e9f8b509933603ac.png","width":988,"height":198,"caption":"Diller Water Bottle Manufacturer"},"image":{"@id":"https:\/\/www.dillerbottle.com\/#\/schema\/logo\/image\/"}}]}},"_links":{"self":[{"href":"https:\/\/www.dillerbottle.com\/tr\/wp-json\/wp\/v2\/product\/3878","targetHints":{"allow":["GET"]}}],"collection":[{"href":"https:\/\/www.dillerbottle.com\/tr\/wp-json\/wp\/v2\/product"}],"about":[{"href":"https:\/\/www.dillerbottle.com\/tr\/wp-json\/wp\/v2\/types\/product"}],"replies":[{"embeddable":true,"href":"https:\/\/www.dillerbottle.com\/tr\/wp-json\/wp\/v2\/comments?post=3878"}],"wp:featuredmedia":[{"embeddable":true,"href":"https:\/\/www.dillerbottle.com\/tr\/wp-json\/wp\/v2\/media\/3879"}],"wp:attachment":[{"href":"https:\/\/www.dillerbottle.com\/tr\/wp-json\/wp\/v2\/media?parent=3878"}],"wp:term":[{"taxonomy":"product_brand","embeddable":true,"href":"https:\/\/www.dillerbottle.com\/tr\/wp-json\/wp\/v2\/product_brand?post=3878"},{"taxonomy":"product_cat","embeddable":true,"href":"https:\/\/www.dillerbottle.com\/tr\/wp-json\/wp\/v2\/product_cat?post=3878"},{"taxonomy":"product_tag","embeddable":true,"href":"https:\/\/www.dillerbottle.com\/tr\/wp-json\/wp\/v2\/product_tag?post=3878"}],"curies":[{"name":"wp","href":"https:\/\/api.w.org\/{rel}","templated":true}]}}