{"id":4013,"date":"2024-09-26T16:34:11","date_gmt":"2024-09-26T08:34:11","guid":{"rendered":"https:\/\/demo.dillerbottle.com\/uncategorized\/insulated-water-bottle-for-kids"},"modified":"2025-07-10T14:31:46","modified_gmt":"2025-07-10T06:31:46","slug":"cocuklar-icin-yalitimli-su-sisesi","status":"publish","type":"product","link":"https:\/\/www.dillerbottle.com\/tr\/products\/insulated-water-bottle-for-kids","title":{"rendered":"\u00c7ocuklar \u0130\u00e7in Yal\u0131t\u0131ml\u0131 Su \u015ei\u015fesi"},"content":{"rendered":"<p>\u00d6zellikler:<br \/>\n1. \u00c7ocuklar\u0131n hareket halindeyken kapa\u011f\u0131n\u0131 \u00e7\u0131karmadan i\u00e7ebilmelerini sa\u011flayan kapakl\u0131 350 ml kapasiteli \u00e7ocuk yal\u0131t\u0131ml\u0131 su \u015fi\u015fesi. Seyahat, kre\u015f, okul, arka bah\u00e7e bulu\u015fmas\u0131 veya daha fazlas\u0131 i\u00e7in ebeveynlerin \u015fi\u015feyi el alt\u0131nda bulundurmas\u0131 gereken bir \u00fcr\u00fcn.<\/p>\n<p>2. \u00c7ift duvarl\u0131 vakum yal\u0131t\u0131m teknolojisi i\u00e7ecekleri daha uzun s\u00fcre s\u0131cak ve so\u011fuk tutar. 12 saat veya \u00fczeri s\u0131cak, 24 saat so\u011fuk. Dayan\u0131kl\u0131 paslanmaz \u00e7elik yap\u0131 koku veya tat tutmaz, bu da onu t\u00fcm g\u00fcn kullan\u0131m i\u00e7in harika hale getirir!<\/p>\n<p>3. Kapa\u011f\u0131nda kilit tasar\u0131m\u0131 vard\u0131r, sadece bir parmakla kilitleyip a\u00e7abilirsiniz ve i\u00e7mek i\u00e7in a\u00e7abilirsiniz. Bu nedenle, y\u00fcksek yo\u011funluklu bir egzersiz s\u0131ras\u0131nda bile \u00e7ocu\u011funuzun \u00e7antas\u0131na su s\u0131zd\u0131raca\u011f\u0131ndan endi\u015felenmeyin.<\/p>\n<p>4. Kapak, su \u015fi\u015fesinin s\u0131zd\u0131rmamas\u0131n\u0131 sa\u011flamak i\u00e7in BPA i\u00e7ermeyen bir silikon halkaya sahiptir. A\u00e7\u0131l\u0131r kapak, a\u011f\u0131zl\u0131\u011f\u0131 toza kar\u015f\u0131 korur.<br \/>\n5. Y\u00fcksek kaliteli dayan\u0131kl\u0131 316 paslanmaz \u00e7elik.<br \/>\n6. \u00c7ocuklar i\u00e7in yal\u0131t\u0131ml\u0131 su \u015fi\u015fesi, tek elle kullan\u0131labilen basmal\u0131 d\u00fc\u011fmeli kapak kullan\u0131m\u0131 kolayd\u0131r.<\/p>","protected":false},"excerpt":{"rendered":"<p>\u00d6zellikler: 1.<br \/>\n\u00c7ocuklar\u0131n hareket halindeyken kapa\u011f\u0131n\u0131 \u00e7\u0131karmadan su i\u00e7ebilmesini sa\u011flayan, kapakl\u0131 350 ml kapasiteli, \u00e7ocuklara \u00f6zel yal\u0131t\u0131ml\u0131 su \u015fi\u015fesi.<br \/>\nSeyahat, kre\u015f, okul, arka bah\u00e7e bulu\u015fmalar\u0131 veya daha fazlas\u0131 i\u00e7in ebeveynlerin biberonu el alt\u0131nda bulundurmas\u0131 gereken bir \u00fcr\u00fcnd\u00fcr.<br \/>\n2.<br \/>\n\u00c7ift duvarl\u0131 vakum yal\u0131t\u0131m teknolojisi i\u00e7eceklerin daha uzun s\u00fcre s\u0131cak ve so\u011fuk kalmas\u0131n\u0131 sa\u011flar.<br \/>\n12 saat ve \u00fczeri s\u0131cak, 24 saat so\u011fuk.<br \/>\nDayan\u0131kl\u0131 paslanmaz \u00e7elik yap\u0131s\u0131 koku ve tatlar\u0131 tutmaz, bu da onu t\u00fcm g\u00fcn kullan\u0131ma uygun hale getirir! 3.<br \/>\nKapakta kilit tasar\u0131m\u0131 var, sadece bir parmakla kilitleyip a\u00e7abiliyorsunuz ve i\u00e7ebiliyorsunuz\u2026<\/p>","protected":false},"featured_media":4014,"comment_status":"open","ping_status":"closed","template":"","meta":{"_acf_changed":false},"product_brand":[],"product_cat":[200],"product_tag":[32,36,33,241,31,39,38,219,284,29,37,34,35,218,239,28,216,217,30],"class_list":{"0":"post-4013","1":"product","2":"type-product","3":"status-publish","4":"has-post-thumbnail","6":"product_cat-kids-water-bottles","7":"product_tag-best","8":"product_tag-bulk","9":"product_tag-buy","10":"product_tag-children-water-bottle","11":"product_tag-custom","12":"product_tag-for-sale","13":"product_tag-good-quality","14":"product_tag-hello-kitty-water-bottle","15":"product_tag-insulated-water-bottle-for-kids","16":"product_tag-manufacturers","17":"product_tag-manufacturing","18":"product_tag-price","19":"product_tag-small","20":"product_tag-stainless-steel-kids-water-bottle","21":"product_tag-stainless-steel-water-bottle-for-kids","22":"product_tag-suppliers","23":"product_tag-water-bottle-glass","24":"product_tag-water-bottle-plastic","25":"product_tag-wholesale","27":"first","28":"instock","29":"shipping-taxable","30":"product-type-simple"},"acf":[],"yoast_head":"<!-- This site is optimized with the Yoast SEO Premium plugin v27.5 (Yoast SEO v27.5) - https:\/\/yoast.com\/product\/yoast-seo-premium-wordpress\/ -->\n<title>Insulated Water Bottle For Kids - Diller Water Bottle Manufacturer<\/title>\n<meta name=\"description\" content=\"As one of the best insulated water bottle for kids manufacturers and suppliers, we are engaged in manufacturing good quality water bottles. We warmly welcome you to wholesale or buy custom made insulated water bottle for kids at competitive price from us. Also, small quantity orders are acceptable.\" \/>\n<meta name=\"robots\" content=\"index, follow, max-snippet:-1, max-image-preview:large, max-video-preview:-1\" \/>\n<link rel=\"canonical\" href=\"https:\/\/www.dillerbottle.com\/tr\/urunler\/cocuklar-icin-yalitimli-su-sisesi\" \/>\n<meta property=\"og:locale\" content=\"tr_TR\" \/>\n<meta property=\"og:type\" content=\"article\" \/>\n<meta property=\"og:title\" content=\"Insulated Water Bottle For Kids\" \/>\n<meta property=\"og:description\" content=\"As one of the best insulated water bottle for kids manufacturers and suppliers, we are engaged in manufacturing good quality water bottles. We warmly welcome you to wholesale or buy custom made insulated water bottle for kids at competitive price from us. Also, small quantity orders are acceptable.\" \/>\n<meta property=\"og:url\" content=\"https:\/\/www.dillerbottle.com\/tr\/urunler\/cocuklar-icin-yalitimli-su-sisesi\" \/>\n<meta property=\"og:site_name\" content=\"Diller Water Bottle Manufacturer\" \/>\n<meta property=\"article:modified_time\" content=\"2025-07-10T06:31:46+00:00\" \/>\n<meta property=\"og:image\" content=\"https:\/\/www.dillerbottle.com\/wp-content\/uploads\/2024\/09\/insulated-water-bottle-for-kids49245848813.jpg\" \/>\n\t<meta property=\"og:image:width\" content=\"730\" \/>\n\t<meta property=\"og:image:height\" content=\"730\" \/>\n\t<meta property=\"og:image:type\" content=\"image\/jpeg\" \/>\n<meta name=\"twitter:card\" content=\"summary_large_image\" \/>\n<meta name=\"twitter:label1\" content=\"Tahmini okuma s\u00fcresi\" \/>\n\t<meta name=\"twitter:data1\" content=\"3 dakika\" \/>\n<script type=\"application\/ld+json\" class=\"yoast-schema-graph\">{\"@context\":\"https:\\\/\\\/schema.org\",\"@graph\":[{\"@type\":\"WebPage\",\"@id\":\"https:\\\/\\\/www.dillerbottle.com\\\/my\\\/produk\\\/botol-air-bertebat-untuk-kanak-kanak\",\"url\":\"https:\\\/\\\/www.dillerbottle.com\\\/my\\\/produk\\\/botol-air-bertebat-untuk-kanak-kanak\",\"name\":\"Insulated Water Bottle For Kids - Diller Water Bottle Manufacturer\",\"isPartOf\":{\"@id\":\"https:\\\/\\\/www.dillerbottle.com\\\/#website\"},\"primaryImageOfPage\":{\"@id\":\"https:\\\/\\\/www.dillerbottle.com\\\/my\\\/produk\\\/botol-air-bertebat-untuk-kanak-kanak#primaryimage\"},\"image\":{\"@id\":\"https:\\\/\\\/www.dillerbottle.com\\\/my\\\/produk\\\/botol-air-bertebat-untuk-kanak-kanak#primaryimage\"},\"thumbnailUrl\":\"https:\\\/\\\/www.dillerbottle.com\\\/wp-content\\\/uploads\\\/2024\\\/09\\\/insulated-water-bottle-for-kids49245848813.jpg\",\"datePublished\":\"2024-09-26T08:34:11+00:00\",\"dateModified\":\"2025-07-10T06:31:46+00:00\",\"description\":\"As one of the best insulated water bottle for kids manufacturers and suppliers, we are engaged in manufacturing good quality water bottles. We warmly welcome you to wholesale or buy custom made insulated water bottle for kids at competitive price from us. Also, small quantity orders are acceptable.\",\"breadcrumb\":{\"@id\":\"https:\\\/\\\/www.dillerbottle.com\\\/my\\\/produk\\\/botol-air-bertebat-untuk-kanak-kanak#breadcrumb\"},\"inLanguage\":\"tr\",\"potentialAction\":[{\"@type\":\"ReadAction\",\"target\":[\"https:\\\/\\\/www.dillerbottle.com\\\/my\\\/produk\\\/botol-air-bertebat-untuk-kanak-kanak\"]}]},{\"@type\":\"ImageObject\",\"inLanguage\":\"tr\",\"@id\":\"https:\\\/\\\/www.dillerbottle.com\\\/my\\\/produk\\\/botol-air-bertebat-untuk-kanak-kanak#primaryimage\",\"url\":\"https:\\\/\\\/www.dillerbottle.com\\\/wp-content\\\/uploads\\\/2024\\\/09\\\/insulated-water-bottle-for-kids49245848813.jpg\",\"contentUrl\":\"https:\\\/\\\/www.dillerbottle.com\\\/wp-content\\\/uploads\\\/2024\\\/09\\\/insulated-water-bottle-for-kids49245848813.jpg\",\"width\":730,\"height\":730},{\"@type\":\"BreadcrumbList\",\"@id\":\"https:\\\/\\\/www.dillerbottle.com\\\/my\\\/produk\\\/botol-air-bertebat-untuk-kanak-kanak#breadcrumb\",\"itemListElement\":[{\"@type\":\"ListItem\",\"position\":1,\"name\":\"Home\",\"item\":\"https:\\\/\\\/www.dillerbottle.com\\\/\"},{\"@type\":\"ListItem\",\"position\":2,\"name\":\"Products\",\"item\":\"https:\\\/\\\/www.dillerbottle.com\\\/shop\"},{\"@type\":\"ListItem\",\"position\":3,\"name\":\"Insulated Water Bottle For Kids\"}]},{\"@type\":\"WebSite\",\"@id\":\"https:\\\/\\\/www.dillerbottle.com\\\/#website\",\"url\":\"https:\\\/\\\/www.dillerbottle.com\\\/\",\"name\":\"Diller Water Bottle Manufacturer\",\"description\":\"Water Bottle Manufacturer\",\"publisher\":{\"@id\":\"https:\\\/\\\/www.dillerbottle.com\\\/#organization\"},\"potentialAction\":[{\"@type\":\"SearchAction\",\"target\":{\"@type\":\"EntryPoint\",\"urlTemplate\":\"https:\\\/\\\/www.dillerbottle.com\\\/?s={search_term_string}\"},\"query-input\":{\"@type\":\"PropertyValueSpecification\",\"valueRequired\":true,\"valueName\":\"search_term_string\"}}],\"inLanguage\":\"tr\"},{\"@type\":\"Organization\",\"@id\":\"https:\\\/\\\/www.dillerbottle.com\\\/#organization\",\"name\":\"Diller Water Bottle Manufacturer\",\"url\":\"https:\\\/\\\/www.dillerbottle.com\\\/\",\"logo\":{\"@type\":\"ImageObject\",\"inLanguage\":\"tr\",\"@id\":\"https:\\\/\\\/www.dillerbottle.com\\\/#\\\/schema\\\/logo\\\/image\\\/\",\"url\":\"https:\\\/\\\/www.dillerbottle.com\\\/wp-content\\\/uploads\\\/2024\\\/09\\\/49918bfa848dcc1e9f8b509933603ac.png\",\"contentUrl\":\"https:\\\/\\\/www.dillerbottle.com\\\/wp-content\\\/uploads\\\/2024\\\/09\\\/49918bfa848dcc1e9f8b509933603ac.png\",\"width\":988,\"height\":198,\"caption\":\"Diller Water Bottle Manufacturer\"},\"image\":{\"@id\":\"https:\\\/\\\/www.dillerbottle.com\\\/#\\\/schema\\\/logo\\\/image\\\/\"}}]}<\/script>\n<!-- \/ Yoast SEO Premium plugin. -->","yoast_head_json":{"title":"\u00c7ocuklar \u0130\u00e7in Yal\u0131t\u0131ml\u0131 Su \u015ei\u015fesi - Diller Su \u015ei\u015fesi \u00dcreticisi","description":"\u00c7ocuklar i\u00e7in en iyi yal\u0131t\u0131ml\u0131 su \u015fi\u015fesi \u00fcreticilerinden ve tedarik\u00e7ilerinden biri olarak, kaliteli su \u015fi\u015feleri \u00fcretiyoruz. Toptan sat\u0131\u015f yapman\u0131z\u0131 veya rekabet\u00e7i fiyatlarla \u00e7ocuklar i\u00e7in \u00f6zel yap\u0131m yal\u0131t\u0131ml\u0131 su \u015fi\u015fesi sat\u0131n alman\u0131z\u0131 i\u00e7tenlikle bekliyoruz. Ayr\u0131ca, k\u00fc\u00e7\u00fck miktardaki sipari\u015fler de kabul edilebilir.","robots":{"index":"index","follow":"follow","max-snippet":"max-snippet:-1","max-image-preview":"max-image-preview:large","max-video-preview":"max-video-preview:-1"},"canonical":"https:\/\/www.dillerbottle.com\/tr\/urunler\/cocuklar-icin-yalitimli-su-sisesi","og_locale":"tr_TR","og_type":"article","og_title":"Insulated Water Bottle For Kids","og_description":"As one of the best insulated water bottle for kids manufacturers and suppliers, we are engaged in manufacturing good quality water bottles. We warmly welcome you to wholesale or buy custom made insulated water bottle for kids at competitive price from us. Also, small quantity orders are acceptable.","og_url":"https:\/\/www.dillerbottle.com\/tr\/urunler\/cocuklar-icin-yalitimli-su-sisesi","og_site_name":"Diller Water Bottle Manufacturer","article_modified_time":"2025-07-10T06:31:46+00:00","og_image":[{"width":730,"height":730,"url":"https:\/\/www.dillerbottle.com\/wp-content\/uploads\/2024\/09\/insulated-water-bottle-for-kids49245848813.jpg","type":"image\/jpeg"}],"twitter_card":"summary_large_image","twitter_misc":{"Tahmini okuma s\u00fcresi":"3 dakika"},"schema":{"@context":"https:\/\/schema.org","@graph":[{"@type":"WebPage","@id":"https:\/\/www.dillerbottle.com\/my\/produk\/botol-air-bertebat-untuk-kanak-kanak","url":"https:\/\/www.dillerbottle.com\/my\/produk\/botol-air-bertebat-untuk-kanak-kanak","name":"\u00c7ocuklar \u0130\u00e7in Yal\u0131t\u0131ml\u0131 Su \u015ei\u015fesi - Diller Su \u015ei\u015fesi \u00dcreticisi","isPartOf":{"@id":"https:\/\/www.dillerbottle.com\/#website"},"primaryImageOfPage":{"@id":"https:\/\/www.dillerbottle.com\/my\/produk\/botol-air-bertebat-untuk-kanak-kanak#primaryimage"},"image":{"@id":"https:\/\/www.dillerbottle.com\/my\/produk\/botol-air-bertebat-untuk-kanak-kanak#primaryimage"},"thumbnailUrl":"https:\/\/www.dillerbottle.com\/wp-content\/uploads\/2024\/09\/insulated-water-bottle-for-kids49245848813.jpg","datePublished":"2024-09-26T08:34:11+00:00","dateModified":"2025-07-10T06:31:46+00:00","description":"\u00c7ocuklar i\u00e7in en iyi yal\u0131t\u0131ml\u0131 su \u015fi\u015fesi \u00fcreticilerinden ve tedarik\u00e7ilerinden biri olarak, kaliteli su \u015fi\u015feleri \u00fcretiyoruz. Toptan sat\u0131\u015f yapman\u0131z\u0131 veya rekabet\u00e7i fiyatlarla \u00e7ocuklar i\u00e7in \u00f6zel yap\u0131m yal\u0131t\u0131ml\u0131 su \u015fi\u015fesi sat\u0131n alman\u0131z\u0131 i\u00e7tenlikle bekliyoruz. Ayr\u0131ca, k\u00fc\u00e7\u00fck miktardaki sipari\u015fler de kabul edilebilir.","breadcrumb":{"@id":"https:\/\/www.dillerbottle.com\/my\/produk\/botol-air-bertebat-untuk-kanak-kanak#breadcrumb"},"inLanguage":"tr","potentialAction":[{"@type":"ReadAction","target":["https:\/\/www.dillerbottle.com\/my\/produk\/botol-air-bertebat-untuk-kanak-kanak"]}]},{"@type":"ImageObject","inLanguage":"tr","@id":"https:\/\/www.dillerbottle.com\/my\/produk\/botol-air-bertebat-untuk-kanak-kanak#primaryimage","url":"https:\/\/www.dillerbottle.com\/wp-content\/uploads\/2024\/09\/insulated-water-bottle-for-kids49245848813.jpg","contentUrl":"https:\/\/www.dillerbottle.com\/wp-content\/uploads\/2024\/09\/insulated-water-bottle-for-kids49245848813.jpg","width":730,"height":730},{"@type":"BreadcrumbList","@id":"https:\/\/www.dillerbottle.com\/my\/produk\/botol-air-bertebat-untuk-kanak-kanak#breadcrumb","itemListElement":[{"@type":"ListItem","position":1,"name":"Home","item":"https:\/\/www.dillerbottle.com\/"},{"@type":"ListItem","position":2,"name":"Products","item":"https:\/\/www.dillerbottle.com\/shop"},{"@type":"ListItem","position":3,"name":"Insulated Water Bottle For Kids"}]},{"@type":"WebSite","@id":"https:\/\/www.dillerbottle.com\/#website","url":"https:\/\/www.dillerbottle.com\/","name":"Diller Su \u015ei\u015fesi \u00dcreticisi","description":"Su \u015ei\u015fesi \u00dcreticisi","publisher":{"@id":"https:\/\/www.dillerbottle.com\/#organization"},"potentialAction":[{"@type":"SearchAction","target":{"@type":"EntryPoint","urlTemplate":"https:\/\/www.dillerbottle.com\/?s={search_term_string}"},"query-input":{"@type":"PropertyValueSpecification","valueRequired":true,"valueName":"search_term_string"}}],"inLanguage":"tr"},{"@type":"Organization","@id":"https:\/\/www.dillerbottle.com\/#organization","name":"Diller Su \u015ei\u015fesi \u00dcreticisi","url":"https:\/\/www.dillerbottle.com\/","logo":{"@type":"ImageObject","inLanguage":"tr","@id":"https:\/\/www.dillerbottle.com\/#\/schema\/logo\/image\/","url":"https:\/\/www.dillerbottle.com\/wp-content\/uploads\/2024\/09\/49918bfa848dcc1e9f8b509933603ac.png","contentUrl":"https:\/\/www.dillerbottle.com\/wp-content\/uploads\/2024\/09\/49918bfa848dcc1e9f8b509933603ac.png","width":988,"height":198,"caption":"Diller Water Bottle Manufacturer"},"image":{"@id":"https:\/\/www.dillerbottle.com\/#\/schema\/logo\/image\/"}}]}},"_links":{"self":[{"href":"https:\/\/www.dillerbottle.com\/tr\/wp-json\/wp\/v2\/product\/4013","targetHints":{"allow":["GET"]}}],"collection":[{"href":"https:\/\/www.dillerbottle.com\/tr\/wp-json\/wp\/v2\/product"}],"about":[{"href":"https:\/\/www.dillerbottle.com\/tr\/wp-json\/wp\/v2\/types\/product"}],"replies":[{"embeddable":true,"href":"https:\/\/www.dillerbottle.com\/tr\/wp-json\/wp\/v2\/comments?post=4013"}],"wp:featuredmedia":[{"embeddable":true,"href":"https:\/\/www.dillerbottle.com\/tr\/wp-json\/wp\/v2\/media\/4014"}],"wp:attachment":[{"href":"https:\/\/www.dillerbottle.com\/tr\/wp-json\/wp\/v2\/media?parent=4013"}],"wp:term":[{"taxonomy":"product_brand","embeddable":true,"href":"https:\/\/www.dillerbottle.com\/tr\/wp-json\/wp\/v2\/product_brand?post=4013"},{"taxonomy":"product_cat","embeddable":true,"href":"https:\/\/www.dillerbottle.com\/tr\/wp-json\/wp\/v2\/product_cat?post=4013"},{"taxonomy":"product_tag","embeddable":true,"href":"https:\/\/www.dillerbottle.com\/tr\/wp-json\/wp\/v2\/product_tag?post=4013"}],"curies":[{"name":"wp","href":"https:\/\/api.w.org\/{rel}","templated":true}]}}