{"id":4149,"date":"2024-09-26T16:35:35","date_gmt":"2024-09-26T08:35:35","guid":{"rendered":"https:\/\/demo.dillerbottle.com\/uncategorized\/thermos-bottles-for-children"},"modified":"2025-07-10T14:28:39","modified_gmt":"2025-07-10T06:28:39","slug":"cocuklar-icin-termos-siseler","status":"publish","type":"product","link":"https:\/\/www.dillerbottle.com\/tr\/products\/thermos-bottles-for-children","title":{"rendered":"\u00c7ocuklar \u0130\u00e7in Termos \u015ei\u015feler"},"content":{"rendered":"<p>\u00d6zellikler:<br \/>\n1. \u00c7ocuk termos \u015fi\u015feleri y\u00fcksek kaliteli 316 paslanmaz \u00e7elikten yap\u0131lm\u0131\u015ft\u0131r, bu termos d\u00fczenli kullan\u0131mda asla paslanmaz, b\u00fck\u00fclmez veya k\u0131r\u0131lmaz. Sadece elde y\u0131kay\u0131n.<\/p>\n<p>2. Basmal\u0131 kapak kullan\u0131\u015fl\u0131 ve hijyeniktir, sadece bir kez bas\u0131n ve kapak yukar\u0131 do\u011fru a\u00e7\u0131larak pipet ortaya \u00e7\u0131kar.<\/p>\n<p>3. 260 ml kapasite \u00e7ocuklar i\u00e7in harika bir boyuttur, sevimli tasar\u0131m\u0131 ve iyi kalitesi do\u011fum g\u00fcn\u00fc hediyeleri, Noel, e\u011flenceli parti kutlama ko\u015fullar\u0131 i\u00e7in m\u00fckemmeldir.<\/p>\n<p>4. Omuz ask\u0131s\u0131 ile birlikte gelir, a\u00e7\u0131k hava seyahatlerinde ve okul gezilerinde ta\u015f\u0131mas\u0131 kolayd\u0131r.<\/p>","protected":false},"excerpt":{"rendered":"<p>\u00d6zellikler:1.<br \/>\n\u00c7ocuk termos \u015fi\u015feleri y\u00fcksek kaliteli 316 paslanmaz \u00e7elikten \u00fcretilmi\u015ftir, bu termos d\u00fczenli kullan\u0131mda asla paslanmaz, b\u00fck\u00fclmez veya k\u0131r\u0131lmaz.<br \/>\nSadece elde y\u0131kama.<br \/>\n2.<br \/>\nBasmal\u0131 kapak kullan\u0131\u015fl\u0131 ve hijyeniktir, sadece bir kez bas\u0131n ve kapak yukar\u0131 do\u011fru a\u00e7\u0131larak pipet ortaya \u00e7\u0131kar.<br \/>\n3.<br \/>\n260 ml kapasite \u00e7ocuklar i\u00e7in harika bir boyuttur, sevimli tasar\u0131m\u0131 ve iyi kalitesi do\u011fum g\u00fcn\u00fc hediyeleri, Noel, e\u011flenceli parti kutlama ko\u015fullar\u0131 i\u00e7in m\u00fckemmeldir.<br \/>\n4.<br \/>\nOmuz ask\u0131s\u0131yla birlikte gelir, a\u00e7\u0131k hava seyahatleri ve okul i\u00e7in ta\u015f\u0131mas\u0131 kolayd\u0131r.<\/p>","protected":false},"featured_media":4150,"comment_status":"open","ping_status":"closed","template":"","meta":{"_acf_changed":false},"product_brand":[],"product_cat":[200],"product_tag":[258,32,36,33,31,39,38,255,231,29,37,34,35,242,28,293,204,275,30],"class_list":{"0":"post-4149","1":"product","2":"type-product","3":"status-publish","4":"has-post-thumbnail","6":"product_cat-kids-water-bottles","7":"product_tag-5-gallon-water-bottle","8":"product_tag-best","9":"product_tag-bulk","10":"product_tag-buy","11":"product_tag-custom","12":"product_tag-for-sale","13":"product_tag-good-quality","14":"product_tag-kids-sublimation-water-bottle","15":"product_tag-kids-water-bottle-bpa-free","16":"product_tag-manufacturers","17":"product_tag-manufacturing","18":"product_tag-price","19":"product_tag-small","20":"product_tag-steel-vacuum-water-sport-bottles-for-children","21":"product_tag-suppliers","22":"product_tag-thermos-bottles-for-children","23":"product_tag-water-bottle-for-kids-cartoon","24":"product_tag-water-bottle-insulated-stainless-steel","25":"product_tag-wholesale","27":"first","28":"instock","29":"shipping-taxable","30":"product-type-simple"},"acf":[],"yoast_head":"<!-- This site is optimized with the Yoast SEO Premium plugin v27.5 (Yoast SEO v27.5) - https:\/\/yoast.com\/product\/yoast-seo-premium-wordpress\/ -->\n<title>Thermos Bottles For Children - Diller Water Bottle Manufacturer<\/title>\n<meta name=\"description\" content=\"As one of the best thermos bottles for children manufacturers and suppliers, we are engaged in manufacturing good quality water bottles. We warmly welcome you to wholesale or buy custom made thermos bottles for children at competitive price from us. Also, small quantity orders are acceptable.\" \/>\n<meta name=\"robots\" content=\"index, follow, max-snippet:-1, max-image-preview:large, max-video-preview:-1\" \/>\n<link rel=\"canonical\" href=\"https:\/\/www.dillerbottle.com\/tr\/urunler\/cocuklar-icin-termos-siseler\" \/>\n<meta property=\"og:locale\" content=\"tr_TR\" \/>\n<meta property=\"og:type\" content=\"article\" \/>\n<meta property=\"og:title\" content=\"Thermos Bottles For Children\" \/>\n<meta property=\"og:description\" content=\"As one of the best thermos bottles for children manufacturers and suppliers, we are engaged in manufacturing good quality water bottles. We warmly welcome you to wholesale or buy custom made thermos bottles for children at competitive price from us. Also, small quantity orders are acceptable.\" \/>\n<meta property=\"og:url\" content=\"https:\/\/www.dillerbottle.com\/tr\/urunler\/cocuklar-icin-termos-siseler\" \/>\n<meta property=\"og:site_name\" content=\"Diller Water Bottle Manufacturer\" \/>\n<meta property=\"article:modified_time\" content=\"2025-07-10T06:28:39+00:00\" \/>\n<meta property=\"og:image\" content=\"https:\/\/www.dillerbottle.com\/wp-content\/uploads\/2024\/09\/thermos-bottles-for-children36087988486.jpg\" \/>\n\t<meta property=\"og:image:width\" content=\"730\" \/>\n\t<meta property=\"og:image:height\" content=\"730\" \/>\n\t<meta property=\"og:image:type\" content=\"image\/jpeg\" \/>\n<meta name=\"twitter:card\" content=\"summary_large_image\" \/>\n<meta name=\"twitter:label1\" content=\"Tahmini okuma s\u00fcresi\" \/>\n\t<meta name=\"twitter:data1\" content=\"2 dakika\" \/>\n<script type=\"application\/ld+json\" class=\"yoast-schema-graph\">{\"@context\":\"https:\\\/\\\/schema.org\",\"@graph\":[{\"@type\":\"WebPage\",\"@id\":\"https:\\\/\\\/www.dillerbottle.com\\\/de\\\/produkte\\\/thermosflaschen-fur-kinder\",\"url\":\"https:\\\/\\\/www.dillerbottle.com\\\/de\\\/produkte\\\/thermosflaschen-fur-kinder\",\"name\":\"Thermos Bottles For Children - Diller Water Bottle Manufacturer\",\"isPartOf\":{\"@id\":\"https:\\\/\\\/www.dillerbottle.com\\\/#website\"},\"primaryImageOfPage\":{\"@id\":\"https:\\\/\\\/www.dillerbottle.com\\\/de\\\/produkte\\\/thermosflaschen-fur-kinder#primaryimage\"},\"image\":{\"@id\":\"https:\\\/\\\/www.dillerbottle.com\\\/de\\\/produkte\\\/thermosflaschen-fur-kinder#primaryimage\"},\"thumbnailUrl\":\"https:\\\/\\\/www.dillerbottle.com\\\/wp-content\\\/uploads\\\/2024\\\/09\\\/thermos-bottles-for-children36087988486.jpg\",\"datePublished\":\"2024-09-26T08:35:35+00:00\",\"dateModified\":\"2025-07-10T06:28:39+00:00\",\"description\":\"As one of the best thermos bottles for children manufacturers and suppliers, we are engaged in manufacturing good quality water bottles. We warmly welcome you to wholesale or buy custom made thermos bottles for children at competitive price from us. Also, small quantity orders are acceptable.\",\"breadcrumb\":{\"@id\":\"https:\\\/\\\/www.dillerbottle.com\\\/de\\\/produkte\\\/thermosflaschen-fur-kinder#breadcrumb\"},\"inLanguage\":\"tr\",\"potentialAction\":[{\"@type\":\"ReadAction\",\"target\":[\"https:\\\/\\\/www.dillerbottle.com\\\/de\\\/produkte\\\/thermosflaschen-fur-kinder\"]}]},{\"@type\":\"ImageObject\",\"inLanguage\":\"tr\",\"@id\":\"https:\\\/\\\/www.dillerbottle.com\\\/de\\\/produkte\\\/thermosflaschen-fur-kinder#primaryimage\",\"url\":\"https:\\\/\\\/www.dillerbottle.com\\\/wp-content\\\/uploads\\\/2024\\\/09\\\/thermos-bottles-for-children36087988486.jpg\",\"contentUrl\":\"https:\\\/\\\/www.dillerbottle.com\\\/wp-content\\\/uploads\\\/2024\\\/09\\\/thermos-bottles-for-children36087988486.jpg\",\"width\":730,\"height\":730},{\"@type\":\"BreadcrumbList\",\"@id\":\"https:\\\/\\\/www.dillerbottle.com\\\/de\\\/produkte\\\/thermosflaschen-fur-kinder#breadcrumb\",\"itemListElement\":[{\"@type\":\"ListItem\",\"position\":1,\"name\":\"Home\",\"item\":\"https:\\\/\\\/www.dillerbottle.com\\\/\"},{\"@type\":\"ListItem\",\"position\":2,\"name\":\"Products\",\"item\":\"https:\\\/\\\/www.dillerbottle.com\\\/shop\"},{\"@type\":\"ListItem\",\"position\":3,\"name\":\"Thermos Bottles For Children\"}]},{\"@type\":\"WebSite\",\"@id\":\"https:\\\/\\\/www.dillerbottle.com\\\/#website\",\"url\":\"https:\\\/\\\/www.dillerbottle.com\\\/\",\"name\":\"Diller Water Bottle Manufacturer\",\"description\":\"Water Bottle Manufacturer\",\"publisher\":{\"@id\":\"https:\\\/\\\/www.dillerbottle.com\\\/#organization\"},\"potentialAction\":[{\"@type\":\"SearchAction\",\"target\":{\"@type\":\"EntryPoint\",\"urlTemplate\":\"https:\\\/\\\/www.dillerbottle.com\\\/?s={search_term_string}\"},\"query-input\":{\"@type\":\"PropertyValueSpecification\",\"valueRequired\":true,\"valueName\":\"search_term_string\"}}],\"inLanguage\":\"tr\"},{\"@type\":\"Organization\",\"@id\":\"https:\\\/\\\/www.dillerbottle.com\\\/#organization\",\"name\":\"Diller Water Bottle Manufacturer\",\"url\":\"https:\\\/\\\/www.dillerbottle.com\\\/\",\"logo\":{\"@type\":\"ImageObject\",\"inLanguage\":\"tr\",\"@id\":\"https:\\\/\\\/www.dillerbottle.com\\\/#\\\/schema\\\/logo\\\/image\\\/\",\"url\":\"https:\\\/\\\/www.dillerbottle.com\\\/wp-content\\\/uploads\\\/2024\\\/09\\\/49918bfa848dcc1e9f8b509933603ac.png\",\"contentUrl\":\"https:\\\/\\\/www.dillerbottle.com\\\/wp-content\\\/uploads\\\/2024\\\/09\\\/49918bfa848dcc1e9f8b509933603ac.png\",\"width\":988,\"height\":198,\"caption\":\"Diller Water Bottle Manufacturer\"},\"image\":{\"@id\":\"https:\\\/\\\/www.dillerbottle.com\\\/#\\\/schema\\\/logo\\\/image\\\/\"}}]}<\/script>\n<!-- \/ Yoast SEO Premium plugin. -->","yoast_head_json":{"title":"\u00c7ocuklar \u0130\u00e7in Termos \u015ei\u015feler - Diller Su \u015ei\u015fesi \u00dcreticisi","description":"\u00c7ocuklar i\u00e7in en iyi termos \u015fi\u015fe \u00fcreticilerinden ve tedarik\u00e7ilerinden biri olarak, kaliteli su \u015fi\u015feleri \u00fcretiyoruz. \u00c7ocuklar i\u00e7in toptan veya \u00f6zel yap\u0131m termos \u015fi\u015feleri bizden rekabet\u00e7i fiyatlarla sat\u0131n alman\u0131z\u0131 i\u00e7tenlikle bekliyoruz. Ayr\u0131ca, k\u00fc\u00e7\u00fck miktardaki sipari\u015fler de kabul edilebilir.","robots":{"index":"index","follow":"follow","max-snippet":"max-snippet:-1","max-image-preview":"max-image-preview:large","max-video-preview":"max-video-preview:-1"},"canonical":"https:\/\/www.dillerbottle.com\/tr\/urunler\/cocuklar-icin-termos-siseler","og_locale":"tr_TR","og_type":"article","og_title":"Thermos Bottles For Children","og_description":"As one of the best thermos bottles for children manufacturers and suppliers, we are engaged in manufacturing good quality water bottles. We warmly welcome you to wholesale or buy custom made thermos bottles for children at competitive price from us. Also, small quantity orders are acceptable.","og_url":"https:\/\/www.dillerbottle.com\/tr\/urunler\/cocuklar-icin-termos-siseler","og_site_name":"Diller Water Bottle Manufacturer","article_modified_time":"2025-07-10T06:28:39+00:00","og_image":[{"width":730,"height":730,"url":"https:\/\/www.dillerbottle.com\/wp-content\/uploads\/2024\/09\/thermos-bottles-for-children36087988486.jpg","type":"image\/jpeg"}],"twitter_card":"summary_large_image","twitter_misc":{"Tahmini okuma s\u00fcresi":"2 dakika"},"schema":{"@context":"https:\/\/schema.org","@graph":[{"@type":"WebPage","@id":"https:\/\/www.dillerbottle.com\/de\/produkte\/thermosflaschen-fur-kinder","url":"https:\/\/www.dillerbottle.com\/de\/produkte\/thermosflaschen-fur-kinder","name":"\u00c7ocuklar \u0130\u00e7in Termos \u015ei\u015feler - Diller Su \u015ei\u015fesi \u00dcreticisi","isPartOf":{"@id":"https:\/\/www.dillerbottle.com\/#website"},"primaryImageOfPage":{"@id":"https:\/\/www.dillerbottle.com\/de\/produkte\/thermosflaschen-fur-kinder#primaryimage"},"image":{"@id":"https:\/\/www.dillerbottle.com\/de\/produkte\/thermosflaschen-fur-kinder#primaryimage"},"thumbnailUrl":"https:\/\/www.dillerbottle.com\/wp-content\/uploads\/2024\/09\/thermos-bottles-for-children36087988486.jpg","datePublished":"2024-09-26T08:35:35+00:00","dateModified":"2025-07-10T06:28:39+00:00","description":"\u00c7ocuklar i\u00e7in en iyi termos \u015fi\u015fe \u00fcreticilerinden ve tedarik\u00e7ilerinden biri olarak, kaliteli su \u015fi\u015feleri \u00fcretiyoruz. \u00c7ocuklar i\u00e7in toptan veya \u00f6zel yap\u0131m termos \u015fi\u015feleri bizden rekabet\u00e7i fiyatlarla sat\u0131n alman\u0131z\u0131 i\u00e7tenlikle bekliyoruz. Ayr\u0131ca, k\u00fc\u00e7\u00fck miktardaki sipari\u015fler de kabul edilebilir.","breadcrumb":{"@id":"https:\/\/www.dillerbottle.com\/de\/produkte\/thermosflaschen-fur-kinder#breadcrumb"},"inLanguage":"tr","potentialAction":[{"@type":"ReadAction","target":["https:\/\/www.dillerbottle.com\/de\/produkte\/thermosflaschen-fur-kinder"]}]},{"@type":"ImageObject","inLanguage":"tr","@id":"https:\/\/www.dillerbottle.com\/de\/produkte\/thermosflaschen-fur-kinder#primaryimage","url":"https:\/\/www.dillerbottle.com\/wp-content\/uploads\/2024\/09\/thermos-bottles-for-children36087988486.jpg","contentUrl":"https:\/\/www.dillerbottle.com\/wp-content\/uploads\/2024\/09\/thermos-bottles-for-children36087988486.jpg","width":730,"height":730},{"@type":"BreadcrumbList","@id":"https:\/\/www.dillerbottle.com\/de\/produkte\/thermosflaschen-fur-kinder#breadcrumb","itemListElement":[{"@type":"ListItem","position":1,"name":"Home","item":"https:\/\/www.dillerbottle.com\/"},{"@type":"ListItem","position":2,"name":"Products","item":"https:\/\/www.dillerbottle.com\/shop"},{"@type":"ListItem","position":3,"name":"Thermos Bottles For Children"}]},{"@type":"WebSite","@id":"https:\/\/www.dillerbottle.com\/#website","url":"https:\/\/www.dillerbottle.com\/","name":"Diller Su \u015ei\u015fesi \u00dcreticisi","description":"Su \u015ei\u015fesi \u00dcreticisi","publisher":{"@id":"https:\/\/www.dillerbottle.com\/#organization"},"potentialAction":[{"@type":"SearchAction","target":{"@type":"EntryPoint","urlTemplate":"https:\/\/www.dillerbottle.com\/?s={search_term_string}"},"query-input":{"@type":"PropertyValueSpecification","valueRequired":true,"valueName":"search_term_string"}}],"inLanguage":"tr"},{"@type":"Organization","@id":"https:\/\/www.dillerbottle.com\/#organization","name":"Diller Su \u015ei\u015fesi \u00dcreticisi","url":"https:\/\/www.dillerbottle.com\/","logo":{"@type":"ImageObject","inLanguage":"tr","@id":"https:\/\/www.dillerbottle.com\/#\/schema\/logo\/image\/","url":"https:\/\/www.dillerbottle.com\/wp-content\/uploads\/2024\/09\/49918bfa848dcc1e9f8b509933603ac.png","contentUrl":"https:\/\/www.dillerbottle.com\/wp-content\/uploads\/2024\/09\/49918bfa848dcc1e9f8b509933603ac.png","width":988,"height":198,"caption":"Diller Water Bottle Manufacturer"},"image":{"@id":"https:\/\/www.dillerbottle.com\/#\/schema\/logo\/image\/"}}]}},"_links":{"self":[{"href":"https:\/\/www.dillerbottle.com\/tr\/wp-json\/wp\/v2\/product\/4149","targetHints":{"allow":["GET"]}}],"collection":[{"href":"https:\/\/www.dillerbottle.com\/tr\/wp-json\/wp\/v2\/product"}],"about":[{"href":"https:\/\/www.dillerbottle.com\/tr\/wp-json\/wp\/v2\/types\/product"}],"replies":[{"embeddable":true,"href":"https:\/\/www.dillerbottle.com\/tr\/wp-json\/wp\/v2\/comments?post=4149"}],"wp:featuredmedia":[{"embeddable":true,"href":"https:\/\/www.dillerbottle.com\/tr\/wp-json\/wp\/v2\/media\/4150"}],"wp:attachment":[{"href":"https:\/\/www.dillerbottle.com\/tr\/wp-json\/wp\/v2\/media?parent=4149"}],"wp:term":[{"taxonomy":"product_brand","embeddable":true,"href":"https:\/\/www.dillerbottle.com\/tr\/wp-json\/wp\/v2\/product_brand?post=4149"},{"taxonomy":"product_cat","embeddable":true,"href":"https:\/\/www.dillerbottle.com\/tr\/wp-json\/wp\/v2\/product_cat?post=4149"},{"taxonomy":"product_tag","embeddable":true,"href":"https:\/\/www.dillerbottle.com\/tr\/wp-json\/wp\/v2\/product_tag?post=4149"}],"curies":[{"name":"wp","href":"https:\/\/api.w.org\/{rel}","templated":true}]}}