{"id":4523,"date":"2024-09-27T17:45:50","date_gmt":"2024-09-27T09:45:50","guid":{"rendered":"https:\/\/demo.dillerbottle.com\/uncategorized\/eco-friendly-plastic-water-bottle"},"modified":"2025-07-10T14:21:35","modified_gmt":"2025-07-10T06:21:35","slug":"cevre-dostu-plastik-su-sisesi","status":"publish","type":"product","link":"https:\/\/www.dillerbottle.com\/tr\/products\/eco-friendly-plastic-water-bottle","title":{"rendered":"\u00c7evre Dostu Plastik Su \u015ei\u015fesi"},"content":{"rendered":"<p>\u00d6zellikler:<br \/>\n1. \u00c7evre dostu plastik su \u015fi\u015fesi Tritan malzemeden yap\u0131lm\u0131\u015ft\u0131r. Tritan y\u00fcksek \u0131s\u0131 direncine ve darbe direncine sahiptir. G\u00fcvenli ve zarars\u0131zd\u0131r, BPA gibi zararl\u0131 maddelerden ar\u0131nd\u0131r\u0131lm\u0131\u015ft\u0131r.;<\/p>\n<p>2. Tek kapakl\u0131 \u00e7ift i\u00e7ecek y\u00f6ntemi, pipetle veya do\u011frudan t\u00fcketilebilir. Kupan\u0131n s\u0131zd\u0131rmaz bir silikon halkas\u0131 vard\u0131r ve 360\u00b0 ters \u00e7evrildi\u011finde bile s\u0131zd\u0131rmaz.<\/p>\n<p>3. Kupan\u0131n kapa\u011f\u0131 ve g\u00f6vdesinde birer kulp bulunur ve ayr\u0131ca ta\u015f\u0131ma ve seyahat kolayl\u0131\u011f\u0131 sa\u011flayan ayarlanabilir bir ask\u0131s\u0131 da mevcuttur.<\/p>","protected":false},"excerpt":{"rendered":"<p>Bu \u00e7evre dostu plastik su \u015fi\u015fesi dayan\u0131kl\u0131 Tritan ve g\u0131da s\u0131n\u0131f\u0131 malzemelerden \u00fcretilmi\u015ftir.<br \/>\nSuyu pipet veya do\u011frudan i\u00e7me a\u011fz\u0131yla i\u00e7ebilirsiniz.<br \/>\nTek t\u0131klamayla d\u00f6k\u00fclmeye kar\u015f\u0131 dayan\u0131kl\u0131 kapak, tek elle bir d\u00fc\u011fmeye bas\u0131larak kolayca a\u00e7\u0131l\u0131r.<br \/>\n\u015ei\u015fenin tutma yeri var, bu sayede ta\u015f\u0131mas\u0131 daha kolay.<br \/>\nOEM ve ODM kabul edilebilir.<br \/>\nPlastik spor \u015fi\u015fesini ihtiya\u00e7lar\u0131n\u0131za g\u00f6re \u00f6zelle\u015ftirebiliriz.<br \/>\nToptan sat\u0131n almaya ho\u015f geldiniz, hemen soru\u015fturma g\u00f6nderin!<\/p>","protected":false},"featured_media":4524,"comment_status":"open","ping_status":"closed","template":"","meta":{"_acf_changed":false},"product_brand":[],"product_cat":[309],"product_tag":[348,350,32,36,33,31,347,39,38,29,37,326,349,344,34,35,28,351,30],"class_list":{"0":"post-4523","1":"product","2":"type-product","3":"status-publish","4":"has-post-thumbnail","6":"product_cat-plastic-water-bottle","7":"product_tag-2023-water-bottle","8":"product_tag-2l-water-bottle","9":"product_tag-best","10":"product_tag-bulk","11":"product_tag-buy","12":"product_tag-custom","13":"product_tag-eco-friendly-plastic-water-bottle","14":"product_tag-for-sale","15":"product_tag-good-quality","16":"product_tag-manufacturers","17":"product_tag-manufacturing","18":"product_tag-matte-black-water-bottle","19":"product_tag-minimalist-plastic-water-bottle","20":"product_tag-motivational-water-bottles-with-straw","21":"product_tag-price","22":"product_tag-small","23":"product_tag-suppliers","24":"product_tag-water-bottle-for-gym","25":"product_tag-wholesale","27":"first","28":"instock","29":"shipping-taxable","30":"product-type-simple"},"acf":[],"yoast_head":"<!-- This site is optimized with the Yoast SEO Premium plugin v27.5 (Yoast SEO v27.5) - https:\/\/yoast.com\/product\/yoast-seo-premium-wordpress\/ -->\n<title>Eco Friendly Plastic Water Bottle - Diller Water Bottle Manufacturer<\/title>\n<meta name=\"description\" content=\"As one of the best eco friendly plastic water bottle manufacturers and suppliers, we are engaged in manufacturing good quality water bottles. We warmly welcome you to wholesale or buy custom made eco friendly plastic water bottle at competitive price from us. Also, small quantity orders are acceptable.\" \/>\n<meta name=\"robots\" content=\"index, follow, max-snippet:-1, max-image-preview:large, max-video-preview:-1\" \/>\n<link rel=\"canonical\" href=\"https:\/\/www.dillerbottle.com\/tr\/urunler\/cevre-dostu-plastik-su-sisesi\" \/>\n<meta property=\"og:locale\" content=\"tr_TR\" \/>\n<meta property=\"og:type\" content=\"article\" \/>\n<meta property=\"og:title\" content=\"Eco Friendly Plastic Water Bottle\" \/>\n<meta property=\"og:description\" content=\"As one of the best eco friendly plastic water bottle manufacturers and suppliers, we are engaged in manufacturing good quality water bottles. We warmly welcome you to wholesale or buy custom made eco friendly plastic water bottle at competitive price from us. Also, small quantity orders are acceptable.\" \/>\n<meta property=\"og:url\" content=\"https:\/\/www.dillerbottle.com\/tr\/urunler\/cevre-dostu-plastik-su-sisesi\" \/>\n<meta property=\"og:site_name\" content=\"Diller Water Bottle Manufacturer\" \/>\n<meta property=\"article:modified_time\" content=\"2025-07-10T06:21:35+00:00\" \/>\n<meta property=\"og:image\" content=\"https:\/\/www.dillerbottle.com\/wp-content\/uploads\/2024\/09\/eco-friendly-plastic-water-bottlebeb7e1d8-b463-4480-bfc8-8ba6b93c2f24.jpg\" \/>\n\t<meta property=\"og:image:width\" content=\"730\" \/>\n\t<meta property=\"og:image:height\" content=\"730\" \/>\n\t<meta property=\"og:image:type\" content=\"image\/jpeg\" \/>\n<meta name=\"twitter:card\" content=\"summary_large_image\" \/>\n<meta name=\"twitter:label1\" content=\"Tahmini okuma s\u00fcresi\" \/>\n\t<meta name=\"twitter:data1\" content=\"6 dakika\" \/>\n<script type=\"application\/ld+json\" class=\"yoast-schema-graph\">{\"@context\":\"https:\\\/\\\/schema.org\",\"@graph\":[{\"@type\":\"WebPage\",\"@id\":\"https:\\\/\\\/www.dillerbottle.com\\\/th\\\/%e0%b8%aa%e0%b8%b4%e0%b8%99%e0%b8%84%e0%b9%89%e0%b8%b2\\\/%e0%b8%82%e0%b8%a7%e0%b8%94%e0%b8%99%e0%b9%89%e0%b8%b3%e0%b8%9e%e0%b8%a5%e0%b8%b2%e0%b8%aa%e0%b8%95%e0%b8%b4%e0%b8%81%e0%b8%97%e0%b8%b5%e0%b9%88%e0%b9%80%e0%b8%9b%e0%b9%87%e0%b8%99%e0%b8%a1%e0%b8%b4\",\"url\":\"https:\\\/\\\/www.dillerbottle.com\\\/th\\\/%e0%b8%aa%e0%b8%b4%e0%b8%99%e0%b8%84%e0%b9%89%e0%b8%b2\\\/%e0%b8%82%e0%b8%a7%e0%b8%94%e0%b8%99%e0%b9%89%e0%b8%b3%e0%b8%9e%e0%b8%a5%e0%b8%b2%e0%b8%aa%e0%b8%95%e0%b8%b4%e0%b8%81%e0%b8%97%e0%b8%b5%e0%b9%88%e0%b9%80%e0%b8%9b%e0%b9%87%e0%b8%99%e0%b8%a1%e0%b8%b4\",\"name\":\"Eco Friendly Plastic Water Bottle - Diller Water Bottle Manufacturer\",\"isPartOf\":{\"@id\":\"https:\\\/\\\/www.dillerbottle.com\\\/#website\"},\"primaryImageOfPage\":{\"@id\":\"https:\\\/\\\/www.dillerbottle.com\\\/th\\\/%e0%b8%aa%e0%b8%b4%e0%b8%99%e0%b8%84%e0%b9%89%e0%b8%b2\\\/%e0%b8%82%e0%b8%a7%e0%b8%94%e0%b8%99%e0%b9%89%e0%b8%b3%e0%b8%9e%e0%b8%a5%e0%b8%b2%e0%b8%aa%e0%b8%95%e0%b8%b4%e0%b8%81%e0%b8%97%e0%b8%b5%e0%b9%88%e0%b9%80%e0%b8%9b%e0%b9%87%e0%b8%99%e0%b8%a1%e0%b8%b4#primaryimage\"},\"image\":{\"@id\":\"https:\\\/\\\/www.dillerbottle.com\\\/th\\\/%e0%b8%aa%e0%b8%b4%e0%b8%99%e0%b8%84%e0%b9%89%e0%b8%b2\\\/%e0%b8%82%e0%b8%a7%e0%b8%94%e0%b8%99%e0%b9%89%e0%b8%b3%e0%b8%9e%e0%b8%a5%e0%b8%b2%e0%b8%aa%e0%b8%95%e0%b8%b4%e0%b8%81%e0%b8%97%e0%b8%b5%e0%b9%88%e0%b9%80%e0%b8%9b%e0%b9%87%e0%b8%99%e0%b8%a1%e0%b8%b4#primaryimage\"},\"thumbnailUrl\":\"https:\\\/\\\/www.dillerbottle.com\\\/wp-content\\\/uploads\\\/2024\\\/09\\\/eco-friendly-plastic-water-bottlebeb7e1d8-b463-4480-bfc8-8ba6b93c2f24.jpg\",\"datePublished\":\"2024-09-27T09:45:50+00:00\",\"dateModified\":\"2025-07-10T06:21:35+00:00\",\"description\":\"As one of the best eco friendly plastic water bottle manufacturers and suppliers, we are engaged in manufacturing good quality water bottles. We warmly welcome you to wholesale or buy custom made eco friendly plastic water bottle at competitive price from us. Also, small quantity orders are acceptable.\",\"breadcrumb\":{\"@id\":\"https:\\\/\\\/www.dillerbottle.com\\\/th\\\/%e0%b8%aa%e0%b8%b4%e0%b8%99%e0%b8%84%e0%b9%89%e0%b8%b2\\\/%e0%b8%82%e0%b8%a7%e0%b8%94%e0%b8%99%e0%b9%89%e0%b8%b3%e0%b8%9e%e0%b8%a5%e0%b8%b2%e0%b8%aa%e0%b8%95%e0%b8%b4%e0%b8%81%e0%b8%97%e0%b8%b5%e0%b9%88%e0%b9%80%e0%b8%9b%e0%b9%87%e0%b8%99%e0%b8%a1%e0%b8%b4#breadcrumb\"},\"inLanguage\":\"tr\",\"potentialAction\":[{\"@type\":\"ReadAction\",\"target\":[\"https:\\\/\\\/www.dillerbottle.com\\\/th\\\/%e0%b8%aa%e0%b8%b4%e0%b8%99%e0%b8%84%e0%b9%89%e0%b8%b2\\\/%e0%b8%82%e0%b8%a7%e0%b8%94%e0%b8%99%e0%b9%89%e0%b8%b3%e0%b8%9e%e0%b8%a5%e0%b8%b2%e0%b8%aa%e0%b8%95%e0%b8%b4%e0%b8%81%e0%b8%97%e0%b8%b5%e0%b9%88%e0%b9%80%e0%b8%9b%e0%b9%87%e0%b8%99%e0%b8%a1%e0%b8%b4\"]}]},{\"@type\":\"ImageObject\",\"inLanguage\":\"tr\",\"@id\":\"https:\\\/\\\/www.dillerbottle.com\\\/th\\\/%e0%b8%aa%e0%b8%b4%e0%b8%99%e0%b8%84%e0%b9%89%e0%b8%b2\\\/%e0%b8%82%e0%b8%a7%e0%b8%94%e0%b8%99%e0%b9%89%e0%b8%b3%e0%b8%9e%e0%b8%a5%e0%b8%b2%e0%b8%aa%e0%b8%95%e0%b8%b4%e0%b8%81%e0%b8%97%e0%b8%b5%e0%b9%88%e0%b9%80%e0%b8%9b%e0%b9%87%e0%b8%99%e0%b8%a1%e0%b8%b4#primaryimage\",\"url\":\"https:\\\/\\\/www.dillerbottle.com\\\/wp-content\\\/uploads\\\/2024\\\/09\\\/eco-friendly-plastic-water-bottlebeb7e1d8-b463-4480-bfc8-8ba6b93c2f24.jpg\",\"contentUrl\":\"https:\\\/\\\/www.dillerbottle.com\\\/wp-content\\\/uploads\\\/2024\\\/09\\\/eco-friendly-plastic-water-bottlebeb7e1d8-b463-4480-bfc8-8ba6b93c2f24.jpg\",\"width\":730,\"height\":730},{\"@type\":\"BreadcrumbList\",\"@id\":\"https:\\\/\\\/www.dillerbottle.com\\\/th\\\/%e0%b8%aa%e0%b8%b4%e0%b8%99%e0%b8%84%e0%b9%89%e0%b8%b2\\\/%e0%b8%82%e0%b8%a7%e0%b8%94%e0%b8%99%e0%b9%89%e0%b8%b3%e0%b8%9e%e0%b8%a5%e0%b8%b2%e0%b8%aa%e0%b8%95%e0%b8%b4%e0%b8%81%e0%b8%97%e0%b8%b5%e0%b9%88%e0%b9%80%e0%b8%9b%e0%b9%87%e0%b8%99%e0%b8%a1%e0%b8%b4#breadcrumb\",\"itemListElement\":[{\"@type\":\"ListItem\",\"position\":1,\"name\":\"Home\",\"item\":\"https:\\\/\\\/www.dillerbottle.com\\\/\"},{\"@type\":\"ListItem\",\"position\":2,\"name\":\"Products\",\"item\":\"https:\\\/\\\/www.dillerbottle.com\\\/shop\"},{\"@type\":\"ListItem\",\"position\":3,\"name\":\"Eco Friendly Plastic Water Bottle\"}]},{\"@type\":\"WebSite\",\"@id\":\"https:\\\/\\\/www.dillerbottle.com\\\/#website\",\"url\":\"https:\\\/\\\/www.dillerbottle.com\\\/\",\"name\":\"Diller Water Bottle Manufacturer\",\"description\":\"Water Bottle Manufacturer\",\"publisher\":{\"@id\":\"https:\\\/\\\/www.dillerbottle.com\\\/#organization\"},\"potentialAction\":[{\"@type\":\"SearchAction\",\"target\":{\"@type\":\"EntryPoint\",\"urlTemplate\":\"https:\\\/\\\/www.dillerbottle.com\\\/?s={search_term_string}\"},\"query-input\":{\"@type\":\"PropertyValueSpecification\",\"valueRequired\":true,\"valueName\":\"search_term_string\"}}],\"inLanguage\":\"tr\"},{\"@type\":\"Organization\",\"@id\":\"https:\\\/\\\/www.dillerbottle.com\\\/#organization\",\"name\":\"Diller Water Bottle Manufacturer\",\"url\":\"https:\\\/\\\/www.dillerbottle.com\\\/\",\"logo\":{\"@type\":\"ImageObject\",\"inLanguage\":\"tr\",\"@id\":\"https:\\\/\\\/www.dillerbottle.com\\\/#\\\/schema\\\/logo\\\/image\\\/\",\"url\":\"https:\\\/\\\/www.dillerbottle.com\\\/wp-content\\\/uploads\\\/2024\\\/09\\\/49918bfa848dcc1e9f8b509933603ac.png\",\"contentUrl\":\"https:\\\/\\\/www.dillerbottle.com\\\/wp-content\\\/uploads\\\/2024\\\/09\\\/49918bfa848dcc1e9f8b509933603ac.png\",\"width\":988,\"height\":198,\"caption\":\"Diller Water Bottle Manufacturer\"},\"image\":{\"@id\":\"https:\\\/\\\/www.dillerbottle.com\\\/#\\\/schema\\\/logo\\\/image\\\/\"}}]}<\/script>\n<!-- \/ Yoast SEO Premium plugin. -->","yoast_head_json":{"title":"\u00c7evre Dostu Plastik Su \u015ei\u015fesi - Diller Su \u015ei\u015fesi \u00dcreticisi","description":"En iyi \u00e7evre dostu plastik su \u015fi\u015fesi \u00fcreticilerinden ve tedarik\u00e7ilerinden biri olarak, kaliteli su \u015fi\u015feleri \u00fcretiyoruz. Toptan sat\u0131\u015f yapman\u0131z\u0131 veya rekabet\u00e7i fiyatlarla bizden \u00f6zel yap\u0131m \u00e7evre dostu plastik su \u015fi\u015fesi sat\u0131n alman\u0131z\u0131 i\u00e7tenlikle bekliyoruz. Ayr\u0131ca, k\u00fc\u00e7\u00fck miktardaki sipari\u015fler de kabul edilebilir.","robots":{"index":"index","follow":"follow","max-snippet":"max-snippet:-1","max-image-preview":"max-image-preview:large","max-video-preview":"max-video-preview:-1"},"canonical":"https:\/\/www.dillerbottle.com\/tr\/urunler\/cevre-dostu-plastik-su-sisesi","og_locale":"tr_TR","og_type":"article","og_title":"Eco Friendly Plastic Water Bottle","og_description":"As one of the best eco friendly plastic water bottle manufacturers and suppliers, we are engaged in manufacturing good quality water bottles. We warmly welcome you to wholesale or buy custom made eco friendly plastic water bottle at competitive price from us. Also, small quantity orders are acceptable.","og_url":"https:\/\/www.dillerbottle.com\/tr\/urunler\/cevre-dostu-plastik-su-sisesi","og_site_name":"Diller Water Bottle Manufacturer","article_modified_time":"2025-07-10T06:21:35+00:00","og_image":[{"width":730,"height":730,"url":"https:\/\/www.dillerbottle.com\/wp-content\/uploads\/2024\/09\/eco-friendly-plastic-water-bottlebeb7e1d8-b463-4480-bfc8-8ba6b93c2f24.jpg","type":"image\/jpeg"}],"twitter_card":"summary_large_image","twitter_misc":{"Tahmini okuma s\u00fcresi":"6 dakika"},"schema":{"@context":"https:\/\/schema.org","@graph":[{"@type":"WebPage","@id":"https:\/\/www.dillerbottle.com\/th\/%e0%b8%aa%e0%b8%b4%e0%b8%99%e0%b8%84%e0%b9%89%e0%b8%b2\/%e0%b8%82%e0%b8%a7%e0%b8%94%e0%b8%99%e0%b9%89%e0%b8%b3%e0%b8%9e%e0%b8%a5%e0%b8%b2%e0%b8%aa%e0%b8%95%e0%b8%b4%e0%b8%81%e0%b8%97%e0%b8%b5%e0%b9%88%e0%b9%80%e0%b8%9b%e0%b9%87%e0%b8%99%e0%b8%a1%e0%b8%b4","url":"https:\/\/www.dillerbottle.com\/th\/%e0%b8%aa%e0%b8%b4%e0%b8%99%e0%b8%84%e0%b9%89%e0%b8%b2\/%e0%b8%82%e0%b8%a7%e0%b8%94%e0%b8%99%e0%b9%89%e0%b8%b3%e0%b8%9e%e0%b8%a5%e0%b8%b2%e0%b8%aa%e0%b8%95%e0%b8%b4%e0%b8%81%e0%b8%97%e0%b8%b5%e0%b9%88%e0%b9%80%e0%b8%9b%e0%b9%87%e0%b8%99%e0%b8%a1%e0%b8%b4","name":"\u00c7evre Dostu Plastik Su \u015ei\u015fesi - Diller Su \u015ei\u015fesi \u00dcreticisi","isPartOf":{"@id":"https:\/\/www.dillerbottle.com\/#website"},"primaryImageOfPage":{"@id":"https:\/\/www.dillerbottle.com\/th\/%e0%b8%aa%e0%b8%b4%e0%b8%99%e0%b8%84%e0%b9%89%e0%b8%b2\/%e0%b8%82%e0%b8%a7%e0%b8%94%e0%b8%99%e0%b9%89%e0%b8%b3%e0%b8%9e%e0%b8%a5%e0%b8%b2%e0%b8%aa%e0%b8%95%e0%b8%b4%e0%b8%81%e0%b8%97%e0%b8%b5%e0%b9%88%e0%b9%80%e0%b8%9b%e0%b9%87%e0%b8%99%e0%b8%a1%e0%b8%b4#primaryimage"},"image":{"@id":"https:\/\/www.dillerbottle.com\/th\/%e0%b8%aa%e0%b8%b4%e0%b8%99%e0%b8%84%e0%b9%89%e0%b8%b2\/%e0%b8%82%e0%b8%a7%e0%b8%94%e0%b8%99%e0%b9%89%e0%b8%b3%e0%b8%9e%e0%b8%a5%e0%b8%b2%e0%b8%aa%e0%b8%95%e0%b8%b4%e0%b8%81%e0%b8%97%e0%b8%b5%e0%b9%88%e0%b9%80%e0%b8%9b%e0%b9%87%e0%b8%99%e0%b8%a1%e0%b8%b4#primaryimage"},"thumbnailUrl":"https:\/\/www.dillerbottle.com\/wp-content\/uploads\/2024\/09\/eco-friendly-plastic-water-bottlebeb7e1d8-b463-4480-bfc8-8ba6b93c2f24.jpg","datePublished":"2024-09-27T09:45:50+00:00","dateModified":"2025-07-10T06:21:35+00:00","description":"En iyi \u00e7evre dostu plastik su \u015fi\u015fesi \u00fcreticilerinden ve tedarik\u00e7ilerinden biri olarak, kaliteli su \u015fi\u015feleri \u00fcretiyoruz. Toptan sat\u0131\u015f yapman\u0131z\u0131 veya rekabet\u00e7i fiyatlarla bizden \u00f6zel yap\u0131m \u00e7evre dostu plastik su \u015fi\u015fesi sat\u0131n alman\u0131z\u0131 i\u00e7tenlikle bekliyoruz. Ayr\u0131ca, k\u00fc\u00e7\u00fck miktardaki sipari\u015fler de kabul edilebilir.","breadcrumb":{"@id":"https:\/\/www.dillerbottle.com\/th\/%e0%b8%aa%e0%b8%b4%e0%b8%99%e0%b8%84%e0%b9%89%e0%b8%b2\/%e0%b8%82%e0%b8%a7%e0%b8%94%e0%b8%99%e0%b9%89%e0%b8%b3%e0%b8%9e%e0%b8%a5%e0%b8%b2%e0%b8%aa%e0%b8%95%e0%b8%b4%e0%b8%81%e0%b8%97%e0%b8%b5%e0%b9%88%e0%b9%80%e0%b8%9b%e0%b9%87%e0%b8%99%e0%b8%a1%e0%b8%b4#breadcrumb"},"inLanguage":"tr","potentialAction":[{"@type":"ReadAction","target":["https:\/\/www.dillerbottle.com\/th\/%e0%b8%aa%e0%b8%b4%e0%b8%99%e0%b8%84%e0%b9%89%e0%b8%b2\/%e0%b8%82%e0%b8%a7%e0%b8%94%e0%b8%99%e0%b9%89%e0%b8%b3%e0%b8%9e%e0%b8%a5%e0%b8%b2%e0%b8%aa%e0%b8%95%e0%b8%b4%e0%b8%81%e0%b8%97%e0%b8%b5%e0%b9%88%e0%b9%80%e0%b8%9b%e0%b9%87%e0%b8%99%e0%b8%a1%e0%b8%b4"]}]},{"@type":"ImageObject","inLanguage":"tr","@id":"https:\/\/www.dillerbottle.com\/th\/%e0%b8%aa%e0%b8%b4%e0%b8%99%e0%b8%84%e0%b9%89%e0%b8%b2\/%e0%b8%82%e0%b8%a7%e0%b8%94%e0%b8%99%e0%b9%89%e0%b8%b3%e0%b8%9e%e0%b8%a5%e0%b8%b2%e0%b8%aa%e0%b8%95%e0%b8%b4%e0%b8%81%e0%b8%97%e0%b8%b5%e0%b9%88%e0%b9%80%e0%b8%9b%e0%b9%87%e0%b8%99%e0%b8%a1%e0%b8%b4#primaryimage","url":"https:\/\/www.dillerbottle.com\/wp-content\/uploads\/2024\/09\/eco-friendly-plastic-water-bottlebeb7e1d8-b463-4480-bfc8-8ba6b93c2f24.jpg","contentUrl":"https:\/\/www.dillerbottle.com\/wp-content\/uploads\/2024\/09\/eco-friendly-plastic-water-bottlebeb7e1d8-b463-4480-bfc8-8ba6b93c2f24.jpg","width":730,"height":730},{"@type":"BreadcrumbList","@id":"https:\/\/www.dillerbottle.com\/th\/%e0%b8%aa%e0%b8%b4%e0%b8%99%e0%b8%84%e0%b9%89%e0%b8%b2\/%e0%b8%82%e0%b8%a7%e0%b8%94%e0%b8%99%e0%b9%89%e0%b8%b3%e0%b8%9e%e0%b8%a5%e0%b8%b2%e0%b8%aa%e0%b8%95%e0%b8%b4%e0%b8%81%e0%b8%97%e0%b8%b5%e0%b9%88%e0%b9%80%e0%b8%9b%e0%b9%87%e0%b8%99%e0%b8%a1%e0%b8%b4#breadcrumb","itemListElement":[{"@type":"ListItem","position":1,"name":"Home","item":"https:\/\/www.dillerbottle.com\/"},{"@type":"ListItem","position":2,"name":"Products","item":"https:\/\/www.dillerbottle.com\/shop"},{"@type":"ListItem","position":3,"name":"Eco Friendly Plastic Water Bottle"}]},{"@type":"WebSite","@id":"https:\/\/www.dillerbottle.com\/#website","url":"https:\/\/www.dillerbottle.com\/","name":"Diller Su \u015ei\u015fesi \u00dcreticisi","description":"Su \u015ei\u015fesi \u00dcreticisi","publisher":{"@id":"https:\/\/www.dillerbottle.com\/#organization"},"potentialAction":[{"@type":"SearchAction","target":{"@type":"EntryPoint","urlTemplate":"https:\/\/www.dillerbottle.com\/?s={search_term_string}"},"query-input":{"@type":"PropertyValueSpecification","valueRequired":true,"valueName":"search_term_string"}}],"inLanguage":"tr"},{"@type":"Organization","@id":"https:\/\/www.dillerbottle.com\/#organization","name":"Diller Su \u015ei\u015fesi \u00dcreticisi","url":"https:\/\/www.dillerbottle.com\/","logo":{"@type":"ImageObject","inLanguage":"tr","@id":"https:\/\/www.dillerbottle.com\/#\/schema\/logo\/image\/","url":"https:\/\/www.dillerbottle.com\/wp-content\/uploads\/2024\/09\/49918bfa848dcc1e9f8b509933603ac.png","contentUrl":"https:\/\/www.dillerbottle.com\/wp-content\/uploads\/2024\/09\/49918bfa848dcc1e9f8b509933603ac.png","width":988,"height":198,"caption":"Diller Water Bottle Manufacturer"},"image":{"@id":"https:\/\/www.dillerbottle.com\/#\/schema\/logo\/image\/"}}]}},"_links":{"self":[{"href":"https:\/\/www.dillerbottle.com\/tr\/wp-json\/wp\/v2\/product\/4523","targetHints":{"allow":["GET"]}}],"collection":[{"href":"https:\/\/www.dillerbottle.com\/tr\/wp-json\/wp\/v2\/product"}],"about":[{"href":"https:\/\/www.dillerbottle.com\/tr\/wp-json\/wp\/v2\/types\/product"}],"replies":[{"embeddable":true,"href":"https:\/\/www.dillerbottle.com\/tr\/wp-json\/wp\/v2\/comments?post=4523"}],"wp:featuredmedia":[{"embeddable":true,"href":"https:\/\/www.dillerbottle.com\/tr\/wp-json\/wp\/v2\/media\/4524"}],"wp:attachment":[{"href":"https:\/\/www.dillerbottle.com\/tr\/wp-json\/wp\/v2\/media?parent=4523"}],"wp:term":[{"taxonomy":"product_brand","embeddable":true,"href":"https:\/\/www.dillerbottle.com\/tr\/wp-json\/wp\/v2\/product_brand?post=4523"},{"taxonomy":"product_cat","embeddable":true,"href":"https:\/\/www.dillerbottle.com\/tr\/wp-json\/wp\/v2\/product_cat?post=4523"},{"taxonomy":"product_tag","embeddable":true,"href":"https:\/\/www.dillerbottle.com\/tr\/wp-json\/wp\/v2\/product_tag?post=4523"}],"curies":[{"name":"wp","href":"https:\/\/api.w.org\/{rel}","templated":true}]}}