{"id":4684,"date":"2024-09-27T17:48:05","date_gmt":"2024-09-27T09:48:05","guid":{"rendered":"https:\/\/demo.dillerbottle.com\/uncategorized\/portable-sports-plastic-water-bottle"},"modified":"2025-07-10T14:09:09","modified_gmt":"2025-07-10T06:09:09","slug":"tasinabilir-spor-plastik-su-sisesi","status":"publish","type":"product","link":"https:\/\/www.dillerbottle.com\/tr\/products\/portable-sports-plastic-water-bottle","title":{"rendered":"Ta\u015f\u0131nabilir Spor Plastik Su \u015ei\u015fesi"},"content":{"rendered":"<p>1. Ta\u015f\u0131nabilir spor plastik su \u015fi\u015fesi, dayan\u0131kl\u0131 ve hafif olan g\u0131da s\u0131n\u0131f\u0131 PC malzemeden yap\u0131lm\u0131\u015ft\u0131r. Bardak kapa\u011f\u0131nda ta\u015f\u0131nabilir bir sap bulunur, bu da onu nereye giderseniz gidin ta\u015f\u0131man\u0131z\u0131 ve i\u00e7menizi kolayla\u015ft\u0131r\u0131r.<\/p>\n<p>2. Ba\u011f\u0131ms\u0131z ve \u00e7\u0131kar\u0131labilir ince \u00e7ay demleyicisi ile donat\u0131lm\u0131\u015f olup, \u00e7ay yapraklar\u0131n\u0131 filtreleyebilir ve i\u00e7imini daha rahat hale getirebilir.<\/p>\n<p>3.; Kazara dokunmaya kar\u015f\u0131 kilit tasar\u0131m\u0131, \u00e7antaya yerle\u015ftirildi\u011finde kazara a\u00e7\u0131lmas\u0131n\u0131 ve su s\u0131zmas\u0131n\u0131 \u00f6nler.<\/p>\n<p>4. Geni\u015f \u015fi\u015fe a\u011fz\u0131ndan buz veya meyve koyabilir, f\u0131r\u00e7a yard\u0131m\u0131yla da kolayca temizleyebilirsiniz.<\/p>","protected":false},"excerpt":{"rendered":"<p>Bu ta\u015f\u0131nabilir spor plastik su \u015fi\u015fesi PC ve g\u0131da s\u0131n\u0131f\u0131 malzemelerden \u00fcretilmi\u015ftir.<br \/>\nBardak kapa\u011f\u0131n\u0131n silikon sap\u0131 ta\u015f\u0131may\u0131 daha da kolayla\u015ft\u0131r\u0131yor.<br \/>\nSu \u015fi\u015fesi, \u00e7ay\u0131 veya meyveyi ay\u0131rabilen bir \u00e7ay demleme aparat\u0131 ile donat\u0131lm\u0131\u015ft\u0131r.<br \/>\nOEM ve ODM kabul edilebilir.<br \/>\nPlastik spor \u015fi\u015fesini ihtiya\u00e7lar\u0131n\u0131za g\u00f6re \u00f6zelle\u015ftirebiliriz.<br \/>\nToptan sat\u0131n almaya ho\u015f geldiniz, hemen soru\u015fturma g\u00f6nderin!<\/p>","protected":false},"featured_media":4685,"comment_status":"open","ping_status":"closed","template":"","meta":{"_acf_changed":false},"product_brand":[],"product_cat":[309],"product_tag":[371,348,32,36,33,355,31,39,38,29,37,368,34,35,28,370,369,333,30],"class_list":{"0":"post-4684","1":"product","2":"type-product","3":"status-publish","4":"has-post-thumbnail","6":"product_cat-plastic-water-bottle","7":"product_tag-1200-ml-water-bottle","8":"product_tag-2023-water-bottle","9":"product_tag-best","10":"product_tag-bulk","11":"product_tag-buy","12":"product_tag-colored-water-bottle-plastic-with-straw","13":"product_tag-custom","14":"product_tag-for-sale","15":"product_tag-good-quality","16":"product_tag-manufacturers","17":"product_tag-manufacturing","18":"product_tag-portable-sports-plastic-water-bottle","19":"product_tag-price","20":"product_tag-small","21":"product_tag-suppliers","22":"product_tag-tritan-bpa-free-fitness-sports-water-bottles","23":"product_tag-water-bottle-bpa-free","24":"product_tag-water-bottle-bpa-free-plastic","25":"product_tag-wholesale","27":"first","28":"instock","29":"shipping-taxable","30":"product-type-simple"},"acf":[],"yoast_head":"<!-- This site is optimized with the Yoast SEO Premium plugin v27.5 (Yoast SEO v27.5) - https:\/\/yoast.com\/product\/yoast-seo-premium-wordpress\/ -->\n<title>Portable Sports Plastic Water Bottle - Diller Water Bottle Manufacturer<\/title>\n<meta name=\"description\" content=\"As one of the best portable sports plastic water bottle manufacturers and suppliers, we are engaged in manufacturing good quality water bottles. We warmly welcome you to wholesale or buy custom made portable sports plastic water bottle at competitive price from us. Also, small quantity orders are acceptable.\" \/>\n<meta name=\"robots\" content=\"index, follow, max-snippet:-1, max-image-preview:large, max-video-preview:-1\" \/>\n<link rel=\"canonical\" href=\"https:\/\/www.dillerbottle.com\/tr\/urunler\/tasinabilir-spor-plastik-su-sisesi\" \/>\n<meta property=\"og:locale\" content=\"tr_TR\" \/>\n<meta property=\"og:type\" content=\"article\" \/>\n<meta property=\"og:title\" content=\"Portable Sports Plastic Water Bottle\" \/>\n<meta property=\"og:description\" content=\"As one of the best portable sports plastic water bottle manufacturers and suppliers, we are engaged in manufacturing good quality water bottles. We warmly welcome you to wholesale or buy custom made portable sports plastic water bottle at competitive price from us. Also, small quantity orders are acceptable.\" \/>\n<meta property=\"og:url\" content=\"https:\/\/www.dillerbottle.com\/tr\/urunler\/tasinabilir-spor-plastik-su-sisesi\" \/>\n<meta property=\"og:site_name\" content=\"Diller Water Bottle Manufacturer\" \/>\n<meta property=\"article:modified_time\" content=\"2025-07-10T06:09:09+00:00\" \/>\n<meta property=\"og:image\" content=\"https:\/\/www.dillerbottle.com\/wp-content\/uploads\/2024\/09\/portable-sports-plastic-water-bottlee460016f-5900-464d-b0d9-99e6f6b91c5f.jpg\" \/>\n\t<meta property=\"og:image:width\" content=\"730\" \/>\n\t<meta property=\"og:image:height\" content=\"730\" \/>\n\t<meta property=\"og:image:type\" content=\"image\/jpeg\" \/>\n<meta name=\"twitter:card\" content=\"summary_large_image\" \/>\n<meta name=\"twitter:label1\" content=\"Tahmini okuma s\u00fcresi\" \/>\n\t<meta name=\"twitter:data1\" content=\"6 dakika\" \/>\n<script type=\"application\/ld+json\" class=\"yoast-schema-graph\">{\"@context\":\"https:\\\/\\\/schema.org\",\"@graph\":[{\"@type\":\"WebPage\",\"@id\":\"https:\\\/\\\/www.dillerbottle.com\\\/vn\\\/cac-san-pham\\\/binh-dung-nuoc-the-thao-bang-nhua-di-dong\",\"url\":\"https:\\\/\\\/www.dillerbottle.com\\\/vn\\\/cac-san-pham\\\/binh-dung-nuoc-the-thao-bang-nhua-di-dong\",\"name\":\"Portable Sports Plastic Water Bottle - Diller Water Bottle Manufacturer\",\"isPartOf\":{\"@id\":\"https:\\\/\\\/www.dillerbottle.com\\\/#website\"},\"primaryImageOfPage\":{\"@id\":\"https:\\\/\\\/www.dillerbottle.com\\\/vn\\\/cac-san-pham\\\/binh-dung-nuoc-the-thao-bang-nhua-di-dong#primaryimage\"},\"image\":{\"@id\":\"https:\\\/\\\/www.dillerbottle.com\\\/vn\\\/cac-san-pham\\\/binh-dung-nuoc-the-thao-bang-nhua-di-dong#primaryimage\"},\"thumbnailUrl\":\"https:\\\/\\\/www.dillerbottle.com\\\/wp-content\\\/uploads\\\/2024\\\/09\\\/portable-sports-plastic-water-bottlee460016f-5900-464d-b0d9-99e6f6b91c5f.jpg\",\"datePublished\":\"2024-09-27T09:48:05+00:00\",\"dateModified\":\"2025-07-10T06:09:09+00:00\",\"description\":\"As one of the best portable sports plastic water bottle manufacturers and suppliers, we are engaged in manufacturing good quality water bottles. We warmly welcome you to wholesale or buy custom made portable sports plastic water bottle at competitive price from us. Also, small quantity orders are acceptable.\",\"breadcrumb\":{\"@id\":\"https:\\\/\\\/www.dillerbottle.com\\\/vn\\\/cac-san-pham\\\/binh-dung-nuoc-the-thao-bang-nhua-di-dong#breadcrumb\"},\"inLanguage\":\"tr\",\"potentialAction\":[{\"@type\":\"ReadAction\",\"target\":[\"https:\\\/\\\/www.dillerbottle.com\\\/vn\\\/cac-san-pham\\\/binh-dung-nuoc-the-thao-bang-nhua-di-dong\"]}]},{\"@type\":\"ImageObject\",\"inLanguage\":\"tr\",\"@id\":\"https:\\\/\\\/www.dillerbottle.com\\\/vn\\\/cac-san-pham\\\/binh-dung-nuoc-the-thao-bang-nhua-di-dong#primaryimage\",\"url\":\"https:\\\/\\\/www.dillerbottle.com\\\/wp-content\\\/uploads\\\/2024\\\/09\\\/portable-sports-plastic-water-bottlee460016f-5900-464d-b0d9-99e6f6b91c5f.jpg\",\"contentUrl\":\"https:\\\/\\\/www.dillerbottle.com\\\/wp-content\\\/uploads\\\/2024\\\/09\\\/portable-sports-plastic-water-bottlee460016f-5900-464d-b0d9-99e6f6b91c5f.jpg\",\"width\":730,\"height\":730},{\"@type\":\"BreadcrumbList\",\"@id\":\"https:\\\/\\\/www.dillerbottle.com\\\/vn\\\/cac-san-pham\\\/binh-dung-nuoc-the-thao-bang-nhua-di-dong#breadcrumb\",\"itemListElement\":[{\"@type\":\"ListItem\",\"position\":1,\"name\":\"Home\",\"item\":\"https:\\\/\\\/www.dillerbottle.com\\\/\"},{\"@type\":\"ListItem\",\"position\":2,\"name\":\"Products\",\"item\":\"https:\\\/\\\/www.dillerbottle.com\\\/shop\"},{\"@type\":\"ListItem\",\"position\":3,\"name\":\"Portable Sports Plastic Water Bottle\"}]},{\"@type\":\"WebSite\",\"@id\":\"https:\\\/\\\/www.dillerbottle.com\\\/#website\",\"url\":\"https:\\\/\\\/www.dillerbottle.com\\\/\",\"name\":\"Diller Water Bottle Manufacturer\",\"description\":\"Water Bottle Manufacturer\",\"publisher\":{\"@id\":\"https:\\\/\\\/www.dillerbottle.com\\\/#organization\"},\"potentialAction\":[{\"@type\":\"SearchAction\",\"target\":{\"@type\":\"EntryPoint\",\"urlTemplate\":\"https:\\\/\\\/www.dillerbottle.com\\\/?s={search_term_string}\"},\"query-input\":{\"@type\":\"PropertyValueSpecification\",\"valueRequired\":true,\"valueName\":\"search_term_string\"}}],\"inLanguage\":\"tr\"},{\"@type\":\"Organization\",\"@id\":\"https:\\\/\\\/www.dillerbottle.com\\\/#organization\",\"name\":\"Diller Water Bottle Manufacturer\",\"url\":\"https:\\\/\\\/www.dillerbottle.com\\\/\",\"logo\":{\"@type\":\"ImageObject\",\"inLanguage\":\"tr\",\"@id\":\"https:\\\/\\\/www.dillerbottle.com\\\/#\\\/schema\\\/logo\\\/image\\\/\",\"url\":\"https:\\\/\\\/www.dillerbottle.com\\\/wp-content\\\/uploads\\\/2024\\\/09\\\/49918bfa848dcc1e9f8b509933603ac.png\",\"contentUrl\":\"https:\\\/\\\/www.dillerbottle.com\\\/wp-content\\\/uploads\\\/2024\\\/09\\\/49918bfa848dcc1e9f8b509933603ac.png\",\"width\":988,\"height\":198,\"caption\":\"Diller Water Bottle Manufacturer\"},\"image\":{\"@id\":\"https:\\\/\\\/www.dillerbottle.com\\\/#\\\/schema\\\/logo\\\/image\\\/\"}}]}<\/script>\n<!-- \/ Yoast SEO Premium plugin. -->","yoast_head_json":{"title":"Ta\u015f\u0131nabilir Spor Plastik Su \u015ei\u015fesi - Diller Su \u015ei\u015fesi \u00dcreticisi","description":"En iyi ta\u015f\u0131nabilir spor plastik su \u015fi\u015fesi \u00fcreticilerinden ve tedarik\u00e7ilerinden biri olarak, kaliteli su \u015fi\u015feleri \u00fcretiyoruz. Toptan sat\u0131\u015f yapman\u0131z\u0131 veya bizden rekabet\u00e7i fiyatlarla \u00f6zel yap\u0131m ta\u015f\u0131nabilir spor plastik su \u015fi\u015fesi sat\u0131n alman\u0131z\u0131 i\u00e7tenlikle bekliyoruz. Ayr\u0131ca, k\u00fc\u00e7\u00fck miktardaki sipari\u015fler de kabul edilebilir.","robots":{"index":"index","follow":"follow","max-snippet":"max-snippet:-1","max-image-preview":"max-image-preview:large","max-video-preview":"max-video-preview:-1"},"canonical":"https:\/\/www.dillerbottle.com\/tr\/urunler\/tasinabilir-spor-plastik-su-sisesi","og_locale":"tr_TR","og_type":"article","og_title":"Portable Sports Plastic Water Bottle","og_description":"As one of the best portable sports plastic water bottle manufacturers and suppliers, we are engaged in manufacturing good quality water bottles. We warmly welcome you to wholesale or buy custom made portable sports plastic water bottle at competitive price from us. Also, small quantity orders are acceptable.","og_url":"https:\/\/www.dillerbottle.com\/tr\/urunler\/tasinabilir-spor-plastik-su-sisesi","og_site_name":"Diller Water Bottle Manufacturer","article_modified_time":"2025-07-10T06:09:09+00:00","og_image":[{"width":730,"height":730,"url":"https:\/\/www.dillerbottle.com\/wp-content\/uploads\/2024\/09\/portable-sports-plastic-water-bottlee460016f-5900-464d-b0d9-99e6f6b91c5f.jpg","type":"image\/jpeg"}],"twitter_card":"summary_large_image","twitter_misc":{"Tahmini okuma s\u00fcresi":"6 dakika"},"schema":{"@context":"https:\/\/schema.org","@graph":[{"@type":"WebPage","@id":"https:\/\/www.dillerbottle.com\/vn\/cac-san-pham\/binh-dung-nuoc-the-thao-bang-nhua-di-dong","url":"https:\/\/www.dillerbottle.com\/vn\/cac-san-pham\/binh-dung-nuoc-the-thao-bang-nhua-di-dong","name":"Ta\u015f\u0131nabilir Spor Plastik Su \u015ei\u015fesi - Diller Su \u015ei\u015fesi \u00dcreticisi","isPartOf":{"@id":"https:\/\/www.dillerbottle.com\/#website"},"primaryImageOfPage":{"@id":"https:\/\/www.dillerbottle.com\/vn\/cac-san-pham\/binh-dung-nuoc-the-thao-bang-nhua-di-dong#primaryimage"},"image":{"@id":"https:\/\/www.dillerbottle.com\/vn\/cac-san-pham\/binh-dung-nuoc-the-thao-bang-nhua-di-dong#primaryimage"},"thumbnailUrl":"https:\/\/www.dillerbottle.com\/wp-content\/uploads\/2024\/09\/portable-sports-plastic-water-bottlee460016f-5900-464d-b0d9-99e6f6b91c5f.jpg","datePublished":"2024-09-27T09:48:05+00:00","dateModified":"2025-07-10T06:09:09+00:00","description":"En iyi ta\u015f\u0131nabilir spor plastik su \u015fi\u015fesi \u00fcreticilerinden ve tedarik\u00e7ilerinden biri olarak, kaliteli su \u015fi\u015feleri \u00fcretiyoruz. Toptan sat\u0131\u015f yapman\u0131z\u0131 veya bizden rekabet\u00e7i fiyatlarla \u00f6zel yap\u0131m ta\u015f\u0131nabilir spor plastik su \u015fi\u015fesi sat\u0131n alman\u0131z\u0131 i\u00e7tenlikle bekliyoruz. Ayr\u0131ca, k\u00fc\u00e7\u00fck miktardaki sipari\u015fler de kabul edilebilir.","breadcrumb":{"@id":"https:\/\/www.dillerbottle.com\/vn\/cac-san-pham\/binh-dung-nuoc-the-thao-bang-nhua-di-dong#breadcrumb"},"inLanguage":"tr","potentialAction":[{"@type":"ReadAction","target":["https:\/\/www.dillerbottle.com\/vn\/cac-san-pham\/binh-dung-nuoc-the-thao-bang-nhua-di-dong"]}]},{"@type":"ImageObject","inLanguage":"tr","@id":"https:\/\/www.dillerbottle.com\/vn\/cac-san-pham\/binh-dung-nuoc-the-thao-bang-nhua-di-dong#primaryimage","url":"https:\/\/www.dillerbottle.com\/wp-content\/uploads\/2024\/09\/portable-sports-plastic-water-bottlee460016f-5900-464d-b0d9-99e6f6b91c5f.jpg","contentUrl":"https:\/\/www.dillerbottle.com\/wp-content\/uploads\/2024\/09\/portable-sports-plastic-water-bottlee460016f-5900-464d-b0d9-99e6f6b91c5f.jpg","width":730,"height":730},{"@type":"BreadcrumbList","@id":"https:\/\/www.dillerbottle.com\/vn\/cac-san-pham\/binh-dung-nuoc-the-thao-bang-nhua-di-dong#breadcrumb","itemListElement":[{"@type":"ListItem","position":1,"name":"Home","item":"https:\/\/www.dillerbottle.com\/"},{"@type":"ListItem","position":2,"name":"Products","item":"https:\/\/www.dillerbottle.com\/shop"},{"@type":"ListItem","position":3,"name":"Portable Sports Plastic Water Bottle"}]},{"@type":"WebSite","@id":"https:\/\/www.dillerbottle.com\/#website","url":"https:\/\/www.dillerbottle.com\/","name":"Diller Su \u015ei\u015fesi \u00dcreticisi","description":"Su \u015ei\u015fesi \u00dcreticisi","publisher":{"@id":"https:\/\/www.dillerbottle.com\/#organization"},"potentialAction":[{"@type":"SearchAction","target":{"@type":"EntryPoint","urlTemplate":"https:\/\/www.dillerbottle.com\/?s={search_term_string}"},"query-input":{"@type":"PropertyValueSpecification","valueRequired":true,"valueName":"search_term_string"}}],"inLanguage":"tr"},{"@type":"Organization","@id":"https:\/\/www.dillerbottle.com\/#organization","name":"Diller Su \u015ei\u015fesi \u00dcreticisi","url":"https:\/\/www.dillerbottle.com\/","logo":{"@type":"ImageObject","inLanguage":"tr","@id":"https:\/\/www.dillerbottle.com\/#\/schema\/logo\/image\/","url":"https:\/\/www.dillerbottle.com\/wp-content\/uploads\/2024\/09\/49918bfa848dcc1e9f8b509933603ac.png","contentUrl":"https:\/\/www.dillerbottle.com\/wp-content\/uploads\/2024\/09\/49918bfa848dcc1e9f8b509933603ac.png","width":988,"height":198,"caption":"Diller Water Bottle Manufacturer"},"image":{"@id":"https:\/\/www.dillerbottle.com\/#\/schema\/logo\/image\/"}}]}},"_links":{"self":[{"href":"https:\/\/www.dillerbottle.com\/tr\/wp-json\/wp\/v2\/product\/4684","targetHints":{"allow":["GET"]}}],"collection":[{"href":"https:\/\/www.dillerbottle.com\/tr\/wp-json\/wp\/v2\/product"}],"about":[{"href":"https:\/\/www.dillerbottle.com\/tr\/wp-json\/wp\/v2\/types\/product"}],"replies":[{"embeddable":true,"href":"https:\/\/www.dillerbottle.com\/tr\/wp-json\/wp\/v2\/comments?post=4684"}],"wp:featuredmedia":[{"embeddable":true,"href":"https:\/\/www.dillerbottle.com\/tr\/wp-json\/wp\/v2\/media\/4685"}],"wp:attachment":[{"href":"https:\/\/www.dillerbottle.com\/tr\/wp-json\/wp\/v2\/media?parent=4684"}],"wp:term":[{"taxonomy":"product_brand","embeddable":true,"href":"https:\/\/www.dillerbottle.com\/tr\/wp-json\/wp\/v2\/product_brand?post=4684"},{"taxonomy":"product_cat","embeddable":true,"href":"https:\/\/www.dillerbottle.com\/tr\/wp-json\/wp\/v2\/product_cat?post=4684"},{"taxonomy":"product_tag","embeddable":true,"href":"https:\/\/www.dillerbottle.com\/tr\/wp-json\/wp\/v2\/product_tag?post=4684"}],"curies":[{"name":"wp","href":"https:\/\/api.w.org\/{rel}","templated":true}]}}