{"id":5225,"date":"2024-09-27T17:55:31","date_gmt":"2024-09-27T09:55:31","guid":{"rendered":"https:\/\/demo.dillerbottle.com\/uncategorized\/large-capacity-sports-water-bottle"},"modified":"2025-07-10T11:56:29","modified_gmt":"2025-07-10T03:56:29","slug":"buyuk-kapasiteli-spor-su-sisesi","status":"publish","type":"product","link":"https:\/\/www.dillerbottle.com\/tr\/products\/large-capacity-sports-water-bottle","title":{"rendered":"B\u00fcy\u00fck Kapasiteli Spor Su \u015ei\u015fesi"},"content":{"rendered":"<p>\u00d6zellikler:<br \/>\n1. B\u00fcy\u00fck kapasiteli spor su \u015fi\u015fesi, g\u00f6z kama\u015ft\u0131r\u0131c\u0131 renk ge\u00e7i\u015fine, \u015f\u0131k ve g\u00f6z al\u0131c\u0131, dayan\u0131kl\u0131 ve d\u00fc\u015fmeye kar\u015f\u0131 g\u00fc\u00e7l\u00fc dirence sahip y\u00fcksek kaliteli g\u0131da s\u0131n\u0131f\u0131 malzemelerden yap\u0131lm\u0131\u015ft\u0131r.<\/p>\n<p>2. S\u0131zd\u0131rmaz basmal\u0131 kapak: S\u0131zd\u0131rmaz silikon i\u00e7me pipeti, tek t\u0131klamayla a\u00e7\u0131l\u0131r ve tek elle i\u00e7meyi kolayla\u015ft\u0131r\u0131r.<\/p>\n<p>3. B\u00fcy\u00fck kapasiteli spor su \u015fi\u015fesi tasar\u0131m\u0131 hafiftir ve ta\u015f\u0131nmas\u0131 kolayd\u0131r, a\u00e7\u0131k hava sporlar\u0131, seyahat, ofis ve di\u011fer durumlar i\u00e7in uygundur. Sporlar\u0131n b\u00fcy\u00fck su yenileme ihtiya\u00e7lar\u0131n\u0131 kar\u015f\u0131lamak i\u00e7in s\u00fcper b\u00fcy\u00fck kapasite.<\/p>","protected":false},"excerpt":{"rendered":"<p>Bu b\u00fcy\u00fck kapasiteli spor su \u015fi\u015fesi dayan\u0131kl\u0131 Tritan ve g\u0131da s\u0131n\u0131f\u0131 malzemelerden \u00fcretilmi\u015ftir.<br \/>\n\u00c7evirmeli emniyet kilidi tasar\u0131m\u0131, ta\u015f\u0131ma s\u0131ras\u0131nda su s\u0131z\u0131nt\u0131s\u0131 olmamas\u0131n\u0131 sa\u011flar.<br \/>\nSpor esnas\u0131nda su ihtiyac\u0131n\u0131 kar\u015f\u0131layacak geni\u015f kapasite.<br \/>\nOEM ve ODM kabul edilebilir.<br \/>\nPlastik spor \u015fi\u015fesini ihtiya\u00e7lar\u0131n\u0131za g\u00f6re \u00f6zelle\u015ftirebiliriz.<br \/>\nToptan sat\u0131n almaya ho\u015f geldiniz, hemen soru\u015fturma g\u00f6nderin!<\/p>","protected":false},"featured_media":5226,"comment_status":"open","ping_status":"closed","template":"","meta":{"_acf_changed":false},"product_brand":[],"product_cat":[309],"product_tag":[350,32,36,33,31,39,425,38,423,424,29,37,34,35,28,369,351,212,30],"class_list":{"0":"post-5225","1":"product","2":"type-product","3":"status-publish","4":"has-post-thumbnail","6":"product_cat-plastic-water-bottle","7":"product_tag-2l-water-bottle","8":"product_tag-best","9":"product_tag-bulk","10":"product_tag-buy","11":"product_tag-custom","12":"product_tag-for-sale","13":"product_tag-gallon-water-bottle","14":"product_tag-good-quality","15":"product_tag-large-capacity-sports-water-bottle","16":"product_tag-leak-proof-water-bottle-with-handle","17":"product_tag-manufacturers","18":"product_tag-manufacturing","19":"product_tag-price","20":"product_tag-small","21":"product_tag-suppliers","22":"product_tag-water-bottle-bpa-free","23":"product_tag-water-bottle-for-gym","24":"product_tag-water-bottle-with-straw-and-handle","25":"product_tag-wholesale","27":"first","28":"instock","29":"shipping-taxable","30":"product-type-simple"},"acf":[],"yoast_head":"<!-- This site is optimized with the Yoast SEO Premium plugin v27.5 (Yoast SEO v27.5) - https:\/\/yoast.com\/product\/yoast-seo-premium-wordpress\/ -->\n<title>Large Capacity Sports Water Bottle - Diller Water Bottle Manufacturer<\/title>\n<meta name=\"description\" content=\"As one of the best large capacity sports water bottle manufacturers and suppliers, we are engaged in manufacturing good quality water bottles. We warmly welcome you to wholesale or buy custom made large capacity sports water bottle at competitive price from us. Also, small quantity orders are acceptable.\" \/>\n<meta name=\"robots\" content=\"index, follow, max-snippet:-1, max-image-preview:large, max-video-preview:-1\" \/>\n<link rel=\"canonical\" href=\"https:\/\/www.dillerbottle.com\/tr\/urunler\/buyuk-kapasiteli-spor-su-sisesi\" \/>\n<meta property=\"og:locale\" content=\"tr_TR\" \/>\n<meta property=\"og:type\" content=\"article\" \/>\n<meta property=\"og:title\" content=\"Large Capacity Sports Water Bottle\" \/>\n<meta property=\"og:description\" content=\"As one of the best large capacity sports water bottle manufacturers and suppliers, we are engaged in manufacturing good quality water bottles. We warmly welcome you to wholesale or buy custom made large capacity sports water bottle at competitive price from us. Also, small quantity orders are acceptable.\" \/>\n<meta property=\"og:url\" content=\"https:\/\/www.dillerbottle.com\/tr\/urunler\/buyuk-kapasiteli-spor-su-sisesi\" \/>\n<meta property=\"og:site_name\" content=\"Diller Water Bottle Manufacturer\" \/>\n<meta property=\"article:modified_time\" content=\"2025-07-10T03:56:29+00:00\" \/>\n<meta property=\"og:image\" content=\"https:\/\/www.dillerbottle.com\/wp-content\/uploads\/2024\/09\/large-capacity-sports-water-bottle6261e258-f870-4118-843d-04dfcd13df72.jpg\" \/>\n\t<meta property=\"og:image:width\" content=\"730\" \/>\n\t<meta property=\"og:image:height\" content=\"730\" \/>\n\t<meta property=\"og:image:type\" content=\"image\/jpeg\" \/>\n<meta name=\"twitter:card\" content=\"summary_large_image\" \/>\n<meta name=\"twitter:label1\" content=\"Tahmini okuma s\u00fcresi\" \/>\n\t<meta name=\"twitter:data1\" content=\"6 dakika\" \/>\n<script type=\"application\/ld+json\" class=\"yoast-schema-graph\">{\"@context\":\"https:\\\/\\\/schema.org\",\"@graph\":[{\"@type\":\"WebPage\",\"@id\":\"https:\\\/\\\/www.dillerbottle.com\\\/fr\\\/produits\\\/bouteille-deau-de-sport-de-grande-capacite-3\",\"url\":\"https:\\\/\\\/www.dillerbottle.com\\\/fr\\\/produits\\\/bouteille-deau-de-sport-de-grande-capacite-3\",\"name\":\"Large Capacity Sports Water Bottle - Diller Water Bottle Manufacturer\",\"isPartOf\":{\"@id\":\"https:\\\/\\\/www.dillerbottle.com\\\/#website\"},\"primaryImageOfPage\":{\"@id\":\"https:\\\/\\\/www.dillerbottle.com\\\/fr\\\/produits\\\/bouteille-deau-de-sport-de-grande-capacite-3#primaryimage\"},\"image\":{\"@id\":\"https:\\\/\\\/www.dillerbottle.com\\\/fr\\\/produits\\\/bouteille-deau-de-sport-de-grande-capacite-3#primaryimage\"},\"thumbnailUrl\":\"https:\\\/\\\/www.dillerbottle.com\\\/wp-content\\\/uploads\\\/2024\\\/09\\\/large-capacity-sports-water-bottle6261e258-f870-4118-843d-04dfcd13df72.jpg\",\"datePublished\":\"2024-09-27T09:55:31+00:00\",\"dateModified\":\"2025-07-10T03:56:29+00:00\",\"description\":\"As one of the best large capacity sports water bottle manufacturers and suppliers, we are engaged in manufacturing good quality water bottles. We warmly welcome you to wholesale or buy custom made large capacity sports water bottle at competitive price from us. Also, small quantity orders are acceptable.\",\"breadcrumb\":{\"@id\":\"https:\\\/\\\/www.dillerbottle.com\\\/fr\\\/produits\\\/bouteille-deau-de-sport-de-grande-capacite-3#breadcrumb\"},\"inLanguage\":\"tr\",\"potentialAction\":[{\"@type\":\"ReadAction\",\"target\":[\"https:\\\/\\\/www.dillerbottle.com\\\/fr\\\/produits\\\/bouteille-deau-de-sport-de-grande-capacite-3\"]}]},{\"@type\":\"ImageObject\",\"inLanguage\":\"tr\",\"@id\":\"https:\\\/\\\/www.dillerbottle.com\\\/fr\\\/produits\\\/bouteille-deau-de-sport-de-grande-capacite-3#primaryimage\",\"url\":\"https:\\\/\\\/www.dillerbottle.com\\\/wp-content\\\/uploads\\\/2024\\\/09\\\/large-capacity-sports-water-bottle6261e258-f870-4118-843d-04dfcd13df72.jpg\",\"contentUrl\":\"https:\\\/\\\/www.dillerbottle.com\\\/wp-content\\\/uploads\\\/2024\\\/09\\\/large-capacity-sports-water-bottle6261e258-f870-4118-843d-04dfcd13df72.jpg\",\"width\":730,\"height\":730},{\"@type\":\"BreadcrumbList\",\"@id\":\"https:\\\/\\\/www.dillerbottle.com\\\/fr\\\/produits\\\/bouteille-deau-de-sport-de-grande-capacite-3#breadcrumb\",\"itemListElement\":[{\"@type\":\"ListItem\",\"position\":1,\"name\":\"Home\",\"item\":\"https:\\\/\\\/www.dillerbottle.com\\\/\"},{\"@type\":\"ListItem\",\"position\":2,\"name\":\"Products\",\"item\":\"https:\\\/\\\/www.dillerbottle.com\\\/shop\"},{\"@type\":\"ListItem\",\"position\":3,\"name\":\"Large Capacity Sports Water Bottle\"}]},{\"@type\":\"WebSite\",\"@id\":\"https:\\\/\\\/www.dillerbottle.com\\\/#website\",\"url\":\"https:\\\/\\\/www.dillerbottle.com\\\/\",\"name\":\"Diller Water Bottle Manufacturer\",\"description\":\"Water Bottle Manufacturer\",\"publisher\":{\"@id\":\"https:\\\/\\\/www.dillerbottle.com\\\/#organization\"},\"potentialAction\":[{\"@type\":\"SearchAction\",\"target\":{\"@type\":\"EntryPoint\",\"urlTemplate\":\"https:\\\/\\\/www.dillerbottle.com\\\/?s={search_term_string}\"},\"query-input\":{\"@type\":\"PropertyValueSpecification\",\"valueRequired\":true,\"valueName\":\"search_term_string\"}}],\"inLanguage\":\"tr\"},{\"@type\":\"Organization\",\"@id\":\"https:\\\/\\\/www.dillerbottle.com\\\/#organization\",\"name\":\"Diller Water Bottle Manufacturer\",\"url\":\"https:\\\/\\\/www.dillerbottle.com\\\/\",\"logo\":{\"@type\":\"ImageObject\",\"inLanguage\":\"tr\",\"@id\":\"https:\\\/\\\/www.dillerbottle.com\\\/#\\\/schema\\\/logo\\\/image\\\/\",\"url\":\"https:\\\/\\\/www.dillerbottle.com\\\/wp-content\\\/uploads\\\/2024\\\/09\\\/49918bfa848dcc1e9f8b509933603ac.png\",\"contentUrl\":\"https:\\\/\\\/www.dillerbottle.com\\\/wp-content\\\/uploads\\\/2024\\\/09\\\/49918bfa848dcc1e9f8b509933603ac.png\",\"width\":988,\"height\":198,\"caption\":\"Diller Water Bottle Manufacturer\"},\"image\":{\"@id\":\"https:\\\/\\\/www.dillerbottle.com\\\/#\\\/schema\\\/logo\\\/image\\\/\"}}]}<\/script>\n<!-- \/ Yoast SEO Premium plugin. -->","yoast_head_json":{"title":"B\u00fcy\u00fck Kapasiteli Spor Su \u015ei\u015fesi - Diller Su \u015ei\u015fesi \u00dcreticisi","description":"En iyi b\u00fcy\u00fck kapasiteli spor su \u015fi\u015fesi \u00fcreticilerinden ve tedarik\u00e7ilerinden biri olarak, kaliteli su \u015fi\u015feleri \u00fcretiyoruz. Toptan sat\u0131\u015f yapman\u0131z\u0131 veya bizden rekabet\u00e7i fiyatlarla \u00f6zel yap\u0131m b\u00fcy\u00fck kapasiteli spor su \u015fi\u015fesi sat\u0131n alman\u0131z\u0131 i\u00e7tenlikle bekliyoruz. Ayr\u0131ca, k\u00fc\u00e7\u00fck miktardaki sipari\u015fler de kabul edilebilir.","robots":{"index":"index","follow":"follow","max-snippet":"max-snippet:-1","max-image-preview":"max-image-preview:large","max-video-preview":"max-video-preview:-1"},"canonical":"https:\/\/www.dillerbottle.com\/tr\/urunler\/buyuk-kapasiteli-spor-su-sisesi","og_locale":"tr_TR","og_type":"article","og_title":"Large Capacity Sports Water Bottle","og_description":"As one of the best large capacity sports water bottle manufacturers and suppliers, we are engaged in manufacturing good quality water bottles. We warmly welcome you to wholesale or buy custom made large capacity sports water bottle at competitive price from us. Also, small quantity orders are acceptable.","og_url":"https:\/\/www.dillerbottle.com\/tr\/urunler\/buyuk-kapasiteli-spor-su-sisesi","og_site_name":"Diller Water Bottle Manufacturer","article_modified_time":"2025-07-10T03:56:29+00:00","og_image":[{"width":730,"height":730,"url":"https:\/\/www.dillerbottle.com\/wp-content\/uploads\/2024\/09\/large-capacity-sports-water-bottle6261e258-f870-4118-843d-04dfcd13df72.jpg","type":"image\/jpeg"}],"twitter_card":"summary_large_image","twitter_misc":{"Tahmini okuma s\u00fcresi":"6 dakika"},"schema":{"@context":"https:\/\/schema.org","@graph":[{"@type":"WebPage","@id":"https:\/\/www.dillerbottle.com\/fr\/produits\/bouteille-deau-de-sport-de-grande-capacite-3","url":"https:\/\/www.dillerbottle.com\/fr\/produits\/bouteille-deau-de-sport-de-grande-capacite-3","name":"B\u00fcy\u00fck Kapasiteli Spor Su \u015ei\u015fesi - Diller Su \u015ei\u015fesi \u00dcreticisi","isPartOf":{"@id":"https:\/\/www.dillerbottle.com\/#website"},"primaryImageOfPage":{"@id":"https:\/\/www.dillerbottle.com\/fr\/produits\/bouteille-deau-de-sport-de-grande-capacite-3#primaryimage"},"image":{"@id":"https:\/\/www.dillerbottle.com\/fr\/produits\/bouteille-deau-de-sport-de-grande-capacite-3#primaryimage"},"thumbnailUrl":"https:\/\/www.dillerbottle.com\/wp-content\/uploads\/2024\/09\/large-capacity-sports-water-bottle6261e258-f870-4118-843d-04dfcd13df72.jpg","datePublished":"2024-09-27T09:55:31+00:00","dateModified":"2025-07-10T03:56:29+00:00","description":"En iyi b\u00fcy\u00fck kapasiteli spor su \u015fi\u015fesi \u00fcreticilerinden ve tedarik\u00e7ilerinden biri olarak, kaliteli su \u015fi\u015feleri \u00fcretiyoruz. Toptan sat\u0131\u015f yapman\u0131z\u0131 veya bizden rekabet\u00e7i fiyatlarla \u00f6zel yap\u0131m b\u00fcy\u00fck kapasiteli spor su \u015fi\u015fesi sat\u0131n alman\u0131z\u0131 i\u00e7tenlikle bekliyoruz. Ayr\u0131ca, k\u00fc\u00e7\u00fck miktardaki sipari\u015fler de kabul edilebilir.","breadcrumb":{"@id":"https:\/\/www.dillerbottle.com\/fr\/produits\/bouteille-deau-de-sport-de-grande-capacite-3#breadcrumb"},"inLanguage":"tr","potentialAction":[{"@type":"ReadAction","target":["https:\/\/www.dillerbottle.com\/fr\/produits\/bouteille-deau-de-sport-de-grande-capacite-3"]}]},{"@type":"ImageObject","inLanguage":"tr","@id":"https:\/\/www.dillerbottle.com\/fr\/produits\/bouteille-deau-de-sport-de-grande-capacite-3#primaryimage","url":"https:\/\/www.dillerbottle.com\/wp-content\/uploads\/2024\/09\/large-capacity-sports-water-bottle6261e258-f870-4118-843d-04dfcd13df72.jpg","contentUrl":"https:\/\/www.dillerbottle.com\/wp-content\/uploads\/2024\/09\/large-capacity-sports-water-bottle6261e258-f870-4118-843d-04dfcd13df72.jpg","width":730,"height":730},{"@type":"BreadcrumbList","@id":"https:\/\/www.dillerbottle.com\/fr\/produits\/bouteille-deau-de-sport-de-grande-capacite-3#breadcrumb","itemListElement":[{"@type":"ListItem","position":1,"name":"Home","item":"https:\/\/www.dillerbottle.com\/"},{"@type":"ListItem","position":2,"name":"Products","item":"https:\/\/www.dillerbottle.com\/shop"},{"@type":"ListItem","position":3,"name":"Large Capacity Sports Water Bottle"}]},{"@type":"WebSite","@id":"https:\/\/www.dillerbottle.com\/#website","url":"https:\/\/www.dillerbottle.com\/","name":"Diller Su \u015ei\u015fesi \u00dcreticisi","description":"Su \u015ei\u015fesi \u00dcreticisi","publisher":{"@id":"https:\/\/www.dillerbottle.com\/#organization"},"potentialAction":[{"@type":"SearchAction","target":{"@type":"EntryPoint","urlTemplate":"https:\/\/www.dillerbottle.com\/?s={search_term_string}"},"query-input":{"@type":"PropertyValueSpecification","valueRequired":true,"valueName":"search_term_string"}}],"inLanguage":"tr"},{"@type":"Organization","@id":"https:\/\/www.dillerbottle.com\/#organization","name":"Diller Su \u015ei\u015fesi \u00dcreticisi","url":"https:\/\/www.dillerbottle.com\/","logo":{"@type":"ImageObject","inLanguage":"tr","@id":"https:\/\/www.dillerbottle.com\/#\/schema\/logo\/image\/","url":"https:\/\/www.dillerbottle.com\/wp-content\/uploads\/2024\/09\/49918bfa848dcc1e9f8b509933603ac.png","contentUrl":"https:\/\/www.dillerbottle.com\/wp-content\/uploads\/2024\/09\/49918bfa848dcc1e9f8b509933603ac.png","width":988,"height":198,"caption":"Diller Water Bottle Manufacturer"},"image":{"@id":"https:\/\/www.dillerbottle.com\/#\/schema\/logo\/image\/"}}]}},"_links":{"self":[{"href":"https:\/\/www.dillerbottle.com\/tr\/wp-json\/wp\/v2\/product\/5225","targetHints":{"allow":["GET"]}}],"collection":[{"href":"https:\/\/www.dillerbottle.com\/tr\/wp-json\/wp\/v2\/product"}],"about":[{"href":"https:\/\/www.dillerbottle.com\/tr\/wp-json\/wp\/v2\/types\/product"}],"replies":[{"embeddable":true,"href":"https:\/\/www.dillerbottle.com\/tr\/wp-json\/wp\/v2\/comments?post=5225"}],"wp:featuredmedia":[{"embeddable":true,"href":"https:\/\/www.dillerbottle.com\/tr\/wp-json\/wp\/v2\/media\/5226"}],"wp:attachment":[{"href":"https:\/\/www.dillerbottle.com\/tr\/wp-json\/wp\/v2\/media?parent=5225"}],"wp:term":[{"taxonomy":"product_brand","embeddable":true,"href":"https:\/\/www.dillerbottle.com\/tr\/wp-json\/wp\/v2\/product_brand?post=5225"},{"taxonomy":"product_cat","embeddable":true,"href":"https:\/\/www.dillerbottle.com\/tr\/wp-json\/wp\/v2\/product_cat?post=5225"},{"taxonomy":"product_tag","embeddable":true,"href":"https:\/\/www.dillerbottle.com\/tr\/wp-json\/wp\/v2\/product_tag?post=5225"}],"curies":[{"name":"wp","href":"https:\/\/api.w.org\/{rel}","templated":true}]}}