{"id":5348,"date":"2024-09-27T17:57:08","date_gmt":"2024-09-27T09:57:08","guid":{"rendered":"https:\/\/demo.dillerbottle.com\/uncategorized\/large-sports-water-bottle"},"modified":"2025-07-10T11:55:51","modified_gmt":"2025-07-10T03:55:51","slug":"buyuk-spor-su-sisesi","status":"publish","type":"product","link":"https:\/\/www.dillerbottle.com\/tr\/products\/large-sports-water-bottle","title":{"rendered":"B\u00fcy\u00fck Spor Su \u015ei\u015fesi"},"content":{"rendered":"<p>B\u00fcy\u00fck spor su \u015fi\u015fesinin \u00f6zellikleri:<br \/>\n1.;Premium Kalite. 100% g\u00fcvenli, g\u0131da s\u0131n\u0131f\u0131 malzeme. Hafif, \u00e7evre dostu BPA i\u00e7ermeyen Tritan plastikten \u00fcretilen b\u00fcy\u00fck spor su \u015fi\u015fesi, her t\u00fcrl\u00fc aktivite i\u00e7in sa\u011flam ve olduk\u00e7a dayan\u0131kl\u0131d\u0131r.<\/p>\n<p>2. Bu b\u00fcy\u00fck spor su \u015fi\u015fesi tutmas\u0131 ve ta\u015f\u0131mas\u0131 kolayd\u0131r: S\u00fcrahi tarz\u0131 sap ve sa\u011flam naylon kay\u0131\u015f, \u015fi\u015feyi ta\u015f\u0131mak i\u00e7in iki se\u00e7enek sunar.<\/p>\n<p>3.;B\u00fcy\u00fck kapasite.<br \/>\n2,7 L (91 oz) veya<br \/>\n3,8 L (128,5 oz), uzun y\u00fcr\u00fcy\u00fc\u015fler, spor etkinlikleri ve yo\u011fun egzersizler i\u00e7in g\u00fcnl\u00fck 8 bardaktan fazla su tutar. Geni\u015f a\u011f\u0131zl\u0131 tasar\u0131m buz veya kesilmi\u015f meyve eklemeyi kolayla\u015ft\u0131r\u0131r!<\/p>","protected":false},"excerpt":{"rendered":"<p>B\u00fcy\u00fck spor su \u015fi\u015fesinin \u00f6zellikleri: 1.<br \/>\nPremium Kalite.<br \/>\n100% g\u00fcvenli, g\u0131da s\u0131n\u0131f\u0131 malzeme.<br \/>\nHafif, \u00e7evre dostu BPA i\u00e7ermeyen Tritan plastikten \u00fcretilen b\u00fcy\u00fck spor su \u015fi\u015fesi, her t\u00fcrl\u00fc aktivite i\u00e7in sa\u011flam ve son derece dayan\u0131kl\u0131d\u0131r.<br \/>\n2.<br \/>\nBu b\u00fcy\u00fck spor su \u015fi\u015fesini tutmak ve ta\u015f\u0131mak kolayd\u0131r:\u2026<\/p>","protected":false},"featured_media":5349,"comment_status":"open","ping_status":"closed","template":"","meta":{"_acf_changed":false},"product_brand":[],"product_cat":[309],"product_tag":[321,434,366,32,36,33,31,39,38,433,29,37,45,34,35,28,370,338,30],"class_list":{"0":"post-5348","1":"product","2":"type-product","3":"status-publish","4":"has-post-thumbnail","6":"product_cat-plastic-water-bottle","7":"product_tag-1-gallon-water-bottles-wholesale","8":"product_tag-1-litre-water-bottle","9":"product_tag-500ml-plastic-water-bottle","10":"product_tag-best","11":"product_tag-bulk","12":"product_tag-buy","13":"product_tag-custom","14":"product_tag-for-sale","15":"product_tag-good-quality","16":"product_tag-large-sports-water-bottle","17":"product_tag-manufacturers","18":"product_tag-manufacturing","19":"product_tag-plastic-water-drinking-bottle","20":"product_tag-price","21":"product_tag-small","22":"product_tag-suppliers","23":"product_tag-tritan-bpa-free-fitness-sports-water-bottles","24":"product_tag-white-water-bottle","25":"product_tag-wholesale","27":"first","28":"instock","29":"shipping-taxable","30":"product-type-simple"},"acf":[],"yoast_head":"<!-- This site is optimized with the Yoast SEO Premium plugin v27.5 (Yoast SEO v27.5) - https:\/\/yoast.com\/product\/yoast-seo-premium-wordpress\/ -->\n<title>Large Sports Water Bottle - Diller Water Bottle Manufacturer<\/title>\n<meta name=\"description\" content=\"As one of the best large sports water bottle manufacturers and suppliers, we are engaged in manufacturing good quality water bottles. We warmly welcome you to wholesale or buy custom made large sports water bottle at competitive price from us. Also, small quantity orders are acceptable.\" \/>\n<meta name=\"robots\" content=\"index, follow, max-snippet:-1, max-image-preview:large, max-video-preview:-1\" \/>\n<link rel=\"canonical\" href=\"https:\/\/www.dillerbottle.com\/tr\/urunler\/buyuk-spor-su-sisesi\" \/>\n<meta property=\"og:locale\" content=\"tr_TR\" \/>\n<meta property=\"og:type\" content=\"article\" \/>\n<meta property=\"og:title\" content=\"Large Sports Water Bottle\" \/>\n<meta property=\"og:description\" content=\"As one of the best large sports water bottle manufacturers and suppliers, we are engaged in manufacturing good quality water bottles. We warmly welcome you to wholesale or buy custom made large sports water bottle at competitive price from us. Also, small quantity orders are acceptable.\" \/>\n<meta property=\"og:url\" content=\"https:\/\/www.dillerbottle.com\/tr\/urunler\/buyuk-spor-su-sisesi\" \/>\n<meta property=\"og:site_name\" content=\"Diller Water Bottle Manufacturer\" \/>\n<meta property=\"article:modified_time\" content=\"2025-07-10T03:55:51+00:00\" \/>\n<meta property=\"og:image\" content=\"https:\/\/www.dillerbottle.com\/wp-content\/uploads\/2024\/09\/large-sports-water-bottle6108d020-6fa5-45b3-a3c4-5e9e47b82051.jpg\" \/>\n\t<meta property=\"og:image:width\" content=\"730\" \/>\n\t<meta property=\"og:image:height\" content=\"730\" \/>\n\t<meta property=\"og:image:type\" content=\"image\/jpeg\" \/>\n<meta name=\"twitter:card\" content=\"summary_large_image\" \/>\n<meta name=\"twitter:label1\" content=\"Tahmini okuma s\u00fcresi\" \/>\n\t<meta name=\"twitter:data1\" content=\"2 dakika\" \/>\n<script type=\"application\/ld+json\" class=\"yoast-schema-graph\">{\"@context\":\"https:\\\/\\\/schema.org\",\"@graph\":[{\"@type\":\"WebPage\",\"@id\":\"https:\\\/\\\/www.dillerbottle.com\\\/pt\\\/produtos\\\/grande-garrafa-de-agua-esportiva\",\"url\":\"https:\\\/\\\/www.dillerbottle.com\\\/pt\\\/produtos\\\/grande-garrafa-de-agua-esportiva\",\"name\":\"Large Sports Water Bottle - Diller Water Bottle Manufacturer\",\"isPartOf\":{\"@id\":\"https:\\\/\\\/www.dillerbottle.com\\\/#website\"},\"primaryImageOfPage\":{\"@id\":\"https:\\\/\\\/www.dillerbottle.com\\\/pt\\\/produtos\\\/grande-garrafa-de-agua-esportiva#primaryimage\"},\"image\":{\"@id\":\"https:\\\/\\\/www.dillerbottle.com\\\/pt\\\/produtos\\\/grande-garrafa-de-agua-esportiva#primaryimage\"},\"thumbnailUrl\":\"https:\\\/\\\/www.dillerbottle.com\\\/wp-content\\\/uploads\\\/2024\\\/09\\\/large-sports-water-bottle6108d020-6fa5-45b3-a3c4-5e9e47b82051.jpg\",\"datePublished\":\"2024-09-27T09:57:08+00:00\",\"dateModified\":\"2025-07-10T03:55:51+00:00\",\"description\":\"As one of the best large sports water bottle manufacturers and suppliers, we are engaged in manufacturing good quality water bottles. We warmly welcome you to wholesale or buy custom made large sports water bottle at competitive price from us. Also, small quantity orders are acceptable.\",\"breadcrumb\":{\"@id\":\"https:\\\/\\\/www.dillerbottle.com\\\/pt\\\/produtos\\\/grande-garrafa-de-agua-esportiva#breadcrumb\"},\"inLanguage\":\"tr\",\"potentialAction\":[{\"@type\":\"ReadAction\",\"target\":[\"https:\\\/\\\/www.dillerbottle.com\\\/pt\\\/produtos\\\/grande-garrafa-de-agua-esportiva\"]}]},{\"@type\":\"ImageObject\",\"inLanguage\":\"tr\",\"@id\":\"https:\\\/\\\/www.dillerbottle.com\\\/pt\\\/produtos\\\/grande-garrafa-de-agua-esportiva#primaryimage\",\"url\":\"https:\\\/\\\/www.dillerbottle.com\\\/wp-content\\\/uploads\\\/2024\\\/09\\\/large-sports-water-bottle6108d020-6fa5-45b3-a3c4-5e9e47b82051.jpg\",\"contentUrl\":\"https:\\\/\\\/www.dillerbottle.com\\\/wp-content\\\/uploads\\\/2024\\\/09\\\/large-sports-water-bottle6108d020-6fa5-45b3-a3c4-5e9e47b82051.jpg\",\"width\":730,\"height\":730},{\"@type\":\"BreadcrumbList\",\"@id\":\"https:\\\/\\\/www.dillerbottle.com\\\/pt\\\/produtos\\\/grande-garrafa-de-agua-esportiva#breadcrumb\",\"itemListElement\":[{\"@type\":\"ListItem\",\"position\":1,\"name\":\"Home\",\"item\":\"https:\\\/\\\/www.dillerbottle.com\\\/\"},{\"@type\":\"ListItem\",\"position\":2,\"name\":\"Products\",\"item\":\"https:\\\/\\\/www.dillerbottle.com\\\/shop\"},{\"@type\":\"ListItem\",\"position\":3,\"name\":\"Large Sports Water Bottle\"}]},{\"@type\":\"WebSite\",\"@id\":\"https:\\\/\\\/www.dillerbottle.com\\\/#website\",\"url\":\"https:\\\/\\\/www.dillerbottle.com\\\/\",\"name\":\"Diller Water Bottle Manufacturer\",\"description\":\"Water Bottle Manufacturer\",\"publisher\":{\"@id\":\"https:\\\/\\\/www.dillerbottle.com\\\/#organization\"},\"potentialAction\":[{\"@type\":\"SearchAction\",\"target\":{\"@type\":\"EntryPoint\",\"urlTemplate\":\"https:\\\/\\\/www.dillerbottle.com\\\/?s={search_term_string}\"},\"query-input\":{\"@type\":\"PropertyValueSpecification\",\"valueRequired\":true,\"valueName\":\"search_term_string\"}}],\"inLanguage\":\"tr\"},{\"@type\":\"Organization\",\"@id\":\"https:\\\/\\\/www.dillerbottle.com\\\/#organization\",\"name\":\"Diller Water Bottle Manufacturer\",\"url\":\"https:\\\/\\\/www.dillerbottle.com\\\/\",\"logo\":{\"@type\":\"ImageObject\",\"inLanguage\":\"tr\",\"@id\":\"https:\\\/\\\/www.dillerbottle.com\\\/#\\\/schema\\\/logo\\\/image\\\/\",\"url\":\"https:\\\/\\\/www.dillerbottle.com\\\/wp-content\\\/uploads\\\/2024\\\/09\\\/49918bfa848dcc1e9f8b509933603ac.png\",\"contentUrl\":\"https:\\\/\\\/www.dillerbottle.com\\\/wp-content\\\/uploads\\\/2024\\\/09\\\/49918bfa848dcc1e9f8b509933603ac.png\",\"width\":988,\"height\":198,\"caption\":\"Diller Water Bottle Manufacturer\"},\"image\":{\"@id\":\"https:\\\/\\\/www.dillerbottle.com\\\/#\\\/schema\\\/logo\\\/image\\\/\"}}]}<\/script>\n<!-- \/ Yoast SEO Premium plugin. -->","yoast_head_json":{"title":"B\u00fcy\u00fck Spor Su \u015ei\u015fesi - Diller Su \u015ei\u015fesi \u00dcreticisi","description":"En iyi b\u00fcy\u00fck spor su \u015fi\u015fesi \u00fcreticilerinden ve tedarik\u00e7ilerinden biri olarak, kaliteli su \u015fi\u015feleri \u00fcretiyoruz. Toptan sat\u0131\u015f yapman\u0131z\u0131 veya bizden rekabet\u00e7i fiyatlarla \u00f6zel yap\u0131m b\u00fcy\u00fck spor su \u015fi\u015fesi sat\u0131n alman\u0131z\u0131 i\u00e7tenlikle bekliyoruz. Ayr\u0131ca, k\u00fc\u00e7\u00fck miktardaki sipari\u015fler de kabul edilebilir.","robots":{"index":"index","follow":"follow","max-snippet":"max-snippet:-1","max-image-preview":"max-image-preview:large","max-video-preview":"max-video-preview:-1"},"canonical":"https:\/\/www.dillerbottle.com\/tr\/urunler\/buyuk-spor-su-sisesi","og_locale":"tr_TR","og_type":"article","og_title":"Large Sports Water Bottle","og_description":"As one of the best large sports water bottle manufacturers and suppliers, we are engaged in manufacturing good quality water bottles. We warmly welcome you to wholesale or buy custom made large sports water bottle at competitive price from us. Also, small quantity orders are acceptable.","og_url":"https:\/\/www.dillerbottle.com\/tr\/urunler\/buyuk-spor-su-sisesi","og_site_name":"Diller Water Bottle Manufacturer","article_modified_time":"2025-07-10T03:55:51+00:00","og_image":[{"width":730,"height":730,"url":"https:\/\/www.dillerbottle.com\/wp-content\/uploads\/2024\/09\/large-sports-water-bottle6108d020-6fa5-45b3-a3c4-5e9e47b82051.jpg","type":"image\/jpeg"}],"twitter_card":"summary_large_image","twitter_misc":{"Tahmini okuma s\u00fcresi":"2 dakika"},"schema":{"@context":"https:\/\/schema.org","@graph":[{"@type":"WebPage","@id":"https:\/\/www.dillerbottle.com\/pt\/produtos\/grande-garrafa-de-agua-esportiva","url":"https:\/\/www.dillerbottle.com\/pt\/produtos\/grande-garrafa-de-agua-esportiva","name":"B\u00fcy\u00fck Spor Su \u015ei\u015fesi - Diller Su \u015ei\u015fesi \u00dcreticisi","isPartOf":{"@id":"https:\/\/www.dillerbottle.com\/#website"},"primaryImageOfPage":{"@id":"https:\/\/www.dillerbottle.com\/pt\/produtos\/grande-garrafa-de-agua-esportiva#primaryimage"},"image":{"@id":"https:\/\/www.dillerbottle.com\/pt\/produtos\/grande-garrafa-de-agua-esportiva#primaryimage"},"thumbnailUrl":"https:\/\/www.dillerbottle.com\/wp-content\/uploads\/2024\/09\/large-sports-water-bottle6108d020-6fa5-45b3-a3c4-5e9e47b82051.jpg","datePublished":"2024-09-27T09:57:08+00:00","dateModified":"2025-07-10T03:55:51+00:00","description":"En iyi b\u00fcy\u00fck spor su \u015fi\u015fesi \u00fcreticilerinden ve tedarik\u00e7ilerinden biri olarak, kaliteli su \u015fi\u015feleri \u00fcretiyoruz. Toptan sat\u0131\u015f yapman\u0131z\u0131 veya bizden rekabet\u00e7i fiyatlarla \u00f6zel yap\u0131m b\u00fcy\u00fck spor su \u015fi\u015fesi sat\u0131n alman\u0131z\u0131 i\u00e7tenlikle bekliyoruz. Ayr\u0131ca, k\u00fc\u00e7\u00fck miktardaki sipari\u015fler de kabul edilebilir.","breadcrumb":{"@id":"https:\/\/www.dillerbottle.com\/pt\/produtos\/grande-garrafa-de-agua-esportiva#breadcrumb"},"inLanguage":"tr","potentialAction":[{"@type":"ReadAction","target":["https:\/\/www.dillerbottle.com\/pt\/produtos\/grande-garrafa-de-agua-esportiva"]}]},{"@type":"ImageObject","inLanguage":"tr","@id":"https:\/\/www.dillerbottle.com\/pt\/produtos\/grande-garrafa-de-agua-esportiva#primaryimage","url":"https:\/\/www.dillerbottle.com\/wp-content\/uploads\/2024\/09\/large-sports-water-bottle6108d020-6fa5-45b3-a3c4-5e9e47b82051.jpg","contentUrl":"https:\/\/www.dillerbottle.com\/wp-content\/uploads\/2024\/09\/large-sports-water-bottle6108d020-6fa5-45b3-a3c4-5e9e47b82051.jpg","width":730,"height":730},{"@type":"BreadcrumbList","@id":"https:\/\/www.dillerbottle.com\/pt\/produtos\/grande-garrafa-de-agua-esportiva#breadcrumb","itemListElement":[{"@type":"ListItem","position":1,"name":"Home","item":"https:\/\/www.dillerbottle.com\/"},{"@type":"ListItem","position":2,"name":"Products","item":"https:\/\/www.dillerbottle.com\/shop"},{"@type":"ListItem","position":3,"name":"Large Sports Water Bottle"}]},{"@type":"WebSite","@id":"https:\/\/www.dillerbottle.com\/#website","url":"https:\/\/www.dillerbottle.com\/","name":"Diller Su \u015ei\u015fesi \u00dcreticisi","description":"Su \u015ei\u015fesi \u00dcreticisi","publisher":{"@id":"https:\/\/www.dillerbottle.com\/#organization"},"potentialAction":[{"@type":"SearchAction","target":{"@type":"EntryPoint","urlTemplate":"https:\/\/www.dillerbottle.com\/?s={search_term_string}"},"query-input":{"@type":"PropertyValueSpecification","valueRequired":true,"valueName":"search_term_string"}}],"inLanguage":"tr"},{"@type":"Organization","@id":"https:\/\/www.dillerbottle.com\/#organization","name":"Diller Su \u015ei\u015fesi \u00dcreticisi","url":"https:\/\/www.dillerbottle.com\/","logo":{"@type":"ImageObject","inLanguage":"tr","@id":"https:\/\/www.dillerbottle.com\/#\/schema\/logo\/image\/","url":"https:\/\/www.dillerbottle.com\/wp-content\/uploads\/2024\/09\/49918bfa848dcc1e9f8b509933603ac.png","contentUrl":"https:\/\/www.dillerbottle.com\/wp-content\/uploads\/2024\/09\/49918bfa848dcc1e9f8b509933603ac.png","width":988,"height":198,"caption":"Diller Water Bottle Manufacturer"},"image":{"@id":"https:\/\/www.dillerbottle.com\/#\/schema\/logo\/image\/"}}]}},"_links":{"self":[{"href":"https:\/\/www.dillerbottle.com\/tr\/wp-json\/wp\/v2\/product\/5348","targetHints":{"allow":["GET"]}}],"collection":[{"href":"https:\/\/www.dillerbottle.com\/tr\/wp-json\/wp\/v2\/product"}],"about":[{"href":"https:\/\/www.dillerbottle.com\/tr\/wp-json\/wp\/v2\/types\/product"}],"replies":[{"embeddable":true,"href":"https:\/\/www.dillerbottle.com\/tr\/wp-json\/wp\/v2\/comments?post=5348"}],"wp:featuredmedia":[{"embeddable":true,"href":"https:\/\/www.dillerbottle.com\/tr\/wp-json\/wp\/v2\/media\/5349"}],"wp:attachment":[{"href":"https:\/\/www.dillerbottle.com\/tr\/wp-json\/wp\/v2\/media?parent=5348"}],"wp:term":[{"taxonomy":"product_brand","embeddable":true,"href":"https:\/\/www.dillerbottle.com\/tr\/wp-json\/wp\/v2\/product_brand?post=5348"},{"taxonomy":"product_cat","embeddable":true,"href":"https:\/\/www.dillerbottle.com\/tr\/wp-json\/wp\/v2\/product_cat?post=5348"},{"taxonomy":"product_tag","embeddable":true,"href":"https:\/\/www.dillerbottle.com\/tr\/wp-json\/wp\/v2\/product_tag?post=5348"}],"curies":[{"name":"wp","href":"https:\/\/api.w.org\/{rel}","templated":true}]}}