{"id":5570,"date":"2024-09-27T17:59:26","date_gmt":"2024-09-27T09:59:26","guid":{"rendered":"https:\/\/demo.dillerbottle.com\/uncategorized\/drinking-water-bottles-plastic"},"modified":"2025-07-10T11:47:09","modified_gmt":"2025-07-10T03:47:09","slug":"icme-suyu-siseleri-plastik","status":"publish","type":"product","link":"https:\/\/www.dillerbottle.com\/tr\/products\/drinking-water-bottles-plastic","title":{"rendered":"\u0130\u00e7me Suyu \u015ei\u015feleri Plastik"},"content":{"rendered":"<p>\u0130\u00e7me suyu \u015fi\u015feleri plastik<br \/>\n\u00d6zellikler:<br \/>\n1. G\u00fcvenlik, dikkate ald\u0131\u011f\u0131m\u0131z en \u00f6nemli fakt\u00f6rd\u00fcr. Tritan y\u00fcksek performansl\u0131 \u015feffaf malzeme kullan\u0131yoruz \u00e7\u00fcnk\u00fc Tritan 100% BPA, BPS veya di\u011fer herhangi bir bisfenolden ar\u0131nd\u0131r\u0131lm\u0131\u015ft\u0131r. Tritan plastikten \u00fcretilen plastik i\u00e7me \u015fi\u015feleri \u015feffaft\u0131r, dayan\u0131kl\u0131d\u0131r ve su \u015fi\u015felerinin zararl\u0131 kimyasallar veya garip plastik aromalar\u0131 \u00fcretmemesini sa\u011flar.<\/p>\n<p>2.;\u0130\u00e7me kapa\u011f\u0131, g\u00fcvenli kapak kilidi ve kapak ile a\u011f\u0131z aras\u0131ndaki conta halkas\u0131, yanl\u0131\u015fl\u0131kla yere d\u00fc\u015fse bile s\u0131z\u0131nt\u0131 olmas\u0131n\u0131 engeller.<\/p>\n<p>3. Bu plastik i\u00e7me suyu \u015fi\u015fesi y\u00fcr\u00fcy\u00fc\u015f, bisiklet, kamp, ko\u015fu, Yoga, okulda, i\u015fte, evde, spor salonunda ve ofiste kullan\u0131m i\u00e7in m\u00fckemmeldir.<\/p>\n<p>4.;Geni\u015f a\u011f\u0131z par\u00e7as\u0131, su e\u015fit ve d\u00fczg\u00fcn bir \u015fekilde akar. Yumu\u015fak ve rahat pipet, kapa\u011f\u0131n olu\u011funa m\u00fckemmel bir \u015fekilde yerle\u015ftirilmi\u015ftir, pipetten i\u00e7meniz gerekti\u011finde, tek elinizle kapa\u011f\u0131n \u00fczerindeki d\u00fc\u011fmeyi a\u00e7man\u0131z yeterlidir, i\u00e7eride gizlenen pipet sizin rahat\u0131n\u0131z i\u00e7in d\u0131\u015far\u0131 \u00e7\u0131kacakt\u0131r. Cihaz \u00e7ok, \u00e7ok hafiftir ve bile\u011finizde ta\u015f\u0131man\u0131z i\u00e7in bir kay\u0131\u015f\u0131 vard\u0131r.<\/p>","protected":false},"excerpt":{"rendered":"<p>G\u00fcvenlik, bizim i\u00e7in en \u00f6nemli unsurdur.<br \/>\nTritan plastikten \u00fcretilen plastik i\u00e7me \u015fi\u015feleri \u015feffaft\u0131r, dayan\u0131kl\u0131d\u0131r ve su \u015fi\u015felerinin zararl\u0131 kimyasallar veya garip plastik aromalar\u0131 \u00fcretmemesini sa\u011flar.<br \/>\nBu 34oz plastik i\u00e7me suyu \u015fi\u015fesi, g\u00fcn boyunca su i\u00e7mek i\u00e7in en iyi zaman\u0131 hat\u0131rlatmak i\u00e7in dikkat \u00e7ekici bir zaman damgas\u0131yla i\u015faretlenmi\u015ftir ve su al\u0131m\u0131n\u0131z\u0131n g\u00fcn boyunca d\u00fczenli kalmas\u0131n\u0131 sa\u011flar.<br \/>\nOEM ve OEM kabul edilebilir.<br \/>\nPlastik i\u00e7me suyu \u015fi\u015felerini ihtiya\u00e7lar\u0131n\u0131za g\u00f6re \u00f6zelle\u015ftirebiliriz.<br \/>\nToptan sat\u0131n almaya ho\u015f geldiniz, hemen soru\u015fturma g\u00f6nderin!<\/p>","protected":false},"featured_media":5571,"comment_status":"open","ping_status":"closed","template":"","meta":{"_acf_changed":false},"product_brand":[],"product_cat":[309],"product_tag":[32,36,33,320,31,462,363,39,38,398,29,37,459,34,35,28,44,463,30],"class_list":{"0":"post-5570","1":"product","2":"type-product","3":"status-publish","4":"has-post-thumbnail","6":"product_cat-plastic-water-bottle","7":"product_tag-best","8":"product_tag-bulk","9":"product_tag-buy","10":"product_tag-cartoon-plastic-water-bottle","11":"product_tag-custom","12":"product_tag-drinking-water-bottles-plastic","13":"product_tag-eco-friendly-water-bottles-wholesale","14":"product_tag-for-sale","15":"product_tag-good-quality","16":"product_tag-leak-proof-water-bottle-with-carry-handle","17":"product_tag-manufacturers","18":"product_tag-manufacturing","19":"product_tag-plastic-water-bottle-1000-ml","20":"product_tag-price","21":"product_tag-small","22":"product_tag-suppliers","23":"product_tag-transparent-with-time-scale-water-bottle","24":"product_tag-water-bottles-2023","25":"product_tag-wholesale","27":"first","28":"instock","29":"shipping-taxable","30":"product-type-simple"},"acf":[],"yoast_head":"<!-- This site is optimized with the Yoast SEO Premium plugin v27.5 (Yoast SEO v27.5) - https:\/\/yoast.com\/product\/yoast-seo-premium-wordpress\/ -->\n<title>Drinking Water Bottles Plastic - Diller Water Bottle Manufacturer<\/title>\n<meta name=\"description\" content=\"As one of the best drinking water bottles plastic manufacturers and suppliers, we are engaged in manufacturing good quality water bottles. We warmly welcome you to wholesale or buy custom made drinking water bottles plastic at competitive price from us. Also, small quantity orders are acceptable.\" \/>\n<meta name=\"robots\" content=\"index, follow, max-snippet:-1, max-image-preview:large, max-video-preview:-1\" \/>\n<link rel=\"canonical\" href=\"https:\/\/www.dillerbottle.com\/tr\/urunler\/icme-suyu-siseleri-plastik\" \/>\n<meta property=\"og:locale\" content=\"tr_TR\" \/>\n<meta property=\"og:type\" content=\"article\" \/>\n<meta property=\"og:title\" content=\"Drinking Water Bottles Plastic\" \/>\n<meta property=\"og:description\" content=\"As one of the best drinking water bottles plastic manufacturers and suppliers, we are engaged in manufacturing good quality water bottles. We warmly welcome you to wholesale or buy custom made drinking water bottles plastic at competitive price from us. Also, small quantity orders are acceptable.\" \/>\n<meta property=\"og:url\" content=\"https:\/\/www.dillerbottle.com\/tr\/urunler\/icme-suyu-siseleri-plastik\" \/>\n<meta property=\"og:site_name\" content=\"Diller Water Bottle Manufacturer\" \/>\n<meta property=\"article:modified_time\" content=\"2025-07-10T03:47:09+00:00\" \/>\n<meta property=\"og:image\" content=\"https:\/\/www.dillerbottle.com\/wp-content\/uploads\/2024\/09\/drinking-water-bottles-plastic43078338465.jpg\" \/>\n\t<meta property=\"og:image:width\" content=\"730\" \/>\n\t<meta property=\"og:image:height\" content=\"730\" \/>\n\t<meta property=\"og:image:type\" content=\"image\/jpeg\" \/>\n<meta name=\"twitter:card\" content=\"summary_large_image\" \/>\n<meta name=\"twitter:label1\" content=\"Tahmini okuma s\u00fcresi\" \/>\n\t<meta name=\"twitter:data1\" content=\"2 dakika\" \/>\n<script type=\"application\/ld+json\" class=\"yoast-schema-graph\">{\"@context\":\"https:\\\/\\\/schema.org\",\"@graph\":[{\"@type\":\"WebPage\",\"@id\":\"https:\\\/\\\/www.dillerbottle.com\\\/products\\\/drinking-water-bottles-plastic\",\"url\":\"https:\\\/\\\/www.dillerbottle.com\\\/products\\\/drinking-water-bottles-plastic\",\"name\":\"Drinking Water Bottles Plastic - Diller Water Bottle Manufacturer\",\"isPartOf\":{\"@id\":\"https:\\\/\\\/www.dillerbottle.com\\\/#website\"},\"primaryImageOfPage\":{\"@id\":\"https:\\\/\\\/www.dillerbottle.com\\\/products\\\/drinking-water-bottles-plastic#primaryimage\"},\"image\":{\"@id\":\"https:\\\/\\\/www.dillerbottle.com\\\/products\\\/drinking-water-bottles-plastic#primaryimage\"},\"thumbnailUrl\":\"https:\\\/\\\/www.dillerbottle.com\\\/wp-content\\\/uploads\\\/2024\\\/09\\\/drinking-water-bottles-plastic43078338465.jpg\",\"datePublished\":\"2024-09-27T09:59:26+00:00\",\"dateModified\":\"2025-07-10T03:47:09+00:00\",\"description\":\"As one of the best drinking water bottles plastic manufacturers and suppliers, we are engaged in manufacturing good quality water bottles. We warmly welcome you to wholesale or buy custom made drinking water bottles plastic at competitive price from us. Also, small quantity orders are acceptable.\",\"breadcrumb\":{\"@id\":\"https:\\\/\\\/www.dillerbottle.com\\\/products\\\/drinking-water-bottles-plastic#breadcrumb\"},\"inLanguage\":\"tr\",\"potentialAction\":[{\"@type\":\"ReadAction\",\"target\":[\"https:\\\/\\\/www.dillerbottle.com\\\/products\\\/drinking-water-bottles-plastic\"]}]},{\"@type\":\"ImageObject\",\"inLanguage\":\"tr\",\"@id\":\"https:\\\/\\\/www.dillerbottle.com\\\/products\\\/drinking-water-bottles-plastic#primaryimage\",\"url\":\"https:\\\/\\\/www.dillerbottle.com\\\/wp-content\\\/uploads\\\/2024\\\/09\\\/drinking-water-bottles-plastic43078338465.jpg\",\"contentUrl\":\"https:\\\/\\\/www.dillerbottle.com\\\/wp-content\\\/uploads\\\/2024\\\/09\\\/drinking-water-bottles-plastic43078338465.jpg\",\"width\":730,\"height\":730},{\"@type\":\"BreadcrumbList\",\"@id\":\"https:\\\/\\\/www.dillerbottle.com\\\/products\\\/drinking-water-bottles-plastic#breadcrumb\",\"itemListElement\":[{\"@type\":\"ListItem\",\"position\":1,\"name\":\"Home\",\"item\":\"https:\\\/\\\/www.dillerbottle.com\\\/\"},{\"@type\":\"ListItem\",\"position\":2,\"name\":\"Products\",\"item\":\"https:\\\/\\\/www.dillerbottle.com\\\/shop\"},{\"@type\":\"ListItem\",\"position\":3,\"name\":\"Drinking Water Bottles Plastic\"}]},{\"@type\":\"WebSite\",\"@id\":\"https:\\\/\\\/www.dillerbottle.com\\\/#website\",\"url\":\"https:\\\/\\\/www.dillerbottle.com\\\/\",\"name\":\"Diller Water Bottle Manufacturer\",\"description\":\"Water Bottle Manufacturer\",\"publisher\":{\"@id\":\"https:\\\/\\\/www.dillerbottle.com\\\/#organization\"},\"potentialAction\":[{\"@type\":\"SearchAction\",\"target\":{\"@type\":\"EntryPoint\",\"urlTemplate\":\"https:\\\/\\\/www.dillerbottle.com\\\/?s={search_term_string}\"},\"query-input\":{\"@type\":\"PropertyValueSpecification\",\"valueRequired\":true,\"valueName\":\"search_term_string\"}}],\"inLanguage\":\"tr\"},{\"@type\":\"Organization\",\"@id\":\"https:\\\/\\\/www.dillerbottle.com\\\/#organization\",\"name\":\"Diller Water Bottle Manufacturer\",\"url\":\"https:\\\/\\\/www.dillerbottle.com\\\/\",\"logo\":{\"@type\":\"ImageObject\",\"inLanguage\":\"tr\",\"@id\":\"https:\\\/\\\/www.dillerbottle.com\\\/#\\\/schema\\\/logo\\\/image\\\/\",\"url\":\"https:\\\/\\\/www.dillerbottle.com\\\/wp-content\\\/uploads\\\/2024\\\/09\\\/49918bfa848dcc1e9f8b509933603ac.png\",\"contentUrl\":\"https:\\\/\\\/www.dillerbottle.com\\\/wp-content\\\/uploads\\\/2024\\\/09\\\/49918bfa848dcc1e9f8b509933603ac.png\",\"width\":988,\"height\":198,\"caption\":\"Diller Water Bottle Manufacturer\"},\"image\":{\"@id\":\"https:\\\/\\\/www.dillerbottle.com\\\/#\\\/schema\\\/logo\\\/image\\\/\"}}]}<\/script>\n<!-- \/ Yoast SEO Premium plugin. -->","yoast_head_json":{"title":"\u0130\u00e7me Suyu \u015ei\u015feleri Plastik - Diller Su \u015ei\u015fesi \u00dcreticisi","description":"En iyi i\u00e7me suyu \u015fi\u015fesi plastik \u00fcreticilerinden ve tedarik\u00e7ilerinden biri olarak, kaliteli su \u015fi\u015feleri \u00fcretiyoruz. Sizleri toptan i\u00e7me suyu \u015fi\u015fesi plastiklerini rekabet\u00e7i fiyatlarla bizden sat\u0131n almaya veya \u00f6zel yap\u0131m i\u00e7me suyu \u015fi\u015fesi plastiklerini sat\u0131n almaya davet ediyoruz. Ayr\u0131ca, k\u00fc\u00e7\u00fck miktardaki sipari\u015fler de kabul edilebilir.","robots":{"index":"index","follow":"follow","max-snippet":"max-snippet:-1","max-image-preview":"max-image-preview:large","max-video-preview":"max-video-preview:-1"},"canonical":"https:\/\/www.dillerbottle.com\/tr\/urunler\/icme-suyu-siseleri-plastik","og_locale":"tr_TR","og_type":"article","og_title":"Drinking Water Bottles Plastic","og_description":"As one of the best drinking water bottles plastic manufacturers and suppliers, we are engaged in manufacturing good quality water bottles. We warmly welcome you to wholesale or buy custom made drinking water bottles plastic at competitive price from us. Also, small quantity orders are acceptable.","og_url":"https:\/\/www.dillerbottle.com\/tr\/urunler\/icme-suyu-siseleri-plastik","og_site_name":"Diller Water Bottle Manufacturer","article_modified_time":"2025-07-10T03:47:09+00:00","og_image":[{"width":730,"height":730,"url":"https:\/\/www.dillerbottle.com\/wp-content\/uploads\/2024\/09\/drinking-water-bottles-plastic43078338465.jpg","type":"image\/jpeg"}],"twitter_card":"summary_large_image","twitter_misc":{"Tahmini okuma s\u00fcresi":"2 dakika"},"schema":{"@context":"https:\/\/schema.org","@graph":[{"@type":"WebPage","@id":"https:\/\/www.dillerbottle.com\/products\/drinking-water-bottles-plastic","url":"https:\/\/www.dillerbottle.com\/products\/drinking-water-bottles-plastic","name":"\u0130\u00e7me Suyu \u015ei\u015feleri Plastik - Diller Su \u015ei\u015fesi \u00dcreticisi","isPartOf":{"@id":"https:\/\/www.dillerbottle.com\/#website"},"primaryImageOfPage":{"@id":"https:\/\/www.dillerbottle.com\/products\/drinking-water-bottles-plastic#primaryimage"},"image":{"@id":"https:\/\/www.dillerbottle.com\/products\/drinking-water-bottles-plastic#primaryimage"},"thumbnailUrl":"https:\/\/www.dillerbottle.com\/wp-content\/uploads\/2024\/09\/drinking-water-bottles-plastic43078338465.jpg","datePublished":"2024-09-27T09:59:26+00:00","dateModified":"2025-07-10T03:47:09+00:00","description":"En iyi i\u00e7me suyu \u015fi\u015fesi plastik \u00fcreticilerinden ve tedarik\u00e7ilerinden biri olarak, kaliteli su \u015fi\u015feleri \u00fcretiyoruz. Sizleri toptan i\u00e7me suyu \u015fi\u015fesi plastiklerini rekabet\u00e7i fiyatlarla bizden sat\u0131n almaya veya \u00f6zel yap\u0131m i\u00e7me suyu \u015fi\u015fesi plastiklerini sat\u0131n almaya davet ediyoruz. Ayr\u0131ca, k\u00fc\u00e7\u00fck miktardaki sipari\u015fler de kabul edilebilir.","breadcrumb":{"@id":"https:\/\/www.dillerbottle.com\/products\/drinking-water-bottles-plastic#breadcrumb"},"inLanguage":"tr","potentialAction":[{"@type":"ReadAction","target":["https:\/\/www.dillerbottle.com\/products\/drinking-water-bottles-plastic"]}]},{"@type":"ImageObject","inLanguage":"tr","@id":"https:\/\/www.dillerbottle.com\/products\/drinking-water-bottles-plastic#primaryimage","url":"https:\/\/www.dillerbottle.com\/wp-content\/uploads\/2024\/09\/drinking-water-bottles-plastic43078338465.jpg","contentUrl":"https:\/\/www.dillerbottle.com\/wp-content\/uploads\/2024\/09\/drinking-water-bottles-plastic43078338465.jpg","width":730,"height":730},{"@type":"BreadcrumbList","@id":"https:\/\/www.dillerbottle.com\/products\/drinking-water-bottles-plastic#breadcrumb","itemListElement":[{"@type":"ListItem","position":1,"name":"Home","item":"https:\/\/www.dillerbottle.com\/"},{"@type":"ListItem","position":2,"name":"Products","item":"https:\/\/www.dillerbottle.com\/shop"},{"@type":"ListItem","position":3,"name":"Drinking Water Bottles Plastic"}]},{"@type":"WebSite","@id":"https:\/\/www.dillerbottle.com\/#website","url":"https:\/\/www.dillerbottle.com\/","name":"Diller Su \u015ei\u015fesi \u00dcreticisi","description":"Su \u015ei\u015fesi \u00dcreticisi","publisher":{"@id":"https:\/\/www.dillerbottle.com\/#organization"},"potentialAction":[{"@type":"SearchAction","target":{"@type":"EntryPoint","urlTemplate":"https:\/\/www.dillerbottle.com\/?s={search_term_string}"},"query-input":{"@type":"PropertyValueSpecification","valueRequired":true,"valueName":"search_term_string"}}],"inLanguage":"tr"},{"@type":"Organization","@id":"https:\/\/www.dillerbottle.com\/#organization","name":"Diller Su \u015ei\u015fesi \u00dcreticisi","url":"https:\/\/www.dillerbottle.com\/","logo":{"@type":"ImageObject","inLanguage":"tr","@id":"https:\/\/www.dillerbottle.com\/#\/schema\/logo\/image\/","url":"https:\/\/www.dillerbottle.com\/wp-content\/uploads\/2024\/09\/49918bfa848dcc1e9f8b509933603ac.png","contentUrl":"https:\/\/www.dillerbottle.com\/wp-content\/uploads\/2024\/09\/49918bfa848dcc1e9f8b509933603ac.png","width":988,"height":198,"caption":"Diller Water Bottle Manufacturer"},"image":{"@id":"https:\/\/www.dillerbottle.com\/#\/schema\/logo\/image\/"}}]}},"_links":{"self":[{"href":"https:\/\/www.dillerbottle.com\/tr\/wp-json\/wp\/v2\/product\/5570","targetHints":{"allow":["GET"]}}],"collection":[{"href":"https:\/\/www.dillerbottle.com\/tr\/wp-json\/wp\/v2\/product"}],"about":[{"href":"https:\/\/www.dillerbottle.com\/tr\/wp-json\/wp\/v2\/types\/product"}],"replies":[{"embeddable":true,"href":"https:\/\/www.dillerbottle.com\/tr\/wp-json\/wp\/v2\/comments?post=5570"}],"wp:featuredmedia":[{"embeddable":true,"href":"https:\/\/www.dillerbottle.com\/tr\/wp-json\/wp\/v2\/media\/5571"}],"wp:attachment":[{"href":"https:\/\/www.dillerbottle.com\/tr\/wp-json\/wp\/v2\/media?parent=5570"}],"wp:term":[{"taxonomy":"product_brand","embeddable":true,"href":"https:\/\/www.dillerbottle.com\/tr\/wp-json\/wp\/v2\/product_brand?post=5570"},{"taxonomy":"product_cat","embeddable":true,"href":"https:\/\/www.dillerbottle.com\/tr\/wp-json\/wp\/v2\/product_cat?post=5570"},{"taxonomy":"product_tag","embeddable":true,"href":"https:\/\/www.dillerbottle.com\/tr\/wp-json\/wp\/v2\/product_tag?post=5570"}],"curies":[{"name":"wp","href":"https:\/\/api.w.org\/{rel}","templated":true}]}}