{"id":5805,"date":"2024-09-27T18:01:43","date_gmt":"2024-09-27T10:01:43","guid":{"rendered":"https:\/\/demo.dillerbottle.com\/uncategorized\/empty-plastic-water-bottles"},"modified":"2025-07-09T18:03:31","modified_gmt":"2025-07-09T10:03:31","slug":"bos-plastik-su-siseleri","status":"publish","type":"product","link":"https:\/\/www.dillerbottle.com\/tr\/products\/empty-plastic-water-bottles","title":{"rendered":"Bo\u015f Plastik Su \u015ei\u015feleri"},"content":{"rendered":"<p>\u00d6zellikler :<br \/>\n1. Tritan Spor \u015ei\u015fesi a\u00e7\u0131l\u0131r kapan\u0131r kapak, ko\u015farken, egzersiz yaparken veya oyunun ortas\u0131nda h\u0131zl\u0131 bir i\u00e7ecek alman\u0131z\u0131 sa\u011flar. 100% s\u0131z\u0131nt\u0131 ve d\u00f6k\u00fclmeleri \u00f6nlemek i\u00e7in s\u0131zd\u0131rmaz kapak. Spor Salonu, Yoga, Ko\u015fucular, Atletler, MMA, Crossfit, Seyahat, Y\u00fcr\u00fcy\u00fc\u015f, Bisiklet, Tenis, Kamp, \u00c7al\u0131\u015fma Ofisi veya D\u0131\u015f Mekan i\u00e7in g\u00fczel bir spor su \u015fi\u015fesidir.<\/p>\n<p>2. 100% Toksik Olmayan ve BPA \u0130\u00e7ermeyen \u2013 Zorlu ko\u015fullara dayanabilen y\u00fcksek kaliteli dayan\u0131kl\u0131 Eastman Tritan kopolyester toksin i\u00e7ermeyen g\u0131da s\u0131n\u0131f\u0131 plastikten \u00fcretilmi\u015ftir. \u00c7evre dostu, geri d\u00f6n\u00fc\u015ft\u00fcr\u00fclebilir, yeniden kullan\u0131labilir, yeniden doldurulabilir ve k\u0131r\u0131lmaz.<\/p>\n<p>3. Tek t\u0131klamayla d\u00f6k\u00fclmeye kar\u015f\u0131 dayan\u0131kl\u0131 kapak, tek elle bir d\u00fc\u011fmeye bas\u0131larak kolayca a\u00e7\u0131l\u0131r.<\/p>\n<p>4. \u015e\u0131k ve ergonomik \u015fekilli Tritan Spor \u015ei\u015fesi elinize rahat\u00e7a oturur ve bardak tutucunuza veya su \u015fi\u015fesi bisiklet kafesine m\u00fckemmel \u015fekilde oturur. B\u00fcy\u00fck 850 ml veya k\u00fc\u00e7\u00fck 550 ml boyutunda gelir ve hareket halindeki ya\u015fam i\u00e7in m\u00fckemmeldir.<br \/>\n;<br \/>\n;<\/p>","protected":false},"excerpt":{"rendered":"<p>Bu bo\u015f plastik su \u015fi\u015feleri dayan\u0131kl\u0131 Tritan ve g\u0131da s\u0131n\u0131f\u0131 malzemelerden \u00fcretilmi\u015ftir.<br \/>\nBardak kapa\u011f\u0131n\u0131n \u00fcst\u00fcndeki kulp ta\u015f\u0131may\u0131 daha kolay hale getiriyor.<br \/>\nTek t\u0131klamayla d\u00f6k\u00fclmeye kar\u015f\u0131 dayan\u0131kl\u0131 kapak, tek elle bir d\u00fc\u011fmeye bas\u0131larak kolayca a\u00e7\u0131l\u0131r.<br \/>\nOEM ve ODM kabul edilebilir.<br \/>\nPlastik spor \u015fi\u015fesini ihtiya\u00e7lar\u0131n\u0131za g\u00f6re \u00f6zelle\u015ftirebiliriz.<br \/>\nToptan sat\u0131n almaya ho\u015f geldiniz, hemen soru\u015fturma g\u00f6nderin!<\/p>","protected":false},"featured_media":5806,"comment_status":"open","ping_status":"closed","template":"","meta":{"_acf_changed":false},"product_brand":[],"product_cat":[309],"product_tag":[434,32,36,33,379,31,483,39,420,38,29,37,358,34,416,373,35,28,30],"class_list":{"0":"post-5805","1":"product","2":"type-product","3":"status-publish","4":"has-post-thumbnail","6":"product_cat-plastic-water-bottle","7":"product_tag-1-litre-water-bottle","8":"product_tag-best","9":"product_tag-bulk","10":"product_tag-buy","11":"product_tag-clear-water-bottle-with-straw","12":"product_tag-custom","13":"product_tag-empty-plastic-water-bottles","14":"product_tag-for-sale","15":"product_tag-frosted-square-water-bottles","16":"product_tag-good-quality","17":"product_tag-manufacturers","18":"product_tag-manufacturing","19":"product_tag-plastic-water-bottles-wholesale","20":"product_tag-price","21":"product_tag-quality-water-bottles","22":"product_tag-slim-water-bottle-with-straw","23":"product_tag-small","24":"product_tag-suppliers","25":"product_tag-wholesale","27":"first","28":"instock","29":"shipping-taxable","30":"product-type-simple"},"acf":[],"yoast_head":"<!-- This site is optimized with the Yoast SEO Premium plugin v27.5 (Yoast SEO v27.5) - https:\/\/yoast.com\/product\/yoast-seo-premium-wordpress\/ -->\n<title>Empty Plastic Water Bottles - Diller Water Bottle Manufacturer<\/title>\n<meta name=\"description\" content=\"As one of the best empty plastic water bottles manufacturers and suppliers, we are engaged in manufacturing good quality water bottles. We warmly welcome you to wholesale or buy custom made empty plastic water bottles at competitive price from us. Also, small quantity orders are acceptable.\" \/>\n<meta name=\"robots\" content=\"index, follow, max-snippet:-1, max-image-preview:large, max-video-preview:-1\" \/>\n<link rel=\"canonical\" href=\"https:\/\/www.dillerbottle.com\/tr\/urunler\/bos-plastik-su-siseleri\" \/>\n<meta property=\"og:locale\" content=\"tr_TR\" \/>\n<meta property=\"og:type\" content=\"article\" \/>\n<meta property=\"og:title\" content=\"Empty Plastic Water Bottles\" \/>\n<meta property=\"og:description\" content=\"As one of the best empty plastic water bottles manufacturers and suppliers, we are engaged in manufacturing good quality water bottles. We warmly welcome you to wholesale or buy custom made empty plastic water bottles at competitive price from us. Also, small quantity orders are acceptable.\" \/>\n<meta property=\"og:url\" content=\"https:\/\/www.dillerbottle.com\/tr\/urunler\/bos-plastik-su-siseleri\" \/>\n<meta property=\"og:site_name\" content=\"Diller Water Bottle Manufacturer\" \/>\n<meta property=\"article:modified_time\" content=\"2025-07-09T10:03:31+00:00\" \/>\n<meta property=\"og:image\" content=\"https:\/\/www.dillerbottle.com\/wp-content\/uploads\/2024\/09\/empty-plastic-water-bottles44566.jpg\" \/>\n\t<meta property=\"og:image:width\" content=\"730\" \/>\n\t<meta property=\"og:image:height\" content=\"730\" \/>\n\t<meta property=\"og:image:type\" content=\"image\/jpeg\" \/>\n<meta name=\"twitter:card\" content=\"summary_large_image\" \/>\n<meta name=\"twitter:label1\" content=\"Tahmini okuma s\u00fcresi\" \/>\n\t<meta name=\"twitter:data1\" content=\"6 dakika\" \/>\n<script type=\"application\/ld+json\" class=\"yoast-schema-graph\">{\"@context\":\"https:\\\/\\\/schema.org\",\"@graph\":[{\"@type\":\"WebPage\",\"@id\":\"https:\\\/\\\/www.dillerbottle.com\\\/ru\\\/%d0%bf%d1%80%d0%be%d0%b4%d1%83%d0%ba%d1%82%d1%8b\\\/%d0%bf%d1%83%d1%81%d1%82%d1%8b%d0%b5-%d0%bf%d0%bb%d0%b0%d1%81%d1%82%d0%b8%d0%ba%d0%be%d0%b2%d1%8b%d0%b5-%d0%b1%d1%83%d1%82%d1%8b%d0%bb%d0%ba%d0%b8-%d0%b8%d0%b7-%d0%bf%d0%be%d0%b4-%d0%b2%d0%be%d0%b4\",\"url\":\"https:\\\/\\\/www.dillerbottle.com\\\/ru\\\/%d0%bf%d1%80%d0%be%d0%b4%d1%83%d0%ba%d1%82%d1%8b\\\/%d0%bf%d1%83%d1%81%d1%82%d1%8b%d0%b5-%d0%bf%d0%bb%d0%b0%d1%81%d1%82%d0%b8%d0%ba%d0%be%d0%b2%d1%8b%d0%b5-%d0%b1%d1%83%d1%82%d1%8b%d0%bb%d0%ba%d0%b8-%d0%b8%d0%b7-%d0%bf%d0%be%d0%b4-%d0%b2%d0%be%d0%b4\",\"name\":\"Empty Plastic Water Bottles - Diller Water Bottle Manufacturer\",\"isPartOf\":{\"@id\":\"https:\\\/\\\/www.dillerbottle.com\\\/#website\"},\"primaryImageOfPage\":{\"@id\":\"https:\\\/\\\/www.dillerbottle.com\\\/ru\\\/%d0%bf%d1%80%d0%be%d0%b4%d1%83%d0%ba%d1%82%d1%8b\\\/%d0%bf%d1%83%d1%81%d1%82%d1%8b%d0%b5-%d0%bf%d0%bb%d0%b0%d1%81%d1%82%d0%b8%d0%ba%d0%be%d0%b2%d1%8b%d0%b5-%d0%b1%d1%83%d1%82%d1%8b%d0%bb%d0%ba%d0%b8-%d0%b8%d0%b7-%d0%bf%d0%be%d0%b4-%d0%b2%d0%be%d0%b4#primaryimage\"},\"image\":{\"@id\":\"https:\\\/\\\/www.dillerbottle.com\\\/ru\\\/%d0%bf%d1%80%d0%be%d0%b4%d1%83%d0%ba%d1%82%d1%8b\\\/%d0%bf%d1%83%d1%81%d1%82%d1%8b%d0%b5-%d0%bf%d0%bb%d0%b0%d1%81%d1%82%d0%b8%d0%ba%d0%be%d0%b2%d1%8b%d0%b5-%d0%b1%d1%83%d1%82%d1%8b%d0%bb%d0%ba%d0%b8-%d0%b8%d0%b7-%d0%bf%d0%be%d0%b4-%d0%b2%d0%be%d0%b4#primaryimage\"},\"thumbnailUrl\":\"https:\\\/\\\/www.dillerbottle.com\\\/wp-content\\\/uploads\\\/2024\\\/09\\\/empty-plastic-water-bottles44566.jpg\",\"datePublished\":\"2024-09-27T10:01:43+00:00\",\"dateModified\":\"2025-07-09T10:03:31+00:00\",\"description\":\"As one of the best empty plastic water bottles manufacturers and suppliers, we are engaged in manufacturing good quality water bottles. We warmly welcome you to wholesale or buy custom made empty plastic water bottles at competitive price from us. Also, small quantity orders are acceptable.\",\"breadcrumb\":{\"@id\":\"https:\\\/\\\/www.dillerbottle.com\\\/ru\\\/%d0%bf%d1%80%d0%be%d0%b4%d1%83%d0%ba%d1%82%d1%8b\\\/%d0%bf%d1%83%d1%81%d1%82%d1%8b%d0%b5-%d0%bf%d0%bb%d0%b0%d1%81%d1%82%d0%b8%d0%ba%d0%be%d0%b2%d1%8b%d0%b5-%d0%b1%d1%83%d1%82%d1%8b%d0%bb%d0%ba%d0%b8-%d0%b8%d0%b7-%d0%bf%d0%be%d0%b4-%d0%b2%d0%be%d0%b4#breadcrumb\"},\"inLanguage\":\"tr\",\"potentialAction\":[{\"@type\":\"ReadAction\",\"target\":[\"https:\\\/\\\/www.dillerbottle.com\\\/ru\\\/%d0%bf%d1%80%d0%be%d0%b4%d1%83%d0%ba%d1%82%d1%8b\\\/%d0%bf%d1%83%d1%81%d1%82%d1%8b%d0%b5-%d0%bf%d0%bb%d0%b0%d1%81%d1%82%d0%b8%d0%ba%d0%be%d0%b2%d1%8b%d0%b5-%d0%b1%d1%83%d1%82%d1%8b%d0%bb%d0%ba%d0%b8-%d0%b8%d0%b7-%d0%bf%d0%be%d0%b4-%d0%b2%d0%be%d0%b4\"]}]},{\"@type\":\"ImageObject\",\"inLanguage\":\"tr\",\"@id\":\"https:\\\/\\\/www.dillerbottle.com\\\/ru\\\/%d0%bf%d1%80%d0%be%d0%b4%d1%83%d0%ba%d1%82%d1%8b\\\/%d0%bf%d1%83%d1%81%d1%82%d1%8b%d0%b5-%d0%bf%d0%bb%d0%b0%d1%81%d1%82%d0%b8%d0%ba%d0%be%d0%b2%d1%8b%d0%b5-%d0%b1%d1%83%d1%82%d1%8b%d0%bb%d0%ba%d0%b8-%d0%b8%d0%b7-%d0%bf%d0%be%d0%b4-%d0%b2%d0%be%d0%b4#primaryimage\",\"url\":\"https:\\\/\\\/www.dillerbottle.com\\\/wp-content\\\/uploads\\\/2024\\\/09\\\/empty-plastic-water-bottles44566.jpg\",\"contentUrl\":\"https:\\\/\\\/www.dillerbottle.com\\\/wp-content\\\/uploads\\\/2024\\\/09\\\/empty-plastic-water-bottles44566.jpg\",\"width\":730,\"height\":730},{\"@type\":\"BreadcrumbList\",\"@id\":\"https:\\\/\\\/www.dillerbottle.com\\\/ru\\\/%d0%bf%d1%80%d0%be%d0%b4%d1%83%d0%ba%d1%82%d1%8b\\\/%d0%bf%d1%83%d1%81%d1%82%d1%8b%d0%b5-%d0%bf%d0%bb%d0%b0%d1%81%d1%82%d0%b8%d0%ba%d0%be%d0%b2%d1%8b%d0%b5-%d0%b1%d1%83%d1%82%d1%8b%d0%bb%d0%ba%d0%b8-%d0%b8%d0%b7-%d0%bf%d0%be%d0%b4-%d0%b2%d0%be%d0%b4#breadcrumb\",\"itemListElement\":[{\"@type\":\"ListItem\",\"position\":1,\"name\":\"Home\",\"item\":\"https:\\\/\\\/www.dillerbottle.com\\\/\"},{\"@type\":\"ListItem\",\"position\":2,\"name\":\"Products\",\"item\":\"https:\\\/\\\/www.dillerbottle.com\\\/shop\"},{\"@type\":\"ListItem\",\"position\":3,\"name\":\"Empty Plastic Water Bottles\"}]},{\"@type\":\"WebSite\",\"@id\":\"https:\\\/\\\/www.dillerbottle.com\\\/#website\",\"url\":\"https:\\\/\\\/www.dillerbottle.com\\\/\",\"name\":\"Diller Water Bottle Manufacturer\",\"description\":\"Water Bottle Manufacturer\",\"publisher\":{\"@id\":\"https:\\\/\\\/www.dillerbottle.com\\\/#organization\"},\"potentialAction\":[{\"@type\":\"SearchAction\",\"target\":{\"@type\":\"EntryPoint\",\"urlTemplate\":\"https:\\\/\\\/www.dillerbottle.com\\\/?s={search_term_string}\"},\"query-input\":{\"@type\":\"PropertyValueSpecification\",\"valueRequired\":true,\"valueName\":\"search_term_string\"}}],\"inLanguage\":\"tr\"},{\"@type\":\"Organization\",\"@id\":\"https:\\\/\\\/www.dillerbottle.com\\\/#organization\",\"name\":\"Diller Water Bottle Manufacturer\",\"url\":\"https:\\\/\\\/www.dillerbottle.com\\\/\",\"logo\":{\"@type\":\"ImageObject\",\"inLanguage\":\"tr\",\"@id\":\"https:\\\/\\\/www.dillerbottle.com\\\/#\\\/schema\\\/logo\\\/image\\\/\",\"url\":\"https:\\\/\\\/www.dillerbottle.com\\\/wp-content\\\/uploads\\\/2024\\\/09\\\/49918bfa848dcc1e9f8b509933603ac.png\",\"contentUrl\":\"https:\\\/\\\/www.dillerbottle.com\\\/wp-content\\\/uploads\\\/2024\\\/09\\\/49918bfa848dcc1e9f8b509933603ac.png\",\"width\":988,\"height\":198,\"caption\":\"Diller Water Bottle Manufacturer\"},\"image\":{\"@id\":\"https:\\\/\\\/www.dillerbottle.com\\\/#\\\/schema\\\/logo\\\/image\\\/\"}}]}<\/script>\n<!-- \/ Yoast SEO Premium plugin. -->","yoast_head_json":{"title":"Bo\u015f Plastik Su \u015ei\u015feleri - Diller Su \u015ei\u015fesi \u00dcreticisi","description":"En iyi bo\u015f plastik su \u015fi\u015fesi \u00fcreticilerinden ve tedarik\u00e7ilerinden biri olarak, kaliteli su \u015fi\u015feleri \u00fcretiyoruz. Toptan olarak veya bizden rekabet\u00e7i fiyatlarla \u00f6zel yap\u0131m bo\u015f plastik su \u015fi\u015feleri sat\u0131n alman\u0131z\u0131 i\u00e7tenlikle bekliyoruz. Ayr\u0131ca, k\u00fc\u00e7\u00fck miktarda sipari\u015fler de kabul edilebilir.","robots":{"index":"index","follow":"follow","max-snippet":"max-snippet:-1","max-image-preview":"max-image-preview:large","max-video-preview":"max-video-preview:-1"},"canonical":"https:\/\/www.dillerbottle.com\/tr\/urunler\/bos-plastik-su-siseleri","og_locale":"tr_TR","og_type":"article","og_title":"Empty Plastic Water Bottles","og_description":"As one of the best empty plastic water bottles manufacturers and suppliers, we are engaged in manufacturing good quality water bottles. We warmly welcome you to wholesale or buy custom made empty plastic water bottles at competitive price from us. Also, small quantity orders are acceptable.","og_url":"https:\/\/www.dillerbottle.com\/tr\/urunler\/bos-plastik-su-siseleri","og_site_name":"Diller Water Bottle Manufacturer","article_modified_time":"2025-07-09T10:03:31+00:00","og_image":[{"width":730,"height":730,"url":"https:\/\/www.dillerbottle.com\/wp-content\/uploads\/2024\/09\/empty-plastic-water-bottles44566.jpg","type":"image\/jpeg"}],"twitter_card":"summary_large_image","twitter_misc":{"Tahmini okuma s\u00fcresi":"6 dakika"},"schema":{"@context":"https:\/\/schema.org","@graph":[{"@type":"WebPage","@id":"https:\/\/www.dillerbottle.com\/ru\/%d0%bf%d1%80%d0%be%d0%b4%d1%83%d0%ba%d1%82%d1%8b\/%d0%bf%d1%83%d1%81%d1%82%d1%8b%d0%b5-%d0%bf%d0%bb%d0%b0%d1%81%d1%82%d0%b8%d0%ba%d0%be%d0%b2%d1%8b%d0%b5-%d0%b1%d1%83%d1%82%d1%8b%d0%bb%d0%ba%d0%b8-%d0%b8%d0%b7-%d0%bf%d0%be%d0%b4-%d0%b2%d0%be%d0%b4","url":"https:\/\/www.dillerbottle.com\/ru\/%d0%bf%d1%80%d0%be%d0%b4%d1%83%d0%ba%d1%82%d1%8b\/%d0%bf%d1%83%d1%81%d1%82%d1%8b%d0%b5-%d0%bf%d0%bb%d0%b0%d1%81%d1%82%d0%b8%d0%ba%d0%be%d0%b2%d1%8b%d0%b5-%d0%b1%d1%83%d1%82%d1%8b%d0%bb%d0%ba%d0%b8-%d0%b8%d0%b7-%d0%bf%d0%be%d0%b4-%d0%b2%d0%be%d0%b4","name":"Bo\u015f Plastik Su \u015ei\u015feleri - Diller Su \u015ei\u015fesi \u00dcreticisi","isPartOf":{"@id":"https:\/\/www.dillerbottle.com\/#website"},"primaryImageOfPage":{"@id":"https:\/\/www.dillerbottle.com\/ru\/%d0%bf%d1%80%d0%be%d0%b4%d1%83%d0%ba%d1%82%d1%8b\/%d0%bf%d1%83%d1%81%d1%82%d1%8b%d0%b5-%d0%bf%d0%bb%d0%b0%d1%81%d1%82%d0%b8%d0%ba%d0%be%d0%b2%d1%8b%d0%b5-%d0%b1%d1%83%d1%82%d1%8b%d0%bb%d0%ba%d0%b8-%d0%b8%d0%b7-%d0%bf%d0%be%d0%b4-%d0%b2%d0%be%d0%b4#primaryimage"},"image":{"@id":"https:\/\/www.dillerbottle.com\/ru\/%d0%bf%d1%80%d0%be%d0%b4%d1%83%d0%ba%d1%82%d1%8b\/%d0%bf%d1%83%d1%81%d1%82%d1%8b%d0%b5-%d0%bf%d0%bb%d0%b0%d1%81%d1%82%d0%b8%d0%ba%d0%be%d0%b2%d1%8b%d0%b5-%d0%b1%d1%83%d1%82%d1%8b%d0%bb%d0%ba%d0%b8-%d0%b8%d0%b7-%d0%bf%d0%be%d0%b4-%d0%b2%d0%be%d0%b4#primaryimage"},"thumbnailUrl":"https:\/\/www.dillerbottle.com\/wp-content\/uploads\/2024\/09\/empty-plastic-water-bottles44566.jpg","datePublished":"2024-09-27T10:01:43+00:00","dateModified":"2025-07-09T10:03:31+00:00","description":"En iyi bo\u015f plastik su \u015fi\u015fesi \u00fcreticilerinden ve tedarik\u00e7ilerinden biri olarak, kaliteli su \u015fi\u015feleri \u00fcretiyoruz. Toptan olarak veya bizden rekabet\u00e7i fiyatlarla \u00f6zel yap\u0131m bo\u015f plastik su \u015fi\u015feleri sat\u0131n alman\u0131z\u0131 i\u00e7tenlikle bekliyoruz. Ayr\u0131ca, k\u00fc\u00e7\u00fck miktarda sipari\u015fler de kabul edilebilir.","breadcrumb":{"@id":"https:\/\/www.dillerbottle.com\/ru\/%d0%bf%d1%80%d0%be%d0%b4%d1%83%d0%ba%d1%82%d1%8b\/%d0%bf%d1%83%d1%81%d1%82%d1%8b%d0%b5-%d0%bf%d0%bb%d0%b0%d1%81%d1%82%d0%b8%d0%ba%d0%be%d0%b2%d1%8b%d0%b5-%d0%b1%d1%83%d1%82%d1%8b%d0%bb%d0%ba%d0%b8-%d0%b8%d0%b7-%d0%bf%d0%be%d0%b4-%d0%b2%d0%be%d0%b4#breadcrumb"},"inLanguage":"tr","potentialAction":[{"@type":"ReadAction","target":["https:\/\/www.dillerbottle.com\/ru\/%d0%bf%d1%80%d0%be%d0%b4%d1%83%d0%ba%d1%82%d1%8b\/%d0%bf%d1%83%d1%81%d1%82%d1%8b%d0%b5-%d0%bf%d0%bb%d0%b0%d1%81%d1%82%d0%b8%d0%ba%d0%be%d0%b2%d1%8b%d0%b5-%d0%b1%d1%83%d1%82%d1%8b%d0%bb%d0%ba%d0%b8-%d0%b8%d0%b7-%d0%bf%d0%be%d0%b4-%d0%b2%d0%be%d0%b4"]}]},{"@type":"ImageObject","inLanguage":"tr","@id":"https:\/\/www.dillerbottle.com\/ru\/%d0%bf%d1%80%d0%be%d0%b4%d1%83%d0%ba%d1%82%d1%8b\/%d0%bf%d1%83%d1%81%d1%82%d1%8b%d0%b5-%d0%bf%d0%bb%d0%b0%d1%81%d1%82%d0%b8%d0%ba%d0%be%d0%b2%d1%8b%d0%b5-%d0%b1%d1%83%d1%82%d1%8b%d0%bb%d0%ba%d0%b8-%d0%b8%d0%b7-%d0%bf%d0%be%d0%b4-%d0%b2%d0%be%d0%b4#primaryimage","url":"https:\/\/www.dillerbottle.com\/wp-content\/uploads\/2024\/09\/empty-plastic-water-bottles44566.jpg","contentUrl":"https:\/\/www.dillerbottle.com\/wp-content\/uploads\/2024\/09\/empty-plastic-water-bottles44566.jpg","width":730,"height":730},{"@type":"BreadcrumbList","@id":"https:\/\/www.dillerbottle.com\/ru\/%d0%bf%d1%80%d0%be%d0%b4%d1%83%d0%ba%d1%82%d1%8b\/%d0%bf%d1%83%d1%81%d1%82%d1%8b%d0%b5-%d0%bf%d0%bb%d0%b0%d1%81%d1%82%d0%b8%d0%ba%d0%be%d0%b2%d1%8b%d0%b5-%d0%b1%d1%83%d1%82%d1%8b%d0%bb%d0%ba%d0%b8-%d0%b8%d0%b7-%d0%bf%d0%be%d0%b4-%d0%b2%d0%be%d0%b4#breadcrumb","itemListElement":[{"@type":"ListItem","position":1,"name":"Home","item":"https:\/\/www.dillerbottle.com\/"},{"@type":"ListItem","position":2,"name":"Products","item":"https:\/\/www.dillerbottle.com\/shop"},{"@type":"ListItem","position":3,"name":"Empty Plastic Water Bottles"}]},{"@type":"WebSite","@id":"https:\/\/www.dillerbottle.com\/#website","url":"https:\/\/www.dillerbottle.com\/","name":"Diller Su \u015ei\u015fesi \u00dcreticisi","description":"Su \u015ei\u015fesi \u00dcreticisi","publisher":{"@id":"https:\/\/www.dillerbottle.com\/#organization"},"potentialAction":[{"@type":"SearchAction","target":{"@type":"EntryPoint","urlTemplate":"https:\/\/www.dillerbottle.com\/?s={search_term_string}"},"query-input":{"@type":"PropertyValueSpecification","valueRequired":true,"valueName":"search_term_string"}}],"inLanguage":"tr"},{"@type":"Organization","@id":"https:\/\/www.dillerbottle.com\/#organization","name":"Diller Su \u015ei\u015fesi \u00dcreticisi","url":"https:\/\/www.dillerbottle.com\/","logo":{"@type":"ImageObject","inLanguage":"tr","@id":"https:\/\/www.dillerbottle.com\/#\/schema\/logo\/image\/","url":"https:\/\/www.dillerbottle.com\/wp-content\/uploads\/2024\/09\/49918bfa848dcc1e9f8b509933603ac.png","contentUrl":"https:\/\/www.dillerbottle.com\/wp-content\/uploads\/2024\/09\/49918bfa848dcc1e9f8b509933603ac.png","width":988,"height":198,"caption":"Diller Water Bottle Manufacturer"},"image":{"@id":"https:\/\/www.dillerbottle.com\/#\/schema\/logo\/image\/"}}]}},"_links":{"self":[{"href":"https:\/\/www.dillerbottle.com\/tr\/wp-json\/wp\/v2\/product\/5805","targetHints":{"allow":["GET"]}}],"collection":[{"href":"https:\/\/www.dillerbottle.com\/tr\/wp-json\/wp\/v2\/product"}],"about":[{"href":"https:\/\/www.dillerbottle.com\/tr\/wp-json\/wp\/v2\/types\/product"}],"replies":[{"embeddable":true,"href":"https:\/\/www.dillerbottle.com\/tr\/wp-json\/wp\/v2\/comments?post=5805"}],"wp:featuredmedia":[{"embeddable":true,"href":"https:\/\/www.dillerbottle.com\/tr\/wp-json\/wp\/v2\/media\/5806"}],"wp:attachment":[{"href":"https:\/\/www.dillerbottle.com\/tr\/wp-json\/wp\/v2\/media?parent=5805"}],"wp:term":[{"taxonomy":"product_brand","embeddable":true,"href":"https:\/\/www.dillerbottle.com\/tr\/wp-json\/wp\/v2\/product_brand?post=5805"},{"taxonomy":"product_cat","embeddable":true,"href":"https:\/\/www.dillerbottle.com\/tr\/wp-json\/wp\/v2\/product_cat?post=5805"},{"taxonomy":"product_tag","embeddable":true,"href":"https:\/\/www.dillerbottle.com\/tr\/wp-json\/wp\/v2\/product_tag?post=5805"}],"curies":[{"name":"wp","href":"https:\/\/api.w.org\/{rel}","templated":true}]}}