{"id":5831,"date":"2024-09-27T18:02:03","date_gmt":"2024-09-27T10:02:03","guid":{"rendered":"https:\/\/demo.dillerbottle.com\/uncategorized\/bpa-free-tritan-plastic-water-bottles"},"modified":"2025-07-09T18:01:56","modified_gmt":"2025-07-09T10:01:56","slug":"bpa-icermeyen-tritan-plastik-su-siseleri","status":"publish","type":"product","link":"https:\/\/www.dillerbottle.com\/tr\/products\/bpa-free-tritan-plastic-water-bottles","title":{"rendered":"BPA \u0130\u00e7ermeyen Tritan Plastik Su \u015ei\u015feleri"},"content":{"rendered":"<p>\u00d6zellikler: 1. Bu k\u0131r\u0131lmaz, hafif ve tekrar kullan\u0131labilir plastik su \u015fi\u015fesi 100% BPA i\u00e7ermeyen Tritan plastikten yap\u0131lm\u0131\u015ft\u0131r, g\u00fcvenli, toksik olmayan ve dayan\u0131kl\u0131d\u0131r. Zararl\u0131 kimyasallardan, plastik tad\u0131ndan veya k\u00f6t\u00fc kokudan ar\u0131nm\u0131\u015f bir \u015fekilde rahatlayabilir ve suyunuzun tad\u0131n\u0131 \u00e7\u0131karabilirsiniz.<br \/>\n2. \u00d6zel buzlu kaplamas\u0131 dokunuldu\u011funda ola\u011fan\u00fcst\u00fc bir his sa\u011flar.<br \/>\n3. Su \u015fi\u015fenize eri\u015fmek i\u00e7in d\u00fc\u011fmeye t\u0131klayarak tek elle a\u00e7man\u0131z yeterlidir. Kapakl\u0131 kapak, g\u00fcvenli bir kilitle tasarlanm\u0131\u015ft\u0131r ve bu sayede toz ve s\u0131z\u0131nt\u0131ya kar\u015f\u0131 dayan\u0131kl\u0131d\u0131r. H\u0131zl\u0131 su ak\u0131\u015fl\u0131 a\u011f\u0131z a\u00e7\u0131kl\u0131\u011f\u0131 daha h\u0131zl\u0131 su i\u00e7menize yard\u0131mc\u0131 olur. Ta\u015f\u0131nabilir bir sapla hafif olmas\u0131, hareket halindeyken su i\u00e7meyi kolayla\u015ft\u0131r\u0131r.<\/p>\n<div class=\"table-responsive\"><\/div>","protected":false},"excerpt":{"rendered":"<p>Sapl\u0131 bu spor su \u015fi\u015fesi dayan\u0131kl\u0131 Tritan ve g\u0131da s\u0131n\u0131f\u0131 malzemelerden \u00fcretilmi\u015ftir.<br \/>\nBardak kapa\u011f\u0131n\u0131n \u00fcst\u00fcndeki gizli kulpu ta\u015f\u0131may\u0131 daha da kolayla\u015ft\u0131r\u0131r.<br \/>\nSu \u015fi\u015fenize ula\u015fmak i\u00e7in d\u00fc\u011fmeye t\u0131klayarak tek elinizle a\u00e7man\u0131z yeterli.<br \/>\nKapakl\u0131 kapak, toz ve s\u0131zd\u0131rmazl\u0131\u011f\u0131 sa\u011flayan g\u00fcvenli bir kilitle tasarlanm\u0131\u015ft\u0131r.<br \/>\nTercihinize g\u00f6re \u015feffaf ve mat y\u00fczeyler.<br \/>\nOEM ve ODM kabul edilebilir.<br \/>\nPlastik spor \u015fi\u015fesini ihtiya\u00e7lar\u0131n\u0131za g\u00f6re \u00f6zelle\u015ftirebiliriz.<br \/>\nToptan sat\u0131n almaya ho\u015f geldiniz, hemen soru\u015fturma g\u00f6nderin!<\/p>","protected":false},"featured_media":5832,"comment_status":"open","ping_status":"closed","template":"","meta":{"_acf_changed":false},"product_brand":[],"product_cat":[309],"product_tag":[32,484,36,33,31,39,420,38,29,37,442,34,35,405,28,351,367,463,30],"class_list":{"0":"post-5831","1":"product","2":"type-product","3":"status-publish","4":"has-post-thumbnail","6":"product_cat-plastic-water-bottle","7":"product_tag-best","8":"product_tag-bpa-free-tritan-plastic-water-bottles","9":"product_tag-bulk","10":"product_tag-buy","11":"product_tag-custom","12":"product_tag-for-sale","13":"product_tag-frosted-square-water-bottles","14":"product_tag-good-quality","15":"product_tag-manufacturers","16":"product_tag-manufacturing","17":"product_tag-plastic-water-bottle-with-time-markers","18":"product_tag-price","19":"product_tag-small","20":"product_tag-square-water-bottle","21":"product_tag-suppliers","22":"product_tag-water-bottle-for-gym","23":"product_tag-water-bottle-motivational","24":"product_tag-water-bottles-2023","25":"product_tag-wholesale","27":"first","28":"instock","29":"shipping-taxable","30":"product-type-simple"},"acf":[],"yoast_head":"<!-- This site is optimized with the Yoast SEO Premium plugin v27.5 (Yoast SEO v27.5) - https:\/\/yoast.com\/product\/yoast-seo-premium-wordpress\/ -->\n<title>BPA Free Tritan Plastic Water Bottles - Diller Water Bottle Manufacturer<\/title>\n<meta name=\"description\" content=\"As one of the best BPA free tritan plastic water bottles manufacturers and suppliers, we are engaged in manufacturing good quality water bottles. We warmly welcome you to wholesale or buy custom made BPA free tritan plastic water bottles at competitive price from us. Also, small quantity orders are acceptable.\" \/>\n<meta name=\"robots\" content=\"index, follow, max-snippet:-1, max-image-preview:large, max-video-preview:-1\" \/>\n<link rel=\"canonical\" href=\"https:\/\/www.dillerbottle.com\/tr\/urunler\/bpa-icermeyen-tritan-plastik-su-siseleri\" \/>\n<meta property=\"og:locale\" content=\"tr_TR\" \/>\n<meta property=\"og:type\" content=\"article\" \/>\n<meta property=\"og:title\" content=\"BPA Free Tritan Plastic Water Bottles\" \/>\n<meta property=\"og:description\" content=\"As one of the best BPA free tritan plastic water bottles manufacturers and suppliers, we are engaged in manufacturing good quality water bottles. We warmly welcome you to wholesale or buy custom made BPA free tritan plastic water bottles at competitive price from us. Also, small quantity orders are acceptable.\" \/>\n<meta property=\"og:url\" content=\"https:\/\/www.dillerbottle.com\/tr\/urunler\/bpa-icermeyen-tritan-plastik-su-siseleri\" \/>\n<meta property=\"og:site_name\" content=\"Diller Water Bottle Manufacturer\" \/>\n<meta property=\"article:modified_time\" content=\"2025-07-09T10:01:56+00:00\" \/>\n<meta property=\"og:image\" content=\"https:\/\/www.dillerbottle.com\/wp-content\/uploads\/2024\/09\/bpa-free-tritan-plastic-water-bottles42184.jpg\" \/>\n\t<meta property=\"og:image:width\" content=\"730\" \/>\n\t<meta property=\"og:image:height\" content=\"730\" \/>\n\t<meta property=\"og:image:type\" content=\"image\/jpeg\" \/>\n<meta name=\"twitter:card\" content=\"summary_large_image\" \/>\n<meta name=\"twitter:label1\" content=\"Tahmini okuma s\u00fcresi\" \/>\n\t<meta name=\"twitter:data1\" content=\"1 dakika\" \/>\n<script type=\"application\/ld+json\" class=\"yoast-schema-graph\">{\"@context\":\"https:\\\/\\\/schema.org\",\"@graph\":[{\"@type\":\"WebPage\",\"@id\":\"https:\\\/\\\/www.dillerbottle.com\\\/id\\\/produk\\\/botol-air-plastik-tritan-bebas-bpa\",\"url\":\"https:\\\/\\\/www.dillerbottle.com\\\/id\\\/produk\\\/botol-air-plastik-tritan-bebas-bpa\",\"name\":\"BPA Free Tritan Plastic Water Bottles - Diller Water Bottle Manufacturer\",\"isPartOf\":{\"@id\":\"https:\\\/\\\/www.dillerbottle.com\\\/#website\"},\"primaryImageOfPage\":{\"@id\":\"https:\\\/\\\/www.dillerbottle.com\\\/id\\\/produk\\\/botol-air-plastik-tritan-bebas-bpa#primaryimage\"},\"image\":{\"@id\":\"https:\\\/\\\/www.dillerbottle.com\\\/id\\\/produk\\\/botol-air-plastik-tritan-bebas-bpa#primaryimage\"},\"thumbnailUrl\":\"https:\\\/\\\/www.dillerbottle.com\\\/wp-content\\\/uploads\\\/2024\\\/09\\\/bpa-free-tritan-plastic-water-bottles42184.jpg\",\"datePublished\":\"2024-09-27T10:02:03+00:00\",\"dateModified\":\"2025-07-09T10:01:56+00:00\",\"description\":\"As one of the best BPA free tritan plastic water bottles manufacturers and suppliers, we are engaged in manufacturing good quality water bottles. We warmly welcome you to wholesale or buy custom made BPA free tritan plastic water bottles at competitive price from us. Also, small quantity orders are acceptable.\",\"breadcrumb\":{\"@id\":\"https:\\\/\\\/www.dillerbottle.com\\\/id\\\/produk\\\/botol-air-plastik-tritan-bebas-bpa#breadcrumb\"},\"inLanguage\":\"tr\",\"potentialAction\":[{\"@type\":\"ReadAction\",\"target\":[\"https:\\\/\\\/www.dillerbottle.com\\\/id\\\/produk\\\/botol-air-plastik-tritan-bebas-bpa\"]}]},{\"@type\":\"ImageObject\",\"inLanguage\":\"tr\",\"@id\":\"https:\\\/\\\/www.dillerbottle.com\\\/id\\\/produk\\\/botol-air-plastik-tritan-bebas-bpa#primaryimage\",\"url\":\"https:\\\/\\\/www.dillerbottle.com\\\/wp-content\\\/uploads\\\/2024\\\/09\\\/bpa-free-tritan-plastic-water-bottles42184.jpg\",\"contentUrl\":\"https:\\\/\\\/www.dillerbottle.com\\\/wp-content\\\/uploads\\\/2024\\\/09\\\/bpa-free-tritan-plastic-water-bottles42184.jpg\",\"width\":730,\"height\":730},{\"@type\":\"BreadcrumbList\",\"@id\":\"https:\\\/\\\/www.dillerbottle.com\\\/id\\\/produk\\\/botol-air-plastik-tritan-bebas-bpa#breadcrumb\",\"itemListElement\":[{\"@type\":\"ListItem\",\"position\":1,\"name\":\"Home\",\"item\":\"https:\\\/\\\/www.dillerbottle.com\\\/\"},{\"@type\":\"ListItem\",\"position\":2,\"name\":\"Products\",\"item\":\"https:\\\/\\\/www.dillerbottle.com\\\/shop\"},{\"@type\":\"ListItem\",\"position\":3,\"name\":\"BPA Free Tritan Plastic Water Bottles\"}]},{\"@type\":\"WebSite\",\"@id\":\"https:\\\/\\\/www.dillerbottle.com\\\/#website\",\"url\":\"https:\\\/\\\/www.dillerbottle.com\\\/\",\"name\":\"Diller Water Bottle Manufacturer\",\"description\":\"Water Bottle Manufacturer\",\"publisher\":{\"@id\":\"https:\\\/\\\/www.dillerbottle.com\\\/#organization\"},\"potentialAction\":[{\"@type\":\"SearchAction\",\"target\":{\"@type\":\"EntryPoint\",\"urlTemplate\":\"https:\\\/\\\/www.dillerbottle.com\\\/?s={search_term_string}\"},\"query-input\":{\"@type\":\"PropertyValueSpecification\",\"valueRequired\":true,\"valueName\":\"search_term_string\"}}],\"inLanguage\":\"tr\"},{\"@type\":\"Organization\",\"@id\":\"https:\\\/\\\/www.dillerbottle.com\\\/#organization\",\"name\":\"Diller Water Bottle Manufacturer\",\"url\":\"https:\\\/\\\/www.dillerbottle.com\\\/\",\"logo\":{\"@type\":\"ImageObject\",\"inLanguage\":\"tr\",\"@id\":\"https:\\\/\\\/www.dillerbottle.com\\\/#\\\/schema\\\/logo\\\/image\\\/\",\"url\":\"https:\\\/\\\/www.dillerbottle.com\\\/wp-content\\\/uploads\\\/2024\\\/09\\\/49918bfa848dcc1e9f8b509933603ac.png\",\"contentUrl\":\"https:\\\/\\\/www.dillerbottle.com\\\/wp-content\\\/uploads\\\/2024\\\/09\\\/49918bfa848dcc1e9f8b509933603ac.png\",\"width\":988,\"height\":198,\"caption\":\"Diller Water Bottle Manufacturer\"},\"image\":{\"@id\":\"https:\\\/\\\/www.dillerbottle.com\\\/#\\\/schema\\\/logo\\\/image\\\/\"}}]}<\/script>\n<!-- \/ Yoast SEO Premium plugin. -->","yoast_head_json":{"title":"BPA \u0130\u00e7ermeyen Tritan Plastik Su \u015ei\u015feleri - Diller Su \u015ei\u015fesi \u00dcreticisi","description":"En iyi BPA i\u00e7ermeyen tritan plastik su \u015fi\u015fesi \u00fcreticilerinden ve tedarik\u00e7ilerinden biri olarak, kaliteli su \u015fi\u015feleri \u00fcretiyoruz. Bizden rekabet\u00e7i fiyatlarla toptan veya \u00f6zel yap\u0131m BPA i\u00e7ermeyen tritan plastik su \u015fi\u015feleri sat\u0131n alman\u0131z\u0131 i\u00e7tenlikle bekliyoruz. Ayr\u0131ca, k\u00fc\u00e7\u00fck miktardaki sipari\u015fler de kabul edilebilir.","robots":{"index":"index","follow":"follow","max-snippet":"max-snippet:-1","max-image-preview":"max-image-preview:large","max-video-preview":"max-video-preview:-1"},"canonical":"https:\/\/www.dillerbottle.com\/tr\/urunler\/bpa-icermeyen-tritan-plastik-su-siseleri","og_locale":"tr_TR","og_type":"article","og_title":"BPA Free Tritan Plastic Water Bottles","og_description":"As one of the best BPA free tritan plastic water bottles manufacturers and suppliers, we are engaged in manufacturing good quality water bottles. We warmly welcome you to wholesale or buy custom made BPA free tritan plastic water bottles at competitive price from us. Also, small quantity orders are acceptable.","og_url":"https:\/\/www.dillerbottle.com\/tr\/urunler\/bpa-icermeyen-tritan-plastik-su-siseleri","og_site_name":"Diller Water Bottle Manufacturer","article_modified_time":"2025-07-09T10:01:56+00:00","og_image":[{"width":730,"height":730,"url":"https:\/\/www.dillerbottle.com\/wp-content\/uploads\/2024\/09\/bpa-free-tritan-plastic-water-bottles42184.jpg","type":"image\/jpeg"}],"twitter_card":"summary_large_image","twitter_misc":{"Tahmini okuma s\u00fcresi":"1 dakika"},"schema":{"@context":"https:\/\/schema.org","@graph":[{"@type":"WebPage","@id":"https:\/\/www.dillerbottle.com\/id\/produk\/botol-air-plastik-tritan-bebas-bpa","url":"https:\/\/www.dillerbottle.com\/id\/produk\/botol-air-plastik-tritan-bebas-bpa","name":"BPA \u0130\u00e7ermeyen Tritan Plastik Su \u015ei\u015feleri - Diller Su \u015ei\u015fesi \u00dcreticisi","isPartOf":{"@id":"https:\/\/www.dillerbottle.com\/#website"},"primaryImageOfPage":{"@id":"https:\/\/www.dillerbottle.com\/id\/produk\/botol-air-plastik-tritan-bebas-bpa#primaryimage"},"image":{"@id":"https:\/\/www.dillerbottle.com\/id\/produk\/botol-air-plastik-tritan-bebas-bpa#primaryimage"},"thumbnailUrl":"https:\/\/www.dillerbottle.com\/wp-content\/uploads\/2024\/09\/bpa-free-tritan-plastic-water-bottles42184.jpg","datePublished":"2024-09-27T10:02:03+00:00","dateModified":"2025-07-09T10:01:56+00:00","description":"En iyi BPA i\u00e7ermeyen tritan plastik su \u015fi\u015fesi \u00fcreticilerinden ve tedarik\u00e7ilerinden biri olarak, kaliteli su \u015fi\u015feleri \u00fcretiyoruz. Bizden rekabet\u00e7i fiyatlarla toptan veya \u00f6zel yap\u0131m BPA i\u00e7ermeyen tritan plastik su \u015fi\u015feleri sat\u0131n alman\u0131z\u0131 i\u00e7tenlikle bekliyoruz. Ayr\u0131ca, k\u00fc\u00e7\u00fck miktardaki sipari\u015fler de kabul edilebilir.","breadcrumb":{"@id":"https:\/\/www.dillerbottle.com\/id\/produk\/botol-air-plastik-tritan-bebas-bpa#breadcrumb"},"inLanguage":"tr","potentialAction":[{"@type":"ReadAction","target":["https:\/\/www.dillerbottle.com\/id\/produk\/botol-air-plastik-tritan-bebas-bpa"]}]},{"@type":"ImageObject","inLanguage":"tr","@id":"https:\/\/www.dillerbottle.com\/id\/produk\/botol-air-plastik-tritan-bebas-bpa#primaryimage","url":"https:\/\/www.dillerbottle.com\/wp-content\/uploads\/2024\/09\/bpa-free-tritan-plastic-water-bottles42184.jpg","contentUrl":"https:\/\/www.dillerbottle.com\/wp-content\/uploads\/2024\/09\/bpa-free-tritan-plastic-water-bottles42184.jpg","width":730,"height":730},{"@type":"BreadcrumbList","@id":"https:\/\/www.dillerbottle.com\/id\/produk\/botol-air-plastik-tritan-bebas-bpa#breadcrumb","itemListElement":[{"@type":"ListItem","position":1,"name":"Home","item":"https:\/\/www.dillerbottle.com\/"},{"@type":"ListItem","position":2,"name":"Products","item":"https:\/\/www.dillerbottle.com\/shop"},{"@type":"ListItem","position":3,"name":"BPA Free Tritan Plastic Water Bottles"}]},{"@type":"WebSite","@id":"https:\/\/www.dillerbottle.com\/#website","url":"https:\/\/www.dillerbottle.com\/","name":"Diller Su \u015ei\u015fesi \u00dcreticisi","description":"Su \u015ei\u015fesi \u00dcreticisi","publisher":{"@id":"https:\/\/www.dillerbottle.com\/#organization"},"potentialAction":[{"@type":"SearchAction","target":{"@type":"EntryPoint","urlTemplate":"https:\/\/www.dillerbottle.com\/?s={search_term_string}"},"query-input":{"@type":"PropertyValueSpecification","valueRequired":true,"valueName":"search_term_string"}}],"inLanguage":"tr"},{"@type":"Organization","@id":"https:\/\/www.dillerbottle.com\/#organization","name":"Diller Su \u015ei\u015fesi \u00dcreticisi","url":"https:\/\/www.dillerbottle.com\/","logo":{"@type":"ImageObject","inLanguage":"tr","@id":"https:\/\/www.dillerbottle.com\/#\/schema\/logo\/image\/","url":"https:\/\/www.dillerbottle.com\/wp-content\/uploads\/2024\/09\/49918bfa848dcc1e9f8b509933603ac.png","contentUrl":"https:\/\/www.dillerbottle.com\/wp-content\/uploads\/2024\/09\/49918bfa848dcc1e9f8b509933603ac.png","width":988,"height":198,"caption":"Diller Water Bottle Manufacturer"},"image":{"@id":"https:\/\/www.dillerbottle.com\/#\/schema\/logo\/image\/"}}]}},"_links":{"self":[{"href":"https:\/\/www.dillerbottle.com\/tr\/wp-json\/wp\/v2\/product\/5831","targetHints":{"allow":["GET"]}}],"collection":[{"href":"https:\/\/www.dillerbottle.com\/tr\/wp-json\/wp\/v2\/product"}],"about":[{"href":"https:\/\/www.dillerbottle.com\/tr\/wp-json\/wp\/v2\/types\/product"}],"replies":[{"embeddable":true,"href":"https:\/\/www.dillerbottle.com\/tr\/wp-json\/wp\/v2\/comments?post=5831"}],"wp:featuredmedia":[{"embeddable":true,"href":"https:\/\/www.dillerbottle.com\/tr\/wp-json\/wp\/v2\/media\/5832"}],"wp:attachment":[{"href":"https:\/\/www.dillerbottle.com\/tr\/wp-json\/wp\/v2\/media?parent=5831"}],"wp:term":[{"taxonomy":"product_brand","embeddable":true,"href":"https:\/\/www.dillerbottle.com\/tr\/wp-json\/wp\/v2\/product_brand?post=5831"},{"taxonomy":"product_cat","embeddable":true,"href":"https:\/\/www.dillerbottle.com\/tr\/wp-json\/wp\/v2\/product_cat?post=5831"},{"taxonomy":"product_tag","embeddable":true,"href":"https:\/\/www.dillerbottle.com\/tr\/wp-json\/wp\/v2\/product_tag?post=5831"}],"curies":[{"name":"wp","href":"https:\/\/api.w.org\/{rel}","templated":true}]}}