{"id":5957,"date":"2024-09-27T18:03:21","date_gmt":"2024-09-27T10:03:21","guid":{"rendered":"https:\/\/demo.dillerbottle.com\/uncategorized\/plastic-reusable-water-bottles"},"modified":"2025-07-09T18:00:33","modified_gmt":"2025-07-09T10:00:33","slug":"plastik-tekrar-kullanilabilir-su-siseleri","status":"publish","type":"product","link":"https:\/\/www.dillerbottle.com\/tr\/products\/plastic-reusable-water-bottles","title":{"rendered":"Plastik Tekrar Kullan\u0131labilir Su \u015ei\u015feleri"},"content":{"rendered":"<p>Plastik Tekrar Kullan\u0131labilir Su \u015ei\u015feleri1. Bu plastik spor i\u00e7me \u015fi\u015fesi dayan\u0131kl\u0131 PC plastikten yap\u0131lm\u0131\u015ft\u0131r.<br \/>\n2. S\u0131zd\u0131rmaz. Ergonomik kapak ve pratik ba\u015fl\u0131k. S\u0131zd\u0131rmaz ve kilitlenebilir kapak, s\u0131z\u0131nt\u0131 konusunda endi\u015felenmenize gerek yok.<br \/>\n3.;Benzersiz tasar\u0131m. Basit ve \u015f\u0131k g\u00f6r\u00fcn\u00fcm. Kapa\u011f\u0131n tasar\u0131m\u0131 tek bir dokunu\u015fla otomatik olarak a\u00e7\u0131l\u0131r. S\u00fcr\u00fc\u015f veya binicilik s\u0131ras\u0131nda tek elle kullan\u0131m daha kolayd\u0131r. Daha iyi kayma direnci ve kavrama i\u00e7in buzlu mat y\u00fczey.<\/p>\n<div class=\"table-responsive\"><\/div>","protected":false},"excerpt":{"rendered":"<p>Bu plastik su \u015fi\u015fesi mat y\u00fczeyli olup, tekrar kullan\u0131labilir.<br \/>\nDayan\u0131kl\u0131 plastikten yap\u0131lm\u0131\u015f, hafif ve dayan\u0131kl\u0131 ta\u015f\u0131ma halkas\u0131na sahip bu \u00fcr\u00fcn, \u015fi\u015fenizi kolayca ta\u015f\u0131yabilmenizi sa\u011flar.<br \/>\nTek elinizle g\u00fcvenli kilidi a\u00e7arak \u00fcst kapa\u011f\u0131 kolayca a\u00e7abilirsiniz.<br \/>\n\u00dccretsiz numuneler mevcuttur.<br \/>\nLogo, desen, renk, ambalaj gibi ihtiya\u00e7lar\u0131n\u0131za g\u00f6re plastik su \u015fi\u015fesini \u00f6zelle\u015ftirebiliriz.<br \/>\nToptan sat\u0131n almaya ho\u015f geldiniz, hemen soru\u015fturma g\u00f6nderin!<\/p>","protected":false},"featured_media":5958,"comment_status":"open","ping_status":"closed","template":"","meta":{"_acf_changed":false},"product_brand":[],"product_cat":[309],"product_tag":[32,36,33,211,355,31,39,38,29,37,356,496,354,34,35,28,327,463,30],"class_list":{"0":"post-5957","1":"product","2":"type-product","3":"status-publish","4":"has-post-thumbnail","6":"product_cat-plastic-water-bottle","7":"product_tag-best","8":"product_tag-bulk","9":"product_tag-buy","10":"product_tag-clear-water-bottles","11":"product_tag-colored-water-bottle-plastic-with-straw","12":"product_tag-custom","13":"product_tag-for-sale","14":"product_tag-good-quality","15":"product_tag-manufacturers","16":"product_tag-manufacturing","17":"product_tag-minimalist-water-bottle","18":"product_tag-plastic-reusable-water-bottles","19":"product_tag-plastic-water-bottle-custom-logo","20":"product_tag-price","21":"product_tag-small","22":"product_tag-suppliers","23":"product_tag-tritan-1l-water-bottle","24":"product_tag-water-bottles-2023","25":"product_tag-wholesale","27":"first","28":"instock","29":"shipping-taxable","30":"product-type-simple"},"acf":[],"yoast_head":"<!-- This site is optimized with the Yoast SEO Premium plugin v27.5 (Yoast SEO v27.5) - https:\/\/yoast.com\/product\/yoast-seo-premium-wordpress\/ -->\n<title>Plastic Reusable Water Bottles - Diller Water Bottle Manufacturer<\/title>\n<meta name=\"description\" content=\"As one of the best plastic reusable water bottles manufacturers and suppliers, we are engaged in manufacturing good quality water bottles. We warmly welcome you to wholesale or buy custom made plastic reusable water bottles at competitive price from us. Also, small quantity orders are acceptable.\" \/>\n<meta name=\"robots\" content=\"index, follow, max-snippet:-1, max-image-preview:large, max-video-preview:-1\" \/>\n<link rel=\"canonical\" href=\"https:\/\/www.dillerbottle.com\/tr\/urunler\/plastik-tekrar-kullanilabilir-su-siseleri\" \/>\n<meta property=\"og:locale\" content=\"tr_TR\" \/>\n<meta property=\"og:type\" content=\"article\" \/>\n<meta property=\"og:title\" content=\"Plastic Reusable Water Bottles\" \/>\n<meta property=\"og:description\" content=\"As one of the best plastic reusable water bottles manufacturers and suppliers, we are engaged in manufacturing good quality water bottles. We warmly welcome you to wholesale or buy custom made plastic reusable water bottles at competitive price from us. Also, small quantity orders are acceptable.\" \/>\n<meta property=\"og:url\" content=\"https:\/\/www.dillerbottle.com\/tr\/urunler\/plastik-tekrar-kullanilabilir-su-siseleri\" \/>\n<meta property=\"og:site_name\" content=\"Diller Water Bottle Manufacturer\" \/>\n<meta property=\"article:modified_time\" content=\"2025-07-09T10:00:33+00:00\" \/>\n<meta property=\"og:image\" content=\"https:\/\/www.dillerbottle.com\/wp-content\/uploads\/2024\/09\/plastic-reusable-water-bottles43c12.jpg\" \/>\n\t<meta property=\"og:image:width\" content=\"730\" \/>\n\t<meta property=\"og:image:height\" content=\"730\" \/>\n\t<meta property=\"og:image:type\" content=\"image\/jpeg\" \/>\n<meta name=\"twitter:card\" content=\"summary_large_image\" \/>\n<meta name=\"twitter:label1\" content=\"Tahmini okuma s\u00fcresi\" \/>\n\t<meta name=\"twitter:data1\" content=\"1 dakika\" \/>\n<script type=\"application\/ld+json\" class=\"yoast-schema-graph\">{\"@context\":\"https:\\\/\\\/schema.org\",\"@graph\":[{\"@type\":\"WebPage\",\"@id\":\"https:\\\/\\\/www.dillerbottle.com\\\/ko\\\/%ec%a0%9c%ed%92%88\\\/%ed%94%8c%eb%9d%bc%ec%8a%a4%ed%8b%b1-%ec%9e%ac%ec%82%ac%ec%9a%a9-%ea%b0%80%eb%8a%a5-%eb%ac%bc%eb%b3%91\",\"url\":\"https:\\\/\\\/www.dillerbottle.com\\\/ko\\\/%ec%a0%9c%ed%92%88\\\/%ed%94%8c%eb%9d%bc%ec%8a%a4%ed%8b%b1-%ec%9e%ac%ec%82%ac%ec%9a%a9-%ea%b0%80%eb%8a%a5-%eb%ac%bc%eb%b3%91\",\"name\":\"Plastic Reusable Water Bottles - Diller Water Bottle Manufacturer\",\"isPartOf\":{\"@id\":\"https:\\\/\\\/www.dillerbottle.com\\\/#website\"},\"primaryImageOfPage\":{\"@id\":\"https:\\\/\\\/www.dillerbottle.com\\\/ko\\\/%ec%a0%9c%ed%92%88\\\/%ed%94%8c%eb%9d%bc%ec%8a%a4%ed%8b%b1-%ec%9e%ac%ec%82%ac%ec%9a%a9-%ea%b0%80%eb%8a%a5-%eb%ac%bc%eb%b3%91#primaryimage\"},\"image\":{\"@id\":\"https:\\\/\\\/www.dillerbottle.com\\\/ko\\\/%ec%a0%9c%ed%92%88\\\/%ed%94%8c%eb%9d%bc%ec%8a%a4%ed%8b%b1-%ec%9e%ac%ec%82%ac%ec%9a%a9-%ea%b0%80%eb%8a%a5-%eb%ac%bc%eb%b3%91#primaryimage\"},\"thumbnailUrl\":\"https:\\\/\\\/www.dillerbottle.com\\\/wp-content\\\/uploads\\\/2024\\\/09\\\/plastic-reusable-water-bottles43c12.jpg\",\"datePublished\":\"2024-09-27T10:03:21+00:00\",\"dateModified\":\"2025-07-09T10:00:33+00:00\",\"description\":\"As one of the best plastic reusable water bottles manufacturers and suppliers, we are engaged in manufacturing good quality water bottles. We warmly welcome you to wholesale or buy custom made plastic reusable water bottles at competitive price from us. Also, small quantity orders are acceptable.\",\"breadcrumb\":{\"@id\":\"https:\\\/\\\/www.dillerbottle.com\\\/ko\\\/%ec%a0%9c%ed%92%88\\\/%ed%94%8c%eb%9d%bc%ec%8a%a4%ed%8b%b1-%ec%9e%ac%ec%82%ac%ec%9a%a9-%ea%b0%80%eb%8a%a5-%eb%ac%bc%eb%b3%91#breadcrumb\"},\"inLanguage\":\"tr\",\"potentialAction\":[{\"@type\":\"ReadAction\",\"target\":[\"https:\\\/\\\/www.dillerbottle.com\\\/ko\\\/%ec%a0%9c%ed%92%88\\\/%ed%94%8c%eb%9d%bc%ec%8a%a4%ed%8b%b1-%ec%9e%ac%ec%82%ac%ec%9a%a9-%ea%b0%80%eb%8a%a5-%eb%ac%bc%eb%b3%91\"]}]},{\"@type\":\"ImageObject\",\"inLanguage\":\"tr\",\"@id\":\"https:\\\/\\\/www.dillerbottle.com\\\/ko\\\/%ec%a0%9c%ed%92%88\\\/%ed%94%8c%eb%9d%bc%ec%8a%a4%ed%8b%b1-%ec%9e%ac%ec%82%ac%ec%9a%a9-%ea%b0%80%eb%8a%a5-%eb%ac%bc%eb%b3%91#primaryimage\",\"url\":\"https:\\\/\\\/www.dillerbottle.com\\\/wp-content\\\/uploads\\\/2024\\\/09\\\/plastic-reusable-water-bottles43c12.jpg\",\"contentUrl\":\"https:\\\/\\\/www.dillerbottle.com\\\/wp-content\\\/uploads\\\/2024\\\/09\\\/plastic-reusable-water-bottles43c12.jpg\",\"width\":730,\"height\":730},{\"@type\":\"BreadcrumbList\",\"@id\":\"https:\\\/\\\/www.dillerbottle.com\\\/ko\\\/%ec%a0%9c%ed%92%88\\\/%ed%94%8c%eb%9d%bc%ec%8a%a4%ed%8b%b1-%ec%9e%ac%ec%82%ac%ec%9a%a9-%ea%b0%80%eb%8a%a5-%eb%ac%bc%eb%b3%91#breadcrumb\",\"itemListElement\":[{\"@type\":\"ListItem\",\"position\":1,\"name\":\"Home\",\"item\":\"https:\\\/\\\/www.dillerbottle.com\\\/\"},{\"@type\":\"ListItem\",\"position\":2,\"name\":\"Products\",\"item\":\"https:\\\/\\\/www.dillerbottle.com\\\/shop\"},{\"@type\":\"ListItem\",\"position\":3,\"name\":\"Plastic Reusable Water Bottles\"}]},{\"@type\":\"WebSite\",\"@id\":\"https:\\\/\\\/www.dillerbottle.com\\\/#website\",\"url\":\"https:\\\/\\\/www.dillerbottle.com\\\/\",\"name\":\"Diller Water Bottle Manufacturer\",\"description\":\"Water Bottle Manufacturer\",\"publisher\":{\"@id\":\"https:\\\/\\\/www.dillerbottle.com\\\/#organization\"},\"potentialAction\":[{\"@type\":\"SearchAction\",\"target\":{\"@type\":\"EntryPoint\",\"urlTemplate\":\"https:\\\/\\\/www.dillerbottle.com\\\/?s={search_term_string}\"},\"query-input\":{\"@type\":\"PropertyValueSpecification\",\"valueRequired\":true,\"valueName\":\"search_term_string\"}}],\"inLanguage\":\"tr\"},{\"@type\":\"Organization\",\"@id\":\"https:\\\/\\\/www.dillerbottle.com\\\/#organization\",\"name\":\"Diller Water Bottle Manufacturer\",\"url\":\"https:\\\/\\\/www.dillerbottle.com\\\/\",\"logo\":{\"@type\":\"ImageObject\",\"inLanguage\":\"tr\",\"@id\":\"https:\\\/\\\/www.dillerbottle.com\\\/#\\\/schema\\\/logo\\\/image\\\/\",\"url\":\"https:\\\/\\\/www.dillerbottle.com\\\/wp-content\\\/uploads\\\/2024\\\/09\\\/49918bfa848dcc1e9f8b509933603ac.png\",\"contentUrl\":\"https:\\\/\\\/www.dillerbottle.com\\\/wp-content\\\/uploads\\\/2024\\\/09\\\/49918bfa848dcc1e9f8b509933603ac.png\",\"width\":988,\"height\":198,\"caption\":\"Diller Water Bottle Manufacturer\"},\"image\":{\"@id\":\"https:\\\/\\\/www.dillerbottle.com\\\/#\\\/schema\\\/logo\\\/image\\\/\"}}]}<\/script>\n<!-- \/ Yoast SEO Premium plugin. -->","yoast_head_json":{"title":"Plastik Tekrar Kullan\u0131labilir Su \u015ei\u015feleri - Diller Su \u015ei\u015fesi \u00dcreticisi","description":"En iyi plastik tekrar kullan\u0131labilir su \u015fi\u015feleri \u00fcreticilerinden ve tedarik\u00e7ilerinden biri olarak, kaliteli su \u015fi\u015feleri \u00fcretiyoruz. Toptan sat\u0131\u015f yapman\u0131z\u0131 veya bizden rekabet\u00e7i fiyatlarla \u00f6zel yap\u0131m plastik tekrar kullan\u0131labilir su \u015fi\u015feleri sat\u0131n alman\u0131z\u0131 i\u00e7tenlikle bekliyoruz. Ayr\u0131ca, k\u00fc\u00e7\u00fck miktarda sipari\u015fler de kabul edilebilir.","robots":{"index":"index","follow":"follow","max-snippet":"max-snippet:-1","max-image-preview":"max-image-preview:large","max-video-preview":"max-video-preview:-1"},"canonical":"https:\/\/www.dillerbottle.com\/tr\/urunler\/plastik-tekrar-kullanilabilir-su-siseleri","og_locale":"tr_TR","og_type":"article","og_title":"Plastic Reusable Water Bottles","og_description":"As one of the best plastic reusable water bottles manufacturers and suppliers, we are engaged in manufacturing good quality water bottles. We warmly welcome you to wholesale or buy custom made plastic reusable water bottles at competitive price from us. Also, small quantity orders are acceptable.","og_url":"https:\/\/www.dillerbottle.com\/tr\/urunler\/plastik-tekrar-kullanilabilir-su-siseleri","og_site_name":"Diller Water Bottle Manufacturer","article_modified_time":"2025-07-09T10:00:33+00:00","og_image":[{"width":730,"height":730,"url":"https:\/\/www.dillerbottle.com\/wp-content\/uploads\/2024\/09\/plastic-reusable-water-bottles43c12.jpg","type":"image\/jpeg"}],"twitter_card":"summary_large_image","twitter_misc":{"Tahmini okuma s\u00fcresi":"1 dakika"},"schema":{"@context":"https:\/\/schema.org","@graph":[{"@type":"WebPage","@id":"https:\/\/www.dillerbottle.com\/ko\/%ec%a0%9c%ed%92%88\/%ed%94%8c%eb%9d%bc%ec%8a%a4%ed%8b%b1-%ec%9e%ac%ec%82%ac%ec%9a%a9-%ea%b0%80%eb%8a%a5-%eb%ac%bc%eb%b3%91","url":"https:\/\/www.dillerbottle.com\/ko\/%ec%a0%9c%ed%92%88\/%ed%94%8c%eb%9d%bc%ec%8a%a4%ed%8b%b1-%ec%9e%ac%ec%82%ac%ec%9a%a9-%ea%b0%80%eb%8a%a5-%eb%ac%bc%eb%b3%91","name":"Plastik Tekrar Kullan\u0131labilir Su \u015ei\u015feleri - Diller Su \u015ei\u015fesi \u00dcreticisi","isPartOf":{"@id":"https:\/\/www.dillerbottle.com\/#website"},"primaryImageOfPage":{"@id":"https:\/\/www.dillerbottle.com\/ko\/%ec%a0%9c%ed%92%88\/%ed%94%8c%eb%9d%bc%ec%8a%a4%ed%8b%b1-%ec%9e%ac%ec%82%ac%ec%9a%a9-%ea%b0%80%eb%8a%a5-%eb%ac%bc%eb%b3%91#primaryimage"},"image":{"@id":"https:\/\/www.dillerbottle.com\/ko\/%ec%a0%9c%ed%92%88\/%ed%94%8c%eb%9d%bc%ec%8a%a4%ed%8b%b1-%ec%9e%ac%ec%82%ac%ec%9a%a9-%ea%b0%80%eb%8a%a5-%eb%ac%bc%eb%b3%91#primaryimage"},"thumbnailUrl":"https:\/\/www.dillerbottle.com\/wp-content\/uploads\/2024\/09\/plastic-reusable-water-bottles43c12.jpg","datePublished":"2024-09-27T10:03:21+00:00","dateModified":"2025-07-09T10:00:33+00:00","description":"En iyi plastik tekrar kullan\u0131labilir su \u015fi\u015feleri \u00fcreticilerinden ve tedarik\u00e7ilerinden biri olarak, kaliteli su \u015fi\u015feleri \u00fcretiyoruz. Toptan sat\u0131\u015f yapman\u0131z\u0131 veya bizden rekabet\u00e7i fiyatlarla \u00f6zel yap\u0131m plastik tekrar kullan\u0131labilir su \u015fi\u015feleri sat\u0131n alman\u0131z\u0131 i\u00e7tenlikle bekliyoruz. Ayr\u0131ca, k\u00fc\u00e7\u00fck miktarda sipari\u015fler de kabul edilebilir.","breadcrumb":{"@id":"https:\/\/www.dillerbottle.com\/ko\/%ec%a0%9c%ed%92%88\/%ed%94%8c%eb%9d%bc%ec%8a%a4%ed%8b%b1-%ec%9e%ac%ec%82%ac%ec%9a%a9-%ea%b0%80%eb%8a%a5-%eb%ac%bc%eb%b3%91#breadcrumb"},"inLanguage":"tr","potentialAction":[{"@type":"ReadAction","target":["https:\/\/www.dillerbottle.com\/ko\/%ec%a0%9c%ed%92%88\/%ed%94%8c%eb%9d%bc%ec%8a%a4%ed%8b%b1-%ec%9e%ac%ec%82%ac%ec%9a%a9-%ea%b0%80%eb%8a%a5-%eb%ac%bc%eb%b3%91"]}]},{"@type":"ImageObject","inLanguage":"tr","@id":"https:\/\/www.dillerbottle.com\/ko\/%ec%a0%9c%ed%92%88\/%ed%94%8c%eb%9d%bc%ec%8a%a4%ed%8b%b1-%ec%9e%ac%ec%82%ac%ec%9a%a9-%ea%b0%80%eb%8a%a5-%eb%ac%bc%eb%b3%91#primaryimage","url":"https:\/\/www.dillerbottle.com\/wp-content\/uploads\/2024\/09\/plastic-reusable-water-bottles43c12.jpg","contentUrl":"https:\/\/www.dillerbottle.com\/wp-content\/uploads\/2024\/09\/plastic-reusable-water-bottles43c12.jpg","width":730,"height":730},{"@type":"BreadcrumbList","@id":"https:\/\/www.dillerbottle.com\/ko\/%ec%a0%9c%ed%92%88\/%ed%94%8c%eb%9d%bc%ec%8a%a4%ed%8b%b1-%ec%9e%ac%ec%82%ac%ec%9a%a9-%ea%b0%80%eb%8a%a5-%eb%ac%bc%eb%b3%91#breadcrumb","itemListElement":[{"@type":"ListItem","position":1,"name":"Home","item":"https:\/\/www.dillerbottle.com\/"},{"@type":"ListItem","position":2,"name":"Products","item":"https:\/\/www.dillerbottle.com\/shop"},{"@type":"ListItem","position":3,"name":"Plastic Reusable Water Bottles"}]},{"@type":"WebSite","@id":"https:\/\/www.dillerbottle.com\/#website","url":"https:\/\/www.dillerbottle.com\/","name":"Diller Su \u015ei\u015fesi \u00dcreticisi","description":"Su \u015ei\u015fesi \u00dcreticisi","publisher":{"@id":"https:\/\/www.dillerbottle.com\/#organization"},"potentialAction":[{"@type":"SearchAction","target":{"@type":"EntryPoint","urlTemplate":"https:\/\/www.dillerbottle.com\/?s={search_term_string}"},"query-input":{"@type":"PropertyValueSpecification","valueRequired":true,"valueName":"search_term_string"}}],"inLanguage":"tr"},{"@type":"Organization","@id":"https:\/\/www.dillerbottle.com\/#organization","name":"Diller Su \u015ei\u015fesi \u00dcreticisi","url":"https:\/\/www.dillerbottle.com\/","logo":{"@type":"ImageObject","inLanguage":"tr","@id":"https:\/\/www.dillerbottle.com\/#\/schema\/logo\/image\/","url":"https:\/\/www.dillerbottle.com\/wp-content\/uploads\/2024\/09\/49918bfa848dcc1e9f8b509933603ac.png","contentUrl":"https:\/\/www.dillerbottle.com\/wp-content\/uploads\/2024\/09\/49918bfa848dcc1e9f8b509933603ac.png","width":988,"height":198,"caption":"Diller Water Bottle Manufacturer"},"image":{"@id":"https:\/\/www.dillerbottle.com\/#\/schema\/logo\/image\/"}}]}},"_links":{"self":[{"href":"https:\/\/www.dillerbottle.com\/tr\/wp-json\/wp\/v2\/product\/5957","targetHints":{"allow":["GET"]}}],"collection":[{"href":"https:\/\/www.dillerbottle.com\/tr\/wp-json\/wp\/v2\/product"}],"about":[{"href":"https:\/\/www.dillerbottle.com\/tr\/wp-json\/wp\/v2\/types\/product"}],"replies":[{"embeddable":true,"href":"https:\/\/www.dillerbottle.com\/tr\/wp-json\/wp\/v2\/comments?post=5957"}],"wp:featuredmedia":[{"embeddable":true,"href":"https:\/\/www.dillerbottle.com\/tr\/wp-json\/wp\/v2\/media\/5958"}],"wp:attachment":[{"href":"https:\/\/www.dillerbottle.com\/tr\/wp-json\/wp\/v2\/media?parent=5957"}],"wp:term":[{"taxonomy":"product_brand","embeddable":true,"href":"https:\/\/www.dillerbottle.com\/tr\/wp-json\/wp\/v2\/product_brand?post=5957"},{"taxonomy":"product_cat","embeddable":true,"href":"https:\/\/www.dillerbottle.com\/tr\/wp-json\/wp\/v2\/product_cat?post=5957"},{"taxonomy":"product_tag","embeddable":true,"href":"https:\/\/www.dillerbottle.com\/tr\/wp-json\/wp\/v2\/product_tag?post=5957"}],"curies":[{"name":"wp","href":"https:\/\/api.w.org\/{rel}","templated":true}]}}