{"id":7044,"date":"2024-09-29T09:55:13","date_gmt":"2024-09-29T01:55:13","guid":{"rendered":"https:\/\/demo.dillerbottle.com\/uncategorized\/lovely-bear-glass-bottle"},"modified":"2025-12-10T13:43:49","modified_gmt":"2025-12-10T05:43:49","slug":"sevimli-ayi-cam-sise","status":"publish","type":"product","link":"https:\/\/www.dillerbottle.com\/tr\/products\/lovely-bear-glass-bottle","title":{"rendered":"Sevimli Ay\u0131 Cam \u015ei\u015fe"},"content":{"rendered":"<p>1. Sevimli ay\u0131 cam \u015fi\u015fesi y\u00fcksek borosilikat camdan yap\u0131lm\u0131\u015ft\u0131r. Dayan\u0131kl\u0131 borosilikat cam a\u015f\u0131r\u0131 s\u0131cakl\u0131klarda \u00e7atlama yapmaz ve \u00e7ift katmanl\u0131 kupa g\u00f6vde tasar\u0131m\u0131 ellerin ha\u015flanmas\u0131ndan korkmaz.<\/p>\n<p>2. Paslanmaz \u00e7elik \u00e7ay demleme aparat\u0131 ile \u00e7ay demlemek kolayd\u0131r ve her zaman, her yerde i\u00e7ilebilir.<\/p>\n<p>3. S\u0131zd\u0131rmazl\u0131k kapa\u011f\u0131, su s\u0131z\u0131nt\u0131s\u0131n\u0131 etkili bir \u015fekilde \u00f6nleyen ve torbaya yerle\u015ftirildi\u011finde \u0131slanmaktan korkmayan g\u0131da s\u0131n\u0131f\u0131 silikon O-ring kullan\u0131r.<\/p>\n<p>4.;Bardak kapa\u011f\u0131n\u0131n \u00fcst\u00fcnde gizli bir silikon ip var, d\u0131\u015far\u0131 \u00e7\u0131karken ta\u015f\u0131mak da \u00e7ok rahat.<\/p>","protected":false},"excerpt":{"rendered":"<p>Bu sevimli ay\u0131 cam \u015fi\u015fe, y\u00fcksek borosilikat camdan ve g\u0131da s\u0131n\u0131f\u0131 malzemelerden \u00fcretilmi\u015ftir.<br \/>\nEllerin yanmas\u0131n\u0131 \u00f6nleyen \u00e7ift cam tasar\u0131m\u0131.<br \/>\nBardak kapa\u011f\u0131n\u0131n \u00fcst\u00fcnde gizli bir ip bulunmaktad\u0131r.<br \/>\nPaslanmaz \u00e7elik \u00e7ay demli\u011fi ile \u00e7ay i\u00e7mek daha rahat.<br \/>\nOEM ve ODM kabul edilebilir.<br \/>\nSu \u015fi\u015femizi ihtiya\u00e7lar\u0131n\u0131za g\u00f6re \u00f6zelle\u015ftirebiliriz.<br \/>\nToptan sat\u0131n almaya ho\u015f geldiniz, hemen soru\u015fturma g\u00f6nderin!<\/p>","protected":false},"featured_media":7045,"comment_status":"open","ping_status":"closed","template":"","meta":{"_acf_changed":false},"product_brand":[],"product_cat":[310],"product_tag":[32,36,33,31,542,39,593,597,38,617,29,37,587,571,34,35,28,578,30],"class_list":{"0":"post-7044","1":"product","2":"type-product","3":"status-publish","4":"has-post-thumbnail","6":"product_cat-glass-water-bottle","7":"product_tag-best","8":"product_tag-bulk","9":"product_tag-buy","10":"product_tag-custom","11":"product_tag-double-wall-glass-water-bottle-with-tea-infuser","12":"product_tag-for-sale","13":"product_tag-frosted-glass-water-bottle-sublimation","14":"product_tag-glass-water-bottle-with-time-marker","15":"product_tag-good-quality","16":"product_tag-lovely-bear-glass-bottle","17":"product_tag-manufacturers","18":"product_tag-manufacturing","19":"product_tag-motivational-water-bottle-1-liter","20":"product_tag-multi-use-water-bottle","21":"product_tag-price","22":"product_tag-small","23":"product_tag-suppliers","24":"product_tag-water-bottle-gift-promotional","25":"product_tag-wholesale","27":"first","28":"instock","29":"shipping-taxable","30":"product-type-simple"},"acf":[],"yoast_head":"<!-- This site is optimized with the Yoast SEO Premium plugin v27.4 (Yoast SEO v27.4) - https:\/\/yoast.com\/product\/yoast-seo-premium-wordpress\/ -->\n<title>Lovely Bear Glass Bottle - Diller Water Bottle Manufacturer<\/title>\n<meta name=\"description\" content=\"As one of the best lovely bear glass bottle manufacturers and suppliers, we are engaged in manufacturing good quality water bottles. We warmly welcome you to wholesale or buy custom made lovely bear glass bottle at competitive price from us. Also, small quantity orders are acceptable.\" \/>\n<meta name=\"robots\" content=\"index, follow, max-snippet:-1, max-image-preview:large, max-video-preview:-1\" \/>\n<link rel=\"canonical\" href=\"https:\/\/www.dillerbottle.com\/tr\/urunler\/sevimli-ayi-cam-sise\" \/>\n<meta property=\"og:locale\" content=\"tr_TR\" \/>\n<meta property=\"og:type\" content=\"article\" \/>\n<meta property=\"og:title\" content=\"Lovely Bear Glass Bottle\" \/>\n<meta property=\"og:description\" content=\"As one of the best lovely bear glass bottle manufacturers and suppliers, we are engaged in manufacturing good quality water bottles. We warmly welcome you to wholesale or buy custom made lovely bear glass bottle at competitive price from us. Also, small quantity orders are acceptable.\" \/>\n<meta property=\"og:url\" content=\"https:\/\/www.dillerbottle.com\/tr\/urunler\/sevimli-ayi-cam-sise\" \/>\n<meta property=\"og:site_name\" content=\"Diller Water Bottle Manufacturer\" \/>\n<meta property=\"article:modified_time\" content=\"2025-12-10T05:43:49+00:00\" \/>\n<meta property=\"og:image\" content=\"https:\/\/www.dillerbottle.com\/wp-content\/uploads\/2024\/09\/lovel-bear-glass-bottle3da052c3-a421-4282-992a-124992ea5d84.jpg\" \/>\n\t<meta property=\"og:image:width\" content=\"730\" \/>\n\t<meta property=\"og:image:height\" content=\"730\" \/>\n\t<meta property=\"og:image:type\" content=\"image\/jpeg\" \/>\n<meta name=\"twitter:card\" content=\"summary_large_image\" \/>\n<meta name=\"twitter:label1\" content=\"Tahmini okuma s\u00fcresi\" \/>\n\t<meta name=\"twitter:data1\" content=\"5 dakika\" \/>\n<script type=\"application\/ld+json\" class=\"yoast-schema-graph\">{\"@context\":\"https:\\\/\\\/schema.org\",\"@graph\":[{\"@type\":\"WebPage\",\"@id\":\"https:\\\/\\\/www.dillerbottle.com\\\/products\\\/lovely-bear-glass-bottle\",\"url\":\"https:\\\/\\\/www.dillerbottle.com\\\/products\\\/lovely-bear-glass-bottle\",\"name\":\"Lovely Bear Glass Bottle - Diller Water Bottle Manufacturer\",\"isPartOf\":{\"@id\":\"https:\\\/\\\/www.dillerbottle.com\\\/#website\"},\"primaryImageOfPage\":{\"@id\":\"https:\\\/\\\/www.dillerbottle.com\\\/products\\\/lovely-bear-glass-bottle#primaryimage\"},\"image\":{\"@id\":\"https:\\\/\\\/www.dillerbottle.com\\\/products\\\/lovely-bear-glass-bottle#primaryimage\"},\"thumbnailUrl\":\"https:\\\/\\\/www.dillerbottle.com\\\/wp-content\\\/uploads\\\/2024\\\/09\\\/lovel-bear-glass-bottle3da052c3-a421-4282-992a-124992ea5d84.jpg\",\"datePublished\":\"2024-09-29T01:55:13+00:00\",\"dateModified\":\"2025-12-10T05:43:49+00:00\",\"description\":\"As one of the best lovely bear glass bottle manufacturers and suppliers, we are engaged in manufacturing good quality water bottles. We warmly welcome you to wholesale or buy custom made lovely bear glass bottle at competitive price from us. Also, small quantity orders are acceptable.\",\"breadcrumb\":{\"@id\":\"https:\\\/\\\/www.dillerbottle.com\\\/products\\\/lovely-bear-glass-bottle#breadcrumb\"},\"inLanguage\":\"tr\",\"potentialAction\":[{\"@type\":\"ReadAction\",\"target\":[\"https:\\\/\\\/www.dillerbottle.com\\\/products\\\/lovely-bear-glass-bottle\"]}]},{\"@type\":\"ImageObject\",\"inLanguage\":\"tr\",\"@id\":\"https:\\\/\\\/www.dillerbottle.com\\\/products\\\/lovely-bear-glass-bottle#primaryimage\",\"url\":\"https:\\\/\\\/www.dillerbottle.com\\\/wp-content\\\/uploads\\\/2024\\\/09\\\/lovel-bear-glass-bottle3da052c3-a421-4282-992a-124992ea5d84.jpg\",\"contentUrl\":\"https:\\\/\\\/www.dillerbottle.com\\\/wp-content\\\/uploads\\\/2024\\\/09\\\/lovel-bear-glass-bottle3da052c3-a421-4282-992a-124992ea5d84.jpg\",\"width\":730,\"height\":730},{\"@type\":\"BreadcrumbList\",\"@id\":\"https:\\\/\\\/www.dillerbottle.com\\\/products\\\/lovely-bear-glass-bottle#breadcrumb\",\"itemListElement\":[{\"@type\":\"ListItem\",\"position\":1,\"name\":\"Home\",\"item\":\"https:\\\/\\\/www.dillerbottle.com\\\/\"},{\"@type\":\"ListItem\",\"position\":2,\"name\":\"Products\",\"item\":\"https:\\\/\\\/www.dillerbottle.com\\\/shop\"},{\"@type\":\"ListItem\",\"position\":3,\"name\":\"Lovely Bear Glass Bottle\"}]},{\"@type\":\"WebSite\",\"@id\":\"https:\\\/\\\/www.dillerbottle.com\\\/#website\",\"url\":\"https:\\\/\\\/www.dillerbottle.com\\\/\",\"name\":\"Diller Water Bottle Manufacturer\",\"description\":\"Water Bottle Manufacturer\",\"publisher\":{\"@id\":\"https:\\\/\\\/www.dillerbottle.com\\\/#organization\"},\"potentialAction\":[{\"@type\":\"SearchAction\",\"target\":{\"@type\":\"EntryPoint\",\"urlTemplate\":\"https:\\\/\\\/www.dillerbottle.com\\\/?s={search_term_string}\"},\"query-input\":{\"@type\":\"PropertyValueSpecification\",\"valueRequired\":true,\"valueName\":\"search_term_string\"}}],\"inLanguage\":\"tr\"},{\"@type\":\"Organization\",\"@id\":\"https:\\\/\\\/www.dillerbottle.com\\\/#organization\",\"name\":\"Diller Water Bottle Manufacturer\",\"url\":\"https:\\\/\\\/www.dillerbottle.com\\\/\",\"logo\":{\"@type\":\"ImageObject\",\"inLanguage\":\"tr\",\"@id\":\"https:\\\/\\\/www.dillerbottle.com\\\/#\\\/schema\\\/logo\\\/image\\\/\",\"url\":\"https:\\\/\\\/www.dillerbottle.com\\\/wp-content\\\/uploads\\\/2024\\\/09\\\/49918bfa848dcc1e9f8b509933603ac.png\",\"contentUrl\":\"https:\\\/\\\/www.dillerbottle.com\\\/wp-content\\\/uploads\\\/2024\\\/09\\\/49918bfa848dcc1e9f8b509933603ac.png\",\"width\":988,\"height\":198,\"caption\":\"Diller Water Bottle Manufacturer\"},\"image\":{\"@id\":\"https:\\\/\\\/www.dillerbottle.com\\\/#\\\/schema\\\/logo\\\/image\\\/\"}}]}<\/script>\n<!-- \/ Yoast SEO Premium plugin. -->","yoast_head_json":{"title":"Sevimli Ay\u0131 Cam \u015ei\u015fe - Diller Su \u015ei\u015fesi \u00dcreticisi","description":"En iyi sevimli ay\u0131 cam \u015fi\u015fe \u00fcreticilerinden ve tedarik\u00e7ilerinden biri olarak, kaliteli su \u015fi\u015feleri \u00fcretiyoruz. Toptan sat\u0131\u015f yapman\u0131z\u0131 veya bizden rekabet\u00e7i fiyatlarla \u00f6zel yap\u0131m sevimli ay\u0131 cam \u015fi\u015fe sat\u0131n alman\u0131z\u0131 i\u00e7tenlikle bekliyoruz. Ayr\u0131ca, k\u00fc\u00e7\u00fck miktardaki sipari\u015fler de kabul edilebilir.","robots":{"index":"index","follow":"follow","max-snippet":"max-snippet:-1","max-image-preview":"max-image-preview:large","max-video-preview":"max-video-preview:-1"},"canonical":"https:\/\/www.dillerbottle.com\/tr\/urunler\/sevimli-ayi-cam-sise","og_locale":"tr_TR","og_type":"article","og_title":"Lovely Bear Glass Bottle","og_description":"As one of the best lovely bear glass bottle manufacturers and suppliers, we are engaged in manufacturing good quality water bottles. We warmly welcome you to wholesale or buy custom made lovely bear glass bottle at competitive price from us. Also, small quantity orders are acceptable.","og_url":"https:\/\/www.dillerbottle.com\/tr\/urunler\/sevimli-ayi-cam-sise","og_site_name":"Diller Water Bottle Manufacturer","article_modified_time":"2025-12-10T05:43:49+00:00","og_image":[{"width":730,"height":730,"url":"https:\/\/www.dillerbottle.com\/wp-content\/uploads\/2024\/09\/lovel-bear-glass-bottle3da052c3-a421-4282-992a-124992ea5d84.jpg","type":"image\/jpeg"}],"twitter_card":"summary_large_image","twitter_misc":{"Tahmini okuma s\u00fcresi":"5 dakika"},"schema":{"@context":"https:\/\/schema.org","@graph":[{"@type":"WebPage","@id":"https:\/\/www.dillerbottle.com\/products\/lovely-bear-glass-bottle","url":"https:\/\/www.dillerbottle.com\/products\/lovely-bear-glass-bottle","name":"Sevimli Ay\u0131 Cam \u015ei\u015fe - Diller Su \u015ei\u015fesi \u00dcreticisi","isPartOf":{"@id":"https:\/\/www.dillerbottle.com\/#website"},"primaryImageOfPage":{"@id":"https:\/\/www.dillerbottle.com\/products\/lovely-bear-glass-bottle#primaryimage"},"image":{"@id":"https:\/\/www.dillerbottle.com\/products\/lovely-bear-glass-bottle#primaryimage"},"thumbnailUrl":"https:\/\/www.dillerbottle.com\/wp-content\/uploads\/2024\/09\/lovel-bear-glass-bottle3da052c3-a421-4282-992a-124992ea5d84.jpg","datePublished":"2024-09-29T01:55:13+00:00","dateModified":"2025-12-10T05:43:49+00:00","description":"En iyi sevimli ay\u0131 cam \u015fi\u015fe \u00fcreticilerinden ve tedarik\u00e7ilerinden biri olarak, kaliteli su \u015fi\u015feleri \u00fcretiyoruz. Toptan sat\u0131\u015f yapman\u0131z\u0131 veya bizden rekabet\u00e7i fiyatlarla \u00f6zel yap\u0131m sevimli ay\u0131 cam \u015fi\u015fe sat\u0131n alman\u0131z\u0131 i\u00e7tenlikle bekliyoruz. Ayr\u0131ca, k\u00fc\u00e7\u00fck miktardaki sipari\u015fler de kabul edilebilir.","breadcrumb":{"@id":"https:\/\/www.dillerbottle.com\/products\/lovely-bear-glass-bottle#breadcrumb"},"inLanguage":"tr","potentialAction":[{"@type":"ReadAction","target":["https:\/\/www.dillerbottle.com\/products\/lovely-bear-glass-bottle"]}]},{"@type":"ImageObject","inLanguage":"tr","@id":"https:\/\/www.dillerbottle.com\/products\/lovely-bear-glass-bottle#primaryimage","url":"https:\/\/www.dillerbottle.com\/wp-content\/uploads\/2024\/09\/lovel-bear-glass-bottle3da052c3-a421-4282-992a-124992ea5d84.jpg","contentUrl":"https:\/\/www.dillerbottle.com\/wp-content\/uploads\/2024\/09\/lovel-bear-glass-bottle3da052c3-a421-4282-992a-124992ea5d84.jpg","width":730,"height":730},{"@type":"BreadcrumbList","@id":"https:\/\/www.dillerbottle.com\/products\/lovely-bear-glass-bottle#breadcrumb","itemListElement":[{"@type":"ListItem","position":1,"name":"Home","item":"https:\/\/www.dillerbottle.com\/"},{"@type":"ListItem","position":2,"name":"Products","item":"https:\/\/www.dillerbottle.com\/shop"},{"@type":"ListItem","position":3,"name":"Lovely Bear Glass Bottle"}]},{"@type":"WebSite","@id":"https:\/\/www.dillerbottle.com\/#website","url":"https:\/\/www.dillerbottle.com\/","name":"Diller Su \u015ei\u015fesi \u00dcreticisi","description":"Su \u015ei\u015fesi \u00dcreticisi","publisher":{"@id":"https:\/\/www.dillerbottle.com\/#organization"},"potentialAction":[{"@type":"SearchAction","target":{"@type":"EntryPoint","urlTemplate":"https:\/\/www.dillerbottle.com\/?s={search_term_string}"},"query-input":{"@type":"PropertyValueSpecification","valueRequired":true,"valueName":"search_term_string"}}],"inLanguage":"tr"},{"@type":"Organization","@id":"https:\/\/www.dillerbottle.com\/#organization","name":"Diller Su \u015ei\u015fesi \u00dcreticisi","url":"https:\/\/www.dillerbottle.com\/","logo":{"@type":"ImageObject","inLanguage":"tr","@id":"https:\/\/www.dillerbottle.com\/#\/schema\/logo\/image\/","url":"https:\/\/www.dillerbottle.com\/wp-content\/uploads\/2024\/09\/49918bfa848dcc1e9f8b509933603ac.png","contentUrl":"https:\/\/www.dillerbottle.com\/wp-content\/uploads\/2024\/09\/49918bfa848dcc1e9f8b509933603ac.png","width":988,"height":198,"caption":"Diller Water Bottle Manufacturer"},"image":{"@id":"https:\/\/www.dillerbottle.com\/#\/schema\/logo\/image\/"}}]}},"_links":{"self":[{"href":"https:\/\/www.dillerbottle.com\/tr\/wp-json\/wp\/v2\/product\/7044","targetHints":{"allow":["GET"]}}],"collection":[{"href":"https:\/\/www.dillerbottle.com\/tr\/wp-json\/wp\/v2\/product"}],"about":[{"href":"https:\/\/www.dillerbottle.com\/tr\/wp-json\/wp\/v2\/types\/product"}],"replies":[{"embeddable":true,"href":"https:\/\/www.dillerbottle.com\/tr\/wp-json\/wp\/v2\/comments?post=7044"}],"wp:featuredmedia":[{"embeddable":true,"href":"https:\/\/www.dillerbottle.com\/tr\/wp-json\/wp\/v2\/media\/7045"}],"wp:attachment":[{"href":"https:\/\/www.dillerbottle.com\/tr\/wp-json\/wp\/v2\/media?parent=7044"}],"wp:term":[{"taxonomy":"product_brand","embeddable":true,"href":"https:\/\/www.dillerbottle.com\/tr\/wp-json\/wp\/v2\/product_brand?post=7044"},{"taxonomy":"product_cat","embeddable":true,"href":"https:\/\/www.dillerbottle.com\/tr\/wp-json\/wp\/v2\/product_cat?post=7044"},{"taxonomy":"product_tag","embeddable":true,"href":"https:\/\/www.dillerbottle.com\/tr\/wp-json\/wp\/v2\/product_tag?post=7044"}],"curies":[{"name":"wp","href":"https:\/\/api.w.org\/{rel}","templated":true}]}}