{"id":7127,"date":"2024-09-29T09:56:15","date_gmt":"2024-09-29T01:56:15","guid":{"rendered":"https:\/\/demo.dillerbottle.com\/uncategorized\/double-wall-glass-tea-infuser"},"modified":"2025-07-09T17:05:53","modified_gmt":"2025-07-09T09:05:53","slug":"cift-duvarli-cam-cay-demligi","status":"publish","type":"product","link":"https:\/\/www.dillerbottle.com\/tr\/products\/double-wall-glass-tea-infuser","title":{"rendered":"\u00c7ift Duvarl\u0131 Cam \u00c7ay Demli\u011fi"},"content":{"rendered":"<p>1.\u00c7ift duvarl\u0131 cam \u00e7ay demleme su \u015fi\u015fesi, \u00e7ift duvarl\u0131 yal\u0131t\u0131ml\u0131 camdan, \u0131s\u0131 yal\u0131t\u0131m\u0131ndan ve ha\u015flanma \u00f6nleyici \u00f6zelli\u011finden yap\u0131lm\u0131\u015ft\u0131r.<br \/>\n2. Bu \u00e7ift caml\u0131 su \u015fi\u015fesi y\u00fcksek kaliteli s\u0131zd\u0131rmaz bambu kapa\u011fa sahiptir.<br \/>\n3. 304 paslanmaz \u00e7elik \u00e7ay filtresi ve demleyici, \u00e7ay, kahve, su, meyve suyu, meyve inf\u00fczyonlar\u0131 i\u00e7in m\u00fckemmeldir.<br \/>\n4. Y\u00fcksek kaliteli borosilikat camdan \u00fcretilmi\u015ftir, BPA i\u00e7ermez, g\u00fcvenli ve sa\u011fl\u0131kl\u0131d\u0131r.<\/p>","protected":false},"excerpt":{"rendered":"<p>\u00d6zellikler: 1.\u00c7ift duvarl\u0131 cam \u00e7ay demleme su \u015fi\u015fesi, \u00e7ift duvarl\u0131 yal\u0131t\u0131ml\u0131 camdan, \u0131s\u0131 yal\u0131t\u0131m\u0131ndan ve ha\u015flanma \u00f6nleyici malzemeden yap\u0131lm\u0131\u015ft\u0131r.<br \/>\n2.<br \/>\nY\u00fcksek kaliteli s\u0131zd\u0131rmaz bambu kapa\u011fa sahip bu \u00e7ift caml\u0131 su \u015fi\u015fesi.<br \/>\n3.<br \/>\n304 paslanmaz \u00e7elik \u00e7ay filtresi ve demli\u011fi, \u00e7ay, kahve, su, meyve suyu, meyve i\u00e7in m\u00fckemmeldir\u2026<\/p>","protected":false},"featured_media":7128,"comment_status":"open","ping_status":"closed","template":"","meta":{"_acf_changed":false},"product_brand":[],"product_cat":[310],"product_tag":[32,36,33,31,621,542,39,591,597,38,604,29,37,34,551,35,28,514,30],"class_list":{"0":"post-7127","1":"product","2":"type-product","3":"status-publish","4":"has-post-thumbnail","6":"product_cat-glass-water-bottle","7":"product_tag-best","8":"product_tag-bulk","9":"product_tag-buy","10":"product_tag-custom","11":"product_tag-double-wall-glass-tea-infuser","12":"product_tag-double-wall-glass-water-bottle-with-tea-infuser","13":"product_tag-for-sale","14":"product_tag-glass-water-bottle","15":"product_tag-glass-water-bottle-with-time-marker","16":"product_tag-good-quality","17":"product_tag-logo-water-bottle","18":"product_tag-manufacturers","19":"product_tag-manufacturing","20":"product_tag-price","21":"product_tag-silicone-sleeve-water-bottle","22":"product_tag-small","23":"product_tag-suppliers","24":"product_tag-time-marker-water-bottle","25":"product_tag-wholesale","27":"first","28":"instock","29":"shipping-taxable","30":"product-type-simple"},"acf":[],"yoast_head":"<!-- This site is optimized with the Yoast SEO Premium plugin v27.5 (Yoast SEO v27.5) - https:\/\/yoast.com\/product\/yoast-seo-premium-wordpress\/ -->\n<title>Double Wall Glass Tea Infuser - Diller Water Bottle Manufacturer<\/title>\n<meta name=\"description\" content=\"As one of the best double wall glass tea infuser manufacturers and suppliers, we are engaged in manufacturing good quality water bottles. We warmly welcome you to wholesale or buy custom made double wall glass tea infuser at competitive price from us. Also, small quantity orders are acceptable.\" \/>\n<meta name=\"robots\" content=\"index, follow, max-snippet:-1, max-image-preview:large, max-video-preview:-1\" \/>\n<link rel=\"canonical\" href=\"https:\/\/www.dillerbottle.com\/tr\/urunler\/cift-duvarli-cam-cay-demligi\" \/>\n<meta property=\"og:locale\" content=\"tr_TR\" \/>\n<meta property=\"og:type\" content=\"article\" \/>\n<meta property=\"og:title\" content=\"Double Wall Glass Tea Infuser\" \/>\n<meta property=\"og:description\" content=\"As one of the best double wall glass tea infuser manufacturers and suppliers, we are engaged in manufacturing good quality water bottles. We warmly welcome you to wholesale or buy custom made double wall glass tea infuser at competitive price from us. Also, small quantity orders are acceptable.\" \/>\n<meta property=\"og:url\" content=\"https:\/\/www.dillerbottle.com\/tr\/urunler\/cift-duvarli-cam-cay-demligi\" \/>\n<meta property=\"og:site_name\" content=\"Diller Water Bottle Manufacturer\" \/>\n<meta property=\"article:modified_time\" content=\"2025-07-09T09:05:53+00:00\" \/>\n<meta property=\"og:image\" content=\"https:\/\/www.dillerbottle.com\/wp-content\/uploads\/2024\/09\/double-wall-glass-tea-infuser38304624381.jpg\" \/>\n\t<meta property=\"og:image:width\" content=\"730\" \/>\n\t<meta property=\"og:image:height\" content=\"730\" \/>\n\t<meta property=\"og:image:type\" content=\"image\/jpeg\" \/>\n<meta name=\"twitter:card\" content=\"summary_large_image\" \/>\n<meta name=\"twitter:label1\" content=\"Tahmini okuma s\u00fcresi\" \/>\n\t<meta name=\"twitter:data1\" content=\"2 dakika\" \/>\n<script type=\"application\/ld+json\" class=\"yoast-schema-graph\">{\"@context\":\"https:\\\/\\\/schema.org\",\"@graph\":[{\"@type\":\"WebPage\",\"@id\":\"https:\\\/\\\/www.dillerbottle.com\\\/ru\\\/%d0%bf%d1%80%d0%be%d0%b4%d1%83%d0%ba%d1%82%d1%8b\\\/%d0%b7%d0%b0%d0%b2%d0%b0%d1%80%d0%bd%d0%b8%d0%ba-%d0%b4%d0%bb%d1%8f-%d1%87%d0%b0%d1%8f-%d1%81-%d0%b4%d0%b2%d0%be%d0%b9%d0%bd%d1%8b%d0%bc%d0%b8-%d1%81%d1%82%d0%b5%d0%bd%d0%ba%d0%b0%d0%bc%d0%b8-%d0%b8\",\"url\":\"https:\\\/\\\/www.dillerbottle.com\\\/ru\\\/%d0%bf%d1%80%d0%be%d0%b4%d1%83%d0%ba%d1%82%d1%8b\\\/%d0%b7%d0%b0%d0%b2%d0%b0%d1%80%d0%bd%d0%b8%d0%ba-%d0%b4%d0%bb%d1%8f-%d1%87%d0%b0%d1%8f-%d1%81-%d0%b4%d0%b2%d0%be%d0%b9%d0%bd%d1%8b%d0%bc%d0%b8-%d1%81%d1%82%d0%b5%d0%bd%d0%ba%d0%b0%d0%bc%d0%b8-%d0%b8\",\"name\":\"Double Wall Glass Tea Infuser - Diller Water Bottle Manufacturer\",\"isPartOf\":{\"@id\":\"https:\\\/\\\/www.dillerbottle.com\\\/#website\"},\"primaryImageOfPage\":{\"@id\":\"https:\\\/\\\/www.dillerbottle.com\\\/ru\\\/%d0%bf%d1%80%d0%be%d0%b4%d1%83%d0%ba%d1%82%d1%8b\\\/%d0%b7%d0%b0%d0%b2%d0%b0%d1%80%d0%bd%d0%b8%d0%ba-%d0%b4%d0%bb%d1%8f-%d1%87%d0%b0%d1%8f-%d1%81-%d0%b4%d0%b2%d0%be%d0%b9%d0%bd%d1%8b%d0%bc%d0%b8-%d1%81%d1%82%d0%b5%d0%bd%d0%ba%d0%b0%d0%bc%d0%b8-%d0%b8#primaryimage\"},\"image\":{\"@id\":\"https:\\\/\\\/www.dillerbottle.com\\\/ru\\\/%d0%bf%d1%80%d0%be%d0%b4%d1%83%d0%ba%d1%82%d1%8b\\\/%d0%b7%d0%b0%d0%b2%d0%b0%d1%80%d0%bd%d0%b8%d0%ba-%d0%b4%d0%bb%d1%8f-%d1%87%d0%b0%d1%8f-%d1%81-%d0%b4%d0%b2%d0%be%d0%b9%d0%bd%d1%8b%d0%bc%d0%b8-%d1%81%d1%82%d0%b5%d0%bd%d0%ba%d0%b0%d0%bc%d0%b8-%d0%b8#primaryimage\"},\"thumbnailUrl\":\"https:\\\/\\\/www.dillerbottle.com\\\/wp-content\\\/uploads\\\/2024\\\/09\\\/double-wall-glass-tea-infuser38304624381.jpg\",\"datePublished\":\"2024-09-29T01:56:15+00:00\",\"dateModified\":\"2025-07-09T09:05:53+00:00\",\"description\":\"As one of the best double wall glass tea infuser manufacturers and suppliers, we are engaged in manufacturing good quality water bottles. We warmly welcome you to wholesale or buy custom made double wall glass tea infuser at competitive price from us. Also, small quantity orders are acceptable.\",\"breadcrumb\":{\"@id\":\"https:\\\/\\\/www.dillerbottle.com\\\/ru\\\/%d0%bf%d1%80%d0%be%d0%b4%d1%83%d0%ba%d1%82%d1%8b\\\/%d0%b7%d0%b0%d0%b2%d0%b0%d1%80%d0%bd%d0%b8%d0%ba-%d0%b4%d0%bb%d1%8f-%d1%87%d0%b0%d1%8f-%d1%81-%d0%b4%d0%b2%d0%be%d0%b9%d0%bd%d1%8b%d0%bc%d0%b8-%d1%81%d1%82%d0%b5%d0%bd%d0%ba%d0%b0%d0%bc%d0%b8-%d0%b8#breadcrumb\"},\"inLanguage\":\"tr\",\"potentialAction\":[{\"@type\":\"ReadAction\",\"target\":[\"https:\\\/\\\/www.dillerbottle.com\\\/ru\\\/%d0%bf%d1%80%d0%be%d0%b4%d1%83%d0%ba%d1%82%d1%8b\\\/%d0%b7%d0%b0%d0%b2%d0%b0%d1%80%d0%bd%d0%b8%d0%ba-%d0%b4%d0%bb%d1%8f-%d1%87%d0%b0%d1%8f-%d1%81-%d0%b4%d0%b2%d0%be%d0%b9%d0%bd%d1%8b%d0%bc%d0%b8-%d1%81%d1%82%d0%b5%d0%bd%d0%ba%d0%b0%d0%bc%d0%b8-%d0%b8\"]}]},{\"@type\":\"ImageObject\",\"inLanguage\":\"tr\",\"@id\":\"https:\\\/\\\/www.dillerbottle.com\\\/ru\\\/%d0%bf%d1%80%d0%be%d0%b4%d1%83%d0%ba%d1%82%d1%8b\\\/%d0%b7%d0%b0%d0%b2%d0%b0%d1%80%d0%bd%d0%b8%d0%ba-%d0%b4%d0%bb%d1%8f-%d1%87%d0%b0%d1%8f-%d1%81-%d0%b4%d0%b2%d0%be%d0%b9%d0%bd%d1%8b%d0%bc%d0%b8-%d1%81%d1%82%d0%b5%d0%bd%d0%ba%d0%b0%d0%bc%d0%b8-%d0%b8#primaryimage\",\"url\":\"https:\\\/\\\/www.dillerbottle.com\\\/wp-content\\\/uploads\\\/2024\\\/09\\\/double-wall-glass-tea-infuser38304624381.jpg\",\"contentUrl\":\"https:\\\/\\\/www.dillerbottle.com\\\/wp-content\\\/uploads\\\/2024\\\/09\\\/double-wall-glass-tea-infuser38304624381.jpg\",\"width\":730,\"height\":730},{\"@type\":\"BreadcrumbList\",\"@id\":\"https:\\\/\\\/www.dillerbottle.com\\\/ru\\\/%d0%bf%d1%80%d0%be%d0%b4%d1%83%d0%ba%d1%82%d1%8b\\\/%d0%b7%d0%b0%d0%b2%d0%b0%d1%80%d0%bd%d0%b8%d0%ba-%d0%b4%d0%bb%d1%8f-%d1%87%d0%b0%d1%8f-%d1%81-%d0%b4%d0%b2%d0%be%d0%b9%d0%bd%d1%8b%d0%bc%d0%b8-%d1%81%d1%82%d0%b5%d0%bd%d0%ba%d0%b0%d0%bc%d0%b8-%d0%b8#breadcrumb\",\"itemListElement\":[{\"@type\":\"ListItem\",\"position\":1,\"name\":\"Home\",\"item\":\"https:\\\/\\\/www.dillerbottle.com\\\/\"},{\"@type\":\"ListItem\",\"position\":2,\"name\":\"Products\",\"item\":\"https:\\\/\\\/www.dillerbottle.com\\\/shop\"},{\"@type\":\"ListItem\",\"position\":3,\"name\":\"Double Wall Glass Tea Infuser\"}]},{\"@type\":\"WebSite\",\"@id\":\"https:\\\/\\\/www.dillerbottle.com\\\/#website\",\"url\":\"https:\\\/\\\/www.dillerbottle.com\\\/\",\"name\":\"Diller Water Bottle Manufacturer\",\"description\":\"Water Bottle Manufacturer\",\"publisher\":{\"@id\":\"https:\\\/\\\/www.dillerbottle.com\\\/#organization\"},\"potentialAction\":[{\"@type\":\"SearchAction\",\"target\":{\"@type\":\"EntryPoint\",\"urlTemplate\":\"https:\\\/\\\/www.dillerbottle.com\\\/?s={search_term_string}\"},\"query-input\":{\"@type\":\"PropertyValueSpecification\",\"valueRequired\":true,\"valueName\":\"search_term_string\"}}],\"inLanguage\":\"tr\"},{\"@type\":\"Organization\",\"@id\":\"https:\\\/\\\/www.dillerbottle.com\\\/#organization\",\"name\":\"Diller Water Bottle Manufacturer\",\"url\":\"https:\\\/\\\/www.dillerbottle.com\\\/\",\"logo\":{\"@type\":\"ImageObject\",\"inLanguage\":\"tr\",\"@id\":\"https:\\\/\\\/www.dillerbottle.com\\\/#\\\/schema\\\/logo\\\/image\\\/\",\"url\":\"https:\\\/\\\/www.dillerbottle.com\\\/wp-content\\\/uploads\\\/2024\\\/09\\\/49918bfa848dcc1e9f8b509933603ac.png\",\"contentUrl\":\"https:\\\/\\\/www.dillerbottle.com\\\/wp-content\\\/uploads\\\/2024\\\/09\\\/49918bfa848dcc1e9f8b509933603ac.png\",\"width\":988,\"height\":198,\"caption\":\"Diller Water Bottle Manufacturer\"},\"image\":{\"@id\":\"https:\\\/\\\/www.dillerbottle.com\\\/#\\\/schema\\\/logo\\\/image\\\/\"}}]}<\/script>\n<!-- \/ Yoast SEO Premium plugin. -->","yoast_head_json":{"title":"\u00c7ift Duvarl\u0131 Cam \u00c7ay Demli\u011fi - Diller Su \u015ei\u015fesi \u00dcreticisi","description":"En iyi \u00e7ift duvarl\u0131 cam \u00e7ay demli\u011fi \u00fcreticilerinden ve tedarik\u00e7ilerinden biri olarak, kaliteli su \u015fi\u015feleri \u00fcretiyoruz. Sizleri toptan olarak veya bizden rekabet\u00e7i fiyatlarla \u00f6zel yap\u0131m \u00e7ift duvarl\u0131 cam \u00e7ay demli\u011fi sat\u0131n almaya davet ediyoruz. Ayr\u0131ca, k\u00fc\u00e7\u00fck miktardaki sipari\u015fler de kabul edilebilir.","robots":{"index":"index","follow":"follow","max-snippet":"max-snippet:-1","max-image-preview":"max-image-preview:large","max-video-preview":"max-video-preview:-1"},"canonical":"https:\/\/www.dillerbottle.com\/tr\/urunler\/cift-duvarli-cam-cay-demligi","og_locale":"tr_TR","og_type":"article","og_title":"Double Wall Glass Tea Infuser","og_description":"As one of the best double wall glass tea infuser manufacturers and suppliers, we are engaged in manufacturing good quality water bottles. We warmly welcome you to wholesale or buy custom made double wall glass tea infuser at competitive price from us. Also, small quantity orders are acceptable.","og_url":"https:\/\/www.dillerbottle.com\/tr\/urunler\/cift-duvarli-cam-cay-demligi","og_site_name":"Diller Water Bottle Manufacturer","article_modified_time":"2025-07-09T09:05:53+00:00","og_image":[{"width":730,"height":730,"url":"https:\/\/www.dillerbottle.com\/wp-content\/uploads\/2024\/09\/double-wall-glass-tea-infuser38304624381.jpg","type":"image\/jpeg"}],"twitter_card":"summary_large_image","twitter_misc":{"Tahmini okuma s\u00fcresi":"2 dakika"},"schema":{"@context":"https:\/\/schema.org","@graph":[{"@type":"WebPage","@id":"https:\/\/www.dillerbottle.com\/ru\/%d0%bf%d1%80%d0%be%d0%b4%d1%83%d0%ba%d1%82%d1%8b\/%d0%b7%d0%b0%d0%b2%d0%b0%d1%80%d0%bd%d0%b8%d0%ba-%d0%b4%d0%bb%d1%8f-%d1%87%d0%b0%d1%8f-%d1%81-%d0%b4%d0%b2%d0%be%d0%b9%d0%bd%d1%8b%d0%bc%d0%b8-%d1%81%d1%82%d0%b5%d0%bd%d0%ba%d0%b0%d0%bc%d0%b8-%d0%b8","url":"https:\/\/www.dillerbottle.com\/ru\/%d0%bf%d1%80%d0%be%d0%b4%d1%83%d0%ba%d1%82%d1%8b\/%d0%b7%d0%b0%d0%b2%d0%b0%d1%80%d0%bd%d0%b8%d0%ba-%d0%b4%d0%bb%d1%8f-%d1%87%d0%b0%d1%8f-%d1%81-%d0%b4%d0%b2%d0%be%d0%b9%d0%bd%d1%8b%d0%bc%d0%b8-%d1%81%d1%82%d0%b5%d0%bd%d0%ba%d0%b0%d0%bc%d0%b8-%d0%b8","name":"\u00c7ift Duvarl\u0131 Cam \u00c7ay Demli\u011fi - Diller Su \u015ei\u015fesi \u00dcreticisi","isPartOf":{"@id":"https:\/\/www.dillerbottle.com\/#website"},"primaryImageOfPage":{"@id":"https:\/\/www.dillerbottle.com\/ru\/%d0%bf%d1%80%d0%be%d0%b4%d1%83%d0%ba%d1%82%d1%8b\/%d0%b7%d0%b0%d0%b2%d0%b0%d1%80%d0%bd%d0%b8%d0%ba-%d0%b4%d0%bb%d1%8f-%d1%87%d0%b0%d1%8f-%d1%81-%d0%b4%d0%b2%d0%be%d0%b9%d0%bd%d1%8b%d0%bc%d0%b8-%d1%81%d1%82%d0%b5%d0%bd%d0%ba%d0%b0%d0%bc%d0%b8-%d0%b8#primaryimage"},"image":{"@id":"https:\/\/www.dillerbottle.com\/ru\/%d0%bf%d1%80%d0%be%d0%b4%d1%83%d0%ba%d1%82%d1%8b\/%d0%b7%d0%b0%d0%b2%d0%b0%d1%80%d0%bd%d0%b8%d0%ba-%d0%b4%d0%bb%d1%8f-%d1%87%d0%b0%d1%8f-%d1%81-%d0%b4%d0%b2%d0%be%d0%b9%d0%bd%d1%8b%d0%bc%d0%b8-%d1%81%d1%82%d0%b5%d0%bd%d0%ba%d0%b0%d0%bc%d0%b8-%d0%b8#primaryimage"},"thumbnailUrl":"https:\/\/www.dillerbottle.com\/wp-content\/uploads\/2024\/09\/double-wall-glass-tea-infuser38304624381.jpg","datePublished":"2024-09-29T01:56:15+00:00","dateModified":"2025-07-09T09:05:53+00:00","description":"En iyi \u00e7ift duvarl\u0131 cam \u00e7ay demli\u011fi \u00fcreticilerinden ve tedarik\u00e7ilerinden biri olarak, kaliteli su \u015fi\u015feleri \u00fcretiyoruz. Sizleri toptan olarak veya bizden rekabet\u00e7i fiyatlarla \u00f6zel yap\u0131m \u00e7ift duvarl\u0131 cam \u00e7ay demli\u011fi sat\u0131n almaya davet ediyoruz. Ayr\u0131ca, k\u00fc\u00e7\u00fck miktardaki sipari\u015fler de kabul edilebilir.","breadcrumb":{"@id":"https:\/\/www.dillerbottle.com\/ru\/%d0%bf%d1%80%d0%be%d0%b4%d1%83%d0%ba%d1%82%d1%8b\/%d0%b7%d0%b0%d0%b2%d0%b0%d1%80%d0%bd%d0%b8%d0%ba-%d0%b4%d0%bb%d1%8f-%d1%87%d0%b0%d1%8f-%d1%81-%d0%b4%d0%b2%d0%be%d0%b9%d0%bd%d1%8b%d0%bc%d0%b8-%d1%81%d1%82%d0%b5%d0%bd%d0%ba%d0%b0%d0%bc%d0%b8-%d0%b8#breadcrumb"},"inLanguage":"tr","potentialAction":[{"@type":"ReadAction","target":["https:\/\/www.dillerbottle.com\/ru\/%d0%bf%d1%80%d0%be%d0%b4%d1%83%d0%ba%d1%82%d1%8b\/%d0%b7%d0%b0%d0%b2%d0%b0%d1%80%d0%bd%d0%b8%d0%ba-%d0%b4%d0%bb%d1%8f-%d1%87%d0%b0%d1%8f-%d1%81-%d0%b4%d0%b2%d0%be%d0%b9%d0%bd%d1%8b%d0%bc%d0%b8-%d1%81%d1%82%d0%b5%d0%bd%d0%ba%d0%b0%d0%bc%d0%b8-%d0%b8"]}]},{"@type":"ImageObject","inLanguage":"tr","@id":"https:\/\/www.dillerbottle.com\/ru\/%d0%bf%d1%80%d0%be%d0%b4%d1%83%d0%ba%d1%82%d1%8b\/%d0%b7%d0%b0%d0%b2%d0%b0%d1%80%d0%bd%d0%b8%d0%ba-%d0%b4%d0%bb%d1%8f-%d1%87%d0%b0%d1%8f-%d1%81-%d0%b4%d0%b2%d0%be%d0%b9%d0%bd%d1%8b%d0%bc%d0%b8-%d1%81%d1%82%d0%b5%d0%bd%d0%ba%d0%b0%d0%bc%d0%b8-%d0%b8#primaryimage","url":"https:\/\/www.dillerbottle.com\/wp-content\/uploads\/2024\/09\/double-wall-glass-tea-infuser38304624381.jpg","contentUrl":"https:\/\/www.dillerbottle.com\/wp-content\/uploads\/2024\/09\/double-wall-glass-tea-infuser38304624381.jpg","width":730,"height":730},{"@type":"BreadcrumbList","@id":"https:\/\/www.dillerbottle.com\/ru\/%d0%bf%d1%80%d0%be%d0%b4%d1%83%d0%ba%d1%82%d1%8b\/%d0%b7%d0%b0%d0%b2%d0%b0%d1%80%d0%bd%d0%b8%d0%ba-%d0%b4%d0%bb%d1%8f-%d1%87%d0%b0%d1%8f-%d1%81-%d0%b4%d0%b2%d0%be%d0%b9%d0%bd%d1%8b%d0%bc%d0%b8-%d1%81%d1%82%d0%b5%d0%bd%d0%ba%d0%b0%d0%bc%d0%b8-%d0%b8#breadcrumb","itemListElement":[{"@type":"ListItem","position":1,"name":"Home","item":"https:\/\/www.dillerbottle.com\/"},{"@type":"ListItem","position":2,"name":"Products","item":"https:\/\/www.dillerbottle.com\/shop"},{"@type":"ListItem","position":3,"name":"Double Wall Glass Tea Infuser"}]},{"@type":"WebSite","@id":"https:\/\/www.dillerbottle.com\/#website","url":"https:\/\/www.dillerbottle.com\/","name":"Diller Su \u015ei\u015fesi \u00dcreticisi","description":"Su \u015ei\u015fesi \u00dcreticisi","publisher":{"@id":"https:\/\/www.dillerbottle.com\/#organization"},"potentialAction":[{"@type":"SearchAction","target":{"@type":"EntryPoint","urlTemplate":"https:\/\/www.dillerbottle.com\/?s={search_term_string}"},"query-input":{"@type":"PropertyValueSpecification","valueRequired":true,"valueName":"search_term_string"}}],"inLanguage":"tr"},{"@type":"Organization","@id":"https:\/\/www.dillerbottle.com\/#organization","name":"Diller Su \u015ei\u015fesi \u00dcreticisi","url":"https:\/\/www.dillerbottle.com\/","logo":{"@type":"ImageObject","inLanguage":"tr","@id":"https:\/\/www.dillerbottle.com\/#\/schema\/logo\/image\/","url":"https:\/\/www.dillerbottle.com\/wp-content\/uploads\/2024\/09\/49918bfa848dcc1e9f8b509933603ac.png","contentUrl":"https:\/\/www.dillerbottle.com\/wp-content\/uploads\/2024\/09\/49918bfa848dcc1e9f8b509933603ac.png","width":988,"height":198,"caption":"Diller Water Bottle Manufacturer"},"image":{"@id":"https:\/\/www.dillerbottle.com\/#\/schema\/logo\/image\/"}}]}},"_links":{"self":[{"href":"https:\/\/www.dillerbottle.com\/tr\/wp-json\/wp\/v2\/product\/7127","targetHints":{"allow":["GET"]}}],"collection":[{"href":"https:\/\/www.dillerbottle.com\/tr\/wp-json\/wp\/v2\/product"}],"about":[{"href":"https:\/\/www.dillerbottle.com\/tr\/wp-json\/wp\/v2\/types\/product"}],"replies":[{"embeddable":true,"href":"https:\/\/www.dillerbottle.com\/tr\/wp-json\/wp\/v2\/comments?post=7127"}],"wp:featuredmedia":[{"embeddable":true,"href":"https:\/\/www.dillerbottle.com\/tr\/wp-json\/wp\/v2\/media\/7128"}],"wp:attachment":[{"href":"https:\/\/www.dillerbottle.com\/tr\/wp-json\/wp\/v2\/media?parent=7127"}],"wp:term":[{"taxonomy":"product_brand","embeddable":true,"href":"https:\/\/www.dillerbottle.com\/tr\/wp-json\/wp\/v2\/product_brand?post=7127"},{"taxonomy":"product_cat","embeddable":true,"href":"https:\/\/www.dillerbottle.com\/tr\/wp-json\/wp\/v2\/product_cat?post=7127"},{"taxonomy":"product_tag","embeddable":true,"href":"https:\/\/www.dillerbottle.com\/tr\/wp-json\/wp\/v2\/product_tag?post=7127"}],"curies":[{"name":"wp","href":"https:\/\/api.w.org\/{rel}","templated":true}]}}