{"id":7174,"date":"2024-09-29T09:56:51","date_gmt":"2024-09-29T01:56:51","guid":{"rendered":"https:\/\/demo.dillerbottle.com\/uncategorized\/glass-water-bottle-tea-infuser"},"modified":"2025-07-09T17:05:30","modified_gmt":"2025-07-09T09:05:30","slug":"cam-su-sisesi-cay-demligi","status":"publish","type":"product","link":"https:\/\/www.dillerbottle.com\/tr\/products\/glass-water-bottle-tea-infuser","title":{"rendered":"Cam Su \u015ei\u015fesi \u00c7ay Demli\u011fi"},"content":{"rendered":"<p>cam su \u015fi\u015fesi \u00e7ay demleyici, entegre g\u0131da s\u0131n\u0131f\u0131 paslanmaz \u00e7elik \u00e7ay filtresiyle borosilikat camdan yap\u0131lm\u0131\u015ft\u0131r. Demleyici kolayca tak\u0131labilir veya \u00e7\u0131kar\u0131labilir. Bu \u00e7ay demleyici ile en sevdi\u011finiz d\u00f6kme \u00e7ay yapraklar\u0131n\u0131 demleyebilir, meyve demleyici su \u015fi\u015fesi olarak kullanabilir veya hatta bitkisel i\u00e7ecekler ve so\u011fuk demleme kahve demleyebilirsiniz! B\u00fcy\u00fck boy 13 Oz. (400 ml) g\u00fcn boyu susuzlu\u011funuzu giderecektir. Her \u015fi\u015fe deri koruyucu bir k\u0131l\u0131f ile birlikte gelir.<br \/>\n\u00d6zellikler: 1. Cam su \u015fi\u015fesi, m\u00fckemmel y\u00fcksek s\u0131cakl\u0131k ve d\u00fc\u015f\u00fck s\u0131cakl\u0131k direncine sahip dayan\u0131kl\u0131 borosilikat camdan yap\u0131lm\u0131\u015ft\u0131r.<br \/>\n2. \u00c7ay demlikli\/filtreli cam su \u015fi\u015fesi. \u015ei\u015fe ile birlikte gelen \u00e7ay filtresi harika \u00e7al\u0131\u015f\u0131yor. Paslanmaz \u00e7elikten yap\u0131lm\u0131\u015ft\u0131r ve \u00e7ay yapraklar\u0131n\u0131n ve partik\u00fcllerin ge\u00e7mesine izin vermemek i\u00e7in k\u00fc\u00e7\u00fck deliklere sahiptir. Siyah \u00e7ay ve ye\u015fil \u00e7ay gibi her t\u00fcrl\u00fc gev\u015fek \u00e7ay ile harika \u00e7al\u0131\u015f\u0131r.<br \/>\n3. Cam \u015fi\u015fenin silikon bir ipi vard\u0131r, bu nedenle ta\u015f\u0131mas\u0131 harikad\u0131r.<br \/>\n4.;Bu t\u00fcr \u00e7ay demleme cam su \u015fi\u015fesi, sadece kaymay\u0131 \u00f6nleyici i\u015flevi g\u00f6rmekle kalmay\u0131p ayn\u0131 zamanda su \u015fi\u015fesini kavramay\u0131 ve s\u0131cak sudan ha\u015flanmay\u0131 \u00f6nlemeyi sa\u011flayan deri bir k\u0131l\u0131f ile donat\u0131lm\u0131\u015ft\u0131r.<\/p>","protected":false},"excerpt":{"rendered":"<p>Cam su \u015fi\u015fesi \u00e7ay demleme aparat\u0131, entegre g\u0131da s\u0131n\u0131f\u0131 paslanmaz \u00e7elik \u00e7ay filtresiyle birlikte borosilikat camdan yap\u0131lm\u0131\u015ft\u0131r.<br \/>\nDemlik kolayca tak\u0131l\u0131p \u00e7\u0131kar\u0131labilir.<br \/>\nBu \u00e7ay demleyici ile en sevdi\u011finiz d\u00f6kme \u00e7ay yapraklar\u0131n\u0131 demleyebilir, meyve demleyici su \u015fi\u015fesi olarak kullanabilir veya hatta bitkisel \u00e7aylar demleyebilirsiniz\u2026<\/p>","protected":false},"featured_media":7175,"comment_status":"open","ping_status":"closed","template":"","meta":{"_acf_changed":false},"product_brand":[],"product_cat":[310],"product_tag":[32,588,36,33,31,39,624,602,38,29,37,587,584,571,34,35,28,514,30],"class_list":{"0":"post-7174","1":"product","2":"type-product","3":"status-publish","4":"has-post-thumbnail","6":"product_cat-glass-water-bottle","7":"product_tag-best","8":"product_tag-borosilicate-glass-water-bottle","9":"product_tag-bulk","10":"product_tag-buy","11":"product_tag-custom","12":"product_tag-for-sale","13":"product_tag-glass-water-bottle-tea-infuser","14":"product_tag-glass-water-bottle-with-silicone-sleeve","15":"product_tag-good-quality","16":"product_tag-manufacturers","17":"product_tag-manufacturing","18":"product_tag-motivational-water-bottle-1-liter","19":"product_tag-motivational-water-bottle-bpa-free","20":"product_tag-multi-use-water-bottle","21":"product_tag-price","22":"product_tag-small","23":"product_tag-suppliers","24":"product_tag-time-marker-water-bottle","25":"product_tag-wholesale","27":"first","28":"instock","29":"shipping-taxable","30":"product-type-simple"},"acf":[],"yoast_head":"<!-- This site is optimized with the Yoast SEO Premium plugin v27.4 (Yoast SEO v27.4) - https:\/\/yoast.com\/product\/yoast-seo-premium-wordpress\/ -->\n<title>Glass Water Bottle Tea Infuser - Diller Water Bottle Manufacturer<\/title>\n<meta name=\"description\" content=\"As one of the best glass water bottle tea infuser manufacturers and suppliers, we are engaged in manufacturing good quality water bottles. We warmly welcome you to wholesale or buy custom made glass water bottle tea infuser at competitive price from us. Also, small quantity orders are acceptable.\" \/>\n<meta name=\"robots\" content=\"index, follow, max-snippet:-1, max-image-preview:large, max-video-preview:-1\" \/>\n<link rel=\"canonical\" href=\"https:\/\/www.dillerbottle.com\/tr\/urunler\/cam-su-sisesi-cay-demligi\" \/>\n<meta property=\"og:locale\" content=\"tr_TR\" \/>\n<meta property=\"og:type\" content=\"article\" \/>\n<meta property=\"og:title\" content=\"Glass Water Bottle Tea Infuser\" \/>\n<meta property=\"og:description\" content=\"As one of the best glass water bottle tea infuser manufacturers and suppliers, we are engaged in manufacturing good quality water bottles. We warmly welcome you to wholesale or buy custom made glass water bottle tea infuser at competitive price from us. Also, small quantity orders are acceptable.\" \/>\n<meta property=\"og:url\" content=\"https:\/\/www.dillerbottle.com\/tr\/urunler\/cam-su-sisesi-cay-demligi\" \/>\n<meta property=\"og:site_name\" content=\"Diller Water Bottle Manufacturer\" \/>\n<meta property=\"article:modified_time\" content=\"2025-07-09T09:05:30+00:00\" \/>\n<meta property=\"og:image\" content=\"https:\/\/www.dillerbottle.com\/wp-content\/uploads\/2024\/09\/glass-water-bottle-tea-infuser43526355432.jpg\" \/>\n\t<meta property=\"og:image:width\" content=\"730\" \/>\n\t<meta property=\"og:image:height\" content=\"730\" \/>\n\t<meta property=\"og:image:type\" content=\"image\/jpeg\" \/>\n<meta name=\"twitter:card\" content=\"summary_large_image\" \/>\n<meta name=\"twitter:label1\" content=\"Tahmini okuma s\u00fcresi\" \/>\n\t<meta name=\"twitter:data1\" content=\"3 dakika\" \/>\n<script type=\"application\/ld+json\" class=\"yoast-schema-graph\">{\"@context\":\"https:\\\/\\\/schema.org\",\"@graph\":[{\"@type\":\"WebPage\",\"@id\":\"https:\\\/\\\/www.dillerbottle.com\\\/fr\\\/produits\\\/bouteille-deau-en-verre-avec-infuseur-a-the\",\"url\":\"https:\\\/\\\/www.dillerbottle.com\\\/fr\\\/produits\\\/bouteille-deau-en-verre-avec-infuseur-a-the\",\"name\":\"Glass Water Bottle Tea Infuser - Diller Water Bottle Manufacturer\",\"isPartOf\":{\"@id\":\"https:\\\/\\\/www.dillerbottle.com\\\/#website\"},\"primaryImageOfPage\":{\"@id\":\"https:\\\/\\\/www.dillerbottle.com\\\/fr\\\/produits\\\/bouteille-deau-en-verre-avec-infuseur-a-the#primaryimage\"},\"image\":{\"@id\":\"https:\\\/\\\/www.dillerbottle.com\\\/fr\\\/produits\\\/bouteille-deau-en-verre-avec-infuseur-a-the#primaryimage\"},\"thumbnailUrl\":\"https:\\\/\\\/www.dillerbottle.com\\\/wp-content\\\/uploads\\\/2024\\\/09\\\/glass-water-bottle-tea-infuser43526355432.jpg\",\"datePublished\":\"2024-09-29T01:56:51+00:00\",\"dateModified\":\"2025-07-09T09:05:30+00:00\",\"description\":\"As one of the best glass water bottle tea infuser manufacturers and suppliers, we are engaged in manufacturing good quality water bottles. We warmly welcome you to wholesale or buy custom made glass water bottle tea infuser at competitive price from us. Also, small quantity orders are acceptable.\",\"breadcrumb\":{\"@id\":\"https:\\\/\\\/www.dillerbottle.com\\\/fr\\\/produits\\\/bouteille-deau-en-verre-avec-infuseur-a-the#breadcrumb\"},\"inLanguage\":\"tr\",\"potentialAction\":[{\"@type\":\"ReadAction\",\"target\":[\"https:\\\/\\\/www.dillerbottle.com\\\/fr\\\/produits\\\/bouteille-deau-en-verre-avec-infuseur-a-the\"]}]},{\"@type\":\"ImageObject\",\"inLanguage\":\"tr\",\"@id\":\"https:\\\/\\\/www.dillerbottle.com\\\/fr\\\/produits\\\/bouteille-deau-en-verre-avec-infuseur-a-the#primaryimage\",\"url\":\"https:\\\/\\\/www.dillerbottle.com\\\/wp-content\\\/uploads\\\/2024\\\/09\\\/glass-water-bottle-tea-infuser43526355432.jpg\",\"contentUrl\":\"https:\\\/\\\/www.dillerbottle.com\\\/wp-content\\\/uploads\\\/2024\\\/09\\\/glass-water-bottle-tea-infuser43526355432.jpg\",\"width\":730,\"height\":730},{\"@type\":\"BreadcrumbList\",\"@id\":\"https:\\\/\\\/www.dillerbottle.com\\\/fr\\\/produits\\\/bouteille-deau-en-verre-avec-infuseur-a-the#breadcrumb\",\"itemListElement\":[{\"@type\":\"ListItem\",\"position\":1,\"name\":\"Home\",\"item\":\"https:\\\/\\\/www.dillerbottle.com\\\/\"},{\"@type\":\"ListItem\",\"position\":2,\"name\":\"Products\",\"item\":\"https:\\\/\\\/www.dillerbottle.com\\\/shop\"},{\"@type\":\"ListItem\",\"position\":3,\"name\":\"Glass Water Bottle Tea Infuser\"}]},{\"@type\":\"WebSite\",\"@id\":\"https:\\\/\\\/www.dillerbottle.com\\\/#website\",\"url\":\"https:\\\/\\\/www.dillerbottle.com\\\/\",\"name\":\"Diller Water Bottle Manufacturer\",\"description\":\"Water Bottle Manufacturer\",\"publisher\":{\"@id\":\"https:\\\/\\\/www.dillerbottle.com\\\/#organization\"},\"potentialAction\":[{\"@type\":\"SearchAction\",\"target\":{\"@type\":\"EntryPoint\",\"urlTemplate\":\"https:\\\/\\\/www.dillerbottle.com\\\/?s={search_term_string}\"},\"query-input\":{\"@type\":\"PropertyValueSpecification\",\"valueRequired\":true,\"valueName\":\"search_term_string\"}}],\"inLanguage\":\"tr\"},{\"@type\":\"Organization\",\"@id\":\"https:\\\/\\\/www.dillerbottle.com\\\/#organization\",\"name\":\"Diller Water Bottle Manufacturer\",\"url\":\"https:\\\/\\\/www.dillerbottle.com\\\/\",\"logo\":{\"@type\":\"ImageObject\",\"inLanguage\":\"tr\",\"@id\":\"https:\\\/\\\/www.dillerbottle.com\\\/#\\\/schema\\\/logo\\\/image\\\/\",\"url\":\"https:\\\/\\\/www.dillerbottle.com\\\/wp-content\\\/uploads\\\/2024\\\/09\\\/49918bfa848dcc1e9f8b509933603ac.png\",\"contentUrl\":\"https:\\\/\\\/www.dillerbottle.com\\\/wp-content\\\/uploads\\\/2024\\\/09\\\/49918bfa848dcc1e9f8b509933603ac.png\",\"width\":988,\"height\":198,\"caption\":\"Diller Water Bottle Manufacturer\"},\"image\":{\"@id\":\"https:\\\/\\\/www.dillerbottle.com\\\/#\\\/schema\\\/logo\\\/image\\\/\"}}]}<\/script>\n<!-- \/ Yoast SEO Premium plugin. -->","yoast_head_json":{"title":"Cam Su \u015ei\u015fesi \u00c7ay Demleme Aparat\u0131 - Diller Su \u015ei\u015fesi \u00dcreticisi","description":"En iyi cam su \u015fi\u015fesi \u00e7ay demleme aparat\u0131 \u00fcreticilerinden ve tedarik\u00e7ilerinden biri olarak, kaliteli su \u015fi\u015feleri \u00fcretiyoruz. Sizleri toptan sat\u0131\u015fa veya rekabet\u00e7i fiyatlarla bizden \u00f6zel yap\u0131m cam su \u015fi\u015fesi \u00e7ay demleme aparat\u0131 sat\u0131n almaya davet ediyoruz. Ayr\u0131ca, k\u00fc\u00e7\u00fck miktarda sipari\u015fler de kabul edilebilir.","robots":{"index":"index","follow":"follow","max-snippet":"max-snippet:-1","max-image-preview":"max-image-preview:large","max-video-preview":"max-video-preview:-1"},"canonical":"https:\/\/www.dillerbottle.com\/tr\/urunler\/cam-su-sisesi-cay-demligi","og_locale":"tr_TR","og_type":"article","og_title":"Glass Water Bottle Tea Infuser","og_description":"As one of the best glass water bottle tea infuser manufacturers and suppliers, we are engaged in manufacturing good quality water bottles. We warmly welcome you to wholesale or buy custom made glass water bottle tea infuser at competitive price from us. Also, small quantity orders are acceptable.","og_url":"https:\/\/www.dillerbottle.com\/tr\/urunler\/cam-su-sisesi-cay-demligi","og_site_name":"Diller Water Bottle Manufacturer","article_modified_time":"2025-07-09T09:05:30+00:00","og_image":[{"width":730,"height":730,"url":"https:\/\/www.dillerbottle.com\/wp-content\/uploads\/2024\/09\/glass-water-bottle-tea-infuser43526355432.jpg","type":"image\/jpeg"}],"twitter_card":"summary_large_image","twitter_misc":{"Tahmini okuma s\u00fcresi":"3 dakika"},"schema":{"@context":"https:\/\/schema.org","@graph":[{"@type":"WebPage","@id":"https:\/\/www.dillerbottle.com\/fr\/produits\/bouteille-deau-en-verre-avec-infuseur-a-the","url":"https:\/\/www.dillerbottle.com\/fr\/produits\/bouteille-deau-en-verre-avec-infuseur-a-the","name":"Cam Su \u015ei\u015fesi \u00c7ay Demleme Aparat\u0131 - Diller Su \u015ei\u015fesi \u00dcreticisi","isPartOf":{"@id":"https:\/\/www.dillerbottle.com\/#website"},"primaryImageOfPage":{"@id":"https:\/\/www.dillerbottle.com\/fr\/produits\/bouteille-deau-en-verre-avec-infuseur-a-the#primaryimage"},"image":{"@id":"https:\/\/www.dillerbottle.com\/fr\/produits\/bouteille-deau-en-verre-avec-infuseur-a-the#primaryimage"},"thumbnailUrl":"https:\/\/www.dillerbottle.com\/wp-content\/uploads\/2024\/09\/glass-water-bottle-tea-infuser43526355432.jpg","datePublished":"2024-09-29T01:56:51+00:00","dateModified":"2025-07-09T09:05:30+00:00","description":"En iyi cam su \u015fi\u015fesi \u00e7ay demleme aparat\u0131 \u00fcreticilerinden ve tedarik\u00e7ilerinden biri olarak, kaliteli su \u015fi\u015feleri \u00fcretiyoruz. Sizleri toptan sat\u0131\u015fa veya rekabet\u00e7i fiyatlarla bizden \u00f6zel yap\u0131m cam su \u015fi\u015fesi \u00e7ay demleme aparat\u0131 sat\u0131n almaya davet ediyoruz. Ayr\u0131ca, k\u00fc\u00e7\u00fck miktarda sipari\u015fler de kabul edilebilir.","breadcrumb":{"@id":"https:\/\/www.dillerbottle.com\/fr\/produits\/bouteille-deau-en-verre-avec-infuseur-a-the#breadcrumb"},"inLanguage":"tr","potentialAction":[{"@type":"ReadAction","target":["https:\/\/www.dillerbottle.com\/fr\/produits\/bouteille-deau-en-verre-avec-infuseur-a-the"]}]},{"@type":"ImageObject","inLanguage":"tr","@id":"https:\/\/www.dillerbottle.com\/fr\/produits\/bouteille-deau-en-verre-avec-infuseur-a-the#primaryimage","url":"https:\/\/www.dillerbottle.com\/wp-content\/uploads\/2024\/09\/glass-water-bottle-tea-infuser43526355432.jpg","contentUrl":"https:\/\/www.dillerbottle.com\/wp-content\/uploads\/2024\/09\/glass-water-bottle-tea-infuser43526355432.jpg","width":730,"height":730},{"@type":"BreadcrumbList","@id":"https:\/\/www.dillerbottle.com\/fr\/produits\/bouteille-deau-en-verre-avec-infuseur-a-the#breadcrumb","itemListElement":[{"@type":"ListItem","position":1,"name":"Home","item":"https:\/\/www.dillerbottle.com\/"},{"@type":"ListItem","position":2,"name":"Products","item":"https:\/\/www.dillerbottle.com\/shop"},{"@type":"ListItem","position":3,"name":"Glass Water Bottle Tea Infuser"}]},{"@type":"WebSite","@id":"https:\/\/www.dillerbottle.com\/#website","url":"https:\/\/www.dillerbottle.com\/","name":"Diller Su \u015ei\u015fesi \u00dcreticisi","description":"Su \u015ei\u015fesi \u00dcreticisi","publisher":{"@id":"https:\/\/www.dillerbottle.com\/#organization"},"potentialAction":[{"@type":"SearchAction","target":{"@type":"EntryPoint","urlTemplate":"https:\/\/www.dillerbottle.com\/?s={search_term_string}"},"query-input":{"@type":"PropertyValueSpecification","valueRequired":true,"valueName":"search_term_string"}}],"inLanguage":"tr"},{"@type":"Organization","@id":"https:\/\/www.dillerbottle.com\/#organization","name":"Diller Su \u015ei\u015fesi \u00dcreticisi","url":"https:\/\/www.dillerbottle.com\/","logo":{"@type":"ImageObject","inLanguage":"tr","@id":"https:\/\/www.dillerbottle.com\/#\/schema\/logo\/image\/","url":"https:\/\/www.dillerbottle.com\/wp-content\/uploads\/2024\/09\/49918bfa848dcc1e9f8b509933603ac.png","contentUrl":"https:\/\/www.dillerbottle.com\/wp-content\/uploads\/2024\/09\/49918bfa848dcc1e9f8b509933603ac.png","width":988,"height":198,"caption":"Diller Water Bottle Manufacturer"},"image":{"@id":"https:\/\/www.dillerbottle.com\/#\/schema\/logo\/image\/"}}]}},"_links":{"self":[{"href":"https:\/\/www.dillerbottle.com\/tr\/wp-json\/wp\/v2\/product\/7174","targetHints":{"allow":["GET"]}}],"collection":[{"href":"https:\/\/www.dillerbottle.com\/tr\/wp-json\/wp\/v2\/product"}],"about":[{"href":"https:\/\/www.dillerbottle.com\/tr\/wp-json\/wp\/v2\/types\/product"}],"replies":[{"embeddable":true,"href":"https:\/\/www.dillerbottle.com\/tr\/wp-json\/wp\/v2\/comments?post=7174"}],"wp:featuredmedia":[{"embeddable":true,"href":"https:\/\/www.dillerbottle.com\/tr\/wp-json\/wp\/v2\/media\/7175"}],"wp:attachment":[{"href":"https:\/\/www.dillerbottle.com\/tr\/wp-json\/wp\/v2\/media?parent=7174"}],"wp:term":[{"taxonomy":"product_brand","embeddable":true,"href":"https:\/\/www.dillerbottle.com\/tr\/wp-json\/wp\/v2\/product_brand?post=7174"},{"taxonomy":"product_cat","embeddable":true,"href":"https:\/\/www.dillerbottle.com\/tr\/wp-json\/wp\/v2\/product_cat?post=7174"},{"taxonomy":"product_tag","embeddable":true,"href":"https:\/\/www.dillerbottle.com\/tr\/wp-json\/wp\/v2\/product_tag?post=7174"}],"curies":[{"name":"wp","href":"https:\/\/api.w.org\/{rel}","templated":true}]}}