{"id":7326,"date":"2024-09-29T09:58:23","date_gmt":"2024-09-29T01:58:23","guid":{"rendered":"https:\/\/demo.dillerbottle.com\/uncategorized\/water-bottle-with-tea-infuser"},"modified":"2025-07-09T17:00:23","modified_gmt":"2025-07-09T09:00:23","slug":"cay-demleme-aparatli-su-sisesi","status":"publish","type":"product","link":"https:\/\/www.dillerbottle.com\/tr\/products\/water-bottle-with-tea-infuser","title":{"rendered":"\u00c7ay Demleme Aparat\u0131 Olan Su \u015ei\u015fesi"},"content":{"rendered":"<p>\u00d6zellikler: 1. \u00c7ay demleme aparatl\u0131 bu su \u015fi\u015fesi, g\u00fc\u00e7l\u00fc, hafif, \u0131s\u0131ya dayan\u0131kl\u0131 borosilikat camdan ve paslanmaz \u00e7elik \u00e7ay demleme filtresiyle yap\u0131lm\u0131\u015ft\u0131r; d\u00f6kme, bitkisel veya meyve \u00e7ay\u0131 yapabilir veya \u00e7ay po\u015fetleri kullanabilirsiniz.<br \/>\n2. \u00c7ay demleme filtresi \u015fi\u015fe kapa\u011f\u0131na yerle\u015ftirilerek sudan ayr\u0131 tutulur ve i\u00e7imi ve temizli\u011fi kolayd\u0131r.<br \/>\n3.;\u00c7ift katmanl\u0131 cam g\u00f6vde, i\u00e7ece\u011fin s\u0131cakl\u0131\u011f\u0131n\u0131 daha uzun s\u00fcre korumakla kalmaz, ayn\u0131 zamanda s\u0131cak sudan dolay\u0131 ha\u015flanmay\u0131 da \u00f6nler.<br \/>\n4.;Bu g\u00fczel \u00e7ay demleme su \u015fi\u015felerinin g\u00fczel ambalaj\u0131, herhangi bir ki\u015fi i\u00e7in d\u00fc\u015f\u00fcnceli bir hediye olacakt\u0131r.<\/p>","protected":false},"excerpt":{"rendered":"<p>\u00c7ay demleme aparatl\u0131 su \u015fi\u015fesinin \u00f6zellikleri\uff1a 1.<br \/>\n\u00c7ay demleme aparatl\u0131 bu su \u015fi\u015fesi, sa\u011flam, hafif, \u0131s\u0131ya dayan\u0131kl\u0131 borosilikat camdan yap\u0131lm\u0131\u015ft\u0131r ve paslanmaz \u00e7elik \u00e7ay demleme filtresiyle, d\u00f6kme, bitki veya meyve \u00e7ay\u0131 yapabilir veya \u00e7ay po\u015fetleri kullanabilirsiniz.<br \/>\n2.<br \/>\n\u00c7ay demleme filtresi\u2026 i\u00e7erisine yerle\u015ftirilir.<\/p>","protected":false},"featured_media":7327,"comment_status":"open","ping_status":"closed","template":"","meta":{"_acf_changed":false},"product_brand":[],"product_cat":[310],"product_tag":[592,515,32,36,33,31,39,614,597,38,29,37,587,34,35,28,577,637,30],"class_list":{"0":"post-7326","1":"product","2":"type-product","3":"status-publish","4":"has-post-thumbnail","6":"product_cat-glass-water-bottle","7":"product_tag-1-liter-water-bottle","8":"product_tag-64oz-water-bottle","9":"product_tag-best","10":"product_tag-bulk","11":"product_tag-buy","12":"product_tag-custom","13":"product_tag-for-sale","14":"product_tag-glass-water-bottle-with-infuser","15":"product_tag-glass-water-bottle-with-time-marker","16":"product_tag-good-quality","17":"product_tag-manufacturers","18":"product_tag-manufacturing","19":"product_tag-motivational-water-bottle-1-liter","20":"product_tag-price","21":"product_tag-small","22":"product_tag-suppliers","23":"product_tag-water-bottle-500ml","24":"product_tag-water-bottle-with-tea-infuser","25":"product_tag-wholesale","27":"first","28":"instock","29":"shipping-taxable","30":"product-type-simple"},"acf":[],"yoast_head":"<!-- This site is optimized with the Yoast SEO Premium plugin v27.4 (Yoast SEO v27.4) - https:\/\/yoast.com\/product\/yoast-seo-premium-wordpress\/ -->\n<title>Water Bottle With Tea Infuser - Diller Water Bottle Manufacturer<\/title>\n<meta name=\"description\" content=\"As one of the best water bottle with tea infuser manufacturers and suppliers, we are engaged in manufacturing good quality water bottles. We warmly welcome you to wholesale or buy custom made water bottle with tea infuser at competitive price from us. Also, small quantity orders are acceptable.\" \/>\n<meta name=\"robots\" content=\"index, follow, max-snippet:-1, max-image-preview:large, max-video-preview:-1\" \/>\n<link rel=\"canonical\" href=\"https:\/\/www.dillerbottle.com\/tr\/urunler\/cay-demleme-aparatli-su-sisesi\" \/>\n<meta property=\"og:locale\" content=\"tr_TR\" \/>\n<meta property=\"og:type\" content=\"article\" \/>\n<meta property=\"og:title\" content=\"Water Bottle With Tea Infuser\" \/>\n<meta property=\"og:description\" content=\"As one of the best water bottle with tea infuser manufacturers and suppliers, we are engaged in manufacturing good quality water bottles. We warmly welcome you to wholesale or buy custom made water bottle with tea infuser at competitive price from us. Also, small quantity orders are acceptable.\" \/>\n<meta property=\"og:url\" content=\"https:\/\/www.dillerbottle.com\/tr\/urunler\/cay-demleme-aparatli-su-sisesi\" \/>\n<meta property=\"og:site_name\" content=\"Diller Water Bottle Manufacturer\" \/>\n<meta property=\"article:modified_time\" content=\"2025-07-09T09:00:23+00:00\" \/>\n<meta property=\"og:image\" content=\"https:\/\/www.dillerbottle.com\/wp-content\/uploads\/2024\/09\/water-bottle-with-tea-infuserf32c4788-a858-43e0-99e6-549506676c41.jpg\" \/>\n\t<meta property=\"og:image:width\" content=\"730\" \/>\n\t<meta property=\"og:image:height\" content=\"730\" \/>\n\t<meta property=\"og:image:type\" content=\"image\/jpeg\" \/>\n<meta name=\"twitter:card\" content=\"summary_large_image\" \/>\n<meta name=\"twitter:label1\" content=\"Tahmini okuma s\u00fcresi\" \/>\n\t<meta name=\"twitter:data1\" content=\"6 dakika\" \/>\n<script type=\"application\/ld+json\" class=\"yoast-schema-graph\">{\"@context\":\"https:\\\/\\\/schema.org\",\"@graph\":[{\"@type\":\"WebPage\",\"@id\":\"https:\\\/\\\/www.dillerbottle.com\\\/th\\\/%e0%b8%aa%e0%b8%b4%e0%b8%99%e0%b8%84%e0%b9%89%e0%b8%b2\\\/%e0%b8%82%e0%b8%a7%e0%b8%94%e0%b8%99%e0%b9%89%e0%b8%b3%e0%b8%9e%e0%b8%a3%e0%b9%89%e0%b8%ad%e0%b8%a1%e0%b8%97%e0%b8%b5%e0%b9%88%e0%b8%8a%e0%b8%87%e0%b8%8a%e0%b8%b2\",\"url\":\"https:\\\/\\\/www.dillerbottle.com\\\/th\\\/%e0%b8%aa%e0%b8%b4%e0%b8%99%e0%b8%84%e0%b9%89%e0%b8%b2\\\/%e0%b8%82%e0%b8%a7%e0%b8%94%e0%b8%99%e0%b9%89%e0%b8%b3%e0%b8%9e%e0%b8%a3%e0%b9%89%e0%b8%ad%e0%b8%a1%e0%b8%97%e0%b8%b5%e0%b9%88%e0%b8%8a%e0%b8%87%e0%b8%8a%e0%b8%b2\",\"name\":\"Water Bottle With Tea Infuser - Diller Water Bottle Manufacturer\",\"isPartOf\":{\"@id\":\"https:\\\/\\\/www.dillerbottle.com\\\/#website\"},\"primaryImageOfPage\":{\"@id\":\"https:\\\/\\\/www.dillerbottle.com\\\/th\\\/%e0%b8%aa%e0%b8%b4%e0%b8%99%e0%b8%84%e0%b9%89%e0%b8%b2\\\/%e0%b8%82%e0%b8%a7%e0%b8%94%e0%b8%99%e0%b9%89%e0%b8%b3%e0%b8%9e%e0%b8%a3%e0%b9%89%e0%b8%ad%e0%b8%a1%e0%b8%97%e0%b8%b5%e0%b9%88%e0%b8%8a%e0%b8%87%e0%b8%8a%e0%b8%b2#primaryimage\"},\"image\":{\"@id\":\"https:\\\/\\\/www.dillerbottle.com\\\/th\\\/%e0%b8%aa%e0%b8%b4%e0%b8%99%e0%b8%84%e0%b9%89%e0%b8%b2\\\/%e0%b8%82%e0%b8%a7%e0%b8%94%e0%b8%99%e0%b9%89%e0%b8%b3%e0%b8%9e%e0%b8%a3%e0%b9%89%e0%b8%ad%e0%b8%a1%e0%b8%97%e0%b8%b5%e0%b9%88%e0%b8%8a%e0%b8%87%e0%b8%8a%e0%b8%b2#primaryimage\"},\"thumbnailUrl\":\"https:\\\/\\\/www.dillerbottle.com\\\/wp-content\\\/uploads\\\/2024\\\/09\\\/water-bottle-with-tea-infuserf32c4788-a858-43e0-99e6-549506676c41.jpg\",\"datePublished\":\"2024-09-29T01:58:23+00:00\",\"dateModified\":\"2025-07-09T09:00:23+00:00\",\"description\":\"As one of the best water bottle with tea infuser manufacturers and suppliers, we are engaged in manufacturing good quality water bottles. We warmly welcome you to wholesale or buy custom made water bottle with tea infuser at competitive price from us. Also, small quantity orders are acceptable.\",\"breadcrumb\":{\"@id\":\"https:\\\/\\\/www.dillerbottle.com\\\/th\\\/%e0%b8%aa%e0%b8%b4%e0%b8%99%e0%b8%84%e0%b9%89%e0%b8%b2\\\/%e0%b8%82%e0%b8%a7%e0%b8%94%e0%b8%99%e0%b9%89%e0%b8%b3%e0%b8%9e%e0%b8%a3%e0%b9%89%e0%b8%ad%e0%b8%a1%e0%b8%97%e0%b8%b5%e0%b9%88%e0%b8%8a%e0%b8%87%e0%b8%8a%e0%b8%b2#breadcrumb\"},\"inLanguage\":\"tr\",\"potentialAction\":[{\"@type\":\"ReadAction\",\"target\":[\"https:\\\/\\\/www.dillerbottle.com\\\/th\\\/%e0%b8%aa%e0%b8%b4%e0%b8%99%e0%b8%84%e0%b9%89%e0%b8%b2\\\/%e0%b8%82%e0%b8%a7%e0%b8%94%e0%b8%99%e0%b9%89%e0%b8%b3%e0%b8%9e%e0%b8%a3%e0%b9%89%e0%b8%ad%e0%b8%a1%e0%b8%97%e0%b8%b5%e0%b9%88%e0%b8%8a%e0%b8%87%e0%b8%8a%e0%b8%b2\"]}]},{\"@type\":\"ImageObject\",\"inLanguage\":\"tr\",\"@id\":\"https:\\\/\\\/www.dillerbottle.com\\\/th\\\/%e0%b8%aa%e0%b8%b4%e0%b8%99%e0%b8%84%e0%b9%89%e0%b8%b2\\\/%e0%b8%82%e0%b8%a7%e0%b8%94%e0%b8%99%e0%b9%89%e0%b8%b3%e0%b8%9e%e0%b8%a3%e0%b9%89%e0%b8%ad%e0%b8%a1%e0%b8%97%e0%b8%b5%e0%b9%88%e0%b8%8a%e0%b8%87%e0%b8%8a%e0%b8%b2#primaryimage\",\"url\":\"https:\\\/\\\/www.dillerbottle.com\\\/wp-content\\\/uploads\\\/2024\\\/09\\\/water-bottle-with-tea-infuserf32c4788-a858-43e0-99e6-549506676c41.jpg\",\"contentUrl\":\"https:\\\/\\\/www.dillerbottle.com\\\/wp-content\\\/uploads\\\/2024\\\/09\\\/water-bottle-with-tea-infuserf32c4788-a858-43e0-99e6-549506676c41.jpg\",\"width\":730,\"height\":730},{\"@type\":\"BreadcrumbList\",\"@id\":\"https:\\\/\\\/www.dillerbottle.com\\\/th\\\/%e0%b8%aa%e0%b8%b4%e0%b8%99%e0%b8%84%e0%b9%89%e0%b8%b2\\\/%e0%b8%82%e0%b8%a7%e0%b8%94%e0%b8%99%e0%b9%89%e0%b8%b3%e0%b8%9e%e0%b8%a3%e0%b9%89%e0%b8%ad%e0%b8%a1%e0%b8%97%e0%b8%b5%e0%b9%88%e0%b8%8a%e0%b8%87%e0%b8%8a%e0%b8%b2#breadcrumb\",\"itemListElement\":[{\"@type\":\"ListItem\",\"position\":1,\"name\":\"Home\",\"item\":\"https:\\\/\\\/www.dillerbottle.com\\\/\"},{\"@type\":\"ListItem\",\"position\":2,\"name\":\"Products\",\"item\":\"https:\\\/\\\/www.dillerbottle.com\\\/shop\"},{\"@type\":\"ListItem\",\"position\":3,\"name\":\"Water Bottle With Tea Infuser\"}]},{\"@type\":\"WebSite\",\"@id\":\"https:\\\/\\\/www.dillerbottle.com\\\/#website\",\"url\":\"https:\\\/\\\/www.dillerbottle.com\\\/\",\"name\":\"Diller Water Bottle Manufacturer\",\"description\":\"Water Bottle Manufacturer\",\"publisher\":{\"@id\":\"https:\\\/\\\/www.dillerbottle.com\\\/#organization\"},\"potentialAction\":[{\"@type\":\"SearchAction\",\"target\":{\"@type\":\"EntryPoint\",\"urlTemplate\":\"https:\\\/\\\/www.dillerbottle.com\\\/?s={search_term_string}\"},\"query-input\":{\"@type\":\"PropertyValueSpecification\",\"valueRequired\":true,\"valueName\":\"search_term_string\"}}],\"inLanguage\":\"tr\"},{\"@type\":\"Organization\",\"@id\":\"https:\\\/\\\/www.dillerbottle.com\\\/#organization\",\"name\":\"Diller Water Bottle Manufacturer\",\"url\":\"https:\\\/\\\/www.dillerbottle.com\\\/\",\"logo\":{\"@type\":\"ImageObject\",\"inLanguage\":\"tr\",\"@id\":\"https:\\\/\\\/www.dillerbottle.com\\\/#\\\/schema\\\/logo\\\/image\\\/\",\"url\":\"https:\\\/\\\/www.dillerbottle.com\\\/wp-content\\\/uploads\\\/2024\\\/09\\\/49918bfa848dcc1e9f8b509933603ac.png\",\"contentUrl\":\"https:\\\/\\\/www.dillerbottle.com\\\/wp-content\\\/uploads\\\/2024\\\/09\\\/49918bfa848dcc1e9f8b509933603ac.png\",\"width\":988,\"height\":198,\"caption\":\"Diller Water Bottle Manufacturer\"},\"image\":{\"@id\":\"https:\\\/\\\/www.dillerbottle.com\\\/#\\\/schema\\\/logo\\\/image\\\/\"}}]}<\/script>\n<!-- \/ Yoast SEO Premium plugin. -->","yoast_head_json":{"title":"\u00c7ay Demleme Aparat\u0131 Olan Su \u015ei\u015fesi - Diller Su \u015ei\u015fesi \u00dcreticisi","description":"En iyi \u00e7ay demleme aparatl\u0131 su \u015fi\u015fesi \u00fcreticilerinden ve tedarik\u00e7ilerinden biri olarak, kaliteli su \u015fi\u015feleri \u00fcretiyoruz. Sizleri toptan sat\u0131\u015fa veya rekabet\u00e7i fiyatlarla \u00e7ay demleme aparatl\u0131 \u00f6zel yap\u0131m su \u015fi\u015fesi sat\u0131n almaya davet ediyoruz. Ayr\u0131ca, k\u00fc\u00e7\u00fck miktardaki sipari\u015fler de kabul edilebilir.","robots":{"index":"index","follow":"follow","max-snippet":"max-snippet:-1","max-image-preview":"max-image-preview:large","max-video-preview":"max-video-preview:-1"},"canonical":"https:\/\/www.dillerbottle.com\/tr\/urunler\/cay-demleme-aparatli-su-sisesi","og_locale":"tr_TR","og_type":"article","og_title":"Water Bottle With Tea Infuser","og_description":"As one of the best water bottle with tea infuser manufacturers and suppliers, we are engaged in manufacturing good quality water bottles. We warmly welcome you to wholesale or buy custom made water bottle with tea infuser at competitive price from us. Also, small quantity orders are acceptable.","og_url":"https:\/\/www.dillerbottle.com\/tr\/urunler\/cay-demleme-aparatli-su-sisesi","og_site_name":"Diller Water Bottle Manufacturer","article_modified_time":"2025-07-09T09:00:23+00:00","og_image":[{"width":730,"height":730,"url":"https:\/\/www.dillerbottle.com\/wp-content\/uploads\/2024\/09\/water-bottle-with-tea-infuserf32c4788-a858-43e0-99e6-549506676c41.jpg","type":"image\/jpeg"}],"twitter_card":"summary_large_image","twitter_misc":{"Tahmini okuma s\u00fcresi":"6 dakika"},"schema":{"@context":"https:\/\/schema.org","@graph":[{"@type":"WebPage","@id":"https:\/\/www.dillerbottle.com\/th\/%e0%b8%aa%e0%b8%b4%e0%b8%99%e0%b8%84%e0%b9%89%e0%b8%b2\/%e0%b8%82%e0%b8%a7%e0%b8%94%e0%b8%99%e0%b9%89%e0%b8%b3%e0%b8%9e%e0%b8%a3%e0%b9%89%e0%b8%ad%e0%b8%a1%e0%b8%97%e0%b8%b5%e0%b9%88%e0%b8%8a%e0%b8%87%e0%b8%8a%e0%b8%b2","url":"https:\/\/www.dillerbottle.com\/th\/%e0%b8%aa%e0%b8%b4%e0%b8%99%e0%b8%84%e0%b9%89%e0%b8%b2\/%e0%b8%82%e0%b8%a7%e0%b8%94%e0%b8%99%e0%b9%89%e0%b8%b3%e0%b8%9e%e0%b8%a3%e0%b9%89%e0%b8%ad%e0%b8%a1%e0%b8%97%e0%b8%b5%e0%b9%88%e0%b8%8a%e0%b8%87%e0%b8%8a%e0%b8%b2","name":"\u00c7ay Demleme Aparat\u0131 Olan Su \u015ei\u015fesi - Diller Su \u015ei\u015fesi \u00dcreticisi","isPartOf":{"@id":"https:\/\/www.dillerbottle.com\/#website"},"primaryImageOfPage":{"@id":"https:\/\/www.dillerbottle.com\/th\/%e0%b8%aa%e0%b8%b4%e0%b8%99%e0%b8%84%e0%b9%89%e0%b8%b2\/%e0%b8%82%e0%b8%a7%e0%b8%94%e0%b8%99%e0%b9%89%e0%b8%b3%e0%b8%9e%e0%b8%a3%e0%b9%89%e0%b8%ad%e0%b8%a1%e0%b8%97%e0%b8%b5%e0%b9%88%e0%b8%8a%e0%b8%87%e0%b8%8a%e0%b8%b2#primaryimage"},"image":{"@id":"https:\/\/www.dillerbottle.com\/th\/%e0%b8%aa%e0%b8%b4%e0%b8%99%e0%b8%84%e0%b9%89%e0%b8%b2\/%e0%b8%82%e0%b8%a7%e0%b8%94%e0%b8%99%e0%b9%89%e0%b8%b3%e0%b8%9e%e0%b8%a3%e0%b9%89%e0%b8%ad%e0%b8%a1%e0%b8%97%e0%b8%b5%e0%b9%88%e0%b8%8a%e0%b8%87%e0%b8%8a%e0%b8%b2#primaryimage"},"thumbnailUrl":"https:\/\/www.dillerbottle.com\/wp-content\/uploads\/2024\/09\/water-bottle-with-tea-infuserf32c4788-a858-43e0-99e6-549506676c41.jpg","datePublished":"2024-09-29T01:58:23+00:00","dateModified":"2025-07-09T09:00:23+00:00","description":"En iyi \u00e7ay demleme aparatl\u0131 su \u015fi\u015fesi \u00fcreticilerinden ve tedarik\u00e7ilerinden biri olarak, kaliteli su \u015fi\u015feleri \u00fcretiyoruz. Sizleri toptan sat\u0131\u015fa veya rekabet\u00e7i fiyatlarla \u00e7ay demleme aparatl\u0131 \u00f6zel yap\u0131m su \u015fi\u015fesi sat\u0131n almaya davet ediyoruz. Ayr\u0131ca, k\u00fc\u00e7\u00fck miktardaki sipari\u015fler de kabul edilebilir.","breadcrumb":{"@id":"https:\/\/www.dillerbottle.com\/th\/%e0%b8%aa%e0%b8%b4%e0%b8%99%e0%b8%84%e0%b9%89%e0%b8%b2\/%e0%b8%82%e0%b8%a7%e0%b8%94%e0%b8%99%e0%b9%89%e0%b8%b3%e0%b8%9e%e0%b8%a3%e0%b9%89%e0%b8%ad%e0%b8%a1%e0%b8%97%e0%b8%b5%e0%b9%88%e0%b8%8a%e0%b8%87%e0%b8%8a%e0%b8%b2#breadcrumb"},"inLanguage":"tr","potentialAction":[{"@type":"ReadAction","target":["https:\/\/www.dillerbottle.com\/th\/%e0%b8%aa%e0%b8%b4%e0%b8%99%e0%b8%84%e0%b9%89%e0%b8%b2\/%e0%b8%82%e0%b8%a7%e0%b8%94%e0%b8%99%e0%b9%89%e0%b8%b3%e0%b8%9e%e0%b8%a3%e0%b9%89%e0%b8%ad%e0%b8%a1%e0%b8%97%e0%b8%b5%e0%b9%88%e0%b8%8a%e0%b8%87%e0%b8%8a%e0%b8%b2"]}]},{"@type":"ImageObject","inLanguage":"tr","@id":"https:\/\/www.dillerbottle.com\/th\/%e0%b8%aa%e0%b8%b4%e0%b8%99%e0%b8%84%e0%b9%89%e0%b8%b2\/%e0%b8%82%e0%b8%a7%e0%b8%94%e0%b8%99%e0%b9%89%e0%b8%b3%e0%b8%9e%e0%b8%a3%e0%b9%89%e0%b8%ad%e0%b8%a1%e0%b8%97%e0%b8%b5%e0%b9%88%e0%b8%8a%e0%b8%87%e0%b8%8a%e0%b8%b2#primaryimage","url":"https:\/\/www.dillerbottle.com\/wp-content\/uploads\/2024\/09\/water-bottle-with-tea-infuserf32c4788-a858-43e0-99e6-549506676c41.jpg","contentUrl":"https:\/\/www.dillerbottle.com\/wp-content\/uploads\/2024\/09\/water-bottle-with-tea-infuserf32c4788-a858-43e0-99e6-549506676c41.jpg","width":730,"height":730},{"@type":"BreadcrumbList","@id":"https:\/\/www.dillerbottle.com\/th\/%e0%b8%aa%e0%b8%b4%e0%b8%99%e0%b8%84%e0%b9%89%e0%b8%b2\/%e0%b8%82%e0%b8%a7%e0%b8%94%e0%b8%99%e0%b9%89%e0%b8%b3%e0%b8%9e%e0%b8%a3%e0%b9%89%e0%b8%ad%e0%b8%a1%e0%b8%97%e0%b8%b5%e0%b9%88%e0%b8%8a%e0%b8%87%e0%b8%8a%e0%b8%b2#breadcrumb","itemListElement":[{"@type":"ListItem","position":1,"name":"Home","item":"https:\/\/www.dillerbottle.com\/"},{"@type":"ListItem","position":2,"name":"Products","item":"https:\/\/www.dillerbottle.com\/shop"},{"@type":"ListItem","position":3,"name":"Water Bottle With Tea Infuser"}]},{"@type":"WebSite","@id":"https:\/\/www.dillerbottle.com\/#website","url":"https:\/\/www.dillerbottle.com\/","name":"Diller Su \u015ei\u015fesi \u00dcreticisi","description":"Su \u015ei\u015fesi \u00dcreticisi","publisher":{"@id":"https:\/\/www.dillerbottle.com\/#organization"},"potentialAction":[{"@type":"SearchAction","target":{"@type":"EntryPoint","urlTemplate":"https:\/\/www.dillerbottle.com\/?s={search_term_string}"},"query-input":{"@type":"PropertyValueSpecification","valueRequired":true,"valueName":"search_term_string"}}],"inLanguage":"tr"},{"@type":"Organization","@id":"https:\/\/www.dillerbottle.com\/#organization","name":"Diller Su \u015ei\u015fesi \u00dcreticisi","url":"https:\/\/www.dillerbottle.com\/","logo":{"@type":"ImageObject","inLanguage":"tr","@id":"https:\/\/www.dillerbottle.com\/#\/schema\/logo\/image\/","url":"https:\/\/www.dillerbottle.com\/wp-content\/uploads\/2024\/09\/49918bfa848dcc1e9f8b509933603ac.png","contentUrl":"https:\/\/www.dillerbottle.com\/wp-content\/uploads\/2024\/09\/49918bfa848dcc1e9f8b509933603ac.png","width":988,"height":198,"caption":"Diller Water Bottle Manufacturer"},"image":{"@id":"https:\/\/www.dillerbottle.com\/#\/schema\/logo\/image\/"}}]}},"_links":{"self":[{"href":"https:\/\/www.dillerbottle.com\/tr\/wp-json\/wp\/v2\/product\/7326","targetHints":{"allow":["GET"]}}],"collection":[{"href":"https:\/\/www.dillerbottle.com\/tr\/wp-json\/wp\/v2\/product"}],"about":[{"href":"https:\/\/www.dillerbottle.com\/tr\/wp-json\/wp\/v2\/types\/product"}],"replies":[{"embeddable":true,"href":"https:\/\/www.dillerbottle.com\/tr\/wp-json\/wp\/v2\/comments?post=7326"}],"wp:featuredmedia":[{"embeddable":true,"href":"https:\/\/www.dillerbottle.com\/tr\/wp-json\/wp\/v2\/media\/7327"}],"wp:attachment":[{"href":"https:\/\/www.dillerbottle.com\/tr\/wp-json\/wp\/v2\/media?parent=7326"}],"wp:term":[{"taxonomy":"product_brand","embeddable":true,"href":"https:\/\/www.dillerbottle.com\/tr\/wp-json\/wp\/v2\/product_brand?post=7326"},{"taxonomy":"product_cat","embeddable":true,"href":"https:\/\/www.dillerbottle.com\/tr\/wp-json\/wp\/v2\/product_cat?post=7326"},{"taxonomy":"product_tag","embeddable":true,"href":"https:\/\/www.dillerbottle.com\/tr\/wp-json\/wp\/v2\/product_tag?post=7326"}],"curies":[{"name":"wp","href":"https:\/\/api.w.org\/{rel}","templated":true}]}}