{"id":7366,"date":"2024-09-29T09:58:55","date_gmt":"2024-09-29T01:58:55","guid":{"rendered":"https:\/\/demo.dillerbottle.com\/uncategorized\/glass-water-bottle-with-rubber-grip"},"modified":"2025-07-09T16:56:49","modified_gmt":"2025-07-09T08:56:49","slug":"kaucuk-sapli-cam-su-sisesi","status":"publish","type":"product","link":"https:\/\/www.dillerbottle.com\/tr\/products\/glass-water-bottle-with-rubber-grip","title":{"rendered":"Kau\u00e7uk Sapl\u0131 Cam Su \u015ei\u015fesi"},"content":{"rendered":"<p>1.;K\u0131r\u0131lmaya dayan\u0131kl\u0131 y\u00fcksek mukavemetli borosilikat camdan \u00fcretilmi\u015ftir.<br \/>\n2.;Bu cam su \u015fi\u015fesi, d\u00f6k\u00fclmeden i\u00e7mek i\u00e7in en iyi a\u011f\u0131z boyutuna sahiptir. Hareket halindeyken kullan\u0131m kolayl\u0131\u011f\u0131 i\u00e7in \u00e7o\u011fu s\u0131rt \u00e7antas\u0131, araba ve ko\u015fu arabas\u0131 bardak tutucusuna uyar.<br \/>\n3.;Harika g\u00f6r\u00fcn\u00fcml\u00fc ve dayan\u0131kl\u0131 buzlu y\u00fczey. Taze s\u0131k\u0131lm\u0131\u015f meyve sular\u0131n\u0131z bu \u015f\u0131k hava ge\u00e7irmez, \u00e7evre dostu \u015fi\u015felerde masan\u0131zda ve buzdolab\u0131n\u0131zda harika g\u00f6r\u00fcn\u00fcr. Ayr\u0131ca su, i\u00e7ecekler, demleme, kahve, \u00e7ay, soslar, salata sosu, kefir, fermente i\u00e7ecekleri her an kullan\u0131ma haz\u0131r tutmak i\u00e7in idealdir.<br \/>\n4.;Silikon kau\u00e7uk kavraman\u0131n entegre tasar\u0131m\u0131, p\u00fcr\u00fczs\u00fcz ve rahat his.Silika jel o-tipi s\u0131zd\u0131rmazl\u0131k halkas\u0131, \u00e7evre koruma malzemesi, tamamen toksik olmayan ve tats\u0131z, m\u00fckemmel s\u0131zd\u0131rmazl\u0131k performans\u0131na, su ge\u00e7irmez ve s\u0131zd\u0131rmazl\u0131\u011fa sahiptir.<\/p>","protected":false},"excerpt":{"rendered":"<p>\u00d6zellikler: 1.<br \/>\nK\u0131r\u0131lmaya kar\u015f\u0131 dayan\u0131kl\u0131, y\u00fcksek mukavemetli borosilikat camdan \u00fcretilmi\u015ftir.<br \/>\n2.<br \/>\nBu cam su \u015fi\u015fesi, d\u00f6k\u00fclmeden i\u00e7mek i\u00e7in en iyi a\u011f\u0131z boyutuna sahiptir.<br \/>\nSeyahat ederken kullan\u0131m kolayl\u0131\u011f\u0131 i\u00e7in \u00e7o\u011fu s\u0131rt \u00e7antas\u0131, araba ve ko\u015fu arabas\u0131 bardak tutucusuna uyar.<br \/>\n3.<br \/>\nHarika g\u00f6r\u00fcn\u00fcml\u00fc ve dayan\u0131kl\u0131 buzlu y\u00fczey.<br \/>\nTaze s\u0131k\u0131lm\u0131\u015f meyve sular\u0131n\u0131z \u015f\u0131k, hava ge\u00e7irmeyen, \u00e7evre dostu \u015fi\u015felerde sofran\u0131zda ve buzdolab\u0131n\u0131zda harika g\u00f6r\u00fcnecek.<br \/>\nAyr\u0131ca su, i\u00e7ecek, i\u00e7ecek, kahve, \u00e7ay, sos, salata sosu, kefir, fermente i\u00e7ecekleri her an kullan\u0131ma haz\u0131r tutmak i\u00e7in de idealdir\u2026<\/p>","protected":false},"featured_media":7367,"comment_status":"open","ping_status":"closed","template":"","meta":{"_acf_changed":false},"product_brand":[],"product_cat":[310],"product_tag":[546,583,32,588,36,33,582,31,39,639,38,29,37,34,35,28,594,578,30],"class_list":{"0":"post-7366","1":"product","2":"type-product","3":"status-publish","4":"has-post-thumbnail","6":"product_cat-glass-water-bottle","7":"product_tag-1l-water-bottle","8":"product_tag-2023-new-water-bottle","9":"product_tag-best","10":"product_tag-borosilicate-glass-water-bottle","11":"product_tag-bulk","12":"product_tag-buy","13":"product_tag-clear-glass-water-bottle","14":"product_tag-custom","15":"product_tag-for-sale","16":"product_tag-glass-water-bottle-with-rubber-grip","17":"product_tag-good-quality","18":"product_tag-manufacturers","19":"product_tag-manufacturing","20":"product_tag-price","21":"product_tag-small","22":"product_tag-suppliers","23":"product_tag-water-bottle-cheap","24":"product_tag-water-bottle-gift-promotional","25":"product_tag-wholesale","27":"first","28":"instock","29":"shipping-taxable","30":"product-type-simple"},"acf":[],"yoast_head":"<!-- This site is optimized with the Yoast SEO Premium plugin v27.6 (Yoast SEO v27.6) - https:\/\/yoast.com\/product\/yoast-seo-premium-wordpress\/ -->\n<title>Glass Water Bottle With Rubber Grip - Diller Water Bottle Manufacturer<\/title>\n<meta name=\"description\" content=\"As one of the best glass water bottle with rubber grip manufacturers and suppliers, we are engaged in manufacturing good quality water bottles. We warmly welcome you to wholesale or buy custom made glass water bottle with rubber grip at competitive price from us. Also, small quantity orders are acceptable.\" \/>\n<meta name=\"robots\" content=\"index, follow, max-snippet:-1, max-image-preview:large, max-video-preview:-1\" \/>\n<link rel=\"canonical\" href=\"https:\/\/www.dillerbottle.com\/tr\/urunler\/kaucuk-sapli-cam-su-sisesi\" \/>\n<meta property=\"og:locale\" content=\"tr_TR\" \/>\n<meta property=\"og:type\" content=\"article\" \/>\n<meta property=\"og:title\" content=\"Glass Water Bottle With Rubber Grip\" \/>\n<meta property=\"og:description\" content=\"As one of the best glass water bottle with rubber grip manufacturers and suppliers, we are engaged in manufacturing good quality water bottles. We warmly welcome you to wholesale or buy custom made glass water bottle with rubber grip at competitive price from us. Also, small quantity orders are acceptable.\" \/>\n<meta property=\"og:url\" content=\"https:\/\/www.dillerbottle.com\/tr\/urunler\/kaucuk-sapli-cam-su-sisesi\" \/>\n<meta property=\"og:site_name\" content=\"Diller Water Bottle Manufacturer\" \/>\n<meta property=\"article:modified_time\" content=\"2025-07-09T08:56:49+00:00\" \/>\n<meta property=\"og:image\" content=\"https:\/\/www.dillerbottle.com\/wp-content\/uploads\/2024\/09\/glass-water-bottle-with-rubber-grip12382547443.jpg\" \/>\n\t<meta property=\"og:image:width\" content=\"730\" \/>\n\t<meta property=\"og:image:height\" content=\"730\" \/>\n\t<meta property=\"og:image:type\" content=\"image\/jpeg\" \/>\n<meta name=\"twitter:card\" content=\"summary_large_image\" \/>\n<meta name=\"twitter:label1\" content=\"Tahmini okuma s\u00fcresi\" \/>\n\t<meta name=\"twitter:data1\" content=\"2 dakika\" \/>\n<script type=\"application\/ld+json\" class=\"yoast-schema-graph\">{\"@context\":\"https:\\\/\\\/schema.org\",\"@graph\":[{\"@type\":\"WebPage\",\"@id\":\"https:\\\/\\\/www.dillerbottle.com\\\/de\\\/produkte\\\/glaswasserflasche-mit-gummigriff\",\"url\":\"https:\\\/\\\/www.dillerbottle.com\\\/de\\\/produkte\\\/glaswasserflasche-mit-gummigriff\",\"name\":\"Glass Water Bottle With Rubber Grip - Diller Water Bottle Manufacturer\",\"isPartOf\":{\"@id\":\"https:\\\/\\\/www.dillerbottle.com\\\/#website\"},\"primaryImageOfPage\":{\"@id\":\"https:\\\/\\\/www.dillerbottle.com\\\/de\\\/produkte\\\/glaswasserflasche-mit-gummigriff#primaryimage\"},\"image\":{\"@id\":\"https:\\\/\\\/www.dillerbottle.com\\\/de\\\/produkte\\\/glaswasserflasche-mit-gummigriff#primaryimage\"},\"thumbnailUrl\":\"https:\\\/\\\/www.dillerbottle.com\\\/wp-content\\\/uploads\\\/2024\\\/09\\\/glass-water-bottle-with-rubber-grip12382547443.jpg\",\"datePublished\":\"2024-09-29T01:58:55+00:00\",\"dateModified\":\"2025-07-09T08:56:49+00:00\",\"description\":\"As one of the best glass water bottle with rubber grip manufacturers and suppliers, we are engaged in manufacturing good quality water bottles. We warmly welcome you to wholesale or buy custom made glass water bottle with rubber grip at competitive price from us. Also, small quantity orders are acceptable.\",\"breadcrumb\":{\"@id\":\"https:\\\/\\\/www.dillerbottle.com\\\/de\\\/produkte\\\/glaswasserflasche-mit-gummigriff#breadcrumb\"},\"inLanguage\":\"tr\",\"potentialAction\":[{\"@type\":\"ReadAction\",\"target\":[\"https:\\\/\\\/www.dillerbottle.com\\\/de\\\/produkte\\\/glaswasserflasche-mit-gummigriff\"]}]},{\"@type\":\"ImageObject\",\"inLanguage\":\"tr\",\"@id\":\"https:\\\/\\\/www.dillerbottle.com\\\/de\\\/produkte\\\/glaswasserflasche-mit-gummigriff#primaryimage\",\"url\":\"https:\\\/\\\/www.dillerbottle.com\\\/wp-content\\\/uploads\\\/2024\\\/09\\\/glass-water-bottle-with-rubber-grip12382547443.jpg\",\"contentUrl\":\"https:\\\/\\\/www.dillerbottle.com\\\/wp-content\\\/uploads\\\/2024\\\/09\\\/glass-water-bottle-with-rubber-grip12382547443.jpg\",\"width\":730,\"height\":730},{\"@type\":\"BreadcrumbList\",\"@id\":\"https:\\\/\\\/www.dillerbottle.com\\\/de\\\/produkte\\\/glaswasserflasche-mit-gummigriff#breadcrumb\",\"itemListElement\":[{\"@type\":\"ListItem\",\"position\":1,\"name\":\"Home\",\"item\":\"https:\\\/\\\/www.dillerbottle.com\\\/\"},{\"@type\":\"ListItem\",\"position\":2,\"name\":\"Products\",\"item\":\"https:\\\/\\\/www.dillerbottle.com\\\/shop\"},{\"@type\":\"ListItem\",\"position\":3,\"name\":\"Glass Water Bottle With Rubber Grip\"}]},{\"@type\":\"WebSite\",\"@id\":\"https:\\\/\\\/www.dillerbottle.com\\\/#website\",\"url\":\"https:\\\/\\\/www.dillerbottle.com\\\/\",\"name\":\"Diller Water Bottle Manufacturer\",\"description\":\"Water Bottle Manufacturer\",\"publisher\":{\"@id\":\"https:\\\/\\\/www.dillerbottle.com\\\/#organization\"},\"potentialAction\":[{\"@type\":\"SearchAction\",\"target\":{\"@type\":\"EntryPoint\",\"urlTemplate\":\"https:\\\/\\\/www.dillerbottle.com\\\/?s={search_term_string}\"},\"query-input\":{\"@type\":\"PropertyValueSpecification\",\"valueRequired\":true,\"valueName\":\"search_term_string\"}}],\"inLanguage\":\"tr\"},{\"@type\":\"Organization\",\"@id\":\"https:\\\/\\\/www.dillerbottle.com\\\/#organization\",\"name\":\"Diller Water Bottle Manufacturer\",\"url\":\"https:\\\/\\\/www.dillerbottle.com\\\/\",\"logo\":{\"@type\":\"ImageObject\",\"inLanguage\":\"tr\",\"@id\":\"https:\\\/\\\/www.dillerbottle.com\\\/#\\\/schema\\\/logo\\\/image\\\/\",\"url\":\"https:\\\/\\\/www.dillerbottle.com\\\/wp-content\\\/uploads\\\/2024\\\/09\\\/49918bfa848dcc1e9f8b509933603ac.png\",\"contentUrl\":\"https:\\\/\\\/www.dillerbottle.com\\\/wp-content\\\/uploads\\\/2024\\\/09\\\/49918bfa848dcc1e9f8b509933603ac.png\",\"width\":988,\"height\":198,\"caption\":\"Diller Water Bottle Manufacturer\"},\"image\":{\"@id\":\"https:\\\/\\\/www.dillerbottle.com\\\/#\\\/schema\\\/logo\\\/image\\\/\"}}]}<\/script>\n<!-- \/ Yoast SEO Premium plugin. -->","yoast_head_json":{"title":"Kau\u00e7uk Sapl\u0131 Cam Su \u015ei\u015fesi - Diller Su \u015ei\u015fesi \u00dcreticisi","description":"En iyi kau\u00e7uk sapl\u0131 cam su \u015fi\u015fesi \u00fcreticilerinden ve tedarik\u00e7ilerinden biri olarak, kaliteli su \u015fi\u015feleri \u00fcretiyoruz. Rekabet\u00e7i fiyatlarla kau\u00e7uk sapl\u0131 \u00f6zel yap\u0131m cam su \u015fi\u015fesini toptan olarak veya bizden sat\u0131n alman\u0131z\u0131 i\u00e7tenlikle bekliyoruz. Ayr\u0131ca, k\u00fc\u00e7\u00fck miktardaki sipari\u015fler de kabul edilebilir.","robots":{"index":"index","follow":"follow","max-snippet":"max-snippet:-1","max-image-preview":"max-image-preview:large","max-video-preview":"max-video-preview:-1"},"canonical":"https:\/\/www.dillerbottle.com\/tr\/urunler\/kaucuk-sapli-cam-su-sisesi","og_locale":"tr_TR","og_type":"article","og_title":"Glass Water Bottle With Rubber Grip","og_description":"As one of the best glass water bottle with rubber grip manufacturers and suppliers, we are engaged in manufacturing good quality water bottles. We warmly welcome you to wholesale or buy custom made glass water bottle with rubber grip at competitive price from us. Also, small quantity orders are acceptable.","og_url":"https:\/\/www.dillerbottle.com\/tr\/urunler\/kaucuk-sapli-cam-su-sisesi","og_site_name":"Diller Water Bottle Manufacturer","article_modified_time":"2025-07-09T08:56:49+00:00","og_image":[{"width":730,"height":730,"url":"https:\/\/www.dillerbottle.com\/wp-content\/uploads\/2024\/09\/glass-water-bottle-with-rubber-grip12382547443.jpg","type":"image\/jpeg"}],"twitter_card":"summary_large_image","twitter_misc":{"Tahmini okuma s\u00fcresi":"2 dakika"},"schema":{"@context":"https:\/\/schema.org","@graph":[{"@type":"WebPage","@id":"https:\/\/www.dillerbottle.com\/de\/produkte\/glaswasserflasche-mit-gummigriff","url":"https:\/\/www.dillerbottle.com\/de\/produkte\/glaswasserflasche-mit-gummigriff","name":"Kau\u00e7uk Sapl\u0131 Cam Su \u015ei\u015fesi - Diller Su \u015ei\u015fesi \u00dcreticisi","isPartOf":{"@id":"https:\/\/www.dillerbottle.com\/#website"},"primaryImageOfPage":{"@id":"https:\/\/www.dillerbottle.com\/de\/produkte\/glaswasserflasche-mit-gummigriff#primaryimage"},"image":{"@id":"https:\/\/www.dillerbottle.com\/de\/produkte\/glaswasserflasche-mit-gummigriff#primaryimage"},"thumbnailUrl":"https:\/\/www.dillerbottle.com\/wp-content\/uploads\/2024\/09\/glass-water-bottle-with-rubber-grip12382547443.jpg","datePublished":"2024-09-29T01:58:55+00:00","dateModified":"2025-07-09T08:56:49+00:00","description":"En iyi kau\u00e7uk sapl\u0131 cam su \u015fi\u015fesi \u00fcreticilerinden ve tedarik\u00e7ilerinden biri olarak, kaliteli su \u015fi\u015feleri \u00fcretiyoruz. Rekabet\u00e7i fiyatlarla kau\u00e7uk sapl\u0131 \u00f6zel yap\u0131m cam su \u015fi\u015fesini toptan olarak veya bizden sat\u0131n alman\u0131z\u0131 i\u00e7tenlikle bekliyoruz. Ayr\u0131ca, k\u00fc\u00e7\u00fck miktardaki sipari\u015fler de kabul edilebilir.","breadcrumb":{"@id":"https:\/\/www.dillerbottle.com\/de\/produkte\/glaswasserflasche-mit-gummigriff#breadcrumb"},"inLanguage":"tr","potentialAction":[{"@type":"ReadAction","target":["https:\/\/www.dillerbottle.com\/de\/produkte\/glaswasserflasche-mit-gummigriff"]}]},{"@type":"ImageObject","inLanguage":"tr","@id":"https:\/\/www.dillerbottle.com\/de\/produkte\/glaswasserflasche-mit-gummigriff#primaryimage","url":"https:\/\/www.dillerbottle.com\/wp-content\/uploads\/2024\/09\/glass-water-bottle-with-rubber-grip12382547443.jpg","contentUrl":"https:\/\/www.dillerbottle.com\/wp-content\/uploads\/2024\/09\/glass-water-bottle-with-rubber-grip12382547443.jpg","width":730,"height":730},{"@type":"BreadcrumbList","@id":"https:\/\/www.dillerbottle.com\/de\/produkte\/glaswasserflasche-mit-gummigriff#breadcrumb","itemListElement":[{"@type":"ListItem","position":1,"name":"Home","item":"https:\/\/www.dillerbottle.com\/"},{"@type":"ListItem","position":2,"name":"Products","item":"https:\/\/www.dillerbottle.com\/shop"},{"@type":"ListItem","position":3,"name":"Glass Water Bottle With Rubber Grip"}]},{"@type":"WebSite","@id":"https:\/\/www.dillerbottle.com\/#website","url":"https:\/\/www.dillerbottle.com\/","name":"Diller Su \u015ei\u015fesi \u00dcreticisi","description":"Su \u015ei\u015fesi \u00dcreticisi","publisher":{"@id":"https:\/\/www.dillerbottle.com\/#organization"},"potentialAction":[{"@type":"SearchAction","target":{"@type":"EntryPoint","urlTemplate":"https:\/\/www.dillerbottle.com\/?s={search_term_string}"},"query-input":{"@type":"PropertyValueSpecification","valueRequired":true,"valueName":"search_term_string"}}],"inLanguage":"tr"},{"@type":"Organization","@id":"https:\/\/www.dillerbottle.com\/#organization","name":"Diller Su \u015ei\u015fesi \u00dcreticisi","url":"https:\/\/www.dillerbottle.com\/","logo":{"@type":"ImageObject","inLanguage":"tr","@id":"https:\/\/www.dillerbottle.com\/#\/schema\/logo\/image\/","url":"https:\/\/www.dillerbottle.com\/wp-content\/uploads\/2024\/09\/49918bfa848dcc1e9f8b509933603ac.png","contentUrl":"https:\/\/www.dillerbottle.com\/wp-content\/uploads\/2024\/09\/49918bfa848dcc1e9f8b509933603ac.png","width":988,"height":198,"caption":"Diller Water Bottle Manufacturer"},"image":{"@id":"https:\/\/www.dillerbottle.com\/#\/schema\/logo\/image\/"}}]}},"_links":{"self":[{"href":"https:\/\/www.dillerbottle.com\/tr\/wp-json\/wp\/v2\/product\/7366","targetHints":{"allow":["GET"]}}],"collection":[{"href":"https:\/\/www.dillerbottle.com\/tr\/wp-json\/wp\/v2\/product"}],"about":[{"href":"https:\/\/www.dillerbottle.com\/tr\/wp-json\/wp\/v2\/types\/product"}],"replies":[{"embeddable":true,"href":"https:\/\/www.dillerbottle.com\/tr\/wp-json\/wp\/v2\/comments?post=7366"}],"wp:featuredmedia":[{"embeddable":true,"href":"https:\/\/www.dillerbottle.com\/tr\/wp-json\/wp\/v2\/media\/7367"}],"wp:attachment":[{"href":"https:\/\/www.dillerbottle.com\/tr\/wp-json\/wp\/v2\/media?parent=7366"}],"wp:term":[{"taxonomy":"product_brand","embeddable":true,"href":"https:\/\/www.dillerbottle.com\/tr\/wp-json\/wp\/v2\/product_brand?post=7366"},{"taxonomy":"product_cat","embeddable":true,"href":"https:\/\/www.dillerbottle.com\/tr\/wp-json\/wp\/v2\/product_cat?post=7366"},{"taxonomy":"product_tag","embeddable":true,"href":"https:\/\/www.dillerbottle.com\/tr\/wp-json\/wp\/v2\/product_tag?post=7366"}],"curies":[{"name":"wp","href":"https:\/\/api.w.org\/{rel}","templated":true}]}}