{"id":7472,"date":"2024-09-29T10:00:01","date_gmt":"2024-09-29T02:00:01","guid":{"rendered":"https:\/\/demo.dillerbottle.com\/uncategorized\/personalised-glass-water-bottles"},"modified":"2025-07-09T16:55:23","modified_gmt":"2025-07-09T08:55:23","slug":"kisiye-ozel-cam-su-siseleri","status":"publish","type":"product","link":"https:\/\/www.dillerbottle.com\/tr\/products\/personalised-glass-water-bottles","title":{"rendered":"Ki\u015fiselle\u015ftirilmi\u015f Cam Su \u015ei\u015feleri"},"content":{"rendered":"<p>1.;Cam su \u015fi\u015feleri, so\u011fuk s\u0131k\u0131m meyve sular\u0131, smoothieler, \u00e7aylar, enerji i\u00e7ecekleri, kahve, hindistan cevizi suyu, protein i\u00e7ecekleri ve daha fazlas\u0131 dahil olmak \u00fczere hem so\u011fuk hem de s\u0131cak i\u00e7ecekler i\u00e7in en g\u00fcvenli saklamay\u0131 sa\u011flar.<br \/>\n2.; Y\u00fcksek kaliteli, g\u0131daya uygun \u015feffaf borosilikat camdan \u00fcretilmi\u015ftir.<br \/>\n3.;Kompakt boyutu, \u00e7ok fazla yer kaplamadan dar alanlara s\u0131\u011fmas\u0131n\u0131 kolayla\u015ft\u0131r\u0131r. Kolayca buzdolab\u0131nda saklanabilir ve bir \u00f6\u011fle yeme\u011fi \u00e7antas\u0131nda rahat\u00e7a ta\u015f\u0131nabilir veya bir araba tutucusuna yerle\u015ftirilebilir.;<br \/>\n4.;Koruyucu naylon k\u0131l\u0131flar, cam su \u015fi\u015fesinin plastik kadar ta\u015f\u0131nabilir olmas\u0131n\u0131 sa\u011flarken \u015fi\u015feyi kavraman\u0131z\u0131 kolayla\u015ft\u0131r\u0131r.5.;Cam su \u015fi\u015feleri hava ge\u00e7irmezdir ve s\u0131zd\u0131rmaz, tamamen paslanmaz \u00e7elik kapaklarla birlikte gelir, b\u00f6ylece bir \u00f6\u011fle yeme\u011fi \u00e7antas\u0131nda g\u00fcvenle ta\u015f\u0131nabilir veya bir araba tutucusuna yerle\u015ftirilebilirler. Kapak ayr\u0131ca kolay ta\u015f\u0131ma i\u00e7in bir ta\u015f\u0131ma halkas\u0131yla birlikte gelir.<\/p>","protected":false},"excerpt":{"rendered":"<p>\u00d6zellikler: 1.<br \/>\nCam su \u015fi\u015feleri, so\u011fuk s\u0131k\u0131m meyve sular\u0131, smoothieler, \u00e7aylar, enerji i\u00e7ecekleri, kahve, Hindistan cevizi suyu, protein i\u00e7ecekleri ve daha fazlas\u0131 dahil olmak \u00fczere hem so\u011fuk hem de s\u0131cak i\u00e7ecekler i\u00e7in en g\u00fcvenli saklamay\u0131 sa\u011flar.<br \/>\n2.<br \/>\nY\u00fcksek kaliteli, g\u0131daya uygun, \u015feffaf borosilikat camdan \u00fcretilmi\u015ftir.<br \/>\n3.<br \/>\nKompakt boyutu sayesinde \u00e7ok fazla yer kaplamadan dar alanlara rahatl\u0131kla s\u0131\u011far.<br \/>\nBuzdolab\u0131nda rahatl\u0131kla saklanabilir, beslenme \u00e7antas\u0131nda rahatl\u0131kla ta\u015f\u0131nabilir veya ara\u00e7 tutucusunda muhafaza edilebilir\u2026<\/p>","protected":false},"featured_media":7473,"comment_status":"open","ping_status":"closed","template":"","meta":{"_acf_changed":false},"product_brand":[],"product_cat":[310],"product_tag":[546,32,36,33,31,542,39,593,591,597,38,29,37,647,34,35,28,577,30],"class_list":{"0":"post-7472","1":"product","2":"type-product","3":"status-publish","4":"has-post-thumbnail","6":"product_cat-glass-water-bottle","7":"product_tag-1l-water-bottle","8":"product_tag-best","9":"product_tag-bulk","10":"product_tag-buy","11":"product_tag-custom","12":"product_tag-double-wall-glass-water-bottle-with-tea-infuser","13":"product_tag-for-sale","14":"product_tag-frosted-glass-water-bottle-sublimation","15":"product_tag-glass-water-bottle","16":"product_tag-glass-water-bottle-with-time-marker","17":"product_tag-good-quality","18":"product_tag-manufacturers","19":"product_tag-manufacturing","20":"product_tag-personalised-glass-water-bottles","21":"product_tag-price","22":"product_tag-small","23":"product_tag-suppliers","24":"product_tag-water-bottle-500ml","25":"product_tag-wholesale","27":"first","28":"instock","29":"shipping-taxable","30":"product-type-simple"},"acf":[],"yoast_head":"<!-- This site is optimized with the Yoast SEO Premium plugin v27.6 (Yoast SEO v27.6) - https:\/\/yoast.com\/product\/yoast-seo-premium-wordpress\/ -->\n<title>Personalised Glass Water Bottles - Diller Water Bottle Manufacturer<\/title>\n<meta name=\"description\" content=\"As one of the best personalised glass water bottles manufacturers and suppliers, we are engaged in manufacturing good quality water bottles. We warmly welcome you to wholesale or buy custom made personalised glass water bottles at competitive price from us. Also, small quantity orders are acceptable.\" \/>\n<meta name=\"robots\" content=\"index, follow, max-snippet:-1, max-image-preview:large, max-video-preview:-1\" \/>\n<link rel=\"canonical\" href=\"https:\/\/www.dillerbottle.com\/tr\/urunler\/kisiye-ozel-cam-su-siseleri\" \/>\n<meta property=\"og:locale\" content=\"tr_TR\" \/>\n<meta property=\"og:type\" content=\"article\" \/>\n<meta property=\"og:title\" content=\"Personalised Glass Water Bottles\" \/>\n<meta property=\"og:description\" content=\"As one of the best personalised glass water bottles manufacturers and suppliers, we are engaged in manufacturing good quality water bottles. We warmly welcome you to wholesale or buy custom made personalised glass water bottles at competitive price from us. Also, small quantity orders are acceptable.\" \/>\n<meta property=\"og:url\" content=\"https:\/\/www.dillerbottle.com\/tr\/urunler\/kisiye-ozel-cam-su-siseleri\" \/>\n<meta property=\"og:site_name\" content=\"Diller Water Bottle Manufacturer\" \/>\n<meta property=\"article:modified_time\" content=\"2025-07-09T08:55:23+00:00\" \/>\n<meta property=\"og:image\" content=\"https:\/\/www.dillerbottle.com\/wp-content\/uploads\/2024\/09\/personalised-glass-water-bottles40204257215.jpg\" \/>\n\t<meta property=\"og:image:width\" content=\"730\" \/>\n\t<meta property=\"og:image:height\" content=\"730\" \/>\n\t<meta property=\"og:image:type\" content=\"image\/jpeg\" \/>\n<meta name=\"twitter:card\" content=\"summary_large_image\" \/>\n<meta name=\"twitter:label1\" content=\"Tahmini okuma s\u00fcresi\" \/>\n\t<meta name=\"twitter:data1\" content=\"3 dakika\" \/>\n<script type=\"application\/ld+json\" class=\"yoast-schema-graph\">{\"@context\":\"https:\\\/\\\/schema.org\",\"@graph\":[{\"@type\":\"WebPage\",\"@id\":\"https:\\\/\\\/www.dillerbottle.com\\\/pt\\\/produtos\\\/garrafas-de-agua-de-vidro-personalizadas\",\"url\":\"https:\\\/\\\/www.dillerbottle.com\\\/pt\\\/produtos\\\/garrafas-de-agua-de-vidro-personalizadas\",\"name\":\"Personalised Glass Water Bottles - Diller Water Bottle Manufacturer\",\"isPartOf\":{\"@id\":\"https:\\\/\\\/www.dillerbottle.com\\\/#website\"},\"primaryImageOfPage\":{\"@id\":\"https:\\\/\\\/www.dillerbottle.com\\\/pt\\\/produtos\\\/garrafas-de-agua-de-vidro-personalizadas#primaryimage\"},\"image\":{\"@id\":\"https:\\\/\\\/www.dillerbottle.com\\\/pt\\\/produtos\\\/garrafas-de-agua-de-vidro-personalizadas#primaryimage\"},\"thumbnailUrl\":\"https:\\\/\\\/www.dillerbottle.com\\\/wp-content\\\/uploads\\\/2024\\\/09\\\/personalised-glass-water-bottles40204257215.jpg\",\"datePublished\":\"2024-09-29T02:00:01+00:00\",\"dateModified\":\"2025-07-09T08:55:23+00:00\",\"description\":\"As one of the best personalised glass water bottles manufacturers and suppliers, we are engaged in manufacturing good quality water bottles. We warmly welcome you to wholesale or buy custom made personalised glass water bottles at competitive price from us. Also, small quantity orders are acceptable.\",\"breadcrumb\":{\"@id\":\"https:\\\/\\\/www.dillerbottle.com\\\/pt\\\/produtos\\\/garrafas-de-agua-de-vidro-personalizadas#breadcrumb\"},\"inLanguage\":\"tr\",\"potentialAction\":[{\"@type\":\"ReadAction\",\"target\":[\"https:\\\/\\\/www.dillerbottle.com\\\/pt\\\/produtos\\\/garrafas-de-agua-de-vidro-personalizadas\"]}]},{\"@type\":\"ImageObject\",\"inLanguage\":\"tr\",\"@id\":\"https:\\\/\\\/www.dillerbottle.com\\\/pt\\\/produtos\\\/garrafas-de-agua-de-vidro-personalizadas#primaryimage\",\"url\":\"https:\\\/\\\/www.dillerbottle.com\\\/wp-content\\\/uploads\\\/2024\\\/09\\\/personalised-glass-water-bottles40204257215.jpg\",\"contentUrl\":\"https:\\\/\\\/www.dillerbottle.com\\\/wp-content\\\/uploads\\\/2024\\\/09\\\/personalised-glass-water-bottles40204257215.jpg\",\"width\":730,\"height\":730},{\"@type\":\"BreadcrumbList\",\"@id\":\"https:\\\/\\\/www.dillerbottle.com\\\/pt\\\/produtos\\\/garrafas-de-agua-de-vidro-personalizadas#breadcrumb\",\"itemListElement\":[{\"@type\":\"ListItem\",\"position\":1,\"name\":\"Home\",\"item\":\"https:\\\/\\\/www.dillerbottle.com\\\/\"},{\"@type\":\"ListItem\",\"position\":2,\"name\":\"Products\",\"item\":\"https:\\\/\\\/www.dillerbottle.com\\\/shop\"},{\"@type\":\"ListItem\",\"position\":3,\"name\":\"Personalised Glass Water Bottles\"}]},{\"@type\":\"WebSite\",\"@id\":\"https:\\\/\\\/www.dillerbottle.com\\\/#website\",\"url\":\"https:\\\/\\\/www.dillerbottle.com\\\/\",\"name\":\"Diller Water Bottle Manufacturer\",\"description\":\"Water Bottle Manufacturer\",\"publisher\":{\"@id\":\"https:\\\/\\\/www.dillerbottle.com\\\/#organization\"},\"potentialAction\":[{\"@type\":\"SearchAction\",\"target\":{\"@type\":\"EntryPoint\",\"urlTemplate\":\"https:\\\/\\\/www.dillerbottle.com\\\/?s={search_term_string}\"},\"query-input\":{\"@type\":\"PropertyValueSpecification\",\"valueRequired\":true,\"valueName\":\"search_term_string\"}}],\"inLanguage\":\"tr\"},{\"@type\":\"Organization\",\"@id\":\"https:\\\/\\\/www.dillerbottle.com\\\/#organization\",\"name\":\"Diller Water Bottle Manufacturer\",\"url\":\"https:\\\/\\\/www.dillerbottle.com\\\/\",\"logo\":{\"@type\":\"ImageObject\",\"inLanguage\":\"tr\",\"@id\":\"https:\\\/\\\/www.dillerbottle.com\\\/#\\\/schema\\\/logo\\\/image\\\/\",\"url\":\"https:\\\/\\\/www.dillerbottle.com\\\/wp-content\\\/uploads\\\/2024\\\/09\\\/49918bfa848dcc1e9f8b509933603ac.png\",\"contentUrl\":\"https:\\\/\\\/www.dillerbottle.com\\\/wp-content\\\/uploads\\\/2024\\\/09\\\/49918bfa848dcc1e9f8b509933603ac.png\",\"width\":988,\"height\":198,\"caption\":\"Diller Water Bottle Manufacturer\"},\"image\":{\"@id\":\"https:\\\/\\\/www.dillerbottle.com\\\/#\\\/schema\\\/logo\\\/image\\\/\"}}]}<\/script>\n<!-- \/ Yoast SEO Premium plugin. -->","yoast_head_json":{"title":"Ki\u015fiselle\u015ftirilmi\u015f Cam Su \u015ei\u015feleri - Diller Su \u015ei\u015fesi \u00dcreticisi","description":"En iyi ki\u015fiselle\u015ftirilmi\u015f cam su \u015fi\u015fesi \u00fcreticilerinden ve tedarik\u00e7ilerinden biri olarak, kaliteli su \u015fi\u015feleri \u00fcretiyoruz. Toptan sat\u0131\u015f yapman\u0131z\u0131 veya bizden rekabet\u00e7i fiyatlarla \u00f6zel yap\u0131m ki\u015fiselle\u015ftirilmi\u015f cam su \u015fi\u015feleri sat\u0131n alman\u0131z\u0131 i\u00e7tenlikle bekliyoruz. Ayr\u0131ca, k\u00fc\u00e7\u00fck miktarda sipari\u015fler de kabul edilebilir.","robots":{"index":"index","follow":"follow","max-snippet":"max-snippet:-1","max-image-preview":"max-image-preview:large","max-video-preview":"max-video-preview:-1"},"canonical":"https:\/\/www.dillerbottle.com\/tr\/urunler\/kisiye-ozel-cam-su-siseleri","og_locale":"tr_TR","og_type":"article","og_title":"Personalised Glass Water Bottles","og_description":"As one of the best personalised glass water bottles manufacturers and suppliers, we are engaged in manufacturing good quality water bottles. We warmly welcome you to wholesale or buy custom made personalised glass water bottles at competitive price from us. Also, small quantity orders are acceptable.","og_url":"https:\/\/www.dillerbottle.com\/tr\/urunler\/kisiye-ozel-cam-su-siseleri","og_site_name":"Diller Water Bottle Manufacturer","article_modified_time":"2025-07-09T08:55:23+00:00","og_image":[{"width":730,"height":730,"url":"https:\/\/www.dillerbottle.com\/wp-content\/uploads\/2024\/09\/personalised-glass-water-bottles40204257215.jpg","type":"image\/jpeg"}],"twitter_card":"summary_large_image","twitter_misc":{"Tahmini okuma s\u00fcresi":"3 dakika"},"schema":{"@context":"https:\/\/schema.org","@graph":[{"@type":"WebPage","@id":"https:\/\/www.dillerbottle.com\/pt\/produtos\/garrafas-de-agua-de-vidro-personalizadas","url":"https:\/\/www.dillerbottle.com\/pt\/produtos\/garrafas-de-agua-de-vidro-personalizadas","name":"Ki\u015fiselle\u015ftirilmi\u015f Cam Su \u015ei\u015feleri - Diller Su \u015ei\u015fesi \u00dcreticisi","isPartOf":{"@id":"https:\/\/www.dillerbottle.com\/#website"},"primaryImageOfPage":{"@id":"https:\/\/www.dillerbottle.com\/pt\/produtos\/garrafas-de-agua-de-vidro-personalizadas#primaryimage"},"image":{"@id":"https:\/\/www.dillerbottle.com\/pt\/produtos\/garrafas-de-agua-de-vidro-personalizadas#primaryimage"},"thumbnailUrl":"https:\/\/www.dillerbottle.com\/wp-content\/uploads\/2024\/09\/personalised-glass-water-bottles40204257215.jpg","datePublished":"2024-09-29T02:00:01+00:00","dateModified":"2025-07-09T08:55:23+00:00","description":"En iyi ki\u015fiselle\u015ftirilmi\u015f cam su \u015fi\u015fesi \u00fcreticilerinden ve tedarik\u00e7ilerinden biri olarak, kaliteli su \u015fi\u015feleri \u00fcretiyoruz. Toptan sat\u0131\u015f yapman\u0131z\u0131 veya bizden rekabet\u00e7i fiyatlarla \u00f6zel yap\u0131m ki\u015fiselle\u015ftirilmi\u015f cam su \u015fi\u015feleri sat\u0131n alman\u0131z\u0131 i\u00e7tenlikle bekliyoruz. Ayr\u0131ca, k\u00fc\u00e7\u00fck miktarda sipari\u015fler de kabul edilebilir.","breadcrumb":{"@id":"https:\/\/www.dillerbottle.com\/pt\/produtos\/garrafas-de-agua-de-vidro-personalizadas#breadcrumb"},"inLanguage":"tr","potentialAction":[{"@type":"ReadAction","target":["https:\/\/www.dillerbottle.com\/pt\/produtos\/garrafas-de-agua-de-vidro-personalizadas"]}]},{"@type":"ImageObject","inLanguage":"tr","@id":"https:\/\/www.dillerbottle.com\/pt\/produtos\/garrafas-de-agua-de-vidro-personalizadas#primaryimage","url":"https:\/\/www.dillerbottle.com\/wp-content\/uploads\/2024\/09\/personalised-glass-water-bottles40204257215.jpg","contentUrl":"https:\/\/www.dillerbottle.com\/wp-content\/uploads\/2024\/09\/personalised-glass-water-bottles40204257215.jpg","width":730,"height":730},{"@type":"BreadcrumbList","@id":"https:\/\/www.dillerbottle.com\/pt\/produtos\/garrafas-de-agua-de-vidro-personalizadas#breadcrumb","itemListElement":[{"@type":"ListItem","position":1,"name":"Home","item":"https:\/\/www.dillerbottle.com\/"},{"@type":"ListItem","position":2,"name":"Products","item":"https:\/\/www.dillerbottle.com\/shop"},{"@type":"ListItem","position":3,"name":"Personalised Glass Water Bottles"}]},{"@type":"WebSite","@id":"https:\/\/www.dillerbottle.com\/#website","url":"https:\/\/www.dillerbottle.com\/","name":"Diller Su \u015ei\u015fesi \u00dcreticisi","description":"Su \u015ei\u015fesi \u00dcreticisi","publisher":{"@id":"https:\/\/www.dillerbottle.com\/#organization"},"potentialAction":[{"@type":"SearchAction","target":{"@type":"EntryPoint","urlTemplate":"https:\/\/www.dillerbottle.com\/?s={search_term_string}"},"query-input":{"@type":"PropertyValueSpecification","valueRequired":true,"valueName":"search_term_string"}}],"inLanguage":"tr"},{"@type":"Organization","@id":"https:\/\/www.dillerbottle.com\/#organization","name":"Diller Su \u015ei\u015fesi \u00dcreticisi","url":"https:\/\/www.dillerbottle.com\/","logo":{"@type":"ImageObject","inLanguage":"tr","@id":"https:\/\/www.dillerbottle.com\/#\/schema\/logo\/image\/","url":"https:\/\/www.dillerbottle.com\/wp-content\/uploads\/2024\/09\/49918bfa848dcc1e9f8b509933603ac.png","contentUrl":"https:\/\/www.dillerbottle.com\/wp-content\/uploads\/2024\/09\/49918bfa848dcc1e9f8b509933603ac.png","width":988,"height":198,"caption":"Diller Water Bottle Manufacturer"},"image":{"@id":"https:\/\/www.dillerbottle.com\/#\/schema\/logo\/image\/"}}]}},"_links":{"self":[{"href":"https:\/\/www.dillerbottle.com\/tr\/wp-json\/wp\/v2\/product\/7472","targetHints":{"allow":["GET"]}}],"collection":[{"href":"https:\/\/www.dillerbottle.com\/tr\/wp-json\/wp\/v2\/product"}],"about":[{"href":"https:\/\/www.dillerbottle.com\/tr\/wp-json\/wp\/v2\/types\/product"}],"replies":[{"embeddable":true,"href":"https:\/\/www.dillerbottle.com\/tr\/wp-json\/wp\/v2\/comments?post=7472"}],"wp:featuredmedia":[{"embeddable":true,"href":"https:\/\/www.dillerbottle.com\/tr\/wp-json\/wp\/v2\/media\/7473"}],"wp:attachment":[{"href":"https:\/\/www.dillerbottle.com\/tr\/wp-json\/wp\/v2\/media?parent=7472"}],"wp:term":[{"taxonomy":"product_brand","embeddable":true,"href":"https:\/\/www.dillerbottle.com\/tr\/wp-json\/wp\/v2\/product_brand?post=7472"},{"taxonomy":"product_cat","embeddable":true,"href":"https:\/\/www.dillerbottle.com\/tr\/wp-json\/wp\/v2\/product_cat?post=7472"},{"taxonomy":"product_tag","embeddable":true,"href":"https:\/\/www.dillerbottle.com\/tr\/wp-json\/wp\/v2\/product_tag?post=7472"}],"curies":[{"name":"wp","href":"https:\/\/api.w.org\/{rel}","templated":true}]}}