{"id":7561,"date":"2024-09-29T10:00:54","date_gmt":"2024-09-29T02:00:54","guid":{"rendered":"https:\/\/demo.dillerbottle.com\/uncategorized\/glass-water-bottle-with-neoprene-sleeve"},"modified":"2026-02-11T10:27:41","modified_gmt":"2026-02-11T02:27:41","slug":"panda-cam-su-si%cc%87sesi%cc%87","status":"publish","type":"product","link":"https:\/\/www.dillerbottle.com\/tr\/products\/panda-glass-water-bottle","title":{"rendered":"Panda Cam Su \u015ei\u015fesi"},"content":{"rendered":"<p data-start=\"127\" data-end=\"371\">Bu <strong data-start=\"158\" data-end=\"187\">DILLER Panda Cam \u015ei\u015fe<\/strong> sevimli bir panda tasar\u0131m\u0131na sahiptir ve hidrasyonu hem sa\u011fl\u0131kl\u0131 hem de e\u011flenceli hale getirir. Y\u00fcksek borosilikat camdan \u00fcretilmi\u015ftir, \u00e7evre dostudur, koku yapmaz ve hem s\u0131cak hem de so\u011fuk i\u00e7ecekler i\u00e7in g\u00fcvenlidir.<\/p>\n<ul data-start=\"372\" data-end=\"879\">\n<li data-start=\"372\" data-end=\"467\">\n<p data-start=\"374\" data-end=\"467\"><strong data-start=\"374\" data-end=\"395\">Sevimli Panda Tasar\u0131m\u0131<\/strong>: E\u011flenceli ve g\u00f6z al\u0131c\u0131 panda bask\u0131s\u0131, i\u00e7ecek tak\u0131m\u0131n\u0131za ki\u015filik katar.<\/p>\n<\/li>\n<li data-start=\"468\" data-end=\"589\">\n<p data-start=\"470\" data-end=\"589\"><strong data-start=\"470\" data-end=\"496\">Premium Cam Malzeme<\/strong>: Termal \u015foka dayan\u0131kl\u0131, dayan\u0131kl\u0131 ve toksik olmayan y\u00fcksek borosilikat camdan \u00fcretilmi\u015ftir.<\/p>\n<\/li>\n<li data-start=\"590\" data-end=\"691\">\n<p data-start=\"592\" data-end=\"691\"><strong data-start=\"592\" data-end=\"615\">Portatif Sapl\u0131 Kapak<\/strong>: Kolay ta\u015f\u0131ma i\u00e7in p\u00fcr\u00fczs\u00fcz, rahat sap, hareket halindeyken kullan\u0131m i\u00e7in m\u00fckemmeldir.<\/p>\n<\/li>\n<li data-start=\"692\" data-end=\"790\">\n<p data-start=\"694\" data-end=\"790\"><strong data-start=\"694\" data-end=\"716\">Geni\u015f A\u011f\u0131z A\u00e7\u0131kl\u0131\u011f\u0131<\/strong>: Meyve, \u00e7ay veya buz k\u00fcpleri eklemek ve iyice temizlemek kolayd\u0131r.<\/p>\n<\/li>\n<li data-start=\"791\" data-end=\"879\">\n<p data-start=\"793\" data-end=\"879\"><strong data-start=\"793\" data-end=\"810\">\u00c7ok Y\u00f6nl\u00fc Kullan\u0131m<\/strong>: Piknik, ofis, ev, a\u00e7\u0131k hava etkinlikleri ve hediye i\u00e7in idealdir.<\/p>\n<\/li>\n<\/ul>","protected":false},"excerpt":{"rendered":"<p>\u00d6zellikler: 1.1. Muhte\u015fem \u00e7ok renkli neopren k\u0131l\u0131flara sahip cam su \u015fi\u015fesi.<br \/>\nHer bir kol tekrar kullan\u0131labilir, y\u0131kanabilir.<br \/>\n2.<br \/>\nBu cam su \u015fi\u015fesi buzdolab\u0131na, beslenme \u00e7antas\u0131na veya araba bardak tutucusuna rahatl\u0131kla s\u0131\u011far ve yo\u011fun hayat\u0131n\u0131z i\u00e7in m\u00fckemmel bir arkada\u015ft\u0131r.<br \/>\nMeyve suyu \u015fi\u015feleri veya kombucha \u015fi\u015feleri olarak kullan\u0131ma uygundur.<br \/>\n3.<br \/>\nKal\u0131n borosilikat camdan ve 304 paslanmaz \u00e7elik kapaktan \u00fcretilen bu \u015f\u0131k ve ince \u015fi\u015fe BPA ve kur\u015fun i\u00e7ermez\u2026<\/p>","protected":false},"featured_media":16629,"comment_status":"open","ping_status":"closed","template":"","meta":{"_acf_changed":false},"product_brand":[],"product_cat":[310],"product_tag":[588],"class_list":{"0":"post-7561","1":"product","2":"type-product","3":"status-publish","4":"has-post-thumbnail","6":"product_cat-glass-water-bottle","7":"product_tag-borosilicate-glass-water-bottle","9":"first","10":"instock","11":"shipping-taxable","12":"product-type-simple"},"acf":[],"yoast_head":"<!-- This site is optimized with the Yoast SEO Premium plugin v27.5 (Yoast SEO v27.5) - https:\/\/yoast.com\/product\/yoast-seo-premium-wordpress\/ -->\n<title>Panda Glass Water Bottle - Diller Water Bottle Manufacturer<\/title>\n<meta name=\"description\" content=\"The DILLER Panda Glass Bottle features an adorable panda design, making hydration both healthy and fun. Made from high borosilicate glass, it is eco-friendly, odor-free, and safe for both hot and cold beverages.\" \/>\n<meta name=\"robots\" content=\"index, follow, max-snippet:-1, max-image-preview:large, max-video-preview:-1\" \/>\n<link rel=\"canonical\" href=\"https:\/\/www.dillerbottle.com\/tr\/urunler\/panda-cam-su-si\u0307sesi\u0307\" \/>\n<meta property=\"og:locale\" content=\"tr_TR\" \/>\n<meta property=\"og:type\" content=\"article\" \/>\n<meta property=\"og:title\" content=\"Panda Glass Water Bottle\" \/>\n<meta property=\"og:description\" content=\"The DILLER Panda Glass Bottle features an adorable panda design, making hydration both healthy and fun. Made from high borosilicate glass, it is eco-friendly, odor-free, and safe for both hot and cold beverages.\" \/>\n<meta property=\"og:url\" content=\"https:\/\/www.dillerbottle.com\/tr\/urunler\/panda-cam-su-si\u0307sesi\u0307\" \/>\n<meta property=\"og:site_name\" content=\"Diller Water Bottle Manufacturer\" \/>\n<meta property=\"article:modified_time\" content=\"2026-02-11T02:27:41+00:00\" \/>\n<meta property=\"og:image\" content=\"https:\/\/www.dillerbottle.com\/wp-content\/uploads\/2024\/09\/glass-water-bottle-with-neoprene-sleeve-399mlh585-1.jpg\" \/>\n\t<meta property=\"og:image:width\" content=\"800\" \/>\n\t<meta property=\"og:image:height\" content=\"800\" \/>\n\t<meta property=\"og:image:type\" content=\"image\/jpeg\" \/>\n<meta name=\"twitter:card\" content=\"summary_large_image\" \/>\n<meta name=\"twitter:label1\" content=\"Tahmini okuma s\u00fcresi\" \/>\n\t<meta name=\"twitter:data1\" content=\"1 dakika\" \/>\n<script type=\"application\/ld+json\" class=\"yoast-schema-graph\">{\"@context\":\"https:\\\/\\\/schema.org\",\"@graph\":[{\"@type\":\"WebPage\",\"@id\":\"https:\\\/\\\/www.dillerbottle.com\\\/products\\\/panda-glass-water-bottle\",\"url\":\"https:\\\/\\\/www.dillerbottle.com\\\/products\\\/panda-glass-water-bottle\",\"name\":\"Panda Glass Water Bottle - Diller Water Bottle Manufacturer\",\"isPartOf\":{\"@id\":\"https:\\\/\\\/www.dillerbottle.com\\\/#website\"},\"primaryImageOfPage\":{\"@id\":\"https:\\\/\\\/www.dillerbottle.com\\\/products\\\/panda-glass-water-bottle#primaryimage\"},\"image\":{\"@id\":\"https:\\\/\\\/www.dillerbottle.com\\\/products\\\/panda-glass-water-bottle#primaryimage\"},\"thumbnailUrl\":\"https:\\\/\\\/www.dillerbottle.com\\\/wp-content\\\/uploads\\\/2024\\\/09\\\/glass-water-bottle-with-neoprene-sleeve-399mlh585-1.jpg\",\"datePublished\":\"2024-09-29T02:00:54+00:00\",\"dateModified\":\"2026-02-11T02:27:41+00:00\",\"description\":\"The DILLER Panda Glass Bottle features an adorable panda design, making hydration both healthy and fun. Made from high borosilicate glass, it is eco-friendly, odor-free, and safe for both hot and cold beverages.\",\"breadcrumb\":{\"@id\":\"https:\\\/\\\/www.dillerbottle.com\\\/products\\\/panda-glass-water-bottle#breadcrumb\"},\"inLanguage\":\"tr\",\"potentialAction\":[{\"@type\":\"ReadAction\",\"target\":[\"https:\\\/\\\/www.dillerbottle.com\\\/products\\\/panda-glass-water-bottle\"]}]},{\"@type\":\"ImageObject\",\"inLanguage\":\"tr\",\"@id\":\"https:\\\/\\\/www.dillerbottle.com\\\/products\\\/panda-glass-water-bottle#primaryimage\",\"url\":\"https:\\\/\\\/www.dillerbottle.com\\\/wp-content\\\/uploads\\\/2024\\\/09\\\/glass-water-bottle-with-neoprene-sleeve-399mlh585-1.jpg\",\"contentUrl\":\"https:\\\/\\\/www.dillerbottle.com\\\/wp-content\\\/uploads\\\/2024\\\/09\\\/glass-water-bottle-with-neoprene-sleeve-399mlh585-1.jpg\",\"width\":800,\"height\":800},{\"@type\":\"BreadcrumbList\",\"@id\":\"https:\\\/\\\/www.dillerbottle.com\\\/products\\\/panda-glass-water-bottle#breadcrumb\",\"itemListElement\":[{\"@type\":\"ListItem\",\"position\":1,\"name\":\"Home\",\"item\":\"https:\\\/\\\/www.dillerbottle.com\\\/\"},{\"@type\":\"ListItem\",\"position\":2,\"name\":\"Products\",\"item\":\"https:\\\/\\\/www.dillerbottle.com\\\/shop\"},{\"@type\":\"ListItem\",\"position\":3,\"name\":\"Panda Glass Water Bottle\"}]},{\"@type\":\"WebSite\",\"@id\":\"https:\\\/\\\/www.dillerbottle.com\\\/#website\",\"url\":\"https:\\\/\\\/www.dillerbottle.com\\\/\",\"name\":\"Diller Water Bottle Manufacturer\",\"description\":\"Water Bottle Manufacturer\",\"publisher\":{\"@id\":\"https:\\\/\\\/www.dillerbottle.com\\\/#organization\"},\"potentialAction\":[{\"@type\":\"SearchAction\",\"target\":{\"@type\":\"EntryPoint\",\"urlTemplate\":\"https:\\\/\\\/www.dillerbottle.com\\\/?s={search_term_string}\"},\"query-input\":{\"@type\":\"PropertyValueSpecification\",\"valueRequired\":true,\"valueName\":\"search_term_string\"}}],\"inLanguage\":\"tr\"},{\"@type\":\"Organization\",\"@id\":\"https:\\\/\\\/www.dillerbottle.com\\\/#organization\",\"name\":\"Diller Water Bottle Manufacturer\",\"url\":\"https:\\\/\\\/www.dillerbottle.com\\\/\",\"logo\":{\"@type\":\"ImageObject\",\"inLanguage\":\"tr\",\"@id\":\"https:\\\/\\\/www.dillerbottle.com\\\/#\\\/schema\\\/logo\\\/image\\\/\",\"url\":\"https:\\\/\\\/www.dillerbottle.com\\\/wp-content\\\/uploads\\\/2024\\\/09\\\/49918bfa848dcc1e9f8b509933603ac.png\",\"contentUrl\":\"https:\\\/\\\/www.dillerbottle.com\\\/wp-content\\\/uploads\\\/2024\\\/09\\\/49918bfa848dcc1e9f8b509933603ac.png\",\"width\":988,\"height\":198,\"caption\":\"Diller Water Bottle Manufacturer\"},\"image\":{\"@id\":\"https:\\\/\\\/www.dillerbottle.com\\\/#\\\/schema\\\/logo\\\/image\\\/\"}}]}<\/script>\n<!-- \/ Yoast SEO Premium plugin. -->","yoast_head_json":{"title":"Panda Cam Su \u015ei\u015fesi - Diller Su \u015ei\u015fesi \u00dcreticisi","description":"DILLER Panda Cam \u015ei\u015fe, sevimli bir panda tasar\u0131m\u0131na sahiptir ve hidrasyonu hem sa\u011fl\u0131kl\u0131 hem de e\u011flenceli hale getirir. Y\u00fcksek borosilikat camdan \u00fcretilmi\u015ftir, \u00e7evre dostudur, koku yapmaz ve hem s\u0131cak hem de so\u011fuk i\u00e7ecekler i\u00e7in g\u00fcvenlidir.","robots":{"index":"index","follow":"follow","max-snippet":"max-snippet:-1","max-image-preview":"max-image-preview:large","max-video-preview":"max-video-preview:-1"},"canonical":"https:\/\/www.dillerbottle.com\/tr\/urunler\/panda-cam-su-si\u0307sesi\u0307","og_locale":"tr_TR","og_type":"article","og_title":"Panda Glass Water Bottle","og_description":"The DILLER Panda Glass Bottle features an adorable panda design, making hydration both healthy and fun. Made from high borosilicate glass, it is eco-friendly, odor-free, and safe for both hot and cold beverages.","og_url":"https:\/\/www.dillerbottle.com\/tr\/urunler\/panda-cam-su-si\u0307sesi\u0307","og_site_name":"Diller Water Bottle Manufacturer","article_modified_time":"2026-02-11T02:27:41+00:00","og_image":[{"width":800,"height":800,"url":"https:\/\/www.dillerbottle.com\/wp-content\/uploads\/2024\/09\/glass-water-bottle-with-neoprene-sleeve-399mlh585-1.jpg","type":"image\/jpeg"}],"twitter_card":"summary_large_image","twitter_misc":{"Tahmini okuma s\u00fcresi":"1 dakika"},"schema":{"@context":"https:\/\/schema.org","@graph":[{"@type":"WebPage","@id":"https:\/\/www.dillerbottle.com\/products\/panda-glass-water-bottle","url":"https:\/\/www.dillerbottle.com\/products\/panda-glass-water-bottle","name":"Panda Cam Su \u015ei\u015fesi - Diller Su \u015ei\u015fesi \u00dcreticisi","isPartOf":{"@id":"https:\/\/www.dillerbottle.com\/#website"},"primaryImageOfPage":{"@id":"https:\/\/www.dillerbottle.com\/products\/panda-glass-water-bottle#primaryimage"},"image":{"@id":"https:\/\/www.dillerbottle.com\/products\/panda-glass-water-bottle#primaryimage"},"thumbnailUrl":"https:\/\/www.dillerbottle.com\/wp-content\/uploads\/2024\/09\/glass-water-bottle-with-neoprene-sleeve-399mlh585-1.jpg","datePublished":"2024-09-29T02:00:54+00:00","dateModified":"2026-02-11T02:27:41+00:00","description":"DILLER Panda Cam \u015ei\u015fe, sevimli bir panda tasar\u0131m\u0131na sahiptir ve hidrasyonu hem sa\u011fl\u0131kl\u0131 hem de e\u011flenceli hale getirir. Y\u00fcksek borosilikat camdan \u00fcretilmi\u015ftir, \u00e7evre dostudur, koku yapmaz ve hem s\u0131cak hem de so\u011fuk i\u00e7ecekler i\u00e7in g\u00fcvenlidir.","breadcrumb":{"@id":"https:\/\/www.dillerbottle.com\/products\/panda-glass-water-bottle#breadcrumb"},"inLanguage":"tr","potentialAction":[{"@type":"ReadAction","target":["https:\/\/www.dillerbottle.com\/products\/panda-glass-water-bottle"]}]},{"@type":"ImageObject","inLanguage":"tr","@id":"https:\/\/www.dillerbottle.com\/products\/panda-glass-water-bottle#primaryimage","url":"https:\/\/www.dillerbottle.com\/wp-content\/uploads\/2024\/09\/glass-water-bottle-with-neoprene-sleeve-399mlh585-1.jpg","contentUrl":"https:\/\/www.dillerbottle.com\/wp-content\/uploads\/2024\/09\/glass-water-bottle-with-neoprene-sleeve-399mlh585-1.jpg","width":800,"height":800},{"@type":"BreadcrumbList","@id":"https:\/\/www.dillerbottle.com\/products\/panda-glass-water-bottle#breadcrumb","itemListElement":[{"@type":"ListItem","position":1,"name":"Home","item":"https:\/\/www.dillerbottle.com\/"},{"@type":"ListItem","position":2,"name":"Products","item":"https:\/\/www.dillerbottle.com\/shop"},{"@type":"ListItem","position":3,"name":"Panda Glass Water Bottle"}]},{"@type":"WebSite","@id":"https:\/\/www.dillerbottle.com\/#website","url":"https:\/\/www.dillerbottle.com\/","name":"Diller Su \u015ei\u015fesi \u00dcreticisi","description":"Su \u015ei\u015fesi \u00dcreticisi","publisher":{"@id":"https:\/\/www.dillerbottle.com\/#organization"},"potentialAction":[{"@type":"SearchAction","target":{"@type":"EntryPoint","urlTemplate":"https:\/\/www.dillerbottle.com\/?s={search_term_string}"},"query-input":{"@type":"PropertyValueSpecification","valueRequired":true,"valueName":"search_term_string"}}],"inLanguage":"tr"},{"@type":"Organization","@id":"https:\/\/www.dillerbottle.com\/#organization","name":"Diller Su \u015ei\u015fesi \u00dcreticisi","url":"https:\/\/www.dillerbottle.com\/","logo":{"@type":"ImageObject","inLanguage":"tr","@id":"https:\/\/www.dillerbottle.com\/#\/schema\/logo\/image\/","url":"https:\/\/www.dillerbottle.com\/wp-content\/uploads\/2024\/09\/49918bfa848dcc1e9f8b509933603ac.png","contentUrl":"https:\/\/www.dillerbottle.com\/wp-content\/uploads\/2024\/09\/49918bfa848dcc1e9f8b509933603ac.png","width":988,"height":198,"caption":"Diller Water Bottle Manufacturer"},"image":{"@id":"https:\/\/www.dillerbottle.com\/#\/schema\/logo\/image\/"}}]}},"_links":{"self":[{"href":"https:\/\/www.dillerbottle.com\/tr\/wp-json\/wp\/v2\/product\/7561","targetHints":{"allow":["GET"]}}],"collection":[{"href":"https:\/\/www.dillerbottle.com\/tr\/wp-json\/wp\/v2\/product"}],"about":[{"href":"https:\/\/www.dillerbottle.com\/tr\/wp-json\/wp\/v2\/types\/product"}],"replies":[{"embeddable":true,"href":"https:\/\/www.dillerbottle.com\/tr\/wp-json\/wp\/v2\/comments?post=7561"}],"wp:featuredmedia":[{"embeddable":true,"href":"https:\/\/www.dillerbottle.com\/tr\/wp-json\/wp\/v2\/media\/16629"}],"wp:attachment":[{"href":"https:\/\/www.dillerbottle.com\/tr\/wp-json\/wp\/v2\/media?parent=7561"}],"wp:term":[{"taxonomy":"product_brand","embeddable":true,"href":"https:\/\/www.dillerbottle.com\/tr\/wp-json\/wp\/v2\/product_brand?post=7561"},{"taxonomy":"product_cat","embeddable":true,"href":"https:\/\/www.dillerbottle.com\/tr\/wp-json\/wp\/v2\/product_cat?post=7561"},{"taxonomy":"product_tag","embeddable":true,"href":"https:\/\/www.dillerbottle.com\/tr\/wp-json\/wp\/v2\/product_tag?post=7561"}],"curies":[{"name":"wp","href":"https:\/\/api.w.org\/{rel}","templated":true}]}}