{"id":7604,"date":"2024-09-29T10:01:18","date_gmt":"2024-09-29T02:01:18","guid":{"rendered":"https:\/\/demo.dillerbottle.com\/uncategorized\/glass-water-bottle-with-rubber-cover"},"modified":"2025-07-09T16:40:45","modified_gmt":"2025-07-09T08:40:45","slug":"kaucuk-kapakli-cam-su-sisesi","status":"publish","type":"product","link":"https:\/\/www.dillerbottle.com\/tr\/products\/glass-water-bottle-with-rubber-cover","title":{"rendered":"Kau\u00e7uk Kapakl\u0131 Cam Su \u015ei\u015fesi"},"content":{"rendered":"<p>1. Y\u00fcksek Dayan\u0131kl\u0131l\u0131k. K\u0131r\u0131lmaya dayan\u0131kl\u0131 ve -20\u2103 ila 120\u2103 aras\u0131ndaki s\u0131cakl\u0131klara dayanabilen dayan\u0131kl\u0131 borosilikat camdan yap\u0131lm\u0131\u015ft\u0131r.<br \/>\n2. \u015e\u0131k ve \u0130\u015flevsel Kapak. Do\u011fal bambu bambu kapak sadece \u015f\u0131k ve i\u015flevsel de\u011fil ayn\u0131 zamanda \u00e7evre dostudur. Silikon conta \u015fi\u015fenin \u00fcst\u00fcne kapat\u0131ld\u0131\u011f\u0131nda s\u0131zd\u0131rmaz bir bariyer olu\u015fturdu\u011fundan s\u0131z\u0131nt\u0131lar konusunda asla endi\u015felenmeyin.<br \/>\n3. Seyahat i\u00e7in harika. Bu cam su \u015fi\u015fesi, d\u00f6k\u00fclmeden i\u00e7mek i\u00e7in en iyi a\u011f\u0131z boyutuna sahiptir ve tutmak i\u00e7in m\u00fckemmel bir \u015fekilde \u015fekillendirilmi\u015ftir. Seyahat ederken kullan\u0131m kolayl\u0131\u011f\u0131 i\u00e7in \u00e7o\u011fu s\u0131rt \u00e7antas\u0131, araba ve ko\u015fu arabas\u0131 bardak tutucusuna uyar.<br \/>\n4.Rahat ve koruyucu k\u0131l\u0131f. Silikon k\u0131l\u0131f rahat kaymaz bir tutu\u015f ve renkli bir ekstra koruma katman\u0131 sa\u011flar.5.\u00c7evre Dostu, 100% BPA \u0130\u00e7ermez. Bula\u015f\u0131k makinesinde y\u0131kanabilir.<\/p>","protected":false},"excerpt":{"rendered":"<p>\u00d6zellikler: 1.Y\u00fcksek Mukavemet.<br \/>\nK\u0131r\u0131lmaya dayan\u0131kl\u0131 ve -20\u2103 ile 120\u2103 aras\u0131ndaki s\u0131cakl\u0131klara dayan\u0131kl\u0131 dayan\u0131kl\u0131 borosilikat camdan \u00fcretilmi\u015ftir.<br \/>\n2.\u015e\u0131k ve Fonksiyonel Kapak.<br \/>\nDo\u011fal bambu kapak hem \u015f\u0131k ve i\u015flevsel hem de \u00e7evre dostudur.<br \/>\n\u015ei\u015fenin \u00fcst\u00fcne yerle\u015ftirilen silikon conta, kapat\u0131ld\u0131\u011f\u0131nda s\u0131zd\u0131rmaz bir bariyer olu\u015fturdu\u011fundan s\u0131z\u0131nt\u0131 konusunda asla endi\u015felenmeyin.<br \/>\n3. Seyahat i\u00e7in harika.<br \/>\nBu \u015fi\u015fe, d\u00f6k\u00fclmeden i\u00e7mek i\u00e7in en iyi a\u011f\u0131z boyutuna sahiptir ve tutmak i\u00e7in m\u00fckemmel bir \u015fekilde \u015fekillendirilmi\u015ftir.<br \/>\nSeyahat ederken kullan\u0131m kolayl\u0131\u011f\u0131 i\u00e7in \u00e7o\u011fu s\u0131rt \u00e7antas\u0131, araba ve ko\u015fu arabas\u0131 bardak tutucusuna uyar\u2026.<\/p>","protected":false},"featured_media":7605,"comment_status":"open","ping_status":"closed","template":"","meta":{"_acf_changed":false},"product_brand":[],"product_cat":[310],"product_tag":[32,36,33,31,542,39,614,659,597,38,604,29,37,34,35,28,514,578,30],"class_list":{"0":"post-7604","1":"product","2":"type-product","3":"status-publish","4":"has-post-thumbnail","6":"product_cat-glass-water-bottle","7":"product_tag-best","8":"product_tag-bulk","9":"product_tag-buy","10":"product_tag-custom","11":"product_tag-double-wall-glass-water-bottle-with-tea-infuser","12":"product_tag-for-sale","13":"product_tag-glass-water-bottle-with-infuser","14":"product_tag-glass-water-bottle-with-rubber-cover","15":"product_tag-glass-water-bottle-with-time-marker","16":"product_tag-good-quality","17":"product_tag-logo-water-bottle","18":"product_tag-manufacturers","19":"product_tag-manufacturing","20":"product_tag-price","21":"product_tag-small","22":"product_tag-suppliers","23":"product_tag-time-marker-water-bottle","24":"product_tag-water-bottle-gift-promotional","25":"product_tag-wholesale","27":"first","28":"instock","29":"shipping-taxable","30":"product-type-simple"},"acf":[],"yoast_head":"<!-- This site is optimized with the Yoast SEO Premium plugin v27.5 (Yoast SEO v27.5) - https:\/\/yoast.com\/product\/yoast-seo-premium-wordpress\/ -->\n<title>Glass Water Bottle with Rubber Cover - Diller Water Bottle Manufacturer<\/title>\n<meta name=\"description\" content=\"As one of the best glass water bottle with rubber cover manufacturers and suppliers, we are engaged in manufacturing good quality water bottles. We warmly welcome you to wholesale or buy custom made glass water bottle with rubber cover at competitive price from us. Also, small quantity orders are acceptable.\" \/>\n<meta name=\"robots\" content=\"index, follow, max-snippet:-1, max-image-preview:large, max-video-preview:-1\" \/>\n<link rel=\"canonical\" href=\"https:\/\/www.dillerbottle.com\/tr\/urunler\/kaucuk-kapakli-cam-su-sisesi\" \/>\n<meta property=\"og:locale\" content=\"tr_TR\" \/>\n<meta property=\"og:type\" content=\"article\" \/>\n<meta property=\"og:title\" content=\"Glass Water Bottle with Rubber Cover\" \/>\n<meta property=\"og:description\" content=\"As one of the best glass water bottle with rubber cover manufacturers and suppliers, we are engaged in manufacturing good quality water bottles. We warmly welcome you to wholesale or buy custom made glass water bottle with rubber cover at competitive price from us. Also, small quantity orders are acceptable.\" \/>\n<meta property=\"og:url\" content=\"https:\/\/www.dillerbottle.com\/tr\/urunler\/kaucuk-kapakli-cam-su-sisesi\" \/>\n<meta property=\"og:site_name\" content=\"Diller Water Bottle Manufacturer\" \/>\n<meta property=\"article:modified_time\" content=\"2025-07-09T08:40:45+00:00\" \/>\n<meta property=\"og:image\" content=\"https:\/\/www.dillerbottle.com\/wp-content\/uploads\/2024\/09\/glass-water-bottle-with-rubber-cover05597688521.jpg\" \/>\n\t<meta property=\"og:image:width\" content=\"730\" \/>\n\t<meta property=\"og:image:height\" content=\"730\" \/>\n\t<meta property=\"og:image:type\" content=\"image\/jpeg\" \/>\n<meta name=\"twitter:card\" content=\"summary_large_image\" \/>\n<meta name=\"twitter:label1\" content=\"Tahmini okuma s\u00fcresi\" \/>\n\t<meta name=\"twitter:data1\" content=\"2 dakika\" \/>\n<script type=\"application\/ld+json\" class=\"yoast-schema-graph\">{\"@context\":\"https:\\\/\\\/schema.org\",\"@graph\":[{\"@type\":\"WebPage\",\"@id\":\"https:\\\/\\\/www.dillerbottle.com\\\/nl\\\/producten\\\/glazen-waterfles-met-rubberen-dop\",\"url\":\"https:\\\/\\\/www.dillerbottle.com\\\/nl\\\/producten\\\/glazen-waterfles-met-rubberen-dop\",\"name\":\"Glass Water Bottle with Rubber Cover - Diller Water Bottle Manufacturer\",\"isPartOf\":{\"@id\":\"https:\\\/\\\/www.dillerbottle.com\\\/#website\"},\"primaryImageOfPage\":{\"@id\":\"https:\\\/\\\/www.dillerbottle.com\\\/nl\\\/producten\\\/glazen-waterfles-met-rubberen-dop#primaryimage\"},\"image\":{\"@id\":\"https:\\\/\\\/www.dillerbottle.com\\\/nl\\\/producten\\\/glazen-waterfles-met-rubberen-dop#primaryimage\"},\"thumbnailUrl\":\"https:\\\/\\\/www.dillerbottle.com\\\/wp-content\\\/uploads\\\/2024\\\/09\\\/glass-water-bottle-with-rubber-cover05597688521.jpg\",\"datePublished\":\"2024-09-29T02:01:18+00:00\",\"dateModified\":\"2025-07-09T08:40:45+00:00\",\"description\":\"As one of the best glass water bottle with rubber cover manufacturers and suppliers, we are engaged in manufacturing good quality water bottles. We warmly welcome you to wholesale or buy custom made glass water bottle with rubber cover at competitive price from us. Also, small quantity orders are acceptable.\",\"breadcrumb\":{\"@id\":\"https:\\\/\\\/www.dillerbottle.com\\\/nl\\\/producten\\\/glazen-waterfles-met-rubberen-dop#breadcrumb\"},\"inLanguage\":\"tr\",\"potentialAction\":[{\"@type\":\"ReadAction\",\"target\":[\"https:\\\/\\\/www.dillerbottle.com\\\/nl\\\/producten\\\/glazen-waterfles-met-rubberen-dop\"]}]},{\"@type\":\"ImageObject\",\"inLanguage\":\"tr\",\"@id\":\"https:\\\/\\\/www.dillerbottle.com\\\/nl\\\/producten\\\/glazen-waterfles-met-rubberen-dop#primaryimage\",\"url\":\"https:\\\/\\\/www.dillerbottle.com\\\/wp-content\\\/uploads\\\/2024\\\/09\\\/glass-water-bottle-with-rubber-cover05597688521.jpg\",\"contentUrl\":\"https:\\\/\\\/www.dillerbottle.com\\\/wp-content\\\/uploads\\\/2024\\\/09\\\/glass-water-bottle-with-rubber-cover05597688521.jpg\",\"width\":730,\"height\":730},{\"@type\":\"BreadcrumbList\",\"@id\":\"https:\\\/\\\/www.dillerbottle.com\\\/nl\\\/producten\\\/glazen-waterfles-met-rubberen-dop#breadcrumb\",\"itemListElement\":[{\"@type\":\"ListItem\",\"position\":1,\"name\":\"Home\",\"item\":\"https:\\\/\\\/www.dillerbottle.com\\\/\"},{\"@type\":\"ListItem\",\"position\":2,\"name\":\"Products\",\"item\":\"https:\\\/\\\/www.dillerbottle.com\\\/shop\"},{\"@type\":\"ListItem\",\"position\":3,\"name\":\"Glass Water Bottle with Rubber Cover\"}]},{\"@type\":\"WebSite\",\"@id\":\"https:\\\/\\\/www.dillerbottle.com\\\/#website\",\"url\":\"https:\\\/\\\/www.dillerbottle.com\\\/\",\"name\":\"Diller Water Bottle Manufacturer\",\"description\":\"Water Bottle Manufacturer\",\"publisher\":{\"@id\":\"https:\\\/\\\/www.dillerbottle.com\\\/#organization\"},\"potentialAction\":[{\"@type\":\"SearchAction\",\"target\":{\"@type\":\"EntryPoint\",\"urlTemplate\":\"https:\\\/\\\/www.dillerbottle.com\\\/?s={search_term_string}\"},\"query-input\":{\"@type\":\"PropertyValueSpecification\",\"valueRequired\":true,\"valueName\":\"search_term_string\"}}],\"inLanguage\":\"tr\"},{\"@type\":\"Organization\",\"@id\":\"https:\\\/\\\/www.dillerbottle.com\\\/#organization\",\"name\":\"Diller Water Bottle Manufacturer\",\"url\":\"https:\\\/\\\/www.dillerbottle.com\\\/\",\"logo\":{\"@type\":\"ImageObject\",\"inLanguage\":\"tr\",\"@id\":\"https:\\\/\\\/www.dillerbottle.com\\\/#\\\/schema\\\/logo\\\/image\\\/\",\"url\":\"https:\\\/\\\/www.dillerbottle.com\\\/wp-content\\\/uploads\\\/2024\\\/09\\\/49918bfa848dcc1e9f8b509933603ac.png\",\"contentUrl\":\"https:\\\/\\\/www.dillerbottle.com\\\/wp-content\\\/uploads\\\/2024\\\/09\\\/49918bfa848dcc1e9f8b509933603ac.png\",\"width\":988,\"height\":198,\"caption\":\"Diller Water Bottle Manufacturer\"},\"image\":{\"@id\":\"https:\\\/\\\/www.dillerbottle.com\\\/#\\\/schema\\\/logo\\\/image\\\/\"}}]}<\/script>\n<!-- \/ Yoast SEO Premium plugin. -->","yoast_head_json":{"title":"Kau\u00e7uk Kapakl\u0131 Cam Su \u015ei\u015fesi - Diller Su \u015ei\u015fesi \u00dcreticisi","description":"En iyi kau\u00e7uk kapakl\u0131 cam su \u015fi\u015fesi \u00fcreticilerinden ve tedarik\u00e7ilerinden biri olarak, kaliteli su \u015fi\u015feleri \u00fcretiyoruz. Rekabet\u00e7i fiyatlarla kau\u00e7uk kapakl\u0131 \u00f6zel yap\u0131m cam su \u015fi\u015fesini toptan olarak veya bizden sat\u0131n alman\u0131z\u0131 i\u00e7tenlikle bekliyoruz. Ayr\u0131ca, k\u00fc\u00e7\u00fck miktardaki sipari\u015fler de kabul edilebilir.","robots":{"index":"index","follow":"follow","max-snippet":"max-snippet:-1","max-image-preview":"max-image-preview:large","max-video-preview":"max-video-preview:-1"},"canonical":"https:\/\/www.dillerbottle.com\/tr\/urunler\/kaucuk-kapakli-cam-su-sisesi","og_locale":"tr_TR","og_type":"article","og_title":"Glass Water Bottle with Rubber Cover","og_description":"As one of the best glass water bottle with rubber cover manufacturers and suppliers, we are engaged in manufacturing good quality water bottles. We warmly welcome you to wholesale or buy custom made glass water bottle with rubber cover at competitive price from us. Also, small quantity orders are acceptable.","og_url":"https:\/\/www.dillerbottle.com\/tr\/urunler\/kaucuk-kapakli-cam-su-sisesi","og_site_name":"Diller Water Bottle Manufacturer","article_modified_time":"2025-07-09T08:40:45+00:00","og_image":[{"width":730,"height":730,"url":"https:\/\/www.dillerbottle.com\/wp-content\/uploads\/2024\/09\/glass-water-bottle-with-rubber-cover05597688521.jpg","type":"image\/jpeg"}],"twitter_card":"summary_large_image","twitter_misc":{"Tahmini okuma s\u00fcresi":"2 dakika"},"schema":{"@context":"https:\/\/schema.org","@graph":[{"@type":"WebPage","@id":"https:\/\/www.dillerbottle.com\/nl\/producten\/glazen-waterfles-met-rubberen-dop","url":"https:\/\/www.dillerbottle.com\/nl\/producten\/glazen-waterfles-met-rubberen-dop","name":"Kau\u00e7uk Kapakl\u0131 Cam Su \u015ei\u015fesi - Diller Su \u015ei\u015fesi \u00dcreticisi","isPartOf":{"@id":"https:\/\/www.dillerbottle.com\/#website"},"primaryImageOfPage":{"@id":"https:\/\/www.dillerbottle.com\/nl\/producten\/glazen-waterfles-met-rubberen-dop#primaryimage"},"image":{"@id":"https:\/\/www.dillerbottle.com\/nl\/producten\/glazen-waterfles-met-rubberen-dop#primaryimage"},"thumbnailUrl":"https:\/\/www.dillerbottle.com\/wp-content\/uploads\/2024\/09\/glass-water-bottle-with-rubber-cover05597688521.jpg","datePublished":"2024-09-29T02:01:18+00:00","dateModified":"2025-07-09T08:40:45+00:00","description":"En iyi kau\u00e7uk kapakl\u0131 cam su \u015fi\u015fesi \u00fcreticilerinden ve tedarik\u00e7ilerinden biri olarak, kaliteli su \u015fi\u015feleri \u00fcretiyoruz. Rekabet\u00e7i fiyatlarla kau\u00e7uk kapakl\u0131 \u00f6zel yap\u0131m cam su \u015fi\u015fesini toptan olarak veya bizden sat\u0131n alman\u0131z\u0131 i\u00e7tenlikle bekliyoruz. Ayr\u0131ca, k\u00fc\u00e7\u00fck miktardaki sipari\u015fler de kabul edilebilir.","breadcrumb":{"@id":"https:\/\/www.dillerbottle.com\/nl\/producten\/glazen-waterfles-met-rubberen-dop#breadcrumb"},"inLanguage":"tr","potentialAction":[{"@type":"ReadAction","target":["https:\/\/www.dillerbottle.com\/nl\/producten\/glazen-waterfles-met-rubberen-dop"]}]},{"@type":"ImageObject","inLanguage":"tr","@id":"https:\/\/www.dillerbottle.com\/nl\/producten\/glazen-waterfles-met-rubberen-dop#primaryimage","url":"https:\/\/www.dillerbottle.com\/wp-content\/uploads\/2024\/09\/glass-water-bottle-with-rubber-cover05597688521.jpg","contentUrl":"https:\/\/www.dillerbottle.com\/wp-content\/uploads\/2024\/09\/glass-water-bottle-with-rubber-cover05597688521.jpg","width":730,"height":730},{"@type":"BreadcrumbList","@id":"https:\/\/www.dillerbottle.com\/nl\/producten\/glazen-waterfles-met-rubberen-dop#breadcrumb","itemListElement":[{"@type":"ListItem","position":1,"name":"Home","item":"https:\/\/www.dillerbottle.com\/"},{"@type":"ListItem","position":2,"name":"Products","item":"https:\/\/www.dillerbottle.com\/shop"},{"@type":"ListItem","position":3,"name":"Glass Water Bottle with Rubber Cover"}]},{"@type":"WebSite","@id":"https:\/\/www.dillerbottle.com\/#website","url":"https:\/\/www.dillerbottle.com\/","name":"Diller Su \u015ei\u015fesi \u00dcreticisi","description":"Su \u015ei\u015fesi \u00dcreticisi","publisher":{"@id":"https:\/\/www.dillerbottle.com\/#organization"},"potentialAction":[{"@type":"SearchAction","target":{"@type":"EntryPoint","urlTemplate":"https:\/\/www.dillerbottle.com\/?s={search_term_string}"},"query-input":{"@type":"PropertyValueSpecification","valueRequired":true,"valueName":"search_term_string"}}],"inLanguage":"tr"},{"@type":"Organization","@id":"https:\/\/www.dillerbottle.com\/#organization","name":"Diller Su \u015ei\u015fesi \u00dcreticisi","url":"https:\/\/www.dillerbottle.com\/","logo":{"@type":"ImageObject","inLanguage":"tr","@id":"https:\/\/www.dillerbottle.com\/#\/schema\/logo\/image\/","url":"https:\/\/www.dillerbottle.com\/wp-content\/uploads\/2024\/09\/49918bfa848dcc1e9f8b509933603ac.png","contentUrl":"https:\/\/www.dillerbottle.com\/wp-content\/uploads\/2024\/09\/49918bfa848dcc1e9f8b509933603ac.png","width":988,"height":198,"caption":"Diller Water Bottle Manufacturer"},"image":{"@id":"https:\/\/www.dillerbottle.com\/#\/schema\/logo\/image\/"}}]}},"_links":{"self":[{"href":"https:\/\/www.dillerbottle.com\/tr\/wp-json\/wp\/v2\/product\/7604","targetHints":{"allow":["GET"]}}],"collection":[{"href":"https:\/\/www.dillerbottle.com\/tr\/wp-json\/wp\/v2\/product"}],"about":[{"href":"https:\/\/www.dillerbottle.com\/tr\/wp-json\/wp\/v2\/types\/product"}],"replies":[{"embeddable":true,"href":"https:\/\/www.dillerbottle.com\/tr\/wp-json\/wp\/v2\/comments?post=7604"}],"wp:featuredmedia":[{"embeddable":true,"href":"https:\/\/www.dillerbottle.com\/tr\/wp-json\/wp\/v2\/media\/7605"}],"wp:attachment":[{"href":"https:\/\/www.dillerbottle.com\/tr\/wp-json\/wp\/v2\/media?parent=7604"}],"wp:term":[{"taxonomy":"product_brand","embeddable":true,"href":"https:\/\/www.dillerbottle.com\/tr\/wp-json\/wp\/v2\/product_brand?post=7604"},{"taxonomy":"product_cat","embeddable":true,"href":"https:\/\/www.dillerbottle.com\/tr\/wp-json\/wp\/v2\/product_cat?post=7604"},{"taxonomy":"product_tag","embeddable":true,"href":"https:\/\/www.dillerbottle.com\/tr\/wp-json\/wp\/v2\/product_tag?post=7604"}],"curies":[{"name":"wp","href":"https:\/\/api.w.org\/{rel}","templated":true}]}}