{"id":8093,"date":"2024-09-29T14:12:33","date_gmt":"2024-09-29T06:12:33","guid":{"rendered":"https:\/\/demo.dillerbottle.com\/products\/gradient-insulated-coffee-mug"},"modified":"2026-04-16T21:44:52","modified_gmt":"2026-04-16T13:44:52","slug":"degrade-yalitimli-kahve-kupasi","status":"publish","type":"product","link":"https:\/\/www.dillerbottle.com\/tr\/products\/gradient-insulated-coffee-mug","title":{"rendered":"Gradient Yal\u0131t\u0131ml\u0131 Kahve Kupas\u0131"},"content":{"rendered":"<p>1. Bu degrade yal\u0131t\u0131ml\u0131 kahve kupas\u0131, dayan\u0131kl\u0131 \u00e7ift duvarl\u0131 304 paslanmaz \u00e7elikten yap\u0131lm\u0131\u015ft\u0131r; Vakum yal\u0131t\u0131ml\u0131, yal\u0131t\u0131ml\u0131 kahve kupam\u0131z i\u00e7ecekleri 8 saate kadar s\u0131cak veya so\u011fuk tutabilir.<\/p>\n<p>2. S\u0131zd\u0131rmaz kapakl\u0131 kapak basit, g\u00fcvenli ve tek elle kullan\u0131m\u0131 kolayd\u0131r. Dar g\u00f6vde tasar\u0131m\u0131, al\u0131p gitmeyi kolayla\u015ft\u0131r\u0131r, ayr\u0131ca \u00e7o\u011fu ara\u00e7 bardak tutucusuna ve kahve makinesine uyar.<\/p>\n<p>3. Kaymay\u0131 \u00f6nlemek i\u00e7in e\u011fimli yal\u0131t\u0131ml\u0131 kahve kupas\u0131na kaymaz bir taban sa\u011flayan silikon taban. \u00c7\u0131kar\u0131labilir naylon iple donat\u0131lm\u0131\u015f su \u015fi\u015fesi, d\u0131\u015far\u0131 \u00e7\u0131karken ta\u015f\u0131nmas\u0131 daha uygundur.<\/p>","protected":false},"excerpt":{"rendered":"<p>Bu degrade yal\u0131t\u0131ml\u0131 kahve kupas\u0131 dayan\u0131kl\u0131 paslanmaz \u00e7elik ve g\u0131da s\u0131n\u0131f\u0131 malzemelerden \u00fcretilmi\u015ftir.<br \/>\nBu kupa, i\u00e7indekileri 6 saate kadar s\u0131cak veya buz gibi so\u011fuk tutabilir.<br \/>\nS\u0131zd\u0131rmaz kapakl\u0131 kapak, basit, g\u00fcvenli ve tek elle kolayca kullan\u0131labilir.<br \/>\nDar g\u00f6vde tasar\u0131m\u0131 sayesinde kolayca ta\u015f\u0131nabilir, ayr\u0131ca \u00e7o\u011fu ara\u00e7 bardak tutucusuna ve kahve makinesine uygundur.<br \/>\nOEM ve ODM kabul edilebilir.<br \/>\nKahve kupas\u0131n\u0131 ihtiya\u00e7lar\u0131n\u0131za g\u00f6re \u00f6zelle\u015ftirebiliriz.<br \/>\nToptan sat\u0131n almaya ho\u015f geldiniz, hemen soru\u015fturma g\u00f6nderin!<\/p>","protected":false},"featured_media":12471,"comment_status":"open","ping_status":"closed","template":"","meta":{"_acf_changed":false},"product_brand":[],"product_cat":[18],"product_tag":[721,32,36,33,31,39,38,720,527,110,29,37,523,34,35,556,28,30,722],"class_list":{"0":"post-8093","1":"product","2":"type-product","3":"status-publish","4":"has-post-thumbnail","6":"product_cat-insulated-water-bottle","7":"product_tag-500ml-water-bottle-with-straw","8":"product_tag-best","9":"product_tag-bulk","10":"product_tag-buy","11":"product_tag-custom","12":"product_tag-for-sale","13":"product_tag-good-quality","14":"product_tag-gradient-insulated-coffee-mug","15":"product_tag-hot-and-cold-water-bottle","16":"product_tag-insulated-water-bottle-eco-friendly-water-bottle","17":"product_tag-manufacturers","18":"product_tag-manufacturing","19":"product_tag-outdoor-water-bottle","20":"product_tag-price","21":"product_tag-small","22":"product_tag-smart-water-bottle","23":"product_tag-suppliers","24":"product_tag-wholesale","25":"product_tag-wholesale-water-bottle","27":"first","28":"instock","29":"featured","30":"shipping-taxable","31":"product-type-simple"},"acf":[],"yoast_head":"<!-- This site is optimized with the Yoast SEO Premium plugin v27.4 (Yoast SEO v27.4) - https:\/\/yoast.com\/product\/yoast-seo-premium-wordpress\/ -->\n<title>Gradient Insulated Coffee Mug - Diller Water Bottle Manufacturer<\/title>\n<meta name=\"description\" content=\"As one of the best gradient insulated coffee mug manufacturers and suppliers, we are engaged in manufacturing good quality water bottles. We warmly welcome you to wholesale or buy custom made gradient insulated coffee mug at competitive price from us. Also, small quantity orders are acceptable.\" \/>\n<meta name=\"robots\" content=\"index, follow, max-snippet:-1, max-image-preview:large, max-video-preview:-1\" \/>\n<link rel=\"canonical\" href=\"https:\/\/www.dillerbottle.com\/tr\/urunler\/degrade-yalitimli-kahve-kupasi\" \/>\n<meta property=\"og:locale\" content=\"tr_TR\" \/>\n<meta property=\"og:type\" content=\"article\" \/>\n<meta property=\"og:title\" content=\"Gradient Insulated Coffee Mug\" \/>\n<meta property=\"og:description\" content=\"As one of the best gradient insulated coffee mug manufacturers and suppliers, we are engaged in manufacturing good quality water bottles. We warmly welcome you to wholesale or buy custom made gradient insulated coffee mug at competitive price from us. Also, small quantity orders are acceptable.\" \/>\n<meta property=\"og:url\" content=\"https:\/\/www.dillerbottle.com\/tr\/urunler\/degrade-yalitimli-kahve-kupasi\" \/>\n<meta property=\"og:site_name\" content=\"Diller Water Bottle Manufacturer\" \/>\n<meta property=\"article:modified_time\" content=\"2026-04-16T13:44:52+00:00\" \/>\n<meta property=\"og:image\" content=\"https:\/\/www.dillerbottle.com\/wp-content\/uploads\/2024\/09\/gradient-insulated-coffee-mug-mlh9149--demain-00001.png\" \/>\n\t<meta property=\"og:image:width\" content=\"800\" \/>\n\t<meta property=\"og:image:height\" content=\"800\" \/>\n\t<meta property=\"og:image:type\" content=\"image\/png\" \/>\n<meta name=\"twitter:card\" content=\"summary_large_image\" \/>\n<meta name=\"twitter:label1\" content=\"Tahmini okuma s\u00fcresi\" \/>\n\t<meta name=\"twitter:data1\" content=\"6 dakika\" \/>\n<script type=\"application\/ld+json\" class=\"yoast-schema-graph\">{\"@context\":\"https:\\\/\\\/schema.org\",\"@graph\":[{\"@type\":\"WebPage\",\"@id\":\"https:\\\/\\\/www.dillerbottle.com\\\/pt\\\/produtos\\\/caneca-de-cafe-com-isolamento-gradiente\",\"url\":\"https:\\\/\\\/www.dillerbottle.com\\\/pt\\\/produtos\\\/caneca-de-cafe-com-isolamento-gradiente\",\"name\":\"Gradient Insulated Coffee Mug - Diller Water Bottle Manufacturer\",\"isPartOf\":{\"@id\":\"https:\\\/\\\/www.dillerbottle.com\\\/#website\"},\"primaryImageOfPage\":{\"@id\":\"https:\\\/\\\/www.dillerbottle.com\\\/pt\\\/produtos\\\/caneca-de-cafe-com-isolamento-gradiente#primaryimage\"},\"image\":{\"@id\":\"https:\\\/\\\/www.dillerbottle.com\\\/pt\\\/produtos\\\/caneca-de-cafe-com-isolamento-gradiente#primaryimage\"},\"thumbnailUrl\":\"https:\\\/\\\/www.dillerbottle.com\\\/wp-content\\\/uploads\\\/2024\\\/09\\\/gradient-insulated-coffee-mug-mlh9149--demain-00001.png\",\"datePublished\":\"2024-09-29T06:12:33+00:00\",\"dateModified\":\"2026-04-16T13:44:52+00:00\",\"description\":\"As one of the best gradient insulated coffee mug manufacturers and suppliers, we are engaged in manufacturing good quality water bottles. We warmly welcome you to wholesale or buy custom made gradient insulated coffee mug at competitive price from us. Also, small quantity orders are acceptable.\",\"breadcrumb\":{\"@id\":\"https:\\\/\\\/www.dillerbottle.com\\\/pt\\\/produtos\\\/caneca-de-cafe-com-isolamento-gradiente#breadcrumb\"},\"inLanguage\":\"tr\",\"potentialAction\":[{\"@type\":\"ReadAction\",\"target\":[\"https:\\\/\\\/www.dillerbottle.com\\\/pt\\\/produtos\\\/caneca-de-cafe-com-isolamento-gradiente\"]}]},{\"@type\":\"ImageObject\",\"inLanguage\":\"tr\",\"@id\":\"https:\\\/\\\/www.dillerbottle.com\\\/pt\\\/produtos\\\/caneca-de-cafe-com-isolamento-gradiente#primaryimage\",\"url\":\"https:\\\/\\\/www.dillerbottle.com\\\/wp-content\\\/uploads\\\/2024\\\/09\\\/gradient-insulated-coffee-mug-mlh9149--demain-00001.png\",\"contentUrl\":\"https:\\\/\\\/www.dillerbottle.com\\\/wp-content\\\/uploads\\\/2024\\\/09\\\/gradient-insulated-coffee-mug-mlh9149--demain-00001.png\",\"width\":800,\"height\":800},{\"@type\":\"BreadcrumbList\",\"@id\":\"https:\\\/\\\/www.dillerbottle.com\\\/pt\\\/produtos\\\/caneca-de-cafe-com-isolamento-gradiente#breadcrumb\",\"itemListElement\":[{\"@type\":\"ListItem\",\"position\":1,\"name\":\"Home\",\"item\":\"https:\\\/\\\/www.dillerbottle.com\\\/\"},{\"@type\":\"ListItem\",\"position\":2,\"name\":\"Products\",\"item\":\"https:\\\/\\\/www.dillerbottle.com\\\/shop\"},{\"@type\":\"ListItem\",\"position\":3,\"name\":\"Gradient Insulated Coffee Mug\"}]},{\"@type\":\"WebSite\",\"@id\":\"https:\\\/\\\/www.dillerbottle.com\\\/#website\",\"url\":\"https:\\\/\\\/www.dillerbottle.com\\\/\",\"name\":\"Diller Water Bottle Manufacturer\",\"description\":\"Water Bottle Manufacturer\",\"publisher\":{\"@id\":\"https:\\\/\\\/www.dillerbottle.com\\\/#organization\"},\"potentialAction\":[{\"@type\":\"SearchAction\",\"target\":{\"@type\":\"EntryPoint\",\"urlTemplate\":\"https:\\\/\\\/www.dillerbottle.com\\\/?s={search_term_string}\"},\"query-input\":{\"@type\":\"PropertyValueSpecification\",\"valueRequired\":true,\"valueName\":\"search_term_string\"}}],\"inLanguage\":\"tr\"},{\"@type\":\"Organization\",\"@id\":\"https:\\\/\\\/www.dillerbottle.com\\\/#organization\",\"name\":\"Diller Water Bottle Manufacturer\",\"url\":\"https:\\\/\\\/www.dillerbottle.com\\\/\",\"logo\":{\"@type\":\"ImageObject\",\"inLanguage\":\"tr\",\"@id\":\"https:\\\/\\\/www.dillerbottle.com\\\/#\\\/schema\\\/logo\\\/image\\\/\",\"url\":\"https:\\\/\\\/www.dillerbottle.com\\\/wp-content\\\/uploads\\\/2024\\\/09\\\/49918bfa848dcc1e9f8b509933603ac.png\",\"contentUrl\":\"https:\\\/\\\/www.dillerbottle.com\\\/wp-content\\\/uploads\\\/2024\\\/09\\\/49918bfa848dcc1e9f8b509933603ac.png\",\"width\":988,\"height\":198,\"caption\":\"Diller Water Bottle Manufacturer\"},\"image\":{\"@id\":\"https:\\\/\\\/www.dillerbottle.com\\\/#\\\/schema\\\/logo\\\/image\\\/\"}}]}<\/script>\n<!-- \/ Yoast SEO Premium plugin. -->","yoast_head_json":{"title":"Gradient Yal\u0131t\u0131ml\u0131 Kahve Kupas\u0131 - Diller Su \u015ei\u015fesi \u00dcreticisi","description":"En iyi degrade yal\u0131t\u0131ml\u0131 kahve kupas\u0131 \u00fcreticilerinden ve tedarik\u00e7ilerinden biri olarak, kaliteli su \u015fi\u015feleri \u00fcretiyoruz. Sizi toptan sat\u0131\u015fa veya rekabet\u00e7i fiyatlarla \u00f6zel yap\u0131m degrade yal\u0131t\u0131ml\u0131 kahve kupas\u0131 sat\u0131n almaya davet ediyoruz. Ayr\u0131ca, k\u00fc\u00e7\u00fck miktardaki sipari\u015fler de kabul edilebilir.","robots":{"index":"index","follow":"follow","max-snippet":"max-snippet:-1","max-image-preview":"max-image-preview:large","max-video-preview":"max-video-preview:-1"},"canonical":"https:\/\/www.dillerbottle.com\/tr\/urunler\/degrade-yalitimli-kahve-kupasi","og_locale":"tr_TR","og_type":"article","og_title":"Gradient Insulated Coffee Mug","og_description":"As one of the best gradient insulated coffee mug manufacturers and suppliers, we are engaged in manufacturing good quality water bottles. We warmly welcome you to wholesale or buy custom made gradient insulated coffee mug at competitive price from us. Also, small quantity orders are acceptable.","og_url":"https:\/\/www.dillerbottle.com\/tr\/urunler\/degrade-yalitimli-kahve-kupasi","og_site_name":"Diller Water Bottle Manufacturer","article_modified_time":"2026-04-16T13:44:52+00:00","og_image":[{"width":800,"height":800,"url":"https:\/\/www.dillerbottle.com\/wp-content\/uploads\/2024\/09\/gradient-insulated-coffee-mug-mlh9149--demain-00001.png","type":"image\/png"}],"twitter_card":"summary_large_image","twitter_misc":{"Tahmini okuma s\u00fcresi":"6 dakika"},"schema":{"@context":"https:\/\/schema.org","@graph":[{"@type":"WebPage","@id":"https:\/\/www.dillerbottle.com\/pt\/produtos\/caneca-de-cafe-com-isolamento-gradiente","url":"https:\/\/www.dillerbottle.com\/pt\/produtos\/caneca-de-cafe-com-isolamento-gradiente","name":"Gradient Yal\u0131t\u0131ml\u0131 Kahve Kupas\u0131 - Diller Su \u015ei\u015fesi \u00dcreticisi","isPartOf":{"@id":"https:\/\/www.dillerbottle.com\/#website"},"primaryImageOfPage":{"@id":"https:\/\/www.dillerbottle.com\/pt\/produtos\/caneca-de-cafe-com-isolamento-gradiente#primaryimage"},"image":{"@id":"https:\/\/www.dillerbottle.com\/pt\/produtos\/caneca-de-cafe-com-isolamento-gradiente#primaryimage"},"thumbnailUrl":"https:\/\/www.dillerbottle.com\/wp-content\/uploads\/2024\/09\/gradient-insulated-coffee-mug-mlh9149--demain-00001.png","datePublished":"2024-09-29T06:12:33+00:00","dateModified":"2026-04-16T13:44:52+00:00","description":"En iyi degrade yal\u0131t\u0131ml\u0131 kahve kupas\u0131 \u00fcreticilerinden ve tedarik\u00e7ilerinden biri olarak, kaliteli su \u015fi\u015feleri \u00fcretiyoruz. Sizi toptan sat\u0131\u015fa veya rekabet\u00e7i fiyatlarla \u00f6zel yap\u0131m degrade yal\u0131t\u0131ml\u0131 kahve kupas\u0131 sat\u0131n almaya davet ediyoruz. Ayr\u0131ca, k\u00fc\u00e7\u00fck miktardaki sipari\u015fler de kabul edilebilir.","breadcrumb":{"@id":"https:\/\/www.dillerbottle.com\/pt\/produtos\/caneca-de-cafe-com-isolamento-gradiente#breadcrumb"},"inLanguage":"tr","potentialAction":[{"@type":"ReadAction","target":["https:\/\/www.dillerbottle.com\/pt\/produtos\/caneca-de-cafe-com-isolamento-gradiente"]}]},{"@type":"ImageObject","inLanguage":"tr","@id":"https:\/\/www.dillerbottle.com\/pt\/produtos\/caneca-de-cafe-com-isolamento-gradiente#primaryimage","url":"https:\/\/www.dillerbottle.com\/wp-content\/uploads\/2024\/09\/gradient-insulated-coffee-mug-mlh9149--demain-00001.png","contentUrl":"https:\/\/www.dillerbottle.com\/wp-content\/uploads\/2024\/09\/gradient-insulated-coffee-mug-mlh9149--demain-00001.png","width":800,"height":800},{"@type":"BreadcrumbList","@id":"https:\/\/www.dillerbottle.com\/pt\/produtos\/caneca-de-cafe-com-isolamento-gradiente#breadcrumb","itemListElement":[{"@type":"ListItem","position":1,"name":"Home","item":"https:\/\/www.dillerbottle.com\/"},{"@type":"ListItem","position":2,"name":"Products","item":"https:\/\/www.dillerbottle.com\/shop"},{"@type":"ListItem","position":3,"name":"Gradient Insulated Coffee Mug"}]},{"@type":"WebSite","@id":"https:\/\/www.dillerbottle.com\/#website","url":"https:\/\/www.dillerbottle.com\/","name":"Diller Su \u015ei\u015fesi \u00dcreticisi","description":"Su \u015ei\u015fesi \u00dcreticisi","publisher":{"@id":"https:\/\/www.dillerbottle.com\/#organization"},"potentialAction":[{"@type":"SearchAction","target":{"@type":"EntryPoint","urlTemplate":"https:\/\/www.dillerbottle.com\/?s={search_term_string}"},"query-input":{"@type":"PropertyValueSpecification","valueRequired":true,"valueName":"search_term_string"}}],"inLanguage":"tr"},{"@type":"Organization","@id":"https:\/\/www.dillerbottle.com\/#organization","name":"Diller Su \u015ei\u015fesi \u00dcreticisi","url":"https:\/\/www.dillerbottle.com\/","logo":{"@type":"ImageObject","inLanguage":"tr","@id":"https:\/\/www.dillerbottle.com\/#\/schema\/logo\/image\/","url":"https:\/\/www.dillerbottle.com\/wp-content\/uploads\/2024\/09\/49918bfa848dcc1e9f8b509933603ac.png","contentUrl":"https:\/\/www.dillerbottle.com\/wp-content\/uploads\/2024\/09\/49918bfa848dcc1e9f8b509933603ac.png","width":988,"height":198,"caption":"Diller Water Bottle Manufacturer"},"image":{"@id":"https:\/\/www.dillerbottle.com\/#\/schema\/logo\/image\/"}}]}},"_links":{"self":[{"href":"https:\/\/www.dillerbottle.com\/tr\/wp-json\/wp\/v2\/product\/8093","targetHints":{"allow":["GET"]}}],"collection":[{"href":"https:\/\/www.dillerbottle.com\/tr\/wp-json\/wp\/v2\/product"}],"about":[{"href":"https:\/\/www.dillerbottle.com\/tr\/wp-json\/wp\/v2\/types\/product"}],"replies":[{"embeddable":true,"href":"https:\/\/www.dillerbottle.com\/tr\/wp-json\/wp\/v2\/comments?post=8093"}],"wp:featuredmedia":[{"embeddable":true,"href":"https:\/\/www.dillerbottle.com\/tr\/wp-json\/wp\/v2\/media\/12471"}],"wp:attachment":[{"href":"https:\/\/www.dillerbottle.com\/tr\/wp-json\/wp\/v2\/media?parent=8093"}],"wp:term":[{"taxonomy":"product_brand","embeddable":true,"href":"https:\/\/www.dillerbottle.com\/tr\/wp-json\/wp\/v2\/product_brand?post=8093"},{"taxonomy":"product_cat","embeddable":true,"href":"https:\/\/www.dillerbottle.com\/tr\/wp-json\/wp\/v2\/product_cat?post=8093"},{"taxonomy":"product_tag","embeddable":true,"href":"https:\/\/www.dillerbottle.com\/tr\/wp-json\/wp\/v2\/product_tag?post=8093"}],"curies":[{"name":"wp","href":"https:\/\/api.w.org\/{rel}","templated":true}]}}