{"id":8184,"date":"2024-09-29T14:13:52","date_gmt":"2024-09-29T06:13:52","guid":{"rendered":"https:\/\/demo.dillerbottle.com\/products\/panda-graffiti-outdoor-thermo-bottle"},"modified":"2025-07-09T16:18:47","modified_gmt":"2025-07-09T08:18:47","slug":"panda-graffiti-dis-mekan-termos-sisesi","status":"publish","type":"product","link":"https:\/\/www.dillerbottle.com\/tr\/products\/panda-graffiti-outdoor-thermo-bottle","title":{"rendered":"Panda Graffiti A\u00e7\u0131k Hava Termo \u015ei\u015fesi"},"content":{"rendered":"<p>1. Panda graffiti d\u0131\u015f mekan termos \u015fi\u015fesi, i\u00e7 astar olarak y\u00fcksek kaliteli 316 paslanmaz \u00e7elik kullan\u0131r ve bu sayede i\u00e7indeki i\u00e7eceklerin 6-12 saate kadar s\u0131cak veya so\u011fuk tutulmas\u0131n\u0131 sa\u011flar.<\/p>\n<p>2. \u00c7ay ve suyu ay\u0131ran ba\u011f\u0131ms\u0131z \u00e7ay demleme aparat\u0131 ile d\u0131\u015far\u0131 \u00e7\u0131k\u0131p \u00e7ay i\u00e7meniz daha kolay hale gelir.<\/p>\n<p>3. Bu panda graffiti d\u0131\u015f mekan termos \u015fi\u015fesi, kamp yaparken veya a\u00e7\u0131k havada seyahat ederken kullan\u0131ma uygun, sevimli, \u015f\u0131k, pratik ve kullan\u0131\u015fl\u0131 bir yal\u0131t\u0131ml\u0131 bardakt\u0131r.<\/p>\n<p>4. \u0130\u00e7 kapa\u011f\u0131 tek t\u0131klamayla a\u00e7\u0131n, do\u011frudan i\u00e7ebilir veya i\u00e7mek i\u00e7in bardak kapa\u011f\u0131na d\u00f6kebilirsiniz. Sap tasar\u0131m\u0131 d\u0131\u015far\u0131 \u00e7\u0131karken ta\u015f\u0131may\u0131 kolayla\u015ft\u0131r\u0131r.<\/p>","protected":false},"excerpt":{"rendered":"<p>Bu panda graffiti d\u0131\u015f mekan termos \u015fi\u015fesi dayan\u0131kl\u0131 316 paslanmaz \u00e7elik ve g\u0131da s\u0131n\u0131f\u0131 malzemelerden \u00fcretilmi\u015ftir.<br \/>\nBu yal\u0131t\u0131ml\u0131 su mataras\u0131, i\u00e7indekileri 6-12 saate kadar s\u0131cak veya buz gibi so\u011fuk tutabilir.<br \/>\n\u0130\u00e7 kapa\u011f\u0131n\u0131 tek t\u0131kla a\u00e7arak direkt i\u00e7ebilir veya bardak kapa\u011f\u0131na d\u00f6kerek i\u00e7ebilirsiniz.<br \/>\nSap tasar\u0131m\u0131 d\u0131\u015far\u0131 \u00e7\u0131karken ta\u015f\u0131may\u0131 kolayla\u015ft\u0131r\u0131r.<br \/>\nOrijinal panda grafiti tasar\u0131m\u0131 daha dikkat \u00e7ekici.<br \/>\nOEM ve ODM kabul edilebilir.<br \/>\nMetal termos \u015fi\u015feyi ihtiya\u00e7lar\u0131n\u0131za g\u00f6re \u00f6zelle\u015ftirebiliriz.<br \/>\nToptan sat\u0131n almaya ho\u015f geldiniz, hemen soru\u015fturma g\u00f6nderin!<\/p>","protected":false},"featured_media":8185,"comment_status":"open","ping_status":"closed","template":"","meta":{"_acf_changed":false},"product_brand":[],"product_cat":[18],"product_tag":[730,721,714,32,36,33,31,39,38,29,37,729,34,35,715,28,560,30,722],"class_list":{"0":"post-8184","1":"product","2":"type-product","3":"status-publish","4":"has-post-thumbnail","6":"product_cat-insulated-water-bottle","7":"product_tag-500ml-water-bottle","8":"product_tag-500ml-water-bottle-with-straw","9":"product_tag-bamboo-water-bottle","10":"product_tag-best","11":"product_tag-bulk","12":"product_tag-buy","13":"product_tag-custom","14":"product_tag-for-sale","15":"product_tag-good-quality","16":"product_tag-manufacturers","17":"product_tag-manufacturing","18":"product_tag-panda-graffiti-outdoor-thermo-bottle","19":"product_tag-price","20":"product_tag-small","21":"product_tag-stainless-steel-water-bottle-1000-ml","22":"product_tag-suppliers","23":"product_tag-water-bottle-with-sleeve","24":"product_tag-wholesale","25":"product_tag-wholesale-water-bottle","27":"first","28":"instock","29":"shipping-taxable","30":"product-type-simple"},"acf":[],"yoast_head":"<!-- This site is optimized with the Yoast SEO Premium plugin v27.4 (Yoast SEO v27.4) - https:\/\/yoast.com\/product\/yoast-seo-premium-wordpress\/ -->\n<title>Panda Graffiti Outdoor Thermo Bottle - Diller Water Bottle Manufacturer<\/title>\n<meta name=\"description\" content=\"As one of the best panda graffiti outdoor thermo bottle manufacturers and suppliers, we are engaged in manufacturing good quality water bottles. We warmly welcome you to wholesale or buy custom made panda graffiti outdoor thermo bottle at competitive price from us. Also, small quantity orders are acceptable.\" \/>\n<meta name=\"robots\" content=\"index, follow, max-snippet:-1, max-image-preview:large, max-video-preview:-1\" \/>\n<link rel=\"canonical\" href=\"https:\/\/www.dillerbottle.com\/tr\/urunler\/panda-graffiti-dis-mekan-termos-sisesi\" \/>\n<meta property=\"og:locale\" content=\"tr_TR\" \/>\n<meta property=\"og:type\" content=\"article\" \/>\n<meta property=\"og:title\" content=\"Panda Graffiti Outdoor Thermo Bottle\" \/>\n<meta property=\"og:description\" content=\"As one of the best panda graffiti outdoor thermo bottle manufacturers and suppliers, we are engaged in manufacturing good quality water bottles. We warmly welcome you to wholesale or buy custom made panda graffiti outdoor thermo bottle at competitive price from us. Also, small quantity orders are acceptable.\" \/>\n<meta property=\"og:url\" content=\"https:\/\/www.dillerbottle.com\/tr\/urunler\/panda-graffiti-dis-mekan-termos-sisesi\" \/>\n<meta property=\"og:site_name\" content=\"Diller Water Bottle Manufacturer\" \/>\n<meta property=\"article:modified_time\" content=\"2025-07-09T08:18:47+00:00\" \/>\n<meta property=\"og:image\" content=\"https:\/\/www.dillerbottle.com\/wp-content\/uploads\/2024\/09\/panda-graffiti-outdoor-thermo-bottle3fb5303a-3c34-454d-a806-c481be9094f2.jpg\" \/>\n\t<meta property=\"og:image:width\" content=\"800\" \/>\n\t<meta property=\"og:image:height\" content=\"800\" \/>\n\t<meta property=\"og:image:type\" content=\"image\/jpeg\" \/>\n<meta name=\"twitter:card\" content=\"summary_large_image\" \/>\n<meta name=\"twitter:label1\" content=\"Tahmini okuma s\u00fcresi\" \/>\n\t<meta name=\"twitter:data1\" content=\"6 dakika\" \/>\n<script type=\"application\/ld+json\" class=\"yoast-schema-graph\">{\"@context\":\"https:\\\/\\\/schema.org\",\"@graph\":[{\"@type\":\"WebPage\",\"@id\":\"https:\\\/\\\/www.dillerbottle.com\\\/th\\\/%e0%b8%aa%e0%b8%b4%e0%b8%99%e0%b8%84%e0%b9%89%e0%b8%b2\\\/%e0%b8%81%e0%b8%a3%e0%b8%b0%e0%b8%95%e0%b8%b4%e0%b8%81%e0%b8%99%e0%b9%89%e0%b8%b3%e0%b8%a3%e0%b9%89%e0%b8%ad%e0%b8%99%e0%b8%81%e0%b8%a5%e0%b8%b2%e0%b8%87%e0%b9%81%e0%b8%88%e0%b9%89%e0%b8%87%e0%b8%a5\",\"url\":\"https:\\\/\\\/www.dillerbottle.com\\\/th\\\/%e0%b8%aa%e0%b8%b4%e0%b8%99%e0%b8%84%e0%b9%89%e0%b8%b2\\\/%e0%b8%81%e0%b8%a3%e0%b8%b0%e0%b8%95%e0%b8%b4%e0%b8%81%e0%b8%99%e0%b9%89%e0%b8%b3%e0%b8%a3%e0%b9%89%e0%b8%ad%e0%b8%99%e0%b8%81%e0%b8%a5%e0%b8%b2%e0%b8%87%e0%b9%81%e0%b8%88%e0%b9%89%e0%b8%87%e0%b8%a5\",\"name\":\"Panda Graffiti Outdoor Thermo Bottle - Diller Water Bottle Manufacturer\",\"isPartOf\":{\"@id\":\"https:\\\/\\\/www.dillerbottle.com\\\/#website\"},\"primaryImageOfPage\":{\"@id\":\"https:\\\/\\\/www.dillerbottle.com\\\/th\\\/%e0%b8%aa%e0%b8%b4%e0%b8%99%e0%b8%84%e0%b9%89%e0%b8%b2\\\/%e0%b8%81%e0%b8%a3%e0%b8%b0%e0%b8%95%e0%b8%b4%e0%b8%81%e0%b8%99%e0%b9%89%e0%b8%b3%e0%b8%a3%e0%b9%89%e0%b8%ad%e0%b8%99%e0%b8%81%e0%b8%a5%e0%b8%b2%e0%b8%87%e0%b9%81%e0%b8%88%e0%b9%89%e0%b8%87%e0%b8%a5#primaryimage\"},\"image\":{\"@id\":\"https:\\\/\\\/www.dillerbottle.com\\\/th\\\/%e0%b8%aa%e0%b8%b4%e0%b8%99%e0%b8%84%e0%b9%89%e0%b8%b2\\\/%e0%b8%81%e0%b8%a3%e0%b8%b0%e0%b8%95%e0%b8%b4%e0%b8%81%e0%b8%99%e0%b9%89%e0%b8%b3%e0%b8%a3%e0%b9%89%e0%b8%ad%e0%b8%99%e0%b8%81%e0%b8%a5%e0%b8%b2%e0%b8%87%e0%b9%81%e0%b8%88%e0%b9%89%e0%b8%87%e0%b8%a5#primaryimage\"},\"thumbnailUrl\":\"https:\\\/\\\/www.dillerbottle.com\\\/wp-content\\\/uploads\\\/2024\\\/09\\\/panda-graffiti-outdoor-thermo-bottle3fb5303a-3c34-454d-a806-c481be9094f2.jpg\",\"datePublished\":\"2024-09-29T06:13:52+00:00\",\"dateModified\":\"2025-07-09T08:18:47+00:00\",\"description\":\"As one of the best panda graffiti outdoor thermo bottle manufacturers and suppliers, we are engaged in manufacturing good quality water bottles. We warmly welcome you to wholesale or buy custom made panda graffiti outdoor thermo bottle at competitive price from us. Also, small quantity orders are acceptable.\",\"breadcrumb\":{\"@id\":\"https:\\\/\\\/www.dillerbottle.com\\\/th\\\/%e0%b8%aa%e0%b8%b4%e0%b8%99%e0%b8%84%e0%b9%89%e0%b8%b2\\\/%e0%b8%81%e0%b8%a3%e0%b8%b0%e0%b8%95%e0%b8%b4%e0%b8%81%e0%b8%99%e0%b9%89%e0%b8%b3%e0%b8%a3%e0%b9%89%e0%b8%ad%e0%b8%99%e0%b8%81%e0%b8%a5%e0%b8%b2%e0%b8%87%e0%b9%81%e0%b8%88%e0%b9%89%e0%b8%87%e0%b8%a5#breadcrumb\"},\"inLanguage\":\"tr\",\"potentialAction\":[{\"@type\":\"ReadAction\",\"target\":[\"https:\\\/\\\/www.dillerbottle.com\\\/th\\\/%e0%b8%aa%e0%b8%b4%e0%b8%99%e0%b8%84%e0%b9%89%e0%b8%b2\\\/%e0%b8%81%e0%b8%a3%e0%b8%b0%e0%b8%95%e0%b8%b4%e0%b8%81%e0%b8%99%e0%b9%89%e0%b8%b3%e0%b8%a3%e0%b9%89%e0%b8%ad%e0%b8%99%e0%b8%81%e0%b8%a5%e0%b8%b2%e0%b8%87%e0%b9%81%e0%b8%88%e0%b9%89%e0%b8%87%e0%b8%a5\"]}]},{\"@type\":\"ImageObject\",\"inLanguage\":\"tr\",\"@id\":\"https:\\\/\\\/www.dillerbottle.com\\\/th\\\/%e0%b8%aa%e0%b8%b4%e0%b8%99%e0%b8%84%e0%b9%89%e0%b8%b2\\\/%e0%b8%81%e0%b8%a3%e0%b8%b0%e0%b8%95%e0%b8%b4%e0%b8%81%e0%b8%99%e0%b9%89%e0%b8%b3%e0%b8%a3%e0%b9%89%e0%b8%ad%e0%b8%99%e0%b8%81%e0%b8%a5%e0%b8%b2%e0%b8%87%e0%b9%81%e0%b8%88%e0%b9%89%e0%b8%87%e0%b8%a5#primaryimage\",\"url\":\"https:\\\/\\\/www.dillerbottle.com\\\/wp-content\\\/uploads\\\/2024\\\/09\\\/panda-graffiti-outdoor-thermo-bottle3fb5303a-3c34-454d-a806-c481be9094f2.jpg\",\"contentUrl\":\"https:\\\/\\\/www.dillerbottle.com\\\/wp-content\\\/uploads\\\/2024\\\/09\\\/panda-graffiti-outdoor-thermo-bottle3fb5303a-3c34-454d-a806-c481be9094f2.jpg\",\"width\":800,\"height\":800},{\"@type\":\"BreadcrumbList\",\"@id\":\"https:\\\/\\\/www.dillerbottle.com\\\/th\\\/%e0%b8%aa%e0%b8%b4%e0%b8%99%e0%b8%84%e0%b9%89%e0%b8%b2\\\/%e0%b8%81%e0%b8%a3%e0%b8%b0%e0%b8%95%e0%b8%b4%e0%b8%81%e0%b8%99%e0%b9%89%e0%b8%b3%e0%b8%a3%e0%b9%89%e0%b8%ad%e0%b8%99%e0%b8%81%e0%b8%a5%e0%b8%b2%e0%b8%87%e0%b9%81%e0%b8%88%e0%b9%89%e0%b8%87%e0%b8%a5#breadcrumb\",\"itemListElement\":[{\"@type\":\"ListItem\",\"position\":1,\"name\":\"Home\",\"item\":\"https:\\\/\\\/www.dillerbottle.com\\\/\"},{\"@type\":\"ListItem\",\"position\":2,\"name\":\"Products\",\"item\":\"https:\\\/\\\/www.dillerbottle.com\\\/shop\"},{\"@type\":\"ListItem\",\"position\":3,\"name\":\"Panda Graffiti Outdoor Thermo Bottle\"}]},{\"@type\":\"WebSite\",\"@id\":\"https:\\\/\\\/www.dillerbottle.com\\\/#website\",\"url\":\"https:\\\/\\\/www.dillerbottle.com\\\/\",\"name\":\"Diller Water Bottle Manufacturer\",\"description\":\"Water Bottle Manufacturer\",\"publisher\":{\"@id\":\"https:\\\/\\\/www.dillerbottle.com\\\/#organization\"},\"potentialAction\":[{\"@type\":\"SearchAction\",\"target\":{\"@type\":\"EntryPoint\",\"urlTemplate\":\"https:\\\/\\\/www.dillerbottle.com\\\/?s={search_term_string}\"},\"query-input\":{\"@type\":\"PropertyValueSpecification\",\"valueRequired\":true,\"valueName\":\"search_term_string\"}}],\"inLanguage\":\"tr\"},{\"@type\":\"Organization\",\"@id\":\"https:\\\/\\\/www.dillerbottle.com\\\/#organization\",\"name\":\"Diller Water Bottle Manufacturer\",\"url\":\"https:\\\/\\\/www.dillerbottle.com\\\/\",\"logo\":{\"@type\":\"ImageObject\",\"inLanguage\":\"tr\",\"@id\":\"https:\\\/\\\/www.dillerbottle.com\\\/#\\\/schema\\\/logo\\\/image\\\/\",\"url\":\"https:\\\/\\\/www.dillerbottle.com\\\/wp-content\\\/uploads\\\/2024\\\/09\\\/49918bfa848dcc1e9f8b509933603ac.png\",\"contentUrl\":\"https:\\\/\\\/www.dillerbottle.com\\\/wp-content\\\/uploads\\\/2024\\\/09\\\/49918bfa848dcc1e9f8b509933603ac.png\",\"width\":988,\"height\":198,\"caption\":\"Diller Water Bottle Manufacturer\"},\"image\":{\"@id\":\"https:\\\/\\\/www.dillerbottle.com\\\/#\\\/schema\\\/logo\\\/image\\\/\"}}]}<\/script>\n<!-- \/ Yoast SEO Premium plugin. -->","yoast_head_json":{"title":"Panda Graffiti Outdoor Termo \u015ei\u015fe - Diller Su \u015ei\u015fesi \u00dcreticisi","description":"En iyi panda graffiti d\u0131\u015f mekan termos \u015fi\u015fe \u00fcreticilerinden ve tedarik\u00e7ilerinden biri olarak, kaliteli su \u015fi\u015feleri \u00fcretiyoruz. Toptan sat\u0131\u015f yapman\u0131z\u0131 veya bizden rekabet\u00e7i fiyatlarla \u00f6zel yap\u0131m panda graffiti d\u0131\u015f mekan termos \u015fi\u015fe sat\u0131n alman\u0131z\u0131 i\u00e7tenlikle bekliyoruz. Ayr\u0131ca, k\u00fc\u00e7\u00fck miktardaki sipari\u015fler de kabul edilebilir.","robots":{"index":"index","follow":"follow","max-snippet":"max-snippet:-1","max-image-preview":"max-image-preview:large","max-video-preview":"max-video-preview:-1"},"canonical":"https:\/\/www.dillerbottle.com\/tr\/urunler\/panda-graffiti-dis-mekan-termos-sisesi","og_locale":"tr_TR","og_type":"article","og_title":"Panda Graffiti Outdoor Thermo Bottle","og_description":"As one of the best panda graffiti outdoor thermo bottle manufacturers and suppliers, we are engaged in manufacturing good quality water bottles. We warmly welcome you to wholesale or buy custom made panda graffiti outdoor thermo bottle at competitive price from us. Also, small quantity orders are acceptable.","og_url":"https:\/\/www.dillerbottle.com\/tr\/urunler\/panda-graffiti-dis-mekan-termos-sisesi","og_site_name":"Diller Water Bottle Manufacturer","article_modified_time":"2025-07-09T08:18:47+00:00","og_image":[{"width":800,"height":800,"url":"https:\/\/www.dillerbottle.com\/wp-content\/uploads\/2024\/09\/panda-graffiti-outdoor-thermo-bottle3fb5303a-3c34-454d-a806-c481be9094f2.jpg","type":"image\/jpeg"}],"twitter_card":"summary_large_image","twitter_misc":{"Tahmini okuma s\u00fcresi":"6 dakika"},"schema":{"@context":"https:\/\/schema.org","@graph":[{"@type":"WebPage","@id":"https:\/\/www.dillerbottle.com\/th\/%e0%b8%aa%e0%b8%b4%e0%b8%99%e0%b8%84%e0%b9%89%e0%b8%b2\/%e0%b8%81%e0%b8%a3%e0%b8%b0%e0%b8%95%e0%b8%b4%e0%b8%81%e0%b8%99%e0%b9%89%e0%b8%b3%e0%b8%a3%e0%b9%89%e0%b8%ad%e0%b8%99%e0%b8%81%e0%b8%a5%e0%b8%b2%e0%b8%87%e0%b9%81%e0%b8%88%e0%b9%89%e0%b8%87%e0%b8%a5","url":"https:\/\/www.dillerbottle.com\/th\/%e0%b8%aa%e0%b8%b4%e0%b8%99%e0%b8%84%e0%b9%89%e0%b8%b2\/%e0%b8%81%e0%b8%a3%e0%b8%b0%e0%b8%95%e0%b8%b4%e0%b8%81%e0%b8%99%e0%b9%89%e0%b8%b3%e0%b8%a3%e0%b9%89%e0%b8%ad%e0%b8%99%e0%b8%81%e0%b8%a5%e0%b8%b2%e0%b8%87%e0%b9%81%e0%b8%88%e0%b9%89%e0%b8%87%e0%b8%a5","name":"Panda Graffiti Outdoor Termo \u015ei\u015fe - Diller Su \u015ei\u015fesi \u00dcreticisi","isPartOf":{"@id":"https:\/\/www.dillerbottle.com\/#website"},"primaryImageOfPage":{"@id":"https:\/\/www.dillerbottle.com\/th\/%e0%b8%aa%e0%b8%b4%e0%b8%99%e0%b8%84%e0%b9%89%e0%b8%b2\/%e0%b8%81%e0%b8%a3%e0%b8%b0%e0%b8%95%e0%b8%b4%e0%b8%81%e0%b8%99%e0%b9%89%e0%b8%b3%e0%b8%a3%e0%b9%89%e0%b8%ad%e0%b8%99%e0%b8%81%e0%b8%a5%e0%b8%b2%e0%b8%87%e0%b9%81%e0%b8%88%e0%b9%89%e0%b8%87%e0%b8%a5#primaryimage"},"image":{"@id":"https:\/\/www.dillerbottle.com\/th\/%e0%b8%aa%e0%b8%b4%e0%b8%99%e0%b8%84%e0%b9%89%e0%b8%b2\/%e0%b8%81%e0%b8%a3%e0%b8%b0%e0%b8%95%e0%b8%b4%e0%b8%81%e0%b8%99%e0%b9%89%e0%b8%b3%e0%b8%a3%e0%b9%89%e0%b8%ad%e0%b8%99%e0%b8%81%e0%b8%a5%e0%b8%b2%e0%b8%87%e0%b9%81%e0%b8%88%e0%b9%89%e0%b8%87%e0%b8%a5#primaryimage"},"thumbnailUrl":"https:\/\/www.dillerbottle.com\/wp-content\/uploads\/2024\/09\/panda-graffiti-outdoor-thermo-bottle3fb5303a-3c34-454d-a806-c481be9094f2.jpg","datePublished":"2024-09-29T06:13:52+00:00","dateModified":"2025-07-09T08:18:47+00:00","description":"En iyi panda graffiti d\u0131\u015f mekan termos \u015fi\u015fe \u00fcreticilerinden ve tedarik\u00e7ilerinden biri olarak, kaliteli su \u015fi\u015feleri \u00fcretiyoruz. Toptan sat\u0131\u015f yapman\u0131z\u0131 veya bizden rekabet\u00e7i fiyatlarla \u00f6zel yap\u0131m panda graffiti d\u0131\u015f mekan termos \u015fi\u015fe sat\u0131n alman\u0131z\u0131 i\u00e7tenlikle bekliyoruz. Ayr\u0131ca, k\u00fc\u00e7\u00fck miktardaki sipari\u015fler de kabul edilebilir.","breadcrumb":{"@id":"https:\/\/www.dillerbottle.com\/th\/%e0%b8%aa%e0%b8%b4%e0%b8%99%e0%b8%84%e0%b9%89%e0%b8%b2\/%e0%b8%81%e0%b8%a3%e0%b8%b0%e0%b8%95%e0%b8%b4%e0%b8%81%e0%b8%99%e0%b9%89%e0%b8%b3%e0%b8%a3%e0%b9%89%e0%b8%ad%e0%b8%99%e0%b8%81%e0%b8%a5%e0%b8%b2%e0%b8%87%e0%b9%81%e0%b8%88%e0%b9%89%e0%b8%87%e0%b8%a5#breadcrumb"},"inLanguage":"tr","potentialAction":[{"@type":"ReadAction","target":["https:\/\/www.dillerbottle.com\/th\/%e0%b8%aa%e0%b8%b4%e0%b8%99%e0%b8%84%e0%b9%89%e0%b8%b2\/%e0%b8%81%e0%b8%a3%e0%b8%b0%e0%b8%95%e0%b8%b4%e0%b8%81%e0%b8%99%e0%b9%89%e0%b8%b3%e0%b8%a3%e0%b9%89%e0%b8%ad%e0%b8%99%e0%b8%81%e0%b8%a5%e0%b8%b2%e0%b8%87%e0%b9%81%e0%b8%88%e0%b9%89%e0%b8%87%e0%b8%a5"]}]},{"@type":"ImageObject","inLanguage":"tr","@id":"https:\/\/www.dillerbottle.com\/th\/%e0%b8%aa%e0%b8%b4%e0%b8%99%e0%b8%84%e0%b9%89%e0%b8%b2\/%e0%b8%81%e0%b8%a3%e0%b8%b0%e0%b8%95%e0%b8%b4%e0%b8%81%e0%b8%99%e0%b9%89%e0%b8%b3%e0%b8%a3%e0%b9%89%e0%b8%ad%e0%b8%99%e0%b8%81%e0%b8%a5%e0%b8%b2%e0%b8%87%e0%b9%81%e0%b8%88%e0%b9%89%e0%b8%87%e0%b8%a5#primaryimage","url":"https:\/\/www.dillerbottle.com\/wp-content\/uploads\/2024\/09\/panda-graffiti-outdoor-thermo-bottle3fb5303a-3c34-454d-a806-c481be9094f2.jpg","contentUrl":"https:\/\/www.dillerbottle.com\/wp-content\/uploads\/2024\/09\/panda-graffiti-outdoor-thermo-bottle3fb5303a-3c34-454d-a806-c481be9094f2.jpg","width":800,"height":800},{"@type":"BreadcrumbList","@id":"https:\/\/www.dillerbottle.com\/th\/%e0%b8%aa%e0%b8%b4%e0%b8%99%e0%b8%84%e0%b9%89%e0%b8%b2\/%e0%b8%81%e0%b8%a3%e0%b8%b0%e0%b8%95%e0%b8%b4%e0%b8%81%e0%b8%99%e0%b9%89%e0%b8%b3%e0%b8%a3%e0%b9%89%e0%b8%ad%e0%b8%99%e0%b8%81%e0%b8%a5%e0%b8%b2%e0%b8%87%e0%b9%81%e0%b8%88%e0%b9%89%e0%b8%87%e0%b8%a5#breadcrumb","itemListElement":[{"@type":"ListItem","position":1,"name":"Home","item":"https:\/\/www.dillerbottle.com\/"},{"@type":"ListItem","position":2,"name":"Products","item":"https:\/\/www.dillerbottle.com\/shop"},{"@type":"ListItem","position":3,"name":"Panda Graffiti Outdoor Thermo Bottle"}]},{"@type":"WebSite","@id":"https:\/\/www.dillerbottle.com\/#website","url":"https:\/\/www.dillerbottle.com\/","name":"Diller Su \u015ei\u015fesi \u00dcreticisi","description":"Su \u015ei\u015fesi \u00dcreticisi","publisher":{"@id":"https:\/\/www.dillerbottle.com\/#organization"},"potentialAction":[{"@type":"SearchAction","target":{"@type":"EntryPoint","urlTemplate":"https:\/\/www.dillerbottle.com\/?s={search_term_string}"},"query-input":{"@type":"PropertyValueSpecification","valueRequired":true,"valueName":"search_term_string"}}],"inLanguage":"tr"},{"@type":"Organization","@id":"https:\/\/www.dillerbottle.com\/#organization","name":"Diller Su \u015ei\u015fesi \u00dcreticisi","url":"https:\/\/www.dillerbottle.com\/","logo":{"@type":"ImageObject","inLanguage":"tr","@id":"https:\/\/www.dillerbottle.com\/#\/schema\/logo\/image\/","url":"https:\/\/www.dillerbottle.com\/wp-content\/uploads\/2024\/09\/49918bfa848dcc1e9f8b509933603ac.png","contentUrl":"https:\/\/www.dillerbottle.com\/wp-content\/uploads\/2024\/09\/49918bfa848dcc1e9f8b509933603ac.png","width":988,"height":198,"caption":"Diller Water Bottle Manufacturer"},"image":{"@id":"https:\/\/www.dillerbottle.com\/#\/schema\/logo\/image\/"}}]}},"_links":{"self":[{"href":"https:\/\/www.dillerbottle.com\/tr\/wp-json\/wp\/v2\/product\/8184","targetHints":{"allow":["GET"]}}],"collection":[{"href":"https:\/\/www.dillerbottle.com\/tr\/wp-json\/wp\/v2\/product"}],"about":[{"href":"https:\/\/www.dillerbottle.com\/tr\/wp-json\/wp\/v2\/types\/product"}],"replies":[{"embeddable":true,"href":"https:\/\/www.dillerbottle.com\/tr\/wp-json\/wp\/v2\/comments?post=8184"}],"wp:featuredmedia":[{"embeddable":true,"href":"https:\/\/www.dillerbottle.com\/tr\/wp-json\/wp\/v2\/media\/8185"}],"wp:attachment":[{"href":"https:\/\/www.dillerbottle.com\/tr\/wp-json\/wp\/v2\/media?parent=8184"}],"wp:term":[{"taxonomy":"product_brand","embeddable":true,"href":"https:\/\/www.dillerbottle.com\/tr\/wp-json\/wp\/v2\/product_brand?post=8184"},{"taxonomy":"product_cat","embeddable":true,"href":"https:\/\/www.dillerbottle.com\/tr\/wp-json\/wp\/v2\/product_cat?post=8184"},{"taxonomy":"product_tag","embeddable":true,"href":"https:\/\/www.dillerbottle.com\/tr\/wp-json\/wp\/v2\/product_tag?post=8184"}],"curies":[{"name":"wp","href":"https:\/\/api.w.org\/{rel}","templated":true}]}}