{"id":8325,"date":"2024-09-29T14:15:50","date_gmt":"2024-09-29T06:15:50","guid":{"rendered":"https:\/\/demo.dillerbottle.com\/products\/mini-panda-thermo-bottle"},"modified":"2026-02-28T10:43:50","modified_gmt":"2026-02-28T02:43:50","slug":"mini-panda-termos-sisesi","status":"publish","type":"product","link":"https:\/\/www.dillerbottle.com\/tr\/products\/mini-panda-thermo-bottle","title":{"rendered":"Mini Panda Termo \u015ei\u015fe"},"content":{"rendered":"<p>1. Mini panda termos \u015fi\u015fesi, etkili bir \u015fekilde s\u0131cak ve so\u011fuk tutabilen y\u00fcksek kaliteli g\u0131da s\u0131n\u0131f\u0131 316 hafif paslanmaz \u00e7elikten yap\u0131lm\u0131\u015ft\u0131r.<\/p>\n<p>2.140ml k\u00fc\u00e7\u00fck kapasiteli, tek elle tutulabilir, d\u0131\u015far\u0131 \u00e7\u0131karken giysi \u00e7antas\u0131na konulabilir.<\/p>\n<p>3. Bardak kapa\u011f\u0131, \u00e7antaya ters yerle\u015ftirildi\u011finde su s\u0131zd\u0131rma korkusu olmayan silikon s\u0131zd\u0131rmazl\u0131k halkas\u0131 ile donat\u0131lm\u0131\u015ft\u0131r.<\/p>\n<p>4.Bardak g\u00f6vdesindeki orijinal panda grafiti deseni su i\u00e7meyi e\u011flenceli hale getiriyor.<\/p>","protected":false},"excerpt":{"rendered":"<p>Bu mini panda termos \u015fi\u015fe dayan\u0131kl\u0131 316 paslanmaz \u00e7elikten ve g\u0131da s\u0131n\u0131f\u0131 malzemelerden \u00fcretilmi\u015ftir.<br \/>\nVakum yal\u0131t\u0131ml\u0131 bu metal su mataras\u0131, i\u00e7indekileri 6-12 saate kadar s\u0131cak veya buz gibi so\u011fuk tutabilir.<br \/>\n150ml k\u00fc\u00e7\u00fck kapasiteli, tek elle tutulabilir, d\u0131\u015far\u0131 \u00e7\u0131karken giysi \u00e7antas\u0131na konulabilir.<br \/>\nBardak kapa\u011f\u0131nda s\u0131zd\u0131rmazl\u0131k sa\u011flayan ve s\u0131zd\u0131rmazl\u0131\u011f\u0131 sa\u011flayan silikon halka bulunmaktad\u0131r.<br \/>\nOEM ve OEM kabul edilebilir.<br \/>\nTermosunuzu ihtiya\u00e7lar\u0131n\u0131za g\u00f6re \u00f6zelle\u015ftirebiliriz.<br \/>\nToptan sat\u0131n almaya ho\u015f geldiniz, hemen soru\u015fturma g\u00f6nderin!<\/p>","protected":false},"featured_media":8326,"comment_status":"open","ping_status":"closed","template":"","meta":{"_acf_changed":false},"product_brand":[],"product_cat":[18],"product_tag":[748],"class_list":{"0":"post-8325","1":"product","2":"type-product","3":"status-publish","4":"has-post-thumbnail","6":"product_cat-insulated-water-bottle","7":"product_tag-mini-panda-thermo-bottle","9":"first","10":"instock","11":"shipping-taxable","12":"product-type-simple"},"acf":[],"yoast_head":"<!-- This site is optimized with the Yoast SEO Premium plugin v27.4 (Yoast SEO v27.4) - https:\/\/yoast.com\/product\/yoast-seo-premium-wordpress\/ -->\n<title>Mini Panda Thermo Bottle - Diller Water Bottle Manufacturer<\/title>\n<meta name=\"description\" content=\"As one of the best mini panda thermo bottle manufacturers and suppliers, we are engaged in manufacturing good quality water bottles. We warmly welcome you to wholesale or buy custom made mini panda thermo bottle at competitive price from us. Also, small quantity orders are acceptable.\" \/>\n<meta name=\"robots\" content=\"index, follow, max-snippet:-1, max-image-preview:large, max-video-preview:-1\" \/>\n<link rel=\"canonical\" href=\"https:\/\/www.dillerbottle.com\/tr\/urunler\/mini-panda-termos-sisesi\" \/>\n<meta property=\"og:locale\" content=\"tr_TR\" \/>\n<meta property=\"og:type\" content=\"article\" \/>\n<meta property=\"og:title\" content=\"Mini Panda Thermo Bottle\" \/>\n<meta property=\"og:description\" content=\"As one of the best mini panda thermo bottle manufacturers and suppliers, we are engaged in manufacturing good quality water bottles. We warmly welcome you to wholesale or buy custom made mini panda thermo bottle at competitive price from us. Also, small quantity orders are acceptable.\" \/>\n<meta property=\"og:url\" content=\"https:\/\/www.dillerbottle.com\/tr\/urunler\/mini-panda-termos-sisesi\" \/>\n<meta property=\"og:site_name\" content=\"Diller Water Bottle Manufacturer\" \/>\n<meta property=\"article:modified_time\" content=\"2026-02-28T02:43:50+00:00\" \/>\n<meta property=\"og:image\" content=\"https:\/\/www.dillerbottle.com\/wp-content\/uploads\/2024\/09\/mini-panda-thermo-bottlecad61129-dfe2-4273-aec1-405162fc9fb0.jpg\" \/>\n\t<meta property=\"og:image:width\" content=\"800\" \/>\n\t<meta property=\"og:image:height\" content=\"800\" \/>\n\t<meta property=\"og:image:type\" content=\"image\/jpeg\" \/>\n<meta name=\"twitter:card\" content=\"summary_large_image\" \/>\n<meta name=\"twitter:label1\" content=\"Tahmini okuma s\u00fcresi\" \/>\n\t<meta name=\"twitter:data1\" content=\"5 dakika\" \/>\n<script type=\"application\/ld+json\" class=\"yoast-schema-graph\">{\"@context\":\"https:\\\/\\\/schema.org\",\"@graph\":[{\"@type\":\"WebPage\",\"@id\":\"https:\\\/\\\/www.dillerbottle.com\\\/products\\\/mini-panda-thermo-bottle\",\"url\":\"https:\\\/\\\/www.dillerbottle.com\\\/products\\\/mini-panda-thermo-bottle\",\"name\":\"Mini Panda Thermo Bottle - Diller Water Bottle Manufacturer\",\"isPartOf\":{\"@id\":\"https:\\\/\\\/www.dillerbottle.com\\\/#website\"},\"primaryImageOfPage\":{\"@id\":\"https:\\\/\\\/www.dillerbottle.com\\\/products\\\/mini-panda-thermo-bottle#primaryimage\"},\"image\":{\"@id\":\"https:\\\/\\\/www.dillerbottle.com\\\/products\\\/mini-panda-thermo-bottle#primaryimage\"},\"thumbnailUrl\":\"https:\\\/\\\/www.dillerbottle.com\\\/wp-content\\\/uploads\\\/2024\\\/09\\\/mini-panda-thermo-bottlecad61129-dfe2-4273-aec1-405162fc9fb0.jpg\",\"datePublished\":\"2024-09-29T06:15:50+00:00\",\"dateModified\":\"2026-02-28T02:43:50+00:00\",\"description\":\"As one of the best mini panda thermo bottle manufacturers and suppliers, we are engaged in manufacturing good quality water bottles. We warmly welcome you to wholesale or buy custom made mini panda thermo bottle at competitive price from us. Also, small quantity orders are acceptable.\",\"breadcrumb\":{\"@id\":\"https:\\\/\\\/www.dillerbottle.com\\\/products\\\/mini-panda-thermo-bottle#breadcrumb\"},\"inLanguage\":\"tr\",\"potentialAction\":[{\"@type\":\"ReadAction\",\"target\":[\"https:\\\/\\\/www.dillerbottle.com\\\/products\\\/mini-panda-thermo-bottle\"]}]},{\"@type\":\"ImageObject\",\"inLanguage\":\"tr\",\"@id\":\"https:\\\/\\\/www.dillerbottle.com\\\/products\\\/mini-panda-thermo-bottle#primaryimage\",\"url\":\"https:\\\/\\\/www.dillerbottle.com\\\/wp-content\\\/uploads\\\/2024\\\/09\\\/mini-panda-thermo-bottlecad61129-dfe2-4273-aec1-405162fc9fb0.jpg\",\"contentUrl\":\"https:\\\/\\\/www.dillerbottle.com\\\/wp-content\\\/uploads\\\/2024\\\/09\\\/mini-panda-thermo-bottlecad61129-dfe2-4273-aec1-405162fc9fb0.jpg\",\"width\":800,\"height\":800},{\"@type\":\"BreadcrumbList\",\"@id\":\"https:\\\/\\\/www.dillerbottle.com\\\/products\\\/mini-panda-thermo-bottle#breadcrumb\",\"itemListElement\":[{\"@type\":\"ListItem\",\"position\":1,\"name\":\"Home\",\"item\":\"https:\\\/\\\/www.dillerbottle.com\\\/\"},{\"@type\":\"ListItem\",\"position\":2,\"name\":\"Products\",\"item\":\"https:\\\/\\\/www.dillerbottle.com\\\/shop\"},{\"@type\":\"ListItem\",\"position\":3,\"name\":\"Mini Panda Thermo Bottle\"}]},{\"@type\":\"WebSite\",\"@id\":\"https:\\\/\\\/www.dillerbottle.com\\\/#website\",\"url\":\"https:\\\/\\\/www.dillerbottle.com\\\/\",\"name\":\"Diller Water Bottle Manufacturer\",\"description\":\"Water Bottle Manufacturer\",\"publisher\":{\"@id\":\"https:\\\/\\\/www.dillerbottle.com\\\/#organization\"},\"potentialAction\":[{\"@type\":\"SearchAction\",\"target\":{\"@type\":\"EntryPoint\",\"urlTemplate\":\"https:\\\/\\\/www.dillerbottle.com\\\/?s={search_term_string}\"},\"query-input\":{\"@type\":\"PropertyValueSpecification\",\"valueRequired\":true,\"valueName\":\"search_term_string\"}}],\"inLanguage\":\"tr\"},{\"@type\":\"Organization\",\"@id\":\"https:\\\/\\\/www.dillerbottle.com\\\/#organization\",\"name\":\"Diller Water Bottle Manufacturer\",\"url\":\"https:\\\/\\\/www.dillerbottle.com\\\/\",\"logo\":{\"@type\":\"ImageObject\",\"inLanguage\":\"tr\",\"@id\":\"https:\\\/\\\/www.dillerbottle.com\\\/#\\\/schema\\\/logo\\\/image\\\/\",\"url\":\"https:\\\/\\\/www.dillerbottle.com\\\/wp-content\\\/uploads\\\/2024\\\/09\\\/49918bfa848dcc1e9f8b509933603ac.png\",\"contentUrl\":\"https:\\\/\\\/www.dillerbottle.com\\\/wp-content\\\/uploads\\\/2024\\\/09\\\/49918bfa848dcc1e9f8b509933603ac.png\",\"width\":988,\"height\":198,\"caption\":\"Diller Water Bottle Manufacturer\"},\"image\":{\"@id\":\"https:\\\/\\\/www.dillerbottle.com\\\/#\\\/schema\\\/logo\\\/image\\\/\"}}]}<\/script>\n<!-- \/ Yoast SEO Premium plugin. -->","yoast_head_json":{"title":"Mini Panda Termo \u015ei\u015fe - Diller Su \u015ei\u015fesi \u00dcreticisi","description":"En iyi mini panda termos \u015fi\u015fe \u00fcreticilerinden ve tedarik\u00e7ilerinden biri olarak, kaliteli su \u015fi\u015feleri \u00fcretiyoruz. Toptan sat\u0131\u015f yapman\u0131z\u0131 veya bizden rekabet\u00e7i fiyatlarla \u00f6zel yap\u0131m mini panda termos \u015fi\u015fe sat\u0131n alman\u0131z\u0131 i\u00e7tenlikle bekliyoruz. Ayr\u0131ca, k\u00fc\u00e7\u00fck miktardaki sipari\u015fler de kabul edilebilir.","robots":{"index":"index","follow":"follow","max-snippet":"max-snippet:-1","max-image-preview":"max-image-preview:large","max-video-preview":"max-video-preview:-1"},"canonical":"https:\/\/www.dillerbottle.com\/tr\/urunler\/mini-panda-termos-sisesi","og_locale":"tr_TR","og_type":"article","og_title":"Mini Panda Thermo Bottle","og_description":"As one of the best mini panda thermo bottle manufacturers and suppliers, we are engaged in manufacturing good quality water bottles. We warmly welcome you to wholesale or buy custom made mini panda thermo bottle at competitive price from us. Also, small quantity orders are acceptable.","og_url":"https:\/\/www.dillerbottle.com\/tr\/urunler\/mini-panda-termos-sisesi","og_site_name":"Diller Water Bottle Manufacturer","article_modified_time":"2026-02-28T02:43:50+00:00","og_image":[{"width":800,"height":800,"url":"https:\/\/www.dillerbottle.com\/wp-content\/uploads\/2024\/09\/mini-panda-thermo-bottlecad61129-dfe2-4273-aec1-405162fc9fb0.jpg","type":"image\/jpeg"}],"twitter_card":"summary_large_image","twitter_misc":{"Tahmini okuma s\u00fcresi":"5 dakika"},"schema":{"@context":"https:\/\/schema.org","@graph":[{"@type":"WebPage","@id":"https:\/\/www.dillerbottle.com\/products\/mini-panda-thermo-bottle","url":"https:\/\/www.dillerbottle.com\/products\/mini-panda-thermo-bottle","name":"Mini Panda Termo \u015ei\u015fe - Diller Su \u015ei\u015fesi \u00dcreticisi","isPartOf":{"@id":"https:\/\/www.dillerbottle.com\/#website"},"primaryImageOfPage":{"@id":"https:\/\/www.dillerbottle.com\/products\/mini-panda-thermo-bottle#primaryimage"},"image":{"@id":"https:\/\/www.dillerbottle.com\/products\/mini-panda-thermo-bottle#primaryimage"},"thumbnailUrl":"https:\/\/www.dillerbottle.com\/wp-content\/uploads\/2024\/09\/mini-panda-thermo-bottlecad61129-dfe2-4273-aec1-405162fc9fb0.jpg","datePublished":"2024-09-29T06:15:50+00:00","dateModified":"2026-02-28T02:43:50+00:00","description":"En iyi mini panda termos \u015fi\u015fe \u00fcreticilerinden ve tedarik\u00e7ilerinden biri olarak, kaliteli su \u015fi\u015feleri \u00fcretiyoruz. Toptan sat\u0131\u015f yapman\u0131z\u0131 veya bizden rekabet\u00e7i fiyatlarla \u00f6zel yap\u0131m mini panda termos \u015fi\u015fe sat\u0131n alman\u0131z\u0131 i\u00e7tenlikle bekliyoruz. Ayr\u0131ca, k\u00fc\u00e7\u00fck miktardaki sipari\u015fler de kabul edilebilir.","breadcrumb":{"@id":"https:\/\/www.dillerbottle.com\/products\/mini-panda-thermo-bottle#breadcrumb"},"inLanguage":"tr","potentialAction":[{"@type":"ReadAction","target":["https:\/\/www.dillerbottle.com\/products\/mini-panda-thermo-bottle"]}]},{"@type":"ImageObject","inLanguage":"tr","@id":"https:\/\/www.dillerbottle.com\/products\/mini-panda-thermo-bottle#primaryimage","url":"https:\/\/www.dillerbottle.com\/wp-content\/uploads\/2024\/09\/mini-panda-thermo-bottlecad61129-dfe2-4273-aec1-405162fc9fb0.jpg","contentUrl":"https:\/\/www.dillerbottle.com\/wp-content\/uploads\/2024\/09\/mini-panda-thermo-bottlecad61129-dfe2-4273-aec1-405162fc9fb0.jpg","width":800,"height":800},{"@type":"BreadcrumbList","@id":"https:\/\/www.dillerbottle.com\/products\/mini-panda-thermo-bottle#breadcrumb","itemListElement":[{"@type":"ListItem","position":1,"name":"Home","item":"https:\/\/www.dillerbottle.com\/"},{"@type":"ListItem","position":2,"name":"Products","item":"https:\/\/www.dillerbottle.com\/shop"},{"@type":"ListItem","position":3,"name":"Mini Panda Thermo Bottle"}]},{"@type":"WebSite","@id":"https:\/\/www.dillerbottle.com\/#website","url":"https:\/\/www.dillerbottle.com\/","name":"Diller Su \u015ei\u015fesi \u00dcreticisi","description":"Su \u015ei\u015fesi \u00dcreticisi","publisher":{"@id":"https:\/\/www.dillerbottle.com\/#organization"},"potentialAction":[{"@type":"SearchAction","target":{"@type":"EntryPoint","urlTemplate":"https:\/\/www.dillerbottle.com\/?s={search_term_string}"},"query-input":{"@type":"PropertyValueSpecification","valueRequired":true,"valueName":"search_term_string"}}],"inLanguage":"tr"},{"@type":"Organization","@id":"https:\/\/www.dillerbottle.com\/#organization","name":"Diller Su \u015ei\u015fesi \u00dcreticisi","url":"https:\/\/www.dillerbottle.com\/","logo":{"@type":"ImageObject","inLanguage":"tr","@id":"https:\/\/www.dillerbottle.com\/#\/schema\/logo\/image\/","url":"https:\/\/www.dillerbottle.com\/wp-content\/uploads\/2024\/09\/49918bfa848dcc1e9f8b509933603ac.png","contentUrl":"https:\/\/www.dillerbottle.com\/wp-content\/uploads\/2024\/09\/49918bfa848dcc1e9f8b509933603ac.png","width":988,"height":198,"caption":"Diller Water Bottle Manufacturer"},"image":{"@id":"https:\/\/www.dillerbottle.com\/#\/schema\/logo\/image\/"}}]}},"_links":{"self":[{"href":"https:\/\/www.dillerbottle.com\/tr\/wp-json\/wp\/v2\/product\/8325","targetHints":{"allow":["GET"]}}],"collection":[{"href":"https:\/\/www.dillerbottle.com\/tr\/wp-json\/wp\/v2\/product"}],"about":[{"href":"https:\/\/www.dillerbottle.com\/tr\/wp-json\/wp\/v2\/types\/product"}],"replies":[{"embeddable":true,"href":"https:\/\/www.dillerbottle.com\/tr\/wp-json\/wp\/v2\/comments?post=8325"}],"wp:featuredmedia":[{"embeddable":true,"href":"https:\/\/www.dillerbottle.com\/tr\/wp-json\/wp\/v2\/media\/8326"}],"wp:attachment":[{"href":"https:\/\/www.dillerbottle.com\/tr\/wp-json\/wp\/v2\/media?parent=8325"}],"wp:term":[{"taxonomy":"product_brand","embeddable":true,"href":"https:\/\/www.dillerbottle.com\/tr\/wp-json\/wp\/v2\/product_brand?post=8325"},{"taxonomy":"product_cat","embeddable":true,"href":"https:\/\/www.dillerbottle.com\/tr\/wp-json\/wp\/v2\/product_cat?post=8325"},{"taxonomy":"product_tag","embeddable":true,"href":"https:\/\/www.dillerbottle.com\/tr\/wp-json\/wp\/v2\/product_tag?post=8325"}],"curies":[{"name":"wp","href":"https:\/\/api.w.org\/{rel}","templated":true}]}}