{"id":8722,"date":"2024-09-29T14:21:26","date_gmt":"2024-09-29T06:21:26","guid":{"rendered":"https:\/\/demo.dillerbottle.com\/products\/camping-stainless-steel-water-bottle"},"modified":"2025-07-09T16:09:26","modified_gmt":"2025-07-09T08:09:26","slug":"kamp-paslanmaz-celik-su-sisesi","status":"publish","type":"product","link":"https:\/\/www.dillerbottle.com\/tr\/products\/camping-stainless-steel-water-bottle","title":{"rendered":"Kamp Paslanmaz \u00c7elik Su \u015ei\u015fesi"},"content":{"rendered":"<p>1. Kamp paslanmaz \u00e7elik su \u015fi\u015fesi, i\u00e7 astar olarak y\u00fcksek kaliteli 316 paslanmaz \u00e7elik kullan\u0131r ve bu sayede i\u00e7indeki i\u00e7eceklerin 6-12 saate kadar s\u0131cak veya so\u011fuk tutulmas\u0131n\u0131 sa\u011flar.<\/p>\n<p>2. Bu \u00fcr\u00fcn\u00fcn g\u00f6r\u00fcn\u00fcm tasar\u0131m\u0131 sade ve \u015f\u0131kt\u0131r ve geni\u015f bardak a\u011fz\u0131 temizlenmesi ve buz k\u00fcpleri eklenmesini kolayla\u015ft\u0131r\u0131r.<\/p>\n<p>3. Bu kamp paslanmaz \u00e7elik su \u015fi\u015fesi, kamp yaparken veya a\u00e7\u0131k havada seyahat ederken kullan\u0131ma uygun, b\u00fcy\u00fck kapasiteli, \u015f\u0131k, pratik ve kullan\u0131\u015fl\u0131 bir yal\u0131t\u0131ml\u0131 bardakt\u0131r.<\/p>\n<p>4. Bardak kapa\u011f\u0131nda d\u00fcz bir i\u00e7me portu ve bir pipet portu bulunur, b\u00f6ylece istedi\u011finiz i\u00e7me y\u00f6ntemini se\u00e7ebilirsiniz. Paslanmaz \u00e7elik ve silikon sap tasar\u0131m\u0131 d\u0131\u015far\u0131 \u00e7\u0131karken ta\u015f\u0131may\u0131 kolayla\u015ft\u0131r\u0131r.<\/p>\n<p><iframe title=\"Toptan Vakumlu Matara Kamp Paslanmaz \u00c7elik Su \u015ei\u015feleri Pipet ve Sapl\u0131 MLH9111\" width=\"800\" height=\"450\" src=\"https:\/\/www.youtube.com\/embed\/-Ua05TFO9yM?feature=oembed\" frameborder=\"0\" allow=\"accelerometer; autoplay; clipboard-write; encrypted-media; gyroscope; picture-in-picture; web-share\" referrerpolicy=\"strict-origin-when-cross-origin\" allowfullscreen><\/iframe><\/p>","protected":false},"excerpt":{"rendered":"<p>Bu kamp paslanmaz \u00e7elik su \u015fi\u015fesi dayan\u0131kl\u0131 316 paslanmaz \u00e7elikten ve g\u0131da s\u0131n\u0131f\u0131 malzemelerden \u00fcretilmi\u015ftir.<br \/>\nVakum yal\u0131t\u0131ml\u0131 bu metal su mataras\u0131, i\u00e7indekileri 6-12 saate kadar s\u0131cak veya buz gibi so\u011fuk tutabilir.<br \/>\nBardak kapa\u011f\u0131nda d\u00fcz i\u00e7me portu ve pipet portu bulunuyor, b\u00f6ylece diledi\u011finiz i\u00e7im y\u00f6ntemini se\u00e7ebiliyorsunuz.<br \/>\nPaslanmaz \u00e7elik ve silikon sap tasar\u0131m\u0131 d\u0131\u015far\u0131 \u00e7\u0131karken ta\u015f\u0131may\u0131 kolayla\u015ft\u0131r\u0131r.<br \/>\nOEM ve ODM kabul edilebilir.<br \/>\nTermosunuzu ihtiya\u00e7lar\u0131n\u0131za g\u00f6re \u00f6zelle\u015ftirebiliriz.<br \/>\nToptan sat\u0131n almaya ho\u015f geldiniz, hemen soru\u015fturma g\u00f6nderin!<\/p>","protected":false},"featured_media":8723,"comment_status":"open","ping_status":"closed","template":"","meta":{"_acf_changed":false},"product_brand":[],"product_cat":[18],"product_tag":[776,32,36,33,781,31,39,38,566,29,37,34,35,747,28,771,782,706,30],"class_list":{"0":"post-8722","1":"product","2":"type-product","3":"status-publish","4":"has-post-thumbnail","6":"product_cat-insulated-water-bottle","7":"product_tag-700ml-stainless-water-bottle","8":"product_tag-best","9":"product_tag-bulk","10":"product_tag-buy","11":"product_tag-camping-stainless-steel-water-bottle","12":"product_tag-custom","13":"product_tag-for-sale","14":"product_tag-good-quality","15":"product_tag-kawaii-water-bottle","16":"product_tag-manufacturers","17":"product_tag-manufacturing","18":"product_tag-price","19":"product_tag-small","20":"product_tag-steel-water-drinking-bottle-with-handgrip","21":"product_tag-suppliers","22":"product_tag-water-bottle-sublimation","23":"product_tag-water-bottle-with-strap","24":"product_tag-water-bottle-with-time-marker","25":"product_tag-wholesale","27":"first","28":"instock","29":"shipping-taxable","30":"product-type-simple"},"acf":[],"yoast_head":"<!-- This site is optimized with the Yoast SEO Premium plugin v27.5 (Yoast SEO v27.5) - https:\/\/yoast.com\/product\/yoast-seo-premium-wordpress\/ -->\n<title>Camping Stainless Steel Water Bottle - Diller Water Bottle Manufacturer<\/title>\n<meta name=\"description\" content=\"As one of the best camping stainless steel water bottle manufacturers and suppliers, we are engaged in manufacturing good quality water bottles. We warmly welcome you to wholesale or buy custom made camping stainless steel water bottle at competitive price from us. Also, small quantity orders are acceptable.\" \/>\n<meta name=\"robots\" content=\"index, follow, max-snippet:-1, max-image-preview:large, max-video-preview:-1\" \/>\n<link rel=\"canonical\" href=\"https:\/\/www.dillerbottle.com\/tr\/urunler\/kamp-paslanmaz-celik-su-sisesi\" \/>\n<meta property=\"og:locale\" content=\"tr_TR\" \/>\n<meta property=\"og:type\" content=\"article\" \/>\n<meta property=\"og:title\" content=\"Camping Stainless Steel Water Bottle\" \/>\n<meta property=\"og:description\" content=\"As one of the best camping stainless steel water bottle manufacturers and suppliers, we are engaged in manufacturing good quality water bottles. We warmly welcome you to wholesale or buy custom made camping stainless steel water bottle at competitive price from us. Also, small quantity orders are acceptable.\" \/>\n<meta property=\"og:url\" content=\"https:\/\/www.dillerbottle.com\/tr\/urunler\/kamp-paslanmaz-celik-su-sisesi\" \/>\n<meta property=\"og:site_name\" content=\"Diller Water Bottle Manufacturer\" \/>\n<meta property=\"article:modified_time\" content=\"2025-07-09T08:09:26+00:00\" \/>\n<meta property=\"og:image\" content=\"https:\/\/www.dillerbottle.com\/wp-content\/uploads\/2024\/09\/camping-stainless-steel-water-bottle0dfcf6e1-8a5e-4174-a711-af9f64c14b09.jpg\" \/>\n\t<meta property=\"og:image:width\" content=\"730\" \/>\n\t<meta property=\"og:image:height\" content=\"730\" \/>\n\t<meta property=\"og:image:type\" content=\"image\/jpeg\" \/>\n<meta name=\"twitter:card\" content=\"summary_large_image\" \/>\n<meta name=\"twitter:label1\" content=\"Tahmini okuma s\u00fcresi\" \/>\n\t<meta name=\"twitter:data1\" content=\"6 dakika\" \/>\n<script type=\"application\/ld+json\" class=\"yoast-schema-graph\">{\"@context\":\"https:\\\/\\\/schema.org\",\"@graph\":[{\"@type\":\"WebPage\",\"@id\":\"https:\\\/\\\/www.dillerbottle.com\\\/ja\\\/%e8%a3%bd%e5%93%81\\\/%e3%82%ad%e3%83%a3%e3%83%b3%e3%83%97%e7%94%a8%e3%82%b9%e3%83%86%e3%83%b3%e3%83%ac%e3%82%b9%e3%82%b9%e3%83%81%e3%83%bc%e3%83%ab%e3%82%a6%e3%82%a9%e3%83%bc%e3%82%bf%e3%83%bc%e3%83%9c%e3%83%88%e3%83%ab\",\"url\":\"https:\\\/\\\/www.dillerbottle.com\\\/ja\\\/%e8%a3%bd%e5%93%81\\\/%e3%82%ad%e3%83%a3%e3%83%b3%e3%83%97%e7%94%a8%e3%82%b9%e3%83%86%e3%83%b3%e3%83%ac%e3%82%b9%e3%82%b9%e3%83%81%e3%83%bc%e3%83%ab%e3%82%a6%e3%82%a9%e3%83%bc%e3%82%bf%e3%83%bc%e3%83%9c%e3%83%88%e3%83%ab\",\"name\":\"Camping Stainless Steel Water Bottle - Diller Water Bottle Manufacturer\",\"isPartOf\":{\"@id\":\"https:\\\/\\\/www.dillerbottle.com\\\/#website\"},\"primaryImageOfPage\":{\"@id\":\"https:\\\/\\\/www.dillerbottle.com\\\/ja\\\/%e8%a3%bd%e5%93%81\\\/%e3%82%ad%e3%83%a3%e3%83%b3%e3%83%97%e7%94%a8%e3%82%b9%e3%83%86%e3%83%b3%e3%83%ac%e3%82%b9%e3%82%b9%e3%83%81%e3%83%bc%e3%83%ab%e3%82%a6%e3%82%a9%e3%83%bc%e3%82%bf%e3%83%bc%e3%83%9c%e3%83%88%e3%83%ab#primaryimage\"},\"image\":{\"@id\":\"https:\\\/\\\/www.dillerbottle.com\\\/ja\\\/%e8%a3%bd%e5%93%81\\\/%e3%82%ad%e3%83%a3%e3%83%b3%e3%83%97%e7%94%a8%e3%82%b9%e3%83%86%e3%83%b3%e3%83%ac%e3%82%b9%e3%82%b9%e3%83%81%e3%83%bc%e3%83%ab%e3%82%a6%e3%82%a9%e3%83%bc%e3%82%bf%e3%83%bc%e3%83%9c%e3%83%88%e3%83%ab#primaryimage\"},\"thumbnailUrl\":\"https:\\\/\\\/www.dillerbottle.com\\\/wp-content\\\/uploads\\\/2024\\\/09\\\/camping-stainless-steel-water-bottle0dfcf6e1-8a5e-4174-a711-af9f64c14b09.jpg\",\"datePublished\":\"2024-09-29T06:21:26+00:00\",\"dateModified\":\"2025-07-09T08:09:26+00:00\",\"description\":\"As one of the best camping stainless steel water bottle manufacturers and suppliers, we are engaged in manufacturing good quality water bottles. We warmly welcome you to wholesale or buy custom made camping stainless steel water bottle at competitive price from us. Also, small quantity orders are acceptable.\",\"breadcrumb\":{\"@id\":\"https:\\\/\\\/www.dillerbottle.com\\\/ja\\\/%e8%a3%bd%e5%93%81\\\/%e3%82%ad%e3%83%a3%e3%83%b3%e3%83%97%e7%94%a8%e3%82%b9%e3%83%86%e3%83%b3%e3%83%ac%e3%82%b9%e3%82%b9%e3%83%81%e3%83%bc%e3%83%ab%e3%82%a6%e3%82%a9%e3%83%bc%e3%82%bf%e3%83%bc%e3%83%9c%e3%83%88%e3%83%ab#breadcrumb\"},\"inLanguage\":\"tr\",\"potentialAction\":[{\"@type\":\"ReadAction\",\"target\":[\"https:\\\/\\\/www.dillerbottle.com\\\/ja\\\/%e8%a3%bd%e5%93%81\\\/%e3%82%ad%e3%83%a3%e3%83%b3%e3%83%97%e7%94%a8%e3%82%b9%e3%83%86%e3%83%b3%e3%83%ac%e3%82%b9%e3%82%b9%e3%83%81%e3%83%bc%e3%83%ab%e3%82%a6%e3%82%a9%e3%83%bc%e3%82%bf%e3%83%bc%e3%83%9c%e3%83%88%e3%83%ab\"]}]},{\"@type\":\"ImageObject\",\"inLanguage\":\"tr\",\"@id\":\"https:\\\/\\\/www.dillerbottle.com\\\/ja\\\/%e8%a3%bd%e5%93%81\\\/%e3%82%ad%e3%83%a3%e3%83%b3%e3%83%97%e7%94%a8%e3%82%b9%e3%83%86%e3%83%b3%e3%83%ac%e3%82%b9%e3%82%b9%e3%83%81%e3%83%bc%e3%83%ab%e3%82%a6%e3%82%a9%e3%83%bc%e3%82%bf%e3%83%bc%e3%83%9c%e3%83%88%e3%83%ab#primaryimage\",\"url\":\"https:\\\/\\\/www.dillerbottle.com\\\/wp-content\\\/uploads\\\/2024\\\/09\\\/camping-stainless-steel-water-bottle0dfcf6e1-8a5e-4174-a711-af9f64c14b09.jpg\",\"contentUrl\":\"https:\\\/\\\/www.dillerbottle.com\\\/wp-content\\\/uploads\\\/2024\\\/09\\\/camping-stainless-steel-water-bottle0dfcf6e1-8a5e-4174-a711-af9f64c14b09.jpg\",\"width\":730,\"height\":730},{\"@type\":\"BreadcrumbList\",\"@id\":\"https:\\\/\\\/www.dillerbottle.com\\\/ja\\\/%e8%a3%bd%e5%93%81\\\/%e3%82%ad%e3%83%a3%e3%83%b3%e3%83%97%e7%94%a8%e3%82%b9%e3%83%86%e3%83%b3%e3%83%ac%e3%82%b9%e3%82%b9%e3%83%81%e3%83%bc%e3%83%ab%e3%82%a6%e3%82%a9%e3%83%bc%e3%82%bf%e3%83%bc%e3%83%9c%e3%83%88%e3%83%ab#breadcrumb\",\"itemListElement\":[{\"@type\":\"ListItem\",\"position\":1,\"name\":\"Home\",\"item\":\"https:\\\/\\\/www.dillerbottle.com\\\/\"},{\"@type\":\"ListItem\",\"position\":2,\"name\":\"Products\",\"item\":\"https:\\\/\\\/www.dillerbottle.com\\\/shop\"},{\"@type\":\"ListItem\",\"position\":3,\"name\":\"Camping Stainless Steel Water Bottle\"}]},{\"@type\":\"WebSite\",\"@id\":\"https:\\\/\\\/www.dillerbottle.com\\\/#website\",\"url\":\"https:\\\/\\\/www.dillerbottle.com\\\/\",\"name\":\"Diller Water Bottle Manufacturer\",\"description\":\"Water Bottle Manufacturer\",\"publisher\":{\"@id\":\"https:\\\/\\\/www.dillerbottle.com\\\/#organization\"},\"potentialAction\":[{\"@type\":\"SearchAction\",\"target\":{\"@type\":\"EntryPoint\",\"urlTemplate\":\"https:\\\/\\\/www.dillerbottle.com\\\/?s={search_term_string}\"},\"query-input\":{\"@type\":\"PropertyValueSpecification\",\"valueRequired\":true,\"valueName\":\"search_term_string\"}}],\"inLanguage\":\"tr\"},{\"@type\":\"Organization\",\"@id\":\"https:\\\/\\\/www.dillerbottle.com\\\/#organization\",\"name\":\"Diller Water Bottle Manufacturer\",\"url\":\"https:\\\/\\\/www.dillerbottle.com\\\/\",\"logo\":{\"@type\":\"ImageObject\",\"inLanguage\":\"tr\",\"@id\":\"https:\\\/\\\/www.dillerbottle.com\\\/#\\\/schema\\\/logo\\\/image\\\/\",\"url\":\"https:\\\/\\\/www.dillerbottle.com\\\/wp-content\\\/uploads\\\/2024\\\/09\\\/49918bfa848dcc1e9f8b509933603ac.png\",\"contentUrl\":\"https:\\\/\\\/www.dillerbottle.com\\\/wp-content\\\/uploads\\\/2024\\\/09\\\/49918bfa848dcc1e9f8b509933603ac.png\",\"width\":988,\"height\":198,\"caption\":\"Diller Water Bottle Manufacturer\"},\"image\":{\"@id\":\"https:\\\/\\\/www.dillerbottle.com\\\/#\\\/schema\\\/logo\\\/image\\\/\"}}]}<\/script>\n<!-- \/ Yoast SEO Premium plugin. -->","yoast_head_json":{"title":"Kamp Paslanmaz \u00c7elik Su \u015ei\u015fesi - Diller Su \u015ei\u015fesi \u00dcreticisi","description":"En iyi kamp paslanmaz \u00e7elik su \u015fi\u015fesi \u00fcreticilerinden ve tedarik\u00e7ilerinden biri olarak, kaliteli su \u015fi\u015feleri \u00fcretiyoruz. Sizleri toptan sat\u0131\u015fa veya rekabet\u00e7i fiyatlarla bizden \u00f6zel yap\u0131m kamp paslanmaz \u00e7elik su \u015fi\u015fesi sat\u0131n almaya davet ediyoruz. Ayr\u0131ca, k\u00fc\u00e7\u00fck miktardaki sipari\u015fler de kabul edilebilir.","robots":{"index":"index","follow":"follow","max-snippet":"max-snippet:-1","max-image-preview":"max-image-preview:large","max-video-preview":"max-video-preview:-1"},"canonical":"https:\/\/www.dillerbottle.com\/tr\/urunler\/kamp-paslanmaz-celik-su-sisesi","og_locale":"tr_TR","og_type":"article","og_title":"Camping Stainless Steel Water Bottle","og_description":"As one of the best camping stainless steel water bottle manufacturers and suppliers, we are engaged in manufacturing good quality water bottles. We warmly welcome you to wholesale or buy custom made camping stainless steel water bottle at competitive price from us. Also, small quantity orders are acceptable.","og_url":"https:\/\/www.dillerbottle.com\/tr\/urunler\/kamp-paslanmaz-celik-su-sisesi","og_site_name":"Diller Water Bottle Manufacturer","article_modified_time":"2025-07-09T08:09:26+00:00","og_image":[{"width":730,"height":730,"url":"https:\/\/www.dillerbottle.com\/wp-content\/uploads\/2024\/09\/camping-stainless-steel-water-bottle0dfcf6e1-8a5e-4174-a711-af9f64c14b09.jpg","type":"image\/jpeg"}],"twitter_card":"summary_large_image","twitter_misc":{"Tahmini okuma s\u00fcresi":"6 dakika"},"schema":{"@context":"https:\/\/schema.org","@graph":[{"@type":"WebPage","@id":"https:\/\/www.dillerbottle.com\/ja\/%e8%a3%bd%e5%93%81\/%e3%82%ad%e3%83%a3%e3%83%b3%e3%83%97%e7%94%a8%e3%82%b9%e3%83%86%e3%83%b3%e3%83%ac%e3%82%b9%e3%82%b9%e3%83%81%e3%83%bc%e3%83%ab%e3%82%a6%e3%82%a9%e3%83%bc%e3%82%bf%e3%83%bc%e3%83%9c%e3%83%88%e3%83%ab","url":"https:\/\/www.dillerbottle.com\/ja\/%e8%a3%bd%e5%93%81\/%e3%82%ad%e3%83%a3%e3%83%b3%e3%83%97%e7%94%a8%e3%82%b9%e3%83%86%e3%83%b3%e3%83%ac%e3%82%b9%e3%82%b9%e3%83%81%e3%83%bc%e3%83%ab%e3%82%a6%e3%82%a9%e3%83%bc%e3%82%bf%e3%83%bc%e3%83%9c%e3%83%88%e3%83%ab","name":"Kamp Paslanmaz \u00c7elik Su \u015ei\u015fesi - Diller Su \u015ei\u015fesi \u00dcreticisi","isPartOf":{"@id":"https:\/\/www.dillerbottle.com\/#website"},"primaryImageOfPage":{"@id":"https:\/\/www.dillerbottle.com\/ja\/%e8%a3%bd%e5%93%81\/%e3%82%ad%e3%83%a3%e3%83%b3%e3%83%97%e7%94%a8%e3%82%b9%e3%83%86%e3%83%b3%e3%83%ac%e3%82%b9%e3%82%b9%e3%83%81%e3%83%bc%e3%83%ab%e3%82%a6%e3%82%a9%e3%83%bc%e3%82%bf%e3%83%bc%e3%83%9c%e3%83%88%e3%83%ab#primaryimage"},"image":{"@id":"https:\/\/www.dillerbottle.com\/ja\/%e8%a3%bd%e5%93%81\/%e3%82%ad%e3%83%a3%e3%83%b3%e3%83%97%e7%94%a8%e3%82%b9%e3%83%86%e3%83%b3%e3%83%ac%e3%82%b9%e3%82%b9%e3%83%81%e3%83%bc%e3%83%ab%e3%82%a6%e3%82%a9%e3%83%bc%e3%82%bf%e3%83%bc%e3%83%9c%e3%83%88%e3%83%ab#primaryimage"},"thumbnailUrl":"https:\/\/www.dillerbottle.com\/wp-content\/uploads\/2024\/09\/camping-stainless-steel-water-bottle0dfcf6e1-8a5e-4174-a711-af9f64c14b09.jpg","datePublished":"2024-09-29T06:21:26+00:00","dateModified":"2025-07-09T08:09:26+00:00","description":"En iyi kamp paslanmaz \u00e7elik su \u015fi\u015fesi \u00fcreticilerinden ve tedarik\u00e7ilerinden biri olarak, kaliteli su \u015fi\u015feleri \u00fcretiyoruz. Sizleri toptan sat\u0131\u015fa veya rekabet\u00e7i fiyatlarla bizden \u00f6zel yap\u0131m kamp paslanmaz \u00e7elik su \u015fi\u015fesi sat\u0131n almaya davet ediyoruz. Ayr\u0131ca, k\u00fc\u00e7\u00fck miktardaki sipari\u015fler de kabul edilebilir.","breadcrumb":{"@id":"https:\/\/www.dillerbottle.com\/ja\/%e8%a3%bd%e5%93%81\/%e3%82%ad%e3%83%a3%e3%83%b3%e3%83%97%e7%94%a8%e3%82%b9%e3%83%86%e3%83%b3%e3%83%ac%e3%82%b9%e3%82%b9%e3%83%81%e3%83%bc%e3%83%ab%e3%82%a6%e3%82%a9%e3%83%bc%e3%82%bf%e3%83%bc%e3%83%9c%e3%83%88%e3%83%ab#breadcrumb"},"inLanguage":"tr","potentialAction":[{"@type":"ReadAction","target":["https:\/\/www.dillerbottle.com\/ja\/%e8%a3%bd%e5%93%81\/%e3%82%ad%e3%83%a3%e3%83%b3%e3%83%97%e7%94%a8%e3%82%b9%e3%83%86%e3%83%b3%e3%83%ac%e3%82%b9%e3%82%b9%e3%83%81%e3%83%bc%e3%83%ab%e3%82%a6%e3%82%a9%e3%83%bc%e3%82%bf%e3%83%bc%e3%83%9c%e3%83%88%e3%83%ab"]}]},{"@type":"ImageObject","inLanguage":"tr","@id":"https:\/\/www.dillerbottle.com\/ja\/%e8%a3%bd%e5%93%81\/%e3%82%ad%e3%83%a3%e3%83%b3%e3%83%97%e7%94%a8%e3%82%b9%e3%83%86%e3%83%b3%e3%83%ac%e3%82%b9%e3%82%b9%e3%83%81%e3%83%bc%e3%83%ab%e3%82%a6%e3%82%a9%e3%83%bc%e3%82%bf%e3%83%bc%e3%83%9c%e3%83%88%e3%83%ab#primaryimage","url":"https:\/\/www.dillerbottle.com\/wp-content\/uploads\/2024\/09\/camping-stainless-steel-water-bottle0dfcf6e1-8a5e-4174-a711-af9f64c14b09.jpg","contentUrl":"https:\/\/www.dillerbottle.com\/wp-content\/uploads\/2024\/09\/camping-stainless-steel-water-bottle0dfcf6e1-8a5e-4174-a711-af9f64c14b09.jpg","width":730,"height":730},{"@type":"BreadcrumbList","@id":"https:\/\/www.dillerbottle.com\/ja\/%e8%a3%bd%e5%93%81\/%e3%82%ad%e3%83%a3%e3%83%b3%e3%83%97%e7%94%a8%e3%82%b9%e3%83%86%e3%83%b3%e3%83%ac%e3%82%b9%e3%82%b9%e3%83%81%e3%83%bc%e3%83%ab%e3%82%a6%e3%82%a9%e3%83%bc%e3%82%bf%e3%83%bc%e3%83%9c%e3%83%88%e3%83%ab#breadcrumb","itemListElement":[{"@type":"ListItem","position":1,"name":"Home","item":"https:\/\/www.dillerbottle.com\/"},{"@type":"ListItem","position":2,"name":"Products","item":"https:\/\/www.dillerbottle.com\/shop"},{"@type":"ListItem","position":3,"name":"Camping Stainless Steel Water Bottle"}]},{"@type":"WebSite","@id":"https:\/\/www.dillerbottle.com\/#website","url":"https:\/\/www.dillerbottle.com\/","name":"Diller Su \u015ei\u015fesi \u00dcreticisi","description":"Su \u015ei\u015fesi \u00dcreticisi","publisher":{"@id":"https:\/\/www.dillerbottle.com\/#organization"},"potentialAction":[{"@type":"SearchAction","target":{"@type":"EntryPoint","urlTemplate":"https:\/\/www.dillerbottle.com\/?s={search_term_string}"},"query-input":{"@type":"PropertyValueSpecification","valueRequired":true,"valueName":"search_term_string"}}],"inLanguage":"tr"},{"@type":"Organization","@id":"https:\/\/www.dillerbottle.com\/#organization","name":"Diller Su \u015ei\u015fesi \u00dcreticisi","url":"https:\/\/www.dillerbottle.com\/","logo":{"@type":"ImageObject","inLanguage":"tr","@id":"https:\/\/www.dillerbottle.com\/#\/schema\/logo\/image\/","url":"https:\/\/www.dillerbottle.com\/wp-content\/uploads\/2024\/09\/49918bfa848dcc1e9f8b509933603ac.png","contentUrl":"https:\/\/www.dillerbottle.com\/wp-content\/uploads\/2024\/09\/49918bfa848dcc1e9f8b509933603ac.png","width":988,"height":198,"caption":"Diller Water Bottle Manufacturer"},"image":{"@id":"https:\/\/www.dillerbottle.com\/#\/schema\/logo\/image\/"}}]}},"_links":{"self":[{"href":"https:\/\/www.dillerbottle.com\/tr\/wp-json\/wp\/v2\/product\/8722","targetHints":{"allow":["GET"]}}],"collection":[{"href":"https:\/\/www.dillerbottle.com\/tr\/wp-json\/wp\/v2\/product"}],"about":[{"href":"https:\/\/www.dillerbottle.com\/tr\/wp-json\/wp\/v2\/types\/product"}],"replies":[{"embeddable":true,"href":"https:\/\/www.dillerbottle.com\/tr\/wp-json\/wp\/v2\/comments?post=8722"}],"wp:featuredmedia":[{"embeddable":true,"href":"https:\/\/www.dillerbottle.com\/tr\/wp-json\/wp\/v2\/media\/8723"}],"wp:attachment":[{"href":"https:\/\/www.dillerbottle.com\/tr\/wp-json\/wp\/v2\/media?parent=8722"}],"wp:term":[{"taxonomy":"product_brand","embeddable":true,"href":"https:\/\/www.dillerbottle.com\/tr\/wp-json\/wp\/v2\/product_brand?post=8722"},{"taxonomy":"product_cat","embeddable":true,"href":"https:\/\/www.dillerbottle.com\/tr\/wp-json\/wp\/v2\/product_cat?post=8722"},{"taxonomy":"product_tag","embeddable":true,"href":"https:\/\/www.dillerbottle.com\/tr\/wp-json\/wp\/v2\/product_tag?post=8722"}],"curies":[{"name":"wp","href":"https:\/\/api.w.org\/{rel}","templated":true}]}}