{"id":8752,"date":"2024-09-29T14:21:54","date_gmt":"2024-09-29T06:21:54","guid":{"rendered":"https:\/\/demo.dillerbottle.com\/products\/fun-graffiti-insulated-coffee-mug"},"modified":"2025-07-09T16:09:13","modified_gmt":"2025-07-09T08:09:13","slug":"eglenceli-grafiti-yalitimli-kahve-kupasi","status":"publish","type":"product","link":"https:\/\/www.dillerbottle.com\/tr\/products\/fun-graffiti-insulated-coffee-mug","title":{"rendered":"E\u011flenceli Graffiti Yal\u0131t\u0131ml\u0131 Kahve Kupas\u0131"},"content":{"rendered":"<p>1. E\u011flenceli grafiti yal\u0131t\u0131ml\u0131 kahve kupas\u0131, s\u0131cak ve so\u011fu\u011fu etkili bir \u015fekilde tutabilen y\u00fcksek kaliteli g\u0131da s\u0131n\u0131f\u0131 304 (18\/8) hafif paslanmaz \u00e7elikten yap\u0131lm\u0131\u015ft\u0131r.<\/p>\n<p>2. Kapasitesi 1200 ml olup yeterli miktarda su, kahve, \u00e7ay vb. tutabilir.<\/p>\n<p>3. Bardak kapa\u011f\u0131nda s\u0131zd\u0131rmazl\u0131k silikon halkas\u0131 vard\u0131r, bu nedenle nas\u0131l tutarsan\u0131z tutun, su s\u0131z\u0131nt\u0131s\u0131ndan korkmayacaks\u0131n\u0131z. \u00dccretsiz paslanmaz \u00e7elik pipet, do\u011frudan veya pipetle t\u00fcketilebilir.<\/p>\n<p>4.Kupa g\u00f6vdesi geni\u015f bir sapa sahiptir, bu da d\u0131\u015far\u0131 \u00e7\u0131karken ta\u015f\u0131may\u0131 daha kolay hale getirir. Kupa g\u00f6vdesi ayr\u0131ca orijinal ve e\u011flenceli bir grafiti tasar\u0131m\u0131na sahiptir.<\/p>\n<p>OEM ve ODM kabul edilebilir.<br \/>\nBardaklar\u0131 ihtiya\u00e7lar\u0131n\u0131za g\u00f6re \u00f6zelle\u015ftirebiliriz.<br \/>\nToptan sat\u0131n almaya ho\u015f geldiniz, hemen soru\u015fturma g\u00f6nderin!<\/p>\n<p><iframe title=\"Fun Graffiti Paslanmaz \u00c7elik Su \u015ei\u015fesi Ta\u015f\u0131nabilir Seyahat Kupas\u0131 Bardak 40oz Sapl\u0131 MLH9127\" width=\"800\" height=\"450\" src=\"https:\/\/www.youtube.com\/embed\/CAm04pIXRGk?feature=oembed\" frameborder=\"0\" allow=\"accelerometer; autoplay; clipboard-write; encrypted-media; gyroscope; picture-in-picture; web-share\" referrerpolicy=\"strict-origin-when-cross-origin\" allowfullscreen><\/iframe><\/p>","protected":false},"excerpt":{"rendered":"<p>Bu e\u011flenceli grafiti yal\u0131t\u0131ml\u0131 kahve kupas\u0131 dayan\u0131kl\u0131 paslanmaz \u00e7elik ve g\u0131da s\u0131n\u0131f\u0131 malzemelerden \u00fcretilmi\u015ftir.<br \/>\nVakum yal\u0131t\u0131ml\u0131 bu metal su mataras\u0131, i\u00e7indekileri 6-12 saate kadar s\u0131cak veya buz gibi so\u011fuk tutabilir.<br \/>\nKupan\u0131n g\u00f6vdesi geni\u015f bir sapa sahip oldu\u011fundan d\u0131\u015far\u0131 \u00e7\u0131karken ta\u015f\u0131mas\u0131 daha rahatt\u0131r.<br \/>\nKupan\u0131n g\u00f6vdesinde ayr\u0131ca orijinal ve e\u011flenceli bir grafiti tasar\u0131m\u0131 yer al\u0131yor.<br \/>\nOEM ve ODM kabul edilebilir.<br \/>\nTermosunuzu ihtiya\u00e7lar\u0131n\u0131za g\u00f6re \u00f6zelle\u015ftirebiliriz.<br \/>\nToptan sat\u0131n almaya ho\u015f geldiniz, hemen soru\u015fturma g\u00f6nderin!<\/p>","protected":false},"featured_media":8753,"comment_status":"open","ping_status":"closed","template":"","meta":{"_acf_changed":false},"product_brand":[],"product_cat":[46,18],"product_tag":[785,32,36,33,31,524,749,39,783,38,29,37,784,34,35,28,692,537,30],"class_list":{"0":"post-8752","1":"product","2":"type-product","3":"status-publish","4":"has-post-thumbnail","6":"product_cat-cup","7":"product_cat-insulated-water-bottle","8":"product_tag-500ml-stainless-steel-water-bottle","9":"product_tag-best","10":"product_tag-bulk","11":"product_tag-buy","12":"product_tag-custom","13":"product_tag-drinking-water-bottles","14":"product_tag-eco-friendly-water-bottle","15":"product_tag-for-sale","16":"product_tag-fun-graffiti-insulated-coffee-mug","17":"product_tag-good-quality","18":"product_tag-manufacturers","19":"product_tag-manufacturing","20":"product_tag-portable-water-bottle","21":"product_tag-price","22":"product_tag-small","23":"product_tag-suppliers","24":"product_tag-vacuum-sports-stainless-steel-sport-water-bottle","25":"product_tag-water-bottle-sleeve","26":"product_tag-wholesale","28":"first","29":"instock","30":"shipping-taxable","31":"product-type-simple"},"acf":[],"yoast_head":"<!-- This site is optimized with the Yoast SEO Premium plugin v27.5 (Yoast SEO v27.5) - https:\/\/yoast.com\/product\/yoast-seo-premium-wordpress\/ -->\n<title>Fun Graffiti Insulated Coffee Mug - Diller Water Bottle Manufacturer<\/title>\n<meta name=\"description\" content=\"As one of the best fun graffiti insulated coffee mug manufacturers and suppliers, we are engaged in manufacturing good quality water bottles. We warmly welcome you to wholesale or buy custom made fun graffiti insulated coffee mug at competitive price from us. Also, small quantity orders are acceptable.\" \/>\n<meta name=\"robots\" content=\"index, follow, max-snippet:-1, max-image-preview:large, max-video-preview:-1\" \/>\n<link rel=\"canonical\" href=\"https:\/\/www.dillerbottle.com\/tr\/urunler\/eglenceli-grafiti-yalitimli-kahve-kupasi\" \/>\n<meta property=\"og:locale\" content=\"tr_TR\" \/>\n<meta property=\"og:type\" content=\"article\" \/>\n<meta property=\"og:title\" content=\"Fun Graffiti Insulated Coffee Mug\" \/>\n<meta property=\"og:description\" content=\"As one of the best fun graffiti insulated coffee mug manufacturers and suppliers, we are engaged in manufacturing good quality water bottles. We warmly welcome you to wholesale or buy custom made fun graffiti insulated coffee mug at competitive price from us. Also, small quantity orders are acceptable.\" \/>\n<meta property=\"og:url\" content=\"https:\/\/www.dillerbottle.com\/tr\/urunler\/eglenceli-grafiti-yalitimli-kahve-kupasi\" \/>\n<meta property=\"og:site_name\" content=\"Diller Water Bottle Manufacturer\" \/>\n<meta property=\"article:modified_time\" content=\"2025-07-09T08:09:13+00:00\" \/>\n<meta property=\"og:image\" content=\"https:\/\/www.dillerbottle.com\/wp-content\/uploads\/2024\/09\/fun-graffiti-insulated-coffee-mug8df559d6-a6f9-459e-a7a2-f4cf53e235e1.jpg\" \/>\n\t<meta property=\"og:image:width\" content=\"730\" \/>\n\t<meta property=\"og:image:height\" content=\"730\" \/>\n\t<meta property=\"og:image:type\" content=\"image\/jpeg\" \/>\n<meta name=\"twitter:card\" content=\"summary_large_image\" \/>\n<meta name=\"twitter:label1\" content=\"Tahmini okuma s\u00fcresi\" \/>\n\t<meta name=\"twitter:data1\" content=\"6 dakika\" \/>\n<script type=\"application\/ld+json\" class=\"yoast-schema-graph\">{\"@context\":\"https:\\\/\\\/schema.org\",\"@graph\":[{\"@type\":\"WebPage\",\"@id\":\"https:\\\/\\\/www.dillerbottle.com\\\/ja\\\/%e8%a3%bd%e5%93%81\\\/%e6%a5%bd%e3%81%97%e3%81%84%e8%90%bd%e6%9b%b8%e3%81%8d%e6%96%ad%e7%86%b1%e3%82%b3%e3%83%bc%e3%83%92%e3%83%bc%e3%83%9e%e3%82%b0\",\"url\":\"https:\\\/\\\/www.dillerbottle.com\\\/ja\\\/%e8%a3%bd%e5%93%81\\\/%e6%a5%bd%e3%81%97%e3%81%84%e8%90%bd%e6%9b%b8%e3%81%8d%e6%96%ad%e7%86%b1%e3%82%b3%e3%83%bc%e3%83%92%e3%83%bc%e3%83%9e%e3%82%b0\",\"name\":\"Fun Graffiti Insulated Coffee Mug - Diller Water Bottle Manufacturer\",\"isPartOf\":{\"@id\":\"https:\\\/\\\/www.dillerbottle.com\\\/#website\"},\"primaryImageOfPage\":{\"@id\":\"https:\\\/\\\/www.dillerbottle.com\\\/ja\\\/%e8%a3%bd%e5%93%81\\\/%e6%a5%bd%e3%81%97%e3%81%84%e8%90%bd%e6%9b%b8%e3%81%8d%e6%96%ad%e7%86%b1%e3%82%b3%e3%83%bc%e3%83%92%e3%83%bc%e3%83%9e%e3%82%b0#primaryimage\"},\"image\":{\"@id\":\"https:\\\/\\\/www.dillerbottle.com\\\/ja\\\/%e8%a3%bd%e5%93%81\\\/%e6%a5%bd%e3%81%97%e3%81%84%e8%90%bd%e6%9b%b8%e3%81%8d%e6%96%ad%e7%86%b1%e3%82%b3%e3%83%bc%e3%83%92%e3%83%bc%e3%83%9e%e3%82%b0#primaryimage\"},\"thumbnailUrl\":\"https:\\\/\\\/www.dillerbottle.com\\\/wp-content\\\/uploads\\\/2024\\\/09\\\/fun-graffiti-insulated-coffee-mug8df559d6-a6f9-459e-a7a2-f4cf53e235e1.jpg\",\"datePublished\":\"2024-09-29T06:21:54+00:00\",\"dateModified\":\"2025-07-09T08:09:13+00:00\",\"description\":\"As one of the best fun graffiti insulated coffee mug manufacturers and suppliers, we are engaged in manufacturing good quality water bottles. We warmly welcome you to wholesale or buy custom made fun graffiti insulated coffee mug at competitive price from us. Also, small quantity orders are acceptable.\",\"breadcrumb\":{\"@id\":\"https:\\\/\\\/www.dillerbottle.com\\\/ja\\\/%e8%a3%bd%e5%93%81\\\/%e6%a5%bd%e3%81%97%e3%81%84%e8%90%bd%e6%9b%b8%e3%81%8d%e6%96%ad%e7%86%b1%e3%82%b3%e3%83%bc%e3%83%92%e3%83%bc%e3%83%9e%e3%82%b0#breadcrumb\"},\"inLanguage\":\"tr\",\"potentialAction\":[{\"@type\":\"ReadAction\",\"target\":[\"https:\\\/\\\/www.dillerbottle.com\\\/ja\\\/%e8%a3%bd%e5%93%81\\\/%e6%a5%bd%e3%81%97%e3%81%84%e8%90%bd%e6%9b%b8%e3%81%8d%e6%96%ad%e7%86%b1%e3%82%b3%e3%83%bc%e3%83%92%e3%83%bc%e3%83%9e%e3%82%b0\"]}]},{\"@type\":\"ImageObject\",\"inLanguage\":\"tr\",\"@id\":\"https:\\\/\\\/www.dillerbottle.com\\\/ja\\\/%e8%a3%bd%e5%93%81\\\/%e6%a5%bd%e3%81%97%e3%81%84%e8%90%bd%e6%9b%b8%e3%81%8d%e6%96%ad%e7%86%b1%e3%82%b3%e3%83%bc%e3%83%92%e3%83%bc%e3%83%9e%e3%82%b0#primaryimage\",\"url\":\"https:\\\/\\\/www.dillerbottle.com\\\/wp-content\\\/uploads\\\/2024\\\/09\\\/fun-graffiti-insulated-coffee-mug8df559d6-a6f9-459e-a7a2-f4cf53e235e1.jpg\",\"contentUrl\":\"https:\\\/\\\/www.dillerbottle.com\\\/wp-content\\\/uploads\\\/2024\\\/09\\\/fun-graffiti-insulated-coffee-mug8df559d6-a6f9-459e-a7a2-f4cf53e235e1.jpg\",\"width\":730,\"height\":730},{\"@type\":\"BreadcrumbList\",\"@id\":\"https:\\\/\\\/www.dillerbottle.com\\\/ja\\\/%e8%a3%bd%e5%93%81\\\/%e6%a5%bd%e3%81%97%e3%81%84%e8%90%bd%e6%9b%b8%e3%81%8d%e6%96%ad%e7%86%b1%e3%82%b3%e3%83%bc%e3%83%92%e3%83%bc%e3%83%9e%e3%82%b0#breadcrumb\",\"itemListElement\":[{\"@type\":\"ListItem\",\"position\":1,\"name\":\"Home\",\"item\":\"https:\\\/\\\/www.dillerbottle.com\\\/\"},{\"@type\":\"ListItem\",\"position\":2,\"name\":\"Products\",\"item\":\"https:\\\/\\\/www.dillerbottle.com\\\/shop\"},{\"@type\":\"ListItem\",\"position\":3,\"name\":\"Fun Graffiti Insulated Coffee Mug\"}]},{\"@type\":\"WebSite\",\"@id\":\"https:\\\/\\\/www.dillerbottle.com\\\/#website\",\"url\":\"https:\\\/\\\/www.dillerbottle.com\\\/\",\"name\":\"Diller Water Bottle Manufacturer\",\"description\":\"Water Bottle Manufacturer\",\"publisher\":{\"@id\":\"https:\\\/\\\/www.dillerbottle.com\\\/#organization\"},\"potentialAction\":[{\"@type\":\"SearchAction\",\"target\":{\"@type\":\"EntryPoint\",\"urlTemplate\":\"https:\\\/\\\/www.dillerbottle.com\\\/?s={search_term_string}\"},\"query-input\":{\"@type\":\"PropertyValueSpecification\",\"valueRequired\":true,\"valueName\":\"search_term_string\"}}],\"inLanguage\":\"tr\"},{\"@type\":\"Organization\",\"@id\":\"https:\\\/\\\/www.dillerbottle.com\\\/#organization\",\"name\":\"Diller Water Bottle Manufacturer\",\"url\":\"https:\\\/\\\/www.dillerbottle.com\\\/\",\"logo\":{\"@type\":\"ImageObject\",\"inLanguage\":\"tr\",\"@id\":\"https:\\\/\\\/www.dillerbottle.com\\\/#\\\/schema\\\/logo\\\/image\\\/\",\"url\":\"https:\\\/\\\/www.dillerbottle.com\\\/wp-content\\\/uploads\\\/2024\\\/09\\\/49918bfa848dcc1e9f8b509933603ac.png\",\"contentUrl\":\"https:\\\/\\\/www.dillerbottle.com\\\/wp-content\\\/uploads\\\/2024\\\/09\\\/49918bfa848dcc1e9f8b509933603ac.png\",\"width\":988,\"height\":198,\"caption\":\"Diller Water Bottle Manufacturer\"},\"image\":{\"@id\":\"https:\\\/\\\/www.dillerbottle.com\\\/#\\\/schema\\\/logo\\\/image\\\/\"}}]}<\/script>\n<!-- \/ Yoast SEO Premium plugin. -->","yoast_head_json":{"title":"E\u011flenceli Graffiti Yal\u0131t\u0131ml\u0131 Kahve Kupas\u0131 - Diller Su \u015ei\u015fesi \u00dcreticisi","description":"En iyi e\u011flenceli grafiti yal\u0131t\u0131ml\u0131 kahve kupas\u0131 \u00fcreticilerinden ve tedarik\u00e7ilerinden biri olarak, kaliteli su \u015fi\u015feleri \u00fcretiyoruz. Toptan sat\u0131\u015f yapman\u0131z\u0131 veya bizden rekabet\u00e7i fiyatlarla \u00f6zel yap\u0131m e\u011flenceli grafiti yal\u0131t\u0131ml\u0131 kahve kupas\u0131 sat\u0131n alman\u0131z\u0131 i\u00e7tenlikle bekliyoruz. Ayr\u0131ca, k\u00fc\u00e7\u00fck miktardaki sipari\u015fler de kabul edilebilir.","robots":{"index":"index","follow":"follow","max-snippet":"max-snippet:-1","max-image-preview":"max-image-preview:large","max-video-preview":"max-video-preview:-1"},"canonical":"https:\/\/www.dillerbottle.com\/tr\/urunler\/eglenceli-grafiti-yalitimli-kahve-kupasi","og_locale":"tr_TR","og_type":"article","og_title":"Fun Graffiti Insulated Coffee Mug","og_description":"As one of the best fun graffiti insulated coffee mug manufacturers and suppliers, we are engaged in manufacturing good quality water bottles. We warmly welcome you to wholesale or buy custom made fun graffiti insulated coffee mug at competitive price from us. Also, small quantity orders are acceptable.","og_url":"https:\/\/www.dillerbottle.com\/tr\/urunler\/eglenceli-grafiti-yalitimli-kahve-kupasi","og_site_name":"Diller Water Bottle Manufacturer","article_modified_time":"2025-07-09T08:09:13+00:00","og_image":[{"width":730,"height":730,"url":"https:\/\/www.dillerbottle.com\/wp-content\/uploads\/2024\/09\/fun-graffiti-insulated-coffee-mug8df559d6-a6f9-459e-a7a2-f4cf53e235e1.jpg","type":"image\/jpeg"}],"twitter_card":"summary_large_image","twitter_misc":{"Tahmini okuma s\u00fcresi":"6 dakika"},"schema":{"@context":"https:\/\/schema.org","@graph":[{"@type":"WebPage","@id":"https:\/\/www.dillerbottle.com\/ja\/%e8%a3%bd%e5%93%81\/%e6%a5%bd%e3%81%97%e3%81%84%e8%90%bd%e6%9b%b8%e3%81%8d%e6%96%ad%e7%86%b1%e3%82%b3%e3%83%bc%e3%83%92%e3%83%bc%e3%83%9e%e3%82%b0","url":"https:\/\/www.dillerbottle.com\/ja\/%e8%a3%bd%e5%93%81\/%e6%a5%bd%e3%81%97%e3%81%84%e8%90%bd%e6%9b%b8%e3%81%8d%e6%96%ad%e7%86%b1%e3%82%b3%e3%83%bc%e3%83%92%e3%83%bc%e3%83%9e%e3%82%b0","name":"E\u011flenceli Graffiti Yal\u0131t\u0131ml\u0131 Kahve Kupas\u0131 - Diller Su \u015ei\u015fesi \u00dcreticisi","isPartOf":{"@id":"https:\/\/www.dillerbottle.com\/#website"},"primaryImageOfPage":{"@id":"https:\/\/www.dillerbottle.com\/ja\/%e8%a3%bd%e5%93%81\/%e6%a5%bd%e3%81%97%e3%81%84%e8%90%bd%e6%9b%b8%e3%81%8d%e6%96%ad%e7%86%b1%e3%82%b3%e3%83%bc%e3%83%92%e3%83%bc%e3%83%9e%e3%82%b0#primaryimage"},"image":{"@id":"https:\/\/www.dillerbottle.com\/ja\/%e8%a3%bd%e5%93%81\/%e6%a5%bd%e3%81%97%e3%81%84%e8%90%bd%e6%9b%b8%e3%81%8d%e6%96%ad%e7%86%b1%e3%82%b3%e3%83%bc%e3%83%92%e3%83%bc%e3%83%9e%e3%82%b0#primaryimage"},"thumbnailUrl":"https:\/\/www.dillerbottle.com\/wp-content\/uploads\/2024\/09\/fun-graffiti-insulated-coffee-mug8df559d6-a6f9-459e-a7a2-f4cf53e235e1.jpg","datePublished":"2024-09-29T06:21:54+00:00","dateModified":"2025-07-09T08:09:13+00:00","description":"En iyi e\u011flenceli grafiti yal\u0131t\u0131ml\u0131 kahve kupas\u0131 \u00fcreticilerinden ve tedarik\u00e7ilerinden biri olarak, kaliteli su \u015fi\u015feleri \u00fcretiyoruz. Toptan sat\u0131\u015f yapman\u0131z\u0131 veya bizden rekabet\u00e7i fiyatlarla \u00f6zel yap\u0131m e\u011flenceli grafiti yal\u0131t\u0131ml\u0131 kahve kupas\u0131 sat\u0131n alman\u0131z\u0131 i\u00e7tenlikle bekliyoruz. Ayr\u0131ca, k\u00fc\u00e7\u00fck miktardaki sipari\u015fler de kabul edilebilir.","breadcrumb":{"@id":"https:\/\/www.dillerbottle.com\/ja\/%e8%a3%bd%e5%93%81\/%e6%a5%bd%e3%81%97%e3%81%84%e8%90%bd%e6%9b%b8%e3%81%8d%e6%96%ad%e7%86%b1%e3%82%b3%e3%83%bc%e3%83%92%e3%83%bc%e3%83%9e%e3%82%b0#breadcrumb"},"inLanguage":"tr","potentialAction":[{"@type":"ReadAction","target":["https:\/\/www.dillerbottle.com\/ja\/%e8%a3%bd%e5%93%81\/%e6%a5%bd%e3%81%97%e3%81%84%e8%90%bd%e6%9b%b8%e3%81%8d%e6%96%ad%e7%86%b1%e3%82%b3%e3%83%bc%e3%83%92%e3%83%bc%e3%83%9e%e3%82%b0"]}]},{"@type":"ImageObject","inLanguage":"tr","@id":"https:\/\/www.dillerbottle.com\/ja\/%e8%a3%bd%e5%93%81\/%e6%a5%bd%e3%81%97%e3%81%84%e8%90%bd%e6%9b%b8%e3%81%8d%e6%96%ad%e7%86%b1%e3%82%b3%e3%83%bc%e3%83%92%e3%83%bc%e3%83%9e%e3%82%b0#primaryimage","url":"https:\/\/www.dillerbottle.com\/wp-content\/uploads\/2024\/09\/fun-graffiti-insulated-coffee-mug8df559d6-a6f9-459e-a7a2-f4cf53e235e1.jpg","contentUrl":"https:\/\/www.dillerbottle.com\/wp-content\/uploads\/2024\/09\/fun-graffiti-insulated-coffee-mug8df559d6-a6f9-459e-a7a2-f4cf53e235e1.jpg","width":730,"height":730},{"@type":"BreadcrumbList","@id":"https:\/\/www.dillerbottle.com\/ja\/%e8%a3%bd%e5%93%81\/%e6%a5%bd%e3%81%97%e3%81%84%e8%90%bd%e6%9b%b8%e3%81%8d%e6%96%ad%e7%86%b1%e3%82%b3%e3%83%bc%e3%83%92%e3%83%bc%e3%83%9e%e3%82%b0#breadcrumb","itemListElement":[{"@type":"ListItem","position":1,"name":"Home","item":"https:\/\/www.dillerbottle.com\/"},{"@type":"ListItem","position":2,"name":"Products","item":"https:\/\/www.dillerbottle.com\/shop"},{"@type":"ListItem","position":3,"name":"Fun Graffiti Insulated Coffee Mug"}]},{"@type":"WebSite","@id":"https:\/\/www.dillerbottle.com\/#website","url":"https:\/\/www.dillerbottle.com\/","name":"Diller Su \u015ei\u015fesi \u00dcreticisi","description":"Su \u015ei\u015fesi \u00dcreticisi","publisher":{"@id":"https:\/\/www.dillerbottle.com\/#organization"},"potentialAction":[{"@type":"SearchAction","target":{"@type":"EntryPoint","urlTemplate":"https:\/\/www.dillerbottle.com\/?s={search_term_string}"},"query-input":{"@type":"PropertyValueSpecification","valueRequired":true,"valueName":"search_term_string"}}],"inLanguage":"tr"},{"@type":"Organization","@id":"https:\/\/www.dillerbottle.com\/#organization","name":"Diller Su \u015ei\u015fesi \u00dcreticisi","url":"https:\/\/www.dillerbottle.com\/","logo":{"@type":"ImageObject","inLanguage":"tr","@id":"https:\/\/www.dillerbottle.com\/#\/schema\/logo\/image\/","url":"https:\/\/www.dillerbottle.com\/wp-content\/uploads\/2024\/09\/49918bfa848dcc1e9f8b509933603ac.png","contentUrl":"https:\/\/www.dillerbottle.com\/wp-content\/uploads\/2024\/09\/49918bfa848dcc1e9f8b509933603ac.png","width":988,"height":198,"caption":"Diller Water Bottle Manufacturer"},"image":{"@id":"https:\/\/www.dillerbottle.com\/#\/schema\/logo\/image\/"}}]}},"_links":{"self":[{"href":"https:\/\/www.dillerbottle.com\/tr\/wp-json\/wp\/v2\/product\/8752","targetHints":{"allow":["GET"]}}],"collection":[{"href":"https:\/\/www.dillerbottle.com\/tr\/wp-json\/wp\/v2\/product"}],"about":[{"href":"https:\/\/www.dillerbottle.com\/tr\/wp-json\/wp\/v2\/types\/product"}],"replies":[{"embeddable":true,"href":"https:\/\/www.dillerbottle.com\/tr\/wp-json\/wp\/v2\/comments?post=8752"}],"wp:featuredmedia":[{"embeddable":true,"href":"https:\/\/www.dillerbottle.com\/tr\/wp-json\/wp\/v2\/media\/8753"}],"wp:attachment":[{"href":"https:\/\/www.dillerbottle.com\/tr\/wp-json\/wp\/v2\/media?parent=8752"}],"wp:term":[{"taxonomy":"product_brand","embeddable":true,"href":"https:\/\/www.dillerbottle.com\/tr\/wp-json\/wp\/v2\/product_brand?post=8752"},{"taxonomy":"product_cat","embeddable":true,"href":"https:\/\/www.dillerbottle.com\/tr\/wp-json\/wp\/v2\/product_cat?post=8752"},{"taxonomy":"product_tag","embeddable":true,"href":"https:\/\/www.dillerbottle.com\/tr\/wp-json\/wp\/v2\/product_tag?post=8752"}],"curies":[{"name":"wp","href":"https:\/\/api.w.org\/{rel}","templated":true}]}}