{"id":8785,"date":"2024-09-29T14:22:23","date_gmt":"2024-09-29T06:22:23","guid":{"rendered":"https:\/\/demo.dillerbottle.com\/products\/business-gift-insulated-water-flask"},"modified":"2025-07-09T16:09:00","modified_gmt":"2025-07-09T08:09:00","slug":"is-hediyesi-yalitimli-su-matarasi","status":"publish","type":"product","link":"https:\/\/www.dillerbottle.com\/tr\/products\/business-gift-insulated-water-flask","title":{"rendered":"\u0130\u015f Hediyesi Yal\u0131t\u0131ml\u0131 Su Mataras\u0131"},"content":{"rendered":"<p>1. \u0130\u015f hediyesi yal\u0131t\u0131ml\u0131 su mataras\u0131n\u0131n i\u00e7 astar\u0131, i\u00e7ece\u011fi 6-12 saate kadar so\u011fuk veya s\u0131cak tutabilen, t\u00fcm mevsimlere uygun 316 paslanmaz \u00e7elikten yap\u0131lm\u0131\u015ft\u0131r.<\/p>\n<p>2. Kapa\u011f\u0131 a\u00e7\u0131p do\u011frudan i\u00e7ebilir veya i\u00e7mek i\u00e7in bir bardak kapa\u011f\u0131na d\u00f6kebilirsiniz. Bardak kapa\u011f\u0131n\u0131n y\u00fczeyi daha \u015f\u0131k ve benzersiz g\u00f6r\u00fcnen \u00e7eki\u00e7 dokusuyla tasarlanm\u0131\u015ft\u0131r.<\/p>\n<p>3. Bardak kapa\u011f\u0131, \u00e7antaya ters yerle\u015ftirildi\u011finde su s\u0131zd\u0131rma korkusu olmayan silikon s\u0131zd\u0131rmazl\u0131k halkas\u0131 ile donat\u0131lm\u0131\u015ft\u0131r.<\/p>\n<p>4. Yal\u0131t\u0131ml\u0131 su mataras\u0131n\u0131n i\u00e7 kapa\u011f\u0131 titanyum \u00e7ay demleyici ile g\u00f6m\u00fcl\u00fcd\u00fcr, bu da \u00e7ay kal\u0131nt\u0131s\u0131 olmadan \u00e7ay\u0131n tad\u0131na bakmay\u0131 kolayla\u015ft\u0131r\u0131r. D\u00fczenli olarak \u00e7ay i\u00e7mek v\u00fccut i\u00e7in faydal\u0131d\u0131r.<\/p>\n<p>OEM ve ODM kabul edilebilir.<br \/>\nBardaklar\u0131 ihtiya\u00e7lar\u0131n\u0131za g\u00f6re \u00f6zelle\u015ftirebiliriz.<br \/>\nToptan sat\u0131n almaya ho\u015f geldiniz, hemen soru\u015fturma g\u00f6nderin!<\/p>\n<p><iframe title=\"\u00d6zel Logo Paslanmaz \u00c7elik Su \u015ei\u015fesi Yal\u0131t\u0131ml\u0131 Vakumlu Matara Titanyum \u00c7ay Demli\u011fi MLH9107\" width=\"800\" height=\"450\" src=\"https:\/\/www.youtube.com\/embed\/yZ5tC4HO2Ts?feature=oembed\" frameborder=\"0\" allow=\"accelerometer; autoplay; clipboard-write; encrypted-media; gyroscope; picture-in-picture; web-share\" referrerpolicy=\"strict-origin-when-cross-origin\" allowfullscreen><\/iframe><\/p>","protected":false},"excerpt":{"rendered":"<p>Bu i\u015f hediyesi yal\u0131t\u0131ml\u0131 su mataras\u0131 dayan\u0131kl\u0131 316 paslanmaz \u00e7elikten ve g\u0131da s\u0131n\u0131f\u0131 malzemelerden \u00fcretilmi\u015ftir.<br \/>\nVakum yal\u0131t\u0131ml\u0131 bu metal su mataras\u0131, i\u00e7indekileri 6-12 saate kadar s\u0131cak veya buz gibi so\u011fuk tutabilir.<br \/>\nKapa\u011f\u0131n\u0131 a\u00e7\u0131p direkt i\u00e7ebilece\u011finiz gibi, bardak kapa\u011f\u0131na d\u00f6kerek de i\u00e7ebilirsiniz.<br \/>\nKupan\u0131n kapa\u011f\u0131n\u0131n y\u00fczeyi \u00e7eki\u00e7 dokusuyla tasarlanm\u0131\u015f olup, daha \u015f\u0131k ve \u00f6zg\u00fcn bir g\u00f6r\u00fcn\u00fcme sahiptir.<br \/>\nOEM ve ODM kabul edilebilir.<br \/>\nTermosunuzu ihtiya\u00e7lar\u0131n\u0131za g\u00f6re \u00f6zelle\u015ftirebiliriz.<br \/>\nToptan sat\u0131n almaya ho\u015f geldiniz, hemen soru\u015fturma g\u00f6nderin!<\/p>","protected":false},"featured_media":8786,"comment_status":"open","ping_status":"closed","template":"","meta":{"_acf_changed":false},"product_brand":[],"product_cat":[18],"product_tag":[32,36,786,33,31,749,750,39,38,29,37,724,34,35,565,28,787,30,506],"class_list":{"0":"post-8785","1":"product","2":"type-product","3":"status-publish","4":"has-post-thumbnail","6":"product_cat-insulated-water-bottle","7":"product_tag-best","8":"product_tag-bulk","9":"product_tag-business-gift-insulated-water-flask","10":"product_tag-buy","11":"product_tag-custom","12":"product_tag-eco-friendly-water-bottle","13":"product_tag-ecofriendly-water-bottle","14":"product_tag-for-sale","15":"product_tag-good-quality","16":"product_tag-manufacturers","17":"product_tag-manufacturing","18":"product_tag-personalised-water-bottles","19":"product_tag-price","20":"product_tag-small","21":"product_tag-steel-vacuum-sports-water-bottle-keep-cold-24hrs","22":"product_tag-suppliers","23":"product_tag-water-bottle-with-temperature-display","24":"product_tag-wholesale","25":"product_tag-wooden-water-bottles","27":"first","28":"instock","29":"shipping-taxable","30":"product-type-simple"},"acf":[],"yoast_head":"<!-- This site is optimized with the Yoast SEO Premium plugin v27.5 (Yoast SEO v27.5) - https:\/\/yoast.com\/product\/yoast-seo-premium-wordpress\/ -->\n<title>Business Gift Insulated Water Flask - Diller Water Bottle Manufacturer<\/title>\n<meta name=\"description\" content=\"As one of the best business gift insulated water flask manufacturers and suppliers, we are engaged in manufacturing good quality water bottles. We warmly welcome you to wholesale or buy custom made business gift insulated water flask at competitive price from us. Also, small quantity orders are acceptable.\" \/>\n<meta name=\"robots\" content=\"index, follow, max-snippet:-1, max-image-preview:large, max-video-preview:-1\" \/>\n<link rel=\"canonical\" href=\"https:\/\/www.dillerbottle.com\/tr\/urunler\/is-hediyesi-yalitimli-su-matarasi\" \/>\n<meta property=\"og:locale\" content=\"tr_TR\" \/>\n<meta property=\"og:type\" content=\"article\" \/>\n<meta property=\"og:title\" content=\"Business Gift Insulated Water Flask\" \/>\n<meta property=\"og:description\" content=\"As one of the best business gift insulated water flask manufacturers and suppliers, we are engaged in manufacturing good quality water bottles. We warmly welcome you to wholesale or buy custom made business gift insulated water flask at competitive price from us. Also, small quantity orders are acceptable.\" \/>\n<meta property=\"og:url\" content=\"https:\/\/www.dillerbottle.com\/tr\/urunler\/is-hediyesi-yalitimli-su-matarasi\" \/>\n<meta property=\"og:site_name\" content=\"Diller Water Bottle Manufacturer\" \/>\n<meta property=\"article:modified_time\" content=\"2025-07-09T08:09:00+00:00\" \/>\n<meta property=\"og:image\" content=\"https:\/\/www.dillerbottle.com\/wp-content\/uploads\/2024\/09\/business-gift-insulated-water-flask4705a494-8fc6-40d6-b8e1-1b9043b89681.jpg\" \/>\n\t<meta property=\"og:image:width\" content=\"730\" \/>\n\t<meta property=\"og:image:height\" content=\"730\" \/>\n\t<meta property=\"og:image:type\" content=\"image\/jpeg\" \/>\n<meta name=\"twitter:card\" content=\"summary_large_image\" \/>\n<meta name=\"twitter:label1\" content=\"Tahmini okuma s\u00fcresi\" \/>\n\t<meta name=\"twitter:data1\" content=\"7 dakika\" \/>\n<script type=\"application\/ld+json\" class=\"yoast-schema-graph\">{\"@context\":\"https:\\\/\\\/schema.org\",\"@graph\":[{\"@type\":\"WebPage\",\"@id\":\"https:\\\/\\\/www.dillerbottle.com\\\/de\\\/produkte\\\/geschaftsgeschenk-isolierte-wasserflasche\",\"url\":\"https:\\\/\\\/www.dillerbottle.com\\\/de\\\/produkte\\\/geschaftsgeschenk-isolierte-wasserflasche\",\"name\":\"Business Gift Insulated Water Flask - Diller Water Bottle Manufacturer\",\"isPartOf\":{\"@id\":\"https:\\\/\\\/www.dillerbottle.com\\\/#website\"},\"primaryImageOfPage\":{\"@id\":\"https:\\\/\\\/www.dillerbottle.com\\\/de\\\/produkte\\\/geschaftsgeschenk-isolierte-wasserflasche#primaryimage\"},\"image\":{\"@id\":\"https:\\\/\\\/www.dillerbottle.com\\\/de\\\/produkte\\\/geschaftsgeschenk-isolierte-wasserflasche#primaryimage\"},\"thumbnailUrl\":\"https:\\\/\\\/www.dillerbottle.com\\\/wp-content\\\/uploads\\\/2024\\\/09\\\/business-gift-insulated-water-flask4705a494-8fc6-40d6-b8e1-1b9043b89681.jpg\",\"datePublished\":\"2024-09-29T06:22:23+00:00\",\"dateModified\":\"2025-07-09T08:09:00+00:00\",\"description\":\"As one of the best business gift insulated water flask manufacturers and suppliers, we are engaged in manufacturing good quality water bottles. We warmly welcome you to wholesale or buy custom made business gift insulated water flask at competitive price from us. Also, small quantity orders are acceptable.\",\"breadcrumb\":{\"@id\":\"https:\\\/\\\/www.dillerbottle.com\\\/de\\\/produkte\\\/geschaftsgeschenk-isolierte-wasserflasche#breadcrumb\"},\"inLanguage\":\"tr\",\"potentialAction\":[{\"@type\":\"ReadAction\",\"target\":[\"https:\\\/\\\/www.dillerbottle.com\\\/de\\\/produkte\\\/geschaftsgeschenk-isolierte-wasserflasche\"]}]},{\"@type\":\"ImageObject\",\"inLanguage\":\"tr\",\"@id\":\"https:\\\/\\\/www.dillerbottle.com\\\/de\\\/produkte\\\/geschaftsgeschenk-isolierte-wasserflasche#primaryimage\",\"url\":\"https:\\\/\\\/www.dillerbottle.com\\\/wp-content\\\/uploads\\\/2024\\\/09\\\/business-gift-insulated-water-flask4705a494-8fc6-40d6-b8e1-1b9043b89681.jpg\",\"contentUrl\":\"https:\\\/\\\/www.dillerbottle.com\\\/wp-content\\\/uploads\\\/2024\\\/09\\\/business-gift-insulated-water-flask4705a494-8fc6-40d6-b8e1-1b9043b89681.jpg\",\"width\":730,\"height\":730},{\"@type\":\"BreadcrumbList\",\"@id\":\"https:\\\/\\\/www.dillerbottle.com\\\/de\\\/produkte\\\/geschaftsgeschenk-isolierte-wasserflasche#breadcrumb\",\"itemListElement\":[{\"@type\":\"ListItem\",\"position\":1,\"name\":\"Home\",\"item\":\"https:\\\/\\\/www.dillerbottle.com\\\/\"},{\"@type\":\"ListItem\",\"position\":2,\"name\":\"Products\",\"item\":\"https:\\\/\\\/www.dillerbottle.com\\\/shop\"},{\"@type\":\"ListItem\",\"position\":3,\"name\":\"Business Gift Insulated Water Flask\"}]},{\"@type\":\"WebSite\",\"@id\":\"https:\\\/\\\/www.dillerbottle.com\\\/#website\",\"url\":\"https:\\\/\\\/www.dillerbottle.com\\\/\",\"name\":\"Diller Water Bottle Manufacturer\",\"description\":\"Water Bottle Manufacturer\",\"publisher\":{\"@id\":\"https:\\\/\\\/www.dillerbottle.com\\\/#organization\"},\"potentialAction\":[{\"@type\":\"SearchAction\",\"target\":{\"@type\":\"EntryPoint\",\"urlTemplate\":\"https:\\\/\\\/www.dillerbottle.com\\\/?s={search_term_string}\"},\"query-input\":{\"@type\":\"PropertyValueSpecification\",\"valueRequired\":true,\"valueName\":\"search_term_string\"}}],\"inLanguage\":\"tr\"},{\"@type\":\"Organization\",\"@id\":\"https:\\\/\\\/www.dillerbottle.com\\\/#organization\",\"name\":\"Diller Water Bottle Manufacturer\",\"url\":\"https:\\\/\\\/www.dillerbottle.com\\\/\",\"logo\":{\"@type\":\"ImageObject\",\"inLanguage\":\"tr\",\"@id\":\"https:\\\/\\\/www.dillerbottle.com\\\/#\\\/schema\\\/logo\\\/image\\\/\",\"url\":\"https:\\\/\\\/www.dillerbottle.com\\\/wp-content\\\/uploads\\\/2024\\\/09\\\/49918bfa848dcc1e9f8b509933603ac.png\",\"contentUrl\":\"https:\\\/\\\/www.dillerbottle.com\\\/wp-content\\\/uploads\\\/2024\\\/09\\\/49918bfa848dcc1e9f8b509933603ac.png\",\"width\":988,\"height\":198,\"caption\":\"Diller Water Bottle Manufacturer\"},\"image\":{\"@id\":\"https:\\\/\\\/www.dillerbottle.com\\\/#\\\/schema\\\/logo\\\/image\\\/\"}}]}<\/script>\n<!-- \/ Yoast SEO Premium plugin. -->","yoast_head_json":{"title":"\u0130\u015f Hediyesi Yal\u0131t\u0131ml\u0131 Su Mataras\u0131 - Diller Su \u015ei\u015fesi \u00dcreticisi","description":"En iyi i\u015f hediyesi yal\u0131t\u0131ml\u0131 su mataras\u0131 \u00fcreticilerinden ve tedarik\u00e7ilerinden biri olarak, kaliteli su \u015fi\u015feleri \u00fcretiyoruz. Toptan sat\u0131\u015f yapman\u0131z\u0131 veya bizden rekabet\u00e7i fiyatlarla \u00f6zel yap\u0131m i\u015f hediyesi yal\u0131t\u0131ml\u0131 su mataras\u0131 sat\u0131n alman\u0131z\u0131 i\u00e7tenlikle bekliyoruz. Ayr\u0131ca, k\u00fc\u00e7\u00fck miktardaki sipari\u015fler de kabul edilebilir.","robots":{"index":"index","follow":"follow","max-snippet":"max-snippet:-1","max-image-preview":"max-image-preview:large","max-video-preview":"max-video-preview:-1"},"canonical":"https:\/\/www.dillerbottle.com\/tr\/urunler\/is-hediyesi-yalitimli-su-matarasi","og_locale":"tr_TR","og_type":"article","og_title":"Business Gift Insulated Water Flask","og_description":"As one of the best business gift insulated water flask manufacturers and suppliers, we are engaged in manufacturing good quality water bottles. We warmly welcome you to wholesale or buy custom made business gift insulated water flask at competitive price from us. Also, small quantity orders are acceptable.","og_url":"https:\/\/www.dillerbottle.com\/tr\/urunler\/is-hediyesi-yalitimli-su-matarasi","og_site_name":"Diller Water Bottle Manufacturer","article_modified_time":"2025-07-09T08:09:00+00:00","og_image":[{"width":730,"height":730,"url":"https:\/\/www.dillerbottle.com\/wp-content\/uploads\/2024\/09\/business-gift-insulated-water-flask4705a494-8fc6-40d6-b8e1-1b9043b89681.jpg","type":"image\/jpeg"}],"twitter_card":"summary_large_image","twitter_misc":{"Tahmini okuma s\u00fcresi":"7 dakika"},"schema":{"@context":"https:\/\/schema.org","@graph":[{"@type":"WebPage","@id":"https:\/\/www.dillerbottle.com\/de\/produkte\/geschaftsgeschenk-isolierte-wasserflasche","url":"https:\/\/www.dillerbottle.com\/de\/produkte\/geschaftsgeschenk-isolierte-wasserflasche","name":"\u0130\u015f Hediyesi Yal\u0131t\u0131ml\u0131 Su Mataras\u0131 - Diller Su \u015ei\u015fesi \u00dcreticisi","isPartOf":{"@id":"https:\/\/www.dillerbottle.com\/#website"},"primaryImageOfPage":{"@id":"https:\/\/www.dillerbottle.com\/de\/produkte\/geschaftsgeschenk-isolierte-wasserflasche#primaryimage"},"image":{"@id":"https:\/\/www.dillerbottle.com\/de\/produkte\/geschaftsgeschenk-isolierte-wasserflasche#primaryimage"},"thumbnailUrl":"https:\/\/www.dillerbottle.com\/wp-content\/uploads\/2024\/09\/business-gift-insulated-water-flask4705a494-8fc6-40d6-b8e1-1b9043b89681.jpg","datePublished":"2024-09-29T06:22:23+00:00","dateModified":"2025-07-09T08:09:00+00:00","description":"En iyi i\u015f hediyesi yal\u0131t\u0131ml\u0131 su mataras\u0131 \u00fcreticilerinden ve tedarik\u00e7ilerinden biri olarak, kaliteli su \u015fi\u015feleri \u00fcretiyoruz. Toptan sat\u0131\u015f yapman\u0131z\u0131 veya bizden rekabet\u00e7i fiyatlarla \u00f6zel yap\u0131m i\u015f hediyesi yal\u0131t\u0131ml\u0131 su mataras\u0131 sat\u0131n alman\u0131z\u0131 i\u00e7tenlikle bekliyoruz. Ayr\u0131ca, k\u00fc\u00e7\u00fck miktardaki sipari\u015fler de kabul edilebilir.","breadcrumb":{"@id":"https:\/\/www.dillerbottle.com\/de\/produkte\/geschaftsgeschenk-isolierte-wasserflasche#breadcrumb"},"inLanguage":"tr","potentialAction":[{"@type":"ReadAction","target":["https:\/\/www.dillerbottle.com\/de\/produkte\/geschaftsgeschenk-isolierte-wasserflasche"]}]},{"@type":"ImageObject","inLanguage":"tr","@id":"https:\/\/www.dillerbottle.com\/de\/produkte\/geschaftsgeschenk-isolierte-wasserflasche#primaryimage","url":"https:\/\/www.dillerbottle.com\/wp-content\/uploads\/2024\/09\/business-gift-insulated-water-flask4705a494-8fc6-40d6-b8e1-1b9043b89681.jpg","contentUrl":"https:\/\/www.dillerbottle.com\/wp-content\/uploads\/2024\/09\/business-gift-insulated-water-flask4705a494-8fc6-40d6-b8e1-1b9043b89681.jpg","width":730,"height":730},{"@type":"BreadcrumbList","@id":"https:\/\/www.dillerbottle.com\/de\/produkte\/geschaftsgeschenk-isolierte-wasserflasche#breadcrumb","itemListElement":[{"@type":"ListItem","position":1,"name":"Home","item":"https:\/\/www.dillerbottle.com\/"},{"@type":"ListItem","position":2,"name":"Products","item":"https:\/\/www.dillerbottle.com\/shop"},{"@type":"ListItem","position":3,"name":"Business Gift Insulated Water Flask"}]},{"@type":"WebSite","@id":"https:\/\/www.dillerbottle.com\/#website","url":"https:\/\/www.dillerbottle.com\/","name":"Diller Su \u015ei\u015fesi \u00dcreticisi","description":"Su \u015ei\u015fesi \u00dcreticisi","publisher":{"@id":"https:\/\/www.dillerbottle.com\/#organization"},"potentialAction":[{"@type":"SearchAction","target":{"@type":"EntryPoint","urlTemplate":"https:\/\/www.dillerbottle.com\/?s={search_term_string}"},"query-input":{"@type":"PropertyValueSpecification","valueRequired":true,"valueName":"search_term_string"}}],"inLanguage":"tr"},{"@type":"Organization","@id":"https:\/\/www.dillerbottle.com\/#organization","name":"Diller Su \u015ei\u015fesi \u00dcreticisi","url":"https:\/\/www.dillerbottle.com\/","logo":{"@type":"ImageObject","inLanguage":"tr","@id":"https:\/\/www.dillerbottle.com\/#\/schema\/logo\/image\/","url":"https:\/\/www.dillerbottle.com\/wp-content\/uploads\/2024\/09\/49918bfa848dcc1e9f8b509933603ac.png","contentUrl":"https:\/\/www.dillerbottle.com\/wp-content\/uploads\/2024\/09\/49918bfa848dcc1e9f8b509933603ac.png","width":988,"height":198,"caption":"Diller Water Bottle Manufacturer"},"image":{"@id":"https:\/\/www.dillerbottle.com\/#\/schema\/logo\/image\/"}}]}},"_links":{"self":[{"href":"https:\/\/www.dillerbottle.com\/tr\/wp-json\/wp\/v2\/product\/8785","targetHints":{"allow":["GET"]}}],"collection":[{"href":"https:\/\/www.dillerbottle.com\/tr\/wp-json\/wp\/v2\/product"}],"about":[{"href":"https:\/\/www.dillerbottle.com\/tr\/wp-json\/wp\/v2\/types\/product"}],"replies":[{"embeddable":true,"href":"https:\/\/www.dillerbottle.com\/tr\/wp-json\/wp\/v2\/comments?post=8785"}],"wp:featuredmedia":[{"embeddable":true,"href":"https:\/\/www.dillerbottle.com\/tr\/wp-json\/wp\/v2\/media\/8786"}],"wp:attachment":[{"href":"https:\/\/www.dillerbottle.com\/tr\/wp-json\/wp\/v2\/media?parent=8785"}],"wp:term":[{"taxonomy":"product_brand","embeddable":true,"href":"https:\/\/www.dillerbottle.com\/tr\/wp-json\/wp\/v2\/product_brand?post=8785"},{"taxonomy":"product_cat","embeddable":true,"href":"https:\/\/www.dillerbottle.com\/tr\/wp-json\/wp\/v2\/product_cat?post=8785"},{"taxonomy":"product_tag","embeddable":true,"href":"https:\/\/www.dillerbottle.com\/tr\/wp-json\/wp\/v2\/product_tag?post=8785"}],"curies":[{"name":"wp","href":"https:\/\/api.w.org\/{rel}","templated":true}]}}