{"id":9540,"date":"2024-09-29T14:32:46","date_gmt":"2024-09-29T06:32:46","guid":{"rendered":"https:\/\/demo.dillerbottle.com\/products\/thermal-bottle-with-tea-infuser"},"modified":"2025-07-09T15:56:12","modified_gmt":"2025-07-09T07:56:12","slug":"cay-demleme-aparatli-termal-sise","status":"publish","type":"product","link":"https:\/\/www.dillerbottle.com\/tr\/products\/thermal-bottle-with-tea-infuser","title":{"rendered":"\u00c7ay Demleme Aparat\u0131 ile Termal \u015ei\u015fe"},"content":{"rendered":"<p>1. 470 ml kapasite g\u00fcnl\u00fck su ihtiyac\u0131n\u0131z\u0131 kar\u015f\u0131layacak kadar b\u00fcy\u00fckt\u00fcr. \u0130nce tasar\u0131m\u0131 t\u00fcm ara\u00e7 bardak tutucular\u0131na uyar.<\/p>\n<p>2. Sa\u011flam, dayan\u0131kl\u0131 kalite. \u0130\u00e7ecekleri 24 saat so\u011fuk ve 12 saat s\u0131cak tutmak i\u00e7in \u00e7ift duvarl\u0131 vakum yal\u0131t\u0131ml\u0131 paslanmaz \u00e7elik. Yal\u0131t\u0131m teknolojisi, lezzeti ve tazeli\u011fi korumak i\u00e7in s\u0131cakl\u0131\u011f\u0131 kilitler. SUS 316 paslanmaz \u00e7elik ve 304 g\u0131da s\u0131n\u0131f\u0131 paslanmaz \u00e7elikten yap\u0131lm\u0131\u015ft\u0131r, dayan\u0131kl\u0131l\u0131k garantilidir.<\/p>\n<p>3. G\u0131da kalitesinde silikon o-ring, s\u0131zd\u0131rmazl\u0131k s\u0131k\u0131l\u0131\u011f\u0131n\u0131 ve s\u0131zd\u0131rmazl\u0131\u011f\u0131 sa\u011flar. Geni\u015f a\u011f\u0131zl\u0131 termos yal\u0131t\u0131ml\u0131 su \u015fi\u015fesi tasar\u0131m\u0131 kolay doldurma ve temizleme sa\u011flar. Su \u015fi\u015fenizi en sevdi\u011finiz i\u00e7eceklerle doldurun ve g\u00fcn boyu iyi bir ruh hali hissedin.<\/p>\n<p>4.Paslanmaz \u00e7elik \u00e7ay demleme aparat\u0131n\u0131n tasar\u0131m\u0131 \u00e7ay ve suyu ay\u0131rarak \u00e7ay i\u00e7meyi daha rahat hale getirir.<\/p>\n<div style=\"width: 640px;\" class=\"wp-video\"><video class=\"wp-video-shortcode\" id=\"video-9540-1\" width=\"640\" height=\"360\" preload=\"metadata\" controls=\"controls\"><source type=\"video\/mp4\" src=\"\/wp-content\/uploads\/2024\/09\/66f8f49402eb7-video202302151631040214163.mp4?_=1\" \/><a href=\"\/wp-content\/uploads\/2024\/09\/66f8f49402eb7-video202302151631040214163.mp4\">\/wp-content\/uploads\/2024\/09\/66f8f49402eb7-video202302151631040214163.mp4<\/a><\/video><\/div>","protected":false},"excerpt":{"rendered":"<p>\u200b\u200b\u200b\u200b\u00c7ay demleme aparatl\u0131 bu termal \u015fi\u015fe dayan\u0131kl\u0131 paslanmaz \u00e7elik ve g\u0131da s\u0131n\u0131f\u0131 malzemelerden \u00fcretilmi\u015ftir.<br \/>\nBu su mataras\u0131 i\u00e7indekileri 6-12 saate kadar s\u0131cak veya buz gibi so\u011fuk tutabilir.<br \/>\nPaslanmaz \u00e7elikten \u00fcretilen \u00e7ay demleme aparat\u0131, \u00e7ay ve suyu birbirinden ay\u0131rarak \u00e7ay i\u00e7meyi daha rahat hale getiriyor.<br \/>\nHer bir par\u00e7as\u0131 kolayca s\u00f6k\u00fcl\u00fcp temizlenebilmektedir.<br \/>\nOEM ve ODM kabul edilebilir.<br \/>\nMetal yal\u0131t\u0131ml\u0131 mataray\u0131 ihtiya\u00e7lar\u0131n\u0131za g\u00f6re \u00f6zelle\u015ftirebiliriz.<br \/>\nToptan sat\u0131n almaya ho\u015f geldiniz, hemen soru\u015fturma g\u00f6nderin!<\/p>","protected":false},"featured_media":9541,"comment_status":"open","ping_status":"closed","template":"","meta":{"_acf_changed":false},"product_brand":[],"product_cat":[18],"product_tag":[32,533,36,33,31,553,39,38,689,29,37,34,35,543,704,28,832,797,30],"class_list":{"0":"post-9540","1":"product","2":"type-product","3":"status-publish","4":"has-post-thumbnail","6":"product_cat-insulated-water-bottle","7":"product_tag-best","8":"product_tag-bpa-free-water-bottle","9":"product_tag-bulk","10":"product_tag-buy","11":"product_tag-custom","12":"product_tag-filtered-water-bottle","13":"product_tag-for-sale","14":"product_tag-good-quality","15":"product_tag-infuser-water-bottle-direct-drinking","16":"product_tag-manufacturers","17":"product_tag-manufacturing","18":"product_tag-price","19":"product_tag-small","20":"product_tag-smart-vacuum-insulated-water-bottle","21":"product_tag-steel-vacuum-insulated-water-bottle-outdoor","22":"product_tag-suppliers","23":"product_tag-thermal-bottle-with-tea-infuser","24":"product_tag-water-bottle-patent","25":"product_tag-wholesale","27":"first","28":"instock","29":"shipping-taxable","30":"product-type-simple"},"acf":[],"yoast_head":"<!-- This site is optimized with the Yoast SEO Premium plugin v27.5 (Yoast SEO v27.5) - https:\/\/yoast.com\/product\/yoast-seo-premium-wordpress\/ -->\n<title>Thermal Bottle With Tea Infuser - Diller Water Bottle Manufacturer<\/title>\n<meta name=\"description\" content=\"As one of the best thermal bottle with tea infuser manufacturers and suppliers, we are engaged in manufacturing good quality water bottles. We warmly welcome you to wholesale or buy custom made thermal bottle with tea infuser at competitive price from us. Also, small quantity orders are acceptable.\" \/>\n<meta name=\"robots\" content=\"index, follow, max-snippet:-1, max-image-preview:large, max-video-preview:-1\" \/>\n<link rel=\"canonical\" href=\"https:\/\/www.dillerbottle.com\/tr\/urunler\/cay-demleme-aparatli-termal-sise\" \/>\n<meta property=\"og:locale\" content=\"tr_TR\" \/>\n<meta property=\"og:type\" content=\"article\" \/>\n<meta property=\"og:title\" content=\"Thermal Bottle With Tea Infuser\" \/>\n<meta property=\"og:description\" content=\"As one of the best thermal bottle with tea infuser manufacturers and suppliers, we are engaged in manufacturing good quality water bottles. We warmly welcome you to wholesale or buy custom made thermal bottle with tea infuser at competitive price from us. Also, small quantity orders are acceptable.\" \/>\n<meta property=\"og:url\" content=\"https:\/\/www.dillerbottle.com\/tr\/urunler\/cay-demleme-aparatli-termal-sise\" \/>\n<meta property=\"og:site_name\" content=\"Diller Water Bottle Manufacturer\" \/>\n<meta property=\"article:modified_time\" content=\"2025-07-09T07:56:12+00:00\" \/>\n<meta property=\"og:image\" content=\"https:\/\/www.dillerbottle.com\/wp-content\/uploads\/2024\/09\/thermal-bottle-with-tea-infuserf3f04490-7de9-4a03-9ce3-99a5175bc5bc.jpg\" \/>\n\t<meta property=\"og:image:width\" content=\"730\" \/>\n\t<meta property=\"og:image:height\" content=\"730\" \/>\n\t<meta property=\"og:image:type\" content=\"image\/jpeg\" \/>\n<meta name=\"twitter:card\" content=\"summary_large_image\" \/>\n<meta name=\"twitter:label1\" content=\"Tahmini okuma s\u00fcresi\" \/>\n\t<meta name=\"twitter:data1\" content=\"6 dakika\" \/>\n<script type=\"application\/ld+json\" class=\"yoast-schema-graph\">{\"@context\":\"https:\\\/\\\/schema.org\",\"@graph\":[{\"@type\":\"WebPage\",\"@id\":\"https:\\\/\\\/www.dillerbottle.com\\\/nl\\\/producten\\\/thermosfles-met-thee-infuser\",\"url\":\"https:\\\/\\\/www.dillerbottle.com\\\/nl\\\/producten\\\/thermosfles-met-thee-infuser\",\"name\":\"Thermal Bottle With Tea Infuser - Diller Water Bottle Manufacturer\",\"isPartOf\":{\"@id\":\"https:\\\/\\\/www.dillerbottle.com\\\/#website\"},\"primaryImageOfPage\":{\"@id\":\"https:\\\/\\\/www.dillerbottle.com\\\/nl\\\/producten\\\/thermosfles-met-thee-infuser#primaryimage\"},\"image\":{\"@id\":\"https:\\\/\\\/www.dillerbottle.com\\\/nl\\\/producten\\\/thermosfles-met-thee-infuser#primaryimage\"},\"thumbnailUrl\":\"https:\\\/\\\/www.dillerbottle.com\\\/wp-content\\\/uploads\\\/2024\\\/09\\\/thermal-bottle-with-tea-infuserf3f04490-7de9-4a03-9ce3-99a5175bc5bc.jpg\",\"datePublished\":\"2024-09-29T06:32:46+00:00\",\"dateModified\":\"2025-07-09T07:56:12+00:00\",\"description\":\"As one of the best thermal bottle with tea infuser manufacturers and suppliers, we are engaged in manufacturing good quality water bottles. We warmly welcome you to wholesale or buy custom made thermal bottle with tea infuser at competitive price from us. Also, small quantity orders are acceptable.\",\"breadcrumb\":{\"@id\":\"https:\\\/\\\/www.dillerbottle.com\\\/nl\\\/producten\\\/thermosfles-met-thee-infuser#breadcrumb\"},\"inLanguage\":\"tr\",\"potentialAction\":[{\"@type\":\"ReadAction\",\"target\":[\"https:\\\/\\\/www.dillerbottle.com\\\/nl\\\/producten\\\/thermosfles-met-thee-infuser\"]}]},{\"@type\":\"ImageObject\",\"inLanguage\":\"tr\",\"@id\":\"https:\\\/\\\/www.dillerbottle.com\\\/nl\\\/producten\\\/thermosfles-met-thee-infuser#primaryimage\",\"url\":\"https:\\\/\\\/www.dillerbottle.com\\\/wp-content\\\/uploads\\\/2024\\\/09\\\/thermal-bottle-with-tea-infuserf3f04490-7de9-4a03-9ce3-99a5175bc5bc.jpg\",\"contentUrl\":\"https:\\\/\\\/www.dillerbottle.com\\\/wp-content\\\/uploads\\\/2024\\\/09\\\/thermal-bottle-with-tea-infuserf3f04490-7de9-4a03-9ce3-99a5175bc5bc.jpg\",\"width\":730,\"height\":730},{\"@type\":\"BreadcrumbList\",\"@id\":\"https:\\\/\\\/www.dillerbottle.com\\\/nl\\\/producten\\\/thermosfles-met-thee-infuser#breadcrumb\",\"itemListElement\":[{\"@type\":\"ListItem\",\"position\":1,\"name\":\"Home\",\"item\":\"https:\\\/\\\/www.dillerbottle.com\\\/\"},{\"@type\":\"ListItem\",\"position\":2,\"name\":\"Products\",\"item\":\"https:\\\/\\\/www.dillerbottle.com\\\/shop\"},{\"@type\":\"ListItem\",\"position\":3,\"name\":\"Thermal Bottle With Tea Infuser\"}]},{\"@type\":\"WebSite\",\"@id\":\"https:\\\/\\\/www.dillerbottle.com\\\/#website\",\"url\":\"https:\\\/\\\/www.dillerbottle.com\\\/\",\"name\":\"Diller Water Bottle Manufacturer\",\"description\":\"Water Bottle Manufacturer\",\"publisher\":{\"@id\":\"https:\\\/\\\/www.dillerbottle.com\\\/#organization\"},\"potentialAction\":[{\"@type\":\"SearchAction\",\"target\":{\"@type\":\"EntryPoint\",\"urlTemplate\":\"https:\\\/\\\/www.dillerbottle.com\\\/?s={search_term_string}\"},\"query-input\":{\"@type\":\"PropertyValueSpecification\",\"valueRequired\":true,\"valueName\":\"search_term_string\"}}],\"inLanguage\":\"tr\"},{\"@type\":\"Organization\",\"@id\":\"https:\\\/\\\/www.dillerbottle.com\\\/#organization\",\"name\":\"Diller Water Bottle Manufacturer\",\"url\":\"https:\\\/\\\/www.dillerbottle.com\\\/\",\"logo\":{\"@type\":\"ImageObject\",\"inLanguage\":\"tr\",\"@id\":\"https:\\\/\\\/www.dillerbottle.com\\\/#\\\/schema\\\/logo\\\/image\\\/\",\"url\":\"https:\\\/\\\/www.dillerbottle.com\\\/wp-content\\\/uploads\\\/2024\\\/09\\\/49918bfa848dcc1e9f8b509933603ac.png\",\"contentUrl\":\"https:\\\/\\\/www.dillerbottle.com\\\/wp-content\\\/uploads\\\/2024\\\/09\\\/49918bfa848dcc1e9f8b509933603ac.png\",\"width\":988,\"height\":198,\"caption\":\"Diller Water Bottle Manufacturer\"},\"image\":{\"@id\":\"https:\\\/\\\/www.dillerbottle.com\\\/#\\\/schema\\\/logo\\\/image\\\/\"}}]}<\/script>\n<!-- \/ Yoast SEO Premium plugin. -->","yoast_head_json":{"title":"\u00c7ay Demleme Aparat\u0131 ile Termal \u015ei\u015fe - Diller Su \u015ei\u015fesi \u00dcreticisi","description":"En iyi \u00e7ay demleme aparatl\u0131 termal \u015fi\u015fe \u00fcreticilerinden ve tedarik\u00e7ilerinden biri olarak, kaliteli su \u015fi\u015feleri \u00fcretiyoruz. Bizden toptan sat\u0131\u015f yapman\u0131z\u0131 veya rekabet\u00e7i fiyatlarla \u00f6zel yap\u0131m \u00e7ay demleme aparatl\u0131 termal \u015fi\u015fe sat\u0131n alman\u0131z\u0131 i\u00e7tenlikle bekliyoruz. Ayr\u0131ca, k\u00fc\u00e7\u00fck miktardaki sipari\u015fler de kabul edilebilir.","robots":{"index":"index","follow":"follow","max-snippet":"max-snippet:-1","max-image-preview":"max-image-preview:large","max-video-preview":"max-video-preview:-1"},"canonical":"https:\/\/www.dillerbottle.com\/tr\/urunler\/cay-demleme-aparatli-termal-sise","og_locale":"tr_TR","og_type":"article","og_title":"Thermal Bottle With Tea Infuser","og_description":"As one of the best thermal bottle with tea infuser manufacturers and suppliers, we are engaged in manufacturing good quality water bottles. We warmly welcome you to wholesale or buy custom made thermal bottle with tea infuser at competitive price from us. Also, small quantity orders are acceptable.","og_url":"https:\/\/www.dillerbottle.com\/tr\/urunler\/cay-demleme-aparatli-termal-sise","og_site_name":"Diller Water Bottle Manufacturer","article_modified_time":"2025-07-09T07:56:12+00:00","og_image":[{"width":730,"height":730,"url":"https:\/\/www.dillerbottle.com\/wp-content\/uploads\/2024\/09\/thermal-bottle-with-tea-infuserf3f04490-7de9-4a03-9ce3-99a5175bc5bc.jpg","type":"image\/jpeg"}],"twitter_card":"summary_large_image","twitter_misc":{"Tahmini okuma s\u00fcresi":"6 dakika"},"schema":{"@context":"https:\/\/schema.org","@graph":[{"@type":"WebPage","@id":"https:\/\/www.dillerbottle.com\/nl\/producten\/thermosfles-met-thee-infuser","url":"https:\/\/www.dillerbottle.com\/nl\/producten\/thermosfles-met-thee-infuser","name":"\u00c7ay Demleme Aparat\u0131 ile Termal \u015ei\u015fe - Diller Su \u015ei\u015fesi \u00dcreticisi","isPartOf":{"@id":"https:\/\/www.dillerbottle.com\/#website"},"primaryImageOfPage":{"@id":"https:\/\/www.dillerbottle.com\/nl\/producten\/thermosfles-met-thee-infuser#primaryimage"},"image":{"@id":"https:\/\/www.dillerbottle.com\/nl\/producten\/thermosfles-met-thee-infuser#primaryimage"},"thumbnailUrl":"https:\/\/www.dillerbottle.com\/wp-content\/uploads\/2024\/09\/thermal-bottle-with-tea-infuserf3f04490-7de9-4a03-9ce3-99a5175bc5bc.jpg","datePublished":"2024-09-29T06:32:46+00:00","dateModified":"2025-07-09T07:56:12+00:00","description":"En iyi \u00e7ay demleme aparatl\u0131 termal \u015fi\u015fe \u00fcreticilerinden ve tedarik\u00e7ilerinden biri olarak, kaliteli su \u015fi\u015feleri \u00fcretiyoruz. Bizden toptan sat\u0131\u015f yapman\u0131z\u0131 veya rekabet\u00e7i fiyatlarla \u00f6zel yap\u0131m \u00e7ay demleme aparatl\u0131 termal \u015fi\u015fe sat\u0131n alman\u0131z\u0131 i\u00e7tenlikle bekliyoruz. Ayr\u0131ca, k\u00fc\u00e7\u00fck miktardaki sipari\u015fler de kabul edilebilir.","breadcrumb":{"@id":"https:\/\/www.dillerbottle.com\/nl\/producten\/thermosfles-met-thee-infuser#breadcrumb"},"inLanguage":"tr","potentialAction":[{"@type":"ReadAction","target":["https:\/\/www.dillerbottle.com\/nl\/producten\/thermosfles-met-thee-infuser"]}]},{"@type":"ImageObject","inLanguage":"tr","@id":"https:\/\/www.dillerbottle.com\/nl\/producten\/thermosfles-met-thee-infuser#primaryimage","url":"https:\/\/www.dillerbottle.com\/wp-content\/uploads\/2024\/09\/thermal-bottle-with-tea-infuserf3f04490-7de9-4a03-9ce3-99a5175bc5bc.jpg","contentUrl":"https:\/\/www.dillerbottle.com\/wp-content\/uploads\/2024\/09\/thermal-bottle-with-tea-infuserf3f04490-7de9-4a03-9ce3-99a5175bc5bc.jpg","width":730,"height":730},{"@type":"BreadcrumbList","@id":"https:\/\/www.dillerbottle.com\/nl\/producten\/thermosfles-met-thee-infuser#breadcrumb","itemListElement":[{"@type":"ListItem","position":1,"name":"Home","item":"https:\/\/www.dillerbottle.com\/"},{"@type":"ListItem","position":2,"name":"Products","item":"https:\/\/www.dillerbottle.com\/shop"},{"@type":"ListItem","position":3,"name":"Thermal Bottle With Tea Infuser"}]},{"@type":"WebSite","@id":"https:\/\/www.dillerbottle.com\/#website","url":"https:\/\/www.dillerbottle.com\/","name":"Diller Su \u015ei\u015fesi \u00dcreticisi","description":"Su \u015ei\u015fesi \u00dcreticisi","publisher":{"@id":"https:\/\/www.dillerbottle.com\/#organization"},"potentialAction":[{"@type":"SearchAction","target":{"@type":"EntryPoint","urlTemplate":"https:\/\/www.dillerbottle.com\/?s={search_term_string}"},"query-input":{"@type":"PropertyValueSpecification","valueRequired":true,"valueName":"search_term_string"}}],"inLanguage":"tr"},{"@type":"Organization","@id":"https:\/\/www.dillerbottle.com\/#organization","name":"Diller Su \u015ei\u015fesi \u00dcreticisi","url":"https:\/\/www.dillerbottle.com\/","logo":{"@type":"ImageObject","inLanguage":"tr","@id":"https:\/\/www.dillerbottle.com\/#\/schema\/logo\/image\/","url":"https:\/\/www.dillerbottle.com\/wp-content\/uploads\/2024\/09\/49918bfa848dcc1e9f8b509933603ac.png","contentUrl":"https:\/\/www.dillerbottle.com\/wp-content\/uploads\/2024\/09\/49918bfa848dcc1e9f8b509933603ac.png","width":988,"height":198,"caption":"Diller Water Bottle Manufacturer"},"image":{"@id":"https:\/\/www.dillerbottle.com\/#\/schema\/logo\/image\/"}}]}},"_links":{"self":[{"href":"https:\/\/www.dillerbottle.com\/tr\/wp-json\/wp\/v2\/product\/9540","targetHints":{"allow":["GET"]}}],"collection":[{"href":"https:\/\/www.dillerbottle.com\/tr\/wp-json\/wp\/v2\/product"}],"about":[{"href":"https:\/\/www.dillerbottle.com\/tr\/wp-json\/wp\/v2\/types\/product"}],"replies":[{"embeddable":true,"href":"https:\/\/www.dillerbottle.com\/tr\/wp-json\/wp\/v2\/comments?post=9540"}],"wp:featuredmedia":[{"embeddable":true,"href":"https:\/\/www.dillerbottle.com\/tr\/wp-json\/wp\/v2\/media\/9541"}],"wp:attachment":[{"href":"https:\/\/www.dillerbottle.com\/tr\/wp-json\/wp\/v2\/media?parent=9540"}],"wp:term":[{"taxonomy":"product_brand","embeddable":true,"href":"https:\/\/www.dillerbottle.com\/tr\/wp-json\/wp\/v2\/product_brand?post=9540"},{"taxonomy":"product_cat","embeddable":true,"href":"https:\/\/www.dillerbottle.com\/tr\/wp-json\/wp\/v2\/product_cat?post=9540"},{"taxonomy":"product_tag","embeddable":true,"href":"https:\/\/www.dillerbottle.com\/tr\/wp-json\/wp\/v2\/product_tag?post=9540"}],"curies":[{"name":"wp","href":"https:\/\/api.w.org\/{rel}","templated":true}]}}