{"id":10133,"date":"2024-09-29T14:41:06","date_gmt":"2024-09-29T06:41:06","guid":{"rendered":"https:\/\/demo.dillerbottle.com\/products\/insulated-bottle-with-strap"},"modified":"2025-07-09T15:39:52","modified_gmt":"2025-07-09T07:39:52","slug":"binh-cach-nhiet-co-day-deo","status":"publish","type":"product","link":"https:\/\/www.dillerbottle.com\/vn\/products\/insulated-bottle-with-strap","title":{"rendered":"B\u00ecnh gi\u1eef nhi\u1ec7t c\u00f3 d\u00e2y \u0111eo"},"content":{"rendered":"<p>1. B\u00ecnh gi\u1eef nhi\u1ec7t c\u00f3 d\u00e2y \u0111eo n\u00e0y \u0111\u01b0\u1ee3c c\u00e1ch nhi\u1ec7t ch\u00e2n kh\u00f4ng hai l\u1edbp, gi\u1eef \u0111\u1ed3 u\u1ed1ng n\u00f3ng t\u1edbi 6 gi\u1edd ho\u1eb7c l\u1ea1nh t\u1edbi 12 gi\u1edd, ho\u00e0n h\u1ea3o \u0111\u1ec3 nh\u00e2m nhi c\u00e0 ph\u00ea khi h\u1ecdc \u1edf tr\u01b0\u1eddng ho\u1eb7c trong m\u1ed9t chuy\u1ebfn \u0111i ng\u1eafn ng\u00e0y.<\/p>\n<p>2. Thi\u1ebft k\u1ebf h\u00ecnh d\u00e1ng \u0111\u01a1n gi\u1ea3n v\u00e0 thanh l\u1ecbch. B\u00ecnh n\u01b0\u1edbc c\u00e1ch nhi\u1ec7t c\u00f3 tay c\u1ea7m b\u1eb1ng da \u0111\u1eb9p ch\u1eafc ch\u1eafn, tay c\u1ea7m c\u00f3 d\u00e2y \u0111eo c\u00f3 th\u1ec3 \u0111i\u1ec1u ch\u1ec9nh \u0111\u1ec3 d\u1ec5 d\u00e0ng mang theo.<\/p>\n<p>3. N\u1eafp n\u00fat b\u1ea5m cho ph\u00e9p u\u1ed1ng b\u1eb1ng m\u1ed9t tay m\u00e0 kh\u00f4ng c\u1ea7n th\u00e1o n\u1eafp ho\u1eb7c \u0111\u1ec3 nh\u1ea7m ch\u1ed7, gi\u1eef \u0111\u1ed3 u\u1ed1ng b\u00ean trong khi \u0111\u00f3ng v\u00e0 kh\u00f4ng b\u1ecb b\u1eafn. B\u00ecnh n\u01b0\u1edbc c\u00e1ch nhi\u1ec7t c\u1ee7a ch\u00fang t\u00f4i c\u00f3 c\u01a1 ch\u1ebf kh\u00f3a an to\u00e0n \u0111\u1ec3 ng\u0103n kh\u00f4ng cho b\u00ecnh b\u1ecb m\u1edf nh\u1ea7m trong t\u00fai.<\/p>\n<p>4. B\u00ecnh gi\u1eef nhi\u1ec7t c\u00f3 d\u00e2y \u0111eo n\u00e0y \u0111\u01b0\u1ee3c l\u00e0m b\u1eb1ng th\u00e9p kh\u00f4ng g\u1ec9 316 v\u00e0 v\u1eadt li\u1ec7u c\u1ea5p th\u1ef1c ph\u1ea9m. Ch\u1ea5t l\u1ecfng c\u00f3 th\u1ec3 t\u01b0\u01a1i ngon nh\u1ea5t trong c\u1ea3 ng\u00e0y.<\/p>","protected":false},"excerpt":{"rendered":"<p>B\u00ecnh gi\u1eef nhi\u1ec7t c\u00f3 d\u00e2y \u0111eo n\u00e0y \u0111\u01b0\u1ee3c l\u00e0m t\u1eeb th\u00e9p kh\u00f4ng g\u1ec9 316 b\u1ec1n v\u00e0 v\u1eadt li\u1ec7u an to\u00e0n th\u1ef1c ph\u1ea9m.<br \/>\nB\u00ecnh n\u01b0\u1edbc gi\u1eef nhi\u1ec7t n\u00e0y c\u00f3 th\u1ec3 gi\u1eef \u0111\u1ed3 u\u1ed1ng n\u00f3ng ho\u1eb7c l\u1ea1nh t\u1edbi 6-12 gi\u1edd.<br \/>\nC\u00e1c chai c\u00f3 nhi\u1ec1u m\u00e0u s\u1eafc kh\u00e1c nhau v\u00e0 c\u00f3 n\u1eafp da nhi\u1ec1u m\u00e0u kh\u00e1c nhau.<br \/>\nCh\u1ea5p nh\u1eadn OEM v\u00e0 ODM.<br \/>\nCh\u00fang t\u00f4i c\u00f3 th\u1ec3 t\u00f9y ch\u1ec9nh b\u00ecnh gi\u1eef nhi\u1ec7t kim lo\u1ea1i theo y\u00eau c\u1ea7u c\u1ee7a b\u1ea1n.<br \/>\nCh\u00e0o m\u1eebng b\u1ea1n \u0111\u1ebfn mua s\u1ec9, h\u00e3y g\u1eedi y\u00eau c\u1ea7u ngay!<\/p>","protected":false},"featured_media":10134,"comment_status":"open","ping_status":"closed","template":"","meta":{"_acf_changed":false},"product_brand":[],"product_cat":[18],"product_tag":[785,32,36,33,31,733,39,38,859,717,29,37,744,34,35,28,537,519,30],"class_list":{"0":"post-10133","1":"product","2":"type-product","3":"status-publish","4":"has-post-thumbnail","6":"product_cat-insulated-water-bottle","7":"product_tag-500ml-stainless-steel-water-bottle","8":"product_tag-best","9":"product_tag-bulk","10":"product_tag-buy","11":"product_tag-custom","12":"product_tag-custom-water-bottle-logo","13":"product_tag-for-sale","14":"product_tag-good-quality","15":"product_tag-insulated-bottle-with-strap","16":"product_tag-luxury-water-bottle","17":"product_tag-manufacturers","18":"product_tag-manufacturing","19":"product_tag-oem-water-bottle","20":"product_tag-price","21":"product_tag-small","22":"product_tag-suppliers","23":"product_tag-water-bottle-sleeve","24":"product_tag-water-bottle-with-storage-compartment","25":"product_tag-wholesale","27":"first","28":"instock","29":"shipping-taxable","30":"product-type-simple"},"acf":[],"yoast_head":"<!-- This site is optimized with the Yoast SEO Premium plugin v27.4 (Yoast SEO v27.4) - https:\/\/yoast.com\/product\/yoast-seo-premium-wordpress\/ -->\n<title>Insulated Bottle With Strap - Diller Water Bottle Manufacturer<\/title>\n<meta name=\"description\" content=\"As one of the best insulated bottle with strap manufacturers and suppliers, we are engaged in manufacturing good quality water bottles. We warmly welcome you to wholesale or buy custom made insulated bottle with strap at competitive price from us. Also, small quantity orders are acceptable.\" \/>\n<meta name=\"robots\" content=\"index, follow, max-snippet:-1, max-image-preview:large, max-video-preview:-1\" \/>\n<link rel=\"canonical\" href=\"https:\/\/www.dillerbottle.com\/vn\/cac-san-pham\/binh-cach-nhiet-co-day-deo\" \/>\n<meta property=\"og:locale\" content=\"vi_VN\" \/>\n<meta property=\"og:type\" content=\"article\" \/>\n<meta property=\"og:title\" content=\"Insulated Bottle With Strap\" \/>\n<meta property=\"og:description\" content=\"As one of the best insulated bottle with strap manufacturers and suppliers, we are engaged in manufacturing good quality water bottles. We warmly welcome you to wholesale or buy custom made insulated bottle with strap at competitive price from us. Also, small quantity orders are acceptable.\" \/>\n<meta property=\"og:url\" content=\"https:\/\/www.dillerbottle.com\/vn\/cac-san-pham\/binh-cach-nhiet-co-day-deo\" \/>\n<meta property=\"og:site_name\" content=\"Diller Water Bottle Manufacturer\" \/>\n<meta property=\"article:modified_time\" content=\"2025-07-09T07:39:52+00:00\" \/>\n<meta property=\"og:image\" content=\"https:\/\/www.dillerbottle.com\/wp-content\/uploads\/2024\/09\/insulated-bottle-with-strapd51b1156-73b3-4227-a1af-fd816b3dc3ff.jpg\" \/>\n\t<meta property=\"og:image:width\" content=\"730\" \/>\n\t<meta property=\"og:image:height\" content=\"730\" \/>\n\t<meta property=\"og:image:type\" content=\"image\/jpeg\" \/>\n<meta name=\"twitter:card\" content=\"summary_large_image\" \/>\n<meta name=\"twitter:label1\" content=\"\u01af\u1edbc t\u00ednh th\u1eddi gian \u0111\u1ecdc\" \/>\n\t<meta name=\"twitter:data1\" content=\"5 ph\u00fat\" \/>\n<script type=\"application\/ld+json\" class=\"yoast-schema-graph\">{\"@context\":\"https:\\\/\\\/schema.org\",\"@graph\":[{\"@type\":\"WebPage\",\"@id\":\"https:\\\/\\\/www.dillerbottle.com\\\/ru\\\/%d0%bf%d1%80%d0%be%d0%b4%d1%83%d0%ba%d1%82%d1%8b\\\/%d1%82%d0%b5%d1%80%d0%bc%d0%be%d1%81-%d1%81-%d1%80%d0%b5%d0%bc%d0%b5%d1%88%d0%ba%d0%be%d0%bc\",\"url\":\"https:\\\/\\\/www.dillerbottle.com\\\/ru\\\/%d0%bf%d1%80%d0%be%d0%b4%d1%83%d0%ba%d1%82%d1%8b\\\/%d1%82%d0%b5%d1%80%d0%bc%d0%be%d1%81-%d1%81-%d1%80%d0%b5%d0%bc%d0%b5%d1%88%d0%ba%d0%be%d0%bc\",\"name\":\"Insulated Bottle With Strap - Diller Water Bottle Manufacturer\",\"isPartOf\":{\"@id\":\"https:\\\/\\\/www.dillerbottle.com\\\/#website\"},\"primaryImageOfPage\":{\"@id\":\"https:\\\/\\\/www.dillerbottle.com\\\/ru\\\/%d0%bf%d1%80%d0%be%d0%b4%d1%83%d0%ba%d1%82%d1%8b\\\/%d1%82%d0%b5%d1%80%d0%bc%d0%be%d1%81-%d1%81-%d1%80%d0%b5%d0%bc%d0%b5%d1%88%d0%ba%d0%be%d0%bc#primaryimage\"},\"image\":{\"@id\":\"https:\\\/\\\/www.dillerbottle.com\\\/ru\\\/%d0%bf%d1%80%d0%be%d0%b4%d1%83%d0%ba%d1%82%d1%8b\\\/%d1%82%d0%b5%d1%80%d0%bc%d0%be%d1%81-%d1%81-%d1%80%d0%b5%d0%bc%d0%b5%d1%88%d0%ba%d0%be%d0%bc#primaryimage\"},\"thumbnailUrl\":\"https:\\\/\\\/www.dillerbottle.com\\\/wp-content\\\/uploads\\\/2024\\\/09\\\/insulated-bottle-with-strapd51b1156-73b3-4227-a1af-fd816b3dc3ff.jpg\",\"datePublished\":\"2024-09-29T06:41:06+00:00\",\"dateModified\":\"2025-07-09T07:39:52+00:00\",\"description\":\"As one of the best insulated bottle with strap manufacturers and suppliers, we are engaged in manufacturing good quality water bottles. We warmly welcome you to wholesale or buy custom made insulated bottle with strap at competitive price from us. Also, small quantity orders are acceptable.\",\"breadcrumb\":{\"@id\":\"https:\\\/\\\/www.dillerbottle.com\\\/ru\\\/%d0%bf%d1%80%d0%be%d0%b4%d1%83%d0%ba%d1%82%d1%8b\\\/%d1%82%d0%b5%d1%80%d0%bc%d0%be%d1%81-%d1%81-%d1%80%d0%b5%d0%bc%d0%b5%d1%88%d0%ba%d0%be%d0%bc#breadcrumb\"},\"inLanguage\":\"vi\",\"potentialAction\":[{\"@type\":\"ReadAction\",\"target\":[\"https:\\\/\\\/www.dillerbottle.com\\\/ru\\\/%d0%bf%d1%80%d0%be%d0%b4%d1%83%d0%ba%d1%82%d1%8b\\\/%d1%82%d0%b5%d1%80%d0%bc%d0%be%d1%81-%d1%81-%d1%80%d0%b5%d0%bc%d0%b5%d1%88%d0%ba%d0%be%d0%bc\"]}]},{\"@type\":\"ImageObject\",\"inLanguage\":\"vi\",\"@id\":\"https:\\\/\\\/www.dillerbottle.com\\\/ru\\\/%d0%bf%d1%80%d0%be%d0%b4%d1%83%d0%ba%d1%82%d1%8b\\\/%d1%82%d0%b5%d1%80%d0%bc%d0%be%d1%81-%d1%81-%d1%80%d0%b5%d0%bc%d0%b5%d1%88%d0%ba%d0%be%d0%bc#primaryimage\",\"url\":\"https:\\\/\\\/www.dillerbottle.com\\\/wp-content\\\/uploads\\\/2024\\\/09\\\/insulated-bottle-with-strapd51b1156-73b3-4227-a1af-fd816b3dc3ff.jpg\",\"contentUrl\":\"https:\\\/\\\/www.dillerbottle.com\\\/wp-content\\\/uploads\\\/2024\\\/09\\\/insulated-bottle-with-strapd51b1156-73b3-4227-a1af-fd816b3dc3ff.jpg\",\"width\":730,\"height\":730},{\"@type\":\"BreadcrumbList\",\"@id\":\"https:\\\/\\\/www.dillerbottle.com\\\/ru\\\/%d0%bf%d1%80%d0%be%d0%b4%d1%83%d0%ba%d1%82%d1%8b\\\/%d1%82%d0%b5%d1%80%d0%bc%d0%be%d1%81-%d1%81-%d1%80%d0%b5%d0%bc%d0%b5%d1%88%d0%ba%d0%be%d0%bc#breadcrumb\",\"itemListElement\":[{\"@type\":\"ListItem\",\"position\":1,\"name\":\"Home\",\"item\":\"https:\\\/\\\/www.dillerbottle.com\\\/\"},{\"@type\":\"ListItem\",\"position\":2,\"name\":\"Products\",\"item\":\"https:\\\/\\\/www.dillerbottle.com\\\/shop\"},{\"@type\":\"ListItem\",\"position\":3,\"name\":\"Insulated Bottle With Strap\"}]},{\"@type\":\"WebSite\",\"@id\":\"https:\\\/\\\/www.dillerbottle.com\\\/#website\",\"url\":\"https:\\\/\\\/www.dillerbottle.com\\\/\",\"name\":\"Diller Water Bottle Manufacturer\",\"description\":\"Water Bottle Manufacturer\",\"publisher\":{\"@id\":\"https:\\\/\\\/www.dillerbottle.com\\\/#organization\"},\"potentialAction\":[{\"@type\":\"SearchAction\",\"target\":{\"@type\":\"EntryPoint\",\"urlTemplate\":\"https:\\\/\\\/www.dillerbottle.com\\\/?s={search_term_string}\"},\"query-input\":{\"@type\":\"PropertyValueSpecification\",\"valueRequired\":true,\"valueName\":\"search_term_string\"}}],\"inLanguage\":\"vi\"},{\"@type\":\"Organization\",\"@id\":\"https:\\\/\\\/www.dillerbottle.com\\\/#organization\",\"name\":\"Diller Water Bottle Manufacturer\",\"url\":\"https:\\\/\\\/www.dillerbottle.com\\\/\",\"logo\":{\"@type\":\"ImageObject\",\"inLanguage\":\"vi\",\"@id\":\"https:\\\/\\\/www.dillerbottle.com\\\/#\\\/schema\\\/logo\\\/image\\\/\",\"url\":\"https:\\\/\\\/www.dillerbottle.com\\\/wp-content\\\/uploads\\\/2024\\\/09\\\/49918bfa848dcc1e9f8b509933603ac.png\",\"contentUrl\":\"https:\\\/\\\/www.dillerbottle.com\\\/wp-content\\\/uploads\\\/2024\\\/09\\\/49918bfa848dcc1e9f8b509933603ac.png\",\"width\":988,\"height\":198,\"caption\":\"Diller Water Bottle Manufacturer\"},\"image\":{\"@id\":\"https:\\\/\\\/www.dillerbottle.com\\\/#\\\/schema\\\/logo\\\/image\\\/\"}}]}<\/script>\n<!-- \/ Yoast SEO Premium plugin. -->","yoast_head_json":{"title":"B\u00ecnh gi\u1eef nhi\u1ec7t c\u00f3 d\u00e2y \u0111eo - Nh\u00e0 s\u1ea3n xu\u1ea5t b\u00ecnh n\u01b0\u1edbc Diller","description":"L\u00e0 m\u1ed9t trong nh\u1eefng nh\u00e0 s\u1ea3n xu\u1ea5t v\u00e0 cung c\u1ea5p b\u00ecnh c\u00e1ch nhi\u1ec7t c\u00f3 d\u00e2y \u0111eo t\u1ed1t nh\u1ea5t, ch\u00fang t\u00f4i tham gia s\u1ea3n xu\u1ea5t b\u00ecnh n\u01b0\u1edbc ch\u1ea5t l\u01b0\u1ee3ng t\u1ed1t. Ch\u00fang t\u00f4i n\u1ed3ng nhi\u1ec7t ch\u00e0o \u0111\u00f3n b\u1ea1n \u0111\u1ebfn b\u00e1n bu\u00f4n ho\u1eb7c mua b\u00ecnh c\u00e1ch nhi\u1ec7t c\u00f3 d\u00e2y \u0111eo t\u00f9y ch\u1ec9nh v\u1edbi gi\u00e1 c\u1ea1nh tranh t\u1eeb ch\u00fang t\u00f4i. Ngo\u00e0i ra, ch\u00fang t\u00f4i c\u0169ng ch\u1ea5p nh\u1eadn \u0111\u01a1n \u0111\u1eb7t h\u00e0ng s\u1ed1 l\u01b0\u1ee3ng nh\u1ecf.","robots":{"index":"index","follow":"follow","max-snippet":"max-snippet:-1","max-image-preview":"max-image-preview:large","max-video-preview":"max-video-preview:-1"},"canonical":"https:\/\/www.dillerbottle.com\/vn\/cac-san-pham\/binh-cach-nhiet-co-day-deo","og_locale":"vi_VN","og_type":"article","og_title":"Insulated Bottle With Strap","og_description":"As one of the best insulated bottle with strap manufacturers and suppliers, we are engaged in manufacturing good quality water bottles. We warmly welcome you to wholesale or buy custom made insulated bottle with strap at competitive price from us. Also, small quantity orders are acceptable.","og_url":"https:\/\/www.dillerbottle.com\/vn\/cac-san-pham\/binh-cach-nhiet-co-day-deo","og_site_name":"Diller Water Bottle Manufacturer","article_modified_time":"2025-07-09T07:39:52+00:00","og_image":[{"width":730,"height":730,"url":"https:\/\/www.dillerbottle.com\/wp-content\/uploads\/2024\/09\/insulated-bottle-with-strapd51b1156-73b3-4227-a1af-fd816b3dc3ff.jpg","type":"image\/jpeg"}],"twitter_card":"summary_large_image","twitter_misc":{"\u01af\u1edbc t\u00ednh th\u1eddi gian \u0111\u1ecdc":"5 ph\u00fat"},"schema":{"@context":"https:\/\/schema.org","@graph":[{"@type":"WebPage","@id":"https:\/\/www.dillerbottle.com\/ru\/%d0%bf%d1%80%d0%be%d0%b4%d1%83%d0%ba%d1%82%d1%8b\/%d1%82%d0%b5%d1%80%d0%bc%d0%be%d1%81-%d1%81-%d1%80%d0%b5%d0%bc%d0%b5%d1%88%d0%ba%d0%be%d0%bc","url":"https:\/\/www.dillerbottle.com\/ru\/%d0%bf%d1%80%d0%be%d0%b4%d1%83%d0%ba%d1%82%d1%8b\/%d1%82%d0%b5%d1%80%d0%bc%d0%be%d1%81-%d1%81-%d1%80%d0%b5%d0%bc%d0%b5%d1%88%d0%ba%d0%be%d0%bc","name":"B\u00ecnh gi\u1eef nhi\u1ec7t c\u00f3 d\u00e2y \u0111eo - Nh\u00e0 s\u1ea3n xu\u1ea5t b\u00ecnh n\u01b0\u1edbc Diller","isPartOf":{"@id":"https:\/\/www.dillerbottle.com\/#website"},"primaryImageOfPage":{"@id":"https:\/\/www.dillerbottle.com\/ru\/%d0%bf%d1%80%d0%be%d0%b4%d1%83%d0%ba%d1%82%d1%8b\/%d1%82%d0%b5%d1%80%d0%bc%d0%be%d1%81-%d1%81-%d1%80%d0%b5%d0%bc%d0%b5%d1%88%d0%ba%d0%be%d0%bc#primaryimage"},"image":{"@id":"https:\/\/www.dillerbottle.com\/ru\/%d0%bf%d1%80%d0%be%d0%b4%d1%83%d0%ba%d1%82%d1%8b\/%d1%82%d0%b5%d1%80%d0%bc%d0%be%d1%81-%d1%81-%d1%80%d0%b5%d0%bc%d0%b5%d1%88%d0%ba%d0%be%d0%bc#primaryimage"},"thumbnailUrl":"https:\/\/www.dillerbottle.com\/wp-content\/uploads\/2024\/09\/insulated-bottle-with-strapd51b1156-73b3-4227-a1af-fd816b3dc3ff.jpg","datePublished":"2024-09-29T06:41:06+00:00","dateModified":"2025-07-09T07:39:52+00:00","description":"L\u00e0 m\u1ed9t trong nh\u1eefng nh\u00e0 s\u1ea3n xu\u1ea5t v\u00e0 cung c\u1ea5p b\u00ecnh c\u00e1ch nhi\u1ec7t c\u00f3 d\u00e2y \u0111eo t\u1ed1t nh\u1ea5t, ch\u00fang t\u00f4i tham gia s\u1ea3n xu\u1ea5t b\u00ecnh n\u01b0\u1edbc ch\u1ea5t l\u01b0\u1ee3ng t\u1ed1t. Ch\u00fang t\u00f4i n\u1ed3ng nhi\u1ec7t ch\u00e0o \u0111\u00f3n b\u1ea1n \u0111\u1ebfn b\u00e1n bu\u00f4n ho\u1eb7c mua b\u00ecnh c\u00e1ch nhi\u1ec7t c\u00f3 d\u00e2y \u0111eo t\u00f9y ch\u1ec9nh v\u1edbi gi\u00e1 c\u1ea1nh tranh t\u1eeb ch\u00fang t\u00f4i. Ngo\u00e0i ra, ch\u00fang t\u00f4i c\u0169ng ch\u1ea5p nh\u1eadn \u0111\u01a1n \u0111\u1eb7t h\u00e0ng s\u1ed1 l\u01b0\u1ee3ng nh\u1ecf.","breadcrumb":{"@id":"https:\/\/www.dillerbottle.com\/ru\/%d0%bf%d1%80%d0%be%d0%b4%d1%83%d0%ba%d1%82%d1%8b\/%d1%82%d0%b5%d1%80%d0%bc%d0%be%d1%81-%d1%81-%d1%80%d0%b5%d0%bc%d0%b5%d1%88%d0%ba%d0%be%d0%bc#breadcrumb"},"inLanguage":"vi","potentialAction":[{"@type":"ReadAction","target":["https:\/\/www.dillerbottle.com\/ru\/%d0%bf%d1%80%d0%be%d0%b4%d1%83%d0%ba%d1%82%d1%8b\/%d1%82%d0%b5%d1%80%d0%bc%d0%be%d1%81-%d1%81-%d1%80%d0%b5%d0%bc%d0%b5%d1%88%d0%ba%d0%be%d0%bc"]}]},{"@type":"ImageObject","inLanguage":"vi","@id":"https:\/\/www.dillerbottle.com\/ru\/%d0%bf%d1%80%d0%be%d0%b4%d1%83%d0%ba%d1%82%d1%8b\/%d1%82%d0%b5%d1%80%d0%bc%d0%be%d1%81-%d1%81-%d1%80%d0%b5%d0%bc%d0%b5%d1%88%d0%ba%d0%be%d0%bc#primaryimage","url":"https:\/\/www.dillerbottle.com\/wp-content\/uploads\/2024\/09\/insulated-bottle-with-strapd51b1156-73b3-4227-a1af-fd816b3dc3ff.jpg","contentUrl":"https:\/\/www.dillerbottle.com\/wp-content\/uploads\/2024\/09\/insulated-bottle-with-strapd51b1156-73b3-4227-a1af-fd816b3dc3ff.jpg","width":730,"height":730},{"@type":"BreadcrumbList","@id":"https:\/\/www.dillerbottle.com\/ru\/%d0%bf%d1%80%d0%be%d0%b4%d1%83%d0%ba%d1%82%d1%8b\/%d1%82%d0%b5%d1%80%d0%bc%d0%be%d1%81-%d1%81-%d1%80%d0%b5%d0%bc%d0%b5%d1%88%d0%ba%d0%be%d0%bc#breadcrumb","itemListElement":[{"@type":"ListItem","position":1,"name":"Home","item":"https:\/\/www.dillerbottle.com\/"},{"@type":"ListItem","position":2,"name":"Products","item":"https:\/\/www.dillerbottle.com\/shop"},{"@type":"ListItem","position":3,"name":"Insulated Bottle With Strap"}]},{"@type":"WebSite","@id":"https:\/\/www.dillerbottle.com\/#website","url":"https:\/\/www.dillerbottle.com\/","name":"Nh\u00e0 s\u1ea3n xu\u1ea5t b\u00ecnh n\u01b0\u1edbc Diller","description":"Nh\u00e0 s\u1ea3n xu\u1ea5t b\u00ecnh n\u01b0\u1edbc","publisher":{"@id":"https:\/\/www.dillerbottle.com\/#organization"},"potentialAction":[{"@type":"SearchAction","target":{"@type":"EntryPoint","urlTemplate":"https:\/\/www.dillerbottle.com\/?s={search_term_string}"},"query-input":{"@type":"PropertyValueSpecification","valueRequired":true,"valueName":"search_term_string"}}],"inLanguage":"vi"},{"@type":"Organization","@id":"https:\/\/www.dillerbottle.com\/#organization","name":"Nh\u00e0 s\u1ea3n xu\u1ea5t b\u00ecnh n\u01b0\u1edbc Diller","url":"https:\/\/www.dillerbottle.com\/","logo":{"@type":"ImageObject","inLanguage":"vi","@id":"https:\/\/www.dillerbottle.com\/#\/schema\/logo\/image\/","url":"https:\/\/www.dillerbottle.com\/wp-content\/uploads\/2024\/09\/49918bfa848dcc1e9f8b509933603ac.png","contentUrl":"https:\/\/www.dillerbottle.com\/wp-content\/uploads\/2024\/09\/49918bfa848dcc1e9f8b509933603ac.png","width":988,"height":198,"caption":"Diller Water Bottle Manufacturer"},"image":{"@id":"https:\/\/www.dillerbottle.com\/#\/schema\/logo\/image\/"}}]}},"_links":{"self":[{"href":"https:\/\/www.dillerbottle.com\/vn\/wp-json\/wp\/v2\/product\/10133","targetHints":{"allow":["GET"]}}],"collection":[{"href":"https:\/\/www.dillerbottle.com\/vn\/wp-json\/wp\/v2\/product"}],"about":[{"href":"https:\/\/www.dillerbottle.com\/vn\/wp-json\/wp\/v2\/types\/product"}],"replies":[{"embeddable":true,"href":"https:\/\/www.dillerbottle.com\/vn\/wp-json\/wp\/v2\/comments?post=10133"}],"wp:featuredmedia":[{"embeddable":true,"href":"https:\/\/www.dillerbottle.com\/vn\/wp-json\/wp\/v2\/media\/10134"}],"wp:attachment":[{"href":"https:\/\/www.dillerbottle.com\/vn\/wp-json\/wp\/v2\/media?parent=10133"}],"wp:term":[{"taxonomy":"product_brand","embeddable":true,"href":"https:\/\/www.dillerbottle.com\/vn\/wp-json\/wp\/v2\/product_brand?post=10133"},{"taxonomy":"product_cat","embeddable":true,"href":"https:\/\/www.dillerbottle.com\/vn\/wp-json\/wp\/v2\/product_cat?post=10133"},{"taxonomy":"product_tag","embeddable":true,"href":"https:\/\/www.dillerbottle.com\/vn\/wp-json\/wp\/v2\/product_tag?post=10133"}],"curies":[{"name":"wp","href":"https:\/\/api.w.org\/{rel}","templated":true}]}}