{"id":10160,"date":"2024-09-29T14:41:30","date_gmt":"2024-09-29T06:41:30","guid":{"rendered":"https:\/\/demo.dillerbottle.com\/products\/minimalist-vacuum-water-flask"},"modified":"2025-07-09T15:38:34","modified_gmt":"2025-07-09T07:38:34","slug":"binh-dung-nuoc-chan-khong-toi-gian","status":"publish","type":"product","link":"https:\/\/www.dillerbottle.com\/vn\/products\/minimalist-vacuum-water-flask","title":{"rendered":"B\u00ecnh \u0111\u1ef1ng n\u01b0\u1edbc ch\u00e2n kh\u00f4ng t\u1ed1i gi\u1ea3n"},"content":{"rendered":"<p>1. C\u00f4ng ngh\u1ec7 c\u00e1ch nhi\u1ec7t ch\u00e2n kh\u00f4ng gi\u1eef nhi\u1ec7t \u0111\u1ed3 u\u1ed1ng n\u00f3ng ho\u1eb7c l\u1ea1nh. Ho\u00e0n h\u1ea3o \u0111\u1ec3 mang theo khi \u0111i phi\u00eau l\u01b0u ngo\u00e0i tr\u1eddi, gi\u1eef \u0111\u1ed3 u\u1ed1ng n\u00f3ng trong 6 gi\u1edd ho\u1eb7c l\u1ea1nh trong 12 gi\u1edd.<\/p>\n<p>2. C\u1ef1c k\u1ef3 b\u1ec1n. K\u1ebft c\u1ea5u th\u00e9p kh\u00f4ng g\u1ec9 18\/8 (304) ch\u1ea5t l\u01b0\u1ee3ng cao \u0111\u00e1ng tin c\u1eady b\u1ea5t k\u1ef3 th\u1eddi \u0111i\u1ec3m n\u00e0o trong n\u0103m cho nh\u1eefng chuy\u1ebfn \u0111i b\u1ed9 \u0111\u01b0\u1eddng d\u00e0i ho\u1eb7c nh\u1eefng chuy\u1ebfn \u0111i \u0111\u01b0\u1eddng d\u00e0i.<\/p>\n<p>3. N\u1eafp n\u00fat nh\u1ea5n c\u00f3 v\u00f2ng kh\u00f3a ch\u1ed1ng r\u00f2 r\u1ec9 khi \u0111\u00f3ng v\u00e0 kh\u00f3a. V\u00f2ng silicon tr\u00ean n\u1eafp c\u1ed1c c\u0169ng l\u00e0 ch\u00eca kh\u00f3a \u0111\u1ec3 b\u1ecbt k\u00edn v\u00e0 ng\u0103n r\u00f2 r\u1ec9.<\/p>\n<p>4. S\u1ed1 1<br \/>\nB\u00ecnh \u0111\u1ef1ng n\u01b0\u1edbc ch\u00e2n kh\u00f4ng t\u1ed1i gi\u1ea3n dung t\u00edch 2,2 oz (360ml) ho\u00e0n h\u1ea3o \u0111\u1ec3 mang theo, d\u00f9 l\u00e0 th\u1ec3 thao ngo\u00e0i tr\u1eddi, v\u0103n ph\u00f2ng, b\u00e3i bi\u1ec3n, tr\u01b0\u1eddng h\u1ecdc, yoga, c\u1eafm tr\u1ea1i, \u0111\u1ea1p xe, th\u1ec3 d\u1ee5c v\u00e0 c\u00e1c t\u00ecnh hu\u1ed1ng kh\u00e1c. D\u1ec5 d\u00e0ng \u0111\u1ec3 v\u1eeba trong gi\u00e1 \u0111\u1ef1ng c\u1ed1c tr\u00ean \u00f4 t\u00f4, gi\u00e1 \u0111\u1ec3 xe \u0111\u1ea1p ho\u1eb7c t\u00fai \u1edf b\u00ean h\u00f4ng ba l\u00f4. T\u1eadn h\u01b0\u1edfng chuy\u1ebfn du l\u1ecbch m\u1ecdi l\u00fac, m\u1ecdi n\u01a1i.<\/p>","protected":false},"excerpt":{"rendered":"<p>B\u00ecnh \u0111\u1ef1ng n\u01b0\u1edbc ch\u00e2n kh\u00f4ng t\u1ed1i gi\u1ea3n n\u00e0y \u0111\u01b0\u1ee3c l\u00e0m t\u1eeb th\u00e9p kh\u00f4ng g\u1ec9 316 b\u1ec1n v\u00e0 v\u1eadt li\u1ec7u an to\u00e0n th\u1ef1c ph\u1ea9m.<br \/>\nB\u00ecnh gi\u1eef nhi\u1ec7t n\u00e0y c\u00f3 th\u1ec3 gi\u1eef \u0111\u1ed3 n\u00f3ng ho\u1eb7c l\u1ea1nh t\u1edbi 6-12 gi\u1edd.<br \/>\nC\u00f3 th\u1ec3 th\u00e1o r\u1eddi to\u00e0n b\u1ed9, thu\u1eadn ti\u1ec7n h\u01a1n cho vi\u1ec7c v\u1ec7 sinh.<br \/>\nV\u00f2ng silicon tr\u00ean n\u1eafp c\u1ed1c c\u00f3 th\u1ec3 b\u1ecbt k\u00edn v\u00e0 ng\u0103n r\u00f2 r\u1ec9.<br \/>\nCh\u1ea5p nh\u1eadn OEM v\u00e0 ODM.<br \/>\nCh\u00fang t\u00f4i c\u00f3 th\u1ec3 t\u00f9y ch\u1ec9nh b\u00ecnh gi\u1eef nhi\u1ec7t kim lo\u1ea1i theo y\u00eau c\u1ea7u c\u1ee7a b\u1ea1n.<br \/>\nCh\u00e0o m\u1eebng b\u1ea1n \u0111\u1ebfn mua s\u1ec9, h\u00e3y g\u1eedi y\u00eau c\u1ea7u ngay!<\/p>","protected":false},"featured_media":10161,"comment_status":"open","ping_status":"closed","template":"","meta":{"_acf_changed":false},"product_brand":[],"product_cat":[18],"product_tag":[32,36,33,849,31,524,39,38,689,29,37,860,762,34,35,28,703,760,30],"class_list":{"0":"post-10160","1":"product","2":"type-product","3":"status-publish","4":"has-post-thumbnail","6":"product_cat-insulated-water-bottle","7":"product_tag-best","8":"product_tag-bulk","9":"product_tag-buy","10":"product_tag-ceramic-water-bottles","11":"product_tag-custom","12":"product_tag-drinking-water-bottles","13":"product_tag-for-sale","14":"product_tag-good-quality","15":"product_tag-infuser-water-bottle-direct-drinking","16":"product_tag-manufacturers","17":"product_tag-manufacturing","18":"product_tag-minimalist-vacuum-water-flask","19":"product_tag-nice-water-bottle","20":"product_tag-price","21":"product_tag-small","22":"product_tag-suppliers","23":"product_tag-water-bottle-bamboo-lid","24":"product_tag-water-bottle-with-straw-wholesale","25":"product_tag-wholesale","27":"first","28":"instock","29":"shipping-taxable","30":"product-type-simple"},"acf":[],"yoast_head":"<!-- This site is optimized with the Yoast SEO Premium plugin v27.4 (Yoast SEO v27.4) - https:\/\/yoast.com\/product\/yoast-seo-premium-wordpress\/ -->\n<title>Minimalist Vacuum Water Flask - Diller Water Bottle Manufacturer<\/title>\n<meta name=\"description\" content=\"As one of the best minimalist vacuum water flask manufacturers and suppliers, we are engaged in manufacturing good quality water bottles. We warmly welcome you to wholesale or buy custom made minimalist vacuum water flask at competitive price from us. Also, small quantity orders are acceptable.\" \/>\n<meta name=\"robots\" content=\"index, follow, max-snippet:-1, max-image-preview:large, max-video-preview:-1\" \/>\n<link rel=\"canonical\" href=\"https:\/\/www.dillerbottle.com\/vn\/cac-san-pham\/binh-dung-nuoc-chan-khong-toi-gian\" \/>\n<meta property=\"og:locale\" content=\"vi_VN\" \/>\n<meta property=\"og:type\" content=\"article\" \/>\n<meta property=\"og:title\" content=\"Minimalist Vacuum Water Flask\" \/>\n<meta property=\"og:description\" content=\"As one of the best minimalist vacuum water flask manufacturers and suppliers, we are engaged in manufacturing good quality water bottles. We warmly welcome you to wholesale or buy custom made minimalist vacuum water flask at competitive price from us. Also, small quantity orders are acceptable.\" \/>\n<meta property=\"og:url\" content=\"https:\/\/www.dillerbottle.com\/vn\/cac-san-pham\/binh-dung-nuoc-chan-khong-toi-gian\" \/>\n<meta property=\"og:site_name\" content=\"Diller Water Bottle Manufacturer\" \/>\n<meta property=\"article:modified_time\" content=\"2025-07-09T07:38:34+00:00\" \/>\n<meta property=\"og:image\" content=\"https:\/\/www.dillerbottle.com\/wp-content\/uploads\/2024\/09\/minimalist-vacuum-water-flask71cad76e-703a-4f6b-bd92-9a45e5c166bb.jpg\" \/>\n\t<meta property=\"og:image:width\" content=\"730\" \/>\n\t<meta property=\"og:image:height\" content=\"730\" \/>\n\t<meta property=\"og:image:type\" content=\"image\/jpeg\" \/>\n<meta name=\"twitter:card\" content=\"summary_large_image\" \/>\n<meta name=\"twitter:label1\" content=\"\u01af\u1edbc t\u00ednh th\u1eddi gian \u0111\u1ecdc\" \/>\n\t<meta name=\"twitter:data1\" content=\"6 ph\u00fat\" \/>\n<script type=\"application\/ld+json\" class=\"yoast-schema-graph\">{\"@context\":\"https:\\\/\\\/schema.org\",\"@graph\":[{\"@type\":\"WebPage\",\"@id\":\"https:\\\/\\\/www.dillerbottle.com\\\/ru\\\/%d0%bf%d1%80%d0%be%d0%b4%d1%83%d0%ba%d1%82%d1%8b\\\/%d0%bc%d0%b8%d0%bd%d0%b8%d0%bc%d0%b0%d0%bb%d0%b8%d1%81%d1%82%d1%81%d0%ba%d0%b8%d0%b9-%d1%82%d0%b5%d1%80%d0%bc%d0%be%d1%81-%d0%b4%d0%bb%d1%8f-%d0%b2%d0%be%d0%b4%d1%8b\",\"url\":\"https:\\\/\\\/www.dillerbottle.com\\\/ru\\\/%d0%bf%d1%80%d0%be%d0%b4%d1%83%d0%ba%d1%82%d1%8b\\\/%d0%bc%d0%b8%d0%bd%d0%b8%d0%bc%d0%b0%d0%bb%d0%b8%d1%81%d1%82%d1%81%d0%ba%d0%b8%d0%b9-%d1%82%d0%b5%d1%80%d0%bc%d0%be%d1%81-%d0%b4%d0%bb%d1%8f-%d0%b2%d0%be%d0%b4%d1%8b\",\"name\":\"Minimalist Vacuum Water Flask - Diller Water Bottle Manufacturer\",\"isPartOf\":{\"@id\":\"https:\\\/\\\/www.dillerbottle.com\\\/#website\"},\"primaryImageOfPage\":{\"@id\":\"https:\\\/\\\/www.dillerbottle.com\\\/ru\\\/%d0%bf%d1%80%d0%be%d0%b4%d1%83%d0%ba%d1%82%d1%8b\\\/%d0%bc%d0%b8%d0%bd%d0%b8%d0%bc%d0%b0%d0%bb%d0%b8%d1%81%d1%82%d1%81%d0%ba%d0%b8%d0%b9-%d1%82%d0%b5%d1%80%d0%bc%d0%be%d1%81-%d0%b4%d0%bb%d1%8f-%d0%b2%d0%be%d0%b4%d1%8b#primaryimage\"},\"image\":{\"@id\":\"https:\\\/\\\/www.dillerbottle.com\\\/ru\\\/%d0%bf%d1%80%d0%be%d0%b4%d1%83%d0%ba%d1%82%d1%8b\\\/%d0%bc%d0%b8%d0%bd%d0%b8%d0%bc%d0%b0%d0%bb%d0%b8%d1%81%d1%82%d1%81%d0%ba%d0%b8%d0%b9-%d1%82%d0%b5%d1%80%d0%bc%d0%be%d1%81-%d0%b4%d0%bb%d1%8f-%d0%b2%d0%be%d0%b4%d1%8b#primaryimage\"},\"thumbnailUrl\":\"https:\\\/\\\/www.dillerbottle.com\\\/wp-content\\\/uploads\\\/2024\\\/09\\\/minimalist-vacuum-water-flask71cad76e-703a-4f6b-bd92-9a45e5c166bb.jpg\",\"datePublished\":\"2024-09-29T06:41:30+00:00\",\"dateModified\":\"2025-07-09T07:38:34+00:00\",\"description\":\"As one of the best minimalist vacuum water flask manufacturers and suppliers, we are engaged in manufacturing good quality water bottles. We warmly welcome you to wholesale or buy custom made minimalist vacuum water flask at competitive price from us. Also, small quantity orders are acceptable.\",\"breadcrumb\":{\"@id\":\"https:\\\/\\\/www.dillerbottle.com\\\/ru\\\/%d0%bf%d1%80%d0%be%d0%b4%d1%83%d0%ba%d1%82%d1%8b\\\/%d0%bc%d0%b8%d0%bd%d0%b8%d0%bc%d0%b0%d0%bb%d0%b8%d1%81%d1%82%d1%81%d0%ba%d0%b8%d0%b9-%d1%82%d0%b5%d1%80%d0%bc%d0%be%d1%81-%d0%b4%d0%bb%d1%8f-%d0%b2%d0%be%d0%b4%d1%8b#breadcrumb\"},\"inLanguage\":\"vi\",\"potentialAction\":[{\"@type\":\"ReadAction\",\"target\":[\"https:\\\/\\\/www.dillerbottle.com\\\/ru\\\/%d0%bf%d1%80%d0%be%d0%b4%d1%83%d0%ba%d1%82%d1%8b\\\/%d0%bc%d0%b8%d0%bd%d0%b8%d0%bc%d0%b0%d0%bb%d0%b8%d1%81%d1%82%d1%81%d0%ba%d0%b8%d0%b9-%d1%82%d0%b5%d1%80%d0%bc%d0%be%d1%81-%d0%b4%d0%bb%d1%8f-%d0%b2%d0%be%d0%b4%d1%8b\"]}]},{\"@type\":\"ImageObject\",\"inLanguage\":\"vi\",\"@id\":\"https:\\\/\\\/www.dillerbottle.com\\\/ru\\\/%d0%bf%d1%80%d0%be%d0%b4%d1%83%d0%ba%d1%82%d1%8b\\\/%d0%bc%d0%b8%d0%bd%d0%b8%d0%bc%d0%b0%d0%bb%d0%b8%d1%81%d1%82%d1%81%d0%ba%d0%b8%d0%b9-%d1%82%d0%b5%d1%80%d0%bc%d0%be%d1%81-%d0%b4%d0%bb%d1%8f-%d0%b2%d0%be%d0%b4%d1%8b#primaryimage\",\"url\":\"https:\\\/\\\/www.dillerbottle.com\\\/wp-content\\\/uploads\\\/2024\\\/09\\\/minimalist-vacuum-water-flask71cad76e-703a-4f6b-bd92-9a45e5c166bb.jpg\",\"contentUrl\":\"https:\\\/\\\/www.dillerbottle.com\\\/wp-content\\\/uploads\\\/2024\\\/09\\\/minimalist-vacuum-water-flask71cad76e-703a-4f6b-bd92-9a45e5c166bb.jpg\",\"width\":730,\"height\":730},{\"@type\":\"BreadcrumbList\",\"@id\":\"https:\\\/\\\/www.dillerbottle.com\\\/ru\\\/%d0%bf%d1%80%d0%be%d0%b4%d1%83%d0%ba%d1%82%d1%8b\\\/%d0%bc%d0%b8%d0%bd%d0%b8%d0%bc%d0%b0%d0%bb%d0%b8%d1%81%d1%82%d1%81%d0%ba%d0%b8%d0%b9-%d1%82%d0%b5%d1%80%d0%bc%d0%be%d1%81-%d0%b4%d0%bb%d1%8f-%d0%b2%d0%be%d0%b4%d1%8b#breadcrumb\",\"itemListElement\":[{\"@type\":\"ListItem\",\"position\":1,\"name\":\"Home\",\"item\":\"https:\\\/\\\/www.dillerbottle.com\\\/\"},{\"@type\":\"ListItem\",\"position\":2,\"name\":\"Products\",\"item\":\"https:\\\/\\\/www.dillerbottle.com\\\/shop\"},{\"@type\":\"ListItem\",\"position\":3,\"name\":\"Minimalist Vacuum Water Flask\"}]},{\"@type\":\"WebSite\",\"@id\":\"https:\\\/\\\/www.dillerbottle.com\\\/#website\",\"url\":\"https:\\\/\\\/www.dillerbottle.com\\\/\",\"name\":\"Diller Water Bottle Manufacturer\",\"description\":\"Water Bottle Manufacturer\",\"publisher\":{\"@id\":\"https:\\\/\\\/www.dillerbottle.com\\\/#organization\"},\"potentialAction\":[{\"@type\":\"SearchAction\",\"target\":{\"@type\":\"EntryPoint\",\"urlTemplate\":\"https:\\\/\\\/www.dillerbottle.com\\\/?s={search_term_string}\"},\"query-input\":{\"@type\":\"PropertyValueSpecification\",\"valueRequired\":true,\"valueName\":\"search_term_string\"}}],\"inLanguage\":\"vi\"},{\"@type\":\"Organization\",\"@id\":\"https:\\\/\\\/www.dillerbottle.com\\\/#organization\",\"name\":\"Diller Water Bottle Manufacturer\",\"url\":\"https:\\\/\\\/www.dillerbottle.com\\\/\",\"logo\":{\"@type\":\"ImageObject\",\"inLanguage\":\"vi\",\"@id\":\"https:\\\/\\\/www.dillerbottle.com\\\/#\\\/schema\\\/logo\\\/image\\\/\",\"url\":\"https:\\\/\\\/www.dillerbottle.com\\\/wp-content\\\/uploads\\\/2024\\\/09\\\/49918bfa848dcc1e9f8b509933603ac.png\",\"contentUrl\":\"https:\\\/\\\/www.dillerbottle.com\\\/wp-content\\\/uploads\\\/2024\\\/09\\\/49918bfa848dcc1e9f8b509933603ac.png\",\"width\":988,\"height\":198,\"caption\":\"Diller Water Bottle Manufacturer\"},\"image\":{\"@id\":\"https:\\\/\\\/www.dillerbottle.com\\\/#\\\/schema\\\/logo\\\/image\\\/\"}}]}<\/script>\n<!-- \/ Yoast SEO Premium plugin. -->","yoast_head_json":{"title":"B\u00ecnh \u0111\u1ef1ng n\u01b0\u1edbc ch\u00e2n kh\u00f4ng t\u1ed1i gi\u1ea3n - Nh\u00e0 s\u1ea3n xu\u1ea5t b\u00ecnh \u0111\u1ef1ng n\u01b0\u1edbc Diller","description":"L\u00e0 m\u1ed9t trong nh\u1eefng nh\u00e0 s\u1ea3n xu\u1ea5t v\u00e0 cung c\u1ea5p b\u00ecnh \u0111\u1ef1ng n\u01b0\u1edbc ch\u00e2n kh\u00f4ng t\u1ed1i gi\u1ea3n t\u1ed1t nh\u1ea5t, ch\u00fang t\u00f4i tham gia s\u1ea3n xu\u1ea5t b\u00ecnh \u0111\u1ef1ng n\u01b0\u1edbc ch\u1ea5t l\u01b0\u1ee3ng t\u1ed1t. Ch\u00fang t\u00f4i n\u1ed3ng nhi\u1ec7t ch\u00e0o \u0111\u00f3n b\u1ea1n \u0111\u1ebfn b\u00e1n bu\u00f4n ho\u1eb7c mua b\u00ecnh \u0111\u1ef1ng n\u01b0\u1edbc ch\u00e2n kh\u00f4ng t\u1ed1i gi\u1ea3n t\u00f9y ch\u1ec9nh v\u1edbi gi\u00e1 c\u1ea1nh tranh t\u1eeb ch\u00fang t\u00f4i. Ngo\u00e0i ra, ch\u00fang t\u00f4i c\u0169ng ch\u1ea5p nh\u1eadn \u0111\u01a1n \u0111\u1eb7t h\u00e0ng s\u1ed1 l\u01b0\u1ee3ng nh\u1ecf.","robots":{"index":"index","follow":"follow","max-snippet":"max-snippet:-1","max-image-preview":"max-image-preview:large","max-video-preview":"max-video-preview:-1"},"canonical":"https:\/\/www.dillerbottle.com\/vn\/cac-san-pham\/binh-dung-nuoc-chan-khong-toi-gian","og_locale":"vi_VN","og_type":"article","og_title":"Minimalist Vacuum Water Flask","og_description":"As one of the best minimalist vacuum water flask manufacturers and suppliers, we are engaged in manufacturing good quality water bottles. We warmly welcome you to wholesale or buy custom made minimalist vacuum water flask at competitive price from us. Also, small quantity orders are acceptable.","og_url":"https:\/\/www.dillerbottle.com\/vn\/cac-san-pham\/binh-dung-nuoc-chan-khong-toi-gian","og_site_name":"Diller Water Bottle Manufacturer","article_modified_time":"2025-07-09T07:38:34+00:00","og_image":[{"width":730,"height":730,"url":"https:\/\/www.dillerbottle.com\/wp-content\/uploads\/2024\/09\/minimalist-vacuum-water-flask71cad76e-703a-4f6b-bd92-9a45e5c166bb.jpg","type":"image\/jpeg"}],"twitter_card":"summary_large_image","twitter_misc":{"\u01af\u1edbc t\u00ednh th\u1eddi gian \u0111\u1ecdc":"6 ph\u00fat"},"schema":{"@context":"https:\/\/schema.org","@graph":[{"@type":"WebPage","@id":"https:\/\/www.dillerbottle.com\/ru\/%d0%bf%d1%80%d0%be%d0%b4%d1%83%d0%ba%d1%82%d1%8b\/%d0%bc%d0%b8%d0%bd%d0%b8%d0%bc%d0%b0%d0%bb%d0%b8%d1%81%d1%82%d1%81%d0%ba%d0%b8%d0%b9-%d1%82%d0%b5%d1%80%d0%bc%d0%be%d1%81-%d0%b4%d0%bb%d1%8f-%d0%b2%d0%be%d0%b4%d1%8b","url":"https:\/\/www.dillerbottle.com\/ru\/%d0%bf%d1%80%d0%be%d0%b4%d1%83%d0%ba%d1%82%d1%8b\/%d0%bc%d0%b8%d0%bd%d0%b8%d0%bc%d0%b0%d0%bb%d0%b8%d1%81%d1%82%d1%81%d0%ba%d0%b8%d0%b9-%d1%82%d0%b5%d1%80%d0%bc%d0%be%d1%81-%d0%b4%d0%bb%d1%8f-%d0%b2%d0%be%d0%b4%d1%8b","name":"B\u00ecnh \u0111\u1ef1ng n\u01b0\u1edbc ch\u00e2n kh\u00f4ng t\u1ed1i gi\u1ea3n - Nh\u00e0 s\u1ea3n xu\u1ea5t b\u00ecnh \u0111\u1ef1ng n\u01b0\u1edbc Diller","isPartOf":{"@id":"https:\/\/www.dillerbottle.com\/#website"},"primaryImageOfPage":{"@id":"https:\/\/www.dillerbottle.com\/ru\/%d0%bf%d1%80%d0%be%d0%b4%d1%83%d0%ba%d1%82%d1%8b\/%d0%bc%d0%b8%d0%bd%d0%b8%d0%bc%d0%b0%d0%bb%d0%b8%d1%81%d1%82%d1%81%d0%ba%d0%b8%d0%b9-%d1%82%d0%b5%d1%80%d0%bc%d0%be%d1%81-%d0%b4%d0%bb%d1%8f-%d0%b2%d0%be%d0%b4%d1%8b#primaryimage"},"image":{"@id":"https:\/\/www.dillerbottle.com\/ru\/%d0%bf%d1%80%d0%be%d0%b4%d1%83%d0%ba%d1%82%d1%8b\/%d0%bc%d0%b8%d0%bd%d0%b8%d0%bc%d0%b0%d0%bb%d0%b8%d1%81%d1%82%d1%81%d0%ba%d0%b8%d0%b9-%d1%82%d0%b5%d1%80%d0%bc%d0%be%d1%81-%d0%b4%d0%bb%d1%8f-%d0%b2%d0%be%d0%b4%d1%8b#primaryimage"},"thumbnailUrl":"https:\/\/www.dillerbottle.com\/wp-content\/uploads\/2024\/09\/minimalist-vacuum-water-flask71cad76e-703a-4f6b-bd92-9a45e5c166bb.jpg","datePublished":"2024-09-29T06:41:30+00:00","dateModified":"2025-07-09T07:38:34+00:00","description":"L\u00e0 m\u1ed9t trong nh\u1eefng nh\u00e0 s\u1ea3n xu\u1ea5t v\u00e0 cung c\u1ea5p b\u00ecnh \u0111\u1ef1ng n\u01b0\u1edbc ch\u00e2n kh\u00f4ng t\u1ed1i gi\u1ea3n t\u1ed1t nh\u1ea5t, ch\u00fang t\u00f4i tham gia s\u1ea3n xu\u1ea5t b\u00ecnh \u0111\u1ef1ng n\u01b0\u1edbc ch\u1ea5t l\u01b0\u1ee3ng t\u1ed1t. Ch\u00fang t\u00f4i n\u1ed3ng nhi\u1ec7t ch\u00e0o \u0111\u00f3n b\u1ea1n \u0111\u1ebfn b\u00e1n bu\u00f4n ho\u1eb7c mua b\u00ecnh \u0111\u1ef1ng n\u01b0\u1edbc ch\u00e2n kh\u00f4ng t\u1ed1i gi\u1ea3n t\u00f9y ch\u1ec9nh v\u1edbi gi\u00e1 c\u1ea1nh tranh t\u1eeb ch\u00fang t\u00f4i. Ngo\u00e0i ra, ch\u00fang t\u00f4i c\u0169ng ch\u1ea5p nh\u1eadn \u0111\u01a1n \u0111\u1eb7t h\u00e0ng s\u1ed1 l\u01b0\u1ee3ng nh\u1ecf.","breadcrumb":{"@id":"https:\/\/www.dillerbottle.com\/ru\/%d0%bf%d1%80%d0%be%d0%b4%d1%83%d0%ba%d1%82%d1%8b\/%d0%bc%d0%b8%d0%bd%d0%b8%d0%bc%d0%b0%d0%bb%d0%b8%d1%81%d1%82%d1%81%d0%ba%d0%b8%d0%b9-%d1%82%d0%b5%d1%80%d0%bc%d0%be%d1%81-%d0%b4%d0%bb%d1%8f-%d0%b2%d0%be%d0%b4%d1%8b#breadcrumb"},"inLanguage":"vi","potentialAction":[{"@type":"ReadAction","target":["https:\/\/www.dillerbottle.com\/ru\/%d0%bf%d1%80%d0%be%d0%b4%d1%83%d0%ba%d1%82%d1%8b\/%d0%bc%d0%b8%d0%bd%d0%b8%d0%bc%d0%b0%d0%bb%d0%b8%d1%81%d1%82%d1%81%d0%ba%d0%b8%d0%b9-%d1%82%d0%b5%d1%80%d0%bc%d0%be%d1%81-%d0%b4%d0%bb%d1%8f-%d0%b2%d0%be%d0%b4%d1%8b"]}]},{"@type":"ImageObject","inLanguage":"vi","@id":"https:\/\/www.dillerbottle.com\/ru\/%d0%bf%d1%80%d0%be%d0%b4%d1%83%d0%ba%d1%82%d1%8b\/%d0%bc%d0%b8%d0%bd%d0%b8%d0%bc%d0%b0%d0%bb%d0%b8%d1%81%d1%82%d1%81%d0%ba%d0%b8%d0%b9-%d1%82%d0%b5%d1%80%d0%bc%d0%be%d1%81-%d0%b4%d0%bb%d1%8f-%d0%b2%d0%be%d0%b4%d1%8b#primaryimage","url":"https:\/\/www.dillerbottle.com\/wp-content\/uploads\/2024\/09\/minimalist-vacuum-water-flask71cad76e-703a-4f6b-bd92-9a45e5c166bb.jpg","contentUrl":"https:\/\/www.dillerbottle.com\/wp-content\/uploads\/2024\/09\/minimalist-vacuum-water-flask71cad76e-703a-4f6b-bd92-9a45e5c166bb.jpg","width":730,"height":730},{"@type":"BreadcrumbList","@id":"https:\/\/www.dillerbottle.com\/ru\/%d0%bf%d1%80%d0%be%d0%b4%d1%83%d0%ba%d1%82%d1%8b\/%d0%bc%d0%b8%d0%bd%d0%b8%d0%bc%d0%b0%d0%bb%d0%b8%d1%81%d1%82%d1%81%d0%ba%d0%b8%d0%b9-%d1%82%d0%b5%d1%80%d0%bc%d0%be%d1%81-%d0%b4%d0%bb%d1%8f-%d0%b2%d0%be%d0%b4%d1%8b#breadcrumb","itemListElement":[{"@type":"ListItem","position":1,"name":"Home","item":"https:\/\/www.dillerbottle.com\/"},{"@type":"ListItem","position":2,"name":"Products","item":"https:\/\/www.dillerbottle.com\/shop"},{"@type":"ListItem","position":3,"name":"Minimalist Vacuum Water Flask"}]},{"@type":"WebSite","@id":"https:\/\/www.dillerbottle.com\/#website","url":"https:\/\/www.dillerbottle.com\/","name":"Nh\u00e0 s\u1ea3n xu\u1ea5t b\u00ecnh n\u01b0\u1edbc Diller","description":"Nh\u00e0 s\u1ea3n xu\u1ea5t b\u00ecnh n\u01b0\u1edbc","publisher":{"@id":"https:\/\/www.dillerbottle.com\/#organization"},"potentialAction":[{"@type":"SearchAction","target":{"@type":"EntryPoint","urlTemplate":"https:\/\/www.dillerbottle.com\/?s={search_term_string}"},"query-input":{"@type":"PropertyValueSpecification","valueRequired":true,"valueName":"search_term_string"}}],"inLanguage":"vi"},{"@type":"Organization","@id":"https:\/\/www.dillerbottle.com\/#organization","name":"Nh\u00e0 s\u1ea3n xu\u1ea5t b\u00ecnh n\u01b0\u1edbc Diller","url":"https:\/\/www.dillerbottle.com\/","logo":{"@type":"ImageObject","inLanguage":"vi","@id":"https:\/\/www.dillerbottle.com\/#\/schema\/logo\/image\/","url":"https:\/\/www.dillerbottle.com\/wp-content\/uploads\/2024\/09\/49918bfa848dcc1e9f8b509933603ac.png","contentUrl":"https:\/\/www.dillerbottle.com\/wp-content\/uploads\/2024\/09\/49918bfa848dcc1e9f8b509933603ac.png","width":988,"height":198,"caption":"Diller Water Bottle Manufacturer"},"image":{"@id":"https:\/\/www.dillerbottle.com\/#\/schema\/logo\/image\/"}}]}},"_links":{"self":[{"href":"https:\/\/www.dillerbottle.com\/vn\/wp-json\/wp\/v2\/product\/10160","targetHints":{"allow":["GET"]}}],"collection":[{"href":"https:\/\/www.dillerbottle.com\/vn\/wp-json\/wp\/v2\/product"}],"about":[{"href":"https:\/\/www.dillerbottle.com\/vn\/wp-json\/wp\/v2\/types\/product"}],"replies":[{"embeddable":true,"href":"https:\/\/www.dillerbottle.com\/vn\/wp-json\/wp\/v2\/comments?post=10160"}],"wp:featuredmedia":[{"embeddable":true,"href":"https:\/\/www.dillerbottle.com\/vn\/wp-json\/wp\/v2\/media\/10161"}],"wp:attachment":[{"href":"https:\/\/www.dillerbottle.com\/vn\/wp-json\/wp\/v2\/media?parent=10160"}],"wp:term":[{"taxonomy":"product_brand","embeddable":true,"href":"https:\/\/www.dillerbottle.com\/vn\/wp-json\/wp\/v2\/product_brand?post=10160"},{"taxonomy":"product_cat","embeddable":true,"href":"https:\/\/www.dillerbottle.com\/vn\/wp-json\/wp\/v2\/product_cat?post=10160"},{"taxonomy":"product_tag","embeddable":true,"href":"https:\/\/www.dillerbottle.com\/vn\/wp-json\/wp\/v2\/product_tag?post=10160"}],"curies":[{"name":"wp","href":"https:\/\/api.w.org\/{rel}","templated":true}]}}