{"id":10303,"date":"2024-09-29T14:43:36","date_gmt":"2024-09-29T06:43:36","guid":{"rendered":"https:\/\/demo.dillerbottle.com\/products\/insulated-bottle-with-temperature-display"},"modified":"2025-09-10T16:38:50","modified_gmt":"2025-09-10T08:38:50","slug":"binh-giu-nhiet-co-man-hinh-hien-thi-nhiet-do-2","status":"publish","type":"product","link":"https:\/\/www.dillerbottle.com\/vn\/products\/insulated-bottle-with-temperature-display","title":{"rendered":"B\u00ecnh gi\u1eef nhi\u1ec7t c\u00f3 m\u00e0n h\u00ecnh hi\u1ec3n th\u1ecb nhi\u1ec7t \u0111\u1ed9"},"content":{"rendered":"<ul>\n<li data-start=\"1072\" data-end=\"1190\">\n<p data-start=\"1074\" data-end=\"1190\"><strong data-start=\"1074\" data-end=\"1094\">V\u1eadt li\u1ec7u cao c\u1ea5p<\/strong>\u0110\u01b0\u1ee3c l\u00e0m t\u1eeb th\u00e9p kh\u00f4ng g\u1ec9 SUS316, ch\u1ed1ng \u0103n m\u00f2n, ch\u1ecbu nhi\u1ec7t v\u00e0 an to\u00e0n cho \u0111\u1ed3 u\u1ed1ng.<\/p>\n<\/li>\n<li data-start=\"1191\" data-end=\"1294\">\n<p data-start=\"1193\" data-end=\"1294\"><strong data-start=\"1193\" data-end=\"1224\">B\u1ea3o qu\u1ea3n nhi\u1ec7t v\u00e0 l\u1ea1nh<\/strong>C\u00f4ng ngh\u1ec7 c\u00e1ch nhi\u1ec7t ch\u00e2n kh\u00f4ng hai l\u1edbp gi\u00fap gi\u1eef \u0111\u1ed3 u\u1ed1ng n\u00f3ng ho\u1eb7c l\u1ea1nh l\u00e2u h\u01a1n.<\/p>\n<\/li>\n<li data-start=\"1295\" data-end=\"1371\">\n<p data-start=\"1297\" data-end=\"1371\"><strong data-start=\"1297\" data-end=\"1318\">Thi\u1ebft k\u1ebf t\u1ed1i gi\u1ea3n<\/strong>: Phong c\u00e1ch v\u00e0 \u0111a n\u0103ng v\u1edbi b\u1ea3ng m\u00e0u \u0111\u01a1n gi\u1ea3n.<\/p>\n<\/li>\n<li data-start=\"1372\" data-end=\"1462\">\n<p data-start=\"1374\" data-end=\"1462\"><strong data-start=\"1374\" data-end=\"1400\">Nh\u1eb9 nh\u00e0ng &amp; D\u1ec5 mang theo<\/strong>K\u00edch th\u01b0\u1edbc nh\u1ecf g\u1ecdn, d\u1ec5 d\u00e0ng mang theo trong t\u00fai m\u00e0 kh\u00f4ng g\u00e2y th\u00eam g\u00e1nh n\u1eb7ng.<\/p>\n<\/li>\n<li data-start=\"1463\" data-end=\"1543\">\n<p data-start=\"1465\" data-end=\"1543\"><strong data-start=\"1465\" data-end=\"1484\">N\u1eafp \u0111\u1eady ch\u1ed1ng r\u00f2 r\u1ec9<\/strong>N\u1eafp \u0111\u1eady an to\u00e0n ng\u0103n ch\u1eb7n r\u00f2 r\u1ec9, gi\u00fap s\u1ea3n ph\u1ea9m ti\u1ec7n l\u1ee3i khi mang theo khi di chuy\u1ec3n.<\/p>\n<\/li>\n<li data-start=\"1544\" data-end=\"1619\">\n<p data-start=\"1546\" data-end=\"1619\"><strong data-start=\"1546\" data-end=\"1571\">L\u1edbp s\u01a1n c\u00f3 k\u1ebft c\u1ea5u<\/strong>Ch\u1ed1ng tr\u01b0\u1ee3t, b\u1ec1n b\u1ec9 v\u00e0 tho\u1ea3i m\u00e1i khi c\u1ea7m n\u1eafm.<\/p>\n<\/li>\n<\/ul>","protected":false},"excerpt":{"rendered":"<p data-start=\"199\" data-end=\"580\">C\u1ed1c c\u00e1ch nhi\u1ec7t nh\u1eb9 n\u00e0y \u0111\u01b0\u1ee3c l\u00e0m t\u1eeb <strong data-start=\"251\" data-end=\"291\">Th\u00e9p kh\u00f4ng g\u1ec9 SUS316 c\u1ea5p y t\u1ebf<\/strong>, \u0111\u1ea3m b\u1ea3o an to\u00e0n v\u00e0 \u0111\u1ed9 b\u1ec1n.<\/p>\n<p data-start=\"199\" data-end=\"580\">N\u00f3 cung c\u1ea5p kh\u1ea3 n\u0103ng c\u00e1ch nhi\u1ec7t v\u00e0 b\u1ea3o qu\u1ea3n l\u1ea1nh tuy\u1ec7t v\u1eddi, v\u1edbi thi\u1ebft k\u1ebf t\u1ed1i gi\u1ea3n v\u00e0 th\u00e2n m\u00e1y nh\u1eb9.<\/p>\n<p data-start=\"199\" data-end=\"580\">N\u1eafp ch\u1ed1ng r\u00f2 r\u1ec9 v\u00e0 l\u1edbp s\u01a1n nh\u00e1m mang l\u1ea1i s\u1ef1 tho\u1ea3i m\u00e1i v\u00e0 ti\u1ec7n l\u1ee3i, khi\u1ebfn s\u1ea3n ph\u1ea9m tr\u1edf n\u00ean l\u00fd t\u01b0\u1edfng cho vi\u1ec7c di chuy\u1ec3n h\u00e0ng ng\u00e0y, du l\u1ecbch v\u00e0 s\u1eed d\u1ee5ng t\u1ea1i nh\u00e0.<\/p>","protected":false},"featured_media":16689,"comment_status":"open","ping_status":"closed","template":"","meta":{"_acf_changed":false},"product_brand":[],"product_cat":[18],"product_tag":[737,29],"class_list":{"0":"post-10303","1":"product","2":"type-product","3":"status-publish","4":"has-post-thumbnail","6":"product_cat-insulated-water-bottle","7":"product_tag-custom-logo-water-bottle","8":"product_tag-manufacturers","10":"first","11":"instock","12":"shipping-taxable","13":"product-type-simple"},"acf":[],"yoast_head":"<!-- This site is optimized with the Yoast SEO Premium plugin v27.5 (Yoast SEO v27.5) - https:\/\/yoast.com\/product\/yoast-seo-premium-wordpress\/ -->\n<title>Insulated Bottle With Temperature Display - Diller Water Bottle Manufacturer<\/title>\n<meta name=\"description\" content=\"As one of the best insulated bottle with temperature display manufacturers and suppliers, we are engaged in manufacturing good quality water bottles. We warmly welcome you to wholesale or buy custom made insulated bottle with temperature display at competitive price from us. Also, small quantity orders are acceptable.\" \/>\n<meta name=\"robots\" content=\"index, follow, max-snippet:-1, max-image-preview:large, max-video-preview:-1\" \/>\n<link rel=\"canonical\" href=\"https:\/\/www.dillerbottle.com\/vn\/cac-san-pham\/binh-giu-nhiet-co-man-hinh-hien-thi-nhiet-do-2\" \/>\n<meta property=\"og:locale\" content=\"vi_VN\" \/>\n<meta property=\"og:type\" content=\"article\" \/>\n<meta property=\"og:title\" content=\"Insulated Bottle With Temperature Display\" \/>\n<meta property=\"og:description\" content=\"As one of the best insulated bottle with temperature display manufacturers and suppliers, we are engaged in manufacturing good quality water bottles. We warmly welcome you to wholesale or buy custom made insulated bottle with temperature display at competitive price from us. Also, small quantity orders are acceptable.\" \/>\n<meta property=\"og:url\" content=\"https:\/\/www.dillerbottle.com\/vn\/cac-san-pham\/binh-giu-nhiet-co-man-hinh-hien-thi-nhiet-do-2\" \/>\n<meta property=\"og:site_name\" content=\"Diller Water Bottle Manufacturer\" \/>\n<meta property=\"article:modified_time\" content=\"2025-09-10T08:38:50+00:00\" \/>\n<meta property=\"og:image\" content=\"https:\/\/www.dillerbottle.com\/wp-content\/uploads\/2024\/09\/insulated-bottle-with-temperature-display-9188-2.jpg\" \/>\n\t<meta property=\"og:image:width\" content=\"800\" \/>\n\t<meta property=\"og:image:height\" content=\"800\" \/>\n\t<meta property=\"og:image:type\" content=\"image\/jpeg\" \/>\n<meta name=\"twitter:card\" content=\"summary_large_image\" \/>\n<meta name=\"twitter:label1\" content=\"\u01af\u1edbc t\u00ednh th\u1eddi gian \u0111\u1ecdc\" \/>\n\t<meta name=\"twitter:data1\" content=\"1 ph\u00fat\" \/>\n<script type=\"application\/ld+json\" class=\"yoast-schema-graph\">{\"@context\":\"https:\\\/\\\/schema.org\",\"@graph\":[{\"@type\":\"WebPage\",\"@id\":\"https:\\\/\\\/www.dillerbottle.com\\\/products\\\/insulated-bottle-with-temperature-display\",\"url\":\"https:\\\/\\\/www.dillerbottle.com\\\/products\\\/insulated-bottle-with-temperature-display\",\"name\":\"Insulated Bottle With Temperature Display - Diller Water Bottle Manufacturer\",\"isPartOf\":{\"@id\":\"https:\\\/\\\/www.dillerbottle.com\\\/#website\"},\"primaryImageOfPage\":{\"@id\":\"https:\\\/\\\/www.dillerbottle.com\\\/products\\\/insulated-bottle-with-temperature-display#primaryimage\"},\"image\":{\"@id\":\"https:\\\/\\\/www.dillerbottle.com\\\/products\\\/insulated-bottle-with-temperature-display#primaryimage\"},\"thumbnailUrl\":\"https:\\\/\\\/www.dillerbottle.com\\\/wp-content\\\/uploads\\\/2024\\\/09\\\/insulated-bottle-with-temperature-display-9188-2.jpg\",\"datePublished\":\"2024-09-29T06:43:36+00:00\",\"dateModified\":\"2025-09-10T08:38:50+00:00\",\"description\":\"As one of the best insulated bottle with temperature display manufacturers and suppliers, we are engaged in manufacturing good quality water bottles. We warmly welcome you to wholesale or buy custom made insulated bottle with temperature display at competitive price from us. Also, small quantity orders are acceptable.\",\"breadcrumb\":{\"@id\":\"https:\\\/\\\/www.dillerbottle.com\\\/products\\\/insulated-bottle-with-temperature-display#breadcrumb\"},\"inLanguage\":\"vi\",\"potentialAction\":[{\"@type\":\"ReadAction\",\"target\":[\"https:\\\/\\\/www.dillerbottle.com\\\/products\\\/insulated-bottle-with-temperature-display\"]}]},{\"@type\":\"ImageObject\",\"inLanguage\":\"vi\",\"@id\":\"https:\\\/\\\/www.dillerbottle.com\\\/products\\\/insulated-bottle-with-temperature-display#primaryimage\",\"url\":\"https:\\\/\\\/www.dillerbottle.com\\\/wp-content\\\/uploads\\\/2024\\\/09\\\/insulated-bottle-with-temperature-display-9188-2.jpg\",\"contentUrl\":\"https:\\\/\\\/www.dillerbottle.com\\\/wp-content\\\/uploads\\\/2024\\\/09\\\/insulated-bottle-with-temperature-display-9188-2.jpg\",\"width\":800,\"height\":800},{\"@type\":\"BreadcrumbList\",\"@id\":\"https:\\\/\\\/www.dillerbottle.com\\\/products\\\/insulated-bottle-with-temperature-display#breadcrumb\",\"itemListElement\":[{\"@type\":\"ListItem\",\"position\":1,\"name\":\"Home\",\"item\":\"https:\\\/\\\/www.dillerbottle.com\\\/\"},{\"@type\":\"ListItem\",\"position\":2,\"name\":\"Products\",\"item\":\"https:\\\/\\\/www.dillerbottle.com\\\/shop\"},{\"@type\":\"ListItem\",\"position\":3,\"name\":\"Insulated Bottle With Temperature Display\"}]},{\"@type\":\"WebSite\",\"@id\":\"https:\\\/\\\/www.dillerbottle.com\\\/#website\",\"url\":\"https:\\\/\\\/www.dillerbottle.com\\\/\",\"name\":\"Diller Water Bottle Manufacturer\",\"description\":\"Water Bottle Manufacturer\",\"publisher\":{\"@id\":\"https:\\\/\\\/www.dillerbottle.com\\\/#organization\"},\"potentialAction\":[{\"@type\":\"SearchAction\",\"target\":{\"@type\":\"EntryPoint\",\"urlTemplate\":\"https:\\\/\\\/www.dillerbottle.com\\\/?s={search_term_string}\"},\"query-input\":{\"@type\":\"PropertyValueSpecification\",\"valueRequired\":true,\"valueName\":\"search_term_string\"}}],\"inLanguage\":\"vi\"},{\"@type\":\"Organization\",\"@id\":\"https:\\\/\\\/www.dillerbottle.com\\\/#organization\",\"name\":\"Diller Water Bottle Manufacturer\",\"url\":\"https:\\\/\\\/www.dillerbottle.com\\\/\",\"logo\":{\"@type\":\"ImageObject\",\"inLanguage\":\"vi\",\"@id\":\"https:\\\/\\\/www.dillerbottle.com\\\/#\\\/schema\\\/logo\\\/image\\\/\",\"url\":\"https:\\\/\\\/www.dillerbottle.com\\\/wp-content\\\/uploads\\\/2024\\\/09\\\/49918bfa848dcc1e9f8b509933603ac.png\",\"contentUrl\":\"https:\\\/\\\/www.dillerbottle.com\\\/wp-content\\\/uploads\\\/2024\\\/09\\\/49918bfa848dcc1e9f8b509933603ac.png\",\"width\":988,\"height\":198,\"caption\":\"Diller Water Bottle Manufacturer\"},\"image\":{\"@id\":\"https:\\\/\\\/www.dillerbottle.com\\\/#\\\/schema\\\/logo\\\/image\\\/\"}}]}<\/script>\n<!-- \/ Yoast SEO Premium plugin. -->","yoast_head_json":{"title":"B\u00ecnh gi\u1eef nhi\u1ec7t c\u00f3 m\u00e0n h\u00ecnh hi\u1ec3n th\u1ecb nhi\u1ec7t \u0111\u1ed9 - Nh\u00e0 s\u1ea3n xu\u1ea5t b\u00ecnh n\u01b0\u1edbc Diller","description":"L\u00e0 m\u1ed9t trong nh\u1eefng nh\u00e0 s\u1ea3n xu\u1ea5t v\u00e0 cung c\u1ea5p b\u00ecnh gi\u1eef nhi\u1ec7t c\u00f3 m\u00e0n h\u00ecnh hi\u1ec3n th\u1ecb nhi\u1ec7t \u0111\u1ed9 t\u1ed1t nh\u1ea5t, ch\u00fang t\u00f4i tham gia s\u1ea3n xu\u1ea5t b\u00ecnh n\u01b0\u1edbc ch\u1ea5t l\u01b0\u1ee3ng t\u1ed1t. Ch\u00fang t\u00f4i n\u1ed3ng nhi\u1ec7t ch\u00e0o \u0111\u00f3n b\u1ea1n \u0111\u1ebfn b\u00e1n bu\u00f4n ho\u1eb7c mua b\u00ecnh gi\u1eef nhi\u1ec7t c\u00f3 m\u00e0n h\u00ecnh hi\u1ec3n th\u1ecb nhi\u1ec7t \u0111\u1ed9 theo y\u00eau c\u1ea7u v\u1edbi gi\u00e1 c\u1ea3 c\u1ea1nh tranh t\u1eeb ch\u00fang t\u00f4i. Ngo\u00e0i ra, ch\u00fang t\u00f4i c\u0169ng ch\u1ea5p nh\u1eadn \u0111\u01a1n \u0111\u1eb7t h\u00e0ng s\u1ed1 l\u01b0\u1ee3ng nh\u1ecf.","robots":{"index":"index","follow":"follow","max-snippet":"max-snippet:-1","max-image-preview":"max-image-preview:large","max-video-preview":"max-video-preview:-1"},"canonical":"https:\/\/www.dillerbottle.com\/vn\/cac-san-pham\/binh-giu-nhiet-co-man-hinh-hien-thi-nhiet-do-2","og_locale":"vi_VN","og_type":"article","og_title":"Insulated Bottle With Temperature Display","og_description":"As one of the best insulated bottle with temperature display manufacturers and suppliers, we are engaged in manufacturing good quality water bottles. We warmly welcome you to wholesale or buy custom made insulated bottle with temperature display at competitive price from us. Also, small quantity orders are acceptable.","og_url":"https:\/\/www.dillerbottle.com\/vn\/cac-san-pham\/binh-giu-nhiet-co-man-hinh-hien-thi-nhiet-do-2","og_site_name":"Diller Water Bottle Manufacturer","article_modified_time":"2025-09-10T08:38:50+00:00","og_image":[{"width":800,"height":800,"url":"https:\/\/www.dillerbottle.com\/wp-content\/uploads\/2024\/09\/insulated-bottle-with-temperature-display-9188-2.jpg","type":"image\/jpeg"}],"twitter_card":"summary_large_image","twitter_misc":{"\u01af\u1edbc t\u00ednh th\u1eddi gian \u0111\u1ecdc":"1 ph\u00fat"},"schema":{"@context":"https:\/\/schema.org","@graph":[{"@type":"WebPage","@id":"https:\/\/www.dillerbottle.com\/products\/insulated-bottle-with-temperature-display","url":"https:\/\/www.dillerbottle.com\/products\/insulated-bottle-with-temperature-display","name":"B\u00ecnh gi\u1eef nhi\u1ec7t c\u00f3 m\u00e0n h\u00ecnh hi\u1ec3n th\u1ecb nhi\u1ec7t \u0111\u1ed9 - Nh\u00e0 s\u1ea3n xu\u1ea5t b\u00ecnh n\u01b0\u1edbc Diller","isPartOf":{"@id":"https:\/\/www.dillerbottle.com\/#website"},"primaryImageOfPage":{"@id":"https:\/\/www.dillerbottle.com\/products\/insulated-bottle-with-temperature-display#primaryimage"},"image":{"@id":"https:\/\/www.dillerbottle.com\/products\/insulated-bottle-with-temperature-display#primaryimage"},"thumbnailUrl":"https:\/\/www.dillerbottle.com\/wp-content\/uploads\/2024\/09\/insulated-bottle-with-temperature-display-9188-2.jpg","datePublished":"2024-09-29T06:43:36+00:00","dateModified":"2025-09-10T08:38:50+00:00","description":"L\u00e0 m\u1ed9t trong nh\u1eefng nh\u00e0 s\u1ea3n xu\u1ea5t v\u00e0 cung c\u1ea5p b\u00ecnh gi\u1eef nhi\u1ec7t c\u00f3 m\u00e0n h\u00ecnh hi\u1ec3n th\u1ecb nhi\u1ec7t \u0111\u1ed9 t\u1ed1t nh\u1ea5t, ch\u00fang t\u00f4i tham gia s\u1ea3n xu\u1ea5t b\u00ecnh n\u01b0\u1edbc ch\u1ea5t l\u01b0\u1ee3ng t\u1ed1t. Ch\u00fang t\u00f4i n\u1ed3ng nhi\u1ec7t ch\u00e0o \u0111\u00f3n b\u1ea1n \u0111\u1ebfn b\u00e1n bu\u00f4n ho\u1eb7c mua b\u00ecnh gi\u1eef nhi\u1ec7t c\u00f3 m\u00e0n h\u00ecnh hi\u1ec3n th\u1ecb nhi\u1ec7t \u0111\u1ed9 theo y\u00eau c\u1ea7u v\u1edbi gi\u00e1 c\u1ea3 c\u1ea1nh tranh t\u1eeb ch\u00fang t\u00f4i. Ngo\u00e0i ra, ch\u00fang t\u00f4i c\u0169ng ch\u1ea5p nh\u1eadn \u0111\u01a1n \u0111\u1eb7t h\u00e0ng s\u1ed1 l\u01b0\u1ee3ng nh\u1ecf.","breadcrumb":{"@id":"https:\/\/www.dillerbottle.com\/products\/insulated-bottle-with-temperature-display#breadcrumb"},"inLanguage":"vi","potentialAction":[{"@type":"ReadAction","target":["https:\/\/www.dillerbottle.com\/products\/insulated-bottle-with-temperature-display"]}]},{"@type":"ImageObject","inLanguage":"vi","@id":"https:\/\/www.dillerbottle.com\/products\/insulated-bottle-with-temperature-display#primaryimage","url":"https:\/\/www.dillerbottle.com\/wp-content\/uploads\/2024\/09\/insulated-bottle-with-temperature-display-9188-2.jpg","contentUrl":"https:\/\/www.dillerbottle.com\/wp-content\/uploads\/2024\/09\/insulated-bottle-with-temperature-display-9188-2.jpg","width":800,"height":800},{"@type":"BreadcrumbList","@id":"https:\/\/www.dillerbottle.com\/products\/insulated-bottle-with-temperature-display#breadcrumb","itemListElement":[{"@type":"ListItem","position":1,"name":"Home","item":"https:\/\/www.dillerbottle.com\/"},{"@type":"ListItem","position":2,"name":"Products","item":"https:\/\/www.dillerbottle.com\/shop"},{"@type":"ListItem","position":3,"name":"Insulated Bottle With Temperature Display"}]},{"@type":"WebSite","@id":"https:\/\/www.dillerbottle.com\/#website","url":"https:\/\/www.dillerbottle.com\/","name":"Nh\u00e0 s\u1ea3n xu\u1ea5t b\u00ecnh n\u01b0\u1edbc Diller","description":"Nh\u00e0 s\u1ea3n xu\u1ea5t b\u00ecnh n\u01b0\u1edbc","publisher":{"@id":"https:\/\/www.dillerbottle.com\/#organization"},"potentialAction":[{"@type":"SearchAction","target":{"@type":"EntryPoint","urlTemplate":"https:\/\/www.dillerbottle.com\/?s={search_term_string}"},"query-input":{"@type":"PropertyValueSpecification","valueRequired":true,"valueName":"search_term_string"}}],"inLanguage":"vi"},{"@type":"Organization","@id":"https:\/\/www.dillerbottle.com\/#organization","name":"Nh\u00e0 s\u1ea3n xu\u1ea5t b\u00ecnh n\u01b0\u1edbc Diller","url":"https:\/\/www.dillerbottle.com\/","logo":{"@type":"ImageObject","inLanguage":"vi","@id":"https:\/\/www.dillerbottle.com\/#\/schema\/logo\/image\/","url":"https:\/\/www.dillerbottle.com\/wp-content\/uploads\/2024\/09\/49918bfa848dcc1e9f8b509933603ac.png","contentUrl":"https:\/\/www.dillerbottle.com\/wp-content\/uploads\/2024\/09\/49918bfa848dcc1e9f8b509933603ac.png","width":988,"height":198,"caption":"Diller Water Bottle Manufacturer"},"image":{"@id":"https:\/\/www.dillerbottle.com\/#\/schema\/logo\/image\/"}}]}},"_links":{"self":[{"href":"https:\/\/www.dillerbottle.com\/vn\/wp-json\/wp\/v2\/product\/10303","targetHints":{"allow":["GET"]}}],"collection":[{"href":"https:\/\/www.dillerbottle.com\/vn\/wp-json\/wp\/v2\/product"}],"about":[{"href":"https:\/\/www.dillerbottle.com\/vn\/wp-json\/wp\/v2\/types\/product"}],"replies":[{"embeddable":true,"href":"https:\/\/www.dillerbottle.com\/vn\/wp-json\/wp\/v2\/comments?post=10303"}],"wp:featuredmedia":[{"embeddable":true,"href":"https:\/\/www.dillerbottle.com\/vn\/wp-json\/wp\/v2\/media\/16689"}],"wp:attachment":[{"href":"https:\/\/www.dillerbottle.com\/vn\/wp-json\/wp\/v2\/media?parent=10303"}],"wp:term":[{"taxonomy":"product_brand","embeddable":true,"href":"https:\/\/www.dillerbottle.com\/vn\/wp-json\/wp\/v2\/product_brand?post=10303"},{"taxonomy":"product_cat","embeddable":true,"href":"https:\/\/www.dillerbottle.com\/vn\/wp-json\/wp\/v2\/product_cat?post=10303"},{"taxonomy":"product_tag","embeddable":true,"href":"https:\/\/www.dillerbottle.com\/vn\/wp-json\/wp\/v2\/product_tag?post=10303"}],"curies":[{"name":"wp","href":"https:\/\/api.w.org\/{rel}","templated":true}]}}