{"id":10623,"date":"2024-09-29T14:47:36","date_gmt":"2024-09-29T06:47:36","guid":{"rendered":"https:\/\/demo.dillerbottle.com\/products\/thermos-stainless-steel-vacuum-bottle"},"modified":"2025-07-09T15:18:27","modified_gmt":"2025-07-09T07:18:27","slug":"binh-giu-nhiet-chan-khong-bang-thep-khong-gi-2","status":"publish","type":"product","link":"https:\/\/www.dillerbottle.com\/vn\/products\/thermos-stainless-steel-vacuum-bottle","title":{"rendered":"B\u00ecnh ch\u00e2n kh\u00f4ng b\u1eb1ng th\u00e9p kh\u00f4ng g\u1ec9 Thermos"},"content":{"rendered":"<p>\u0110\u1eb7c tr\u01b0ng:<br \/>\n1. Kh\u00f4ng \u0111\u1ed5 m\u1ed3 h\u00f4i! L\u1edbp c\u00e1ch nhi\u1ec7t hai l\u1edbp gi\u00fap b\u00ecnh kh\u00f4ng b\u1ecb \u0111\u1ed5 m\u1ed3 h\u00f4i! B\u00ecnh c\u00f3 th\u1ec3 gi\u1eef \u0111\u1ed3 u\u1ed1ng L\u1ea0NH t\u1edbi 24 gi\u1edd v\u00e0 N\u00d3NG t\u1edbi 12 gi\u1edd.<\/p>\n<p>2. B\u00ecnh ch\u00e2n kh\u00f4ng b\u1eb1ng th\u00e9p kh\u00f4ng g\u1ec9 Thermos c\u1ee7a ch\u00fang t\u00f4i \u0111\u01b0\u1ee3c l\u00e0m t\u1eeb th\u00e9p kh\u00f4ng g\u1ec9 cao c\u1ea5p d\u00e0y nh\u1ea5t, b\u1ec1n nh\u1ea5t, kh\u00f4ng bao gi\u1edd \u0111\u1ec3 l\u1ea1i m\u00f9i kim lo\u1ea1i ho\u1eb7c r\u1ec9 s\u00e9t. Ch\u00fang t\u00f4i \u0111\u00e3 n\u1ed7 l\u1ef1c h\u1ebft m\u00ecnh v\u1ec1 m\u1eb7t k\u1ef9 thu\u1eadt. 100% C\u00f3 th\u1ec3 r\u1eeda b\u1eb1ng m\u00e1y r\u1eeda ch\u00e9n.<\/p>\n<p>3. B\u1ea1n mu\u1ed1n t\u00f9y ch\u1ec9nh b\u00ecnh ch\u00e2n kh\u00f4ng b\u1eb1ng th\u00e9p kh\u00f4ng g\u1ec9 Thermos v\u1edbi logo, m\u00e0u s\u1eafc, hoa v\u0103n ho\u1eb7c thi\u1ebft k\u1ebf c\u1ee7a b\u1ea1n \u0111\u1ec3 ph\u1ea3n \u00e1nh th\u01b0\u01a1ng hi\u1ec7u c\u1ee7a b\u1ea1n m\u1ed9t c\u00e1ch ho\u00e0n h\u1ea3o? Kh\u00f4ng c\u1ea7n t\u00ecm \u0111\u00e2u xa! Nh\u00f3m c\u1ee7a ch\u00fang t\u00f4i c\u00f3 th\u1ec3 l\u00e0m vi\u1ec7c v\u1edbi b\u1ea1n. Ch\u00fang t\u00f4i cung c\u1ea5p c\u00e1c m\u1eabu mi\u1ec5n ph\u00ed \u0111\u1ec3 gi\u00fap b\u1ea1n b\u1eaft \u0111\u1ea7u v\u00e0 c\u00e1c t\u00f9y ch\u1ecdn mua s\u1ed1 l\u01b0\u1ee3ng l\u1edbn c\u1ee7a ch\u00fang t\u00f4i gi\u00fap b\u1ea1n d\u1ec5 d\u00e0ng c\u00f3 \u0111\u01b0\u1ee3c s\u1ed1 l\u01b0\u1ee3ng b\u1ea1n c\u1ea7n.<\/p>\n<div style=\"width: 640px;\" class=\"wp-video\"><video class=\"wp-video-shortcode\" id=\"video-10623-1\" width=\"640\" height=\"360\" preload=\"metadata\" controls=\"controls\"><source type=\"video\/mp4\" src=\"\/wp-content\/uploads\/2024\/09\/66f8f80d4f679-video202211041547173001759.mp4?_=1\" \/><a href=\"\/wp-content\/uploads\/2024\/09\/66f8f80d4f679-video202211041547173001759.mp4\">\/wp-content\/uploads\/2024\/09\/66f8f80d4f679-video202211041547173001759.mp4<\/a><\/video><\/div>","protected":false},"excerpt":{"rendered":"<p>Khi n\u00f3i \u0111\u1ebfn vi\u1ec7c gi\u1eef \u0111\u1ed3 u\u1ed1ng n\u00f3ng ho\u1eb7c l\u1ea1nh, B\u00ecnh ch\u00e2n kh\u00f4ng b\u1eb1ng th\u00e9p kh\u00f4ng g\u1ec9 Thermos ch\u00ednh l\u00e0 gi\u1ea3i ph\u00e1p l\u00fd t\u01b0\u1edfng.<br \/>\nChi\u1ebfc b\u00ecnh n\u00e0y s\u1ebd gi\u1eef \u0111\u1ed3 u\u1ed1ng c\u1ee7a b\u1ea1n \u1edf nhi\u1ec7t \u0111\u1ed9 ho\u00e0n h\u1ea3o trong nhi\u1ec1u gi\u1edd, cho d\u00f9 b\u1ea1n mu\u1ed1n th\u01b0\u1edfng th\u1ee9c m\u1ed9t t\u00e1ch c\u00e0 ph\u00ea n\u00f3ng h\u1ed5i hay m\u1ed9t c\u1ed1c n\u01b0\u1edbc l\u1ea1nh m\u00e1t l\u1ea1nh.<br \/>\nB\u00ecnh ch\u00e2n kh\u00f4ng b\u1eb1ng th\u00e9p kh\u00f4ng g\u1ec9 Thermos c\u0169ng c\u1ef1c k\u1ef3 b\u1ec1n, v\u00ec v\u1eady b\u1ea1n c\u00f3 th\u1ec3 mang theo trong m\u1ecdi cu\u1ed9c phi\u00eau l\u01b0u m\u00e0 kh\u00f4ng lo b\u00ecnh b\u1ecb v\u1ee1.<br \/>\nT\u00f9y ch\u1ec9nh b\u00ecnh ch\u00e2n kh\u00f4ng b\u1eb1ng th\u00e9p kh\u00f4ng g\u1ec9 Thermos v\u1edbi logo, m\u00e0u s\u1eafc, hoa v\u0103n ho\u1eb7c thi\u1ebft k\u1ebf c\u1ee7a b\u1ea1n.<br \/>\nNh\u00f3m c\u1ee7a ch\u00fang t\u00f4i c\u00f3 th\u1ec3 l\u00e0m vi\u1ec7c v\u1edbi b\u1ea1n \u0111\u1ec3 t\u1ea1o ra m\u1ed9t thi\u1ebft k\u1ebf ho\u1eb7c m\u1eabu m\u00e3 \u0111\u1ed9c \u0111\u00e1o, ph\u1ea3n \u00e1nh ho\u00e0n h\u1ea3o th\u01b0\u01a1ng hi\u1ec7u c\u1ee7a b\u1ea1n.<\/p>","protected":false},"featured_media":10624,"comment_status":"open","ping_status":"closed","template":"","meta":{"_acf_changed":false},"product_brand":[],"product_cat":[18],"product_tag":[32,36,33,31,887,734,750,39,38,835,689,29,37,34,725,35,28,886,30],"class_list":{"0":"post-10623","1":"product","2":"type-product","3":"status-publish","4":"has-post-thumbnail","6":"product_cat-insulated-water-bottle","7":"product_tag-best","8":"product_tag-bulk","9":"product_tag-buy","10":"product_tag-custom","11":"product_tag-double-insulate-water-bottle","12":"product_tag-double-wall-water-bottle","13":"product_tag-ecofriendly-water-bottle","14":"product_tag-for-sale","15":"product_tag-good-quality","16":"product_tag-hot-water-bottle","17":"product_tag-infuser-water-bottle-direct-drinking","18":"product_tag-manufacturers","19":"product_tag-manufacturing","20":"product_tag-price","21":"product_tag-simple-modern-water-bottle","22":"product_tag-small","23":"product_tag-suppliers","24":"product_tag-thermos-stainless-steel-vacuum-bottle","25":"product_tag-wholesale","27":"first","28":"instock","29":"shipping-taxable","30":"product-type-simple"},"acf":[],"yoast_head":"<!-- This site is optimized with the Yoast SEO Premium plugin v27.4 (Yoast SEO v27.4) - https:\/\/yoast.com\/product\/yoast-seo-premium-wordpress\/ -->\n<title>Thermos Stainless Steel Vacuum Bottle - Diller Water Bottle Manufacturer<\/title>\n<meta name=\"description\" content=\"As one of the best thermos stainless steel vacuum bottle manufacturers and suppliers, we are engaged in manufacturing good quality water bottles. We warmly welcome you to wholesale or buy custom made thermos stainless steel vacuum bottle at competitive price from us. Also, small quantity orders are acceptable.\" \/>\n<meta name=\"robots\" content=\"index, follow, max-snippet:-1, max-image-preview:large, max-video-preview:-1\" \/>\n<link rel=\"canonical\" href=\"https:\/\/www.dillerbottle.com\/vn\/cac-san-pham\/binh-giu-nhiet-chan-khong-bang-thep-khong-gi-2\" \/>\n<meta property=\"og:locale\" content=\"vi_VN\" \/>\n<meta property=\"og:type\" content=\"article\" \/>\n<meta property=\"og:title\" content=\"Thermos Stainless Steel Vacuum Bottle\" \/>\n<meta property=\"og:description\" content=\"As one of the best thermos stainless steel vacuum bottle manufacturers and suppliers, we are engaged in manufacturing good quality water bottles. We warmly welcome you to wholesale or buy custom made thermos stainless steel vacuum bottle at competitive price from us. Also, small quantity orders are acceptable.\" \/>\n<meta property=\"og:url\" content=\"https:\/\/www.dillerbottle.com\/vn\/cac-san-pham\/binh-giu-nhiet-chan-khong-bang-thep-khong-gi-2\" \/>\n<meta property=\"og:site_name\" content=\"Diller Water Bottle Manufacturer\" \/>\n<meta property=\"article:modified_time\" content=\"2025-07-09T07:18:27+00:00\" \/>\n<meta property=\"og:image\" content=\"https:\/\/www.dillerbottle.com\/wp-content\/uploads\/2024\/09\/thermos-stainless-steel-vacuum-bottle06589939060.jpg\" \/>\n\t<meta property=\"og:image:width\" content=\"730\" \/>\n\t<meta property=\"og:image:height\" content=\"730\" \/>\n\t<meta property=\"og:image:type\" content=\"image\/jpeg\" \/>\n<meta name=\"twitter:card\" content=\"summary_large_image\" \/>\n<meta name=\"twitter:label1\" content=\"\u01af\u1edbc t\u00ednh th\u1eddi gian \u0111\u1ecdc\" \/>\n\t<meta name=\"twitter:data1\" content=\"2 ph\u00fat\" \/>\n<script type=\"application\/ld+json\" class=\"yoast-schema-graph\">{\"@context\":\"https:\\\/\\\/schema.org\",\"@graph\":[{\"@type\":\"WebPage\",\"@id\":\"https:\\\/\\\/www.dillerbottle.com\\\/ar\\\/%d9%85%d9%86%d8%aa%d8%ac%d8%a7%d8%aa\\\/%d8%b2%d8%ac%d8%a7%d8%ac%d8%a9-%d8%aa%d8%b1%d9%85%d8%b3-%d9%85%d9%81%d8%b1%d8%ba%d8%a9-%d9%85%d9%86-%d8%a7%d9%84%d9%81%d9%88%d9%84%d8%a7%d8%b0-%d8%a7%d9%84%d9%85%d9%82%d8%a7%d9%88%d9%85-%d9%84%d9%84\",\"url\":\"https:\\\/\\\/www.dillerbottle.com\\\/ar\\\/%d9%85%d9%86%d8%aa%d8%ac%d8%a7%d8%aa\\\/%d8%b2%d8%ac%d8%a7%d8%ac%d8%a9-%d8%aa%d8%b1%d9%85%d8%b3-%d9%85%d9%81%d8%b1%d8%ba%d8%a9-%d9%85%d9%86-%d8%a7%d9%84%d9%81%d9%88%d9%84%d8%a7%d8%b0-%d8%a7%d9%84%d9%85%d9%82%d8%a7%d9%88%d9%85-%d9%84%d9%84\",\"name\":\"Thermos Stainless Steel Vacuum Bottle - Diller Water Bottle Manufacturer\",\"isPartOf\":{\"@id\":\"https:\\\/\\\/www.dillerbottle.com\\\/#website\"},\"primaryImageOfPage\":{\"@id\":\"https:\\\/\\\/www.dillerbottle.com\\\/ar\\\/%d9%85%d9%86%d8%aa%d8%ac%d8%a7%d8%aa\\\/%d8%b2%d8%ac%d8%a7%d8%ac%d8%a9-%d8%aa%d8%b1%d9%85%d8%b3-%d9%85%d9%81%d8%b1%d8%ba%d8%a9-%d9%85%d9%86-%d8%a7%d9%84%d9%81%d9%88%d9%84%d8%a7%d8%b0-%d8%a7%d9%84%d9%85%d9%82%d8%a7%d9%88%d9%85-%d9%84%d9%84#primaryimage\"},\"image\":{\"@id\":\"https:\\\/\\\/www.dillerbottle.com\\\/ar\\\/%d9%85%d9%86%d8%aa%d8%ac%d8%a7%d8%aa\\\/%d8%b2%d8%ac%d8%a7%d8%ac%d8%a9-%d8%aa%d8%b1%d9%85%d8%b3-%d9%85%d9%81%d8%b1%d8%ba%d8%a9-%d9%85%d9%86-%d8%a7%d9%84%d9%81%d9%88%d9%84%d8%a7%d8%b0-%d8%a7%d9%84%d9%85%d9%82%d8%a7%d9%88%d9%85-%d9%84%d9%84#primaryimage\"},\"thumbnailUrl\":\"https:\\\/\\\/www.dillerbottle.com\\\/wp-content\\\/uploads\\\/2024\\\/09\\\/thermos-stainless-steel-vacuum-bottle06589939060.jpg\",\"datePublished\":\"2024-09-29T06:47:36+00:00\",\"dateModified\":\"2025-07-09T07:18:27+00:00\",\"description\":\"As one of the best thermos stainless steel vacuum bottle manufacturers and suppliers, we are engaged in manufacturing good quality water bottles. We warmly welcome you to wholesale or buy custom made thermos stainless steel vacuum bottle at competitive price from us. Also, small quantity orders are acceptable.\",\"breadcrumb\":{\"@id\":\"https:\\\/\\\/www.dillerbottle.com\\\/ar\\\/%d9%85%d9%86%d8%aa%d8%ac%d8%a7%d8%aa\\\/%d8%b2%d8%ac%d8%a7%d8%ac%d8%a9-%d8%aa%d8%b1%d9%85%d8%b3-%d9%85%d9%81%d8%b1%d8%ba%d8%a9-%d9%85%d9%86-%d8%a7%d9%84%d9%81%d9%88%d9%84%d8%a7%d8%b0-%d8%a7%d9%84%d9%85%d9%82%d8%a7%d9%88%d9%85-%d9%84%d9%84#breadcrumb\"},\"inLanguage\":\"vi\",\"potentialAction\":[{\"@type\":\"ReadAction\",\"target\":[\"https:\\\/\\\/www.dillerbottle.com\\\/ar\\\/%d9%85%d9%86%d8%aa%d8%ac%d8%a7%d8%aa\\\/%d8%b2%d8%ac%d8%a7%d8%ac%d8%a9-%d8%aa%d8%b1%d9%85%d8%b3-%d9%85%d9%81%d8%b1%d8%ba%d8%a9-%d9%85%d9%86-%d8%a7%d9%84%d9%81%d9%88%d9%84%d8%a7%d8%b0-%d8%a7%d9%84%d9%85%d9%82%d8%a7%d9%88%d9%85-%d9%84%d9%84\"]}]},{\"@type\":\"ImageObject\",\"inLanguage\":\"vi\",\"@id\":\"https:\\\/\\\/www.dillerbottle.com\\\/ar\\\/%d9%85%d9%86%d8%aa%d8%ac%d8%a7%d8%aa\\\/%d8%b2%d8%ac%d8%a7%d8%ac%d8%a9-%d8%aa%d8%b1%d9%85%d8%b3-%d9%85%d9%81%d8%b1%d8%ba%d8%a9-%d9%85%d9%86-%d8%a7%d9%84%d9%81%d9%88%d9%84%d8%a7%d8%b0-%d8%a7%d9%84%d9%85%d9%82%d8%a7%d9%88%d9%85-%d9%84%d9%84#primaryimage\",\"url\":\"https:\\\/\\\/www.dillerbottle.com\\\/wp-content\\\/uploads\\\/2024\\\/09\\\/thermos-stainless-steel-vacuum-bottle06589939060.jpg\",\"contentUrl\":\"https:\\\/\\\/www.dillerbottle.com\\\/wp-content\\\/uploads\\\/2024\\\/09\\\/thermos-stainless-steel-vacuum-bottle06589939060.jpg\",\"width\":730,\"height\":730},{\"@type\":\"BreadcrumbList\",\"@id\":\"https:\\\/\\\/www.dillerbottle.com\\\/ar\\\/%d9%85%d9%86%d8%aa%d8%ac%d8%a7%d8%aa\\\/%d8%b2%d8%ac%d8%a7%d8%ac%d8%a9-%d8%aa%d8%b1%d9%85%d8%b3-%d9%85%d9%81%d8%b1%d8%ba%d8%a9-%d9%85%d9%86-%d8%a7%d9%84%d9%81%d9%88%d9%84%d8%a7%d8%b0-%d8%a7%d9%84%d9%85%d9%82%d8%a7%d9%88%d9%85-%d9%84%d9%84#breadcrumb\",\"itemListElement\":[{\"@type\":\"ListItem\",\"position\":1,\"name\":\"Home\",\"item\":\"https:\\\/\\\/www.dillerbottle.com\\\/\"},{\"@type\":\"ListItem\",\"position\":2,\"name\":\"Products\",\"item\":\"https:\\\/\\\/www.dillerbottle.com\\\/shop\"},{\"@type\":\"ListItem\",\"position\":3,\"name\":\"Thermos Stainless Steel Vacuum Bottle\"}]},{\"@type\":\"WebSite\",\"@id\":\"https:\\\/\\\/www.dillerbottle.com\\\/#website\",\"url\":\"https:\\\/\\\/www.dillerbottle.com\\\/\",\"name\":\"Diller Water Bottle Manufacturer\",\"description\":\"Water Bottle Manufacturer\",\"publisher\":{\"@id\":\"https:\\\/\\\/www.dillerbottle.com\\\/#organization\"},\"potentialAction\":[{\"@type\":\"SearchAction\",\"target\":{\"@type\":\"EntryPoint\",\"urlTemplate\":\"https:\\\/\\\/www.dillerbottle.com\\\/?s={search_term_string}\"},\"query-input\":{\"@type\":\"PropertyValueSpecification\",\"valueRequired\":true,\"valueName\":\"search_term_string\"}}],\"inLanguage\":\"vi\"},{\"@type\":\"Organization\",\"@id\":\"https:\\\/\\\/www.dillerbottle.com\\\/#organization\",\"name\":\"Diller Water Bottle Manufacturer\",\"url\":\"https:\\\/\\\/www.dillerbottle.com\\\/\",\"logo\":{\"@type\":\"ImageObject\",\"inLanguage\":\"vi\",\"@id\":\"https:\\\/\\\/www.dillerbottle.com\\\/#\\\/schema\\\/logo\\\/image\\\/\",\"url\":\"https:\\\/\\\/www.dillerbottle.com\\\/wp-content\\\/uploads\\\/2024\\\/09\\\/49918bfa848dcc1e9f8b509933603ac.png\",\"contentUrl\":\"https:\\\/\\\/www.dillerbottle.com\\\/wp-content\\\/uploads\\\/2024\\\/09\\\/49918bfa848dcc1e9f8b509933603ac.png\",\"width\":988,\"height\":198,\"caption\":\"Diller Water Bottle Manufacturer\"},\"image\":{\"@id\":\"https:\\\/\\\/www.dillerbottle.com\\\/#\\\/schema\\\/logo\\\/image\\\/\"}}]}<\/script>\n<!-- \/ Yoast SEO Premium plugin. -->","yoast_head_json":{"title":"B\u00ecnh n\u01b0\u1edbc ch\u00e2n kh\u00f4ng b\u1eb1ng th\u00e9p kh\u00f4ng g\u1ec9 Thermos - Nh\u00e0 s\u1ea3n xu\u1ea5t b\u00ecnh n\u01b0\u1edbc Diller","description":"L\u00e0 m\u1ed9t trong nh\u1eefng nh\u00e0 s\u1ea3n xu\u1ea5t v\u00e0 cung c\u1ea5p b\u00ecnh ch\u00e2n kh\u00f4ng b\u1eb1ng th\u00e9p kh\u00f4ng g\u1ec9 thermos t\u1ed1t nh\u1ea5t, ch\u00fang t\u00f4i tham gia v\u00e0o vi\u1ec7c s\u1ea3n xu\u1ea5t b\u00ecnh n\u01b0\u1edbc ch\u1ea5t l\u01b0\u1ee3ng t\u1ed1t. Ch\u00fang t\u00f4i n\u1ed3ng nhi\u1ec7t ch\u00e0o \u0111\u00f3n b\u1ea1n \u0111\u1ebfn b\u00e1n bu\u00f4n ho\u1eb7c mua b\u00ecnh ch\u00e2n kh\u00f4ng b\u1eb1ng th\u00e9p kh\u00f4ng g\u1ec9 thermos t\u00f9y ch\u1ec9nh v\u1edbi gi\u00e1 c\u1ea3 c\u1ea1nh tranh t\u1eeb ch\u00fang t\u00f4i. Ngo\u00e0i ra, ch\u00fang t\u00f4i c\u0169ng ch\u1ea5p nh\u1eadn \u0111\u01a1n \u0111\u1eb7t h\u00e0ng s\u1ed1 l\u01b0\u1ee3ng nh\u1ecf.","robots":{"index":"index","follow":"follow","max-snippet":"max-snippet:-1","max-image-preview":"max-image-preview:large","max-video-preview":"max-video-preview:-1"},"canonical":"https:\/\/www.dillerbottle.com\/vn\/cac-san-pham\/binh-giu-nhiet-chan-khong-bang-thep-khong-gi-2","og_locale":"vi_VN","og_type":"article","og_title":"Thermos Stainless Steel Vacuum Bottle","og_description":"As one of the best thermos stainless steel vacuum bottle manufacturers and suppliers, we are engaged in manufacturing good quality water bottles. We warmly welcome you to wholesale or buy custom made thermos stainless steel vacuum bottle at competitive price from us. Also, small quantity orders are acceptable.","og_url":"https:\/\/www.dillerbottle.com\/vn\/cac-san-pham\/binh-giu-nhiet-chan-khong-bang-thep-khong-gi-2","og_site_name":"Diller Water Bottle Manufacturer","article_modified_time":"2025-07-09T07:18:27+00:00","og_image":[{"width":730,"height":730,"url":"https:\/\/www.dillerbottle.com\/wp-content\/uploads\/2024\/09\/thermos-stainless-steel-vacuum-bottle06589939060.jpg","type":"image\/jpeg"}],"twitter_card":"summary_large_image","twitter_misc":{"\u01af\u1edbc t\u00ednh th\u1eddi gian \u0111\u1ecdc":"2 ph\u00fat"},"schema":{"@context":"https:\/\/schema.org","@graph":[{"@type":"WebPage","@id":"https:\/\/www.dillerbottle.com\/ar\/%d9%85%d9%86%d8%aa%d8%ac%d8%a7%d8%aa\/%d8%b2%d8%ac%d8%a7%d8%ac%d8%a9-%d8%aa%d8%b1%d9%85%d8%b3-%d9%85%d9%81%d8%b1%d8%ba%d8%a9-%d9%85%d9%86-%d8%a7%d9%84%d9%81%d9%88%d9%84%d8%a7%d8%b0-%d8%a7%d9%84%d9%85%d9%82%d8%a7%d9%88%d9%85-%d9%84%d9%84","url":"https:\/\/www.dillerbottle.com\/ar\/%d9%85%d9%86%d8%aa%d8%ac%d8%a7%d8%aa\/%d8%b2%d8%ac%d8%a7%d8%ac%d8%a9-%d8%aa%d8%b1%d9%85%d8%b3-%d9%85%d9%81%d8%b1%d8%ba%d8%a9-%d9%85%d9%86-%d8%a7%d9%84%d9%81%d9%88%d9%84%d8%a7%d8%b0-%d8%a7%d9%84%d9%85%d9%82%d8%a7%d9%88%d9%85-%d9%84%d9%84","name":"B\u00ecnh n\u01b0\u1edbc ch\u00e2n kh\u00f4ng b\u1eb1ng th\u00e9p kh\u00f4ng g\u1ec9 Thermos - Nh\u00e0 s\u1ea3n xu\u1ea5t b\u00ecnh n\u01b0\u1edbc Diller","isPartOf":{"@id":"https:\/\/www.dillerbottle.com\/#website"},"primaryImageOfPage":{"@id":"https:\/\/www.dillerbottle.com\/ar\/%d9%85%d9%86%d8%aa%d8%ac%d8%a7%d8%aa\/%d8%b2%d8%ac%d8%a7%d8%ac%d8%a9-%d8%aa%d8%b1%d9%85%d8%b3-%d9%85%d9%81%d8%b1%d8%ba%d8%a9-%d9%85%d9%86-%d8%a7%d9%84%d9%81%d9%88%d9%84%d8%a7%d8%b0-%d8%a7%d9%84%d9%85%d9%82%d8%a7%d9%88%d9%85-%d9%84%d9%84#primaryimage"},"image":{"@id":"https:\/\/www.dillerbottle.com\/ar\/%d9%85%d9%86%d8%aa%d8%ac%d8%a7%d8%aa\/%d8%b2%d8%ac%d8%a7%d8%ac%d8%a9-%d8%aa%d8%b1%d9%85%d8%b3-%d9%85%d9%81%d8%b1%d8%ba%d8%a9-%d9%85%d9%86-%d8%a7%d9%84%d9%81%d9%88%d9%84%d8%a7%d8%b0-%d8%a7%d9%84%d9%85%d9%82%d8%a7%d9%88%d9%85-%d9%84%d9%84#primaryimage"},"thumbnailUrl":"https:\/\/www.dillerbottle.com\/wp-content\/uploads\/2024\/09\/thermos-stainless-steel-vacuum-bottle06589939060.jpg","datePublished":"2024-09-29T06:47:36+00:00","dateModified":"2025-07-09T07:18:27+00:00","description":"L\u00e0 m\u1ed9t trong nh\u1eefng nh\u00e0 s\u1ea3n xu\u1ea5t v\u00e0 cung c\u1ea5p b\u00ecnh ch\u00e2n kh\u00f4ng b\u1eb1ng th\u00e9p kh\u00f4ng g\u1ec9 thermos t\u1ed1t nh\u1ea5t, ch\u00fang t\u00f4i tham gia v\u00e0o vi\u1ec7c s\u1ea3n xu\u1ea5t b\u00ecnh n\u01b0\u1edbc ch\u1ea5t l\u01b0\u1ee3ng t\u1ed1t. Ch\u00fang t\u00f4i n\u1ed3ng nhi\u1ec7t ch\u00e0o \u0111\u00f3n b\u1ea1n \u0111\u1ebfn b\u00e1n bu\u00f4n ho\u1eb7c mua b\u00ecnh ch\u00e2n kh\u00f4ng b\u1eb1ng th\u00e9p kh\u00f4ng g\u1ec9 thermos t\u00f9y ch\u1ec9nh v\u1edbi gi\u00e1 c\u1ea3 c\u1ea1nh tranh t\u1eeb ch\u00fang t\u00f4i. Ngo\u00e0i ra, ch\u00fang t\u00f4i c\u0169ng ch\u1ea5p nh\u1eadn \u0111\u01a1n \u0111\u1eb7t h\u00e0ng s\u1ed1 l\u01b0\u1ee3ng nh\u1ecf.","breadcrumb":{"@id":"https:\/\/www.dillerbottle.com\/ar\/%d9%85%d9%86%d8%aa%d8%ac%d8%a7%d8%aa\/%d8%b2%d8%ac%d8%a7%d8%ac%d8%a9-%d8%aa%d8%b1%d9%85%d8%b3-%d9%85%d9%81%d8%b1%d8%ba%d8%a9-%d9%85%d9%86-%d8%a7%d9%84%d9%81%d9%88%d9%84%d8%a7%d8%b0-%d8%a7%d9%84%d9%85%d9%82%d8%a7%d9%88%d9%85-%d9%84%d9%84#breadcrumb"},"inLanguage":"vi","potentialAction":[{"@type":"ReadAction","target":["https:\/\/www.dillerbottle.com\/ar\/%d9%85%d9%86%d8%aa%d8%ac%d8%a7%d8%aa\/%d8%b2%d8%ac%d8%a7%d8%ac%d8%a9-%d8%aa%d8%b1%d9%85%d8%b3-%d9%85%d9%81%d8%b1%d8%ba%d8%a9-%d9%85%d9%86-%d8%a7%d9%84%d9%81%d9%88%d9%84%d8%a7%d8%b0-%d8%a7%d9%84%d9%85%d9%82%d8%a7%d9%88%d9%85-%d9%84%d9%84"]}]},{"@type":"ImageObject","inLanguage":"vi","@id":"https:\/\/www.dillerbottle.com\/ar\/%d9%85%d9%86%d8%aa%d8%ac%d8%a7%d8%aa\/%d8%b2%d8%ac%d8%a7%d8%ac%d8%a9-%d8%aa%d8%b1%d9%85%d8%b3-%d9%85%d9%81%d8%b1%d8%ba%d8%a9-%d9%85%d9%86-%d8%a7%d9%84%d9%81%d9%88%d9%84%d8%a7%d8%b0-%d8%a7%d9%84%d9%85%d9%82%d8%a7%d9%88%d9%85-%d9%84%d9%84#primaryimage","url":"https:\/\/www.dillerbottle.com\/wp-content\/uploads\/2024\/09\/thermos-stainless-steel-vacuum-bottle06589939060.jpg","contentUrl":"https:\/\/www.dillerbottle.com\/wp-content\/uploads\/2024\/09\/thermos-stainless-steel-vacuum-bottle06589939060.jpg","width":730,"height":730},{"@type":"BreadcrumbList","@id":"https:\/\/www.dillerbottle.com\/ar\/%d9%85%d9%86%d8%aa%d8%ac%d8%a7%d8%aa\/%d8%b2%d8%ac%d8%a7%d8%ac%d8%a9-%d8%aa%d8%b1%d9%85%d8%b3-%d9%85%d9%81%d8%b1%d8%ba%d8%a9-%d9%85%d9%86-%d8%a7%d9%84%d9%81%d9%88%d9%84%d8%a7%d8%b0-%d8%a7%d9%84%d9%85%d9%82%d8%a7%d9%88%d9%85-%d9%84%d9%84#breadcrumb","itemListElement":[{"@type":"ListItem","position":1,"name":"Home","item":"https:\/\/www.dillerbottle.com\/"},{"@type":"ListItem","position":2,"name":"Products","item":"https:\/\/www.dillerbottle.com\/shop"},{"@type":"ListItem","position":3,"name":"Thermos Stainless Steel Vacuum Bottle"}]},{"@type":"WebSite","@id":"https:\/\/www.dillerbottle.com\/#website","url":"https:\/\/www.dillerbottle.com\/","name":"Nh\u00e0 s\u1ea3n xu\u1ea5t b\u00ecnh n\u01b0\u1edbc Diller","description":"Nh\u00e0 s\u1ea3n xu\u1ea5t b\u00ecnh n\u01b0\u1edbc","publisher":{"@id":"https:\/\/www.dillerbottle.com\/#organization"},"potentialAction":[{"@type":"SearchAction","target":{"@type":"EntryPoint","urlTemplate":"https:\/\/www.dillerbottle.com\/?s={search_term_string}"},"query-input":{"@type":"PropertyValueSpecification","valueRequired":true,"valueName":"search_term_string"}}],"inLanguage":"vi"},{"@type":"Organization","@id":"https:\/\/www.dillerbottle.com\/#organization","name":"Nh\u00e0 s\u1ea3n xu\u1ea5t b\u00ecnh n\u01b0\u1edbc Diller","url":"https:\/\/www.dillerbottle.com\/","logo":{"@type":"ImageObject","inLanguage":"vi","@id":"https:\/\/www.dillerbottle.com\/#\/schema\/logo\/image\/","url":"https:\/\/www.dillerbottle.com\/wp-content\/uploads\/2024\/09\/49918bfa848dcc1e9f8b509933603ac.png","contentUrl":"https:\/\/www.dillerbottle.com\/wp-content\/uploads\/2024\/09\/49918bfa848dcc1e9f8b509933603ac.png","width":988,"height":198,"caption":"Diller Water Bottle Manufacturer"},"image":{"@id":"https:\/\/www.dillerbottle.com\/#\/schema\/logo\/image\/"}}]}},"_links":{"self":[{"href":"https:\/\/www.dillerbottle.com\/vn\/wp-json\/wp\/v2\/product\/10623","targetHints":{"allow":["GET"]}}],"collection":[{"href":"https:\/\/www.dillerbottle.com\/vn\/wp-json\/wp\/v2\/product"}],"about":[{"href":"https:\/\/www.dillerbottle.com\/vn\/wp-json\/wp\/v2\/types\/product"}],"replies":[{"embeddable":true,"href":"https:\/\/www.dillerbottle.com\/vn\/wp-json\/wp\/v2\/comments?post=10623"}],"wp:featuredmedia":[{"embeddable":true,"href":"https:\/\/www.dillerbottle.com\/vn\/wp-json\/wp\/v2\/media\/10624"}],"wp:attachment":[{"href":"https:\/\/www.dillerbottle.com\/vn\/wp-json\/wp\/v2\/media?parent=10623"}],"wp:term":[{"taxonomy":"product_brand","embeddable":true,"href":"https:\/\/www.dillerbottle.com\/vn\/wp-json\/wp\/v2\/product_brand?post=10623"},{"taxonomy":"product_cat","embeddable":true,"href":"https:\/\/www.dillerbottle.com\/vn\/wp-json\/wp\/v2\/product_cat?post=10623"},{"taxonomy":"product_tag","embeddable":true,"href":"https:\/\/www.dillerbottle.com\/vn\/wp-json\/wp\/v2\/product_tag?post=10623"}],"curies":[{"name":"wp","href":"https:\/\/api.w.org\/{rel}","templated":true}]}}