{"id":10667,"date":"2024-09-29T14:48:09","date_gmt":"2024-09-29T06:48:09","guid":{"rendered":"https:\/\/demo.dillerbottle.com\/products\/vacuum-drink-bottle"},"modified":"2025-07-09T15:18:12","modified_gmt":"2025-07-09T07:18:12","slug":"chai-dung-nuoc-chan-khong","status":"publish","type":"product","link":"https:\/\/www.dillerbottle.com\/vn\/products\/vacuum-drink-bottle","title":{"rendered":"Chai \u0111\u1ef1ng n\u01b0\u1edbc ch\u00e2n kh\u00f4ng"},"content":{"rendered":"<p>\u0110\u1eb7c tr\u01b0ng:<br \/>\n1. B\u00ecnh \u0111\u1ef1ng \u0111\u1ed3 u\u1ed1ng ch\u00e2n kh\u00f4ng 16 oz \u0111\u01b0\u1ee3c l\u00e0m b\u1eb1ng th\u00e9p kh\u00f4ng g\u1ec9 316 v\u00e0 PP c\u1ea5p th\u1ef1c ph\u1ea9m. Ch\u1ed1ng \u0103n m\u00f2n, an to\u00e0n v\u00e0 l\u00e0nh m\u1ea1nh. N\u00f3 c\u0169ng c\u00f3 l\u1edbp c\u00e1ch nhi\u1ec7t ch\u00e2n kh\u00f4ng \u0111\u1ec3 gi\u1eef ch\u1ea5t l\u1ecfng n\u00f3ng v\u00e0 l\u1ea1nh. N\u00f3 c\u00f3 th\u1ec3 gi\u1eef nguy\u00ean h\u01b0\u01a1ng v\u1ecb tr\u00e1i c\u00e2y t\u1ef1 nhi\u00ean c\u1ee7a \u0111\u1ed3 u\u1ed1ng c\u1ee7a b\u1ea1n \u0111\u1ec3 ng\u0103n ng\u1eeba qu\u00e1 tr\u00ecnh oxy h\u00f3a v\u00e0 kh\u00f4ng c\u00f3 m\u00f9i l\u1ea1.<\/p>\n<p>2. Pha tr\u00e0 l\u1ecfng, tr\u00e0 th\u1ea3o m\u1ed9c ho\u1eb7c tr\u00e0 tr\u00e1i c\u00e2y, ho\u1eb7c s\u1eed d\u1ee5ng t\u00fai tr\u00e0 \u0111\u1ec3 \u0111\u1ed5 \u0111\u1ea7y b\u00ecnh \u0111\u1ef1ng n\u01b0\u1edbc ch\u00e2n kh\u00f4ng 16OZ n\u00e0y b\u1eb1ng tr\u00e0 ngon b\u1eb1ng c\u00e1ch s\u1eed d\u1ee5ng b\u1ed9 l\u1ecdc kim lo\u1ea1i ch\u1ea5t l\u01b0\u1ee3ng. B\u00ecnh \u0111\u1ef1ng n\u01b0\u1edbc n\u00e0y l\u00e0 s\u1ea3n ph\u1ea9m y\u00eau th\u00edch c\u1ee7a nh\u1eefng ng\u01b0\u1eddi th\u00edch n\u01b0\u1edbc tr\u00e1i c\u00e2y, s\u1eefa, c\u00e0 ph\u00ea, kh\u00f4ng c\u1ea7n ph\u1ea3i quan t\u00e2m \u0111\u1ebfn s\u1ef1 x\u00f3i m\u00f2n n\u1eefa.<\/p>\n<p>3. B\u00ecnh \u0111\u1ef1ng n\u01b0\u1edbc ch\u00e2n kh\u00f4ng h\u00ecnh d\u00e1ng m\u1ecfng \u0111\u01b0\u1ee3c thi\u1ebft k\u1ebf \u0111\u1ec3 mang theo khi \u0111i du l\u1ecbch, v\u1eeba v\u1edbi gi\u00e1 \u0111\u1ec3 c\u1ed1c ti\u00eau chu\u1ea9n tr\u00ean \u00f4 t\u00f4, do \u0111\u00f3 b\u1ea1n s\u1ebd kh\u00f4ng bao gi\u1edd b\u1ecb kh\u00e1t khi di chuy\u1ec3n n\u1eefa, v\u00e0 thi\u1ebft k\u1ebf kh\u00f4ng c\u00f3 tay c\u1ea7m gi\u00fap b\u1ea1n d\u1ec5 d\u00e0ng s\u1eafp x\u1ebfp \u0111\u1ed3 u\u1ed1ng trong kh\u00f4ng gian nh\u1ecf.<\/p>\n<p>4. B\u1ea1n mu\u1ed1n t\u00f9y ch\u1ec9nh chai \u0111\u1ef1ng n\u01b0\u1edbc ch\u00e2n kh\u00f4ng c\u00f3 logo c\u1ee7a ri\u00eang b\u1ea1n ho\u1eb7c mua chai \u0111\u1ef1ng n\u01b0\u1edbc ch\u00e2n kh\u00f4ng gi\u00e1 s\u1ec9? Kh\u00f4ng c\u1ea7n t\u00ecm \u0111\u00e2u xa! Li\u00ean h\u1ec7 v\u1edbi ch\u00fang t\u00f4i ngay!<br \/>\n.<\/p>\n<div style=\"width: 640px;\" class=\"wp-video\"><video class=\"wp-video-shortcode\" id=\"video-10667-1\" width=\"640\" height=\"360\" preload=\"metadata\" controls=\"controls\"><source type=\"video\/mp4\" src=\"\/wp-content\/uploads\/2024\/09\/66f8f82dd484a-video202211021803368893047.mp4?_=1\" \/><a href=\"\/wp-content\/uploads\/2024\/09\/66f8f82dd484a-video202211021803368893047.mp4\">\/wp-content\/uploads\/2024\/09\/66f8f82dd484a-video202211021803368893047.mp4<\/a><\/video><\/div>","protected":false},"excerpt":{"rendered":"<p>B\u1ea1n \u0111ang t\u00ecm ki\u1ebfm Chai \u0111\u1ef1ng \u0111\u1ed3 u\u1ed1ng ch\u00e2n kh\u00f4ng \u0111\u1ed9c \u0111\u00e1o v\u00e0 t\u00f9y ch\u1ec9nh? Kh\u00f4ng c\u1ea7n t\u00ecm \u0111\u00e2u xa! Nh\u00f3m c\u1ee7a ch\u00fang t\u00f4i c\u00f3 th\u1ec3 l\u00e0m vi\u1ec7c v\u1edbi b\u1ea1n \u0111\u1ec3 t\u1ea1o ra m\u1ed9t thi\u1ebft k\u1ebf ho\u1eb7c hoa v\u0103n \u0111\u1ed9c \u0111\u00e1o ph\u1ea3n \u00e1nh ho\u00e0n h\u1ea3o th\u01b0\u01a1ng hi\u1ec7u c\u1ee7a b\u1ea1n.<br \/>\nV\u1edbi nhi\u1ec1u m\u00e0u s\u1eafc v\u00e0 hoa v\u0103n \u0111\u1ec3 l\u1ef1a ch\u1ecdn, c\u0169ng nh\u01b0 t\u00f9y ch\u1ecdn th\u00eam logo ho\u1eb7c thi\u1ebft k\u1ebf c\u1ee7a ri\u00eang b\u1ea1n, ch\u00fang t\u00f4i gi\u00fap b\u1ea1n d\u1ec5 d\u00e0ng t\u1ea1o ra m\u1ed9t Chai \u0111\u1ef1ng \u0111\u1ed3 u\u1ed1ng ch\u00e2n kh\u00f4ng ho\u00e0n h\u1ea3o d\u00e0nh cho b\u1ea1n.<br \/>\nV\u00e0 n\u1ebfu b\u1ea1n c\u1ea7n \u0111\u01a1n h\u00e0ng l\u1edbn, ch\u00fang t\u00f4i cung c\u1ea5p gi\u00e1 b\u00e1n bu\u00f4n \u0111\u1ec3 b\u1ea1n c\u00f3 th\u1ec3 mua \u0111\u01b0\u1ee3c gi\u00e1 ph\u1ea3i ch\u0103ng h\u01a1n.<br \/>\nCh\u00fang t\u00f4i c\u0169ng cung c\u1ea5p m\u1eabu mi\u1ec5n ph\u00ed \u0111\u1ec3 gi\u00fap b\u1ea1n \u0111\u01b0a ra quy\u1ebft \u0111\u1ecbnh.<\/p>","protected":false},"featured_media":10668,"comment_status":"open","ping_status":"closed","template":"","meta":{"_acf_changed":false},"product_brand":[],"product_cat":[18],"product_tag":[32,557,809,36,33,31,813,39,38,728,29,37,34,35,543,715,28,892,30],"class_list":{"0":"post-10667","1":"product","2":"type-product","3":"status-publish","4":"has-post-thumbnail","6":"product_cat-insulated-water-bottle","7":"product_tag-best","8":"product_tag-bicycle-water-bottles","9":"product_tag-bling-water-bottle","10":"product_tag-bulk","11":"product_tag-buy","12":"product_tag-custom","13":"product_tag-cute-water-bottle","14":"product_tag-for-sale","15":"product_tag-good-quality","16":"product_tag-insulated-sport-water-bottles","17":"product_tag-manufacturers","18":"product_tag-manufacturing","19":"product_tag-price","20":"product_tag-small","21":"product_tag-smart-vacuum-insulated-water-bottle","22":"product_tag-stainless-steel-water-bottle-1000-ml","23":"product_tag-suppliers","24":"product_tag-vacuum-drink-bottle","25":"product_tag-wholesale","27":"first","28":"instock","29":"shipping-taxable","30":"product-type-simple"},"acf":[],"yoast_head":"<!-- This site is optimized with the Yoast SEO Premium plugin v27.5 (Yoast SEO v27.5) - https:\/\/yoast.com\/product\/yoast-seo-premium-wordpress\/ -->\n<title>Vacuum Drink Bottle - Diller Water Bottle Manufacturer<\/title>\n<meta name=\"description\" content=\"As one of the best vacuum drink bottle manufacturers and suppliers, we are engaged in manufacturing good quality water bottles. We warmly welcome you to wholesale or buy custom made vacuum drink bottle at competitive price from us. Also, small quantity orders are acceptable.\" \/>\n<meta name=\"robots\" content=\"index, follow, max-snippet:-1, max-image-preview:large, max-video-preview:-1\" \/>\n<link rel=\"canonical\" href=\"https:\/\/www.dillerbottle.com\/vn\/cac-san-pham\/chai-dung-nuoc-chan-khong\" \/>\n<meta property=\"og:locale\" content=\"vi_VN\" \/>\n<meta property=\"og:type\" content=\"article\" \/>\n<meta property=\"og:title\" content=\"Vacuum Drink Bottle\" \/>\n<meta property=\"og:description\" content=\"As one of the best vacuum drink bottle manufacturers and suppliers, we are engaged in manufacturing good quality water bottles. We warmly welcome you to wholesale or buy custom made vacuum drink bottle at competitive price from us. Also, small quantity orders are acceptable.\" \/>\n<meta property=\"og:url\" content=\"https:\/\/www.dillerbottle.com\/vn\/cac-san-pham\/chai-dung-nuoc-chan-khong\" \/>\n<meta property=\"og:site_name\" content=\"Diller Water Bottle Manufacturer\" \/>\n<meta property=\"article:modified_time\" content=\"2025-07-09T07:18:12+00:00\" \/>\n<meta property=\"og:image\" content=\"https:\/\/www.dillerbottle.com\/wp-content\/uploads\/2024\/09\/vacuum-drink-bottle52080897151.jpg\" \/>\n\t<meta property=\"og:image:width\" content=\"730\" \/>\n\t<meta property=\"og:image:height\" content=\"730\" \/>\n\t<meta property=\"og:image:type\" content=\"image\/jpeg\" \/>\n<meta name=\"twitter:card\" content=\"summary_large_image\" \/>\n<meta name=\"twitter:label1\" content=\"\u01af\u1edbc t\u00ednh th\u1eddi gian \u0111\u1ecdc\" \/>\n\t<meta name=\"twitter:data1\" content=\"2 ph\u00fat\" \/>\n<script type=\"application\/ld+json\" class=\"yoast-schema-graph\">{\"@context\":\"https:\\\/\\\/schema.org\",\"@graph\":[{\"@type\":\"WebPage\",\"@id\":\"https:\\\/\\\/www.dillerbottle.com\\\/id\\\/produk\\\/botol-minuman-vakum\",\"url\":\"https:\\\/\\\/www.dillerbottle.com\\\/id\\\/produk\\\/botol-minuman-vakum\",\"name\":\"Vacuum Drink Bottle - Diller Water Bottle Manufacturer\",\"isPartOf\":{\"@id\":\"https:\\\/\\\/www.dillerbottle.com\\\/#website\"},\"primaryImageOfPage\":{\"@id\":\"https:\\\/\\\/www.dillerbottle.com\\\/id\\\/produk\\\/botol-minuman-vakum#primaryimage\"},\"image\":{\"@id\":\"https:\\\/\\\/www.dillerbottle.com\\\/id\\\/produk\\\/botol-minuman-vakum#primaryimage\"},\"thumbnailUrl\":\"https:\\\/\\\/www.dillerbottle.com\\\/wp-content\\\/uploads\\\/2024\\\/09\\\/vacuum-drink-bottle52080897151.jpg\",\"datePublished\":\"2024-09-29T06:48:09+00:00\",\"dateModified\":\"2025-07-09T07:18:12+00:00\",\"description\":\"As one of the best vacuum drink bottle manufacturers and suppliers, we are engaged in manufacturing good quality water bottles. We warmly welcome you to wholesale or buy custom made vacuum drink bottle at competitive price from us. Also, small quantity orders are acceptable.\",\"breadcrumb\":{\"@id\":\"https:\\\/\\\/www.dillerbottle.com\\\/id\\\/produk\\\/botol-minuman-vakum#breadcrumb\"},\"inLanguage\":\"vi\",\"potentialAction\":[{\"@type\":\"ReadAction\",\"target\":[\"https:\\\/\\\/www.dillerbottle.com\\\/id\\\/produk\\\/botol-minuman-vakum\"]}]},{\"@type\":\"ImageObject\",\"inLanguage\":\"vi\",\"@id\":\"https:\\\/\\\/www.dillerbottle.com\\\/id\\\/produk\\\/botol-minuman-vakum#primaryimage\",\"url\":\"https:\\\/\\\/www.dillerbottle.com\\\/wp-content\\\/uploads\\\/2024\\\/09\\\/vacuum-drink-bottle52080897151.jpg\",\"contentUrl\":\"https:\\\/\\\/www.dillerbottle.com\\\/wp-content\\\/uploads\\\/2024\\\/09\\\/vacuum-drink-bottle52080897151.jpg\",\"width\":730,\"height\":730},{\"@type\":\"BreadcrumbList\",\"@id\":\"https:\\\/\\\/www.dillerbottle.com\\\/id\\\/produk\\\/botol-minuman-vakum#breadcrumb\",\"itemListElement\":[{\"@type\":\"ListItem\",\"position\":1,\"name\":\"Home\",\"item\":\"https:\\\/\\\/www.dillerbottle.com\\\/\"},{\"@type\":\"ListItem\",\"position\":2,\"name\":\"Products\",\"item\":\"https:\\\/\\\/www.dillerbottle.com\\\/shop\"},{\"@type\":\"ListItem\",\"position\":3,\"name\":\"Vacuum Drink Bottle\"}]},{\"@type\":\"WebSite\",\"@id\":\"https:\\\/\\\/www.dillerbottle.com\\\/#website\",\"url\":\"https:\\\/\\\/www.dillerbottle.com\\\/\",\"name\":\"Diller Water Bottle Manufacturer\",\"description\":\"Water Bottle Manufacturer\",\"publisher\":{\"@id\":\"https:\\\/\\\/www.dillerbottle.com\\\/#organization\"},\"potentialAction\":[{\"@type\":\"SearchAction\",\"target\":{\"@type\":\"EntryPoint\",\"urlTemplate\":\"https:\\\/\\\/www.dillerbottle.com\\\/?s={search_term_string}\"},\"query-input\":{\"@type\":\"PropertyValueSpecification\",\"valueRequired\":true,\"valueName\":\"search_term_string\"}}],\"inLanguage\":\"vi\"},{\"@type\":\"Organization\",\"@id\":\"https:\\\/\\\/www.dillerbottle.com\\\/#organization\",\"name\":\"Diller Water Bottle Manufacturer\",\"url\":\"https:\\\/\\\/www.dillerbottle.com\\\/\",\"logo\":{\"@type\":\"ImageObject\",\"inLanguage\":\"vi\",\"@id\":\"https:\\\/\\\/www.dillerbottle.com\\\/#\\\/schema\\\/logo\\\/image\\\/\",\"url\":\"https:\\\/\\\/www.dillerbottle.com\\\/wp-content\\\/uploads\\\/2024\\\/09\\\/49918bfa848dcc1e9f8b509933603ac.png\",\"contentUrl\":\"https:\\\/\\\/www.dillerbottle.com\\\/wp-content\\\/uploads\\\/2024\\\/09\\\/49918bfa848dcc1e9f8b509933603ac.png\",\"width\":988,\"height\":198,\"caption\":\"Diller Water Bottle Manufacturer\"},\"image\":{\"@id\":\"https:\\\/\\\/www.dillerbottle.com\\\/#\\\/schema\\\/logo\\\/image\\\/\"}}]}<\/script>\n<!-- \/ Yoast SEO Premium plugin. -->","yoast_head_json":{"title":"B\u00ecnh \u0111\u1ef1ng n\u01b0\u1edbc ch\u00e2n kh\u00f4ng - Nh\u00e0 s\u1ea3n xu\u1ea5t b\u00ecnh \u0111\u1ef1ng n\u01b0\u1edbc Diller","description":"L\u00e0 m\u1ed9t trong nh\u1eefng nh\u00e0 s\u1ea3n xu\u1ea5t v\u00e0 cung c\u1ea5p chai \u0111\u1ef1ng n\u01b0\u1edbc ch\u00e2n kh\u00f4ng t\u1ed1t nh\u1ea5t, ch\u00fang t\u00f4i tham gia s\u1ea3n xu\u1ea5t chai \u0111\u1ef1ng n\u01b0\u1edbc ch\u1ea5t l\u01b0\u1ee3ng t\u1ed1t. Ch\u00fang t\u00f4i n\u1ed3ng nhi\u1ec7t ch\u00e0o \u0111\u00f3n b\u1ea1n \u0111\u1ebfn b\u00e1n bu\u00f4n ho\u1eb7c mua chai \u0111\u1ef1ng n\u01b0\u1edbc ch\u00e2n kh\u00f4ng t\u00f9y ch\u1ec9nh v\u1edbi gi\u00e1 c\u1ea1nh tranh t\u1eeb ch\u00fang t\u00f4i. Ngo\u00e0i ra, ch\u00fang t\u00f4i c\u0169ng ch\u1ea5p nh\u1eadn \u0111\u01a1n \u0111\u1eb7t h\u00e0ng s\u1ed1 l\u01b0\u1ee3ng nh\u1ecf.","robots":{"index":"index","follow":"follow","max-snippet":"max-snippet:-1","max-image-preview":"max-image-preview:large","max-video-preview":"max-video-preview:-1"},"canonical":"https:\/\/www.dillerbottle.com\/vn\/cac-san-pham\/chai-dung-nuoc-chan-khong","og_locale":"vi_VN","og_type":"article","og_title":"Vacuum Drink Bottle","og_description":"As one of the best vacuum drink bottle manufacturers and suppliers, we are engaged in manufacturing good quality water bottles. We warmly welcome you to wholesale or buy custom made vacuum drink bottle at competitive price from us. Also, small quantity orders are acceptable.","og_url":"https:\/\/www.dillerbottle.com\/vn\/cac-san-pham\/chai-dung-nuoc-chan-khong","og_site_name":"Diller Water Bottle Manufacturer","article_modified_time":"2025-07-09T07:18:12+00:00","og_image":[{"width":730,"height":730,"url":"https:\/\/www.dillerbottle.com\/wp-content\/uploads\/2024\/09\/vacuum-drink-bottle52080897151.jpg","type":"image\/jpeg"}],"twitter_card":"summary_large_image","twitter_misc":{"\u01af\u1edbc t\u00ednh th\u1eddi gian \u0111\u1ecdc":"2 ph\u00fat"},"schema":{"@context":"https:\/\/schema.org","@graph":[{"@type":"WebPage","@id":"https:\/\/www.dillerbottle.com\/id\/produk\/botol-minuman-vakum","url":"https:\/\/www.dillerbottle.com\/id\/produk\/botol-minuman-vakum","name":"B\u00ecnh \u0111\u1ef1ng n\u01b0\u1edbc ch\u00e2n kh\u00f4ng - Nh\u00e0 s\u1ea3n xu\u1ea5t b\u00ecnh \u0111\u1ef1ng n\u01b0\u1edbc Diller","isPartOf":{"@id":"https:\/\/www.dillerbottle.com\/#website"},"primaryImageOfPage":{"@id":"https:\/\/www.dillerbottle.com\/id\/produk\/botol-minuman-vakum#primaryimage"},"image":{"@id":"https:\/\/www.dillerbottle.com\/id\/produk\/botol-minuman-vakum#primaryimage"},"thumbnailUrl":"https:\/\/www.dillerbottle.com\/wp-content\/uploads\/2024\/09\/vacuum-drink-bottle52080897151.jpg","datePublished":"2024-09-29T06:48:09+00:00","dateModified":"2025-07-09T07:18:12+00:00","description":"L\u00e0 m\u1ed9t trong nh\u1eefng nh\u00e0 s\u1ea3n xu\u1ea5t v\u00e0 cung c\u1ea5p chai \u0111\u1ef1ng n\u01b0\u1edbc ch\u00e2n kh\u00f4ng t\u1ed1t nh\u1ea5t, ch\u00fang t\u00f4i tham gia s\u1ea3n xu\u1ea5t chai \u0111\u1ef1ng n\u01b0\u1edbc ch\u1ea5t l\u01b0\u1ee3ng t\u1ed1t. Ch\u00fang t\u00f4i n\u1ed3ng nhi\u1ec7t ch\u00e0o \u0111\u00f3n b\u1ea1n \u0111\u1ebfn b\u00e1n bu\u00f4n ho\u1eb7c mua chai \u0111\u1ef1ng n\u01b0\u1edbc ch\u00e2n kh\u00f4ng t\u00f9y ch\u1ec9nh v\u1edbi gi\u00e1 c\u1ea1nh tranh t\u1eeb ch\u00fang t\u00f4i. Ngo\u00e0i ra, ch\u00fang t\u00f4i c\u0169ng ch\u1ea5p nh\u1eadn \u0111\u01a1n \u0111\u1eb7t h\u00e0ng s\u1ed1 l\u01b0\u1ee3ng nh\u1ecf.","breadcrumb":{"@id":"https:\/\/www.dillerbottle.com\/id\/produk\/botol-minuman-vakum#breadcrumb"},"inLanguage":"vi","potentialAction":[{"@type":"ReadAction","target":["https:\/\/www.dillerbottle.com\/id\/produk\/botol-minuman-vakum"]}]},{"@type":"ImageObject","inLanguage":"vi","@id":"https:\/\/www.dillerbottle.com\/id\/produk\/botol-minuman-vakum#primaryimage","url":"https:\/\/www.dillerbottle.com\/wp-content\/uploads\/2024\/09\/vacuum-drink-bottle52080897151.jpg","contentUrl":"https:\/\/www.dillerbottle.com\/wp-content\/uploads\/2024\/09\/vacuum-drink-bottle52080897151.jpg","width":730,"height":730},{"@type":"BreadcrumbList","@id":"https:\/\/www.dillerbottle.com\/id\/produk\/botol-minuman-vakum#breadcrumb","itemListElement":[{"@type":"ListItem","position":1,"name":"Home","item":"https:\/\/www.dillerbottle.com\/"},{"@type":"ListItem","position":2,"name":"Products","item":"https:\/\/www.dillerbottle.com\/shop"},{"@type":"ListItem","position":3,"name":"Vacuum Drink Bottle"}]},{"@type":"WebSite","@id":"https:\/\/www.dillerbottle.com\/#website","url":"https:\/\/www.dillerbottle.com\/","name":"Nh\u00e0 s\u1ea3n xu\u1ea5t b\u00ecnh n\u01b0\u1edbc Diller","description":"Nh\u00e0 s\u1ea3n xu\u1ea5t b\u00ecnh n\u01b0\u1edbc","publisher":{"@id":"https:\/\/www.dillerbottle.com\/#organization"},"potentialAction":[{"@type":"SearchAction","target":{"@type":"EntryPoint","urlTemplate":"https:\/\/www.dillerbottle.com\/?s={search_term_string}"},"query-input":{"@type":"PropertyValueSpecification","valueRequired":true,"valueName":"search_term_string"}}],"inLanguage":"vi"},{"@type":"Organization","@id":"https:\/\/www.dillerbottle.com\/#organization","name":"Nh\u00e0 s\u1ea3n xu\u1ea5t b\u00ecnh n\u01b0\u1edbc Diller","url":"https:\/\/www.dillerbottle.com\/","logo":{"@type":"ImageObject","inLanguage":"vi","@id":"https:\/\/www.dillerbottle.com\/#\/schema\/logo\/image\/","url":"https:\/\/www.dillerbottle.com\/wp-content\/uploads\/2024\/09\/49918bfa848dcc1e9f8b509933603ac.png","contentUrl":"https:\/\/www.dillerbottle.com\/wp-content\/uploads\/2024\/09\/49918bfa848dcc1e9f8b509933603ac.png","width":988,"height":198,"caption":"Diller Water Bottle Manufacturer"},"image":{"@id":"https:\/\/www.dillerbottle.com\/#\/schema\/logo\/image\/"}}]}},"_links":{"self":[{"href":"https:\/\/www.dillerbottle.com\/vn\/wp-json\/wp\/v2\/product\/10667","targetHints":{"allow":["GET"]}}],"collection":[{"href":"https:\/\/www.dillerbottle.com\/vn\/wp-json\/wp\/v2\/product"}],"about":[{"href":"https:\/\/www.dillerbottle.com\/vn\/wp-json\/wp\/v2\/types\/product"}],"replies":[{"embeddable":true,"href":"https:\/\/www.dillerbottle.com\/vn\/wp-json\/wp\/v2\/comments?post=10667"}],"wp:featuredmedia":[{"embeddable":true,"href":"https:\/\/www.dillerbottle.com\/vn\/wp-json\/wp\/v2\/media\/10668"}],"wp:attachment":[{"href":"https:\/\/www.dillerbottle.com\/vn\/wp-json\/wp\/v2\/media?parent=10667"}],"wp:term":[{"taxonomy":"product_brand","embeddable":true,"href":"https:\/\/www.dillerbottle.com\/vn\/wp-json\/wp\/v2\/product_brand?post=10667"},{"taxonomy":"product_cat","embeddable":true,"href":"https:\/\/www.dillerbottle.com\/vn\/wp-json\/wp\/v2\/product_cat?post=10667"},{"taxonomy":"product_tag","embeddable":true,"href":"https:\/\/www.dillerbottle.com\/vn\/wp-json\/wp\/v2\/product_tag?post=10667"}],"curies":[{"name":"wp","href":"https:\/\/api.w.org\/{rel}","templated":true}]}}