{"id":10691,"date":"2024-09-29T14:48:25","date_gmt":"2024-09-29T06:48:25","guid":{"rendered":"https:\/\/demo.dillerbottle.com\/products\/stainless-vacuum-bottle"},"modified":"2025-07-09T15:13:26","modified_gmt":"2025-07-09T07:13:26","slug":"binh-chan-khong-bang-thep-khong-gi-3","status":"publish","type":"product","link":"https:\/\/www.dillerbottle.com\/vn\/products\/stainless-vacuum-bottle","title":{"rendered":"B\u00ecnh ch\u00e2n kh\u00f4ng b\u1eb1ng th\u00e9p kh\u00f4ng g\u1ec9"},"content":{"rendered":"<p>M\u00f4 t\u1ea3 s\u1ea3n ph\u1ea9m<\/p>\n<hr \/>\n<p>1. B\u00ecnh ch\u00e2n kh\u00f4ng b\u1eb1ng th\u00e9p kh\u00f4ng g\u1ec9 v\u1edbi thi\u1ebft k\u1ebf m\u1edbi v\u00e0 ki\u1ec3u d\u00e1ng m\u1ecfng v\u1eeba v\u1eb7n v\u1edbi b\u1ea5t k\u1ef3 gi\u00e1 \u0111\u1ef1ng c\u1ed1c ti\u00eau chu\u1ea9n n\u00e0o. B\u00ecnh n\u01b0\u1edbc c\u00f3 dung t\u00edch l\u1edbn nh\u1ea5t trong gi\u00e1 \u0111\u1ef1ng c\u1ed1c c\u00f3 th\u1ec3 v\u1eeba v\u1edbi b\u1ea5t k\u1ef3 gi\u00e1 \u0111\u1ef1ng c\u1ed1c ti\u00eau chu\u1ea9n n\u00e0o, \u0111i k\u00e8m v\u1edbi d\u00e2y \u0111eo di \u0111\u1ed9ng, ho\u00e0n h\u1ea3o cho c\u00e1c ho\u1ea1t \u0111\u1ed9ng ngo\u00e0i tr\u1eddi, \u0111\u1eb7c bi\u1ec7t l\u00e0 khi l\u00e1i xe, \u0111i d\u00e3 ngo\u1ea1i, \u0111i bi\u1ec3n, c\u1eafm tr\u1ea1i ho\u1eb7c \u0111\u1ea1p xe, v.v.<br \/>\n2. C\u00f4ng ngh\u1ec7 \u0111\u1ed9c \u0111\u00e1o b\u00ean trong DILLER 2<br \/>\nB\u00ecnh n\u01b0\u1edbc 3,6oz gi\u1eef \u0111\u1ed3 u\u1ed1ng l\u1ea1nh \u1edf d\u1ea1ng \u0111\u00e1 l\u00ean \u0111\u1ebfn 24 gi\u1edd v\u00e0 \u0111\u1ed3 u\u1ed1ng n\u00f3ng gi\u1eef nhi\u1ec7t l\u00ean \u0111\u1ebfn 12 gi\u1edd, \u0111\u1ea3m b\u1ea3o r\u1eb1ng m\u1ed7i ng\u1ee5m n\u01b0\u1edbc c\u1ee7a b\u1ea1n \u0111\u1ec1u mang \u0111\u1ebfn c\u1ea3m gi\u00e1c nh\u01b0 b\u1ea1n mong mu\u1ed1n.<\/p>\n<p>3. DILLER lu\u00f4n tu\u00e2n th\u1ee7 \u00fd t\u01b0\u1edfng v\u1ec1 s\u1ef1 an to\u00e0n v\u00e0 b\u1ea3o v\u1ec7 m\u00f4i tr\u01b0\u1eddng, b\u00ecnh n\u01b0\u1edbc gi\u1eef nhi\u1ec7t c\u1ee7a ch\u00fang t\u00f4i \u0111\u01b0\u1ee3c l\u00e0m b\u1eb1ng th\u00e9p kh\u00f4ng g\u1ec9 316 + 304 cao c\u1ea5p \u0111\u00e3 v\u01b0\u1ee3t qua th\u1eed nghi\u1ec7m c\u1ee7a FDA, c\u00f3 kh\u1ea3 n\u0103ng ch\u1ed1ng oxy h\u00f3a v\u00e0 \u0103n m\u00f2n ho\u00e0n to\u00e0n, kh\u00f4ng ch\u1ee9a BPA, kh\u00f4ng c\u00f3 m\u00f9i kim lo\u1ea1i, mang \u0111\u1ebfn cho b\u1ea1n v\u00e0 gia \u0111\u00ecnh m\u1ed9t c\u00e1ch u\u1ed1ng n\u01b0\u1edbc l\u00e0nh m\u1ea1nh v\u00e0 an to\u00e0n h\u01a1n. Th\u00f4ng s\u1ed1 s\u1ea3n ph\u1ea9m<\/p>\n<hr \/>\n<p>Tr\u01b0ng b\u00e0y s\u1ea3n ph\u1ea9m<\/p>\n<hr \/>\n<p>D\u1ecbch v\u1ee5 OEM \/ ODM<\/p>\n<hr \/>\n<p>B\u1ea1n mu\u1ed1n t\u00f9y ch\u1ec9nh b\u00ecnh ch\u00e2n kh\u00f4ng b\u1eb1ng th\u00e9p kh\u00f4ng g\u1ec9 v\u1edbi logo, m\u00e0u s\u1eafc, hoa v\u0103n ho\u1eb7c thi\u1ebft k\u1ebf c\u1ee7a b\u1ea1n \u0111\u1ec3 ph\u1ea3n \u00e1nh th\u01b0\u01a1ng hi\u1ec7u c\u1ee7a b\u1ea1n m\u1ed9t c\u00e1ch ho\u00e0n h\u1ea3o? Kh\u00f4ng c\u1ea7n t\u00ecm \u0111\u00e2u xa! Nh\u00f3m c\u1ee7a ch\u00fang t\u00f4i c\u00f3 th\u1ec3 l\u00e0m vi\u1ec7c v\u1edbi b\u1ea1n. Ch\u00fang t\u00f4i cung c\u1ea5p c\u00e1c m\u1eabu mi\u1ec5n ph\u00ed \u0111\u1ec3 gi\u00fap b\u1ea1n b\u1eaft \u0111\u1ea7u v\u00e0 c\u00e1c t\u00f9y ch\u1ecdn mua s\u1ed1 l\u01b0\u1ee3ng l\u1edbn c\u1ee7a ch\u00fang t\u00f4i gi\u00fap b\u1ea1n d\u1ec5 d\u00e0ng c\u00f3 \u0111\u01b0\u1ee3c s\u1ed1 l\u01b0\u1ee3ng b\u1ea1n c\u1ea7n.<\/p>\n<div style=\"width: 640px;\" class=\"wp-video\"><video class=\"wp-video-shortcode\" id=\"video-10691-1\" width=\"640\" height=\"360\" preload=\"metadata\" controls=\"controls\"><source type=\"video\/mp4\" src=\"\/wp-content\/uploads\/2024\/09\/66f8f83e8369c-video202211041705314278551.mp4?_=1\" \/><a href=\"\/wp-content\/uploads\/2024\/09\/66f8f83e8369c-video202211041705314278551.mp4\">\/wp-content\/uploads\/2024\/09\/66f8f83e8369c-video202211041705314278551.mp4<\/a><\/video><\/div>","protected":false},"excerpt":{"rendered":"<p>B\u00ecnh ch\u00e2n kh\u00f4ng b\u1eb1ng th\u00e9p kh\u00f4ng g\u1ec9 l\u00e0 l\u1ef1a ch\u1ecdn tuy\u1ec7t v\u1eddi cho nh\u1eefng ai \u0111ang t\u00ecm ki\u1ebfm s\u1ef1 thay th\u1ebf cho b\u00ecnh \u0111\u1ef1ng n\u01b0\u1edbc b\u1eb1ng th\u1ee7y tinh ho\u1eb7c nh\u1ef1a truy\u1ec1n th\u1ed1ng.<br \/>\nB\u00ecnh ch\u00e2n kh\u00f4ng \u0111\u01b0\u1ee3c l\u00e0m b\u1eb1ng c\u1ea5u tr\u00fac hai l\u1edbp, c\u00f3 ngh\u0129a l\u00e0 ch\u00fang c\u00f3 th\u1ec3 gi\u1eef \u0111\u1ed3 u\u1ed1ng c\u1ee7a b\u1ea1n n\u00f3ng ho\u1eb7c l\u1ea1nh trong nhi\u1ec1u gi\u1edd li\u1ec1n.<br \/>\n\u0110i\u1ec1u n\u00e0y l\u00e0m cho ch\u00fang tr\u1edf n\u00ean ho\u00e0n h\u1ea3o khi mang theo khi di chuy\u1ec3n, d\u00f9 b\u1ea1n \u0111ang \u0111\u1ebfn ph\u00f2ng t\u1eadp th\u1ec3 d\u1ee5c hay \u0111i b\u1ed9 \u0111\u01b0\u1eddng d\u00e0i.<br \/>\nB\u00ecnh ch\u00e2n kh\u00f4ng b\u1eb1ng th\u00e9p kh\u00f4ng g\u1ec9 c\u0169ng c\u1ef1c k\u1ef3 b\u1ec1n, v\u00ec v\u1eady b\u1ea1n kh\u00f4ng ph\u1ea3i lo ch\u00fang b\u1ecb v\u1ee1 n\u1ebfu b\u1ecb r\u01a1i.<br \/>\nN\u1ebfu b\u1ea1n mu\u1ed1n t\u00f9y ch\u1ec9nh b\u00ecnh ch\u00e2n kh\u00f4ng b\u1eb1ng th\u00e9p kh\u00f4ng g\u1ec9 v\u1edbi logo, m\u00e0u s\u1eafc, hoa v\u0103n ho\u1eb7c thi\u1ebft k\u1ebf c\u1ee7a ri\u00eang b\u1ea1n.<br \/>\nNh\u00f3m c\u1ee7a ch\u00fang t\u00f4i c\u00f3 th\u1ec3 l\u00e0m vi\u1ec7c v\u1edbi b\u1ea1n \u0111\u1ec3 t\u1ea1o ra m\u1ed9t thi\u1ebft k\u1ebf ho\u1eb7c m\u1eabu m\u00e3 \u0111\u1ed9c \u0111\u00e1o, ph\u1ea3n \u00e1nh ho\u00e0n h\u1ea3o th\u01b0\u01a1ng hi\u1ec7u c\u1ee7a b\u1ea1n.<\/p>","protected":false},"featured_media":10692,"comment_status":"open","ping_status":"closed","template":"","meta":{"_acf_changed":false},"product_brand":[],"product_cat":[18],"product_tag":[32,690,36,33,521,31,39,38,728,29,37,34,35,894,712,738,811,28,30],"class_list":{"0":"post-10691","1":"product","2":"type-product","3":"status-publish","4":"has-post-thumbnail","6":"product_cat-insulated-water-bottle","7":"product_tag-best","8":"product_tag-bottle-water","9":"product_tag-bulk","10":"product_tag-buy","11":"product_tag-cup-outdoor-travel-sports-water-bottle-with-handle","12":"product_tag-custom","13":"product_tag-for-sale","14":"product_tag-good-quality","15":"product_tag-insulated-sport-water-bottles","16":"product_tag-manufacturers","17":"product_tag-manufacturing","18":"product_tag-price","19":"product_tag-small","20":"product_tag-stainless-vacuum-bottle","21":"product_tag-steel-vacuum-water-sport-bottles-with-handle","22":"product_tag-steel-water-bottles-with-sports-straw-lid","23":"product_tag-stylish-water-bottle","24":"product_tag-suppliers","25":"product_tag-wholesale","27":"first","28":"instock","29":"shipping-taxable","30":"product-type-simple"},"acf":[],"yoast_head":"<!-- This site is optimized with the Yoast SEO Premium plugin v27.4 (Yoast SEO v27.4) - https:\/\/yoast.com\/product\/yoast-seo-premium-wordpress\/ -->\n<title>Stainless Vacuum Bottle - Diller Water Bottle Manufacturer<\/title>\n<meta name=\"description\" content=\"As one of the best stainless vacuum bottle manufacturers and suppliers, we are engaged in manufacturing good quality water bottles. We warmly welcome you to wholesale or buy custom made stainless vacuum bottle at competitive price from us. Also, small quantity orders are acceptable.\" \/>\n<meta name=\"robots\" content=\"index, follow, max-snippet:-1, max-image-preview:large, max-video-preview:-1\" \/>\n<link rel=\"canonical\" href=\"https:\/\/www.dillerbottle.com\/vn\/cac-san-pham\/binh-chan-khong-bang-thep-khong-gi-3\" \/>\n<meta property=\"og:locale\" content=\"vi_VN\" \/>\n<meta property=\"og:type\" content=\"article\" \/>\n<meta property=\"og:title\" content=\"Stainless Vacuum Bottle\" \/>\n<meta property=\"og:description\" content=\"As one of the best stainless vacuum bottle manufacturers and suppliers, we are engaged in manufacturing good quality water bottles. We warmly welcome you to wholesale or buy custom made stainless vacuum bottle at competitive price from us. Also, small quantity orders are acceptable.\" \/>\n<meta property=\"og:url\" content=\"https:\/\/www.dillerbottle.com\/vn\/cac-san-pham\/binh-chan-khong-bang-thep-khong-gi-3\" \/>\n<meta property=\"og:site_name\" content=\"Diller Water Bottle Manufacturer\" \/>\n<meta property=\"article:modified_time\" content=\"2025-07-09T07:13:26+00:00\" \/>\n<meta property=\"og:image\" content=\"https:\/\/www.dillerbottle.com\/wp-content\/uploads\/2024\/09\/stainless-vacuum-bottle42023754285.jpg\" \/>\n\t<meta property=\"og:image:width\" content=\"730\" \/>\n\t<meta property=\"og:image:height\" content=\"730\" \/>\n\t<meta property=\"og:image:type\" content=\"image\/jpeg\" \/>\n<meta name=\"twitter:card\" content=\"summary_large_image\" \/>\n<meta name=\"twitter:label1\" content=\"\u01af\u1edbc t\u00ednh th\u1eddi gian \u0111\u1ecdc\" \/>\n\t<meta name=\"twitter:data1\" content=\"3 ph\u00fat\" \/>\n<script type=\"application\/ld+json\" class=\"yoast-schema-graph\">{\"@context\":\"https:\\\/\\\/schema.org\",\"@graph\":[{\"@type\":\"WebPage\",\"@id\":\"https:\\\/\\\/www.dillerbottle.com\\\/nl\\\/producten\\\/roestvrijstalen-vacuumfles-2\",\"url\":\"https:\\\/\\\/www.dillerbottle.com\\\/nl\\\/producten\\\/roestvrijstalen-vacuumfles-2\",\"name\":\"Stainless Vacuum Bottle - Diller Water Bottle Manufacturer\",\"isPartOf\":{\"@id\":\"https:\\\/\\\/www.dillerbottle.com\\\/#website\"},\"primaryImageOfPage\":{\"@id\":\"https:\\\/\\\/www.dillerbottle.com\\\/nl\\\/producten\\\/roestvrijstalen-vacuumfles-2#primaryimage\"},\"image\":{\"@id\":\"https:\\\/\\\/www.dillerbottle.com\\\/nl\\\/producten\\\/roestvrijstalen-vacuumfles-2#primaryimage\"},\"thumbnailUrl\":\"https:\\\/\\\/www.dillerbottle.com\\\/wp-content\\\/uploads\\\/2024\\\/09\\\/stainless-vacuum-bottle42023754285.jpg\",\"datePublished\":\"2024-09-29T06:48:25+00:00\",\"dateModified\":\"2025-07-09T07:13:26+00:00\",\"description\":\"As one of the best stainless vacuum bottle manufacturers and suppliers, we are engaged in manufacturing good quality water bottles. We warmly welcome you to wholesale or buy custom made stainless vacuum bottle at competitive price from us. Also, small quantity orders are acceptable.\",\"breadcrumb\":{\"@id\":\"https:\\\/\\\/www.dillerbottle.com\\\/nl\\\/producten\\\/roestvrijstalen-vacuumfles-2#breadcrumb\"},\"inLanguage\":\"vi\",\"potentialAction\":[{\"@type\":\"ReadAction\",\"target\":[\"https:\\\/\\\/www.dillerbottle.com\\\/nl\\\/producten\\\/roestvrijstalen-vacuumfles-2\"]}]},{\"@type\":\"ImageObject\",\"inLanguage\":\"vi\",\"@id\":\"https:\\\/\\\/www.dillerbottle.com\\\/nl\\\/producten\\\/roestvrijstalen-vacuumfles-2#primaryimage\",\"url\":\"https:\\\/\\\/www.dillerbottle.com\\\/wp-content\\\/uploads\\\/2024\\\/09\\\/stainless-vacuum-bottle42023754285.jpg\",\"contentUrl\":\"https:\\\/\\\/www.dillerbottle.com\\\/wp-content\\\/uploads\\\/2024\\\/09\\\/stainless-vacuum-bottle42023754285.jpg\",\"width\":730,\"height\":730},{\"@type\":\"BreadcrumbList\",\"@id\":\"https:\\\/\\\/www.dillerbottle.com\\\/nl\\\/producten\\\/roestvrijstalen-vacuumfles-2#breadcrumb\",\"itemListElement\":[{\"@type\":\"ListItem\",\"position\":1,\"name\":\"Home\",\"item\":\"https:\\\/\\\/www.dillerbottle.com\\\/\"},{\"@type\":\"ListItem\",\"position\":2,\"name\":\"Products\",\"item\":\"https:\\\/\\\/www.dillerbottle.com\\\/shop\"},{\"@type\":\"ListItem\",\"position\":3,\"name\":\"Stainless Vacuum Bottle\"}]},{\"@type\":\"WebSite\",\"@id\":\"https:\\\/\\\/www.dillerbottle.com\\\/#website\",\"url\":\"https:\\\/\\\/www.dillerbottle.com\\\/\",\"name\":\"Diller Water Bottle Manufacturer\",\"description\":\"Water Bottle Manufacturer\",\"publisher\":{\"@id\":\"https:\\\/\\\/www.dillerbottle.com\\\/#organization\"},\"potentialAction\":[{\"@type\":\"SearchAction\",\"target\":{\"@type\":\"EntryPoint\",\"urlTemplate\":\"https:\\\/\\\/www.dillerbottle.com\\\/?s={search_term_string}\"},\"query-input\":{\"@type\":\"PropertyValueSpecification\",\"valueRequired\":true,\"valueName\":\"search_term_string\"}}],\"inLanguage\":\"vi\"},{\"@type\":\"Organization\",\"@id\":\"https:\\\/\\\/www.dillerbottle.com\\\/#organization\",\"name\":\"Diller Water Bottle Manufacturer\",\"url\":\"https:\\\/\\\/www.dillerbottle.com\\\/\",\"logo\":{\"@type\":\"ImageObject\",\"inLanguage\":\"vi\",\"@id\":\"https:\\\/\\\/www.dillerbottle.com\\\/#\\\/schema\\\/logo\\\/image\\\/\",\"url\":\"https:\\\/\\\/www.dillerbottle.com\\\/wp-content\\\/uploads\\\/2024\\\/09\\\/49918bfa848dcc1e9f8b509933603ac.png\",\"contentUrl\":\"https:\\\/\\\/www.dillerbottle.com\\\/wp-content\\\/uploads\\\/2024\\\/09\\\/49918bfa848dcc1e9f8b509933603ac.png\",\"width\":988,\"height\":198,\"caption\":\"Diller Water Bottle Manufacturer\"},\"image\":{\"@id\":\"https:\\\/\\\/www.dillerbottle.com\\\/#\\\/schema\\\/logo\\\/image\\\/\"}}]}<\/script>\n<!-- \/ Yoast SEO Premium plugin. -->","yoast_head_json":{"title":"B\u00ecnh ch\u00e2n kh\u00f4ng b\u1eb1ng th\u00e9p kh\u00f4ng g\u1ec9 - Nh\u00e0 s\u1ea3n xu\u1ea5t b\u00ecnh n\u01b0\u1edbc Diller","description":"L\u00e0 m\u1ed9t trong nh\u1eefng nh\u00e0 s\u1ea3n xu\u1ea5t v\u00e0 cung c\u1ea5p b\u00ecnh ch\u00e2n kh\u00f4ng b\u1eb1ng th\u00e9p kh\u00f4ng g\u1ec9 t\u1ed1t nh\u1ea5t, ch\u00fang t\u00f4i tham gia s\u1ea3n xu\u1ea5t b\u00ecnh n\u01b0\u1edbc ch\u1ea5t l\u01b0\u1ee3ng t\u1ed1t. Ch\u00fang t\u00f4i n\u1ed3ng nhi\u1ec7t ch\u00e0o \u0111\u00f3n b\u1ea1n \u0111\u1ebfn b\u00e1n bu\u00f4n ho\u1eb7c mua b\u00ecnh ch\u00e2n kh\u00f4ng b\u1eb1ng th\u00e9p kh\u00f4ng g\u1ec9 t\u00f9y ch\u1ec9nh v\u1edbi gi\u00e1 c\u1ea1nh tranh t\u1eeb ch\u00fang t\u00f4i. Ngo\u00e0i ra, ch\u00fang t\u00f4i c\u0169ng ch\u1ea5p nh\u1eadn \u0111\u01a1n \u0111\u1eb7t h\u00e0ng s\u1ed1 l\u01b0\u1ee3ng nh\u1ecf.","robots":{"index":"index","follow":"follow","max-snippet":"max-snippet:-1","max-image-preview":"max-image-preview:large","max-video-preview":"max-video-preview:-1"},"canonical":"https:\/\/www.dillerbottle.com\/vn\/cac-san-pham\/binh-chan-khong-bang-thep-khong-gi-3","og_locale":"vi_VN","og_type":"article","og_title":"Stainless Vacuum Bottle","og_description":"As one of the best stainless vacuum bottle manufacturers and suppliers, we are engaged in manufacturing good quality water bottles. We warmly welcome you to wholesale or buy custom made stainless vacuum bottle at competitive price from us. Also, small quantity orders are acceptable.","og_url":"https:\/\/www.dillerbottle.com\/vn\/cac-san-pham\/binh-chan-khong-bang-thep-khong-gi-3","og_site_name":"Diller Water Bottle Manufacturer","article_modified_time":"2025-07-09T07:13:26+00:00","og_image":[{"width":730,"height":730,"url":"https:\/\/www.dillerbottle.com\/wp-content\/uploads\/2024\/09\/stainless-vacuum-bottle42023754285.jpg","type":"image\/jpeg"}],"twitter_card":"summary_large_image","twitter_misc":{"\u01af\u1edbc t\u00ednh th\u1eddi gian \u0111\u1ecdc":"3 ph\u00fat"},"schema":{"@context":"https:\/\/schema.org","@graph":[{"@type":"WebPage","@id":"https:\/\/www.dillerbottle.com\/nl\/producten\/roestvrijstalen-vacuumfles-2","url":"https:\/\/www.dillerbottle.com\/nl\/producten\/roestvrijstalen-vacuumfles-2","name":"B\u00ecnh ch\u00e2n kh\u00f4ng b\u1eb1ng th\u00e9p kh\u00f4ng g\u1ec9 - Nh\u00e0 s\u1ea3n xu\u1ea5t b\u00ecnh n\u01b0\u1edbc Diller","isPartOf":{"@id":"https:\/\/www.dillerbottle.com\/#website"},"primaryImageOfPage":{"@id":"https:\/\/www.dillerbottle.com\/nl\/producten\/roestvrijstalen-vacuumfles-2#primaryimage"},"image":{"@id":"https:\/\/www.dillerbottle.com\/nl\/producten\/roestvrijstalen-vacuumfles-2#primaryimage"},"thumbnailUrl":"https:\/\/www.dillerbottle.com\/wp-content\/uploads\/2024\/09\/stainless-vacuum-bottle42023754285.jpg","datePublished":"2024-09-29T06:48:25+00:00","dateModified":"2025-07-09T07:13:26+00:00","description":"L\u00e0 m\u1ed9t trong nh\u1eefng nh\u00e0 s\u1ea3n xu\u1ea5t v\u00e0 cung c\u1ea5p b\u00ecnh ch\u00e2n kh\u00f4ng b\u1eb1ng th\u00e9p kh\u00f4ng g\u1ec9 t\u1ed1t nh\u1ea5t, ch\u00fang t\u00f4i tham gia s\u1ea3n xu\u1ea5t b\u00ecnh n\u01b0\u1edbc ch\u1ea5t l\u01b0\u1ee3ng t\u1ed1t. Ch\u00fang t\u00f4i n\u1ed3ng nhi\u1ec7t ch\u00e0o \u0111\u00f3n b\u1ea1n \u0111\u1ebfn b\u00e1n bu\u00f4n ho\u1eb7c mua b\u00ecnh ch\u00e2n kh\u00f4ng b\u1eb1ng th\u00e9p kh\u00f4ng g\u1ec9 t\u00f9y ch\u1ec9nh v\u1edbi gi\u00e1 c\u1ea1nh tranh t\u1eeb ch\u00fang t\u00f4i. Ngo\u00e0i ra, ch\u00fang t\u00f4i c\u0169ng ch\u1ea5p nh\u1eadn \u0111\u01a1n \u0111\u1eb7t h\u00e0ng s\u1ed1 l\u01b0\u1ee3ng nh\u1ecf.","breadcrumb":{"@id":"https:\/\/www.dillerbottle.com\/nl\/producten\/roestvrijstalen-vacuumfles-2#breadcrumb"},"inLanguage":"vi","potentialAction":[{"@type":"ReadAction","target":["https:\/\/www.dillerbottle.com\/nl\/producten\/roestvrijstalen-vacuumfles-2"]}]},{"@type":"ImageObject","inLanguage":"vi","@id":"https:\/\/www.dillerbottle.com\/nl\/producten\/roestvrijstalen-vacuumfles-2#primaryimage","url":"https:\/\/www.dillerbottle.com\/wp-content\/uploads\/2024\/09\/stainless-vacuum-bottle42023754285.jpg","contentUrl":"https:\/\/www.dillerbottle.com\/wp-content\/uploads\/2024\/09\/stainless-vacuum-bottle42023754285.jpg","width":730,"height":730},{"@type":"BreadcrumbList","@id":"https:\/\/www.dillerbottle.com\/nl\/producten\/roestvrijstalen-vacuumfles-2#breadcrumb","itemListElement":[{"@type":"ListItem","position":1,"name":"Home","item":"https:\/\/www.dillerbottle.com\/"},{"@type":"ListItem","position":2,"name":"Products","item":"https:\/\/www.dillerbottle.com\/shop"},{"@type":"ListItem","position":3,"name":"Stainless Vacuum Bottle"}]},{"@type":"WebSite","@id":"https:\/\/www.dillerbottle.com\/#website","url":"https:\/\/www.dillerbottle.com\/","name":"Nh\u00e0 s\u1ea3n xu\u1ea5t b\u00ecnh n\u01b0\u1edbc Diller","description":"Nh\u00e0 s\u1ea3n xu\u1ea5t b\u00ecnh n\u01b0\u1edbc","publisher":{"@id":"https:\/\/www.dillerbottle.com\/#organization"},"potentialAction":[{"@type":"SearchAction","target":{"@type":"EntryPoint","urlTemplate":"https:\/\/www.dillerbottle.com\/?s={search_term_string}"},"query-input":{"@type":"PropertyValueSpecification","valueRequired":true,"valueName":"search_term_string"}}],"inLanguage":"vi"},{"@type":"Organization","@id":"https:\/\/www.dillerbottle.com\/#organization","name":"Nh\u00e0 s\u1ea3n xu\u1ea5t b\u00ecnh n\u01b0\u1edbc Diller","url":"https:\/\/www.dillerbottle.com\/","logo":{"@type":"ImageObject","inLanguage":"vi","@id":"https:\/\/www.dillerbottle.com\/#\/schema\/logo\/image\/","url":"https:\/\/www.dillerbottle.com\/wp-content\/uploads\/2024\/09\/49918bfa848dcc1e9f8b509933603ac.png","contentUrl":"https:\/\/www.dillerbottle.com\/wp-content\/uploads\/2024\/09\/49918bfa848dcc1e9f8b509933603ac.png","width":988,"height":198,"caption":"Diller Water Bottle Manufacturer"},"image":{"@id":"https:\/\/www.dillerbottle.com\/#\/schema\/logo\/image\/"}}]}},"_links":{"self":[{"href":"https:\/\/www.dillerbottle.com\/vn\/wp-json\/wp\/v2\/product\/10691","targetHints":{"allow":["GET"]}}],"collection":[{"href":"https:\/\/www.dillerbottle.com\/vn\/wp-json\/wp\/v2\/product"}],"about":[{"href":"https:\/\/www.dillerbottle.com\/vn\/wp-json\/wp\/v2\/types\/product"}],"replies":[{"embeddable":true,"href":"https:\/\/www.dillerbottle.com\/vn\/wp-json\/wp\/v2\/comments?post=10691"}],"wp:featuredmedia":[{"embeddable":true,"href":"https:\/\/www.dillerbottle.com\/vn\/wp-json\/wp\/v2\/media\/10692"}],"wp:attachment":[{"href":"https:\/\/www.dillerbottle.com\/vn\/wp-json\/wp\/v2\/media?parent=10691"}],"wp:term":[{"taxonomy":"product_brand","embeddable":true,"href":"https:\/\/www.dillerbottle.com\/vn\/wp-json\/wp\/v2\/product_brand?post=10691"},{"taxonomy":"product_cat","embeddable":true,"href":"https:\/\/www.dillerbottle.com\/vn\/wp-json\/wp\/v2\/product_cat?post=10691"},{"taxonomy":"product_tag","embeddable":true,"href":"https:\/\/www.dillerbottle.com\/vn\/wp-json\/wp\/v2\/product_tag?post=10691"}],"curies":[{"name":"wp","href":"https:\/\/api.w.org\/{rel}","templated":true}]}}