{"id":10850,"date":"2024-09-29T14:50:15","date_gmt":"2024-09-29T06:50:15","guid":{"rendered":"https:\/\/demo.dillerbottle.com\/products\/vacuum-bottles-for-coffee"},"modified":"2025-07-09T15:06:50","modified_gmt":"2025-07-09T07:06:50","slug":"binh-chan-khong-dung-ca-phe","status":"publish","type":"product","link":"https:\/\/www.dillerbottle.com\/vn\/products\/vacuum-bottles-for-coffee","title":{"rendered":"B\u00ecnh ch\u00e2n kh\u00f4ng \u0111\u1ef1ng c\u00e0 ph\u00ea"},"content":{"rendered":"<p>\u0110\u1eb7c tr\u01b0ng:<br \/>\n1. Gi\u1eef \u0111\u1ed3 u\u1ed1ng l\u1ea1nh nh\u01b0 b\u0103ng ho\u1eb7c n\u00f3ng h\u1ed5i. B\u00ecnh ch\u00e2n kh\u00f4ng n\u00e0y gi\u1eef ch\u1ea5t l\u1ecfng l\u1ea1nh 24 gi\u1edd, n\u00f3ng 12 gi\u1edd. L\u1edbp l\u00f3t b\u1eb1ng \u0111\u1ed3ng v\u00e0 l\u1edbp c\u00e1ch nhi\u1ec7t ch\u00e2n kh\u00f4ng hai l\u1edbp duy tr\u00ec nhi\u1ec7t \u0111\u1ed9. Ho\u00e0n h\u1ea3o cho c\u00e0 ph\u00ea, n\u01b0\u1edbc \u00e9p, sinh t\u1ed1 v\u00e0 nhi\u1ec1u lo\u1ea1i kh\u00e1c.<\/p>\n<p>2. B\u00ecnh \u0111\u1ef1ng n\u01b0\u1edbc ch\u00e2n kh\u00f4ng ch\u1ed1ng r\u00f2 r\u1ec9 b\u1eb1ng th\u00e9p kh\u00f4ng g\u1ec9 316 + 304 kh\u00f4ng ch\u1ee9a BPA 100%. Ch\u00fang t\u00f4i \u0111\u00e3 l\u00e0m cho b\u00ecnh \u0111\u1ef1ng n\u01b0\u1edbc c\u00e1ch nhi\u1ec7t n\u00e0y b\u1ec1n v\u00e0 kh\u00f4ng ch\u1ee9a \u0111\u1ed9c t\u1ed1 c\u00f3 h\u1ea1i. L\u1edbp ph\u1ee7 b\u1ed9t m\u1edd.<\/p>\n<p>3. N\u1eafp \u1ed1ng h\u00fat m\u1edbi c\u00f3 d\u00e2y \u0111eo gi\u00fap vi\u1ec7c u\u1ed1ng n\u01b0\u1edbc d\u1ec5 d\u00e0ng h\u01a1n v\u00e0 thu\u1eadn ti\u1ec7n h\u01a1n khi mang theo.<\/p>\n<div style=\"width: 640px;\" class=\"wp-video\"><video class=\"wp-video-shortcode\" id=\"video-10850-1\" width=\"640\" height=\"360\" preload=\"metadata\" controls=\"controls\"><source type=\"video\/mp4\" src=\"\/wp-content\/uploads\/2024\/09\/66f8f8ac7eb7d-video202211071205574475388.mp4?_=1\" \/><a href=\"\/wp-content\/uploads\/2024\/09\/66f8f8ac7eb7d-video202211071205574475388.mp4\">\/wp-content\/uploads\/2024\/09\/66f8f8ac7eb7d-video202211071205574475388.mp4<\/a><\/video><\/div>","protected":false},"excerpt":{"rendered":"<p>B\u1ea1n mu\u1ed1n t\u00f9y ch\u1ec9nh b\u00ecnh ch\u00e2n kh\u00f4ng v\u1edbi logo, m\u00e0u s\u1eafc, hoa v\u0103n ho\u1eb7c thi\u1ebft k\u1ebf c\u1ee7a ri\u00eang b\u1ea1n? Nh\u00f3m c\u1ee7a ch\u00fang t\u00f4i c\u00f3 th\u1ec3 l\u00e0m vi\u1ec7c v\u1edbi b\u1ea1n \u0111\u1ec3 t\u1ea1o ra m\u1ed9t thi\u1ebft k\u1ebf ho\u1eb7c hoa v\u0103n \u0111\u1ed9c \u0111\u00e1o ph\u1ea3n \u00e1nh ho\u00e0n h\u1ea3o th\u01b0\u01a1ng hi\u1ec7u c\u1ee7a b\u1ea1n.<br \/>\nB\u00ecnh ch\u00e2n kh\u00f4ng l\u00e0 m\u1ed9t c\u00e1ch tuy\u1ec7t v\u1eddi \u0111\u1ec3 gi\u1eef th\u1ef1c ph\u1ea9m ho\u1eb7c \u0111\u1ed3 u\u1ed1ng c\u1ee7a b\u1ea1n n\u00f3ng ho\u1eb7c l\u1ea1nh trong nhi\u1ec1u gi\u1edd.<br \/>\nS\u1ea3n ph\u1ea9m n\u00e0y ho\u1ea1t \u0111\u1ed9ng b\u1eb1ng c\u00e1ch s\u1eed d\u1ee5ng l\u1edbp ch\u00e2n kh\u00f4ng \u0111\u1ec3 gi\u1eef nhi\u1ec7t cho th\u1ef1c ph\u1ea9m ho\u1eb7c \u0111\u1ed3 u\u1ed1ng c\u1ee7a b\u1ea1n, r\u1ea5t l\u00fd t\u01b0\u1edfng \u0111\u1ec3 mang theo trong nh\u1eefng chuy\u1ebfn \u0111i d\u00e0i.<br \/>\nB\u00ecnh ch\u00e2n kh\u00f4ng c\u00f3 hai l\u1edbp th\u00e0nh v\u00e0 \u0111\u01b0\u1ee3c l\u00e0m t\u1eeb th\u00e9p kh\u00f4ng g\u1ec9 316 v\u00e0 304 c\u1ea5p th\u1ef1c ph\u1ea9m ch\u1ea5t l\u01b0\u1ee3ng cao, kh\u00f4ng b\u1ecb v\u1ee1.<\/p>","protected":false},"featured_media":10851,"comment_status":"open","ping_status":"closed","template":"","meta":{"_acf_changed":false},"product_brand":[],"product_cat":[18],"product_tag":[32,533,36,33,31,39,38,29,37,687,34,35,758,28,908,703,842,706,30],"class_list":{"0":"post-10850","1":"product","2":"type-product","3":"status-publish","4":"has-post-thumbnail","6":"product_cat-insulated-water-bottle","7":"product_tag-best","8":"product_tag-bpa-free-water-bottle","9":"product_tag-bulk","10":"product_tag-buy","11":"product_tag-custom","12":"product_tag-for-sale","13":"product_tag-good-quality","14":"product_tag-manufacturers","15":"product_tag-manufacturing","16":"product_tag-oem-stainless-steel-water-bottle-with-custom-logo","17":"product_tag-price","18":"product_tag-small","19":"product_tag-sports-bpa-free-water-bottles-with-handgrip","20":"product_tag-suppliers","21":"product_tag-vacuum-bottles-for-coffee","22":"product_tag-water-bottle-bamboo-lid","23":"product_tag-water-bottle-new-design","24":"product_tag-water-bottle-with-time-marker","25":"product_tag-wholesale","27":"first","28":"instock","29":"shipping-taxable","30":"product-type-simple"},"acf":[],"yoast_head":"<!-- This site is optimized with the Yoast SEO Premium plugin v27.5 (Yoast SEO v27.5) - https:\/\/yoast.com\/product\/yoast-seo-premium-wordpress\/ -->\n<title>Vacuum Bottles for Coffee - Diller Water Bottle Manufacturer<\/title>\n<meta name=\"description\" content=\"As one of the best vacuum bottles for coffee manufacturers and suppliers, we are engaged in manufacturing good quality water bottles. We warmly welcome you to wholesale or buy custom made vacuum bottles for coffee at competitive price from us. Also, small quantity orders are acceptable.\" \/>\n<meta name=\"robots\" content=\"index, follow, max-snippet:-1, max-image-preview:large, max-video-preview:-1\" \/>\n<link rel=\"canonical\" href=\"https:\/\/www.dillerbottle.com\/vn\/cac-san-pham\/binh-chan-khong-dung-ca-phe\" \/>\n<meta property=\"og:locale\" content=\"vi_VN\" \/>\n<meta property=\"og:type\" content=\"article\" \/>\n<meta property=\"og:title\" content=\"Vacuum Bottles for Coffee\" \/>\n<meta property=\"og:description\" content=\"As one of the best vacuum bottles for coffee manufacturers and suppliers, we are engaged in manufacturing good quality water bottles. We warmly welcome you to wholesale or buy custom made vacuum bottles for coffee at competitive price from us. Also, small quantity orders are acceptable.\" \/>\n<meta property=\"og:url\" content=\"https:\/\/www.dillerbottle.com\/vn\/cac-san-pham\/binh-chan-khong-dung-ca-phe\" \/>\n<meta property=\"og:site_name\" content=\"Diller Water Bottle Manufacturer\" \/>\n<meta property=\"article:modified_time\" content=\"2025-07-09T07:06:50+00:00\" \/>\n<meta property=\"og:image\" content=\"https:\/\/www.dillerbottle.com\/wp-content\/uploads\/2024\/09\/vacuum-bottles-for-coffee46434276741.jpg\" \/>\n\t<meta property=\"og:image:width\" content=\"730\" \/>\n\t<meta property=\"og:image:height\" content=\"730\" \/>\n\t<meta property=\"og:image:type\" content=\"image\/jpeg\" \/>\n<meta name=\"twitter:card\" content=\"summary_large_image\" \/>\n<meta name=\"twitter:label1\" content=\"\u01af\u1edbc t\u00ednh th\u1eddi gian \u0111\u1ecdc\" \/>\n\t<meta name=\"twitter:data1\" content=\"3 ph\u00fat\" \/>\n<script type=\"application\/ld+json\" class=\"yoast-schema-graph\">{\"@context\":\"https:\\\/\\\/schema.org\",\"@graph\":[{\"@type\":\"WebPage\",\"@id\":\"https:\\\/\\\/www.dillerbottle.com\\\/pt\\\/produtos\\\/garrafas-de-vacuo-para-cafe\",\"url\":\"https:\\\/\\\/www.dillerbottle.com\\\/pt\\\/produtos\\\/garrafas-de-vacuo-para-cafe\",\"name\":\"Vacuum Bottles for Coffee - Diller Water Bottle Manufacturer\",\"isPartOf\":{\"@id\":\"https:\\\/\\\/www.dillerbottle.com\\\/#website\"},\"primaryImageOfPage\":{\"@id\":\"https:\\\/\\\/www.dillerbottle.com\\\/pt\\\/produtos\\\/garrafas-de-vacuo-para-cafe#primaryimage\"},\"image\":{\"@id\":\"https:\\\/\\\/www.dillerbottle.com\\\/pt\\\/produtos\\\/garrafas-de-vacuo-para-cafe#primaryimage\"},\"thumbnailUrl\":\"https:\\\/\\\/www.dillerbottle.com\\\/wp-content\\\/uploads\\\/2024\\\/09\\\/vacuum-bottles-for-coffee46434276741.jpg\",\"datePublished\":\"2024-09-29T06:50:15+00:00\",\"dateModified\":\"2025-07-09T07:06:50+00:00\",\"description\":\"As one of the best vacuum bottles for coffee manufacturers and suppliers, we are engaged in manufacturing good quality water bottles. We warmly welcome you to wholesale or buy custom made vacuum bottles for coffee at competitive price from us. Also, small quantity orders are acceptable.\",\"breadcrumb\":{\"@id\":\"https:\\\/\\\/www.dillerbottle.com\\\/pt\\\/produtos\\\/garrafas-de-vacuo-para-cafe#breadcrumb\"},\"inLanguage\":\"vi\",\"potentialAction\":[{\"@type\":\"ReadAction\",\"target\":[\"https:\\\/\\\/www.dillerbottle.com\\\/pt\\\/produtos\\\/garrafas-de-vacuo-para-cafe\"]}]},{\"@type\":\"ImageObject\",\"inLanguage\":\"vi\",\"@id\":\"https:\\\/\\\/www.dillerbottle.com\\\/pt\\\/produtos\\\/garrafas-de-vacuo-para-cafe#primaryimage\",\"url\":\"https:\\\/\\\/www.dillerbottle.com\\\/wp-content\\\/uploads\\\/2024\\\/09\\\/vacuum-bottles-for-coffee46434276741.jpg\",\"contentUrl\":\"https:\\\/\\\/www.dillerbottle.com\\\/wp-content\\\/uploads\\\/2024\\\/09\\\/vacuum-bottles-for-coffee46434276741.jpg\",\"width\":730,\"height\":730},{\"@type\":\"BreadcrumbList\",\"@id\":\"https:\\\/\\\/www.dillerbottle.com\\\/pt\\\/produtos\\\/garrafas-de-vacuo-para-cafe#breadcrumb\",\"itemListElement\":[{\"@type\":\"ListItem\",\"position\":1,\"name\":\"Home\",\"item\":\"https:\\\/\\\/www.dillerbottle.com\\\/\"},{\"@type\":\"ListItem\",\"position\":2,\"name\":\"Products\",\"item\":\"https:\\\/\\\/www.dillerbottle.com\\\/shop\"},{\"@type\":\"ListItem\",\"position\":3,\"name\":\"Vacuum Bottles for Coffee\"}]},{\"@type\":\"WebSite\",\"@id\":\"https:\\\/\\\/www.dillerbottle.com\\\/#website\",\"url\":\"https:\\\/\\\/www.dillerbottle.com\\\/\",\"name\":\"Diller Water Bottle Manufacturer\",\"description\":\"Water Bottle Manufacturer\",\"publisher\":{\"@id\":\"https:\\\/\\\/www.dillerbottle.com\\\/#organization\"},\"potentialAction\":[{\"@type\":\"SearchAction\",\"target\":{\"@type\":\"EntryPoint\",\"urlTemplate\":\"https:\\\/\\\/www.dillerbottle.com\\\/?s={search_term_string}\"},\"query-input\":{\"@type\":\"PropertyValueSpecification\",\"valueRequired\":true,\"valueName\":\"search_term_string\"}}],\"inLanguage\":\"vi\"},{\"@type\":\"Organization\",\"@id\":\"https:\\\/\\\/www.dillerbottle.com\\\/#organization\",\"name\":\"Diller Water Bottle Manufacturer\",\"url\":\"https:\\\/\\\/www.dillerbottle.com\\\/\",\"logo\":{\"@type\":\"ImageObject\",\"inLanguage\":\"vi\",\"@id\":\"https:\\\/\\\/www.dillerbottle.com\\\/#\\\/schema\\\/logo\\\/image\\\/\",\"url\":\"https:\\\/\\\/www.dillerbottle.com\\\/wp-content\\\/uploads\\\/2024\\\/09\\\/49918bfa848dcc1e9f8b509933603ac.png\",\"contentUrl\":\"https:\\\/\\\/www.dillerbottle.com\\\/wp-content\\\/uploads\\\/2024\\\/09\\\/49918bfa848dcc1e9f8b509933603ac.png\",\"width\":988,\"height\":198,\"caption\":\"Diller Water Bottle Manufacturer\"},\"image\":{\"@id\":\"https:\\\/\\\/www.dillerbottle.com\\\/#\\\/schema\\\/logo\\\/image\\\/\"}}]}<\/script>\n<!-- \/ Yoast SEO Premium plugin. -->","yoast_head_json":{"title":"B\u00ecnh ch\u00e2n kh\u00f4ng \u0111\u1ef1ng c\u00e0 ph\u00ea - Nh\u00e0 s\u1ea3n xu\u1ea5t b\u00ecnh n\u01b0\u1edbc Diller","description":"L\u00e0 m\u1ed9t trong nh\u1eefng nh\u00e0 s\u1ea3n xu\u1ea5t v\u00e0 cung c\u1ea5p b\u00ecnh ch\u00e2n kh\u00f4ng t\u1ed1t nh\u1ea5t cho c\u00e0 ph\u00ea, ch\u00fang t\u00f4i tham gia s\u1ea3n xu\u1ea5t b\u00ecnh n\u01b0\u1edbc ch\u1ea5t l\u01b0\u1ee3ng t\u1ed1t. Ch\u00fang t\u00f4i n\u1ed3ng nhi\u1ec7t ch\u00e0o \u0111\u00f3n b\u1ea1n \u0111\u1ebfn b\u00e1n bu\u00f4n ho\u1eb7c mua b\u00ecnh ch\u00e2n kh\u00f4ng t\u00f9y ch\u1ec9nh cho c\u00e0 ph\u00ea v\u1edbi gi\u00e1 c\u1ea1nh tranh t\u1eeb ch\u00fang t\u00f4i. Ngo\u00e0i ra, ch\u00fang t\u00f4i ch\u1ea5p nh\u1eadn \u0111\u01a1n \u0111\u1eb7t h\u00e0ng s\u1ed1 l\u01b0\u1ee3ng nh\u1ecf.","robots":{"index":"index","follow":"follow","max-snippet":"max-snippet:-1","max-image-preview":"max-image-preview:large","max-video-preview":"max-video-preview:-1"},"canonical":"https:\/\/www.dillerbottle.com\/vn\/cac-san-pham\/binh-chan-khong-dung-ca-phe","og_locale":"vi_VN","og_type":"article","og_title":"Vacuum Bottles for Coffee","og_description":"As one of the best vacuum bottles for coffee manufacturers and suppliers, we are engaged in manufacturing good quality water bottles. We warmly welcome you to wholesale or buy custom made vacuum bottles for coffee at competitive price from us. Also, small quantity orders are acceptable.","og_url":"https:\/\/www.dillerbottle.com\/vn\/cac-san-pham\/binh-chan-khong-dung-ca-phe","og_site_name":"Diller Water Bottle Manufacturer","article_modified_time":"2025-07-09T07:06:50+00:00","og_image":[{"width":730,"height":730,"url":"https:\/\/www.dillerbottle.com\/wp-content\/uploads\/2024\/09\/vacuum-bottles-for-coffee46434276741.jpg","type":"image\/jpeg"}],"twitter_card":"summary_large_image","twitter_misc":{"\u01af\u1edbc t\u00ednh th\u1eddi gian \u0111\u1ecdc":"3 ph\u00fat"},"schema":{"@context":"https:\/\/schema.org","@graph":[{"@type":"WebPage","@id":"https:\/\/www.dillerbottle.com\/pt\/produtos\/garrafas-de-vacuo-para-cafe","url":"https:\/\/www.dillerbottle.com\/pt\/produtos\/garrafas-de-vacuo-para-cafe","name":"B\u00ecnh ch\u00e2n kh\u00f4ng \u0111\u1ef1ng c\u00e0 ph\u00ea - Nh\u00e0 s\u1ea3n xu\u1ea5t b\u00ecnh n\u01b0\u1edbc Diller","isPartOf":{"@id":"https:\/\/www.dillerbottle.com\/#website"},"primaryImageOfPage":{"@id":"https:\/\/www.dillerbottle.com\/pt\/produtos\/garrafas-de-vacuo-para-cafe#primaryimage"},"image":{"@id":"https:\/\/www.dillerbottle.com\/pt\/produtos\/garrafas-de-vacuo-para-cafe#primaryimage"},"thumbnailUrl":"https:\/\/www.dillerbottle.com\/wp-content\/uploads\/2024\/09\/vacuum-bottles-for-coffee46434276741.jpg","datePublished":"2024-09-29T06:50:15+00:00","dateModified":"2025-07-09T07:06:50+00:00","description":"L\u00e0 m\u1ed9t trong nh\u1eefng nh\u00e0 s\u1ea3n xu\u1ea5t v\u00e0 cung c\u1ea5p b\u00ecnh ch\u00e2n kh\u00f4ng t\u1ed1t nh\u1ea5t cho c\u00e0 ph\u00ea, ch\u00fang t\u00f4i tham gia s\u1ea3n xu\u1ea5t b\u00ecnh n\u01b0\u1edbc ch\u1ea5t l\u01b0\u1ee3ng t\u1ed1t. Ch\u00fang t\u00f4i n\u1ed3ng nhi\u1ec7t ch\u00e0o \u0111\u00f3n b\u1ea1n \u0111\u1ebfn b\u00e1n bu\u00f4n ho\u1eb7c mua b\u00ecnh ch\u00e2n kh\u00f4ng t\u00f9y ch\u1ec9nh cho c\u00e0 ph\u00ea v\u1edbi gi\u00e1 c\u1ea1nh tranh t\u1eeb ch\u00fang t\u00f4i. Ngo\u00e0i ra, ch\u00fang t\u00f4i ch\u1ea5p nh\u1eadn \u0111\u01a1n \u0111\u1eb7t h\u00e0ng s\u1ed1 l\u01b0\u1ee3ng nh\u1ecf.","breadcrumb":{"@id":"https:\/\/www.dillerbottle.com\/pt\/produtos\/garrafas-de-vacuo-para-cafe#breadcrumb"},"inLanguage":"vi","potentialAction":[{"@type":"ReadAction","target":["https:\/\/www.dillerbottle.com\/pt\/produtos\/garrafas-de-vacuo-para-cafe"]}]},{"@type":"ImageObject","inLanguage":"vi","@id":"https:\/\/www.dillerbottle.com\/pt\/produtos\/garrafas-de-vacuo-para-cafe#primaryimage","url":"https:\/\/www.dillerbottle.com\/wp-content\/uploads\/2024\/09\/vacuum-bottles-for-coffee46434276741.jpg","contentUrl":"https:\/\/www.dillerbottle.com\/wp-content\/uploads\/2024\/09\/vacuum-bottles-for-coffee46434276741.jpg","width":730,"height":730},{"@type":"BreadcrumbList","@id":"https:\/\/www.dillerbottle.com\/pt\/produtos\/garrafas-de-vacuo-para-cafe#breadcrumb","itemListElement":[{"@type":"ListItem","position":1,"name":"Home","item":"https:\/\/www.dillerbottle.com\/"},{"@type":"ListItem","position":2,"name":"Products","item":"https:\/\/www.dillerbottle.com\/shop"},{"@type":"ListItem","position":3,"name":"Vacuum Bottles for Coffee"}]},{"@type":"WebSite","@id":"https:\/\/www.dillerbottle.com\/#website","url":"https:\/\/www.dillerbottle.com\/","name":"Nh\u00e0 s\u1ea3n xu\u1ea5t b\u00ecnh n\u01b0\u1edbc Diller","description":"Nh\u00e0 s\u1ea3n xu\u1ea5t b\u00ecnh n\u01b0\u1edbc","publisher":{"@id":"https:\/\/www.dillerbottle.com\/#organization"},"potentialAction":[{"@type":"SearchAction","target":{"@type":"EntryPoint","urlTemplate":"https:\/\/www.dillerbottle.com\/?s={search_term_string}"},"query-input":{"@type":"PropertyValueSpecification","valueRequired":true,"valueName":"search_term_string"}}],"inLanguage":"vi"},{"@type":"Organization","@id":"https:\/\/www.dillerbottle.com\/#organization","name":"Nh\u00e0 s\u1ea3n xu\u1ea5t b\u00ecnh n\u01b0\u1edbc Diller","url":"https:\/\/www.dillerbottle.com\/","logo":{"@type":"ImageObject","inLanguage":"vi","@id":"https:\/\/www.dillerbottle.com\/#\/schema\/logo\/image\/","url":"https:\/\/www.dillerbottle.com\/wp-content\/uploads\/2024\/09\/49918bfa848dcc1e9f8b509933603ac.png","contentUrl":"https:\/\/www.dillerbottle.com\/wp-content\/uploads\/2024\/09\/49918bfa848dcc1e9f8b509933603ac.png","width":988,"height":198,"caption":"Diller Water Bottle Manufacturer"},"image":{"@id":"https:\/\/www.dillerbottle.com\/#\/schema\/logo\/image\/"}}]}},"_links":{"self":[{"href":"https:\/\/www.dillerbottle.com\/vn\/wp-json\/wp\/v2\/product\/10850","targetHints":{"allow":["GET"]}}],"collection":[{"href":"https:\/\/www.dillerbottle.com\/vn\/wp-json\/wp\/v2\/product"}],"about":[{"href":"https:\/\/www.dillerbottle.com\/vn\/wp-json\/wp\/v2\/types\/product"}],"replies":[{"embeddable":true,"href":"https:\/\/www.dillerbottle.com\/vn\/wp-json\/wp\/v2\/comments?post=10850"}],"wp:featuredmedia":[{"embeddable":true,"href":"https:\/\/www.dillerbottle.com\/vn\/wp-json\/wp\/v2\/media\/10851"}],"wp:attachment":[{"href":"https:\/\/www.dillerbottle.com\/vn\/wp-json\/wp\/v2\/media?parent=10850"}],"wp:term":[{"taxonomy":"product_brand","embeddable":true,"href":"https:\/\/www.dillerbottle.com\/vn\/wp-json\/wp\/v2\/product_brand?post=10850"},{"taxonomy":"product_cat","embeddable":true,"href":"https:\/\/www.dillerbottle.com\/vn\/wp-json\/wp\/v2\/product_cat?post=10850"},{"taxonomy":"product_tag","embeddable":true,"href":"https:\/\/www.dillerbottle.com\/vn\/wp-json\/wp\/v2\/product_tag?post=10850"}],"curies":[{"name":"wp","href":"https:\/\/api.w.org\/{rel}","templated":true}]}}