{"id":10909,"date":"2024-09-29T14:50:54","date_gmt":"2024-09-29T06:50:54","guid":{"rendered":"https:\/\/demo.dillerbottle.com\/products\/small-thermos-bottle"},"modified":"2025-07-09T15:02:54","modified_gmt":"2025-07-09T07:02:54","slug":"binh-giu-nhiet-nho","status":"publish","type":"product","link":"https:\/\/www.dillerbottle.com\/vn\/products\/small-thermos-bottle","title":{"rendered":"B\u00ecnh gi\u1eef nhi\u1ec7t nh\u1ecf"},"content":{"rendered":"<p>B\u00ecnh gi\u1eef nhi\u1ec7t nh\u1ecf \u0111\u01b0\u1ee3c l\u00e0m b\u1eb1ng th\u00e9p kh\u00f4ng g\u1ec9 c\u1ea5p th\u1ef1c ph\u1ea9m 304 (18\/8), c\u00e1ch nhi\u1ec7t ch\u00e2n kh\u00f4ng hai l\u1edbp c\u00f3 th\u1ec3 gi\u1eef \u0111\u1ed3 u\u1ed1ng l\u1ea1nh nh\u01b0 \u0111\u00e1 trong 24 gi\u1edd ho\u1eb7c n\u00f3ng trong 12 gi\u1edd, k\u00edch th\u01b0\u1edbc nh\u1ecf g\u1ecdn d\u1ec5 th\u01b0\u01a1ng r\u1ea5t ph\u00f9 h\u1ee3p cho ng\u01b0\u1eddi l\u1edbn khi di chuy\u1ec3n trong khi \u0111\u1ee7 nh\u1ecf cho tr\u1ebb m\u1edbi bi\u1ebft \u0111i v\u00e0 tr\u1ebb em. B\u00ecnh gi\u1eef nhi\u1ec7t m\u1ecfng nh\u1ecf g\u1ecdn n\u00e0y c\u00f3 k\u00edch th\u01b0\u1edbc l\u00fd t\u01b0\u1edfng cho b\u00e0n tay nh\u1ecf c\u1ee7a tr\u1ebb.;<br \/>\nT\u00ednh n\u0103ng: 1.; C\u00e1ch nhi\u1ec7t ch\u00e2n kh\u00f4ng. B\u00ecnh gi\u1eef nhi\u1ec7t nh\u1ecf \u0111\u01b0\u1ee3c \u0111\u00e1nh gi\u00e1 cao n\u00e0y gi\u1eef \u0111\u1ed3 u\u1ed1ng l\u1ea1nh ho\u1eb7c n\u00f3ng trong 8~12 gi\u1edd.;<br \/>\n2. Chai gi\u1eef nhi\u1ec7t nh\u1ecf n\u00e0y \u0111\u01b0\u1ee3c l\u00e0m t\u1eeb th\u00e9p kh\u00f4ng g\u1ec9 c\u1ea5p th\u1ef1c ph\u1ea9m 18\/8, kh\u00f4ng b\u1ecb v\u1ee1, g\u1ec9 s\u00e9t, gi\u1eef l\u1ea1i ho\u1eb7c truy\u1ec1n m\u00f9i v\u1ecb. Kh\u00e1c v\u1edbi c\u00e1c chai gi\u1eef nhi\u1ec7t th\u00e9p kh\u00f4ng g\u1ec9 kh\u00e1c, chai n\u01b0\u1edbc c\u1ee7a ch\u00fang t\u00f4i mang l\u1ea1i h\u01b0\u01a1ng v\u1ecb s\u1ea1ch, kh\u00f4ng c\u00f3 v\u1ecb kim lo\u1ea1i.<br \/>\n3.; Di \u0111\u1ed9ng. \u0110\u00f3ng g\u00f3i b\u00ecnh gi\u1eef nhi\u1ec7t nh\u1ecf ch\u1ed1ng r\u00f2 r\u1ec9 v\u00e0 ch\u1ed1ng m\u1ed3 h\u00f4i n\u00e0y trong h\u1ed9p \u0111\u1ef1ng th\u1ee9c \u0103n tr\u01b0a, v\u00ed ho\u1eb7c ba l\u00f4 m\u00e0 kh\u00f4ng lo b\u1ecb \u0111\u1ed5. Th\u01b0\u1edfng th\u1ee9c \u0111\u1ed3 u\u1ed1ng n\u00f3ng v\u00e0o m\u00f9a \u0111\u00f4ng ho\u1eb7c \u0111\u1ed3 u\u1ed1ng l\u1ea1nh v\u00e0o m\u00f9a h\u00e8 v\u1edbi b\u00ecnh gi\u1eef nhi\u1ec7t nh\u1ecf n\u00e0y. B\u00ecnh gi\u1eef nhi\u1ec7t nh\u1ecf xinh n\u00e0y c\u00f3 th\u1ec3 \u0111\u01b0\u1ee3c s\u1eed d\u1ee5ng l\u00e0m b\u00ecnh gi\u1eef nhi\u1ec7t cho tr\u1ebb em \u0111\u1ec3 tr\u1ebb em mang n\u01b0\u1edbc, n\u01b0\u1edbc tr\u00e1i c\u00e2y ho\u1eb7c s\u1eefa \u0111\u1ebfn tr\u01b0\u1eddng. B\u00ecnh gi\u1eef nhi\u1ec7t nh\u1ecf n\u00e0y c\u0169ng c\u00f3 th\u1ec3 \u0111\u01b0\u1ee3c ng\u01b0\u1eddi l\u1edbn s\u1eed d\u1ee5ng l\u00e0m b\u00ecnh gi\u1eef nhi\u1ec7t c\u00e0 ph\u00ea khi \u0111i l\u00e0m.<br \/>\n4.;D\u1ec5 d\u00e0ng s\u1eed d\u1ee5ng. Chai gi\u1eef nhi\u1ec7t nh\u1ecf g\u1ecdn n\u00e0y c\u00f3 th\u1ec3 \u0111\u01b0\u1ee3c \u0111\u1eb7t v\u00e0o t\u00fai x\u00e1ch c\u1ee7a ph\u1ee5 n\u1eef v\u00e0 balo h\u1ecdc sinh \u0111\u1ec3 ti\u1ebft ki\u1ec7m kh\u00f4ng gian. Dung t\u00edch 150ml, tr\u1ecdng l\u01b0\u1ee3ng 126g, chai kh\u00f4ng n\u1eb7ng khi \u0111\u01b0\u1ee3c \u0111\u1ed5 \u0111\u1ea7y n\u01b0\u1edbc.<\/p>","protected":false},"excerpt":{"rendered":"<p>B\u00ecnh gi\u1eef nhi\u1ec7t nh\u1ecf \u0111\u01b0\u1ee3c l\u00e0m b\u1eb1ng th\u00e9p kh\u00f4ng g\u1ec9 c\u1ea5p th\u1ef1c ph\u1ea9m 304 (18\/8), c\u00e1ch nhi\u1ec7t ch\u00e2n kh\u00f4ng hai l\u1edbp c\u00f3 th\u1ec3 gi\u1eef \u0111\u1ed3 u\u1ed1ng l\u1ea1nh nh\u01b0 \u0111\u00e1 trong 24 gi\u1edd ho\u1eb7c n\u00f3ng trong 12 gi\u1edd, k\u00edch th\u01b0\u1edbc nh\u1ecf g\u1ecdn d\u1ec5 th\u01b0\u01a1ng, th\u00edch h\u1ee3p cho ng\u01b0\u1eddi l\u1edbn khi di chuy\u1ec3n trong khi \u0111\u1ee7 nh\u1ecf cho tr\u1ebb m\u1edbi bi\u1ebft \u0111i v\u00e0 tr\u1ebb em.<br \/>\nChi\u1ebfc b\u00ecnh gi\u1eef nhi\u1ec7t m\u1ecfng nh\u1ecf g\u1ecdn n\u00e0y\u2026<\/p>","protected":false},"featured_media":10910,"comment_status":"open","ping_status":"closed","template":"","meta":{"_acf_changed":false},"product_brand":[],"product_cat":[18],"product_tag":[32,36,33,31,39,38,719,29,37,709,687,34,914,35,913,539,28,544,30],"class_list":{"0":"post-10909","1":"product","2":"type-product","3":"status-publish","4":"has-post-thumbnail","6":"product_cat-insulated-water-bottle","7":"product_tag-best","8":"product_tag-bulk","9":"product_tag-buy","10":"product_tag-custom","11":"product_tag-for-sale","12":"product_tag-good-quality","13":"product_tag-gym-sports-insulated-stainless-steel-water-bottle","14":"product_tag-manufacturers","15":"product_tag-manufacturing","16":"product_tag-metal-water-bottle","17":"product_tag-oem-stainless-steel-water-bottle-with-custom-logo","18":"product_tag-price","19":"product_tag-reusable-water-bottles-with-straw","20":"product_tag-small","21":"product_tag-small-thermos-bottle","22":"product_tag-stainless-steel-water-bottle","23":"product_tag-suppliers","24":"product_tag-water-bottle-handle-lifter","25":"product_tag-wholesale","27":"first","28":"instock","29":"shipping-taxable","30":"product-type-simple"},"acf":[],"yoast_head":"<!-- This site is optimized with the Yoast SEO Premium plugin v27.5 (Yoast SEO v27.5) - https:\/\/yoast.com\/product\/yoast-seo-premium-wordpress\/ -->\n<title>Small Thermos Bottle - Diller Water Bottle Manufacturer<\/title>\n<meta name=\"description\" content=\"As one of the best small thermos bottle manufacturers and suppliers, we are engaged in manufacturing good quality water bottles. We warmly welcome you to wholesale or buy custom made small thermos bottle at competitive price from us. Also, small quantity orders are acceptable.\" \/>\n<meta name=\"robots\" content=\"index, follow, max-snippet:-1, max-image-preview:large, max-video-preview:-1\" \/>\n<link rel=\"canonical\" href=\"https:\/\/www.dillerbottle.com\/vn\/cac-san-pham\/binh-giu-nhiet-nho\" \/>\n<meta property=\"og:locale\" content=\"vi_VN\" \/>\n<meta property=\"og:type\" content=\"article\" \/>\n<meta property=\"og:title\" content=\"Small Thermos Bottle\" \/>\n<meta property=\"og:description\" content=\"As one of the best small thermos bottle manufacturers and suppliers, we are engaged in manufacturing good quality water bottles. We warmly welcome you to wholesale or buy custom made small thermos bottle at competitive price from us. Also, small quantity orders are acceptable.\" \/>\n<meta property=\"og:url\" content=\"https:\/\/www.dillerbottle.com\/vn\/cac-san-pham\/binh-giu-nhiet-nho\" \/>\n<meta property=\"og:site_name\" content=\"Diller Water Bottle Manufacturer\" \/>\n<meta property=\"article:modified_time\" content=\"2025-07-09T07:02:54+00:00\" \/>\n<meta property=\"og:image\" content=\"https:\/\/www.dillerbottle.com\/wp-content\/uploads\/2024\/09\/small-thermos-bottle01249336750.jpg\" \/>\n\t<meta property=\"og:image:width\" content=\"730\" \/>\n\t<meta property=\"og:image:height\" content=\"730\" \/>\n\t<meta property=\"og:image:type\" content=\"image\/jpeg\" \/>\n<meta name=\"twitter:card\" content=\"summary_large_image\" \/>\n<meta name=\"twitter:label1\" content=\"\u01af\u1edbc t\u00ednh th\u1eddi gian \u0111\u1ecdc\" \/>\n\t<meta name=\"twitter:data1\" content=\"2 ph\u00fat\" \/>\n<script type=\"application\/ld+json\" class=\"yoast-schema-graph\">{\"@context\":\"https:\\\/\\\/schema.org\",\"@graph\":[{\"@type\":\"WebPage\",\"@id\":\"https:\\\/\\\/www.dillerbottle.com\\\/ar\\\/%d9%85%d9%86%d8%aa%d8%ac%d8%a7%d8%aa\\\/%d8%b2%d8%ac%d8%a7%d8%ac%d8%a9-%d8%aa%d8%b1%d9%85%d8%b3-%d8%b5%d8%ba%d9%8a%d8%b1%d8%a9\",\"url\":\"https:\\\/\\\/www.dillerbottle.com\\\/ar\\\/%d9%85%d9%86%d8%aa%d8%ac%d8%a7%d8%aa\\\/%d8%b2%d8%ac%d8%a7%d8%ac%d8%a9-%d8%aa%d8%b1%d9%85%d8%b3-%d8%b5%d8%ba%d9%8a%d8%b1%d8%a9\",\"name\":\"Small Thermos Bottle - Diller Water Bottle Manufacturer\",\"isPartOf\":{\"@id\":\"https:\\\/\\\/www.dillerbottle.com\\\/#website\"},\"primaryImageOfPage\":{\"@id\":\"https:\\\/\\\/www.dillerbottle.com\\\/ar\\\/%d9%85%d9%86%d8%aa%d8%ac%d8%a7%d8%aa\\\/%d8%b2%d8%ac%d8%a7%d8%ac%d8%a9-%d8%aa%d8%b1%d9%85%d8%b3-%d8%b5%d8%ba%d9%8a%d8%b1%d8%a9#primaryimage\"},\"image\":{\"@id\":\"https:\\\/\\\/www.dillerbottle.com\\\/ar\\\/%d9%85%d9%86%d8%aa%d8%ac%d8%a7%d8%aa\\\/%d8%b2%d8%ac%d8%a7%d8%ac%d8%a9-%d8%aa%d8%b1%d9%85%d8%b3-%d8%b5%d8%ba%d9%8a%d8%b1%d8%a9#primaryimage\"},\"thumbnailUrl\":\"https:\\\/\\\/www.dillerbottle.com\\\/wp-content\\\/uploads\\\/2024\\\/09\\\/small-thermos-bottle01249336750.jpg\",\"datePublished\":\"2024-09-29T06:50:54+00:00\",\"dateModified\":\"2025-07-09T07:02:54+00:00\",\"description\":\"As one of the best small thermos bottle manufacturers and suppliers, we are engaged in manufacturing good quality water bottles. We warmly welcome you to wholesale or buy custom made small thermos bottle at competitive price from us. Also, small quantity orders are acceptable.\",\"breadcrumb\":{\"@id\":\"https:\\\/\\\/www.dillerbottle.com\\\/ar\\\/%d9%85%d9%86%d8%aa%d8%ac%d8%a7%d8%aa\\\/%d8%b2%d8%ac%d8%a7%d8%ac%d8%a9-%d8%aa%d8%b1%d9%85%d8%b3-%d8%b5%d8%ba%d9%8a%d8%b1%d8%a9#breadcrumb\"},\"inLanguage\":\"vi\",\"potentialAction\":[{\"@type\":\"ReadAction\",\"target\":[\"https:\\\/\\\/www.dillerbottle.com\\\/ar\\\/%d9%85%d9%86%d8%aa%d8%ac%d8%a7%d8%aa\\\/%d8%b2%d8%ac%d8%a7%d8%ac%d8%a9-%d8%aa%d8%b1%d9%85%d8%b3-%d8%b5%d8%ba%d9%8a%d8%b1%d8%a9\"]}]},{\"@type\":\"ImageObject\",\"inLanguage\":\"vi\",\"@id\":\"https:\\\/\\\/www.dillerbottle.com\\\/ar\\\/%d9%85%d9%86%d8%aa%d8%ac%d8%a7%d8%aa\\\/%d8%b2%d8%ac%d8%a7%d8%ac%d8%a9-%d8%aa%d8%b1%d9%85%d8%b3-%d8%b5%d8%ba%d9%8a%d8%b1%d8%a9#primaryimage\",\"url\":\"https:\\\/\\\/www.dillerbottle.com\\\/wp-content\\\/uploads\\\/2024\\\/09\\\/small-thermos-bottle01249336750.jpg\",\"contentUrl\":\"https:\\\/\\\/www.dillerbottle.com\\\/wp-content\\\/uploads\\\/2024\\\/09\\\/small-thermos-bottle01249336750.jpg\",\"width\":730,\"height\":730},{\"@type\":\"BreadcrumbList\",\"@id\":\"https:\\\/\\\/www.dillerbottle.com\\\/ar\\\/%d9%85%d9%86%d8%aa%d8%ac%d8%a7%d8%aa\\\/%d8%b2%d8%ac%d8%a7%d8%ac%d8%a9-%d8%aa%d8%b1%d9%85%d8%b3-%d8%b5%d8%ba%d9%8a%d8%b1%d8%a9#breadcrumb\",\"itemListElement\":[{\"@type\":\"ListItem\",\"position\":1,\"name\":\"Home\",\"item\":\"https:\\\/\\\/www.dillerbottle.com\\\/\"},{\"@type\":\"ListItem\",\"position\":2,\"name\":\"Products\",\"item\":\"https:\\\/\\\/www.dillerbottle.com\\\/shop\"},{\"@type\":\"ListItem\",\"position\":3,\"name\":\"Small Thermos Bottle\"}]},{\"@type\":\"WebSite\",\"@id\":\"https:\\\/\\\/www.dillerbottle.com\\\/#website\",\"url\":\"https:\\\/\\\/www.dillerbottle.com\\\/\",\"name\":\"Diller Water Bottle Manufacturer\",\"description\":\"Water Bottle Manufacturer\",\"publisher\":{\"@id\":\"https:\\\/\\\/www.dillerbottle.com\\\/#organization\"},\"potentialAction\":[{\"@type\":\"SearchAction\",\"target\":{\"@type\":\"EntryPoint\",\"urlTemplate\":\"https:\\\/\\\/www.dillerbottle.com\\\/?s={search_term_string}\"},\"query-input\":{\"@type\":\"PropertyValueSpecification\",\"valueRequired\":true,\"valueName\":\"search_term_string\"}}],\"inLanguage\":\"vi\"},{\"@type\":\"Organization\",\"@id\":\"https:\\\/\\\/www.dillerbottle.com\\\/#organization\",\"name\":\"Diller Water Bottle Manufacturer\",\"url\":\"https:\\\/\\\/www.dillerbottle.com\\\/\",\"logo\":{\"@type\":\"ImageObject\",\"inLanguage\":\"vi\",\"@id\":\"https:\\\/\\\/www.dillerbottle.com\\\/#\\\/schema\\\/logo\\\/image\\\/\",\"url\":\"https:\\\/\\\/www.dillerbottle.com\\\/wp-content\\\/uploads\\\/2024\\\/09\\\/49918bfa848dcc1e9f8b509933603ac.png\",\"contentUrl\":\"https:\\\/\\\/www.dillerbottle.com\\\/wp-content\\\/uploads\\\/2024\\\/09\\\/49918bfa848dcc1e9f8b509933603ac.png\",\"width\":988,\"height\":198,\"caption\":\"Diller Water Bottle Manufacturer\"},\"image\":{\"@id\":\"https:\\\/\\\/www.dillerbottle.com\\\/#\\\/schema\\\/logo\\\/image\\\/\"}}]}<\/script>\n<!-- \/ Yoast SEO Premium plugin. -->","yoast_head_json":{"title":"B\u00ecnh gi\u1eef nhi\u1ec7t nh\u1ecf - Nh\u00e0 s\u1ea3n xu\u1ea5t b\u00ecnh n\u01b0\u1edbc Diller","description":"L\u00e0 m\u1ed9t trong nh\u1eefng nh\u00e0 s\u1ea3n xu\u1ea5t v\u00e0 cung c\u1ea5p b\u00ecnh gi\u1eef nhi\u1ec7t nh\u1ecf t\u1ed1t nh\u1ea5t, ch\u00fang t\u00f4i tham gia s\u1ea3n xu\u1ea5t b\u00ecnh n\u01b0\u1edbc ch\u1ea5t l\u01b0\u1ee3ng t\u1ed1t. Ch\u00fang t\u00f4i n\u1ed3ng nhi\u1ec7t ch\u00e0o \u0111\u00f3n b\u1ea1n \u0111\u1ebfn b\u00e1n bu\u00f4n ho\u1eb7c mua b\u00ecnh gi\u1eef nhi\u1ec7t nh\u1ecf t\u00f9y ch\u1ec9nh v\u1edbi gi\u00e1 c\u1ea1nh tranh t\u1eeb ch\u00fang t\u00f4i. Ngo\u00e0i ra, ch\u00fang t\u00f4i c\u0169ng ch\u1ea5p nh\u1eadn \u0111\u01a1n \u0111\u1eb7t h\u00e0ng s\u1ed1 l\u01b0\u1ee3ng nh\u1ecf.","robots":{"index":"index","follow":"follow","max-snippet":"max-snippet:-1","max-image-preview":"max-image-preview:large","max-video-preview":"max-video-preview:-1"},"canonical":"https:\/\/www.dillerbottle.com\/vn\/cac-san-pham\/binh-giu-nhiet-nho","og_locale":"vi_VN","og_type":"article","og_title":"Small Thermos Bottle","og_description":"As one of the best small thermos bottle manufacturers and suppliers, we are engaged in manufacturing good quality water bottles. We warmly welcome you to wholesale or buy custom made small thermos bottle at competitive price from us. Also, small quantity orders are acceptable.","og_url":"https:\/\/www.dillerbottle.com\/vn\/cac-san-pham\/binh-giu-nhiet-nho","og_site_name":"Diller Water Bottle Manufacturer","article_modified_time":"2025-07-09T07:02:54+00:00","og_image":[{"width":730,"height":730,"url":"https:\/\/www.dillerbottle.com\/wp-content\/uploads\/2024\/09\/small-thermos-bottle01249336750.jpg","type":"image\/jpeg"}],"twitter_card":"summary_large_image","twitter_misc":{"\u01af\u1edbc t\u00ednh th\u1eddi gian \u0111\u1ecdc":"2 ph\u00fat"},"schema":{"@context":"https:\/\/schema.org","@graph":[{"@type":"WebPage","@id":"https:\/\/www.dillerbottle.com\/ar\/%d9%85%d9%86%d8%aa%d8%ac%d8%a7%d8%aa\/%d8%b2%d8%ac%d8%a7%d8%ac%d8%a9-%d8%aa%d8%b1%d9%85%d8%b3-%d8%b5%d8%ba%d9%8a%d8%b1%d8%a9","url":"https:\/\/www.dillerbottle.com\/ar\/%d9%85%d9%86%d8%aa%d8%ac%d8%a7%d8%aa\/%d8%b2%d8%ac%d8%a7%d8%ac%d8%a9-%d8%aa%d8%b1%d9%85%d8%b3-%d8%b5%d8%ba%d9%8a%d8%b1%d8%a9","name":"B\u00ecnh gi\u1eef nhi\u1ec7t nh\u1ecf - Nh\u00e0 s\u1ea3n xu\u1ea5t b\u00ecnh n\u01b0\u1edbc Diller","isPartOf":{"@id":"https:\/\/www.dillerbottle.com\/#website"},"primaryImageOfPage":{"@id":"https:\/\/www.dillerbottle.com\/ar\/%d9%85%d9%86%d8%aa%d8%ac%d8%a7%d8%aa\/%d8%b2%d8%ac%d8%a7%d8%ac%d8%a9-%d8%aa%d8%b1%d9%85%d8%b3-%d8%b5%d8%ba%d9%8a%d8%b1%d8%a9#primaryimage"},"image":{"@id":"https:\/\/www.dillerbottle.com\/ar\/%d9%85%d9%86%d8%aa%d8%ac%d8%a7%d8%aa\/%d8%b2%d8%ac%d8%a7%d8%ac%d8%a9-%d8%aa%d8%b1%d9%85%d8%b3-%d8%b5%d8%ba%d9%8a%d8%b1%d8%a9#primaryimage"},"thumbnailUrl":"https:\/\/www.dillerbottle.com\/wp-content\/uploads\/2024\/09\/small-thermos-bottle01249336750.jpg","datePublished":"2024-09-29T06:50:54+00:00","dateModified":"2025-07-09T07:02:54+00:00","description":"L\u00e0 m\u1ed9t trong nh\u1eefng nh\u00e0 s\u1ea3n xu\u1ea5t v\u00e0 cung c\u1ea5p b\u00ecnh gi\u1eef nhi\u1ec7t nh\u1ecf t\u1ed1t nh\u1ea5t, ch\u00fang t\u00f4i tham gia s\u1ea3n xu\u1ea5t b\u00ecnh n\u01b0\u1edbc ch\u1ea5t l\u01b0\u1ee3ng t\u1ed1t. Ch\u00fang t\u00f4i n\u1ed3ng nhi\u1ec7t ch\u00e0o \u0111\u00f3n b\u1ea1n \u0111\u1ebfn b\u00e1n bu\u00f4n ho\u1eb7c mua b\u00ecnh gi\u1eef nhi\u1ec7t nh\u1ecf t\u00f9y ch\u1ec9nh v\u1edbi gi\u00e1 c\u1ea1nh tranh t\u1eeb ch\u00fang t\u00f4i. Ngo\u00e0i ra, ch\u00fang t\u00f4i c\u0169ng ch\u1ea5p nh\u1eadn \u0111\u01a1n \u0111\u1eb7t h\u00e0ng s\u1ed1 l\u01b0\u1ee3ng nh\u1ecf.","breadcrumb":{"@id":"https:\/\/www.dillerbottle.com\/ar\/%d9%85%d9%86%d8%aa%d8%ac%d8%a7%d8%aa\/%d8%b2%d8%ac%d8%a7%d8%ac%d8%a9-%d8%aa%d8%b1%d9%85%d8%b3-%d8%b5%d8%ba%d9%8a%d8%b1%d8%a9#breadcrumb"},"inLanguage":"vi","potentialAction":[{"@type":"ReadAction","target":["https:\/\/www.dillerbottle.com\/ar\/%d9%85%d9%86%d8%aa%d8%ac%d8%a7%d8%aa\/%d8%b2%d8%ac%d8%a7%d8%ac%d8%a9-%d8%aa%d8%b1%d9%85%d8%b3-%d8%b5%d8%ba%d9%8a%d8%b1%d8%a9"]}]},{"@type":"ImageObject","inLanguage":"vi","@id":"https:\/\/www.dillerbottle.com\/ar\/%d9%85%d9%86%d8%aa%d8%ac%d8%a7%d8%aa\/%d8%b2%d8%ac%d8%a7%d8%ac%d8%a9-%d8%aa%d8%b1%d9%85%d8%b3-%d8%b5%d8%ba%d9%8a%d8%b1%d8%a9#primaryimage","url":"https:\/\/www.dillerbottle.com\/wp-content\/uploads\/2024\/09\/small-thermos-bottle01249336750.jpg","contentUrl":"https:\/\/www.dillerbottle.com\/wp-content\/uploads\/2024\/09\/small-thermos-bottle01249336750.jpg","width":730,"height":730},{"@type":"BreadcrumbList","@id":"https:\/\/www.dillerbottle.com\/ar\/%d9%85%d9%86%d8%aa%d8%ac%d8%a7%d8%aa\/%d8%b2%d8%ac%d8%a7%d8%ac%d8%a9-%d8%aa%d8%b1%d9%85%d8%b3-%d8%b5%d8%ba%d9%8a%d8%b1%d8%a9#breadcrumb","itemListElement":[{"@type":"ListItem","position":1,"name":"Home","item":"https:\/\/www.dillerbottle.com\/"},{"@type":"ListItem","position":2,"name":"Products","item":"https:\/\/www.dillerbottle.com\/shop"},{"@type":"ListItem","position":3,"name":"Small Thermos Bottle"}]},{"@type":"WebSite","@id":"https:\/\/www.dillerbottle.com\/#website","url":"https:\/\/www.dillerbottle.com\/","name":"Nh\u00e0 s\u1ea3n xu\u1ea5t b\u00ecnh n\u01b0\u1edbc Diller","description":"Nh\u00e0 s\u1ea3n xu\u1ea5t b\u00ecnh n\u01b0\u1edbc","publisher":{"@id":"https:\/\/www.dillerbottle.com\/#organization"},"potentialAction":[{"@type":"SearchAction","target":{"@type":"EntryPoint","urlTemplate":"https:\/\/www.dillerbottle.com\/?s={search_term_string}"},"query-input":{"@type":"PropertyValueSpecification","valueRequired":true,"valueName":"search_term_string"}}],"inLanguage":"vi"},{"@type":"Organization","@id":"https:\/\/www.dillerbottle.com\/#organization","name":"Nh\u00e0 s\u1ea3n xu\u1ea5t b\u00ecnh n\u01b0\u1edbc Diller","url":"https:\/\/www.dillerbottle.com\/","logo":{"@type":"ImageObject","inLanguage":"vi","@id":"https:\/\/www.dillerbottle.com\/#\/schema\/logo\/image\/","url":"https:\/\/www.dillerbottle.com\/wp-content\/uploads\/2024\/09\/49918bfa848dcc1e9f8b509933603ac.png","contentUrl":"https:\/\/www.dillerbottle.com\/wp-content\/uploads\/2024\/09\/49918bfa848dcc1e9f8b509933603ac.png","width":988,"height":198,"caption":"Diller Water Bottle Manufacturer"},"image":{"@id":"https:\/\/www.dillerbottle.com\/#\/schema\/logo\/image\/"}}]}},"_links":{"self":[{"href":"https:\/\/www.dillerbottle.com\/vn\/wp-json\/wp\/v2\/product\/10909","targetHints":{"allow":["GET"]}}],"collection":[{"href":"https:\/\/www.dillerbottle.com\/vn\/wp-json\/wp\/v2\/product"}],"about":[{"href":"https:\/\/www.dillerbottle.com\/vn\/wp-json\/wp\/v2\/types\/product"}],"replies":[{"embeddable":true,"href":"https:\/\/www.dillerbottle.com\/vn\/wp-json\/wp\/v2\/comments?post=10909"}],"wp:featuredmedia":[{"embeddable":true,"href":"https:\/\/www.dillerbottle.com\/vn\/wp-json\/wp\/v2\/media\/10910"}],"wp:attachment":[{"href":"https:\/\/www.dillerbottle.com\/vn\/wp-json\/wp\/v2\/media?parent=10909"}],"wp:term":[{"taxonomy":"product_brand","embeddable":true,"href":"https:\/\/www.dillerbottle.com\/vn\/wp-json\/wp\/v2\/product_brand?post=10909"},{"taxonomy":"product_cat","embeddable":true,"href":"https:\/\/www.dillerbottle.com\/vn\/wp-json\/wp\/v2\/product_cat?post=10909"},{"taxonomy":"product_tag","embeddable":true,"href":"https:\/\/www.dillerbottle.com\/vn\/wp-json\/wp\/v2\/product_tag?post=10909"}],"curies":[{"name":"wp","href":"https:\/\/api.w.org\/{rel}","templated":true}]}}