{"id":10932,"date":"2024-09-29T14:51:11","date_gmt":"2024-09-29T06:51:11","guid":{"rendered":"https:\/\/demo.dillerbottle.com\/products\/500ml-vacuum-insulated-bottle"},"modified":"2025-07-09T15:02:29","modified_gmt":"2025-07-09T07:02:29","slug":"chai-cach-nhiet-chan-khong-500ml","status":"publish","type":"product","link":"https:\/\/www.dillerbottle.com\/vn\/products\/500ml-vacuum-insulated-bottle","title":{"rendered":"Chai c\u00e1ch nhi\u1ec7t ch\u00e2n kh\u00f4ng 500ml"},"content":{"rendered":"<p>B\u00ecnh c\u00e1ch nhi\u1ec7t ch\u00e2n kh\u00f4ng 500ml \u0111\u01b0\u1ee3c l\u00e0m b\u1eb1ng th\u00e9p kh\u00f4ng g\u1ec9 18\/8 hai l\u1edbp cao c\u1ea5p, b\u00ecnh n\u01b0\u1edbc hai l\u1edbp c\u00f3 l\u1edbp c\u00e1ch nhi\u1ec7t ch\u00e2n kh\u00f4ng \u0111\u1ec3 ng\u0103n ng\u1eeba s\u1ef1 ng\u01b0ng t\u1ee5. C\u00f3 th\u1ec3 gi\u1eef n\u01b0\u1edbc n\u00f3ng ho\u1eb7c l\u1ea1nh l\u00ean \u0111\u1ebfn 12~24 gi\u1edd.; B\u00ecnh c\u00e1ch nhi\u1ec7t ch\u00e2n kh\u00f4ng 500ml n\u00e0y th\u00e2n thi\u1ec7n v\u1edbi m\u00f4i tr\u01b0\u1eddng v\u00e0 ho\u00e0n to\u00e0n an to\u00e0n cho ng\u01b0\u1eddi l\u1edbn v\u00e0 tr\u1ebb em. \u0110\u00e2y s\u1ebd l\u00e0 m\u1ed9t m\u00f3n qu\u00e0 tinh t\u1ebf v\u00e0 ho\u00e0n h\u1ea3o cho c\u1eafm tr\u1ea1i, \u0111i b\u1ed9 \u0111\u01b0\u1eddng d\u00e0i, \u0111\u1ea1p xe, du l\u1ecbch v\u00e0 nhi\u1ec1u ho\u1ea1t \u0111\u1ed9ng kh\u00e1c. T\u00ednh n\u0103ng: 1.; V\u1edbi thi\u1ebft k\u1ebf hai l\u1edbp v\u00e0 ch\u00e2n kh\u00f4ng, b\u00ecnh c\u00e1ch nhi\u1ec7t ch\u00e2n kh\u00f4ng 500ml n\u00e0y c\u00f3 th\u1ec3 gi\u1eef \u0111\u1ed3 u\u1ed1ng n\u00f3ng c\u1ee7a b\u1ea1n n\u00f3ng trong 12 gi\u1edd v\u00e0 \u0111\u1ed3 u\u1ed1ng l\u1ea1nh l\u1ea1nh trong 24 gi\u1edd, gi\u1eef nguy\u00ean h\u01b0\u01a1ng v\u1ecb ban \u0111\u1ea7u c\u1ee7a \u0111\u1ed3 u\u1ed1ng.<br \/>\n2. B\u00ecnh gi\u1eef nhi\u1ec7t ch\u00e2n kh\u00f4ng \u0111\u01b0\u1ee3c l\u00e0m b\u1eb1ng th\u00e9p kh\u00f4ng g\u1ec9 304 b\u1ec1n v\u00e0 ch\u1eafc ch\u1eafn, ch\u1ed1ng r\u00f2 r\u1ec9, ch\u1ed1ng v\u1ee1, ch\u1ed1ng g\u1ec9 \u0111\u1ec3 s\u1eed d\u1ee5ng l\u00e2u d\u00e0i.<br \/>\n3.; Thi\u1ebft k\u1ebf m\u1ecfng v\u00e0 nh\u1eb9, v\u1eeba v\u1eb7n tho\u1ea3i m\u00e1i trong tay b\u1ea1n ho\u1eb7c b\u00ean trong gi\u00e1 \u0111\u1ec3 c\u1ed1c tr\u00ean \u00f4 t\u00f4 \u0111\u1ec3 s\u1eed d\u1ee5ng khi \u0111i du l\u1ecbch. Mi\u1ec7ng m\u1edf gi\u00fap r\u00f3t tr\u01a1n tru, cho ph\u00e9p b\u1ea1n th\u01b0\u1edfng th\u1ee9c \u0111\u1ed3 u\u1ed1ng y\u00eau th\u00edch m\u1ed9t c\u00e1ch d\u1ec5 d\u00e0ng. Mi\u1ec7ng m\u1edf gi\u00fap d\u1ec5 d\u00e0ng v\u1ec7 sinh v\u00e0 \u0111\u1ed5 \u0111\u1ea7y.<\/p>","protected":false},"excerpt":{"rendered":"<p>B\u00ecnh \u0111\u1ef1ng n\u01b0\u1edbc c\u00e1ch nhi\u1ec7t ch\u00e2n kh\u00f4ng 500ml \u0111\u01b0\u1ee3c l\u00e0m b\u1eb1ng th\u00e9p kh\u00f4ng g\u1ec9 18\/8 cao c\u1ea5p, hai l\u1edbp, c\u00e1ch nhi\u1ec7t ch\u00e2n kh\u00f4ng \u0111\u1ec3 ng\u0103n ng\u1eeba hi\u1ec7n t\u01b0\u1ee3ng ng\u01b0ng t\u1ee5.<br \/>\nC\u00f3 th\u1ec3 gi\u1eef n\u01b0\u1edbc n\u00f3ng ho\u1eb7c l\u1ea1nh l\u00ean \u0111\u1ebfn 12~24 gi\u1edd.<br \/>\nB\u00ecnh gi\u1eef nhi\u1ec7t ch\u00e2n kh\u00f4ng 500ml n\u00e0y th\u00e2n thi\u1ec7n v\u1edbi m\u00f4i tr\u01b0\u1eddng v\u00e0 ho\u00e0n to\u00e0n an to\u00e0n cho c\u1ea3 ng\u01b0\u1eddi l\u1edbn v\u00e0 tr\u1ebb em.<br \/>\n\u0110\u00e2y s\u1ebd l\u00e0 m\u1ed9t m\u00f3n qu\u00e0 tuy\u1ec7t v\u1eddi v\u00e0 ho\u00e0n h\u1ea3o cho vi\u1ec7c c\u1eafm tr\u1ea1i, \u0111i b\u1ed9 \u0111\u01b0\u1eddng d\u00e0i, \u0111\u1ea1p xe, du l\u1ecbch v\u00e0 nhi\u1ec1u ho\u1ea1t \u0111\u1ed9ng kh\u00e1c.<\/p>","protected":false},"featured_media":10933,"comment_status":"open","ping_status":"closed","template":"","meta":{"_acf_changed":false},"product_brand":[],"product_cat":[18],"product_tag":[916,721,32,36,33,31,39,38,29,37,114,762,34,35,694,805,28,839,30],"class_list":{"0":"post-10932","1":"product","2":"type-product","3":"status-publish","4":"has-post-thumbnail","6":"product_cat-insulated-water-bottle","7":"product_tag-500ml-vacuum-insulated-bottle","8":"product_tag-500ml-water-bottle-with-straw","9":"product_tag-best","10":"product_tag-bulk","11":"product_tag-buy","12":"product_tag-custom","13":"product_tag-for-sale","14":"product_tag-good-quality","15":"product_tag-manufacturers","16":"product_tag-manufacturing","17":"product_tag-modern-water-bottle","18":"product_tag-nice-water-bottle","19":"product_tag-price","20":"product_tag-small","21":"product_tag-steel-insulated-water-bottle-outdoor-water-bottle","22":"product_tag-steel-sports-water-bottles-with-bpa-free-lid","23":"product_tag-suppliers","24":"product_tag-water-bottles-bamboo","25":"product_tag-wholesale","27":"first","28":"instock","29":"shipping-taxable","30":"product-type-simple"},"acf":[],"yoast_head":"<!-- This site is optimized with the Yoast SEO Premium plugin v27.5 (Yoast SEO v27.5) - https:\/\/yoast.com\/product\/yoast-seo-premium-wordpress\/ -->\n<title>500ml Vacuum Insulated Bottle - Diller Water Bottle Manufacturer<\/title>\n<meta name=\"description\" content=\"As one of the best 500ml vacuum insulated bottle manufacturers and suppliers, we are engaged in manufacturing good quality water bottles. We warmly welcome you to wholesale or buy custom made 500ml vacuum insulated bottle at competitive price from us. Also, small quantity orders are acceptable.\" \/>\n<meta name=\"robots\" content=\"index, follow, max-snippet:-1, max-image-preview:large, max-video-preview:-1\" \/>\n<link rel=\"canonical\" href=\"https:\/\/www.dillerbottle.com\/vn\/cac-san-pham\/chai-cach-nhiet-chan-khong-500ml\" \/>\n<meta property=\"og:locale\" content=\"vi_VN\" \/>\n<meta property=\"og:type\" content=\"article\" \/>\n<meta property=\"og:title\" content=\"500ml Vacuum Insulated Bottle\" \/>\n<meta property=\"og:description\" content=\"As one of the best 500ml vacuum insulated bottle manufacturers and suppliers, we are engaged in manufacturing good quality water bottles. We warmly welcome you to wholesale or buy custom made 500ml vacuum insulated bottle at competitive price from us. Also, small quantity orders are acceptable.\" \/>\n<meta property=\"og:url\" content=\"https:\/\/www.dillerbottle.com\/vn\/cac-san-pham\/chai-cach-nhiet-chan-khong-500ml\" \/>\n<meta property=\"og:site_name\" content=\"Diller Water Bottle Manufacturer\" \/>\n<meta property=\"article:modified_time\" content=\"2025-07-09T07:02:29+00:00\" \/>\n<meta property=\"og:image\" content=\"https:\/\/www.dillerbottle.com\/wp-content\/uploads\/2024\/09\/500ml-vacuum-insulated-bottle00137769044.jpg\" \/>\n\t<meta property=\"og:image:width\" content=\"730\" \/>\n\t<meta property=\"og:image:height\" content=\"730\" \/>\n\t<meta property=\"og:image:type\" content=\"image\/jpeg\" \/>\n<meta name=\"twitter:card\" content=\"summary_large_image\" \/>\n<meta name=\"twitter:label1\" content=\"\u01af\u1edbc t\u00ednh th\u1eddi gian \u0111\u1ecdc\" \/>\n\t<meta name=\"twitter:data1\" content=\"3 ph\u00fat\" \/>\n<script type=\"application\/ld+json\" class=\"yoast-schema-graph\">{\"@context\":\"https:\\\/\\\/schema.org\",\"@graph\":[{\"@type\":\"WebPage\",\"@id\":\"https:\\\/\\\/www.dillerbottle.com\\\/nl\\\/producten\\\/500ml-vacuum-geisoleerde-fles\",\"url\":\"https:\\\/\\\/www.dillerbottle.com\\\/nl\\\/producten\\\/500ml-vacuum-geisoleerde-fles\",\"name\":\"500ml Vacuum Insulated Bottle - Diller Water Bottle Manufacturer\",\"isPartOf\":{\"@id\":\"https:\\\/\\\/www.dillerbottle.com\\\/#website\"},\"primaryImageOfPage\":{\"@id\":\"https:\\\/\\\/www.dillerbottle.com\\\/nl\\\/producten\\\/500ml-vacuum-geisoleerde-fles#primaryimage\"},\"image\":{\"@id\":\"https:\\\/\\\/www.dillerbottle.com\\\/nl\\\/producten\\\/500ml-vacuum-geisoleerde-fles#primaryimage\"},\"thumbnailUrl\":\"https:\\\/\\\/www.dillerbottle.com\\\/wp-content\\\/uploads\\\/2024\\\/09\\\/500ml-vacuum-insulated-bottle00137769044.jpg\",\"datePublished\":\"2024-09-29T06:51:11+00:00\",\"dateModified\":\"2025-07-09T07:02:29+00:00\",\"description\":\"As one of the best 500ml vacuum insulated bottle manufacturers and suppliers, we are engaged in manufacturing good quality water bottles. We warmly welcome you to wholesale or buy custom made 500ml vacuum insulated bottle at competitive price from us. Also, small quantity orders are acceptable.\",\"breadcrumb\":{\"@id\":\"https:\\\/\\\/www.dillerbottle.com\\\/nl\\\/producten\\\/500ml-vacuum-geisoleerde-fles#breadcrumb\"},\"inLanguage\":\"vi\",\"potentialAction\":[{\"@type\":\"ReadAction\",\"target\":[\"https:\\\/\\\/www.dillerbottle.com\\\/nl\\\/producten\\\/500ml-vacuum-geisoleerde-fles\"]}]},{\"@type\":\"ImageObject\",\"inLanguage\":\"vi\",\"@id\":\"https:\\\/\\\/www.dillerbottle.com\\\/nl\\\/producten\\\/500ml-vacuum-geisoleerde-fles#primaryimage\",\"url\":\"https:\\\/\\\/www.dillerbottle.com\\\/wp-content\\\/uploads\\\/2024\\\/09\\\/500ml-vacuum-insulated-bottle00137769044.jpg\",\"contentUrl\":\"https:\\\/\\\/www.dillerbottle.com\\\/wp-content\\\/uploads\\\/2024\\\/09\\\/500ml-vacuum-insulated-bottle00137769044.jpg\",\"width\":730,\"height\":730},{\"@type\":\"BreadcrumbList\",\"@id\":\"https:\\\/\\\/www.dillerbottle.com\\\/nl\\\/producten\\\/500ml-vacuum-geisoleerde-fles#breadcrumb\",\"itemListElement\":[{\"@type\":\"ListItem\",\"position\":1,\"name\":\"Home\",\"item\":\"https:\\\/\\\/www.dillerbottle.com\\\/\"},{\"@type\":\"ListItem\",\"position\":2,\"name\":\"Products\",\"item\":\"https:\\\/\\\/www.dillerbottle.com\\\/shop\"},{\"@type\":\"ListItem\",\"position\":3,\"name\":\"500ml Vacuum Insulated Bottle\"}]},{\"@type\":\"WebSite\",\"@id\":\"https:\\\/\\\/www.dillerbottle.com\\\/#website\",\"url\":\"https:\\\/\\\/www.dillerbottle.com\\\/\",\"name\":\"Diller Water Bottle Manufacturer\",\"description\":\"Water Bottle Manufacturer\",\"publisher\":{\"@id\":\"https:\\\/\\\/www.dillerbottle.com\\\/#organization\"},\"potentialAction\":[{\"@type\":\"SearchAction\",\"target\":{\"@type\":\"EntryPoint\",\"urlTemplate\":\"https:\\\/\\\/www.dillerbottle.com\\\/?s={search_term_string}\"},\"query-input\":{\"@type\":\"PropertyValueSpecification\",\"valueRequired\":true,\"valueName\":\"search_term_string\"}}],\"inLanguage\":\"vi\"},{\"@type\":\"Organization\",\"@id\":\"https:\\\/\\\/www.dillerbottle.com\\\/#organization\",\"name\":\"Diller Water Bottle Manufacturer\",\"url\":\"https:\\\/\\\/www.dillerbottle.com\\\/\",\"logo\":{\"@type\":\"ImageObject\",\"inLanguage\":\"vi\",\"@id\":\"https:\\\/\\\/www.dillerbottle.com\\\/#\\\/schema\\\/logo\\\/image\\\/\",\"url\":\"https:\\\/\\\/www.dillerbottle.com\\\/wp-content\\\/uploads\\\/2024\\\/09\\\/49918bfa848dcc1e9f8b509933603ac.png\",\"contentUrl\":\"https:\\\/\\\/www.dillerbottle.com\\\/wp-content\\\/uploads\\\/2024\\\/09\\\/49918bfa848dcc1e9f8b509933603ac.png\",\"width\":988,\"height\":198,\"caption\":\"Diller Water Bottle Manufacturer\"},\"image\":{\"@id\":\"https:\\\/\\\/www.dillerbottle.com\\\/#\\\/schema\\\/logo\\\/image\\\/\"}}]}<\/script>\n<!-- \/ Yoast SEO Premium plugin. -->","yoast_head_json":{"title":"B\u00ecnh c\u00e1ch nhi\u1ec7t ch\u00e2n kh\u00f4ng 500ml - Nh\u00e0 s\u1ea3n xu\u1ea5t b\u00ecnh n\u01b0\u1edbc Diller","description":"L\u00e0 m\u1ed9t trong nh\u1eefng nh\u00e0 s\u1ea3n xu\u1ea5t v\u00e0 cung c\u1ea5p b\u00ecnh c\u00e1ch nhi\u1ec7t ch\u00e2n kh\u00f4ng 500ml t\u1ed1t nh\u1ea5t, ch\u00fang t\u00f4i tham gia s\u1ea3n xu\u1ea5t b\u00ecnh n\u01b0\u1edbc ch\u1ea5t l\u01b0\u1ee3ng t\u1ed1t. Ch\u00fang t\u00f4i n\u1ed3ng nhi\u1ec7t ch\u00e0o \u0111\u00f3n b\u1ea1n \u0111\u1ebfn b\u00e1n bu\u00f4n ho\u1eb7c mua b\u00ecnh c\u00e1ch nhi\u1ec7t ch\u00e2n kh\u00f4ng 500ml t\u00f9y ch\u1ec9nh v\u1edbi gi\u00e1 c\u1ea1nh tranh t\u1eeb ch\u00fang t\u00f4i. Ngo\u00e0i ra, ch\u00fang t\u00f4i c\u0169ng ch\u1ea5p nh\u1eadn \u0111\u01a1n \u0111\u1eb7t h\u00e0ng s\u1ed1 l\u01b0\u1ee3ng nh\u1ecf.","robots":{"index":"index","follow":"follow","max-snippet":"max-snippet:-1","max-image-preview":"max-image-preview:large","max-video-preview":"max-video-preview:-1"},"canonical":"https:\/\/www.dillerbottle.com\/vn\/cac-san-pham\/chai-cach-nhiet-chan-khong-500ml","og_locale":"vi_VN","og_type":"article","og_title":"500ml Vacuum Insulated Bottle","og_description":"As one of the best 500ml vacuum insulated bottle manufacturers and suppliers, we are engaged in manufacturing good quality water bottles. We warmly welcome you to wholesale or buy custom made 500ml vacuum insulated bottle at competitive price from us. Also, small quantity orders are acceptable.","og_url":"https:\/\/www.dillerbottle.com\/vn\/cac-san-pham\/chai-cach-nhiet-chan-khong-500ml","og_site_name":"Diller Water Bottle Manufacturer","article_modified_time":"2025-07-09T07:02:29+00:00","og_image":[{"width":730,"height":730,"url":"https:\/\/www.dillerbottle.com\/wp-content\/uploads\/2024\/09\/500ml-vacuum-insulated-bottle00137769044.jpg","type":"image\/jpeg"}],"twitter_card":"summary_large_image","twitter_misc":{"\u01af\u1edbc t\u00ednh th\u1eddi gian \u0111\u1ecdc":"3 ph\u00fat"},"schema":{"@context":"https:\/\/schema.org","@graph":[{"@type":"WebPage","@id":"https:\/\/www.dillerbottle.com\/nl\/producten\/500ml-vacuum-geisoleerde-fles","url":"https:\/\/www.dillerbottle.com\/nl\/producten\/500ml-vacuum-geisoleerde-fles","name":"B\u00ecnh c\u00e1ch nhi\u1ec7t ch\u00e2n kh\u00f4ng 500ml - Nh\u00e0 s\u1ea3n xu\u1ea5t b\u00ecnh n\u01b0\u1edbc Diller","isPartOf":{"@id":"https:\/\/www.dillerbottle.com\/#website"},"primaryImageOfPage":{"@id":"https:\/\/www.dillerbottle.com\/nl\/producten\/500ml-vacuum-geisoleerde-fles#primaryimage"},"image":{"@id":"https:\/\/www.dillerbottle.com\/nl\/producten\/500ml-vacuum-geisoleerde-fles#primaryimage"},"thumbnailUrl":"https:\/\/www.dillerbottle.com\/wp-content\/uploads\/2024\/09\/500ml-vacuum-insulated-bottle00137769044.jpg","datePublished":"2024-09-29T06:51:11+00:00","dateModified":"2025-07-09T07:02:29+00:00","description":"L\u00e0 m\u1ed9t trong nh\u1eefng nh\u00e0 s\u1ea3n xu\u1ea5t v\u00e0 cung c\u1ea5p b\u00ecnh c\u00e1ch nhi\u1ec7t ch\u00e2n kh\u00f4ng 500ml t\u1ed1t nh\u1ea5t, ch\u00fang t\u00f4i tham gia s\u1ea3n xu\u1ea5t b\u00ecnh n\u01b0\u1edbc ch\u1ea5t l\u01b0\u1ee3ng t\u1ed1t. Ch\u00fang t\u00f4i n\u1ed3ng nhi\u1ec7t ch\u00e0o \u0111\u00f3n b\u1ea1n \u0111\u1ebfn b\u00e1n bu\u00f4n ho\u1eb7c mua b\u00ecnh c\u00e1ch nhi\u1ec7t ch\u00e2n kh\u00f4ng 500ml t\u00f9y ch\u1ec9nh v\u1edbi gi\u00e1 c\u1ea1nh tranh t\u1eeb ch\u00fang t\u00f4i. Ngo\u00e0i ra, ch\u00fang t\u00f4i c\u0169ng ch\u1ea5p nh\u1eadn \u0111\u01a1n \u0111\u1eb7t h\u00e0ng s\u1ed1 l\u01b0\u1ee3ng nh\u1ecf.","breadcrumb":{"@id":"https:\/\/www.dillerbottle.com\/nl\/producten\/500ml-vacuum-geisoleerde-fles#breadcrumb"},"inLanguage":"vi","potentialAction":[{"@type":"ReadAction","target":["https:\/\/www.dillerbottle.com\/nl\/producten\/500ml-vacuum-geisoleerde-fles"]}]},{"@type":"ImageObject","inLanguage":"vi","@id":"https:\/\/www.dillerbottle.com\/nl\/producten\/500ml-vacuum-geisoleerde-fles#primaryimage","url":"https:\/\/www.dillerbottle.com\/wp-content\/uploads\/2024\/09\/500ml-vacuum-insulated-bottle00137769044.jpg","contentUrl":"https:\/\/www.dillerbottle.com\/wp-content\/uploads\/2024\/09\/500ml-vacuum-insulated-bottle00137769044.jpg","width":730,"height":730},{"@type":"BreadcrumbList","@id":"https:\/\/www.dillerbottle.com\/nl\/producten\/500ml-vacuum-geisoleerde-fles#breadcrumb","itemListElement":[{"@type":"ListItem","position":1,"name":"Home","item":"https:\/\/www.dillerbottle.com\/"},{"@type":"ListItem","position":2,"name":"Products","item":"https:\/\/www.dillerbottle.com\/shop"},{"@type":"ListItem","position":3,"name":"500ml Vacuum Insulated Bottle"}]},{"@type":"WebSite","@id":"https:\/\/www.dillerbottle.com\/#website","url":"https:\/\/www.dillerbottle.com\/","name":"Nh\u00e0 s\u1ea3n xu\u1ea5t b\u00ecnh n\u01b0\u1edbc Diller","description":"Nh\u00e0 s\u1ea3n xu\u1ea5t b\u00ecnh n\u01b0\u1edbc","publisher":{"@id":"https:\/\/www.dillerbottle.com\/#organization"},"potentialAction":[{"@type":"SearchAction","target":{"@type":"EntryPoint","urlTemplate":"https:\/\/www.dillerbottle.com\/?s={search_term_string}"},"query-input":{"@type":"PropertyValueSpecification","valueRequired":true,"valueName":"search_term_string"}}],"inLanguage":"vi"},{"@type":"Organization","@id":"https:\/\/www.dillerbottle.com\/#organization","name":"Nh\u00e0 s\u1ea3n xu\u1ea5t b\u00ecnh n\u01b0\u1edbc Diller","url":"https:\/\/www.dillerbottle.com\/","logo":{"@type":"ImageObject","inLanguage":"vi","@id":"https:\/\/www.dillerbottle.com\/#\/schema\/logo\/image\/","url":"https:\/\/www.dillerbottle.com\/wp-content\/uploads\/2024\/09\/49918bfa848dcc1e9f8b509933603ac.png","contentUrl":"https:\/\/www.dillerbottle.com\/wp-content\/uploads\/2024\/09\/49918bfa848dcc1e9f8b509933603ac.png","width":988,"height":198,"caption":"Diller Water Bottle Manufacturer"},"image":{"@id":"https:\/\/www.dillerbottle.com\/#\/schema\/logo\/image\/"}}]}},"_links":{"self":[{"href":"https:\/\/www.dillerbottle.com\/vn\/wp-json\/wp\/v2\/product\/10932","targetHints":{"allow":["GET"]}}],"collection":[{"href":"https:\/\/www.dillerbottle.com\/vn\/wp-json\/wp\/v2\/product"}],"about":[{"href":"https:\/\/www.dillerbottle.com\/vn\/wp-json\/wp\/v2\/types\/product"}],"replies":[{"embeddable":true,"href":"https:\/\/www.dillerbottle.com\/vn\/wp-json\/wp\/v2\/comments?post=10932"}],"wp:featuredmedia":[{"embeddable":true,"href":"https:\/\/www.dillerbottle.com\/vn\/wp-json\/wp\/v2\/media\/10933"}],"wp:attachment":[{"href":"https:\/\/www.dillerbottle.com\/vn\/wp-json\/wp\/v2\/media?parent=10932"}],"wp:term":[{"taxonomy":"product_brand","embeddable":true,"href":"https:\/\/www.dillerbottle.com\/vn\/wp-json\/wp\/v2\/product_brand?post=10932"},{"taxonomy":"product_cat","embeddable":true,"href":"https:\/\/www.dillerbottle.com\/vn\/wp-json\/wp\/v2\/product_cat?post=10932"},{"taxonomy":"product_tag","embeddable":true,"href":"https:\/\/www.dillerbottle.com\/vn\/wp-json\/wp\/v2\/product_tag?post=10932"}],"curies":[{"name":"wp","href":"https:\/\/api.w.org\/{rel}","templated":true}]}}