{"id":10945,"date":"2024-09-29T14:51:20","date_gmt":"2024-09-29T06:51:20","guid":{"rendered":"https:\/\/demo.dillerbottle.com\/products\/thermos-for-hot-drinks"},"modified":"2025-07-09T14:58:54","modified_gmt":"2025-07-09T06:58:54","slug":"binh-dung-nuoc-nong","status":"publish","type":"product","link":"https:\/\/www.dillerbottle.com\/vn\/products\/thermos-for-hot-drinks","title":{"rendered":"B\u00ecnh gi\u1eef nhi\u1ec7t \u0111\u1ef1ng \u0111\u1ed3 u\u1ed1ng n\u00f3ng"},"content":{"rendered":"<p>\u0110\u1eb7c tr\u01b0ng:<br \/>\n1.;C\u00e1ch nhi\u1ec7t ch\u00e2n kh\u00f4ng. 100% Ch\u1ea5t li\u1ec7u th\u1ef1c ph\u1ea9m kh\u00f4ng \u0111\u1ed9c h\u1ea1i, th\u00e2n thi\u1ec7n v\u1edbi m\u00f4i tr\u01b0\u1eddng, c\u00f3 th\u1ec3 t\u00e1i s\u1eed d\u1ee5ng, ch\u1ed1ng r\u00f2 r\u1ec9. B\u00ecnh gi\u1eef nhi\u1ec7t \u0111\u1ef1ng \u0111\u1ed3 u\u1ed1ng n\u00f3ng n\u00e0y \u0111\u01b0\u1ee3c l\u00e0m b\u1eb1ng th\u00e9p kh\u00f4ng g\u1ec9 316 b\u1ec1n, an to\u00e0n khi u\u1ed1ng. Thi\u1ebft k\u1ebf c\u00e1ch nhi\u1ec7t ch\u00e2n kh\u00f4ng c\u00f3 th\u1ec3 gi\u1eef \u0111\u1ed3 u\u1ed1ng l\u1ea1nh v\u00e0 n\u00f3ng l\u00ean \u0111\u1ebfn 24 gi\u1edd.<\/p>\n<p>2.; H\u1ecda ti\u1ebft 3D thanh l\u1ecbch, r\u1ea5t th\u1eddi trang v\u00e0 \u0111\u1eb9p, \u0111\u1ed9c \u0111\u00e1o.<\/p>\n<p>4. Dung t\u00edch nh\u1ecf 300ml v\u1edbi mi\u1ec7ng b\u00ecnh r\u1ed9ng, d\u1ec5 d\u00e0ng \u0111\u1ed5 \u0111\u1ea7y ho\u1eb7c th\u00eam \u0111\u00e1 v\u00e0o n\u01b0\u1edbc m\u00e0 kh\u00f4ng g\u00e2y t\u1eafc ngh\u1ebdn khi u\u1ed1ng, d\u1ec5 mang theo, th\u00edch h\u1ee3p nh\u1ea5t khi l\u00e1i xe, \u0111i du l\u1ecbch, s\u1eed d\u1ee5ng t\u1ea1i v\u0103n ph\u00f2ng v\u00e0 gia \u0111\u00ecnh.<\/p>","protected":false},"excerpt":{"rendered":"<p>T\u00ednh n\u0103ng: 1.<br \/>\nC\u00e1ch nhi\u1ec7t ch\u00e2n kh\u00f4ng.<br \/>\n100% Ch\u1ea5t li\u1ec7u kh\u00f4ng \u0111\u1ed9c h\u1ea1i, an to\u00e0n cho th\u1ef1c ph\u1ea9m, th\u00e2n thi\u1ec7n v\u1edbi m\u00f4i tr\u01b0\u1eddng, c\u00f3 th\u1ec3 t\u00e1i s\u1eed d\u1ee5ng, ch\u1ed1ng r\u00f2 r\u1ec9.<br \/>\nB\u00ecnh \u0111\u1ef1ng n\u01b0\u1edbc n\u00f3ng n\u00e0y \u0111\u01b0\u1ee3c l\u00e0m b\u1eb1ng th\u00e9p kh\u00f4ng g\u1ec9 316 b\u1ec1n ch\u1eafc, an to\u00e0n khi u\u1ed1ng.<br \/>\nThi\u1ebft k\u1ebf c\u00e1ch nhi\u1ec7t ch\u00e2n kh\u00f4ng c\u00f3 th\u1ec3 gi\u1eef \u0111\u1ed3 u\u1ed1ng l\u1ea1nh v\u00e0 n\u00f3ng l\u00ean \u0111\u1ebfn 24 gi\u1edd.<br \/>\n2.<br \/>\nH\u1ecda ti\u1ebft 3D thanh l\u1ecbch, r\u1ea5t th\u1eddi trang v\u00e0 \u0111\u1eb9p, \u0111\u1ed9c \u0111\u00e1o\u2026<\/p>","protected":false},"featured_media":10946,"comment_status":"open","ping_status":"closed","template":"","meta":{"_acf_changed":false},"product_brand":[],"product_cat":[18],"product_tag":[32,36,33,31,531,39,38,29,37,744,34,35,28,735,917,519,760,739,30],"class_list":{"0":"post-10945","1":"product","2":"type-product","3":"status-publish","4":"has-post-thumbnail","6":"product_cat-insulated-water-bottle","7":"product_tag-best","8":"product_tag-bulk","9":"product_tag-buy","10":"product_tag-custom","11":"product_tag-double-walled-water-bottle-travel-water-flask","12":"product_tag-for-sale","13":"product_tag-good-quality","14":"product_tag-manufacturers","15":"product_tag-manufacturing","16":"product_tag-oem-water-bottle","17":"product_tag-price","18":"product_tag-small","19":"product_tag-suppliers","20":"product_tag-temperature-display-smart-thermos-water-bottle","21":"product_tag-thermos-for-hot-drinks","22":"product_tag-water-bottle-with-storage-compartment","23":"product_tag-water-bottle-with-straw-wholesale","24":"product_tag-water-bottle-wood-lid","25":"product_tag-wholesale","27":"first","28":"instock","29":"shipping-taxable","30":"product-type-simple"},"acf":[],"yoast_head":"<!-- This site is optimized with the Yoast SEO Premium plugin v27.5 (Yoast SEO v27.5) - https:\/\/yoast.com\/product\/yoast-seo-premium-wordpress\/ -->\n<title>Thermos For Hot Drinks - Diller Water Bottle Manufacturer<\/title>\n<meta name=\"description\" content=\"As one of the best thermos for hot drinks manufacturers and suppliers, we are engaged in manufacturing good quality water bottles. We warmly welcome you to wholesale or buy custom made thermos for hot drinks at competitive price from us. Also, small quantity orders are acceptable.\" \/>\n<meta name=\"robots\" content=\"index, follow, max-snippet:-1, max-image-preview:large, max-video-preview:-1\" \/>\n<link rel=\"canonical\" href=\"https:\/\/www.dillerbottle.com\/vn\/cac-san-pham\/binh-dung-nuoc-nong\" \/>\n<meta property=\"og:locale\" content=\"vi_VN\" \/>\n<meta property=\"og:type\" content=\"article\" \/>\n<meta property=\"og:title\" content=\"Thermos For Hot Drinks\" \/>\n<meta property=\"og:description\" content=\"As one of the best thermos for hot drinks manufacturers and suppliers, we are engaged in manufacturing good quality water bottles. We warmly welcome you to wholesale or buy custom made thermos for hot drinks at competitive price from us. Also, small quantity orders are acceptable.\" \/>\n<meta property=\"og:url\" content=\"https:\/\/www.dillerbottle.com\/vn\/cac-san-pham\/binh-dung-nuoc-nong\" \/>\n<meta property=\"og:site_name\" content=\"Diller Water Bottle Manufacturer\" \/>\n<meta property=\"article:modified_time\" content=\"2025-07-09T06:58:54+00:00\" \/>\n<meta property=\"og:image\" content=\"https:\/\/www.dillerbottle.com\/wp-content\/uploads\/2024\/09\/thermos-for-hot-drinks42043695845.jpg\" \/>\n\t<meta property=\"og:image:width\" content=\"730\" \/>\n\t<meta property=\"og:image:height\" content=\"730\" \/>\n\t<meta property=\"og:image:type\" content=\"image\/jpeg\" \/>\n<meta name=\"twitter:card\" content=\"summary_large_image\" \/>\n<meta name=\"twitter:label1\" content=\"\u01af\u1edbc t\u00ednh th\u1eddi gian \u0111\u1ecdc\" \/>\n\t<meta name=\"twitter:data1\" content=\"2 ph\u00fat\" \/>\n<script type=\"application\/ld+json\" class=\"yoast-schema-graph\">{\"@context\":\"https:\\\/\\\/schema.org\",\"@graph\":[{\"@type\":\"WebPage\",\"@id\":\"https:\\\/\\\/www.dillerbottle.com\\\/products\\\/thermos-for-hot-drinks\",\"url\":\"https:\\\/\\\/www.dillerbottle.com\\\/products\\\/thermos-for-hot-drinks\",\"name\":\"Thermos For Hot Drinks - Diller Water Bottle Manufacturer\",\"isPartOf\":{\"@id\":\"https:\\\/\\\/www.dillerbottle.com\\\/#website\"},\"primaryImageOfPage\":{\"@id\":\"https:\\\/\\\/www.dillerbottle.com\\\/products\\\/thermos-for-hot-drinks#primaryimage\"},\"image\":{\"@id\":\"https:\\\/\\\/www.dillerbottle.com\\\/products\\\/thermos-for-hot-drinks#primaryimage\"},\"thumbnailUrl\":\"https:\\\/\\\/www.dillerbottle.com\\\/wp-content\\\/uploads\\\/2024\\\/09\\\/thermos-for-hot-drinks42043695845.jpg\",\"datePublished\":\"2024-09-29T06:51:20+00:00\",\"dateModified\":\"2025-07-09T06:58:54+00:00\",\"description\":\"As one of the best thermos for hot drinks manufacturers and suppliers, we are engaged in manufacturing good quality water bottles. We warmly welcome you to wholesale or buy custom made thermos for hot drinks at competitive price from us. Also, small quantity orders are acceptable.\",\"breadcrumb\":{\"@id\":\"https:\\\/\\\/www.dillerbottle.com\\\/products\\\/thermos-for-hot-drinks#breadcrumb\"},\"inLanguage\":\"vi\",\"potentialAction\":[{\"@type\":\"ReadAction\",\"target\":[\"https:\\\/\\\/www.dillerbottle.com\\\/products\\\/thermos-for-hot-drinks\"]}]},{\"@type\":\"ImageObject\",\"inLanguage\":\"vi\",\"@id\":\"https:\\\/\\\/www.dillerbottle.com\\\/products\\\/thermos-for-hot-drinks#primaryimage\",\"url\":\"https:\\\/\\\/www.dillerbottle.com\\\/wp-content\\\/uploads\\\/2024\\\/09\\\/thermos-for-hot-drinks42043695845.jpg\",\"contentUrl\":\"https:\\\/\\\/www.dillerbottle.com\\\/wp-content\\\/uploads\\\/2024\\\/09\\\/thermos-for-hot-drinks42043695845.jpg\",\"width\":730,\"height\":730},{\"@type\":\"BreadcrumbList\",\"@id\":\"https:\\\/\\\/www.dillerbottle.com\\\/products\\\/thermos-for-hot-drinks#breadcrumb\",\"itemListElement\":[{\"@type\":\"ListItem\",\"position\":1,\"name\":\"Home\",\"item\":\"https:\\\/\\\/www.dillerbottle.com\\\/\"},{\"@type\":\"ListItem\",\"position\":2,\"name\":\"Products\",\"item\":\"https:\\\/\\\/www.dillerbottle.com\\\/shop\"},{\"@type\":\"ListItem\",\"position\":3,\"name\":\"Thermos For Hot Drinks\"}]},{\"@type\":\"WebSite\",\"@id\":\"https:\\\/\\\/www.dillerbottle.com\\\/#website\",\"url\":\"https:\\\/\\\/www.dillerbottle.com\\\/\",\"name\":\"Diller Water Bottle Manufacturer\",\"description\":\"Water Bottle Manufacturer\",\"publisher\":{\"@id\":\"https:\\\/\\\/www.dillerbottle.com\\\/#organization\"},\"potentialAction\":[{\"@type\":\"SearchAction\",\"target\":{\"@type\":\"EntryPoint\",\"urlTemplate\":\"https:\\\/\\\/www.dillerbottle.com\\\/?s={search_term_string}\"},\"query-input\":{\"@type\":\"PropertyValueSpecification\",\"valueRequired\":true,\"valueName\":\"search_term_string\"}}],\"inLanguage\":\"vi\"},{\"@type\":\"Organization\",\"@id\":\"https:\\\/\\\/www.dillerbottle.com\\\/#organization\",\"name\":\"Diller Water Bottle Manufacturer\",\"url\":\"https:\\\/\\\/www.dillerbottle.com\\\/\",\"logo\":{\"@type\":\"ImageObject\",\"inLanguage\":\"vi\",\"@id\":\"https:\\\/\\\/www.dillerbottle.com\\\/#\\\/schema\\\/logo\\\/image\\\/\",\"url\":\"https:\\\/\\\/www.dillerbottle.com\\\/wp-content\\\/uploads\\\/2024\\\/09\\\/49918bfa848dcc1e9f8b509933603ac.png\",\"contentUrl\":\"https:\\\/\\\/www.dillerbottle.com\\\/wp-content\\\/uploads\\\/2024\\\/09\\\/49918bfa848dcc1e9f8b509933603ac.png\",\"width\":988,\"height\":198,\"caption\":\"Diller Water Bottle Manufacturer\"},\"image\":{\"@id\":\"https:\\\/\\\/www.dillerbottle.com\\\/#\\\/schema\\\/logo\\\/image\\\/\"}}]}<\/script>\n<!-- \/ Yoast SEO Premium plugin. -->","yoast_head_json":{"title":"B\u00ecnh \u0111\u1ef1ng n\u01b0\u1edbc n\u00f3ng Thermos - Nh\u00e0 s\u1ea3n xu\u1ea5t b\u00ecnh n\u01b0\u1edbc Diller","description":"L\u00e0 m\u1ed9t trong nh\u1eefng nh\u00e0 s\u1ea3n xu\u1ea5t v\u00e0 cung c\u1ea5p b\u00ecnh gi\u1eef nhi\u1ec7t t\u1ed1t nh\u1ea5t cho \u0111\u1ed3 u\u1ed1ng n\u00f3ng, ch\u00fang t\u00f4i tham gia s\u1ea3n xu\u1ea5t b\u00ecnh \u0111\u1ef1ng n\u01b0\u1edbc ch\u1ea5t l\u01b0\u1ee3ng t\u1ed1t. Ch\u00fang t\u00f4i n\u1ed3ng nhi\u1ec7t ch\u00e0o \u0111\u00f3n b\u1ea1n \u0111\u1ebfn b\u00e1n bu\u00f4n ho\u1eb7c mua b\u00ecnh gi\u1eef nhi\u1ec7t t\u00f9y ch\u1ec9nh cho \u0111\u1ed3 u\u1ed1ng n\u00f3ng v\u1edbi gi\u00e1 c\u1ea1nh tranh t\u1eeb ch\u00fang t\u00f4i. Ngo\u00e0i ra, ch\u00fang t\u00f4i c\u0169ng ch\u1ea5p nh\u1eadn \u0111\u01a1n \u0111\u1eb7t h\u00e0ng s\u1ed1 l\u01b0\u1ee3ng nh\u1ecf.","robots":{"index":"index","follow":"follow","max-snippet":"max-snippet:-1","max-image-preview":"max-image-preview:large","max-video-preview":"max-video-preview:-1"},"canonical":"https:\/\/www.dillerbottle.com\/vn\/cac-san-pham\/binh-dung-nuoc-nong","og_locale":"vi_VN","og_type":"article","og_title":"Thermos For Hot Drinks","og_description":"As one of the best thermos for hot drinks manufacturers and suppliers, we are engaged in manufacturing good quality water bottles. We warmly welcome you to wholesale or buy custom made thermos for hot drinks at competitive price from us. Also, small quantity orders are acceptable.","og_url":"https:\/\/www.dillerbottle.com\/vn\/cac-san-pham\/binh-dung-nuoc-nong","og_site_name":"Diller Water Bottle Manufacturer","article_modified_time":"2025-07-09T06:58:54+00:00","og_image":[{"width":730,"height":730,"url":"https:\/\/www.dillerbottle.com\/wp-content\/uploads\/2024\/09\/thermos-for-hot-drinks42043695845.jpg","type":"image\/jpeg"}],"twitter_card":"summary_large_image","twitter_misc":{"\u01af\u1edbc t\u00ednh th\u1eddi gian \u0111\u1ecdc":"2 ph\u00fat"},"schema":{"@context":"https:\/\/schema.org","@graph":[{"@type":"WebPage","@id":"https:\/\/www.dillerbottle.com\/products\/thermos-for-hot-drinks","url":"https:\/\/www.dillerbottle.com\/products\/thermos-for-hot-drinks","name":"B\u00ecnh \u0111\u1ef1ng n\u01b0\u1edbc n\u00f3ng Thermos - Nh\u00e0 s\u1ea3n xu\u1ea5t b\u00ecnh n\u01b0\u1edbc Diller","isPartOf":{"@id":"https:\/\/www.dillerbottle.com\/#website"},"primaryImageOfPage":{"@id":"https:\/\/www.dillerbottle.com\/products\/thermos-for-hot-drinks#primaryimage"},"image":{"@id":"https:\/\/www.dillerbottle.com\/products\/thermos-for-hot-drinks#primaryimage"},"thumbnailUrl":"https:\/\/www.dillerbottle.com\/wp-content\/uploads\/2024\/09\/thermos-for-hot-drinks42043695845.jpg","datePublished":"2024-09-29T06:51:20+00:00","dateModified":"2025-07-09T06:58:54+00:00","description":"L\u00e0 m\u1ed9t trong nh\u1eefng nh\u00e0 s\u1ea3n xu\u1ea5t v\u00e0 cung c\u1ea5p b\u00ecnh gi\u1eef nhi\u1ec7t t\u1ed1t nh\u1ea5t cho \u0111\u1ed3 u\u1ed1ng n\u00f3ng, ch\u00fang t\u00f4i tham gia s\u1ea3n xu\u1ea5t b\u00ecnh \u0111\u1ef1ng n\u01b0\u1edbc ch\u1ea5t l\u01b0\u1ee3ng t\u1ed1t. Ch\u00fang t\u00f4i n\u1ed3ng nhi\u1ec7t ch\u00e0o \u0111\u00f3n b\u1ea1n \u0111\u1ebfn b\u00e1n bu\u00f4n ho\u1eb7c mua b\u00ecnh gi\u1eef nhi\u1ec7t t\u00f9y ch\u1ec9nh cho \u0111\u1ed3 u\u1ed1ng n\u00f3ng v\u1edbi gi\u00e1 c\u1ea1nh tranh t\u1eeb ch\u00fang t\u00f4i. Ngo\u00e0i ra, ch\u00fang t\u00f4i c\u0169ng ch\u1ea5p nh\u1eadn \u0111\u01a1n \u0111\u1eb7t h\u00e0ng s\u1ed1 l\u01b0\u1ee3ng nh\u1ecf.","breadcrumb":{"@id":"https:\/\/www.dillerbottle.com\/products\/thermos-for-hot-drinks#breadcrumb"},"inLanguage":"vi","potentialAction":[{"@type":"ReadAction","target":["https:\/\/www.dillerbottle.com\/products\/thermos-for-hot-drinks"]}]},{"@type":"ImageObject","inLanguage":"vi","@id":"https:\/\/www.dillerbottle.com\/products\/thermos-for-hot-drinks#primaryimage","url":"https:\/\/www.dillerbottle.com\/wp-content\/uploads\/2024\/09\/thermos-for-hot-drinks42043695845.jpg","contentUrl":"https:\/\/www.dillerbottle.com\/wp-content\/uploads\/2024\/09\/thermos-for-hot-drinks42043695845.jpg","width":730,"height":730},{"@type":"BreadcrumbList","@id":"https:\/\/www.dillerbottle.com\/products\/thermos-for-hot-drinks#breadcrumb","itemListElement":[{"@type":"ListItem","position":1,"name":"Home","item":"https:\/\/www.dillerbottle.com\/"},{"@type":"ListItem","position":2,"name":"Products","item":"https:\/\/www.dillerbottle.com\/shop"},{"@type":"ListItem","position":3,"name":"Thermos For Hot Drinks"}]},{"@type":"WebSite","@id":"https:\/\/www.dillerbottle.com\/#website","url":"https:\/\/www.dillerbottle.com\/","name":"Nh\u00e0 s\u1ea3n xu\u1ea5t b\u00ecnh n\u01b0\u1edbc Diller","description":"Nh\u00e0 s\u1ea3n xu\u1ea5t b\u00ecnh n\u01b0\u1edbc","publisher":{"@id":"https:\/\/www.dillerbottle.com\/#organization"},"potentialAction":[{"@type":"SearchAction","target":{"@type":"EntryPoint","urlTemplate":"https:\/\/www.dillerbottle.com\/?s={search_term_string}"},"query-input":{"@type":"PropertyValueSpecification","valueRequired":true,"valueName":"search_term_string"}}],"inLanguage":"vi"},{"@type":"Organization","@id":"https:\/\/www.dillerbottle.com\/#organization","name":"Nh\u00e0 s\u1ea3n xu\u1ea5t b\u00ecnh n\u01b0\u1edbc Diller","url":"https:\/\/www.dillerbottle.com\/","logo":{"@type":"ImageObject","inLanguage":"vi","@id":"https:\/\/www.dillerbottle.com\/#\/schema\/logo\/image\/","url":"https:\/\/www.dillerbottle.com\/wp-content\/uploads\/2024\/09\/49918bfa848dcc1e9f8b509933603ac.png","contentUrl":"https:\/\/www.dillerbottle.com\/wp-content\/uploads\/2024\/09\/49918bfa848dcc1e9f8b509933603ac.png","width":988,"height":198,"caption":"Diller Water Bottle Manufacturer"},"image":{"@id":"https:\/\/www.dillerbottle.com\/#\/schema\/logo\/image\/"}}]}},"_links":{"self":[{"href":"https:\/\/www.dillerbottle.com\/vn\/wp-json\/wp\/v2\/product\/10945","targetHints":{"allow":["GET"]}}],"collection":[{"href":"https:\/\/www.dillerbottle.com\/vn\/wp-json\/wp\/v2\/product"}],"about":[{"href":"https:\/\/www.dillerbottle.com\/vn\/wp-json\/wp\/v2\/types\/product"}],"replies":[{"embeddable":true,"href":"https:\/\/www.dillerbottle.com\/vn\/wp-json\/wp\/v2\/comments?post=10945"}],"wp:featuredmedia":[{"embeddable":true,"href":"https:\/\/www.dillerbottle.com\/vn\/wp-json\/wp\/v2\/media\/10946"}],"wp:attachment":[{"href":"https:\/\/www.dillerbottle.com\/vn\/wp-json\/wp\/v2\/media?parent=10945"}],"wp:term":[{"taxonomy":"product_brand","embeddable":true,"href":"https:\/\/www.dillerbottle.com\/vn\/wp-json\/wp\/v2\/product_brand?post=10945"},{"taxonomy":"product_cat","embeddable":true,"href":"https:\/\/www.dillerbottle.com\/vn\/wp-json\/wp\/v2\/product_cat?post=10945"},{"taxonomy":"product_tag","embeddable":true,"href":"https:\/\/www.dillerbottle.com\/vn\/wp-json\/wp\/v2\/product_tag?post=10945"}],"curies":[{"name":"wp","href":"https:\/\/api.w.org\/{rel}","templated":true}]}}